{"id":47624,"date":"2021-06-08T17:13:38","date_gmt":"2021-06-08T21:13:38","guid":{"rendered":"https:\/\/www.greenpeace.org\/canada\/?page_id=47624"},"modified":"2025-10-16T17:19:07","modified_gmt":"2025-10-16T21:19:07","slug":"joignez-vous-a-un-groupe-de-benevoles-de-greenpeace-ou-lancez-le-votre","status":"publish","type":"page","link":"https:\/\/www.greenpeace.org\/canada\/fr\/joignez-vous-a-un-groupe-de-benevoles-de-greenpeace-ou-lancez-le-votre\/","title":{"rendered":"Rejoignez un groupe local de b\u00e9n\u00e9voles &#8211; Greenpeace Canada"},"content":{"rendered":"\n\n<div class=\"wp-block-group alignfull is-layout-flow wp-block-group-is-layout-flow\">\n<div class=\"wp-block-group container is-layout-flow wp-block-group-is-layout-flow\">\n<div class=\"wp-block-media-text alignfull has-media-on-the-right is-stacked-on-mobile is-pattern-p4-page-header is-style-parallax\"><div class=\"wp-block-media-text__content\">\n<div class=\"wp-block-group is-layout-flow wp-block-group-is-layout-flow\">\n<h1 class=\"wp-block-heading has-white-background-color has-background\">\n                            Joignez-vous \u00e0 un groupe de b\u00e9n\u00e9voles de Greenpeace!\n                        <\/h1>\n<\/div>\n<\/div><figure class=\"wp-block-media-text__media\"><img loading=\"lazy\" decoding=\"async\" width=\"800\" height=\"533\" src=\"https:\/\/www.greenpeace.org\/static\/planet4-canada-stateless\/2021\/06\/d4aa5ffd-gp0stqubz_web_size.jpg\" alt=\"\" sizes=\"auto, (min-width: 601px) 50vw, 100vw\" srcset=\"https:\/\/www.greenpeace.org\/static\/planet4-canada-stateless\/2021\/06\/d4aa5ffd-gp0stqubz_web_size.jpg 800w, https:\/\/www.greenpeace.org\/static\/planet4-canada-stateless\/2021\/06\/d4aa5ffd-gp0stqubz_web_size-300x200.jpg 300w, https:\/\/www.greenpeace.org\/static\/planet4-canada-stateless\/2021\/06\/d4aa5ffd-gp0stqubz_web_size-768x512.jpg 768w, https:\/\/www.greenpeace.org\/static\/planet4-canada-stateless\/2021\/06\/d4aa5ffd-gp0stqubz_web_size-510x340.jpg 510w\" class=\"wp-image-48750 size-full\"\/><\/figure><\/div>\n<\/div>\n<\/div>\n\n\n<p>Il existe des centaines de groupes locaux de Greenpeace \u00e0 travers le monde! Ces groupes vous donnent l\u2019opportunit\u00e9 de devenir une <strong>vraie force de changement<\/strong> au sein d\u2019un mouvement mondial. Notre militantisme repose sur des solutions cr\u00e9atives, pacifiques et diversifi\u00e9es. Nous avons besoin de personnes poss\u00e9dant <strong>le talent et le courage<\/strong> requis pour mobiliser le public. Des gens <strong>motiv\u00e9s \u00e0 prendre la parole<\/strong> et \u00e0 travailler en \u00e9quipe pour b\u00e2tir un monde plus juste et \u00e9quitable. Nous comptons sur vous pour demander des comptes aux gouvernements et aux corporations qui ravagent l\u2019environnement!<\/p>\n\n<p>Les groupes locaux sont <strong>enti\u00e8rement g\u00e9r\u00e9s par des b\u00e9n\u00e9voles<\/strong> et sont compos\u00e9s de personnes reconnues pour leur sens de l\u2019organisation et leur action communautaire. Ces groupes fonctionnent de mani\u00e8re <strong>collaborative et semi-autonome<\/strong> afin d\u2019organiser diff\u00e9rentes activit\u00e9s en soutien \u00e0 Greenpeace.<\/p>\n\n<p>Les groupes locaux de Greenpeace forment \u00e9galement des <strong>alliances<\/strong> avec d\u2019autres mouvements locaux aux valeurs similaires.<\/p>\n\n<p>Voil\u00e0 une excellente opportunit\u00e9 de vous impliquer si vous aimez travailler en \u00e9quipe ou si vous avez un talent particulier pour l\u2019organisation communautaire.<\/p>\n\n<p><strong>Il y a 3 groupes locaux au Canada. <\/strong><br><strong>S&rsquo;il vous pla\u00eet, envoyez-nous un courriel pour vous impliquer:<\/strong><\/p>\n\n<p><strong>Montr\u00e9al<\/strong>:\u00a0<a href=\"mailto:montrealgroupelocal@greenpeace.ca\">montrealgroupelocal@greenpeace.ca<\/a><br><strong>Toronto<\/strong>:\u00a0<a href=\"mailto:torontolocalgroup@greenpeace.ca\">torontolocalgroup@greenpeace.ca<\/a><br><strong>Vancouver<\/strong>:\u00a0<a href=\"mailto:vancouverlocalgroup@greenpeace.ca\">vancouverlocalgroup@greenpeace.ca<\/a><br><\/p>\n\n<p><\/p>\n","protected":false},"excerpt":{"rendered":"<p>Rejoins un groupe local de Greenpeace et rencontre des  gens passionn\u00e9s par la mobilisation citoyenne et la lutte contre les injustices sociales et environnementales.<\/p>\n","protected":false},"author":72,"featured_media":47628,"parent":0,"menu_order":0,"comment_status":"closed","ping_status":"closed","template":"","meta":{"ep_exclude_from_search":false,"p4_hide_page_title_checkbox":"on","p4_title":"","p4_subtitle":"","p4_description":"","background_image_id":"","background_image":"","p4_button_title":"","p4_button_link":"","p4_button_link_checkbox":"","p4_og_title":"Joignez-vous \u00e0 un groupe local de Greenpeace!","p4_og_description":"Il y a des groupes locaux de Greenpeace partout au pays. Joignez-vous \u00e0 un groupe existant ou lancez le v\u00f4tre!","p4_og_image":"https:\/\/www.greenpeace.org\/static\/planet4-canada-stateless\/2021\/05\/3fc46e3e-gp1stp87_web_size_with_credit_line.jpg","p4_og_image_id":"47628","p4_seo_canonical_url":"","p4_campaign_name":"not set","p4_local_project":"volunteercorner","p4_basket_name":"not set","p4_department":"","footnotes":""},"categories":[131,132],"tags":[37,50],"class_list":["post-47624","page","type-page","status-publish","has-post-thumbnail","hentry","category-actions-fr","category-benevolat","tag-actionspacifiques","tag-soutenirgreenpeace"],"_links":{"self":[{"href":"https:\/\/www.greenpeace.org\/canada\/fr\/wp-json\/wp\/v2\/pages\/47624","targetHints":{"allow":["GET"]}}],"collection":[{"href":"https:\/\/www.greenpeace.org\/canada\/fr\/wp-json\/wp\/v2\/pages"}],"about":[{"href":"https:\/\/www.greenpeace.org\/canada\/fr\/wp-json\/wp\/v2\/types\/page"}],"author":[{"embeddable":true,"href":"https:\/\/www.greenpeace.org\/canada\/fr\/wp-json\/wp\/v2\/users\/72"}],"replies":[{"embeddable":true,"href":"https:\/\/www.greenpeace.org\/canada\/fr\/wp-json\/wp\/v2\/comments?post=47624"}],"version-history":[{"count":20,"href":"https:\/\/www.greenpeace.org\/canada\/fr\/wp-json\/wp\/v2\/pages\/47624\/revisions"}],"predecessor-version":[{"id":72656,"href":"https:\/\/www.greenpeace.org\/canada\/fr\/wp-json\/wp\/v2\/pages\/47624\/revisions\/72656"}],"wp:featuredmedia":[{"embeddable":true,"href":"https:\/\/www.greenpeace.org\/canada\/fr\/wp-json\/wp\/v2\/media\/47628"}],"wp:attachment":[{"href":"https:\/\/www.greenpeace.org\/canada\/fr\/wp-json\/wp\/v2\/media?parent=47624"}],"wp:term":[{"taxonomy":"category","embeddable":true,"href":"https:\/\/www.greenpeace.org\/canada\/fr\/wp-json\/wp\/v2\/categories?post=47624"},{"taxonomy":"post_tag","embeddable":true,"href":"https:\/\/www.greenpeace.org\/canada\/fr\/wp-json\/wp\/v2\/tags?post=47624"}],"curies":[{"name":"wp","href":"https:\/\/api.w.org\/{rel}","templated":true}]}}