{"id":51086,"date":"2024-03-20T10:56:00","date_gmt":"2024-03-20T14:56:00","guid":{"rendered":"https:\/\/www.greenpeace.org\/canada\/?page_id=51086"},"modified":"2025-07-28T04:57:09","modified_gmt":"2025-07-28T08:57:09","slug":"banques-fossiles","status":"publish","type":"page","link":"https:\/\/www.greenpeace.org\/canada\/fr\/agir\/banques-fossiles\/","title":{"rendered":"Les banques canadiennes doivent cesser de financer les combustibles fossiles"},"content":{"rendered":"\n\n<div class=\"wp-block-group alignfull is-layout-flow wp-block-group-is-layout-flow\">\n<div class=\"wp-block-group container is-layout-flow wp-block-group-is-layout-flow\">\n<div class=\"wp-block-media-text alignfull has-media-on-the-right is-stacked-on-mobile is-pattern-p4-page-header is-style-parallax\"><div class=\"wp-block-media-text__content\">\n<div class=\"wp-block-group is-layout-flow wp-block-group-is-layout-flow\">\n<h1 class=\"wp-block-heading has-white-background-color has-background\">\n                            Les banques canadiennes doivent cesser de financer les combustibles fossiles\n                        <\/h1>\n<\/div>\n\n\n\n<p style=\"font-size:1.12rem\">Les 5 banques &#8211; RBC, CIBC, BMO Financial Group, TD et Scotiabank &#8211; sont dans le top 20 des bailleurs de fonds mondiaux des \u00e9nergies fossiles, \u00e0 l&rsquo;origine du chaos climatique. Et elles bafouent les droits autochtones. Exhortons-les \u00e0 cesser!<\/p>\n<\/div><figure class=\"wp-block-media-text__media\"><img loading=\"lazy\" decoding=\"async\" width=\"2560\" height=\"1707\" src=\"https:\/\/www.greenpeace.org\/static\/planet4-canada-stateless\/2021\/12\/9f4fd1c8-iczt1781-scaled.jpg\" alt=\"\" sizes=\"auto, (min-width: 601px) 50vw, 100vw\" srcset=\"https:\/\/www.greenpeace.org\/static\/planet4-canada-stateless\/2021\/12\/9f4fd1c8-iczt1781-scaled.jpg 2560w, https:\/\/www.greenpeace.org\/static\/planet4-canada-stateless\/2021\/12\/9f4fd1c8-iczt1781-300x200.jpg 300w, https:\/\/www.greenpeace.org\/static\/planet4-canada-stateless\/2021\/12\/9f4fd1c8-iczt1781-1024x683.jpg 1024w, https:\/\/www.greenpeace.org\/static\/planet4-canada-stateless\/2021\/12\/9f4fd1c8-iczt1781-768x512.jpg 768w, https:\/\/www.greenpeace.org\/static\/planet4-canada-stateless\/2021\/12\/9f4fd1c8-iczt1781-1536x1024.jpg 1536w, https:\/\/www.greenpeace.org\/static\/planet4-canada-stateless\/2021\/12\/9f4fd1c8-iczt1781-2048x1366.jpg 2048w, https:\/\/www.greenpeace.org\/static\/planet4-canada-stateless\/2021\/12\/9f4fd1c8-iczt1781-510x340.jpg 510w\" class=\"wp-image-51519 size-full\"\/><\/figure><\/div>\n<\/div>\n<\/div>\n\n<div data-render=\"planet4-blocks\/columns\" data-attributes=\"{&quot;attributes&quot;:{&quot;columns&quot;:[{&quot;title&quot;:&quot;Le probl\\u00e8me&quot;,&quot;description&quot;:&quot;Les banques canadiennes ont dissimul\\u00e9 leurs pratiques destructrices et ax\\u00e9es sur le profit derri\\u00e8re des &lt;a href=\\&quot;https:\\\/\\\/cba.ca\\\/bank-support-for-indigenous-peoples?l=fr\\&quot;&gt;d\\u00e9clarations publiques de soutien aux droits des Autochtones et \\u00e0 l&#039;action climatique&lt;\\\/a&gt;. Cependant, elles sont de plus en plus point\\u00e9es du doigt pour leur r\\u00f4le dans l&#039;alimentation de la crise climatique et leur non-respect de la souverainet\\u00e9 autochtone.&lt;br&gt;&lt;br&gt;Un &lt;a href=\\&quot;https:\\\/\\\/www.greenpeace.org\\\/static\\\/planet4-canada-stateless\\\/2021\\\/08\\\/a0d71ee1-canadian-banks-fossil-fuel-financing-greenpeace-canada-july-2021.pdf\\&quot;&gt;rapport de Greenpeace&lt;\\\/a&gt; montre que les cinq grandes banques canadiennes investissent des centaines de milliards de dollars dans des projets de combustibles fossiles. La RBC est le principal bailleur de fonds, suivie de la Banque Scotia, de la TD, de la BMO et de la CIBC, ainsi que du Mouvement Desjardins. Depuis la signature de l&#039;Accord de Paris sur le climat en 2015, les banques canadiennes &lt;strong&gt;ont fourni plus de 910 G $ aux entreprises de combustibles fossiles&lt;\\\/strong&gt;. Les banques canadiennes ont, jusqu\\u2019\\u00e0 pr\\u00e9sent, refus\\u00e9 de se d\\u00e9sinvestir des combustibles fossiles et ont m\\u00eame augment\\u00e9 le financement qu\\u2019elles leur accordent.&lt;br&gt;&lt;br&gt;La crise climatique est URGENTE ! M\\u00eame l&#039;&lt;a href=\\&quot;https:\\\/\\\/www.greenpeace.org\\\/canada\\\/fr\\\/histoires\\\/48580\\\/bonne-nouvelle-pour-la-planete-laie-appelle-a-larret-des-projets-denergies-fossiles-pour-hier\\\/\\&quot;&gt;Agence internationale de l&#039;\\u00e9nergie (AIE) a soulign\\u00e9&lt;\\\/a&gt; la &lt;strong&gt;n\\u00e9cessit\\u00e9 de mettre fin \\u00e0 l&#039;expansion des combustibles fossiles afin d&#039;atteindre les objectifs de l&#039;Accord de Paris sur le climat.&lt;\\\/strong&gt;&quot;,&quot;cta_link&quot;:&quot;&quot;},{&quot;title&quot;:&quot;La solution&quot;,&quot;description&quot;:&quot;Posez-vous la question : que serait un gazoduc ou un projet de combustible fossile sans financement? Rien! Les banques doivent \\u00eatre tenues responsables de leur r\\u00f4le dans l&#039;alimentation de la crise climatique et transf\\u00e9rer leurs fonds de l\\u2019industrie toxique des combustibles fossiles afin de pouvoir les utiliser pour financer des solutions pens\\u00e9es par les Autochtones et les autres communaut\\u00e9s les plus touch\\u00e9es.&lt;br&gt;&lt;br&gt;En d&#039;autres termes, il faut assurer le d\\u00e9mant\\u00e8lement complet de la relation entre les banques et l&#039;industrie des combustibles fossiles. Les personnes pr\\u00e9occup\\u00e9es par les enjeux climatiques m\\u00e9ritent d&#039;\\u00eatre inform\\u00e9es de la responsabilit\\u00e9 des banques dans le financement de l&#039;exploitation qui contribue au changement climatique au Canada et \\u00e0 l&#039;\\u00e9tranger.&lt;strong&gt; Fini les promesses en l&#039;air!&lt;\\\/strong&gt;&lt;br&gt;&lt;br&gt;&lt;strong&gt;Couper le financement est le moyen le plus rapide de mettre fin aux projets de combustibles fossiles.&lt;\\\/strong&gt; Montrons \\u00e0 ces banques fossiles qu&#039;elles ne pourront pas nous berner avec leurs fausses d\\u00e9clarations. Agissez d\\u00e8s maintenant pour enjoindre le syst\\u00e8me financier canadien \\u00e0 cesser d\\u2019alimenter la crise climatique!&quot;}],&quot;className&quot;:&quot;is-style-no_image&quot;,&quot;columns_block_style&quot;:&quot;no_image&quot;}}\"><\/div><div data-render=\"planet4-blocks\/columns\" data-attributes=\"{&quot;attributes&quot;:{&quot;columns_block_style&quot;:&quot;tasks&quot;,&quot;columns_title&quot;:&quot;&lt;strong&gt;Demandez aux grandes banques du Canada de cesser de financer les projets de combustibles fossiles.&lt;\\\/strong&gt;&quot;,&quot;columns&quot;:[{&quot;title&quot;:&quot;\\u00c9crivez aux PDG des banques&quot;,&quot;description&quot;:&quot;Soutenez les d\\u00e9fenseur\\u00b7ses des terres Wet&#039;suwet&#039;en en demandant aux dirigeants des cinq grandes banques canadiennes de cesser de financer le gazoduc Coastal GasLink.&quot;,&quot;cta_text&quot;:&quot;SIGNER LA P\\u00c9TITION&quot;,&quot;cta_link&quot;:&quot;https:\\\/\\\/act.greenpeace.ca\\\/fr-ca\\\/coastalgaslink&quot;,&quot;link_new_tab&quot;:true},{&quot;cta_text&quot;:&quot;EN SAVOIR PLUS&quot;,&quot;title&quot;:&quot;Localisez les banques fossiles et posez des affiches&quot;,&quot;description&quot;:&quot;Trouvez une banque fossile dans votre r\\u00e9gion et tapissez leurs murs avec des affiches leur demandant d&#039;arr\\u00eater de financer l&#039;industrie des combustibles fossiles.&quot;,&quot;cta_link&quot;:&quot;https:\\\/\\\/maps.greenpeace.org\\\/maps\\\/gpca\\\/fossil_banks\\\/?lang=fr&quot;,&quot;link_new_tab&quot;:true},{&quot;title&quot;:&quot;Rencontrez votre d\\u00e9put\\u00e9\\u00b7e!&quot;,&quot;description&quot;:&quot;Voici les \\u00e9tapes simples \\u00e0 suivre pour organiser une r\\u00e9union avec votre d\\u00e9put\\u00e9\\u00b7e au sujet de la r\\u00e9glementation du financement des combustibles fossiles par les banques.&quot;,&quot;cta_text&quot;:&quot;LIRE&quot;,&quot;cta_link&quot;:&quot;https:\\\/\\\/www.greenpeace.org\\\/canada\\\/fr\\\/blog-des-volontaires\\\/60237\\\/la-marche-a-suivre-pour-rencontrer-votre-depute%c2%b7e\\\/&quot;,&quot;link_new_tab&quot;:true},{&quot;title&quot;:&quot;Faites un don \\u00e0 Greenpeace&quot;,&quot;description&quot;:&quot;Votre don contribue \\u00e0 notre travail pour prot\\u00e9ger notre plan\\u00e8te et mettre fin aux combustibles fossiles.&quot;,&quot;attachment&quot;:0,&quot;cta_link&quot;:&quot;https:\\\/\\\/www.greenpeace.org\\\/canada\\\/fr\\\/faites-un-don\\\/&quot;,&quot;cta_text&quot;:&quot;FAIRE UN DON&quot;,&quot;link_new_tab&quot;:true}],&quot;className&quot;:&quot;is-style-tasks&quot;}}\"><\/div>","protected":false},"excerpt":{"rendered":"<p>Les banques canadiennes doivent \u00eatre tenues responsables de leur r\u00f4le dans la violation des droits des Autochtones et de leur contribution au changement climatique.<\/p>\n","protected":false},"author":12,"featured_media":51519,"parent":2214,"menu_order":0,"comment_status":"closed","ping_status":"closed","template":"","meta":{"ep_exclude_from_search":false,"p4_hide_page_title_checkbox":"on","p4_title":"","p4_subtitle":"","p4_description":"","background_image_id":"","background_image":"","p4_button_title":"","p4_button_link":"","p4_button_link_checkbox":"","p4_og_title":"","p4_og_description":"","p4_og_image":"","p4_og_image_id":"","p4_seo_canonical_url":"","p4_campaign_name":"not set","p4_local_project":"not set","p4_basket_name":"not set","p4_department":"","footnotes":""},"categories":[20],"tags":[40,41],"class_list":["post-51086","page","type-page","status-publish","has-post-thumbnail","hentry","category-climat","tag-autochtones","tag-climat"],"_links":{"self":[{"href":"https:\/\/www.greenpeace.org\/canada\/fr\/wp-json\/wp\/v2\/pages\/51086","targetHints":{"allow":["GET"]}}],"collection":[{"href":"https:\/\/www.greenpeace.org\/canada\/fr\/wp-json\/wp\/v2\/pages"}],"about":[{"href":"https:\/\/www.greenpeace.org\/canada\/fr\/wp-json\/wp\/v2\/types\/page"}],"author":[{"embeddable":true,"href":"https:\/\/www.greenpeace.org\/canada\/fr\/wp-json\/wp\/v2\/users\/12"}],"replies":[{"embeddable":true,"href":"https:\/\/www.greenpeace.org\/canada\/fr\/wp-json\/wp\/v2\/comments?post=51086"}],"version-history":[{"count":20,"href":"https:\/\/www.greenpeace.org\/canada\/fr\/wp-json\/wp\/v2\/pages\/51086\/revisions"}],"predecessor-version":[{"id":71613,"href":"https:\/\/www.greenpeace.org\/canada\/fr\/wp-json\/wp\/v2\/pages\/51086\/revisions\/71613"}],"up":[{"embeddable":true,"href":"https:\/\/www.greenpeace.org\/canada\/fr\/wp-json\/wp\/v2\/pages\/2214"}],"wp:featuredmedia":[{"embeddable":true,"href":"https:\/\/www.greenpeace.org\/canada\/fr\/wp-json\/wp\/v2\/media\/51519"}],"wp:attachment":[{"href":"https:\/\/www.greenpeace.org\/canada\/fr\/wp-json\/wp\/v2\/media?parent=51086"}],"wp:term":[{"taxonomy":"category","embeddable":true,"href":"https:\/\/www.greenpeace.org\/canada\/fr\/wp-json\/wp\/v2\/categories?post=51086"},{"taxonomy":"post_tag","embeddable":true,"href":"https:\/\/www.greenpeace.org\/canada\/fr\/wp-json\/wp\/v2\/tags?post=51086"}],"curies":[{"name":"wp","href":"https:\/\/api.w.org\/{rel}","templated":true}]}}