{"id":52952,"date":"2022-05-02T12:53:36","date_gmt":"2022-05-02T16:53:36","guid":{"rendered":"https:\/\/www.greenpeace.org\/canada\/?page_id=52952"},"modified":"2025-06-22T19:15:17","modified_gmt":"2025-06-22T23:15:17","slug":"faites-un-don","status":"publish","type":"page","link":"https:\/\/www.greenpeace.org\/canada\/fr\/faites-un-don\/","title":{"rendered":"Vous pouvez aider \u00e0 prot\u00e9ger notre plan\u00e8te"},"content":{"rendered":"\n\n<div class=\"wp-block-group alignfull is-layout-flow wp-block-group-is-layout-flow\">\n<div class=\"wp-block-group container is-layout-flow wp-block-group-is-layout-flow\">\n<div class=\"wp-block-media-text alignfull has-media-on-the-right is-stacked-on-mobile is-pattern-p4-page-header is-style-parallax\"><div class=\"wp-block-media-text__content\">\n<div class=\"wp-block-group is-layout-flow wp-block-group-is-layout-flow\">\n<h1 class=\"wp-block-heading has-white-background-color has-background\"><strong>Aidez \u00e0 prot\u00e9ger la plan\u00e8te<\/strong> <strong>avec Greenpeace<\/strong><\/h1>\n<\/div>\n\n\n\n<p style=\"font-size:1.25rem\">Faites un don \u00e0 Greenpeace et <strong>contribuez directement \u00e0 notre prochaine victoire pour la plan\u00e8te et nos communaut\u00e9s.<\/strong><\/p>\n\n\n\n<a href=\"https:\/\/greenpeacecanada.donorsupport.co\/-\/XAQMAFSU\" class=\"cta-donate-btn\" style=\"text-align: center;\">Faire un don<\/a>\n<\/div><figure class=\"wp-block-media-text__media\"><img loading=\"lazy\" decoding=\"async\" width=\"800\" height=\"533\" src=\"https:\/\/www.greenpeace.org\/static\/planet4-canada-stateless\/2022\/11\/900e4336-gp0stpj03_web_size.jpg\" alt=\"\" sizes=\"auto, (min-width: 601px) 50vw, 100vw\" srcset=\"https:\/\/www.greenpeace.org\/static\/planet4-canada-stateless\/2022\/11\/900e4336-gp0stpj03_web_size.jpg 800w, https:\/\/www.greenpeace.org\/static\/planet4-canada-stateless\/2022\/11\/900e4336-gp0stpj03_web_size-300x200.jpg 300w, https:\/\/www.greenpeace.org\/static\/planet4-canada-stateless\/2022\/11\/900e4336-gp0stpj03_web_size-768x512.jpg 768w, https:\/\/www.greenpeace.org\/static\/planet4-canada-stateless\/2022\/11\/900e4336-gp0stpj03_web_size-510x340.jpg 510w\" class=\"wp-image-55410 size-full\"\/><\/figure><\/div>\n<\/div>\n<\/div>\n\n\n<!-- Fundraise Up: the new standard for online giving -->\n<script>(function(w,d,s,n,a){if(!w[n]){var l='call,catch,on,once,set,then,track'\n.split(','),i,o=function(n){return'function'==typeof n?o.l.push([arguments])&&o\n:function(){return o.l.push([n,arguments])&&o}},t=d.getElementsByTagName(s)[0],\nj=d.createElement(s);j.async=!0;j.src='https:\/\/cdn.fundraiseup.com\/widget\/'+a;\nt.parentNode.insertBefore(j,t);o.s=Date.now();o.v=4;o.h=w.location.href;o.l=[];\nfor(i=0;i<7;i++)o[l[i]]=o(l[i]);w[n]=o}\n})(window,document,'script','FundraiseUp','AVGLZKMV');<\/script>\n<!-- End Fundraise Up -->\n\n<!-- Page Banner Component -->\n<style>\n.page-header-title {display: none;}\n      .container-b {\n        width: 100%;\n        margin-top: -120px;\n      }\n      .banner {\n        width: 100%;\n        height: 35vh;\n        background-image: url(https:\/\/www.greenpeace.org\/static\/planet4-canada-stateless\/2024\/02\/5fdd1bf0-gp01ss1_low_res.jpg);\n        background-size: cover;\n        background-position: 69%;\n        border-radius: 10px;\n        margin-top: 100px;\n      }\n      .banner-text {\n        padding-top: 50px;\n        display: flex;\n        flex-direction: column;\n        align-items: center;\n      }\n      .banner-text h2 {\n        font-weight: bold;\n        font-size: 22px;\n        color: white;\n      }\n      .banner-text h1 {\n        font-size: 30px;\n        color: white;\n        text-align: center;\n      }\n\n      .cta-donate-btn {\n       padding: 10px 45px;\n       background: rgba(102,204,0,.9);\n       font-weight: bold;\n       text-transform: uppercase;\n       border-radius: 5px;\n\n      }\n     \n      .cta-donate-btn:hover {\n       text-decoration: none;\n      }\n     @media (max-width: 575px) {\n      .container-b {margin-bottom: 10px;}\n      .banner {height: 30vh;}\n      .banner-text {\n        padding-top: 45px;\n       }\n      .banner-text h2 {font-size: 18px;}\n      .banner-text h1 {font-size: 23px;}\n     }\n     @media (min-width: 900px) {\n      .banner-text {\n        padding-top: 100px;\n       }\n     }\n<\/style>\n\n<style>\n    .page-header-content {display: none;}\n    .page-header-title {display: none;}    \n\n    .row-1 {\n      width: 130%;\n      display: grid;\n      grid-template-columns: repeat(2, 1fr);\n    }\n\n    .row-1 .right {\n      overflow: hidden;\n    }\n\n    .row-1 .right .fundraiseup-form {\n      width: 100%;\n      height: 100%;\n    }\n\n    .row-1 .left {\n      display: flex;\n      align-items: center;\n    }\n\n    @media (min-width: 992px) and (max-width: 1199px) {\n      .row-1 {width: 121%;}\n    }\n\n    @media (min-width: 1200px) and (max-width: 1599px) {\n      .row-1 {width: 134%;}\n    }\n    \n    @media (min-width: 1600px) {\n      .row-1 {width: 143%;}\n    }\n\n    @media (max-width: 991px) {\n      .row-1 {width: 100%;}\n      .row-1 .right .fundraiseup-form {text-align:center;}\n      .row-1 .left .content {\n        padding-left: 15px;\n      }\n    }\n\n    @media (max-width: 768px) {\n      .row-1 {\n        grid-template-columns: repeat(1, 1fr);\n        width: 100%; \n      }\n\n    }\n  <\/style>\n    <div class=\"row-1\">\n      <div class=\"left\">\n        <div class=\"content\">\n          <p>\n           Depuis plus de 50 ans, les campagnes et actions les plus ambitieuses de Greenpeace sont soutenues par votre g\u00e9n\u00e9rosit\u00e9. \n <p>\nGreenpeace est une <b> organisation environnementale 100 % ind\u00e9pendante <\/b> financ\u00e9e et soutenue par des personnes comme vous, pas des entreprises ou des gouvernements. \nCette ind\u00e9pendance permet \u00e0 Greenpeace d\u2019\u00eatre l\u2019une des rares organisations \u00e0 pouvoir s\u2019exprimer librement pour demander des comptes aux industries et aux d\u00e9cisionnaires politiques. \n <p>\n<b>  Contribuez directement \u00e0 notre prochaine victoire en faveur de la plan\u00e8te et de nos communaut\u00e9s en faisant un don \u00e0 Greenpeace. <\/b> Faites un don en ligne maintenant. \n          <\/p>\n        <\/div>\n      <\/div>\n      <div class=\"right\">\n        <div class=\"fundraiseup-form\">\n          <a href=\"#XGENJDFQ\"><\/a>\n        <\/div>\n      <\/div>\n    <\/div>\n\n<div class=\"wp-block-media-text is-stacked-on-mobile\"><figure class=\"wp-block-media-text__media\"><img loading=\"lazy\" decoding=\"async\" width=\"800\" height=\"533\" src=\"https:\/\/www.greenpeace.org\/static\/planet4-canada-stateless\/2024\/02\/733235a3-gp1swoyk_low_res.jpg\" alt=\"&quot;No Deep Sea Mining&quot; \u2013 Action in Rotterdam\" sizes=\"auto, (min-width: 1600px) calc((1320px - 24px) \/ 2),(min-width: 1200px) calc((1140px - 24px) \/ 2),(min-width: 992px) calc((960px - 24px) \/ 2),(min-width: 768px) calc((720px - 24px) \/ 2),(min-width: 601px) calc((540px - 24px) \/ 2),(min-width: 577px) calc((540px - 24px) \/ 1), calc(100vw - 24px)\" srcset=\"https:\/\/www.greenpeace.org\/static\/planet4-canada-stateless\/2024\/02\/733235a3-gp1swoyk_low_res.jpg 800w, https:\/\/www.greenpeace.org\/static\/planet4-canada-stateless\/2024\/02\/733235a3-gp1swoyk_low_res-300x200.jpg 300w, https:\/\/www.greenpeace.org\/static\/planet4-canada-stateless\/2024\/02\/733235a3-gp1swoyk_low_res-768x512.jpg 768w, https:\/\/www.greenpeace.org\/static\/planet4-canada-stateless\/2024\/02\/733235a3-gp1swoyk_low_res-510x340.jpg 510w\" class=\"wp-image-63366 size-full\"\/><\/figure><div class=\"wp-block-media-text__content\">\n<p>Les personnes comme vous permettent \u00e0 Greenpeace de d\u00e9noncer les atteintes \u00e0 l'environnement. Nous documentons et enqu\u00eatons sur les menaces qui p\u00e8sent sur le monde naturel. Nous menons ensuite des actions disruptives qui incitent les gens \u00e0 faire entendre leur voix. Cela nous permet de faire pression sur des d\u00e9cisionnaires cl\u00e9s pour les amener \u00e0 soutenir des politiques qui prot\u00e8gent notre plan\u00e8te, telles que l'interdiction de l'exploitation mini\u00e8re en eaux profondes, la protection de nos for\u00eats et la pr\u00e9vention de d\u00e9versements massifs d'hydrocarbures.<\/p>\n<\/div><\/div>\n\n<style>\n.cta-donate-btn.fold {\n    display: flex;\n    justify-content: center;\n    width: 100%;\n    margin: 0 auto;\n    margin-bottom: 50px;\n}\n@media (min-width: 768px){ .cta-donate-btn.fold {width: 35%;}}\n<\/style>\n<a href=\"https:\/\/greenpeacecanada.donorsupport.co\/-\/XAQMAFSU\" class=\"cta-donate-btn fold\">Faire un don<\/a>\n\n<!-- Custom HTML for key area component -->\n\n<style>\n.columns-block.block-style-icons .column-wrap {\n  align-items: center;\n}\n\n.columns-block.block-style-icons .column-wrap p {\n text-align:center;\n}\n<\/style>\n\n<h2>Nos priorit\u00e9s:<\/h2>\n<div data-render=\"planet4-blocks\/columns\" data-attributes=\"{&quot;attributes&quot;:{&quot;columns_block_style&quot;:&quot;icons&quot;,&quot;columns&quot;:[{&quot;attachment&quot;:&quot;https:\\\/\\\/www.greenpeace.org\\\/static\\\/planet4-canada-stateless\\\/2024\\\/02\\\/f9211566-imageedit_1_7149884729-150x150.png&quot;,&quot;title&quot;:&quot;Transformer l&#039;\\u00e9nergie&quot;,&quot;description&quot;:&quot;Nous ne nous contentons pas de nous opposer aux industries productrices de combustibles fossiles et aux grands pollueurs: nous soutenons activement les solutions en mati\\u00e8re d&#039;\\u00e9nergie renouvelable.&quot;,&quot;attachment_srcset&quot;:false},{&quot;attachment&quot;:&quot;https:\\\/\\\/www.greenpeace.org\\\/static\\\/planet4-canada-stateless\\\/2024\\\/02\\\/3e36aee6-imageedit_1_7093472969-150x150.png&quot;,&quot;description&quot;:&quot;D\\u00e9finissons-nous par nos contributions et pas notre consommation. Nous nous effor\\u00e7ons de changer les habitudes et syst\\u00e8mes non-soutenables afin de respecter les limites de notre plan\\u00e8te.&quot;,&quot;title&quot;:&quot;Vivre de mani\\u00e8re viable&quot;,&quot;attachment_srcset&quot;:false},{&quot;attachment&quot;:&quot;https:\\\/\\\/www.greenpeace.org\\\/static\\\/planet4-canada-stateless\\\/2024\\\/02\\\/f6e6f226-imageedit_1_3633749352-150x150.png&quot;,&quot;title&quot;:&quot;Prot\\u00e9ger la nature&quot;,&quot;description&quot;:&quot;Un environnement sain est essentiel \\u00e0 la r\\u00e9alisation d&#039;un monde vert et pacifique. Nous contribuons \\u00e0 prot\\u00e9ger la nature dans toute sa biodiversit\\u00e9.&quot;,&quot;attachment_srcset&quot;:false}],&quot;className&quot;:&quot;is-style-icons&quot;}}\"><\/div>\n<h2 class=\"wp-block-heading\">Foire aux questions<\/h2>\n\n<link\n  rel=\"stylesheet\"\n  href=\"https:\/\/cdnjs.cloudflare.com\/ajax\/libs\/font-awesome\/6.4.2\/css\/all.min.css\"\n  integrity=\"sha512-z3gLpd7yknf1YoNbCzqRKc4qyor8gaKU1qmn+CShxbuBusANI9QpRohGBreCFkKxLhei6S9CQXFEbbKuqLg0DA==\"\n  crossorigin=\"anonymous\"\n  referrerpolicy=\"no-referrer\"\n\/>\n<style>\n  .faq-sec {\n    margin: 0 auto;\n    display: flex;\n    flex-direction: column;\n    margin-bottom: 50px;\n  }\n\n  .faq {\n    margin-top: 2rem;\n    padding-bottom: 1rem;\n    border-bottom: 2px solid black;\n    cursor: pointer;\n  }\n\n  .question {\n    display: flex;\n    justify-content: space-between;\n    align-items: center;\n  }\n\n  .question h3 {\n    font-size: 1.375rem;\n  }\n\n  .answer {\n    max-height: 0;\n    overflow: hidden;\n    transition: max-height 1.4s ease;\n  }\n\n  .answer p {\n    padding-top: 1rem;\n    line-height: 1.6;\n    \/* font-size: 1.4rem; *\/\n  }\n\n  .faq.active .answer {\n    max-height: 900px;\n  }\n\n  .faq.active .fa-caret-down {\n    transform: rotate(180deg);\n  }\n\n  .fa-caret-down {\n    transition: transform 0.5s ease-in;\n  }\n<\/style>\n\n<section class=\"faq-sec\">\n  <div class=\"faq\">\n    <div class=\"question\">\n      <h3>D'o\u00f9 vient le financement de Greenpeace?<\/h3>\n      <i class=\"fa-solid fa-caret-down\"><\/i>\n    <\/div>\n    <div class=\"answer\">\n      <p>\n        Pour pr\u00e9server son ind\u00e9pendance, Greenpeace n'accepte aucun argent des\n        entreprises ou des gouvernements. Notre organisation est financ\u00e9e par des dons de particuliers et des\n        subventions provenant de fondations. Nous n'acceptons pas de dons\n        susceptibles de compromettre notre ind\u00e9pendance, nos objectifs ou notre\n        int\u00e9grit\u00e9.\n      <\/p>\n      <p>\n        Pour plus d'informations sur la mani\u00e8re dont les dons sont collect\u00e9s et\n        utilis\u00e9s, consultez\n        <a\n          href=\"https:\/\/www.greenpeace.org\/canada\/fr\/qui-sommes-nous\/rapport-annuel\/\"\n          >notre dernier rapport d'impact et nos \u00e9tats financiers v\u00e9rifi\u00e9s.<\/a\n        >\n      <\/p>\n    <\/div>\n  <\/div>\n\n  <div class=\"faq\">\n    <div class=\"question\">\n      <h3>\n        Combien de sympathisant\u00b7es contribuent au financement de Greenpeace?\n      <\/h3>\n      <i class=\"fa-solid fa-caret-down\"><\/i>\n    <\/div>\n    <div class=\"answer\">\n      <p>\n        Le financement de Greenpeace est assur\u00e9 par plus de 3 millions de\n        personnes dans le monde, dont pr\u00e8s de 55 000 ont soutenu son bureau\n        canadien au cours des 18 derniers mois. Des millions de\n        sympathisant\u00b7es agissent \u00e9galement avec nous chaque jour en tant que\n        b\u00e9n\u00e9voles et nous appuient autrement que financi\u00e8rement.\n      <\/p>\n    <\/div>\n  <\/div>\n\n  <div class=\"faq\">\n    <div class=\"question\">\n      <h3>\n        Pourquoi les dons mensuels sont-ils si importants pour Greenpeace?\n      <\/h3>\n      <i class=\"fa-solid fa-caret-down\"><\/i>\n    <\/div>\n    <div class=\"answer\">\n      <p>\n        Greenpeace n'a pas peur de d\u00e9fendre les int\u00e9r\u00eats de notre plan\u00e8te et de\n        s'opposer aux gouvernements et aux grandes entreprises lorsque leurs\n        politiques ou leurs pratiques nuisent \u00e0 l'environnement. Nous nous\n        engageons \u00e0 d\u00e9noncer les menaces qui p\u00e8sent sur le monde naturel, quelle\n        que soit la puissance des acteurs impliqu\u00e9s, et \u00e0 rechercher des\n        solutions par le biais de d\u00e9bats ouverts et \u00e9clair\u00e9s. Nous sommes en\n        mesure de le faire \u2013 et d'\u00eatre efficaces \u2013 parce que, contrairement \u00e0\n        d'autres organisations environnementales, Greenpeace est ind\u00e9pendante \u00e0\n        100 %. Nous n'acceptons jamais de dons de la part d'entreprises ou de\n        gouvernements.\n      <\/p>\n      <p>\n        C'est pourquoi les donatrices et donateurs mensuels de Greenpeace jouent\n        un r\u00f4le si important. Gr\u00e2ce \u00e0 leur soutien, nous sommes en mesure de\n        demander des comptes aux personnes et aux entit\u00e9s en position de pouvoir\n        et d'op\u00e9rer de v\u00e9ritables changements.\n      <\/p>\n    <\/div>\n  <\/div>\n\n  <div class=\"faq\">\n    <div class=\"question\">\n      <h3>Comment fonctionnent les campagnes de Greenpeace?<\/h3>\n      <i class=\"fa-solid fa-caret-down\"><\/i>\n    <\/div>\n    <div class=\"answer\">\n      <p>\n        Greenpeace est l'organisation environnementale la plus efficace de la\n        plan\u00e8te parce qu'elle est fond\u00e9e sur le pouvoir citoyen, sur la science\n        et sur l'action. Notre organisation est r\u00e9put\u00e9e pour ses actions\n        directes pacifiques, qu'il s'agisse d'affronter d'\u00e9normes p\u00e9troliers en\n        kayak ou de d\u00e9ployer une banderole \u00e0 un endroit inattendu, sous les yeux\n        du monde entier, afin de sensibiliser \u00e0 un enjeu crucial. Mais\n        une campagne ne se r\u00e9sume pas qu'\u00e0 cela.\n      <\/p>\n      <p>\n        Notre strat\u00e9gie se compose de plusieurs \u00e9l\u00e9ments. Nous\n        utilisons notre capacit\u00e9 \u00e0 ENQU\u00caTER et \u00e0 DOCUMENTER les menaces\n        environnementales pour D\u00c9NONCER les actes r\u00e9pr\u00e9hensibles. Nous menons ensuite\n        des actions disruptives qui inspirent le plus grand nombre \u00e0 prendre la parole.\n        Cela nous donne ensuite le pouvoir de FAIRE PRESSION sur les d\u00e9cisionnaires pour les\n        pousser \u00e0 changer les choses.\n      <\/p>\n      <p>Pour en savoir plus sur nos m\u00e9thodes de campagne :<\/p>\n\n      <p>\n        >\n        <a\n          href=\"https:\/\/www.greenpeace.org\/canada\/fr\/qui-sommes-nous\/protesting-peacefully-to-change-the-world\/\"\n          >D\u00e9couvrez le pouvoir de la confrontation pacifique<\/a\n        >\n      <\/p>\n      <p>\n        >\n        <a href=\"https:\/\/www.greenpeace.org\/canada\/fr\/explorer\/\"\n          >Renseignez-vous sur nos campagnes actuelles<\/a\n        >\n      <\/p>\n    <\/div>\n  <\/div>\n<\/section>\n\n<script>\n  const faqs = document.querySelectorAll('.faq')\n\n  faqs.forEach((faq) => {\n    faq.addEventListener('click', () => {\n      faq.classList.toggle('active')\n    })\n  })\n<\/script>\n\n<!-- Donate CTA button -->\n<a href=\"https:\/\/greenpeacecanada.donorsupport.co\/-\/XAQMAFSU\" class=\"cta-donate-btn fold\">Faire un don<\/a>\n<div data-render=\"planet4-blocks\/columns\" data-attributes=\"{&quot;attributes&quot;:{&quot;columns_block_style&quot;:&quot;tasks&quot;,&quot;columns_title&quot;:&quot;Autres fa\\u00e7ons de donner&quot;,&quot;columns&quot;:[{&quot;title&quot;:&quot;Faire un don en m\\u00e9moire ou en l&#039;honneur d&#039;une personne proche&quot;,&quot;description&quot;:&quot;Vous pouvez d\\u00e9dier votre don \\u00e0 une personne de votre entourage et choisir d&#039;envoyer une carte \\u00e9lectronique \\u00e0 la personne de votre choix une fois votre don trait\\u00e9.&quot;,&quot;cta_link&quot;:&quot;https:\\\/\\\/www.greenpeace.org\\\/canada\\\/fr\\\/greenpeace-guide-dons-commemoratifs\\\/&quot;,&quot;cta_text&quot;:&quot;Faire un don&quot;},{&quot;title&quot;:&quot;Soutenir le Fonds d&#039;\\u00e9ducation Greenpeace Canada&quot;,&quot;description&quot;:&quot;Vous pouvez faire progresser la recherche et l&#039;\\u00e9ducation environnementales en faisant un don de bienfaisance au Fonds d&#039;\\u00e9ducation Greenpeace Canada. Le Fonds d&#039;\\u00e9ducation Greenpeace Canada accepte notamment les dons d&#039;actions ou de titres, les dons provenant de fonds de dotation nomm\\u00e9s et d&#039;autres dons planifi\\u00e9s.&quot;,&quot;cta_text&quot;:&quot;Donner maintenant&quot;,&quot;cta_link&quot;:&quot;https:\\\/\\\/gcef.ca\\\/fr\\\/&quot;},{&quot;title&quot;:&quot;Faire un legs testamentaire&quot;,&quot;description&quot;:&quot;Veillez \\u00e0 ce que votre h\\u00e9ritage perdure en faisant un don \\u00e0 Greenpeace dans votre testament.&quot;,&quot;cta_text&quot;:&quot;Don par testament&quot;,&quot;cta_link&quot;:&quot;https:\\\/\\\/www.greenpeace.org\\\/canada\\\/fr\\\/agir\\\/faites-un-don-par-testament\\\/&quot;},{&quot;title&quot;:&quot;Collecter des fonds pour Greenpeace&quot;,&quot;description&quot;:&quot;Notre plateforme de collecte de fonds en ligne vous aidera \\u00e0 lever des fonds pour soutenir la mission de Greenpeace en faveur de la plan\\u00e8te.&quot;,&quot;attachment&quot;:0,&quot;cta_link&quot;:&quot;https:\\\/\\\/fundraising.greenpeace.ca\\\/&quot;,&quot;cta_text&quot;:&quot;Commencer maintenant&quot;,&quot;link_new_tab&quot;:false}],&quot;className&quot;:&quot;is-style-tasks&quot;}}\"><\/div>\n<h2 class=\"wp-block-heading\">Plus de moyens de faire un don<\/h2>\n\n<div class=\"wp-block-columns is-layout-flex wp-container-core-columns-is-layout-9d6595d7 wp-block-columns-is-layout-flex\">\n<div class=\"wp-block-column is-layout-flow wp-block-column-is-layout-flow\">\n<p>Courrier:<br>Ch\u00e8ques \u00e0 l'ordre de \"Greenpeace Canada\"<br>454 avenue Laurier Est<br>Montreal (Quebec)<br>H2J 1E7<\/p>\n<\/div>\n\n\n\n<div class=\"wp-block-column is-layout-flow wp-block-column-is-layout-flow\">\n<p>T\u00e9l\u00e9phone:<br>1-800-320-7183<br>Lundi au jeudi: de 9 h 30 \u00e0 17 h 30 (HNE)<\/p>\n<\/div>\n\n\n\n<div class=\"wp-block-column is-layout-flow wp-block-column-is-layout-flow\">\n<p>Ou contactez-nous par courriel \u00e0:<br><a href=\"mailto:adherents.ca@greenpeace.org\"><\/a><a href=\"mailto:adherents.ca@greenpeace.org\">adherents.ca@greenpeace.org<\/a><\/p>\n<\/div>\n<\/div>\n\n<p>Tous les dons sont en monnaie canadienne. D\u00e9couvrez comment les dons sont collect\u00e9s et utilis\u00e9s dans notre dernier <a href=\"https:\/\/www.greenpeace.org\/canada\/fr\/qui-sommes-nous\/rapport-annuel\/\">rapport d'impact<\/a>.<\/p>\n\n<!-- Donate CTA button -->\n<a href=\"https:\/\/greenpeacecanada.donorsupport.co\/-\/XAQMAFSU\" class=\"cta-donate-btn fold\">Faire un don<\/a>\n","protected":false},"excerpt":{"rendered":"<p>Lorsque vous faites un don \u00e0 Greenpeace, vous contribuez \u00e0 la protection des esp\u00e8ces menac\u00e9es, des for\u00eats anciennes et \u00e0 la lutte pour un climat stable pour les g\u00e9n\u00e9rations futures.<\/p>\n","protected":false},"author":72,"featured_media":55410,"parent":0,"menu_order":0,"comment_status":"closed","ping_status":"closed","template":"","meta":{"ep_exclude_from_search":false,"p4_hide_page_title_checkbox":"on","p4_title":"","p4_subtitle":"","p4_description":"","background_image_id":"","background_image":"","p4_button_title":"","p4_button_link":"","p4_button_link_checkbox":"","p4_og_title":"Vous pouvez aider \u00e0 prot\u00e9ger notre plan\u00e8te en ce #MardiJeDonne","p4_og_description":"Lorsque vous faites un don \u00e0 Greenpeace, vous contribuez \u00e0 la protection des esp\u00e8ces menac\u00e9es, des for\u00eats anciennes et \u00e0 la lutte pour un climat stable pour les g\u00e9n\u00e9rations futures.","p4_og_image":"https:\/\/www.greenpeace.org\/static\/planet4-canada-stateless\/2022\/11\/900e4336-gp0stpj03_web_size.jpg","p4_og_image_id":"55410","p4_seo_canonical_url":"","p4_campaign_name":"not set","p4_local_project":"not set","p4_basket_name":"not set","p4_department":"","footnotes":""},"categories":[],"tags":[],"class_list":["post-52952","page","type-page","status-publish","has-post-thumbnail","hentry"],"_links":{"self":[{"href":"https:\/\/www.greenpeace.org\/canada\/fr\/wp-json\/wp\/v2\/pages\/52952","targetHints":{"allow":["GET"]}}],"collection":[{"href":"https:\/\/www.greenpeace.org\/canada\/fr\/wp-json\/wp\/v2\/pages"}],"about":[{"href":"https:\/\/www.greenpeace.org\/canada\/fr\/wp-json\/wp\/v2\/types\/page"}],"author":[{"embeddable":true,"href":"https:\/\/www.greenpeace.org\/canada\/fr\/wp-json\/wp\/v2\/users\/72"}],"replies":[{"embeddable":true,"href":"https:\/\/www.greenpeace.org\/canada\/fr\/wp-json\/wp\/v2\/comments?post=52952"}],"version-history":[{"count":20,"href":"https:\/\/www.greenpeace.org\/canada\/fr\/wp-json\/wp\/v2\/pages\/52952\/revisions"}],"predecessor-version":[{"id":70229,"href":"https:\/\/www.greenpeace.org\/canada\/fr\/wp-json\/wp\/v2\/pages\/52952\/revisions\/70229"}],"wp:featuredmedia":[{"embeddable":true,"href":"https:\/\/www.greenpeace.org\/canada\/fr\/wp-json\/wp\/v2\/media\/55410"}],"wp:attachment":[{"href":"https:\/\/www.greenpeace.org\/canada\/fr\/wp-json\/wp\/v2\/media?parent=52952"}],"wp:term":[{"taxonomy":"category","embeddable":true,"href":"https:\/\/www.greenpeace.org\/canada\/fr\/wp-json\/wp\/v2\/categories?post=52952"},{"taxonomy":"post_tag","embeddable":true,"href":"https:\/\/www.greenpeace.org\/canada\/fr\/wp-json\/wp\/v2\/tags?post=52952"}],"curies":[{"name":"wp","href":"https:\/\/api.w.org\/{rel}","templated":true}]}}