{"id":5965,"date":"2018-11-15T09:46:24","date_gmt":"2018-11-15T14:46:24","guid":{"rendered":"https:\/\/www.greenpeace.org\/canada\/?page_id=5965"},"modified":"2025-08-28T18:54:27","modified_gmt":"2025-08-28T22:54:27","slug":"greenspeakers","status":"publish","type":"page","link":"https:\/\/www.greenpeace.org\/canada\/fr\/agir\/greenspeakers\/","title":{"rendered":"Greenspeakers"},"content":{"rendered":"\n\n<div class=\"wp-block-group alignfull is-layout-flow wp-block-group-is-layout-flow\">\n<div class=\"wp-block-group container is-layout-flow wp-block-group-is-layout-flow\">\n<div class=\"wp-block-media-text alignfull has-media-on-the-right is-stacked-on-mobile is-pattern-p4-page-header is-style-parallax\"><div class=\"wp-block-media-text__content\">\n<div class=\"wp-block-group is-layout-flow wp-block-group-is-layout-flow\">\n<h1 class=\"wp-block-heading has-white-background-color has-background\">Demandez une pr\u00e9sentation Greenpeace pour vos \u00e9l\u00e8ves<\/h1>\n<\/div>\n\n\n\n<p style=\"font-size:1.12rem\">\n                            Renforcez votre programme d&rsquo;\u00e9ducation environnementale avec une pr\u00e9sentation de Greenpeace dans votre \u00e9cole. Nous sommes l\u2019une des principales organisations environnementales au monde, et nous avons beaucoup \u00e0 partager.\n                        <\/p>\n<\/div><figure class=\"wp-block-media-text__media\"><img loading=\"lazy\" decoding=\"async\" width=\"2048\" height=\"1536\" src=\"https:\/\/www.greenpeace.org\/static\/planet4-canada-stateless\/2018\/11\/99f033aa-greenspeakers_fr.jpg\" alt=\"\" sizes=\"auto, (min-width: 601px) 50vw, 100vw\" srcset=\"https:\/\/www.greenpeace.org\/static\/planet4-canada-stateless\/2018\/11\/99f033aa-greenspeakers_fr.jpg 2048w, https:\/\/www.greenpeace.org\/static\/planet4-canada-stateless\/2018\/11\/99f033aa-greenspeakers_fr-300x225.jpg 300w, https:\/\/www.greenpeace.org\/static\/planet4-canada-stateless\/2018\/11\/99f033aa-greenspeakers_fr-768x576.jpg 768w, https:\/\/www.greenpeace.org\/static\/planet4-canada-stateless\/2018\/11\/99f033aa-greenspeakers_fr-1024x768.jpg 1024w, https:\/\/www.greenpeace.org\/static\/planet4-canada-stateless\/2018\/11\/99f033aa-greenspeakers_fr-1821x1366.jpg 1821w, https:\/\/www.greenpeace.org\/static\/planet4-canada-stateless\/2018\/11\/99f033aa-greenspeakers_fr-453x340.jpg 453w\" class=\"wp-image-5968 size-full\"\/><\/figure><\/div>\n<\/div>\n<\/div>\n\n\n<h4 class=\"wp-block-heading\">Demandez une pr\u00e9sentation Greenpeace :<\/h4>\n\n<p><a class=\"btn btn-primary btn-medium page-header-btn\" href=\"https:\/\/docs.google.com\/forms\/d\/e\/1FAIpQLSdss1E-N-Qhauy_Tmsat1RWDvLOAyO89J6YS5861DDOi6kXQQ\/viewform\" target=\"_blank\" rel=\"noopener noreferrer\">Grand Toronto et Hamilton<\/a><br><a class=\"btn btn-primary btn-medium page-header-btn disabled\" href=\"mailto:benevole.ca@greenpeace.org\" target=\"_blank\" rel=\"noopener noreferrer\">Montr\u00e9al<\/a><\/p>\n\n<p>Notre programme est pr\u00e9sentement inactif \u00e0 Montr\u00e9al en raison d&rsquo;un manque de capacit\u00e9. <br><a class=\"btn btn-primary btn-medium page-header-btn\" href=\"mailto:vancouvergreenspeakers@greenpeace.ca\" target=\"_blank\" rel=\"noopener noreferrer\">Vancouver<\/a><\/p>\n\n<p>Nous sommes l\u00e0 pour aider \u00e0 sensibiliser et \u00e9duquer les \u00e9tudiants sur des sujets cruciaux tels que les changements climatiques et le r\u00f4le qu&rsquo;y joue le Canada, l\u2019Arctique canadien et les sables bitumineux dans le pays, ainsi que la biodiversit\u00e9 et la pollution plastique. Nos pr\u00e9sentations sont tr\u00e8s interactives et stimulantes, elles sont structur\u00e9es de mani\u00e8re \u00e0 susciter une discussion entre les \u00e9tudiants et sont gratuites.<\/p>\n\n<p>Nos Greenspeakers sont un groupe de personnes b\u00e9n\u00e9voles form\u00e9es par Greenpeace qui se rendront dans votre \u00e9cole pour une pr\u00e9sentation. Quelques unes sont d\u00e9j\u00e0 pr\u00eates et pouvons \u00e9galement travailler avec vous pour d\u00e9velopper un contenu sp\u00e9cifique adapt\u00e9 \u00e0 votre programme.<\/p>\n\n<h4 class=\"wp-block-heading\">Voulez-vous devenir un ou une animateur\u00b7rice Greenspeaker vous-m\u00eame?<\/h4>\n\n<ul class=\"wp-block-list\">\n<li>Pour appliquer dans la r\u00e9gion du Grand Toronto ou \u00e0 Hamilton, inscrivez-vous&nbsp;<a href=\"https:\/\/docs.google.com\/a\/greenpeace.org\/forms\/d\/e\/1FAIpQLScJaKXmYl86fLCFXBCbrord9XS4XIGJORMQf2cCq1DcAuVQRw\/viewform?c=0&amp;w=1\" target=\"_blank\" rel=\"noopener noreferrer\">ici<\/a>.<\/li>\n\n\n\n<li>Pour appliquer dans la r\u00e9gion de Montr\u00e9al,&nbsp;inscrivez-vous&nbsp;<a href=\"https:\/\/docs.google.com\/forms\/d\/e\/1FAIpQLSfMr81EHu0foJ1G28UeI0hIr50fi-UXZ0e3HzO9j_RRJCeRVw\/viewform\" target=\"_blank\" rel=\"noopener noreferrer\">ici<\/a>.<\/li>\n\n\n\n<li>Pour appliquer dans la r\u00e9gion de Vancouver,&nbsp;inscrivez-vous par courriel&nbsp;<a href=\"mailto:vancouvergreenspeakers@greenpeace.ca\">ici<\/a>.<\/li>\n<\/ul>\n\n<style>\n.share-buttons {display: none;}\n\n.btns {\n   margin-bottom: 20px;\n   display: flex;\n}\n\n\n.s-btn {\n   background: #f6f4ef;\n   padding: 15px 20px;\n   border-radius: 30px;\n   margin-right: 10px;\n   \n}\n\n\n.twt {background: #1DA1F2; text-decoration: none !important;}\n.fb  {background: #4267B2; text-decoration: none !important;}\n.em  {background: #AEAEAE; text-decoration: none !important;}\n.svg-icon { width: 1em; fill: #fff !important;}\n\n@media only screen and (max-width: 767px) {\n\n  .is-style-cta {width: 100% !important;}\n  .wp-element-button {width: 100% !important;}\n\n}\n\n\n<\/style>\n\n<script src=\"https:\/\/code.jquery.com\/jquery-3.6.4.min.js\" integrity=\"sha256-oP6HI9z1XaZNBrJURtCoUT5SUnxFr8s3BzRl+cbzUq8=\" crossorigin=\"anonymous\"><\/script>\n\n<script>\n\n$(document).ready(function(){\n $(\"<div class='btns'><a class='s-btn fb' href='https:\/\/www.facebook.com\/GreenspeakersTO' target='_blank' rel='noopener noreferrer'><svg viewBox='0 0 32 32' class='svg-icon'><use xlink:href='https:\/\/www.greenpeace.org\/canada\/wp-content\/themes\/planet4-master-theme\/assets\/build\/sprite.symbol.svg#facebook-f'><\/use><\/svg><\/a><a class='s-btn twt' href='https:\/\/twitter.com\/GreenspeakersTO' target='_blank' rel='noopener noreferrer'><svg viewBox='0 0 32 32' class='svg-icon'><use xlink:href='https:\/\/www.greenpeace.org\/canada\/wp-content\/themes\/planet4-master-theme\/assets\/build\/sprite.symbol.svg#twitter'><\/use><\/svg><\/a><a class='s-btn em' href='mailto:GTAgreenspeakers@greenpeace.ca'><svg viewBox='0 0 32 32' class='svg-icon'><use xlink:href='https:\/\/www.greenpeace.org\/canada\/wp-content\/themes\/planet4-master-theme\/assets\/build\/sprite.symbol.svg#envelope'><\/use><\/svg><\/a><\/div>\").insertAfter(\".page-header-title\");\n});\n\n<\/script>\n","protected":false},"excerpt":{"rendered":"<p>Sensibilisez vos \u00e9tudiants en renfor\u00e7ant votre programme d&rsquo;\u00e9ducation environnementale avec une pr\u00e9sentation de Greenpeace dans votre \u00e9cole. <\/p>\n","protected":false},"author":8,"featured_media":5968,"parent":2214,"menu_order":0,"comment_status":"closed","ping_status":"closed","template":"","meta":{"ep_exclude_from_search":false,"p4_hide_page_title_checkbox":"on","p4_title":"","p4_subtitle":"","p4_description":"","background_image_id":"","background_image":"","p4_button_title":"","p4_button_link":"","p4_button_link_checkbox":"","p4_og_title":"","p4_og_description":"","p4_og_image":"","p4_og_image_id":"","p4_seo_canonical_url":"","p4_campaign_name":"not set","p4_local_project":"","p4_basket_name":"not set","p4_department":"","footnotes":""},"categories":[132,19,18],"tags":[50],"class_list":["post-5965","page","type-page","status-publish","has-post-thumbnail","hentry","category-benevolat","category-nature-fr","category-notre-travail","tag-soutenirgreenpeace"],"_links":{"self":[{"href":"https:\/\/www.greenpeace.org\/canada\/fr\/wp-json\/wp\/v2\/pages\/5965","targetHints":{"allow":["GET"]}}],"collection":[{"href":"https:\/\/www.greenpeace.org\/canada\/fr\/wp-json\/wp\/v2\/pages"}],"about":[{"href":"https:\/\/www.greenpeace.org\/canada\/fr\/wp-json\/wp\/v2\/types\/page"}],"author":[{"embeddable":true,"href":"https:\/\/www.greenpeace.org\/canada\/fr\/wp-json\/wp\/v2\/users\/8"}],"replies":[{"embeddable":true,"href":"https:\/\/www.greenpeace.org\/canada\/fr\/wp-json\/wp\/v2\/comments?post=5965"}],"version-history":[{"count":15,"href":"https:\/\/www.greenpeace.org\/canada\/fr\/wp-json\/wp\/v2\/pages\/5965\/revisions"}],"predecessor-version":[{"id":72227,"href":"https:\/\/www.greenpeace.org\/canada\/fr\/wp-json\/wp\/v2\/pages\/5965\/revisions\/72227"}],"up":[{"embeddable":true,"href":"https:\/\/www.greenpeace.org\/canada\/fr\/wp-json\/wp\/v2\/pages\/2214"}],"wp:featuredmedia":[{"embeddable":true,"href":"https:\/\/www.greenpeace.org\/canada\/fr\/wp-json\/wp\/v2\/media\/5968"}],"wp:attachment":[{"href":"https:\/\/www.greenpeace.org\/canada\/fr\/wp-json\/wp\/v2\/media?parent=5965"}],"wp:term":[{"taxonomy":"category","embeddable":true,"href":"https:\/\/www.greenpeace.org\/canada\/fr\/wp-json\/wp\/v2\/categories?post=5965"},{"taxonomy":"post_tag","embeddable":true,"href":"https:\/\/www.greenpeace.org\/canada\/fr\/wp-json\/wp\/v2\/tags?post=5965"}],"curies":[{"name":"wp","href":"https:\/\/api.w.org\/{rel}","templated":true}]}}