{"id":63321,"date":"2024-02-01T11:10:58","date_gmt":"2024-02-01T16:10:58","guid":{"rendered":"https:\/\/www.greenpeace.org\/canada\/making-in-memory-donations-to-greenpeace-canada\/"},"modified":"2024-03-26T08:43:54","modified_gmt":"2024-03-26T12:43:54","slug":"greenpeace-guide-dons-commemoratifs","status":"publish","type":"page","link":"https:\/\/www.greenpeace.org\/canada\/fr\/greenpeace-guide-dons-commemoratifs\/","title":{"rendered":"Faire un don en m\u00e9moire d&rsquo;une personne proche \u00e0 Greenpeace Canada"},"content":{"rendered":"\n                    <div class=\"wp-block-group is-vertical is-layout-flex wp-container-core-group-is-layout-8cf370e7 wp-block-group-is-layout-flex\">\n                    \n                                <p>Rendez hommage \u00e0 une personne proche en faisant un don \u00e0 Greenpeace en sa m\u00e9moire<\/p>\n                            \n\n                    \n                    <\/div>\n                    \n<style>\n    .page-header-content {display: none;}\n    .row {\n      width: 130%;\n      display: grid;\n      grid-template-columns: repeat(2, 1fr);\n    }\n\n    .row .right {\n      overflow: hidden;\n    }\n\n    .row .right .fundraiseup-form {\n      width: 100%;\n      height: 100%;\n    }\n\n    .row .left {\n      display: flex;\n      align-items: center;\n    }\n\n    @media (max-width: 991px) {\n      .row .left .content {\n        padding-left: 0px;\n      }\n    }\n\n    @media (max-width: 768px) {\n      .row {\n        grid-template-columns: repeat(1, 1fr);\n        width: 100%; \n      }\n\n    }\n  <\/style>\n    <div class=\"row\">\n      <div class=\"left\">\n        <div class=\"content\">\n          <p>\nRendre hommage \u00e0 un \u00eatre cher en contribuant \u00e0 une cause qui lui tenait \u00e0 c\u0153ur est un geste fort. Chez Greenpeace, nous vous offrons la possibilit\u00e9 de c\u00e9l\u00e9brer la vie et l&rsquo;h\u00e9ritage d&rsquo;une personne que vous aimez en faisant un don en son honneur. Votre don constituera un hommage puissant \u00e0 ses croyances et \u00e0 ses valeurs, et perp\u00e9tuera son impact positif sur le monde.\n          <\/p>\n          <p>\nChaque don \u00e0 Greenpeace alimente les efforts de personnes du monde entier qui travaillent sans rel\u00e2che \u00e0 la sauvegarde de notre plan\u00e8te. Votre don-hommage aidera Greenpeace \u00e0 mener des campagnes et des travaux de recherche plus impactants et \u00e0 s&rsquo;engager dans des actions directes qui permettent de faire changer les choses. En choisissant de rendre hommage \u00e0 votre proche de cette mani\u00e8re, vous comm\u00e9morez sa vie et vous participez activement \u00e0 construire un avenir vert et pacifique.\n          <\/p>\n          <p>\nFaites un don aujourd\u2019hui et perp\u00e9tuons ensemble l\u2019h\u00e9ritage de votre proche. \n          <\/p>\n        <\/div>\n      <\/div>\n      <div class=\"right\">\n        <div class=\"fundraiseup-form\">\n          <a href=\"#XGENJDFQ\"><\/a>\n        <\/div>\n      <\/div>\n    <\/div>\n\n<h2 class=\"wp-block-heading\">Comment faire un don en m\u00e9moire d&rsquo;une personne proche \u00e0 Greenpeace Canada?<\/h2>\n\n<style>\n.container1 {\n        position: relative;\n      }\n\n      .container1 .slide-container .slide {\n        display: flex;\n        align-items: center;\n        flex-wrap: wrap;\n        gap: 15px;\n        padding: 20px 9%;\n        padding-bottom: 70px;\n      }\n\n      .container1 .slide-container .slide .content {\n        flex: 1 1 350px;\n        animation: slideContent 0.4s linear 0.6s backwards;\n      }\n\n      @keyframes slideContent {\n        0% {\n          opacity: 0;\n          transform: translateX(-50px);\n        }\n      }\n\n      .container1 .slide-container .slide .image {\n        flex: 1 1 500px;\n        display: flex;\n        justify-content: center;\n      }\n\n      .container1 .slide-container .slide .image img {\n        width: 65%;\n        animation: slideImage 0.4s linear;\n      }\n\n      @keyframes slideImage {\n        0% {\n          opacity: 0;\n          transform: translateY(-50px);\n        }\n      }\n\n      .container1 .slide-container .slide .content h3 {\n        font-size: 35px;\n        color: #000;\n      }\n\n      .container1 .slide-container .slide .content p {\n        font-size: 16px;\n        color: #000;\n        padding: 10px 0;\n      }\n\n      .container1 .slide-container {\n        display: none;\n      }\n\n      .container1 .slide-container.active {\n        display: block;\n      }\n      .container1 #prev,\n      .container1 #next {\n        position: absolute;\n        top: 50%;\n        transform: translateY(-50%);\n        color: #fff;\n        background: #000;\n        height: 50px;\n        width: 50px;\n        line-height: 50px;\n        font-size: 25px;\n        text-align: center;\n        cursor: pointer;\n        font-weight: bolder;\n      }\n\n      .container1 #prev {\n        left: 20px;\n      }\n      .container1 #next {\n        right: 20px;\n      }\n\n@media (max-width: 500px) {\n        .container1 .slide-container .slide .image img { width: 100%;}\n        .container #prev {\n          left: 0px;\n          top: 60%;\n        }\n\n        .container #next {\n          right: 0px;\n          top: 60%;\n        }\n      }\n<\/style>   \n\n    <div class=\"container1\">\n      <div class=\"slide-container active\">\n        <div class=\"slide\">\n          <div class=\"content\">\n            <h3>01. S\u00e9lectionnez le type de don<\/h3>\n            <p>Optez pour un don unique ou mensuel.<\/p>\n          <\/div>\n          <div class=\"image\">\n            <img decoding=\"async\"\n              src=\"https:\/\/www.greenpeace.org\/static\/planet4-canada-stateless\/2024\/02\/92781422-step-1.png\"\n              alt=\"step 1\"\n            \/>\n          <\/div>\n        <\/div>\n      <\/div>\n\n      <div class=\"slide-container\">\n        <div class=\"slide\">\n          <div class=\"content\">\n            <h3>02. Entrez le montant du don<\/h3>\n            <p>Choisissez ou saisissez le montant de votre don.<\/p>\n          <\/div>\n          <div class=\"image\">\n            <img decoding=\"async\"\n              src=\"https:\/\/www.greenpeace.org\/static\/planet4-canada-stateless\/2024\/02\/5517918d-step-2.png\"\n              alt=\"step 2\"\n            \/>\n          <\/div>\n        <\/div>\n      <\/div>\n\n      <div class=\"slide-container\">\n        <div class=\"slide\">\n          <div class=\"content\">\n            <h3>03. D\u00e9diez votre don<\/h3>\n            <p>Cochez la case \u00ab D\u00e9dier ce don \u00bb<\/p>\n          <\/div>\n          <div class=\"image\">\n            <img decoding=\"async\"\n              src=\"https:\/\/www.greenpeace.org\/static\/planet4-canada-stateless\/2024\/02\/f73cc34c-step-3.png\"\n              alt=\"step 3\"\n            \/>\n          <\/div>\n        <\/div>\n      <\/div>\n\n      <div class=\"slide-container\">\n        <div class=\"slide\">\n          <div class=\"content\">\n            <h3>04. Indiquez le nom de la personne concern\u00e9e<\/h3>\n            <p>Entrez le nom de la personne que vous souhaitez comm\u00e9morer<\/p>\n          <\/div>\n          <div class=\"image\">\n            <img decoding=\"async\"\n              src=\"https:\/\/www.greenpeace.org\/static\/planet4-canada-stateless\/2024\/02\/bf7ccbed-step-4.png\"\n              alt=\"step 4\"\n            \/>\n          <\/div>\n        <\/div>\n      <\/div>\n\n      <div class=\"slide-container\">\n        <div class=\"slide\">\n          <div class=\"content\">\n            <h3>05. S\u00e9lectionnez le mode de paiement<\/h3>\n            <p>S\u00e9lectionnez le mode de paiement de votre choix<\/p>\n          <\/div>\n          <div class=\"image\">\n            <img decoding=\"async\"\n              src=\"https:\/\/www.greenpeace.org\/static\/planet4-canada-stateless\/2024\/02\/bf27df80-step-5.png\"\n              alt=\"step 5\"\n            \/>\n          <\/div>\n        <\/div>\n      <\/div>\n\n      <div class=\"slide-container\">\n        <div class=\"slide\">\n          <div class=\"content\">\n            <h3>\n              06. Apr\u00e8s avoir effectu\u00e9 votre don, s\u00e9lectionnez \u00ab Envoyer une\n              carte \u00bb\n            <\/h3>\n            <p><\/p>\n          <\/div>\n          <div class=\"image\">\n            <img decoding=\"async\"\n              src=\"https:\/\/www.greenpeace.org\/static\/planet4-canada-stateless\/2024\/02\/a34d62ad-step-6.png\"\n              alt=\"step 6\"\n            \/>\n          <\/div>\n        <\/div>\n      <\/div>\n\n      <div class=\"slide-container\">\n        <div class=\"slide\">\n          <div class=\"content\">\n            <h3>07. Choisissez la d\u00e9dicace \u00ab Don comm\u00e9moratif \u00bb<\/h3>\n            <p>\n              Veuillez indiquer l&rsquo;adresse courriel de la personne \u00e0 quoi vous\n              voulez faire parvenir la carte Vous pouvez ajouter un message\n              personnalis\u00e9 \u00e0 votre don comm\u00e9moratif.\n            <\/p>\n          <\/div>\n          <div class=\"image\">\n            <img decoding=\"async\"\n              src=\"https:\/\/www.greenpeace.org\/static\/planet4-canada-stateless\/2024\/02\/5ae947d8-step-7.png\"\n              alt=\"step 7\"\n            \/>\n          <\/div>\n        <\/div>\n      <\/div>\n\n      <div class=\"slide-container\">\n        <div class=\"slide\">\n          <div class=\"content\">\n            <h3>\n              08. La personne destinataire recevra un courriel avec votre\n              message personnalis\u00e9\n            <\/h3>\n            <p><\/p>\n          <\/div>\n          <div class=\"image\">\n            <img decoding=\"async\"\n              src=\"https:\/\/www.greenpeace.org\/static\/planet4-canada-stateless\/2024\/02\/dd90081e-step-8.png\"\n              alt=\"step 8\"\n            \/>\n          <\/div>\n        <\/div>\n      <\/div>\n\n      <div id=\"prev\" onclick=\"prev()\"><<\/div>\n      <div id=\"next\" onclick=\"next()\">><\/div>\n    <\/div>\n\n<script>\n      let slides = document.querySelectorAll('.slide-container')\n      let index = 0\n\n      function next() {\n        slides[index].classList.remove('active')\n        index = (index + 1) % slides.length\n        slides[index].classList.add('active')\n      }\n\n      function prev() {\n        slides[index].classList.remove('active')\n        index = (index - 1 + slides.length) % slides.length\n        slides[index].classList.add('active')\n      }\n    <\/script>\n\n<h2 class=\"wp-block-heading\">Foire aux questions<\/h2>\n\n<link\n      rel=\"stylesheet\"\n      href=\"https:\/\/cdnjs.cloudflare.com\/ajax\/libs\/font-awesome\/6.4.2\/css\/all.min.css\"\n      integrity=\"sha512-z3gLpd7yknf1YoNbCzqRKc4qyor8gaKU1qmn+CShxbuBusANI9QpRohGBreCFkKxLhei6S9CQXFEbbKuqLg0DA==\"\n      crossorigin=\"anonymous\"\n      referrerpolicy=\"no-referrer\"\n    \/>\n<style> \n      .faq-sec {\n        margin: 0 auto;\n        display: flex;\n        flex-direction: column;\n      }\n\n      .faq {\n        margin-top: 2rem;\n        padding-bottom: 1rem;\n        border-bottom: 2px solid black;\n        cursor: pointer;\n      }\n\n      .question {\n        display: flex;\n        justify-content: space-between;\n        align-items: center;\n      }\n\n      .question h3 {\n        font-size: 1.375rem;\n      }\n\n      .answer {\n        max-height: 0;\n        overflow: hidden;\n        transition: max-height 1.4s ease;\n      }\n\n      .answer p {\n        padding-top: 1rem;\n        line-height: 1.6;\n        \/* font-size: 1.4rem; *\/\n      }\n\n      .faq.active .answer {\n        max-height: 300px;\n      }\n\n      .faq.active .fa-caret-down {\n        transform: rotate(180deg);\n      }\n\n      .fa-caret-down {\n        transition: transform 0.5s ease-in;\n      }\n    <\/style>\n    \n\n<section class=\"faq-sec\">\n      <div class=\"faq\">\n        <div class=\"question\">\n          <h3>\n            Une personne ch\u00e8re est d\u00e9c\u00e9d\u00e9e et je souhaite que nos proches\n            versent un don \u00e0 Greenpeace Canada au lieu de nous faire parvenir\n            des fleurs. Quelles instructions dois-je leur donner?\n          <\/h3>\n          <i class=\"fa-solid fa-caret-down\"><\/i>\n        <\/div>\n        <div class=\"answer\">\n          <p>\n            Indiquez \u00e0 votre entourage de faire un don \u00ab en m\u00e9moire d\u2019une\n            personne proche \u00bb sur le site de Greenpeace Canada. Fournissez-leur\n            \u00e9galement l&rsquo;adresse courriel \u00e0 laquelle vous souhaitez que les\n            cartes \u00e9lectroniques d\u2019hommage soient envoy\u00e9es. C&rsquo;est ainsi que vous\n            pourrez suivre les dons effectu\u00e9s et recevoir les messages de vos\n            proches. Vous pouvez \u00e9galement leur communiquer les instructions\n            \u00e9tapes par \u00e9tapes fournies sur cette page web.\n          <\/p>\n        <\/div>\n      <\/div>\n\n      <div class=\"faq\">\n        <div class=\"question\">\n          <h3>Comment ce don sera utilis\u00e9?<\/h3>\n          <i class=\"fa-solid fa-caret-down\"><\/i>\n        <\/div>\n        <div class=\"answer\">\n          <p>\n            Votre don-hommage soutiendra le travail de Greenpeace Canada pour un\n            avenir vert et pacifique, en veillant \u00e0 ce que l&rsquo;h\u00e9ritage de votre\n            proche contribue \u00e0 un changement positif dans le monde. Pour en\n            savoir plus sur le travail de Greenpeace Canada, cliquez ici.\n          <\/p>\n        <\/div>\n      <\/div>\n\n      <div class=\"faq\">\n        <div class=\"question\">\n          <h3>Qu\u2019est ce qu\u2019un don \u00e0 la m\u00e9moire d\u2019une personne proche?<\/h3>\n          <i class=\"fa-solid fa-caret-down\"><\/i>\n        <\/div>\n        <div class=\"answer\">\n          <p>\n            Ce type de don est une fa\u00e7on sp\u00e9ciale d&rsquo;honorer un \u00eatre cher qui est\n            d\u00e9c\u00e9d\u00e9. En faisant un don en sa m\u00e9moire, vous lui rendez hommage\n            tout en soutenant une cause qui lui tenait \u00e0 c\u0153ur.\n          <\/p>\n        <\/div>\n      <\/div>\n      <!-- xxxxxxxxxxxxxxxxxx -->\n      <div class=\"faq\">\n        <div class=\"question\">\n          <h3>\n            Puis-je envoyer une notification de mon don \u00e0 la famille ou \u00e0\n            l&rsquo;entourage de la personne d\u00e9c\u00e9d\u00e9e?\n          <\/h3>\n          <i class=\"fa-solid fa-caret-down\"><\/i>\n        <\/div>\n        <div class=\"answer\">\n          <p>\n            Oui, au moment de compl\u00e9ter votre don, vous pourrez \u00ab Joindre une\n            carte \u00bb qui notifiera les proches de votre geste.\n          <\/p>\n        <\/div>\n      <\/div>\n\n      <div class=\"faq\">\n        <div class=\"question\">\n          <h3>\n            Est-ce que le montant de mon don sera visible lorsque cette\n            notification sera envoy\u00e9e?\n          <\/h3>\n          <i class=\"fa-solid fa-caret-down\"><\/i>\n        <\/div>\n        <div class=\"answer\">\n          <p>\n            Non, le montant de votre don restera confidentiel, sauf si vous\n            d\u00e9cidez de le partager.\n          <\/p>\n        <\/div>\n      <\/div>\n\n      <div class=\"faq\">\n        <div class=\"question\">\n          <h3>\n            Comment puis-je m\u2019assurer que ce don sera utilis\u00e9 selon mes v\u0153ux?\n          <\/h3>\n          <i class=\"fa-solid fa-caret-down\"><\/i>\n        <\/div>\n        <div class=\"answer\">\n          <p>\n            Veillez \u00e0 remplir le maximum d\u2019informations dans tous les champs\n            n\u00e9cessaires, en particulier dans la section \u00ab\u00a0D\u00e9diez mon don\u00a0\u00bb. Si\n            vous avez des questions, vous pouvez contacter notre \u00e9quipe du\n            Service aux adh\u00e9rent\u00b7e\u00b7s \u00e0 l&rsquo;adresse adherents.ca@greenpeace.org.\n          <\/p>\n        <\/div>\n      <\/div>\n\n      <div class=\"faq\">\n        <div class=\"question\">\n          <h3>Puis-je inclure un message avec mon don?<\/h3>\n          <i class=\"fa-solid fa-caret-down\"><\/i>\n        <\/div>\n        <div class=\"answer\">\n          <p>\n            Absolument! Vous pouvez ajouter un message personnalis\u00e9 \u00e0 la fin de\n            la proc\u00e9dure de don et il sera communiqu\u00e9 aux b\u00e9n\u00e9ficiaires si vous\n            le souhaitez.\n          <\/p>\n        <\/div>\n      <\/div>\n\n      <div class=\"faq\">\n        <div class=\"question\">\n          <h3>Comment recevrai-je confirmation de mon don-hommage?<\/h3>\n          <i class=\"fa-solid fa-caret-down\"><\/i>\n        <\/div>\n        <div class=\"answer\">\n          <p>\n            Une fois votre don trait\u00e9, vous recevrez un courriel de confirmation\n            attestant de votre contribution.\n          <\/p>\n        <\/div>\n      <\/div>\n\n      <div class=\"faq\">\n        <div class=\"question\">\n          <h3>\n            Puis-je mettre en place un don r\u00e9current en l\u2019hommage d\u2019une personne\n            proche?\n          <\/h3>\n          <i class=\"fa-solid fa-caret-down\"><\/i>\n        <\/div>\n        <div class=\"answer\">\n          <p>\n            Oui, en remplissant les informations relatives \u00e0 votre don, vous\n            pourrez choisir entre une donation unique et r\u00e9currente (mensuelle).\n          <\/p>\n        <\/div>\n      <\/div>\n\n      <div class=\"faq\">\n        <div class=\"question\">\n          <h3>Est-ce que ce don est d\u00e9ductible des imp\u00f4ts?<\/h3>\n          <i class=\"fa-solid fa-caret-down\"><\/i>\n        <\/div>\n        <div class=\"answer\">\n          <p>\n            Non, afin de conserver une voix ind\u00e9pendante pour la plan\u00e8te,\n            Greenpeace Canada est enregistr\u00e9e comme organisme \u00e0 but non lucratif\n            et non en tant qu&rsquo;organisme de bienfaisance. Par cons\u00e9quent, nous ne\n            pouvons pas \u00e9mettre de re\u00e7us d&rsquo;imp\u00f4t en \u00e9change de votre don.\n          <\/p>\n        <\/div>\n      <\/div>\n\n      <div class=\"faq\">\n        <div class=\"question\">\n          <h3>\n            Faites-vous le suivi de tous les dons faits \u00e0 la m\u00e9moire d&rsquo;une\n            personne en particulier?\n          <\/h3>\n          <i class=\"fa-solid fa-caret-down\"><\/i>\n        <\/div>\n        <div class=\"answer\">\n          <p>\n            Pour des raisons de confidentialit\u00e9 et de respect de votre vie\n            priv\u00e9e, nous ne suivons et n\u2019affichons pas publiquement le nombre de\n            dons faits \u00e0 la m\u00e9moire d&rsquo;une personne en particulier. Cependant, si\n            vous \u00eates \u00e0 l\u2019initiative des dons en l\u2019hommage d\u2019une personne\n            proche, vous pouvez contacter notre \u00e9quipe pour toute question ou\n            demande particuli\u00e8re \u00e0 l&rsquo;adresse adherents.ca@greenpeace.org.\n          <\/p>\n        <\/div>\n      <\/div>\n\n      <div class=\"faq\">\n        <div class=\"question\">\n          <h3>\n            J\u2019ai fait une erreur dans le nom ou le message li\u00e9 \u00e0 mon don?\n            Puis-je le corriger?\n          <\/h3>\n          <i class=\"fa-solid fa-caret-down\"><\/i>\n        <\/div>\n        <div class=\"answer\">\n          <p>\n            Les erreurs arrivent \u00e0 tout le monde! Contactez notre \u00e9quipe de\n            support \u00e0 l\u2019adresse adherents.ca@greenpeace.org et nous vous\n            assisterons pour effectuer les modifications n\u00e9cessaires.\n          <\/p>\n        <\/div>\n      <\/div>\n    <\/section>\n\n\n\n     \n    <script>\n      const faqs = document.querySelectorAll('.faq')\n\n      faqs.forEach((faq) => {\n        faq.addEventListener('click', () => {\n          faq.classList.toggle('active')\n        })\n      })\n    <\/script>\n\n<div style=\"height:50px\" aria-hidden=\"true\" class=\"wp-block-spacer\"><\/div>\n","protected":false},"excerpt":{"rendered":"<p>Rendez hommage \u00e0 une personne proche en faisant un don \u00e0 Greenpeace en sa m\u00e9moire Rendre hommage \u00e0 un \u00eatre cher en contribuant \u00e0 une cause qui lui tenait \u00e0 c\u0153ur est un geste fort. Chez Greenpeace, nous vous offrons la possibilit\u00e9 de c\u00e9l\u00e9brer la vie et l&rsquo;h\u00e9ritage d&rsquo;une personne que vous aimez en faisant [&hellip;]<\/p>\n","protected":false},"author":12,"featured_media":0,"parent":0,"menu_order":0,"comment_status":"closed","ping_status":"closed","template":"","meta":{"ep_exclude_from_search":false,"p4_hide_page_title_checkbox":"","p4_title":"","p4_subtitle":"","p4_description":"","background_image_id":"","background_image":"","p4_button_title":"","p4_button_link":"","p4_button_link_checkbox":"","p4_og_title":"","p4_og_description":"","p4_og_image":"","p4_og_image_id":"","p4_seo_canonical_url":"","p4_campaign_name":"","p4_local_project":"","p4_basket_name":"","p4_department":"","footnotes":""},"categories":[],"tags":[],"class_list":["post-63321","page","type-page","status-publish","hentry"],"_links":{"self":[{"href":"https:\/\/www.greenpeace.org\/canada\/fr\/wp-json\/wp\/v2\/pages\/63321","targetHints":{"allow":["GET"]}}],"collection":[{"href":"https:\/\/www.greenpeace.org\/canada\/fr\/wp-json\/wp\/v2\/pages"}],"about":[{"href":"https:\/\/www.greenpeace.org\/canada\/fr\/wp-json\/wp\/v2\/types\/page"}],"author":[{"embeddable":true,"href":"https:\/\/www.greenpeace.org\/canada\/fr\/wp-json\/wp\/v2\/users\/12"}],"replies":[{"embeddable":true,"href":"https:\/\/www.greenpeace.org\/canada\/fr\/wp-json\/wp\/v2\/comments?post=63321"}],"version-history":[{"count":15,"href":"https:\/\/www.greenpeace.org\/canada\/fr\/wp-json\/wp\/v2\/pages\/63321\/revisions"}],"predecessor-version":[{"id":64213,"href":"https:\/\/www.greenpeace.org\/canada\/fr\/wp-json\/wp\/v2\/pages\/63321\/revisions\/64213"}],"wp:attachment":[{"href":"https:\/\/www.greenpeace.org\/canada\/fr\/wp-json\/wp\/v2\/media?parent=63321"}],"wp:term":[{"taxonomy":"category","embeddable":true,"href":"https:\/\/www.greenpeace.org\/canada\/fr\/wp-json\/wp\/v2\/categories?post=63321"},{"taxonomy":"post_tag","embeddable":true,"href":"https:\/\/www.greenpeace.org\/canada\/fr\/wp-json\/wp\/v2\/tags?post=63321"}],"curies":[{"name":"wp","href":"https:\/\/api.w.org\/{rel}","templated":true}]}}