{"id":6450,"date":"2018-12-04T01:00:53","date_gmt":"2018-12-04T06:00:53","guid":{"rendered":"https:\/\/www.greenpeace.org\/canada\/?page_id=6450"},"modified":"2025-06-23T05:29:43","modified_gmt":"2025-06-23T09:29:43","slug":"cuisinez-des-recettes-de-la-foret-boreale","status":"publish","type":"page","link":"https:\/\/www.greenpeace.org\/canada\/fr\/cuisinez-des-recettes-de-la-foret-boreale\/","title":{"rendered":"Cuisinez des recettes de la for\u00eat bor\u00e9ale"},"content":{"rendered":"\n                \n                <div class=\"wp-block-group alignfull is-layout-flow wp-block-group-is-layout-flow\">\n                \n                <div class=\"wp-block-group container is-layout-flow wp-block-group-is-layout-flow\">\n                \n                <div class=\"wp-block-media-text alignfull has-media-on-the-right is-stacked-on-mobile is-pattern-p4-page-header is-style-parallax\">\n\n                <div class=\"wp-block-media-text__content\">\n                    <div class=\"wp-block-group is-layout-flow wp-block-group-is-layout-flow\">\n                    \n                        <h1 class=\"wp-block-heading has-white-background-color has-background\">\n                            La for\u00eat bor\u00e9ale s\u2019invite \u00e0 votre table\n                        <\/h1>\n                    <\/div>\n                \n\n                \n                        <p style=\"font-size:1.25rem\">\n                            Au Canada et dans le monde entier, les communaut\u00e9s et les chefs trouvent dans la for\u00eat des plantes m\u00e9dicinales et de quoi se nourrir depuis des milliers d\u2019ann\u00e9es. Michele Genest, The Boreal Gourmet, est une chef yukonnaise dont les plats savoureux allient des ingr\u00e9dients fra\u00eechement cueillis dans la for\u00eat bor\u00e9ale \u00e0 des techniques de cuisine apprises lors de ses voyages \u00e0 travers le monde. \u00c0 l\u2019occasion des f\u00eates, Michele et ses amies Jennifer de Free Pour Jenny&rsquo;s et Joella de The Yukon Soaps Company ont cr\u00e9\u00e9 de d\u00e9licieuses recettes qui vous feront d\u00e9couvrir le riche univers culinaire issu de la for\u00eat bor\u00e9ale. Cette ann\u00e9e, partagez des moments privil\u00e9gi\u00e9s avec votre entourage autour d\u2019un bon petit plat\u2026\n                        <\/p>\n                    \n\n                \n                        <div class=\"wp-block-buttons is-layout-flex wp-block-buttons-is-layout-flex\">\n                            \n                        <\/div>\n                        <div class=\"wp-block-button is-style-cta\">\n                            <a class=\"wp-block-button__link wp-element-button\" href=\"#recipes\" target=\"\" rel=\"noreferrer noopener\">\n                                D\u00e9couvrez les recettes\n                            <\/a>\n                        <\/div>\n                    \n\n                <\/div>\n                <figure class=\"wp-block-media-text__media\">\n                    <img loading=\"lazy\" decoding=\"async\" width=\"1000\" height=\"2477\"\n                        src=\"https:\/\/www.greenpeace.org\/static\/planet4-canada-stateless\/2018\/12\/84c3f4f4-cranberry_ingredient_credit-archbould-photography_long_backroundonly_fr.jpg\"\n                        alt=\"\"\n                        sizes=\"auto, (min-width: 601px) 50vw, 100vw\" srcset=\"https:\/\/www.greenpeace.org\/static\/planet4-canada-stateless\/2018\/12\/84c3f4f4-cranberry_ingredient_credit-archbould-photography_long_backroundonly_fr.jpg 1000w, https:\/\/www.greenpeace.org\/static\/planet4-canada-stateless\/2018\/12\/84c3f4f4-cranberry_ingredient_credit-archbould-photography_long_backroundonly_fr-121x300.jpg 121w, https:\/\/www.greenpeace.org\/static\/planet4-canada-stateless\/2018\/12\/84c3f4f4-cranberry_ingredient_credit-archbould-photography_long_backroundonly_fr-768x1902.jpg 768w, https:\/\/www.greenpeace.org\/static\/planet4-canada-stateless\/2018\/12\/84c3f4f4-cranberry_ingredient_credit-archbould-photography_long_backroundonly_fr-413x1024.jpg 413w, https:\/\/www.greenpeace.org\/static\/planet4-canada-stateless\/2018\/12\/84c3f4f4-cranberry_ingredient_credit-archbould-photography_long_backroundonly_fr-551x1366.jpg 551w, https:\/\/www.greenpeace.org\/static\/planet4-canada-stateless\/2018\/12\/84c3f4f4-cranberry_ingredient_credit-archbould-photography_long_backroundonly_fr-137x340.jpg 137w\" class=\"wp-image-6453 size-full\"\n                    \/>\n                <\/figure>\n                <\/div>\n                \n                <\/div>\n                \n                <\/div>\n                \n                <h2 class=\"page-section-header\">Rencontrez Michele Genest, <em>The Boreal Gourmet<\/em><\/h2>\n<lite-youtube style=\"background-image: url('https:\/\/i.ytimg.com\/vi\/Mz4KwgSal5A\/hqdefault.jpg');\" videoid=\"Mz4KwgSal5A\" params=\"rel=0\"><\/lite-youtube>\n<h2 id=\"recipes\" class=\"page-section-header\">D\u00e9couvrez les recettes bor\u00e9ales<\/h2>\n<div class=\"video2col\">\n<p><iframe src=\"https:\/\/www.youtube.com\/embed\/yPIZHUEnjh0?list=PLSsMu1pCwi1X7rNC6wN4tqlYUnCQ5t8I-\" frameborder=\"0\" allowfullscreen=\"allowfullscreen\" data-mce-fragment=\"1\"><\/iframe><\/p>\n<div class=\"text2col\"><strong>Chutney de canneberges<\/strong> &#8211; Un pot de chutney est un cadeau parfait et accompagne les repas des f\u00eates \u00e0 la perfection. <a href=\"https:\/\/www.greenpeace.org\/static\/planet4-canada-stateless\/2018\/12\/1cd58c4a-boreal_forest_recipe_greenpeace_canada_cranberry_fr.png\" target=\"_blank\" rel=\"noopener noreferrer\">D\u00e9couvrez la recette compl\u00e8te ici!<\/a><\/div>\n<\/div>\n<div class=\"video2col\">\n<p><iframe src=\"https:\/\/www.youtube.com\/embed\/l8YcT3et8nU?list=PLSsMu1pCwi1X7rNC6wN4tqlYUnCQ5t8I-\" frameborder=\"0\" allowfullscreen=\"allowfullscreen\" data-mce-fragment=\"1\"><\/iframe><\/p>\n<div class=\"text2col\"><strong>Cr\u00e8me anglaise au th\u00e9 du Labrador<\/strong> &#8211; Le th\u00e9 du Labrador est la vanille du Nord! <a href=\"https:\/\/www.greenpeace.org\/static\/planet4-canada-stateless\/2018\/12\/fc89e824-boreal_forest_recipe_greenpeace_canada_labrador-tea_fr.png\" target=\"_blank\" rel=\"noopener noreferrer\">D\u00e9couvrez la recette compl\u00e8te (et son option v\u00e9gane) ici<\/a><\/div>\n<\/div>\n<div class=\"video2col\">\n<p><iframe src=\"https:\/\/www.youtube.com\/embed\/PpghVC6RUGM?list=PLSsMu1pCwi1X7rNC6wN4tqlYUnCQ5t8I-\" frameborder=\"0\" allowfullscreen=\"allowfullscreen\" data-mce-fragment=\"1\"><\/iframe><\/p>\n<div class=\"text2col\"><strong>Muffins \u00e0 la semoule de ma\u00efs, cheddar et sauge<\/strong> &#8211; Ces muffins sont parfaits pour le brunch du dimanche. <a href=\"https:\/\/www.greenpeace.org\/static\/planet4-canada-stateless\/2018\/12\/e181216c-boreal_forest_recipe_greenpeace_canada_sage-muffins_fr.png\" target=\"_blank\" rel=\"noopener noreferrer\">D\u00e9couvrez la recette compl\u00e8te ici<\/a><\/div>\n<\/div>\n<div class=\"video2col\">\n<p><iframe src=\"https:\/\/www.youtube.com\/embed\/NhTAIFb7o_Y?list=PLSsMu1pCwi1X7rNC6wN4tqlYUnCQ5t8I-\" frameborder=\"0\" allowfullscreen=\"allowfullscreen\" data-mce-fragment=\"1\"><\/iframe><\/p>\n<div class=\"text2col\"><strong>Sauce cr\u00e9meuse aux champignons sauvages<\/strong> &#8211; Elle accompagne merveilleusement un plat de p\u00e2tes! <a href=\"https:\/\/www.greenpeace.org\/static\/planet4-canada-stateless\/2018\/12\/35b64e65-boreal_forest_recipe_greenpeace_canada_wild-mushroom_fr.png\" target=\"_blank\" rel=\"noopener noreferrer\">D\u00e9couvrez la recette compl\u00e8te (et son option v\u00e9gane) ici<br \/>\n<\/a><\/div>\n<\/div>\n<div class=\"video2col\">\n<p><iframe src=\"https:\/\/www.youtube.com\/embed\/BgWfbzCzJVE?list=PLSsMu1pCwi1X7rNC6wN4tqlYUnCQ5t8I-\" frameborder=\"0\" allowfullscreen=\"allowfullscreen\" data-mce-fragment=\"1\"><\/iframe><\/p>\n<div class=\"text2col\"><strong>Amer de rosier arctique <\/strong> &#8211; Une recette de <em>Free Pour Jenny&rsquo;s<\/em>. Avec des baies de rosier arctique et une touche de cannelle, ces amers sont fantastiques avec du gin! <a href=\"https:\/\/www.greenpeace.org\/static\/planet4-canada-stateless\/2018\/12\/5495613b-boreal_forest_recipe_greenpeace_canada_rosehip-bitter_fr.png\" target=\"_blank\" rel=\"noopener noreferrer\">D\u00e9couvrez la recette compl\u00e8te ici!<\/a><\/div>\n<\/div>\n<div class=\"video2col\">\n<p><iframe src=\"https:\/\/www.youtube.com\/embed\/QR6oTbnOvQc?list=PLSsMu1pCwi1X7rNC6wN4tqlYUnCQ5t8I-\" frameborder=\"0\" allowfullscreen=\"allowfullscreen\" data-mce-fragment=\"1\"><\/iframe><\/p>\n<div class=\"text2col\"><strong>Cocktail Rose d&rsquo;Or <\/strong> &#8211; Une recette de <em>Free Pour Jenny&rsquo;s<\/em>. Un parfait m\u00e9lange d\u2019amers avec de la vodka, de la cr\u00e8me de cassis, de l\u2019eau de rose et de l\u2019eau gazeuse, pour un d\u00e9licieux cocktail ros\u00e9. <a href=\"https:\/\/www.greenpeace.org\/static\/planet4-canada-stateless\/2018\/12\/ed432d50-boreal_forest_recipe_greenpeace_canada_rose-gold-cocktail_fr.png\" target=\"_blank\" rel=\"noopener noreferrer\">D\u00e9couvrez la recette compl\u00e8te ici!<\/a><\/div>\n<\/div>\n<div class=\"video2col\">\n<p><iframe src=\"https:\/\/www.youtube.com\/embed\/-SBJ-ZQ15ag?list=PLSsMu1pCwi1X7rNC6wN4tqlYUnCQ5t8I-\" frameborder=\"0\" allowfullscreen=\"allowfullscreen\" data-mce-fragment=\"1\"><\/iframe><\/p>\n<div class=\"text2col\">\n<p><strong>Savon de Castille<\/strong> &#8211; Une recette de <em>The Yukon Soaps Company<\/em>. Les p\u00e9tales de rose s\u00e9ch\u00e9s et les \u00e9pilobes ajoutent une touche de d\u00e9licatesse \u00e0 l\u2019une des plus anciennes recettes de savon des alentours. <a href=\"https:\/\/www.greenpeace.org\/static\/planet4-canada-stateless\/2018\/12\/c3786f23-boreal_forest_recipe_greenpeace_canada_soap_fr.png\" target=\"_blank\" rel=\"noopener noreferrer\">D\u00e9couvrez la recette compl\u00e8te ici!<\/a><\/p>\n<\/div>\n<\/div>\n<hr>\n<p><em>Copyright: Recettes pour Greenpeace, adapt\u00e9es du livre \u201cThe Boreal Gourmet, Adventures in Northern Cooking\u201d, par Michele Genest. Harbour Publishing, 2010. <\/em><\/p>\n<hr>\n<h2><\/h2>\n<h2>Ce que vous pouvez faire<\/h2>\n<p>La for\u00eat bor\u00e9ale est menac\u00e9e par les activit\u00e9s foresti\u00e8res non-durables. Prot\u00e9gez cet \u00e9cosyst\u00e8me \u00e0 la biodiversit\u00e9 riche, foyer de centaines de communaut\u00e9s autochtones, et qui constitue l\u2019une de nos meilleures protection contre les changements climatiques.<\/p>\n<p>Joignez-vous au mouvement grandissant des protecteurs et protectrices de la for\u00eat bor\u00e9ale au Canada.<\/p>\n<p style=\"width: 60%; margin: 0px auto; text-align: left;\"><a class=\"btn btn-primary btn-medium page-header-btn\" href=\"https:\/\/act.greenpeace.org\/page\/32218\/petition\/1?locale=fr-CA\" target=\"_blank\" rel=\"noopener noreferrer\">Rejoignez le mouvement<\/a><\/p>\n<p>&nbsp;<\/p>\n<p>&nbsp;<\/p>\n<p>&nbsp;<\/p>\n","protected":false},"excerpt":{"rendered":"<p>Rencontrez Michele Genest, The Boreal Gourmet D\u00e9couvrez les recettes bor\u00e9ales Chutney de canneberges &#8211; Un pot de chutney est un cadeau parfait et accompagne les repas des f\u00eates \u00e0 la perfection. D\u00e9couvrez la recette compl\u00e8te ici! Cr\u00e8me anglaise au th\u00e9 du Labrador &#8211; Le th\u00e9 du Labrador est la vanille du Nord! D\u00e9couvrez la recette [&hellip;]<\/p>\n","protected":false},"author":8,"featured_media":6455,"parent":0,"menu_order":4,"comment_status":"closed","ping_status":"closed","template":"","meta":{"ep_exclude_from_search":false,"p4_hide_page_title_checkbox":"on","p4_title":"","p4_subtitle":"","p4_description":"","background_image_id":"","background_image":"","p4_button_title":"","p4_button_link":"","p4_button_link_checkbox":"","p4_og_title":"","p4_og_description":"","p4_og_image":"","p4_og_image_id":"","p4_seo_canonical_url":"","p4_campaign_name":"not set","p4_local_project":"not set","p4_basket_name":"not set","p4_department":"","footnotes":""},"categories":[19],"tags":[38,43,83],"class_list":["post-6450","page","type-page","status-publish","has-post-thumbnail","hentry","category-nature-fr","tag-alimentation","tag-forets","tag-consommation"],"_links":{"self":[{"href":"https:\/\/www.greenpeace.org\/canada\/fr\/wp-json\/wp\/v2\/pages\/6450","targetHints":{"allow":["GET"]}}],"collection":[{"href":"https:\/\/www.greenpeace.org\/canada\/fr\/wp-json\/wp\/v2\/pages"}],"about":[{"href":"https:\/\/www.greenpeace.org\/canada\/fr\/wp-json\/wp\/v2\/types\/page"}],"author":[{"embeddable":true,"href":"https:\/\/www.greenpeace.org\/canada\/fr\/wp-json\/wp\/v2\/users\/8"}],"replies":[{"embeddable":true,"href":"https:\/\/www.greenpeace.org\/canada\/fr\/wp-json\/wp\/v2\/comments?post=6450"}],"version-history":[{"count":19,"href":"https:\/\/www.greenpeace.org\/canada\/fr\/wp-json\/wp\/v2\/pages\/6450\/revisions"}],"predecessor-version":[{"id":70295,"href":"https:\/\/www.greenpeace.org\/canada\/fr\/wp-json\/wp\/v2\/pages\/6450\/revisions\/70295"}],"wp:featuredmedia":[{"embeddable":true,"href":"https:\/\/www.greenpeace.org\/canada\/fr\/wp-json\/wp\/v2\/media\/6455"}],"wp:attachment":[{"href":"https:\/\/www.greenpeace.org\/canada\/fr\/wp-json\/wp\/v2\/media?parent=6450"}],"wp:term":[{"taxonomy":"category","embeddable":true,"href":"https:\/\/www.greenpeace.org\/canada\/fr\/wp-json\/wp\/v2\/categories?post=6450"},{"taxonomy":"post_tag","embeddable":true,"href":"https:\/\/www.greenpeace.org\/canada\/fr\/wp-json\/wp\/v2\/tags?post=6450"}],"curies":[{"name":"wp","href":"https:\/\/api.w.org\/{rel}","templated":true}]}}