{"id":66363,"date":"2025-02-27T14:14:46","date_gmt":"2025-02-27T19:14:46","guid":{"rendered":"https:\/\/www.greenpeace.org\/canada\/?page_id=66363"},"modified":"2025-05-06T11:00:43","modified_gmt":"2025-05-06T15:00:43","slug":"fonds-education","status":"publish","type":"page","link":"https:\/\/www.greenpeace.org\/canada\/fr\/qui-sommes-nous\/fonds-education\/","title":{"rendered":"Fonds d\u2019\u00e9ducation Greenpeace Canada"},"content":{"rendered":"\n\n<div class=\"wp-block-group alignfull is-layout-flow wp-block-group-is-layout-flow\">\n<div class=\"wp-block-group container is-layout-flow wp-block-group-is-layout-flow\">\n<div class=\"wp-block-media-text alignfull has-media-on-the-right is-stacked-on-mobile is-pattern-p4-page-header is-style-parallax\"><div class=\"wp-block-media-text__content\">\n<div class=\"wp-block-group is-layout-flow wp-block-group-is-layout-flow\">\n<h1 class=\"wp-block-heading has-white-background-color has-background\">Fonds d\u2019\u00e9ducation Greenpeace Canada<\/h1>\n<\/div>\n\n\n\n<p style=\"font-size:1.25rem\">Le Canada compte deux organisations Greenpeace; Greenpeace Canada et le Fonds d\u2019\u00e9ducation Greenpeace Canada. \u00c9tabli en 2020, le Fonds d\u2019\u00e9ducation Greenpeace Canada (FEGC) est un organisme de bienfaisance enregistr\u00e9 qui se consacre \u00e0 la recherche, aux enqu\u00eates et \u00e0 l\u2019\u00e9ducation. <\/p>\n\n\n\n<div class=\"wp-block-buttons is-layout-flex wp-block-buttons-is-layout-flex\">\n<div class=\"wp-block-button is-style-cta\"><a class=\"wp-block-button__link wp-element-button\" href=\"https:\/\/gcef.ca\/fr\/\">En savoir plus<\/a><\/div>\n<\/div>\n<\/div><figure class=\"wp-block-media-text__media\"><img loading=\"lazy\" decoding=\"async\" width=\"800\" height=\"533\" src=\"https:\/\/www.greenpeace.org\/static\/planet4-canada-stateless\/2024\/06\/bd9288f3-gp0stvo6o_low-res-800px.jpg\" alt=\"\" sizes=\"auto, (min-width: 601px) 50vw, 100vw\" srcset=\"https:\/\/www.greenpeace.org\/static\/planet4-canada-stateless\/2024\/06\/bd9288f3-gp0stvo6o_low-res-800px.jpg 800w, https:\/\/www.greenpeace.org\/static\/planet4-canada-stateless\/2024\/06\/bd9288f3-gp0stvo6o_low-res-800px-300x200.jpg 300w, https:\/\/www.greenpeace.org\/static\/planet4-canada-stateless\/2024\/06\/bd9288f3-gp0stvo6o_low-res-800px-768x512.jpg 768w, https:\/\/www.greenpeace.org\/static\/planet4-canada-stateless\/2024\/06\/bd9288f3-gp0stvo6o_low-res-800px-510x340.jpg 510w\" class=\"wp-image-66358 size-full\"\/><\/figure><\/div>\n<\/div>\n<\/div>\n\n\n<p>Le Fonds m\u00e8ne, soutient, promeut et diffuse des recherches sur les changements climatiques, la conservation et la pr\u00e9servation \u00e9cologiques, la science environnementale et l\u2019\u00e9nergie renouvelable. Il \u00e9tudie les menaces et les solutions environnementales, y compris les moyens employ\u00e9s par les entreprises exctractives et leurs alli\u00e9s pour entraver toute action climatique concr\u00e8te. Il agit \u00e0 titre de t\u00e9moin et documente les histoires et les exp\u00e9riences des personnes affect\u00e9es par la crise climatique. Enfin, il promeut des initiatives d\u2019\u00e9ducation et de sensibilisation qui fournissent les outils n\u00e9cessaires pour comprendre ces enjeux et s\u2019engager dans la d\u00e9fense de l\u2019environnement au Canada.<\/p>\n\n<p>Le travail du Fonds d\u2019\u00e9ducation Greenpeace Canada compl\u00e8te et soutient celui de Greenpeace Canada, de ses sympathisant\u00b7es et de ses partenaires environnementaux afin de mener des actions persuasives, cr\u00e9dibles et efficaces qui engagent de mani\u00e8re significative le public, les responsables politiques et les m\u00e9dias dans la marche vers la justice climatique.<\/p>\n\n<p><span style=\"font-weight: 400;\">Pour plus d\u2019informations et pour soutenir cette nouvelle organisation, consultez le site <\/span><a href=\"https:\/\/gcef.ca\/fr\/\"><span style=\"font-weight: 400;\">https:\/\/gcef.ca\/<\/span><\/a><\/p>\n\n\n<style>\n.donation-banner {padding: 0px 50px; margin-bottom: -16px !important;}\n<\/style>\n\n\n\n<div class=\"wp-block-group donation-banner alignfull has-dark-green-800-background-color has-background is-layout-constrained wp-container-core-group-is-layout-f61c92e4 wp-block-group-is-layout-constrained\">\n<div style=\"height:40px;width:0px\" aria-hidden=\"true\" class=\"wp-block-spacer\"><\/div>\n\n\n\n<figure class=\"wp-block-image aligncenter size-full is-resized force-no-lightbox force-no-caption  caption-alignment-center\" style=\"margin-top:0;margin-bottom:0\"><img loading=\"lazy\" decoding=\"async\" width=\"512\" height=\"512\" src=\"https:\/\/www.greenpeace.org\/static\/planet4-canada-stateless\/2024\/09\/dd806d1d-0e26-4e62-9759-bb331ff84bb1.png\" alt=\"\" class=\"wp-image-67208\" style=\"width:auto;height:150px\" srcset=\"https:\/\/www.greenpeace.org\/static\/planet4-canada-stateless\/2024\/09\/dd806d1d-0e26-4e62-9759-bb331ff84bb1.png 512w, https:\/\/www.greenpeace.org\/static\/planet4-canada-stateless\/2024\/09\/dd806d1d-0e26-4e62-9759-bb331ff84bb1-300x300.png 300w, https:\/\/www.greenpeace.org\/static\/planet4-canada-stateless\/2024\/09\/dd806d1d-0e26-4e62-9759-bb331ff84bb1-150x150.png 150w, https:\/\/www.greenpeace.org\/static\/planet4-canada-stateless\/2024\/09\/dd806d1d-0e26-4e62-9759-bb331ff84bb1-340x340.png 340w\" sizes=\"auto, (max-width: 512px) 100vw, 512px\" \/><\/figure>\n\n\n\n<h3 class=\"wp-block-heading has-text-align-center has-white-color has-text-color\">Vous pouvez aider \u00e0 prot\u00e9ger notre plan\u00e8te<\/h3>\n\n\n\n<p class=\"has-text-align-center has-white-color has-text-color has-link-color wp-elements-17f6b59845db76e772b13eefcadefc5c\">Votre don soutient une organisation environnementale ind\u00e9pendante financ\u00e9e par des personnes, et non par des compagnies ou par les gouvernements.<\/p>\n\n\n\n<div class=\"wp-block-buttons is-content-justification-center is-layout-flex wp-container-core-buttons-is-layout-16018d1d wp-block-buttons-is-layout-flex\">\n<div class=\"wp-block-button is-style-transparent\"><a class=\"wp-block-button__link wp-element-button\" href=\"https:\/\/www.greenpeace.org\/canada\/fr\/faites-un-don\/\">Faire un don<\/a><\/div>\n<\/div>\n\n\n\n<div style=\"height:40px;width:0px\" aria-hidden=\"true\" class=\"wp-block-spacer\"><\/div>\n<\/div>\n\n\n\n<div class=\"wp-block-group alignfull block has-beige-100-background-color has-background is-layout-flow wp-block-group-is-layout-flow\">\n<div class=\"wp-block-group container is-layout-flow wp-block-group-is-layout-flow\">\n<div style=\"height:30px\" aria-hidden=\"true\" class=\"wp-block-spacer\"><\/div>\n\n\n\n<h4 class=\"wp-block-heading\">Continuez \u00e0 vous informer sur Greenpeace<\/h4>\n\n\n\n\n<div class=\"wp-block-group alignfull block has-beige-100-background-color has-background is-layout-flow wp-block-group-is-layout-flow\">\n<div class=\"wp-block-group container is-layout-flow wp-block-group-is-layout-flow\">\n<div class=\"wp-block-columns is-style-mobile-carousel is-layout-flex wp-container-core-columns-is-layout-9d6595d7 wp-block-columns-is-layout-flex\">\n<div class=\"wp-block-column is-layout-flow wp-block-column-is-layout-flow\">\n<div class=\"wp-block-group group-stretched-link is-layout-flow wp-block-group-is-layout-flow\">\n<figure class=\"wp-block-image aligncenter size-full is-resized is-style-rounded-90 force-no-lightbox force-no-caption mb-0\"><a href=\"https:\/\/www.greenpeace.org\/canada\/fr\/qui-sommes-nous\/\"><img loading=\"lazy\" decoding=\"async\" width=\"512\" height=\"512\" src=\"https:\/\/www.greenpeace.org\/static\/planet4-canada-stateless\/2024\/06\/b60e86b1-about-us.png\" alt=\"\" class=\"wp-image-66260\" srcset=\"https:\/\/www.greenpeace.org\/static\/planet4-canada-stateless\/2024\/06\/b60e86b1-about-us.png 512w, https:\/\/www.greenpeace.org\/static\/planet4-canada-stateless\/2024\/06\/b60e86b1-about-us-300x300.png 300w, https:\/\/www.greenpeace.org\/static\/planet4-canada-stateless\/2024\/06\/b60e86b1-about-us-150x150.png 150w, https:\/\/www.greenpeace.org\/static\/planet4-canada-stateless\/2024\/06\/b60e86b1-about-us-340x340.png 340w\" sizes=\"auto, (max-width: 512px) 100vw, 512px\" \/><\/a><\/figure>\n\n\n\n<div style=\"height:16px\" aria-hidden=\"true\" class=\"wp-block-spacer\"><\/div>\n\n\n\n<h5 class=\"wp-block-heading has-text-align-center\" style=\"font-size:1rem\"><a href=\"https:\/\/www.greenpeace.org\/canada\/fr\/qui-sommes-nous\/\">\u00c0 propos<\/a><\/h5>\n<\/div>\n<\/div>\n\n\n\n<div class=\"wp-block-column is-layout-flow wp-block-column-is-layout-flow\">\n<div class=\"wp-block-group group-stretched-link is-layout-flow wp-block-group-is-layout-flow\">\n<figure class=\"wp-block-image aligncenter size-full is-resized is-style-rounded-90 force-no-lightbox force-no-caption mb-0\"><a href=\"https:\/\/www.greenpeace.org\/canada\/fr\/qui-sommes-nous\/notre-conseil-dadministration\/\"><img loading=\"lazy\" decoding=\"async\" width=\"512\" height=\"512\" src=\"https:\/\/www.greenpeace.org\/static\/planet4-canada-stateless\/2025\/02\/54afc1b0-board-black.png\" alt=\"\" class=\"wp-image-68529\" srcset=\"https:\/\/www.greenpeace.org\/static\/planet4-canada-stateless\/2025\/02\/54afc1b0-board-black.png 512w, https:\/\/www.greenpeace.org\/static\/planet4-canada-stateless\/2025\/02\/54afc1b0-board-black-300x300.png 300w, https:\/\/www.greenpeace.org\/static\/planet4-canada-stateless\/2025\/02\/54afc1b0-board-black-150x150.png 150w, https:\/\/www.greenpeace.org\/static\/planet4-canada-stateless\/2025\/02\/54afc1b0-board-black-340x340.png 340w\" sizes=\"auto, (max-width: 512px) 100vw, 512px\" \/><\/a><\/figure>\n\n\n\n<div style=\"height:16px\" aria-hidden=\"true\" class=\"wp-block-spacer\"><\/div>\n\n\n\n<h5 class=\"wp-block-heading has-text-align-center\" style=\"font-size:1rem\"><a href=\"https:\/\/www.greenpeace.org\/canada\/fr\/qui-sommes-nous\/notre-conseil-dadministration\/\">Notre conseil<\/a><\/h5>\n<\/div>\n<\/div>\n\n\n\n<div class=\"wp-block-column is-layout-flow wp-block-column-is-layout-flow\">\n<div class=\"wp-block-group group-stretched-link is-layout-flow wp-block-group-is-layout-flow\">\n<figure class=\"wp-block-image aligncenter size-full is-resized is-style-rounded-90 force-no-lightbox force-no-caption mb-0\"><a href=\"https:\/\/www.greenpeace.org\/canada\/fr\/qui-sommes-nous\/notre-histoire\/\"><img loading=\"lazy\" decoding=\"async\" width=\"512\" height=\"512\" src=\"https:\/\/www.greenpeace.org\/static\/planet4-canada-stateless\/2024\/06\/607759a3-victories.png\" alt=\"\" class=\"wp-image-66263\" srcset=\"https:\/\/www.greenpeace.org\/static\/planet4-canada-stateless\/2024\/06\/607759a3-victories.png 512w, https:\/\/www.greenpeace.org\/static\/planet4-canada-stateless\/2024\/06\/607759a3-victories-300x300.png 300w, https:\/\/www.greenpeace.org\/static\/planet4-canada-stateless\/2024\/06\/607759a3-victories-150x150.png 150w, https:\/\/www.greenpeace.org\/static\/planet4-canada-stateless\/2024\/06\/607759a3-victories-340x340.png 340w\" sizes=\"auto, (max-width: 512px) 100vw, 512px\" \/><\/a><\/figure>\n\n\n\n<div style=\"height:16px\" aria-hidden=\"true\" class=\"wp-block-spacer\"><\/div>\n\n\n\n<h5 class=\"wp-block-heading has-text-align-center\" style=\"font-size:1rem\"><a href=\"https:\/\/www.greenpeace.org\/canada\/fr\/qui-sommes-nous\/notre-histoire\/\">Nos victoires<\/a><\/h5>\n<\/div>\n<\/div>\n\n\n\n<div class=\"wp-block-column is-layout-flow wp-block-column-is-layout-flow\">\n<div class=\"wp-block-group group-stretched-link is-layout-flow wp-block-group-is-layout-flow\">\n<figure class=\"wp-block-image aligncenter size-full is-resized is-style-rounded-90 force-no-lightbox force-no-caption mb-0\"><a href=\"https:\/\/www.greenpeace.org\/canada\/fr\/qui-sommes-nous\/bateaux\/\"><img loading=\"lazy\" decoding=\"async\" width=\"512\" height=\"512\" src=\"https:\/\/www.greenpeace.org\/static\/planet4-canada-stateless\/2024\/06\/3c2df8c7-ships.png\" alt=\"\" class=\"wp-image-66288\" srcset=\"https:\/\/www.greenpeace.org\/static\/planet4-canada-stateless\/2024\/06\/3c2df8c7-ships.png 512w, https:\/\/www.greenpeace.org\/static\/planet4-canada-stateless\/2024\/06\/3c2df8c7-ships-300x300.png 300w, https:\/\/www.greenpeace.org\/static\/planet4-canada-stateless\/2024\/06\/3c2df8c7-ships-150x150.png 150w, https:\/\/www.greenpeace.org\/static\/planet4-canada-stateless\/2024\/06\/3c2df8c7-ships-340x340.png 340w\" sizes=\"auto, (max-width: 512px) 100vw, 512px\" \/><\/a><\/figure>\n\n\n\n<div style=\"height:16px\" aria-hidden=\"true\" class=\"wp-block-spacer\"><\/div>\n\n\n\n<h5 class=\"wp-block-heading has-text-align-center\" style=\"font-size:1rem\"><a href=\"https:\/\/www.greenpeace.org\/canada\/fr\/qui-sommes-nous\/bateaux\/\">Notre flotte<\/a><\/h5>\n<\/div>\n<\/div>\n\n\n\n<div class=\"wp-block-column is-layout-flow wp-block-column-is-layout-flow\">\n<div class=\"wp-block-group group-stretched-link is-layout-flow wp-block-group-is-layout-flow\">\n<figure class=\"wp-block-image aligncenter size-full is-resized is-style-rounded-90 force-no-lightbox force-no-caption mb-0\"><a href=\"https:\/\/www.greenpeace.org\/canada\/fr\/qui-sommes-nous\/nos-valeurs\/\"><img loading=\"lazy\" decoding=\"async\" width=\"512\" height=\"512\" src=\"https:\/\/www.greenpeace.org\/static\/planet4-canada-stateless\/2024\/06\/498ea947-our-values.png\" alt=\"\" class=\"wp-image-66285\" srcset=\"https:\/\/www.greenpeace.org\/static\/planet4-canada-stateless\/2024\/06\/498ea947-our-values.png 512w, https:\/\/www.greenpeace.org\/static\/planet4-canada-stateless\/2024\/06\/498ea947-our-values-300x300.png 300w, https:\/\/www.greenpeace.org\/static\/planet4-canada-stateless\/2024\/06\/498ea947-our-values-150x150.png 150w, https:\/\/www.greenpeace.org\/static\/planet4-canada-stateless\/2024\/06\/498ea947-our-values-340x340.png 340w\" sizes=\"auto, (max-width: 512px) 100vw, 512px\" \/><\/a><\/figure>\n\n\n\n<div style=\"height:16px\" aria-hidden=\"true\" class=\"wp-block-spacer\"><\/div>\n\n\n\n<h5 class=\"wp-block-heading has-text-align-center\" style=\"font-size:1rem\"><a href=\"https:\/\/www.greenpeace.org\/canada\/fr\/qui-sommes-nous\/nos-valeurs\/\">Nos valeurs<\/a><\/h5>\n<\/div>\n<\/div>\n<\/div>\n<\/div>\n<\/div>\n\n\n\n\n<div class=\"wp-block-columns is-style-mobile-carousel is-layout-flex wp-container-core-columns-is-layout-9d6595d7 wp-block-columns-is-layout-flex\">\n<div class=\"wp-block-column is-layout-flow wp-block-column-is-layout-flow\">\n<div class=\"wp-block-group group-stretched-link is-layout-flow wp-block-group-is-layout-flow\">\n<figure class=\"wp-block-image aligncenter size-full is-resized is-style-rounded-90 force-no-lightbox force-no-caption mb-0\"><a href=\"https:\/\/www.greenpeace.org\/canada\/fr\/emplois\/\"><img loading=\"lazy\" decoding=\"async\" width=\"512\" height=\"512\" src=\"https:\/\/www.greenpeace.org\/static\/planet4-canada-stateless\/2024\/06\/08eeca90-jobs.png\" alt=\"\" class=\"wp-image-66282\" srcset=\"https:\/\/www.greenpeace.org\/static\/planet4-canada-stateless\/2024\/06\/08eeca90-jobs.png 512w, https:\/\/www.greenpeace.org\/static\/planet4-canada-stateless\/2024\/06\/08eeca90-jobs-300x300.png 300w, https:\/\/www.greenpeace.org\/static\/planet4-canada-stateless\/2024\/06\/08eeca90-jobs-150x150.png 150w, https:\/\/www.greenpeace.org\/static\/planet4-canada-stateless\/2024\/06\/08eeca90-jobs-340x340.png 340w\" sizes=\"auto, (max-width: 512px) 100vw, 512px\" \/><\/a><\/figure>\n\n\n\n<div style=\"height:16px\" aria-hidden=\"true\" class=\"wp-block-spacer\"><\/div>\n\n\n\n<h5 class=\"wp-block-heading has-text-align-center\" style=\"font-size:1rem\"><a href=\"https:\/\/www.greenpeace.org\/canada\/fr\/emplois\/\" data-type=\"link\" data-id=\"https:\/\/www.greenpeace.org\/canada\/en\/jobs\/\">Carri\u00e8res<\/a><\/h5>\n<\/div>\n<\/div>\n\n\n\n<div class=\"wp-block-column is-layout-flow wp-block-column-is-layout-flow\">\n<div class=\"wp-block-group group-stretched-link is-layout-flow wp-block-group-is-layout-flow\">\n<figure class=\"wp-block-image aligncenter size-full is-resized is-style-rounded-90 force-no-lightbox force-no-caption mb-0\"><a href=\"https:\/\/www.greenpeace.org\/canada\/fr\/qui-sommes-nous\/fonds-education\/\"><img loading=\"lazy\" decoding=\"async\" width=\"512\" height=\"512\" src=\"https:\/\/www.greenpeace.org\/static\/planet4-canada-stateless\/2024\/06\/8f0ca816-gcef.png\" alt=\"\" class=\"wp-image-66276\" srcset=\"https:\/\/www.greenpeace.org\/static\/planet4-canada-stateless\/2024\/06\/8f0ca816-gcef.png 512w, https:\/\/www.greenpeace.org\/static\/planet4-canada-stateless\/2024\/06\/8f0ca816-gcef-300x300.png 300w, https:\/\/www.greenpeace.org\/static\/planet4-canada-stateless\/2024\/06\/8f0ca816-gcef-150x150.png 150w, https:\/\/www.greenpeace.org\/static\/planet4-canada-stateless\/2024\/06\/8f0ca816-gcef-340x340.png 340w\" sizes=\"auto, (max-width: 512px) 100vw, 512px\" \/><\/a><\/figure>\n\n\n\n<div style=\"height:16px\" aria-hidden=\"true\" class=\"wp-block-spacer\"><\/div>\n\n\n\n<h5 class=\"wp-block-heading has-text-align-center\" style=\"font-size:1rem\"><a href=\"https:\/\/www.greenpeace.org\/canada\/fr\/qui-sommes-nous\/fonds-education\/\">Fonds d&rsquo;\u00e9ducation Greenpeace Canada<\/a><\/h5>\n<\/div>\n<\/div>\n\n\n\n<div class=\"wp-block-column is-layout-flow wp-block-column-is-layout-flow\">\n<div class=\"wp-block-group group-stretched-link is-layout-flow wp-block-group-is-layout-flow\">\n<figure class=\"wp-block-image aligncenter size-full is-resized is-style-rounded-90 force-no-lightbox force-no-caption mb-0\"><a href=\"https:\/\/www.greenpeace.org\/canada\/fr\/qui-sommes-nous\/nos-politiques\/\"><img loading=\"lazy\" decoding=\"async\" width=\"512\" height=\"512\" src=\"https:\/\/www.greenpeace.org\/static\/planet4-canada-stateless\/2024\/06\/06fb9746-policies.png\" alt=\"\" class=\"wp-image-66273\" srcset=\"https:\/\/www.greenpeace.org\/static\/planet4-canada-stateless\/2024\/06\/06fb9746-policies.png 512w, https:\/\/www.greenpeace.org\/static\/planet4-canada-stateless\/2024\/06\/06fb9746-policies-300x300.png 300w, https:\/\/www.greenpeace.org\/static\/planet4-canada-stateless\/2024\/06\/06fb9746-policies-150x150.png 150w, https:\/\/www.greenpeace.org\/static\/planet4-canada-stateless\/2024\/06\/06fb9746-policies-340x340.png 340w\" sizes=\"auto, (max-width: 512px) 100vw, 512px\" \/><\/a><\/figure>\n\n\n\n<div style=\"height:16px\" aria-hidden=\"true\" class=\"wp-block-spacer\"><\/div>\n\n\n\n<h5 class=\"wp-block-heading has-text-align-center\" style=\"font-size:1rem\"><a href=\"https:\/\/www.greenpeace.org\/canada\/fr\/qui-sommes-nous\/nos-politiques\/\">Nos politiques<\/a><\/h5>\n<\/div>\n<\/div>\n\n\n\n<div class=\"wp-block-column is-layout-flow wp-block-column-is-layout-flow\">\n<div class=\"wp-block-group group-stretched-link is-layout-flow wp-block-group-is-layout-flow\">\n<figure class=\"wp-block-image aligncenter size-full is-resized is-style-rounded-90 force-no-lightbox force-no-caption mb-0\"><a href=\"https:\/\/www.greenpeace.org\/canada\/fr\/qui-sommes-nous\/rapport-annuel\/\"><img loading=\"lazy\" decoding=\"async\" width=\"512\" height=\"512\" src=\"https:\/\/www.greenpeace.org\/static\/planet4-canada-stateless\/2024\/06\/c91fd7f2-impact-report.png\" alt=\"\" class=\"wp-image-66270\" srcset=\"https:\/\/www.greenpeace.org\/static\/planet4-canada-stateless\/2024\/06\/c91fd7f2-impact-report.png 512w, https:\/\/www.greenpeace.org\/static\/planet4-canada-stateless\/2024\/06\/c91fd7f2-impact-report-300x300.png 300w, https:\/\/www.greenpeace.org\/static\/planet4-canada-stateless\/2024\/06\/c91fd7f2-impact-report-150x150.png 150w, https:\/\/www.greenpeace.org\/static\/planet4-canada-stateless\/2024\/06\/c91fd7f2-impact-report-340x340.png 340w\" sizes=\"auto, (max-width: 512px) 100vw, 512px\" \/><\/a><\/figure>\n\n\n\n<div style=\"height:16px\" aria-hidden=\"true\" class=\"wp-block-spacer\"><\/div>\n\n\n\n<h5 class=\"wp-block-heading has-text-align-center\" style=\"font-size:1rem\"><a href=\"https:\/\/www.greenpeace.org\/canada\/fr\/qui-sommes-nous\/rapport-annuel\/\">Rapports d&rsquo;impact<\/a><\/h5>\n<\/div>\n<\/div>\n\n\n\n<div class=\"wp-block-column is-layout-flow wp-block-column-is-layout-flow\">\n<div class=\"wp-block-group group-stretched-link is-layout-flow wp-block-group-is-layout-flow\">\n<figure class=\"wp-block-image aligncenter size-full is-resized is-style-rounded-90 force-no-lightbox force-no-caption mb-0\"><a href=\"https:\/\/www.greenpeace.org\/canada\/fr\/qui-sommes-nous\/protesting-peacefully-to-change-the-world\/\"><img loading=\"lazy\" decoding=\"async\" width=\"512\" height=\"512\" src=\"https:\/\/www.greenpeace.org\/static\/planet4-canada-stateless\/2024\/06\/80961011-protest.png\" alt=\"\" class=\"wp-image-66267\" srcset=\"https:\/\/www.greenpeace.org\/static\/planet4-canada-stateless\/2024\/06\/80961011-protest.png 512w, https:\/\/www.greenpeace.org\/static\/planet4-canada-stateless\/2024\/06\/80961011-protest-300x300.png 300w, https:\/\/www.greenpeace.org\/static\/planet4-canada-stateless\/2024\/06\/80961011-protest-150x150.png 150w, https:\/\/www.greenpeace.org\/static\/planet4-canada-stateless\/2024\/06\/80961011-protest-340x340.png 340w\" sizes=\"auto, (max-width: 512px) 100vw, 512px\" \/><\/a><\/figure>\n\n\n\n<div style=\"height:16px\" aria-hidden=\"true\" class=\"wp-block-spacer\"><\/div>\n\n\n\n<h5 class=\"wp-block-heading has-text-align-center\" style=\"font-size:1rem\"><a href=\"https:\/\/www.greenpeace.org\/canada\/fr\/qui-sommes-nous\/protesting-peacefully-to-change-the-world\/\">La d\u00e9sob\u00e9issance civile<\/a><\/h5>\n<\/div>\n<\/div>\n<\/div>\n<\/div>\n<\/div>\n\n\n<style>\n#footer {margin-top: -32px !important;}\n<\/style>\n","protected":false},"excerpt":{"rendered":"<p>Le Fonds m\u00e8ne, soutient, promeut et diffuse des recherches sur les changements climatiques, la conservation et la pr\u00e9servation \u00e9cologiques, la science environnementale et l\u2019\u00e9nergie renouvelable. Il \u00e9tudie les menaces et les solutions environnementales, y compris les moyens employ\u00e9s par les entreprises exctractives et leurs alli\u00e9s pour entraver toute action climatique concr\u00e8te. Il agit \u00e0 titre [&hellip;]<\/p>\n","protected":false},"author":119,"featured_media":66360,"parent":2192,"menu_order":0,"comment_status":"closed","ping_status":"closed","template":"","meta":{"ep_exclude_from_search":false,"p4_hide_page_title_checkbox":"on","p4_title":"","p4_subtitle":"","p4_description":"","background_image_id":"","background_image":"","p4_button_title":"","p4_button_link":"","p4_button_link_checkbox":"","p4_og_title":"Fonds d\u2019\u00e9ducation Greenpeace Canada","p4_og_description":"Le Canada compte deux organisations Greenpeace; Greenpeace Canada et le Fonds d\u2019\u00e9ducation Greenpeace Canada. \u00c9tabli en 2020, le Fonds d\u2019\u00e9ducation Greenpeace Canada (FEGC) est un organisme de bienfaisance enregistr\u00e9 qui se consacre \u00e0 la recherche, aux enqu\u00eates et \u00e0 l\u2019\u00e9ducation.","p4_og_image":"","p4_og_image_id":"","p4_seo_canonical_url":"","p4_campaign_name":"","p4_local_project":"","p4_basket_name":"","p4_department":"","footnotes":""},"categories":[18],"tags":[],"class_list":["post-66363","page","type-page","status-publish","has-post-thumbnail","hentry","category-notre-travail"],"_links":{"self":[{"href":"https:\/\/www.greenpeace.org\/canada\/fr\/wp-json\/wp\/v2\/pages\/66363","targetHints":{"allow":["GET"]}}],"collection":[{"href":"https:\/\/www.greenpeace.org\/canada\/fr\/wp-json\/wp\/v2\/pages"}],"about":[{"href":"https:\/\/www.greenpeace.org\/canada\/fr\/wp-json\/wp\/v2\/types\/page"}],"author":[{"embeddable":true,"href":"https:\/\/www.greenpeace.org\/canada\/fr\/wp-json\/wp\/v2\/users\/119"}],"replies":[{"embeddable":true,"href":"https:\/\/www.greenpeace.org\/canada\/fr\/wp-json\/wp\/v2\/comments?post=66363"}],"version-history":[{"count":8,"href":"https:\/\/www.greenpeace.org\/canada\/fr\/wp-json\/wp\/v2\/pages\/66363\/revisions"}],"predecessor-version":[{"id":69913,"href":"https:\/\/www.greenpeace.org\/canada\/fr\/wp-json\/wp\/v2\/pages\/66363\/revisions\/69913"}],"up":[{"embeddable":true,"href":"https:\/\/www.greenpeace.org\/canada\/fr\/wp-json\/wp\/v2\/pages\/2192"}],"wp:featuredmedia":[{"embeddable":true,"href":"https:\/\/www.greenpeace.org\/canada\/fr\/wp-json\/wp\/v2\/media\/66360"}],"wp:attachment":[{"href":"https:\/\/www.greenpeace.org\/canada\/fr\/wp-json\/wp\/v2\/media?parent=66363"}],"wp:term":[{"taxonomy":"category","embeddable":true,"href":"https:\/\/www.greenpeace.org\/canada\/fr\/wp-json\/wp\/v2\/categories?post=66363"},{"taxonomy":"post_tag","embeddable":true,"href":"https:\/\/www.greenpeace.org\/canada\/fr\/wp-json\/wp\/v2\/tags?post=66363"}],"curies":[{"name":"wp","href":"https:\/\/api.w.org\/{rel}","templated":true}]}}