{"id":66541,"date":"2024-07-10T15:57:29","date_gmt":"2024-07-10T19:57:29","guid":{"rendered":"https:\/\/www.greenpeace.org\/canada\/?page_id=66541"},"modified":"2024-07-31T10:58:03","modified_gmt":"2024-07-31T14:58:03","slug":"calmez-votre-canicule-avec-de-la-glace-gratuite","status":"publish","type":"page","link":"https:\/\/www.greenpeace.org\/canada\/fr\/calmez-votre-canicule-avec-de-la-glace-gratuite\/","title":{"rendered":"Cr\u00e8me glac\u00e9e Power Rangers"},"content":{"rendered":"\n\n<div class=\"wp-block-group alignfull is-layout-flow wp-block-group-is-layout-flow\">\n<div class=\"wp-block-group container is-layout-flow wp-block-group-is-layout-flow\">\n<div class=\"wp-block-media-text alignfull has-media-on-the-right is-stacked-on-mobile is-pattern-p4-page-header is-style-parallax\"><div class=\"wp-block-media-text__content\">\n<div class=\"wp-block-group is-layout-flow wp-block-group-is-layout-flow\">\n<h1 class=\"wp-block-heading has-white-background-color has-background\">Cr\u00e8mes glac\u00e9es gratuites contre la crise climatique<\/h1>\n<\/div>\n\n\n\n<p style=\"font-size:1.1rem\">Montr\u00e9al! Cet \u00e9t\u00e9, Greenpeace vous aidera \u00e0 vous rafra\u00eechir de la canicule avec de la cr\u00e8me glac\u00e9e gratuite v\u00e9gane! Venez vous sucrer le bec et prendre part \u00e0 des conversations sur les ph\u00e9nom\u00e8nes m\u00e9t\u00e9orologiques extr\u00eames, les combustibles fossiles et les solutions \u00e0 apporter pour pouvoir composer avec ces temp\u00e9ratures \u00e9lev\u00e9es.<\/p>\n\n\n\n<div class=\"wp-block-buttons is-layout-flex wp-block-buttons-is-layout-flex\">\n<div class=\"wp-block-button is-style-cta\"><a class=\"wp-block-button__link wp-element-button\" href=\"#rsvp-form\">Confirmez votre pr\u00e9sence!<\/a><\/div>\n<\/div>\n<\/div><figure class=\"wp-block-media-text__media\"><img loading=\"lazy\" decoding=\"async\" width=\"1024\" height=\"768\" src=\"https:\/\/www.greenpeace.org\/static\/planet4-canada-stateless\/2024\/07\/27bd57e0-img_2721-1024x768.jpg\" alt=\"\" sizes=\"auto, (min-width: 601px) 50vw, 100vw\" srcset=\"https:\/\/www.greenpeace.org\/static\/planet4-canada-stateless\/2024\/07\/27bd57e0-img_2721-scaled.jpg 2560w, https:\/\/www.greenpeace.org\/static\/planet4-canada-stateless\/2024\/07\/27bd57e0-img_2721-300x225.jpg 300w, https:\/\/www.greenpeace.org\/static\/planet4-canada-stateless\/2024\/07\/27bd57e0-img_2721-1024x768.jpg 1024w, https:\/\/www.greenpeace.org\/static\/planet4-canada-stateless\/2024\/07\/27bd57e0-img_2721-768x576.jpg 768w, https:\/\/www.greenpeace.org\/static\/planet4-canada-stateless\/2024\/07\/27bd57e0-img_2721-1536x1152.jpg 1536w, https:\/\/www.greenpeace.org\/static\/planet4-canada-stateless\/2024\/07\/27bd57e0-img_2721-2048x1536.jpg 2048w, https:\/\/www.greenpeace.org\/static\/planet4-canada-stateless\/2024\/07\/27bd57e0-img_2721-1821x1366.jpg 1821w, https:\/\/www.greenpeace.org\/static\/planet4-canada-stateless\/2024\/07\/27bd57e0-img_2721-453x340.jpg 453w\" class=\"wp-image-66528 size-full\"\/><\/figure><\/div>\n<\/div>\n<\/div>\n\n\n<h2 class=\"wp-block-heading has-text-align-center is-style-default has-grey-900-color has-grey-100-background-color has-text-color has-background has-link-color wp-elements-cc522b055729d042c0f66c27ea15e585\" id=\"rsvp-form\">D\u00e9tails de l&rsquo;\u00e9v\u00e9nement<\/h2>\n\n<div class=\"wp-block-group is-horizontal is-content-justification-space-between is-nowrap is-layout-flex wp-container-core-group-is-layout-b493c794 wp-block-group-is-layout-flex\">\n<p>Date: jeudi 1er ao\u00fbt de 14h30 \u00e0 17h30 (ou jusqu\u2019\u00e0 ce qu\u2019il n\u2019y ait plus de cr\u00e8me glac\u00e9e!)<\/p>\n\n\n\n<p>Lieu: Parc Simon-Valois, \u00e0 l\u2019intersection de Rue Ontario et Avenue Valois<\/p>\n<\/div>\n\n<div id=\"\">\r\n<script charset=\"utf-8\" type=\"text\/javascript\" src=\"\/\/js.hsforms.net\/forms\/embed\/v2.js\"><\/script>\r\n<script>\r\n  hbspt.forms.create({\r\n    region: \"na1\",\r\n    portalId: \"20052921\",\r\n    formId: \"f031c7b1-b4a9-4eb2-97a5-58ae2b9a7d67\"\r\n  });\r\n<\/script>\r\n<\/div>\n","protected":false},"excerpt":{"rendered":"<p>D\u00e9tails de l&rsquo;\u00e9v\u00e9nement Date: jeudi 1er ao\u00fbt de 14h30 \u00e0 17h30 (ou jusqu\u2019\u00e0 ce qu\u2019il n\u2019y ait plus de cr\u00e8me glac\u00e9e!) Lieu: Parc Simon-Valois, \u00e0 l\u2019intersection de Rue Ontario et Avenue Valois<\/p>\n","protected":false},"author":12,"featured_media":66530,"parent":0,"menu_order":0,"comment_status":"closed","ping_status":"closed","template":"","meta":{"ep_exclude_from_search":false,"p4_hide_page_title_checkbox":"on","p4_title":"","p4_subtitle":"","p4_description":"","background_image_id":"","background_image":"","p4_button_title":"","p4_button_link":"","p4_button_link_checkbox":"","p4_og_title":"Cr\u00e8mes glac\u00e9es gratuites contre la crise climatique","p4_og_description":"Montr\u00e9al! Cet \u00e9t\u00e9, Greenpeace va vous aider \u00e0 vous rafra\u00eechir de ces temp\u00e9ratures \u00e9lev\u00e9es avec de la cr\u00e8me glac\u00e9e gratuite! Vous pouvez vous attendre \u00e0 de d\u00e9licieuses g\u00e2teries et \u00e0 des conversations int\u00e9ressantes sur les ph\u00e9nom\u00e8nes m\u00e9t\u00e9orologiques extr\u00eames, les combustibles fossiles et les solutions pour vivre dans un avenir plus chaud.","p4_og_image":"","p4_og_image_id":"","p4_seo_canonical_url":"","p4_campaign_name":"","p4_local_project":"","p4_basket_name":"","p4_department":"","footnotes":""},"categories":[],"tags":[],"class_list":["post-66541","page","type-page","status-publish","has-post-thumbnail","hentry"],"_links":{"self":[{"href":"https:\/\/www.greenpeace.org\/canada\/fr\/wp-json\/wp\/v2\/pages\/66541","targetHints":{"allow":["GET"]}}],"collection":[{"href":"https:\/\/www.greenpeace.org\/canada\/fr\/wp-json\/wp\/v2\/pages"}],"about":[{"href":"https:\/\/www.greenpeace.org\/canada\/fr\/wp-json\/wp\/v2\/types\/page"}],"author":[{"embeddable":true,"href":"https:\/\/www.greenpeace.org\/canada\/fr\/wp-json\/wp\/v2\/users\/12"}],"replies":[{"embeddable":true,"href":"https:\/\/www.greenpeace.org\/canada\/fr\/wp-json\/wp\/v2\/comments?post=66541"}],"version-history":[{"count":15,"href":"https:\/\/www.greenpeace.org\/canada\/fr\/wp-json\/wp\/v2\/pages\/66541\/revisions"}],"predecessor-version":[{"id":66914,"href":"https:\/\/www.greenpeace.org\/canada\/fr\/wp-json\/wp\/v2\/pages\/66541\/revisions\/66914"}],"wp:featuredmedia":[{"embeddable":true,"href":"https:\/\/www.greenpeace.org\/canada\/fr\/wp-json\/wp\/v2\/media\/66530"}],"wp:attachment":[{"href":"https:\/\/www.greenpeace.org\/canada\/fr\/wp-json\/wp\/v2\/media?parent=66541"}],"wp:term":[{"taxonomy":"category","embeddable":true,"href":"https:\/\/www.greenpeace.org\/canada\/fr\/wp-json\/wp\/v2\/categories?post=66541"},{"taxonomy":"post_tag","embeddable":true,"href":"https:\/\/www.greenpeace.org\/canada\/fr\/wp-json\/wp\/v2\/tags?post=66541"}],"curies":[{"name":"wp","href":"https:\/\/api.w.org\/{rel}","templated":true}]}}