{"id":67949,"date":"2025-02-25T15:01:35","date_gmt":"2025-02-25T20:01:35","guid":{"rendered":"https:\/\/www.greenpeace.org\/canada\/?page_id=67949"},"modified":"2025-09-23T05:50:54","modified_gmt":"2025-09-23T09:50:54","slug":"nouvelles","status":"publish","type":"page","link":"https:\/\/www.greenpeace.org\/canada\/fr\/nouvelles\/","title":{"rendered":"Nouvelles et espace presse"},"content":{"rendered":"","protected":true},"excerpt":{"rendered":"","protected":true},"author":119,"featured_media":67179,"parent":0,"menu_order":0,"comment_status":"closed","ping_status":"closed","template":"","meta":{"ep_exclude_from_search":false,"p4_hide_page_title_checkbox":"on","p4_title":"","p4_subtitle":"","p4_description":"","background_image_id":"","background_image":"","p4_button_title":"","p4_button_link":"","p4_button_link_checkbox":"","p4_og_title":"Nouvelles et espace presse","p4_og_description":"Vous trouverez ici les derniers communiqu\u00e9s de presse de Greenpeace Canada, lesquels sont transmis aux m\u00e9dias. Veuillez communiquer avec notre \u00e9quipe presse pour toute demande d'entrevue, de vid\u00e9o pr\u00eate \u00e0 diffuser et de photos haute r\u00e9solution.","p4_og_image":"","p4_og_image_id":"","p4_seo_canonical_url":"","p4_campaign_name":"","p4_local_project":"","p4_basket_name":"","p4_department":"","footnotes":""},"categories":[18],"tags":[],"class_list":["post-67949","page","type-page","status-publish","post-password-required","hentry","category-notre-travail"],"_links":{"self":[{"href":"https:\/\/www.greenpeace.org\/canada\/fr\/wp-json\/wp\/v2\/pages\/67949","targetHints":{"allow":["GET"]}}],"collection":[{"href":"https:\/\/www.greenpeace.org\/canada\/fr\/wp-json\/wp\/v2\/pages"}],"about":[{"href":"https:\/\/www.greenpeace.org\/canada\/fr\/wp-json\/wp\/v2\/types\/page"}],"author":[{"embeddable":true,"href":"https:\/\/www.greenpeace.org\/canada\/fr\/wp-json\/wp\/v2\/users\/119"}],"replies":[{"embeddable":true,"href":"https:\/\/www.greenpeace.org\/canada\/fr\/wp-json\/wp\/v2\/comments?post=67949"}],"version-history":[{"count":8,"href":"https:\/\/www.greenpeace.org\/canada\/fr\/wp-json\/wp\/v2\/pages\/67949\/revisions"}],"predecessor-version":[{"id":72396,"href":"https:\/\/www.greenpeace.org\/canada\/fr\/wp-json\/wp\/v2\/pages\/67949\/revisions\/72396"}],"wp:featuredmedia":[{"embeddable":true,"href":"https:\/\/www.greenpeace.org\/canada\/fr\/wp-json\/wp\/v2\/media\/67179"}],"wp:attachment":[{"href":"https:\/\/www.greenpeace.org\/canada\/fr\/wp-json\/wp\/v2\/media?parent=67949"}],"wp:term":[{"taxonomy":"category","embeddable":true,"href":"https:\/\/www.greenpeace.org\/canada\/fr\/wp-json\/wp\/v2\/categories?post=67949"},{"taxonomy":"post_tag","embeddable":true,"href":"https:\/\/www.greenpeace.org\/canada\/fr\/wp-json\/wp\/v2\/tags?post=67949"}],"curies":[{"name":"wp","href":"https:\/\/api.w.org\/{rel}","templated":true}]}}