{"id":68138,"date":"2025-01-16T11:19:38","date_gmt":"2025-01-16T16:19:38","guid":{"rendered":"https:\/\/www.greenpeace.org\/canada\/?page_id=68138"},"modified":"2025-07-28T04:56:41","modified_gmt":"2025-07-28T08:56:41","slug":"soutenez-greenpeace-contre-industrie-petroliere","status":"publish","type":"page","link":"https:\/\/www.greenpeace.org\/canada\/fr\/agir\/soutenez-greenpeace-contre-industrie-petroliere\/","title":{"rendered":"Soutenez Greenpeace face aux attaques de l&rsquo;industrie p\u00e9troli\u00e8re!"},"content":{"rendered":"\n\n<div class=\"wp-block-group alignfull is-layout-flow wp-block-group-is-layout-flow\">\n<div class=\"wp-block-group container is-layout-flow wp-block-group-is-layout-flow\">\n<div class=\"wp-block-media-text alignfull has-media-on-the-right is-stacked-on-mobile is-pattern-p4-page-header is-style-parallax\"><div class=\"wp-block-media-text__content\">\n<div class=\"wp-block-group is-layout-flow wp-block-group-is-layout-flow\">\n<h1 class=\"wp-block-heading hero-title-h1 has-white-background-color has-background\">Soutenez Greenpeace face \u00e0 l&rsquo;industrie p\u00e9troli\u00e8re!<\/h1>\n<\/div>\n\n\n\n<p style=\"font-size:1.25rem\">La survie de Greenpeace est menac\u00e9e aux \u00c9tats-Unis par un <strong>proc\u00e8s de 300 millions de dollars<\/strong> intent\u00e9 par la p\u00e9troli\u00e8re Energy Transfer. Agissez maintenant et aidez notre mouvement \u00e0 rester fort face \u00e0 cette attaque.<\/p>\n\n\n\n<div class=\"wp-block-buttons is-layout-flex wp-block-buttons-is-layout-flex\">\n<div class=\"wp-block-button has-custom-font-size is-style-cta has-medium-font-size\"><a class=\"wp-block-button__link wp-element-button\" href=\"https:\/\/act.greenpeace.ca\/fr-ca\/energy-transfer\" target=\"_blank\" rel=\"noreferrer noopener\">Faites-vous entendre<\/a><\/div>\n<\/div>\n<\/div><figure class=\"wp-block-media-text__media\"><img loading=\"lazy\" decoding=\"async\" width=\"1024\" height=\"683\" src=\"https:\/\/www.greenpeace.org\/static\/planet4-canada-stateless\/2025\/01\/071a77b9-gp0su2kgk-min-1024x683.jpg\" alt=\"\" sizes=\"auto, (min-width: 601px) 50vw, 100vw\" srcset=\"https:\/\/www.greenpeace.org\/static\/planet4-canada-stateless\/2025\/01\/071a77b9-gp0su2kgk-min.jpg 1327w, https:\/\/www.greenpeace.org\/static\/planet4-canada-stateless\/2025\/01\/071a77b9-gp0su2kgk-min-300x200.jpg 300w, https:\/\/www.greenpeace.org\/static\/planet4-canada-stateless\/2025\/01\/071a77b9-gp0su2kgk-min-1024x683.jpg 1024w, https:\/\/www.greenpeace.org\/static\/planet4-canada-stateless\/2025\/01\/071a77b9-gp0su2kgk-min-768x512.jpg 768w, https:\/\/www.greenpeace.org\/static\/planet4-canada-stateless\/2025\/01\/071a77b9-gp0su2kgk-min-510x340.jpg 510w\" class=\"wp-image-68111 size-full\"\/><\/figure><\/div>\n<\/div>\n<\/div>\n\n\n<style>\n.hero-title-h1 {margin-left: -8px !important;}\n.columns-block.block-style-no_image .column-wrap h3 { margin-bottom: 25px !important; font-size: 35px !important;}\n<\/style>\n\n<p style=\"font-size:1.25rem\">Energy Transfer poursuit Greenpeace International et Greenpeace \u00c9tats-Unis pour <strong>300 millions de dollars en dommages et int\u00e9r\u00eats<\/strong>, montant qui pourrait atteindre un milliard en cas de dommages punitifs. Si la p\u00e9troli\u00e8re obtient gain de cause, cela cr\u00e9erait un <strong>dangereux pr\u00e9c\u00e9dent <\/strong>qui menacerait notre droit de manifester et fragiliserait l\u2019ensemble de notre mouvement. <br><br><strong>Nous ne pouvons pas laisser l&rsquo;industrie p\u00e9troli\u00e8re nous r\u00e9duire au silence. <\/strong><br><strong>Rejoignez le mouvement mondial <\/strong>pour soutenir Greenpeace et prot\u00e9ger la libert\u00e9 d&rsquo;expression.<\/p>\n\n<div style=\"height:50px\" aria-hidden=\"true\" class=\"wp-block-spacer\"><\/div>\n<div data-render=\"planet4-blocks\/columns\" data-attributes=\"{&quot;attributes&quot;:{&quot;columns&quot;:[{&quot;title&quot;:&quot;Le probl\\u00e8me&quot;,&quot;description&quot;:&quot;Energy Transfer \\u2013 l&#039;entreprise p\\u00e9troli\\u00e8re qui exploite le Dakota Access Pipeline \\u2013 poursuit Greenpeace International et Greenpeace \\u00c9tats-Unis &lt;strong&gt;pour 300 millions de dollars en dommages et int\\u00e9r\\u00eats, &lt;\\\/strong&gt;montant qui pourrait atteindre un milliard en cas de dommages punitifs.&lt;br&gt;&lt;br&gt;Elle accuse Greenpeace \\u00c9tats-Unis d&#039;avoir orchestr\\u00e9 les manifestations contre le Dakota Access Pipeline, \\u00e9clipsant ainsi le &lt;strong&gt;mouvement de r\\u00e9sistance men\\u00e9 par les Sioux de Standing Rock&lt;\\\/strong&gt; pour d\\u00e9fendre leurs terres et leurs eaux.&lt;br&gt;&lt;br&gt;Cette action en justice est un cas flagrant de poursuite-b\\u00e2illon, une &lt;strong&gt;tactique juridique abusive qui vise \\u00e0 \\u00e9puiser nos ressources,&lt;\\\/strong&gt; &lt;strong&gt;\\u00e0 nous emp\\u00eacher de nous exprimer et \\u00e0 d\\u00e9courager des personnes comme vous d&#039;agir.&lt;\\\/strong&gt;&lt;br&gt;&lt;br&gt;Si Energy Transfer obtient gain de cause, cela cr\\u00e9erait un &lt;strong&gt;pr\\u00e9c\\u00e9dent dangereux&lt;\\\/strong&gt; qui menacerait notre droit de manifester \\u00e0 l&#039;\\u00e9chelle mondiale.&quot;},{&quot;title&quot;:&quot;La solution&quot;,&quot;description&quot;:&quot;Cette affaire ne concerne pas seulement Greenpeace&lt;strong&gt;, c&#039;est un enjeu d&#039;int\\u00e9r\\u00eat g\\u00e9n\\u00e9ral. &lt;\\\/strong&gt;Partout \\u00e0 travers le monde, les grands pollueurs recourent de plus en plus \\u00e0 des tactiques juridiques abusives qui portent atteinte \\u00e0 la libert\\u00e9 d&#039;expression.&lt;br&gt;&lt;br&gt;Elles veulent r\\u00e9primer les protestations pacifiques, &lt;strong&gt;mais nous ne nous laisserons pas intimider.&lt;\\\/strong&gt;&lt;br&gt;&lt;br&gt;Les bureaux de Greenpeace ont d\\u00e9j\\u00e0 fait face \\u00e0 de telles actions en justice et y ont surv\\u00e9cu. L\\u2019an dernier, Shell a renonc\\u00e9 \\u00e0 sa poursuite contre Greenpeace et les tribunaux fran\\u00e7ais ont d\\u00e9bout\\u00e9 TotalEnergies face \\u00e0 Greenpeace France.&lt;br&gt;&lt;br&gt;&lt;strong&gt;Nous devons continuer de rester solidaires contre les attaques d&#039;Energy Transfer.&lt;\\\/strong&gt; &lt;br&gt;&lt;br&gt;Rejoignez-nous et envoyons un message clair aux p\\u00e9troli\\u00e8res qui croient que l&#039;intimidation est une tactique viable :&lt;strong&gt; elles n&#039;arriveront pas \\u00e0 nous faire taire et ne feront que renforcer notre d\\u00e9termination.&lt;\\\/strong&gt;&quot;}],&quot;className&quot;:&quot;is-style-no_image&quot;,&quot;columns_block_style&quot;:&quot;no_image&quot;}}\"><\/div><div data-render=\"planet4-blocks\/columns\" data-attributes=\"{&quot;attributes&quot;:{&quot;columns_block_style&quot;:&quot;tasks&quot;,&quot;columns&quot;:[{&quot;title&quot;:&quot;Faites vous entendre face \\u00e0 Energy Transfer&quot;,&quot;description&quot;:&quot;D\\u00e9fendez la libert\\u00e9 de manifester et de s&#039;exprimer face aux grandes p\\u00e9troli\\u00e8res en signant la p\\u00e9tition.&quot;,&quot;cta_text&quot;:&quot;Signez la p\\u00e9tition&quot;,&quot;cta_link&quot;:&quot;https:\\\/\\\/act.greenpeace.ca\\\/fr-ca\\\/energy-transfer&quot;,&quot;link_new_tab&quot;:true},{&quot;cta_link&quot;:&quot;https:\\\/\\\/act.greenpeace.ca\\\/fr-ca\\\/energy-transfer-message-soutien&quot;,&quot;cta_text&quot;:&quot;Envoyez un mot de soutien&quot;,&quot;title&quot;:&quot;Exprimez votre solidarit\\u00e9&quot;,&quot;description&quot;:&quot;Envoyez un message \\u00e0 nos coll\\u00e8gues aux \\u00c9tats-Unis pour leur exprimer votre soutien.&quot;,&quot;link_new_tab&quot;:true},{&quot;cta_link&quot;:&quot;https:\\\/\\\/greenpeacecanada.donorsupport.co\\\/page\\\/FUNCHJSAPVV?_lang=fr&quot;,&quot;title&quot;:&quot;Faites un don&quot;,&quot;description&quot;:&quot;Alimentez nos efforts face \\u00e0 l\\u2019industrie p\\u00e9troli\\u00e8re et aux grands pollueurs en faisant un don.&quot;,&quot;cta_text&quot;:&quot;Contribuez&quot;,&quot;link_new_tab&quot;:true}],&quot;className&quot;:&quot;is-style-tasks&quot;}}\"><\/div>\n<p><\/p>\n","protected":false},"excerpt":{"rendered":"<p>Soutenez Greenpeace face aux attaques de l&rsquo;industrie p\u00e9troli\u00e8re!<\/p>\n","protected":false},"author":12,"featured_media":68113,"parent":2214,"menu_order":0,"comment_status":"closed","ping_status":"closed","template":"","meta":{"ep_exclude_from_search":false,"p4_hide_page_title_checkbox":"on","p4_title":"","p4_subtitle":"","p4_description":"","background_image_id":"","background_image":"","p4_button_title":"","p4_button_link":"","p4_button_link_checkbox":"","p4_og_title":"Soutenez Greenpeace face \u00e0 l'industrie p\u00e9troli\u00e8re!","p4_og_description":"La survie de Greenpeace est menac\u00e9e par un proc\u00e8s de 300 millions de dollars intent\u00e9 par Energy Transfer. Agissez maintenant et aidez notre mouvement \u00e0 rester fort face \u00e0 cette attaque. ","p4_og_image":"","p4_og_image_id":"","p4_seo_canonical_url":"","p4_campaign_name":"","p4_local_project":"","p4_basket_name":"","p4_department":"","footnotes":""},"categories":[18],"tags":[41],"class_list":["post-68138","page","type-page","status-publish","has-post-thumbnail","hentry","category-notre-travail","tag-climat"],"_links":{"self":[{"href":"https:\/\/www.greenpeace.org\/canada\/fr\/wp-json\/wp\/v2\/pages\/68138","targetHints":{"allow":["GET"]}}],"collection":[{"href":"https:\/\/www.greenpeace.org\/canada\/fr\/wp-json\/wp\/v2\/pages"}],"about":[{"href":"https:\/\/www.greenpeace.org\/canada\/fr\/wp-json\/wp\/v2\/types\/page"}],"author":[{"embeddable":true,"href":"https:\/\/www.greenpeace.org\/canada\/fr\/wp-json\/wp\/v2\/users\/12"}],"replies":[{"embeddable":true,"href":"https:\/\/www.greenpeace.org\/canada\/fr\/wp-json\/wp\/v2\/comments?post=68138"}],"version-history":[{"count":15,"href":"https:\/\/www.greenpeace.org\/canada\/fr\/wp-json\/wp\/v2\/pages\/68138\/revisions"}],"predecessor-version":[{"id":71602,"href":"https:\/\/www.greenpeace.org\/canada\/fr\/wp-json\/wp\/v2\/pages\/68138\/revisions\/71602"}],"up":[{"embeddable":true,"href":"https:\/\/www.greenpeace.org\/canada\/fr\/wp-json\/wp\/v2\/pages\/2214"}],"wp:featuredmedia":[{"embeddable":true,"href":"https:\/\/www.greenpeace.org\/canada\/fr\/wp-json\/wp\/v2\/media\/68113"}],"wp:attachment":[{"href":"https:\/\/www.greenpeace.org\/canada\/fr\/wp-json\/wp\/v2\/media?parent=68138"}],"wp:term":[{"taxonomy":"category","embeddable":true,"href":"https:\/\/www.greenpeace.org\/canada\/fr\/wp-json\/wp\/v2\/categories?post=68138"},{"taxonomy":"post_tag","embeddable":true,"href":"https:\/\/www.greenpeace.org\/canada\/fr\/wp-json\/wp\/v2\/tags?post=68138"}],"curies":[{"name":"wp","href":"https:\/\/api.w.org\/{rel}","templated":true}]}}