{"id":7032,"date":"2019-01-17T14:20:54","date_gmt":"2019-01-17T19:20:54","guid":{"rendered":"https:\/\/www.greenpeace.org\/canada\/agir\/videos-lac-simon-first-nation-engagement-for-val-dor-caribou-herd\/"},"modified":"2024-03-26T08:49:31","modified_gmt":"2024-03-26T12:49:31","slug":"videos-lengagement-de-la-premiere-nation-de-lac-simon-pour-la-harde-de-caribous-de-val-dor","status":"publish","type":"page","link":"https:\/\/www.greenpeace.org\/canada\/fr\/videos-lengagement-de-la-premiere-nation-de-lac-simon-pour-la-harde-de-caribous-de-val-dor\/","title":{"rendered":"Vid\u00e9os : L\u2019engagement de la Premi\u00e8re Nation de Lac Simon pour la harde de caribous de Val-d\u2019Or"},"content":{"rendered":"\n                    <div class=\"wp-block-group is-vertical is-layout-flex wp-container-core-group-is-layout-8cf370e7 wp-block-group-is-layout-flex\">\n                    \n                                <p>La communaut\u00e9 Anishnabe du Lac Simon s\u2019est lev\u00e9e pour prot\u00e9ger une harde de caribous alors que le gouvernement avait d\u00e9cid\u00e9 de la laisser p\u00e9rir.\r\n\r\nEn collaboration avec les Premi\u00e8res Nations de Kitcisakik et de Long Point, elles ont demand\u00e9 et obtenu<sup>(1)<\/sup> un financement f\u00e9d\u00e9ral de 1,26 million de dollars sur cinq ans pour mettre en place des mesures de conservation pour le caribou de Val d\u2019Or.\r\n\r\nEn se battant pour le caribou, la communaut\u00e9 de Lac Simon nous interpelle \u00e9galement sur l\u2019urgence de prot\u00e9ger nos for\u00eats. Esp\u00e8ce parapluie <sup>(2)<\/sup>, le caribou bor\u00e9al menac\u00e9 nous indique que l\u2019\u00e9cosyst\u00e8me forestier l\u2019est tout autant. La d\u00e9gradation de son habitat imputables aux activit\u00e9s humaines d\u00e9r\u00e8gle le d\u00e9licat \u00e9quilibre de la for\u00eat et nuit \u00e0 sa survie.\r\n\r\nAlors que les for\u00eats sont des alli\u00e9s essentiels dans la lutte contre les changements climatiques \u00e0 l\u2019\u00e9chelle plan\u00e9taire, \u00e9coutons ce que les Premi\u00e8res Nations ont \u00e0 nous dire et <strong>suivons leur leadership pour les prot\u00e9ger. <\/strong>\r\n\r\nExprimez votre soutien \u00e0 la communaut\u00e9 de Lac Simon:<\/p>\n                            \n\n                    \n                            <div class=\"wp-block-buttons is-layout-flex wp-block-buttons-is-layout-flex\">\n                            <div class=\"wp-block-button\">\n                                <a class=\"wp-block-button__link wp-element-button\" href=\"https:\/\/act.greenpeace.org\/page\/36810\/action\/1?locale=fr-CA\" target=\"\" rel=\"noreferrer noopener\">\n                                    Envoyez-leur un message ici.\n                                <\/a>\n                            <\/div>\n                            <\/div>\n                            \n                    <\/div>\n                    <div class=\"video2col2\">\n<p><iframe class=\"frame100\" src=\"https:\/\/www.youtube.com\/embed\/w50VPWGOfRE?list=PLSsMu1pCwi1U49JJIfNTJTLPMui3sZyGm\" frameborder=\"0\" allowfullscreen=\"allowfullscreen\"><\/iframe><\/p>\n<div class=\"text2col2\"><strong>La communaut\u00e9 de Lac Simon Passe \u00e0 l\u2019action<\/strong><\/div>\n<\/div>\n<div class=\"video2col2\">\n<p><iframe class=\"frame100\" src=\"https:\/\/www.youtube.com\/embed\/3nI31GijKBY?list=PLSsMu1pCwi1U49JJIfNTJTLPMui3sZyGm\" frameborder=\"0\" allowfullscreen=\"allowfullscreen\"><\/iframe><\/p>\n<div class=\"text2col2\"><strong>Portrait de la cheffe Adrienne J\u00e9r\u00f4me<\/strong><\/div>\n<\/div>\n<div class=\"video2col2\">\n<p><iframe class=\"frame100\" src=\"https:\/\/www.youtube.com\/embed\/l62-9Zl807g?list=PLSsMu1pCwi1U49JJIfNTJTLPMui3sZyGm\" frameborder=\"0\" allowfullscreen=\"allowfullscreen\"><\/iframe><\/p>\n<div class=\"text2col2\"><strong>Portrait de Ronald Brazeau<strong>, Directeur des Ressources naturelles de Lac Simon <\/strong><\/strong><\/div>\n<\/div>\n<div class=\"video2col2\">\n<p><iframe class=\"frame100\" src=\"https:\/\/www.youtube.com\/embed\/jpibi4O01VY?list=PLSsMu1pCwi1U49JJIfNTJTLPMui3sZyGm\" frameborder=\"0\" allowfullscreen=\"allowfullscreen\"><\/iframe><\/p>\n<div class=\"text2col2\"><strong>Portrait de Mary Brazeau, A\u00een\u00e9e<\/strong><\/div>\n<\/div>\n<p>&nbsp;<\/p>\n<p>&nbsp;<\/p>\n<p>&nbsp;<\/p>\n<hr \/>\n<p><em><sup>1\u00a0<\/sup>https:\/\/www.newswire.ca\/fr\/news-releases\/des-actions-concretes-seront-mises-en-place-pour-proteger-la-harde-de-caribous-forestiers-de-val-dor-686133491.html<\/em><br \/>\n<em><sup>2\u00a0<\/sup>https:\/\/www.canada.ca\/fr\/environnement-changement-climatique\/services\/registre-public-especes-peril\/programmes-retablissement\/caribou-bois-population-boreale-2012.html<\/em><\/p>\n<hr \/>\n<p>&nbsp;<\/p>\n<p>&nbsp;<\/p>\n","protected":false},"excerpt":{"rendered":"<p>La communaut\u00e9 Anishnabe du Lac Simon s\u2019est lev\u00e9e pour prot\u00e9ger une harde de caribous alors que le gouvernement avait d\u00e9cid\u00e9 de la laisser p\u00e9rir.<\/p>\n","protected":false},"author":9,"featured_media":7092,"parent":0,"menu_order":0,"comment_status":"closed","ping_status":"closed","template":"","meta":{"ep_exclude_from_search":false,"p4_hide_page_title_checkbox":"","p4_title":"","p4_subtitle":"","p4_description":"","background_image_id":"","background_image":"","p4_button_title":"","p4_button_link":"","p4_button_link_checkbox":"","p4_og_title":"","p4_og_description":"","p4_og_image":"","p4_og_image_id":"","p4_seo_canonical_url":"","p4_campaign_name":"not set","p4_local_project":"","p4_basket_name":"not set","p4_department":"","footnotes":""},"categories":[19],"tags":[40,43],"class_list":["post-7032","page","type-page","status-publish","has-post-thumbnail","hentry","category-nature-fr","tag-autochtones","tag-forets"],"_links":{"self":[{"href":"https:\/\/www.greenpeace.org\/canada\/fr\/wp-json\/wp\/v2\/pages\/7032","targetHints":{"allow":["GET"]}}],"collection":[{"href":"https:\/\/www.greenpeace.org\/canada\/fr\/wp-json\/wp\/v2\/pages"}],"about":[{"href":"https:\/\/www.greenpeace.org\/canada\/fr\/wp-json\/wp\/v2\/types\/page"}],"author":[{"embeddable":true,"href":"https:\/\/www.greenpeace.org\/canada\/fr\/wp-json\/wp\/v2\/users\/9"}],"replies":[{"embeddable":true,"href":"https:\/\/www.greenpeace.org\/canada\/fr\/wp-json\/wp\/v2\/comments?post=7032"}],"version-history":[{"count":13,"href":"https:\/\/www.greenpeace.org\/canada\/fr\/wp-json\/wp\/v2\/pages\/7032\/revisions"}],"predecessor-version":[{"id":64319,"href":"https:\/\/www.greenpeace.org\/canada\/fr\/wp-json\/wp\/v2\/pages\/7032\/revisions\/64319"}],"wp:featuredmedia":[{"embeddable":true,"href":"https:\/\/www.greenpeace.org\/canada\/fr\/wp-json\/wp\/v2\/media\/7092"}],"wp:attachment":[{"href":"https:\/\/www.greenpeace.org\/canada\/fr\/wp-json\/wp\/v2\/media?parent=7032"}],"wp:term":[{"taxonomy":"category","embeddable":true,"href":"https:\/\/www.greenpeace.org\/canada\/fr\/wp-json\/wp\/v2\/categories?post=7032"},{"taxonomy":"post_tag","embeddable":true,"href":"https:\/\/www.greenpeace.org\/canada\/fr\/wp-json\/wp\/v2\/tags?post=7032"}],"curies":[{"name":"wp","href":"https:\/\/api.w.org\/{rel}","templated":true}]}}