{"id":9056,"date":"2019-05-29T10:21:59","date_gmt":"2019-05-29T14:21:59","guid":{"rendered":"https:\/\/www.greenpeace.org\/canada\/agir\/faites-un-don\/faites-un-don-par-testament\/green-guardians\/"},"modified":"2025-07-28T05:01:58","modified_gmt":"2025-07-28T09:01:58","slug":"les-gardiens-verts","status":"publish","type":"page","link":"https:\/\/www.greenpeace.org\/canada\/fr\/agir\/faites-un-don-par-testament\/les-gardiens-verts\/","title":{"rendered":"Les Gardiens verts"},"content":{"rendered":"\n                    <div class=\"wp-block-group is-vertical is-layout-flex wp-container-core-group-is-layout-8cf370e7 wp-block-group-is-layout-flex\">\n                    \n                                <p>Les Gardiens verts sont un groupe sp\u00e9cial d\u2019adh\u00e9rent\u00b7es reconnu\u00b7es pour leur grande motivation et leur engagement exceptionnel envers la protection de la plan\u00e8te. Cette communaut\u00e9 mondiale rassemble des gens dont la g\u00e9n\u00e9rosit\u00e9 et l\u2019engagement jouent un r\u00f4le significatif dans les actions de Greenpeace. Le groupe est compos\u00e9 des donateurs testamentaires, quelques-un\u00b7es de nos plus grands donateurs et donatrices, ainsi que plusieurs autres b\u00e9n\u00e9voles et bailleurs de fonds \u00e0 long terme.<\/p>\n                            \n\n                    \n                    <\/div>\n                    <p><img loading=\"lazy\" decoding=\"async\" class=\"size-full wp-image-8928\" src=\"https:\/\/www.greenpeace.org\/static\/planet4-canada-stateless\/2019\/05\/4be6d8ec-greengardians.png\" alt=\"Green Guardians\" width=\"621\" height=\"415\" srcset=\"https:\/\/www.greenpeace.org\/static\/planet4-canada-stateless\/2019\/05\/4be6d8ec-greengardians.png 621w, https:\/\/www.greenpeace.org\/static\/planet4-canada-stateless\/2019\/05\/4be6d8ec-greengardians-300x200.png 300w, https:\/\/www.greenpeace.org\/static\/planet4-canada-stateless\/2019\/05\/4be6d8ec-greengardians-510x340.png 510w\" sizes=\"auto, (max-width: 621px) 100vw, 621px\" \/><\/p>\n<h2 class=\"page-section-header\">Faire partie des Gardiens verts comporte de nombreux avantages :<\/h2>\n<ul>\n<li>ecevoir des invitations \u00e0 des \u00e9v\u00e9nements exclusifs;<\/li>\n<li>jouer un r\u00f4le consultatif lors de la planification de nos campagnes;<\/li>\n<li>recevoir des nouvelles exclusives de nos campagnes;<\/li>\n<li>faire partie d\u2019un cercle d\u2019adh\u00e9rent\u00b7es partageant les m\u00eames valeurs, au Canada et \u00e0 l\u2019international;<\/li>\n<li>obtenir un certificat de membre et une marque de reconnaissance;<\/li>\n<li>avoir sa propre personne-contact au sein de Greenpeace.<\/li>\n<\/ul>\n<div data-render=\"planet4-blocks\/columns\" data-attributes=\"{&quot;attributes&quot;:{&quot;columns_block_style&quot;:&quot;icons&quot;,&quot;columns_title&quot;:&quot;Pour savoir comment devenir membre des Gardiens verts, veuillez contacter Sana Fazal:&quot;,&quot;columns&quot;:[{&quot;description&quot;:&quot;Pour plus d&#039;informations sur la mani\\u00e8re dont vous pouvez devenir un Green Guardian, veuillez contacter Sana Fazal, responsable de l&#039;assistance aux supporters, \\u00e0 l&#039;adresse &lt;a href=\\&quot;mailto:mca@greenpeace.org\\&quot;&gt;mca@greenpeace.org&lt;\\\/a&gt; ou appelez notre \\u00e9quipe d&#039;assistance aux supporters au 1-(800) 320-7183&quot;,&quot;attachment&quot;:&quot;https:\\\/\\\/www.greenpeace.org\\\/static\\\/planet4-canada-stateless\\\/2023\\\/11\\\/f35ac5f3-untitled-design-150x150.png&quot;,&quot;link_new_tab&quot;:false,&quot;attachment_srcset&quot;:&quot;https:\\\/\\\/www.greenpeace.org\\\/static\\\/planet4-canada-stateless\\\/2023\\\/11\\\/f35ac5f3-untitled-design-150x150.png 150w, https:\\\/\\\/www.greenpeace.org\\\/static\\\/planet4-canada-stateless\\\/2023\\\/11\\\/f35ac5f3-untitled-design-300x300.png 300w, https:\\\/\\\/www.greenpeace.org\\\/static\\\/planet4-canada-stateless\\\/2023\\\/11\\\/f35ac5f3-untitled-design-340x340.png 340w, https:\\\/\\\/www.greenpeace.org\\\/static\\\/planet4-canada-stateless\\\/2023\\\/11\\\/f35ac5f3-untitled-design.png 500w&quot;}],&quot;className&quot;:&quot;is-style-icons&quot;}}\"><\/div>","protected":false},"excerpt":{"rendered":"<p>Les Gardiens verts sont un groupe sp\u00e9cial d\u2019adh\u00e9rent\u00b7es reconnu\u00b7es pour leur grande motivation et leur engagement exceptionnel envers la protection de la plan\u00e8te. Cette communaut\u00e9 mondiale rassemble des gens dont la g\u00e9n\u00e9rosit\u00e9 et l\u2019engagement jouent un r\u00f4le significatif dans les actions de Greenpeace. Le groupe est compos\u00e9 des donateurs testamentaires, quelques-un\u00b7es de nos plus grands donateurs et donatrices, ainsi que plusieurs autres b\u00e9n\u00e9voles et bailleurs de fonds \u00e0 long terme.<\/p>\n","protected":false},"author":9,"featured_media":8929,"parent":2174,"menu_order":0,"comment_status":"closed","ping_status":"closed","template":"","meta":{"ep_exclude_from_search":false,"p4_hide_page_title_checkbox":"","p4_title":"","p4_subtitle":"","p4_description":"","background_image_id":"","background_image":"","p4_button_title":"","p4_button_link":"","p4_button_link_checkbox":"","p4_og_title":"","p4_og_description":"","p4_og_image":"","p4_og_image_id":"","p4_seo_canonical_url":"","p4_campaign_name":"not set","p4_local_project":"not set","p4_basket_name":"not set","p4_department":"","footnotes":""},"categories":[],"tags":[50],"class_list":["post-9056","page","type-page","status-publish","has-post-thumbnail","hentry","tag-soutenirgreenpeace"],"_links":{"self":[{"href":"https:\/\/www.greenpeace.org\/canada\/fr\/wp-json\/wp\/v2\/pages\/9056","targetHints":{"allow":["GET"]}}],"collection":[{"href":"https:\/\/www.greenpeace.org\/canada\/fr\/wp-json\/wp\/v2\/pages"}],"about":[{"href":"https:\/\/www.greenpeace.org\/canada\/fr\/wp-json\/wp\/v2\/types\/page"}],"author":[{"embeddable":true,"href":"https:\/\/www.greenpeace.org\/canada\/fr\/wp-json\/wp\/v2\/users\/9"}],"replies":[{"embeddable":true,"href":"https:\/\/www.greenpeace.org\/canada\/fr\/wp-json\/wp\/v2\/comments?post=9056"}],"version-history":[{"count":15,"href":"https:\/\/www.greenpeace.org\/canada\/fr\/wp-json\/wp\/v2\/pages\/9056\/revisions"}],"predecessor-version":[{"id":71717,"href":"https:\/\/www.greenpeace.org\/canada\/fr\/wp-json\/wp\/v2\/pages\/9056\/revisions\/71717"}],"up":[{"embeddable":true,"href":"https:\/\/www.greenpeace.org\/canada\/fr\/wp-json\/wp\/v2\/pages\/2174"}],"wp:featuredmedia":[{"embeddable":true,"href":"https:\/\/www.greenpeace.org\/canada\/fr\/wp-json\/wp\/v2\/media\/8929"}],"wp:attachment":[{"href":"https:\/\/www.greenpeace.org\/canada\/fr\/wp-json\/wp\/v2\/media?parent=9056"}],"wp:term":[{"taxonomy":"category","embeddable":true,"href":"https:\/\/www.greenpeace.org\/canada\/fr\/wp-json\/wp\/v2\/categories?post=9056"},{"taxonomy":"post_tag","embeddable":true,"href":"https:\/\/www.greenpeace.org\/canada\/fr\/wp-json\/wp\/v2\/tags?post=9056"}],"curies":[{"name":"wp","href":"https:\/\/api.w.org\/{rel}","templated":true}]}}