{"id":9071,"date":"2019-05-29T10:21:21","date_gmt":"2019-05-29T14:21:21","guid":{"rendered":"https:\/\/www.greenpeace.org\/canada\/agir\/faites-un-don\/faites-un-don-par-testament\/legacy-testimonials\/"},"modified":"2026-02-26T09:14:32","modified_gmt":"2026-02-26T14:14:32","slug":"temoignages-legs-testamentaires","status":"publish","type":"page","link":"https:\/\/www.greenpeace.org\/canada\/fr\/agir\/faites-un-don-par-testament\/temoignages-legs-testamentaires\/","title":{"rendered":"Legs testamentaires: t\u00e9moignages"},"content":{"rendered":"\n<div class=\"wp-block-group is-vertical is-layout-flex wp-container-core-group-is-layout-8cf370e7 wp-block-group-is-layout-flex\"><\/div>\n<div class=\"text2col\" style=\"text-align: center;\"><img decoding=\"async\" class=\"size-full wp-image-8917 aligncenter\" style=\"margin-right: 30px;\" src=\"https:\/\/www.greenpeace.org\/static\/planet4-canada-stateless\/2019\/05\/39b87723-trudierichards.png\" alt=\"\" width=\"200px\" srcset=\"https:\/\/www.greenpeace.org\/static\/planet4-canada-stateless\/2019\/05\/39b87723-trudierichards.png 371w, https:\/\/www.greenpeace.org\/static\/planet4-canada-stateless\/2019\/05\/39b87723-trudierichards-150x150.png 150w, https:\/\/www.greenpeace.org\/static\/planet4-canada-stateless\/2019\/05\/39b87723-trudierichards-300x300.png 300w, https:\/\/www.greenpeace.org\/static\/planet4-canada-stateless\/2019\/05\/39b87723-trudierichards-340x340.png 340w\" sizes=\"(max-width: 371px) 100vw, 371px\" \/><br \/><strong>Trudie Richards<\/strong><\/div>\n<div class=\"text2col\" style=\"vertical-align: top;\">\u00ab\u00a0<em>J\u2019ai inclus Greenpeace dans mon testament parce que sa mission est noble. Comment une personne pourrait-elle refuser de soutenir une organisation vou\u00e9e \u00e0 la protection de l\u2019environnement et \u00e0 la paix mondiale? Je me suis impliqu\u00e9e dans Greenpeace \u00e0 titre d\u2019employ\u00e9e et de membre du conseil d\u2019administration \u00e0 la fin des ann\u00e9es 1990. \u00c0 cette \u00e9poque, j\u2019admirais d\u00e9j\u00e0 la t\u00e9nacit\u00e9, l\u2019engagement et l\u2019humilit\u00e9 de mes coll\u00e8gues. J\u2019ai maintenant la chance d\u2019avoir quelques actifs, et il me semble tout naturel de les partager avec Greenpeace au moment de mourir. Je sais que cet argent sera tr\u00e8s bien d\u00e9pens\u00e9. <\/em>\u00ab\u00a0<\/div>\n<p>\u00a0<\/p>\n<p>\u00a0<\/p>\n<p>\u00a0<\/p>\n<div class=\"text2col\" style=\"text-align: center;\"><img decoding=\"async\" class=\"size-full wp-image-8915 aligncenter\" style=\"margin-right: 30px;\" src=\"https:\/\/www.greenpeace.org\/static\/planet4-canada-stateless\/2019\/05\/b5234b2b-donnabaines.png\" alt=\"\" width=\"200px\" srcset=\"https:\/\/www.greenpeace.org\/static\/planet4-canada-stateless\/2019\/05\/b5234b2b-donnabaines.png 371w, https:\/\/www.greenpeace.org\/static\/planet4-canada-stateless\/2019\/05\/b5234b2b-donnabaines-150x150.png 150w, https:\/\/www.greenpeace.org\/static\/planet4-canada-stateless\/2019\/05\/b5234b2b-donnabaines-300x300.png 300w, https:\/\/www.greenpeace.org\/static\/planet4-canada-stateless\/2019\/05\/b5234b2b-donnabaines-340x340.png 340w\" sizes=\"(max-width: 371px) 100vw, 371px\" \/><br \/><strong>Donna Baines<\/strong><\/div>\n<div class=\"text2col\" style=\"vertical-align: top;\">\u00ab\u00a0<em>Au moment de r\u00e9diger mes derni\u00e8res volont\u00e9s, il y a quelques ann\u00e9es, j\u2019ai \u00e9valu\u00e9 quel serait le meilleur h\u00e9ritage \u00e0 laisser \u00e0 mes enfants. J\u2019ai d\u00e9cid\u00e9 qu\u2019un monde plus propre, plus sain et plus agr\u00e9able figurerait en t\u00eate de liste. J\u2019ai donc fait un legs \u00e0 Greenpeace dans mon testament. Je pourrai partir sur une note d\u2019espoir, en sachant que Greenpeace et ses partenaires continueront \u00e0 prendre soin de notre plan\u00e8te.<\/em>\u00ab\u00a0<\/div>\n<p>\u00a0<\/p>\n<p>\u00a0<\/p>\n<p>\u00a0<\/p>\n<div class=\"text2col\" style=\"text-align: center;\">\u00a0<\/div>\n<p>\u00a0<\/p>\n<p>\u00a0<\/p>\n<p>\u00a0<\/p>\n","protected":false},"excerpt":{"rendered":"<p>Discover why others have left a legacy gift to Greenpeace.<\/p>\n","protected":false},"author":9,"featured_media":8917,"parent":2174,"menu_order":0,"comment_status":"closed","ping_status":"closed","template":"","meta":{"ep_exclude_from_search":false,"p4_hide_page_title_checkbox":"","p4_title":"","p4_subtitle":"","p4_description":"","background_image_id":"","background_image":"","p4_button_title":"","p4_button_link":"","p4_button_link_checkbox":"","p4_og_title":"","p4_og_description":"","p4_og_image":"","p4_og_image_id":"","p4_seo_canonical_url":"","p4_campaign_name":"not set","p4_local_project":"","p4_basket_name":"not set","p4_department":"","footnotes":""},"categories":[],"tags":[50],"class_list":["post-9071","page","type-page","status-publish","has-post-thumbnail","hentry","tag-soutenirgreenpeace"],"_links":{"self":[{"href":"https:\/\/www.greenpeace.org\/canada\/fr\/wp-json\/wp\/v2\/pages\/9071","targetHints":{"allow":["GET"]}}],"collection":[{"href":"https:\/\/www.greenpeace.org\/canada\/fr\/wp-json\/wp\/v2\/pages"}],"about":[{"href":"https:\/\/www.greenpeace.org\/canada\/fr\/wp-json\/wp\/v2\/types\/page"}],"author":[{"embeddable":true,"href":"https:\/\/www.greenpeace.org\/canada\/fr\/wp-json\/wp\/v2\/users\/9"}],"replies":[{"embeddable":true,"href":"https:\/\/www.greenpeace.org\/canada\/fr\/wp-json\/wp\/v2\/comments?post=9071"}],"version-history":[{"count":4,"href":"https:\/\/www.greenpeace.org\/canada\/fr\/wp-json\/wp\/v2\/pages\/9071\/revisions"}],"predecessor-version":[{"id":74304,"href":"https:\/\/www.greenpeace.org\/canada\/fr\/wp-json\/wp\/v2\/pages\/9071\/revisions\/74304"}],"up":[{"embeddable":true,"href":"https:\/\/www.greenpeace.org\/canada\/fr\/wp-json\/wp\/v2\/pages\/2174"}],"wp:featuredmedia":[{"embeddable":true,"href":"https:\/\/www.greenpeace.org\/canada\/fr\/wp-json\/wp\/v2\/media\/8917"}],"wp:attachment":[{"href":"https:\/\/www.greenpeace.org\/canada\/fr\/wp-json\/wp\/v2\/media?parent=9071"}],"wp:term":[{"taxonomy":"category","embeddable":true,"href":"https:\/\/www.greenpeace.org\/canada\/fr\/wp-json\/wp\/v2\/categories?post=9071"},{"taxonomy":"post_tag","embeddable":true,"href":"https:\/\/www.greenpeace.org\/canada\/fr\/wp-json\/wp\/v2\/tags?post=9071"}],"curies":[{"name":"wp","href":"https:\/\/api.w.org\/{rel}","templated":true}]}}