{"id":9471,"date":"2019-06-14T12:19:56","date_gmt":"2019-06-14T16:19:56","guid":{"rendered":"https:\/\/www.greenpeace.org\/canada\/arctic-tag\/"},"modified":"2026-04-08T04:50:51","modified_gmt":"2026-04-08T08:50:51","slug":"arctique-tag","status":"publish","type":"page","link":"https:\/\/www.greenpeace.org\/canada\/fr\/arctique-tag\/","title":{"rendered":"#Arctique"},"content":{"rendered":"\n                \n                <div class=\"wp-block-group alignfull is-layout-flow wp-block-group-is-layout-flow\">\n                \n                <div class=\"wp-block-group container is-layout-flow wp-block-group-is-layout-flow\">\n                \n                <div class=\"wp-block-media-text alignfull has-media-on-the-right is-stacked-on-mobile is-pattern-p4-page-header is-style-parallax\">\n\n                <div class=\"wp-block-media-text__content\">\n                    <div class=\"wp-block-group is-layout-flow wp-block-group-is-layout-flow\">\n                    \n                        <h1 class=\"wp-block-heading has-white-background-color has-background\">\n                            #Arctique\n                        <\/h1>\n                    <\/div>\n                \n\n                \n                        <p style=\"font-size:1.25rem\">\n                            L\u2019Arctique est un tr\u00e9sor qui regorge de beaut\u00e9 et abrite des millions de personnes et une faune extraordinaire.\r\n\r\nLe morse, le narval, le renard arctique, le b\u00e9luga et l\u2019ours polaire figurent parmi les animaux embl\u00e9matiques dont la survie d\u00e9pend de la sant\u00e9 de cet \u00e9cosyst\u00e8me. \r\n\r\nL\u2019Arctique canadien s\u2019\u00e9tend sur 1 425 000 kilom\u00e8tres carr\u00e9s o\u00f9 vivent de nombreuses communaut\u00e9s inuites, Premi\u00e8res Nations, d\u00e9n\u00e9es, m\u00e9tisses et non autochtones. L\u2019archipel arctique canadien est le deuxi\u00e8me plus grand territoire du Haut-Arctique, apr\u00e8s le Groenland.\r\n\r\nCet \u00e9cosyst\u00e8me unique, complexe et d\u00e9licat est toutefois menac\u00e9. De nouveaux risques constituent d\u2019\u00e9normes enjeux pour les peuples et la faune de l\u2019Arctique, avec des r\u00e9percussions  qui pourraient se faire sentir dans le monde entier. \r\n\r\nLa glace de mer fond en raison de l&rsquo;augmentation des temp\u00e9ratures caus\u00e9e par les changements climatiques. Les communaut\u00e9s arctiques sont contraintes de s\u2019adapter \u00e0 un environnement en constante mutation, et la faune, dont la survie d\u00e9pend de l\u2019int\u00e9grit\u00e9 de la glace, est menac\u00e9e. La possibilit\u00e9 d\u2019extinction d\u2019esp\u00e8ces cl\u00e9s, telles que l\u2019ours polaire, est donc bien r\u00e9elle.\r\n\r\nCette fonte des glaces fait augmenter le niveau de la mer et provoque des inondations dans les communaut\u00e9s c\u00f4ti\u00e8res et les petites nations insulaires. \r\n\r\nAlors que les compagnies de combustibles fossiles cherchent \u00e0 exploiter les ressources naturelles, et que les d\u00e9tonations sismiques et la p\u00eache industrielle sont une menace constante, les \u00e9cosyst\u00e8mes fragiles de l&rsquo;Arctique sont en danger.\r\n\r\nGreenpeace a mobilis\u00e9 plus de huit millions de personnes pour d\u00e9fendre et prot\u00e9ger l\u2019Arctique. Shell, l\u2019une des p\u00e9troli\u00e8res les plus puissantes au monde, a cess\u00e9 ses activit\u00e9s \u00e0 la suite de pressions exerc\u00e9es par nos sympathisants. Cette perc\u00e9e est certes une victoire, mais l\u2019Arctique reste menac\u00e9, et nous devons en assurer la protection permanente.\n                        <\/p>\n                    \n\n                \n\n                <\/div>\n                <figure class=\"wp-block-media-text__media\">\n                    <img loading=\"lazy\" decoding=\"async\" width=\"1200\" height=\"800\"\n                        src=\"https:\/\/www.greenpeace.org\/static\/planet4-canada-stateless\/2018\/06\/GP04F4B.jpg\"\n                        alt=\"\"\n                        sizes=\"auto, (min-width: 601px) 50vw, 100vw\" srcset=\"https:\/\/www.greenpeace.org\/static\/planet4-canada-stateless\/2018\/06\/GP04F4B.jpg 1200w, https:\/\/www.greenpeace.org\/static\/planet4-canada-stateless\/2018\/06\/GP04F4B-300x200.jpg 300w, https:\/\/www.greenpeace.org\/static\/planet4-canada-stateless\/2018\/06\/GP04F4B-768x512.jpg 768w, https:\/\/www.greenpeace.org\/static\/planet4-canada-stateless\/2018\/06\/GP04F4B-1024x683.jpg 1024w, https:\/\/www.greenpeace.org\/static\/planet4-canada-stateless\/2018\/06\/GP04F4B-510x340.jpg 510w\" class=\"wp-image-1352 size-full\"\n                    \/>\n                <\/figure>\n                <\/div>\n                \n                <\/div>\n                \n                <\/div>\n                \n                \n        <div class=\"wp-block-query actions-list p4-query-loop is-custom-layout-actions-list is-custom-layout-grid is-layout-grid wp-container-core-query-is-layout-29f43435 wp-block-query-is-layout-grid\"><h2 class=\"wp-block-heading\">Ce que vous pouvez faire<\/h2>\n        <p style=\"margin-top: 24px; margin-bottom: 32px;\"><\/p>\n        <div class=\"wp-block-query-no-results\">\n        <p >No posts found.<\/p>\n        <\/div>\n        \n        \n<div class=\"wp-block-buttons carousel-controls is-horizontal is-content-justification-space-between is-nowrap is-layout-flex wp-container-core-buttons-is-layout-044bd602 wp-block-buttons-is-layout-flex\">\n            <div class=\"wp-block-button carousel-control-prev\"><button type=\"button\" class=\"wp-block-button__link wp-element-button\">Prev<\/button><\/div>\n        \n\n            <div class=\"wp-block-button carousel-control-next\"><button type=\"button\" class=\"wp-block-button__link wp-element-button\">Next<\/button><\/div>\n        <\/div>\n\n        \n<div class=\"wp-block-buttons load-more-actions-container is-content-justification-center is-layout-flex wp-container-core-buttons-is-layout-16018d1d wp-block-buttons-is-layout-flex\">\n                <div class=\"wp-block-button is-style-secondary\"><button type=\"button\" class=\"wp-block-button__link wp-element-button\">Load more<\/button><\/div>\n            \n<\/div>\n<\/div>\n        \n    <div class=\"wp-block-query posts-list p4-query-loop is-custom-layout-list is-layout-flow wp-block-query-is-layout-flow\">\n        <div class=\"wp-block-group is-content-justification-space-between is-layout-flex wp-container-core-group-is-layout-3d213aab wp-block-group-is-layout-flex\"><h2 class=\"wp-block-heading\">Related Articles<\/h2>\n        <li class=\" wp-block-navigation-item see-all-link wp-block-navigation-link\"><a class=\"wp-block-navigation-item__content\"  href=\"http:\/\/www.greenpeace.org\/canada\/en\/news-stories\/?tag=arctic&#038;post-type=\"><span class=\"wp-block-navigation-item__label\">See all stories<\/span><\/a><\/li>\n        \n        <\/div>\n        \n\n    <p style=\"margin-top: 24px; margin-bottom: 36px;\"><\/p>\n\n    <div class=\"wp-block-query-no-results\">\n        <p >No posts found.<\/p>\n        <\/div>\n\n    \n\n    \n<div class=\"wp-block-buttons carousel-controls is-horizontal is-content-justification-space-between is-nowrap is-layout-flex wp-container-core-buttons-is-layout-044bd602 wp-block-buttons-is-layout-flex\">\n            <div class=\"wp-block-button carousel-control-prev\"><button type=\"button\" class=\"wp-block-button__link wp-element-button\">Prev<\/button><\/div>\n        \n\n            <div class=\"wp-block-button carousel-control-next\"><button type=\"button\" class=\"wp-block-button__link wp-element-button\">Next<\/button><\/div>\n        <\/div>\n\n\n    <li class=\" wp-block-navigation-item see-all-link wp-block-navigation-link\"><a class=\"wp-block-navigation-item__content\"  href=\"http:\/\/www.greenpeace.org\/canada\/en\/news-stories\/?tag=arctic&#038;post-type=\"><span class=\"wp-block-navigation-item__label\">See all stories<\/span><\/a><\/li><\/div>\n    <p>&nbsp;<\/p>\n","protected":false},"excerpt":{"rendered":"<p>L\u2019Arctique est un tr\u00e9sor qui regorge de beaut\u00e9 et abrite des millions de personnes et une faune extraordinaire.<\/p>\n<p>Le morse, le narval, le renard arctique, le b\u00e9luga et l\u2019ours polaire figurent parmi les animaux embl\u00e9matiques dont la survie d\u00e9pend de la sant\u00e9 de cet \u00e9cosyst\u00e8me. <\/p>\n","protected":false},"author":5,"featured_media":9333,"parent":0,"menu_order":0,"comment_status":"closed","ping_status":"closed","template":"","meta":{"ep_exclude_from_search":false,"p4_hide_page_title_checkbox":"on","p4_title":"","p4_subtitle":"","p4_description":"","background_image_id":"","background_image":"","p4_button_title":"","p4_button_link":"","p4_button_link_checkbox":"","p4_og_title":"","p4_og_description":"","p4_og_image":"","p4_og_image_id":"","p4_seo_canonical_url":"","p4_campaign_name":"People vs. Oil","p4_local_project":"","p4_basket_name":"Oil","p4_department":"","footnotes":""},"categories":[19],"tags":[],"class_list":["post-9471","page","type-page","status-publish","has-post-thumbnail","hentry","category-nature-fr"],"_links":{"self":[{"href":"https:\/\/www.greenpeace.org\/canada\/fr\/wp-json\/wp\/v2\/pages\/9471","targetHints":{"allow":["GET"]}}],"collection":[{"href":"https:\/\/www.greenpeace.org\/canada\/fr\/wp-json\/wp\/v2\/pages"}],"about":[{"href":"https:\/\/www.greenpeace.org\/canada\/fr\/wp-json\/wp\/v2\/types\/page"}],"author":[{"embeddable":true,"href":"https:\/\/www.greenpeace.org\/canada\/fr\/wp-json\/wp\/v2\/users\/5"}],"replies":[{"embeddable":true,"href":"https:\/\/www.greenpeace.org\/canada\/fr\/wp-json\/wp\/v2\/comments?post=9471"}],"version-history":[{"count":13,"href":"https:\/\/www.greenpeace.org\/canada\/fr\/wp-json\/wp\/v2\/pages\/9471\/revisions"}],"predecessor-version":[{"id":74708,"href":"https:\/\/www.greenpeace.org\/canada\/fr\/wp-json\/wp\/v2\/pages\/9471\/revisions\/74708"}],"wp:featuredmedia":[{"embeddable":true,"href":"https:\/\/www.greenpeace.org\/canada\/fr\/wp-json\/wp\/v2\/media\/9333"}],"wp:attachment":[{"href":"https:\/\/www.greenpeace.org\/canada\/fr\/wp-json\/wp\/v2\/media?parent=9471"}],"wp:term":[{"taxonomy":"category","embeddable":true,"href":"https:\/\/www.greenpeace.org\/canada\/fr\/wp-json\/wp\/v2\/categories?post=9471"},{"taxonomy":"post_tag","embeddable":true,"href":"https:\/\/www.greenpeace.org\/canada\/fr\/wp-json\/wp\/v2\/tags?post=9471"}],"curies":[{"name":"wp","href":"https:\/\/api.w.org\/{rel}","templated":true}]}}