{"id":9476,"date":"2019-06-17T11:25:40","date_gmt":"2019-06-17T15:25:40","guid":{"rendered":"https:\/\/www.greenpeace.org\/canada\/energysolutions\/"},"modified":"2026-05-05T08:17:21","modified_gmt":"2026-05-05T12:17:21","slug":"solutionsenergetiques","status":"publish","type":"page","link":"https:\/\/www.greenpeace.org\/canada\/fr\/solutionsenergetiques\/","title":{"rendered":"#Solutions\u00c9nerg\u00e9tiques"},"content":{"rendered":"\n                \n                <div class=\"wp-block-group alignfull is-layout-flow wp-block-group-is-layout-flow\">\n                \n                <div class=\"wp-block-group container is-layout-flow wp-block-group-is-layout-flow\">\n                \n                <div class=\"wp-block-media-text alignfull has-media-on-the-right is-stacked-on-mobile is-pattern-p4-page-header is-style-parallax\">\n\n                <div class=\"wp-block-media-text__content\">\n                    <div class=\"wp-block-group is-layout-flow wp-block-group-is-layout-flow\">\n                    \n                        <h1 class=\"wp-block-heading has-white-background-color has-background\">\n                            #Solutions\u00c9nerg\u00e9tiques\n                        <\/h1>\n                    <\/div>\n                \n\n                \n                        <p style=\"font-size:1.25rem\">\n                            L\u2019\u00e9nergie propre, c\u2019est l\u2019avenir.\r\n\r\nL\u2019\u00e9nergie renouvelable est peu co\u00fbteuse, durable et participe d\u00e9j\u00e0 \u00e0 rendre notre monde plus respectueux de l\u2019environnement et des populations. Nous avons une bonne id\u00e9e de l\u2019avenir que nous voulons et nous savons que les sources d\u2019\u00e9nergie renouvelables constituent le moyen d\u2019y parvenir.\r\n\r\nEnsemble, nous devons convaincre les gouvernements mondiaux d\u2019abandonner les carburants fossiles et d\u2019investir, entre autres, dans l\u2019\u00e9nergie solaire et \u00e9olienne. Ce ne sera pas une t\u00e2che facile, mais nous devons nous y atteler si nous voulons pr\u00e9server notre climat pour les g\u00e9n\u00e9rations \u00e0 venir.\r\n\n                        <\/p>\n                    \n\n                \n\n                <\/div>\n                <figure class=\"wp-block-media-text__media\">\n                    <img loading=\"lazy\" decoding=\"async\" width=\"1200\" height=\"799\"\n                        src=\"https:\/\/www.greenpeace.org\/static\/planet4-canada-stateless\/2018\/06\/GP04RTP.jpg\"\n                        alt=\"\"\n                        sizes=\"auto, (min-width: 601px) 50vw, 100vw\" srcset=\"https:\/\/www.greenpeace.org\/static\/planet4-canada-stateless\/2018\/06\/GP04RTP.jpg 1200w, https:\/\/www.greenpeace.org\/static\/planet4-canada-stateless\/2018\/06\/GP04RTP-300x200.jpg 300w, https:\/\/www.greenpeace.org\/static\/planet4-canada-stateless\/2018\/06\/GP04RTP-768x511.jpg 768w, https:\/\/www.greenpeace.org\/static\/planet4-canada-stateless\/2018\/06\/GP04RTP-1024x682.jpg 1024w, https:\/\/www.greenpeace.org\/static\/planet4-canada-stateless\/2018\/06\/GP04RTP-510x340.jpg 510w\" class=\"wp-image-1355 size-full\"\n                    \/>\n                <\/figure>\n                <\/div>\n                \n                <\/div>\n                \n                <\/div>\n                \n                \n        <div class=\"wp-block-query actions-list p4-query-loop is-custom-layout-actions-list is-custom-layout-grid is-layout-grid wp-container-core-query-is-layout-29f43435 wp-block-query-is-layout-grid\"><h2 class=\"wp-block-heading\">Ce que vous pouvez faire<\/h2>\n        <p style=\"margin-top: 24px; margin-bottom: 32px;\">Ensemble nous pouvons changer les choses. Passez \u00e0 l&rsquo;action !<\/p>\n        <div class=\"wp-block-query-no-results\">\n        <p >No posts found.<\/p>\n        <\/div>\n        \n        \n        <nav class=\"wp-block-group carousel-controls is-layout-flow wp-block-group-is-layout-flow\" aria-label=\"Actions List carousel controls\">\n<div class=\"wp-block-buttons is-horizontal is-content-justification-space-between is-nowrap is-layout-flex wp-container-core-buttons-is-layout-044bd602 wp-block-buttons-is-layout-flex\">\n            <div class=\"wp-block-button carousel-control-prev\"><button type=\"button\" class=\"wp-block-button__link wp-element-button\">Prev<\/button><\/div>\n        \n\n            <div class=\"wp-block-button carousel-control-next\"><button type=\"button\" class=\"wp-block-button__link wp-element-button\">Next<\/button><\/div>\n        <\/div>\n\n        \n        \n        <\/nav>\n        \n        \n<div class=\"wp-block-buttons load-more-actions-container is-content-justification-center is-layout-flex wp-container-core-buttons-is-layout-16018d1d wp-block-buttons-is-layout-flex\">\n                <div class=\"wp-block-button is-style-secondary\"><button type=\"button\" class=\"wp-block-button__link wp-element-button\">Load more<\/button><\/div>\n            \n<\/div>\n<\/div>\n        \n    <div class=\"wp-block-query posts-list p4-query-loop is-custom-layout-list is-layout-flow wp-block-query-is-layout-flow\">\n        <div class=\"wp-block-group is-content-justification-space-between is-layout-flex wp-container-core-group-is-layout-3d213aab wp-block-group-is-layout-flex\"><h2 class=\"wp-block-heading\">Related Articles<\/h2>\n        <li class=\" wp-block-navigation-item see-all-link wp-block-navigation-link\"><a class=\"wp-block-navigation-item__content\"  href=\"http:\/\/www.greenpeace.org\/canada\/en\/news-stories\/?tag=energysolutions&#038;post-type=publication\"><span data-ga-category=\"Posts List\" data-ga-action=\"See More Link\" data-ga-label=\"n\/a\" class=\"wp-block-navigation-item__label\">See all stories<\/span><\/a><\/li>\n        \n        <\/div>\n        \n\n    <p style=\"margin-top: 24px; margin-bottom: 36px;\"><\/p>\n\n    \n\n    <ul class=\"wp-block-post-template is-layout-flow wp-block-post-template-is-layout-flow\"><li class=\"wp-block-post post-71443 post type-post status-publish format-standard has-post-thumbnail hentry category-climate category-our-work category-live-sustainably tag-climate tag-energysolutions p4-page-type-publications\">\n            \n<div class=\"wp-block-columns is-layout-flex wp-container-core-columns-is-layout-9d6595d7 wp-block-columns-is-layout-flex\"><figure class=\"wp-block-post-featured-image\"><a href=\"https:\/\/www.greenpeace.org\/canada\/fr\/publications\/71443\/un-nouveau-rapport-de-greenpeace-canada-appelle-la-c-b-a-faire-payer-les-gros-pollueurs-pour-les-desastres-climatiques\/\" target=\"_self\"  ><img loading=\"lazy\" decoding=\"async\" data-ga-category=\"Posts List\" data-ga-action=\"Image\" data-ga-label=\"n\/a\" width=\"800\" height=\"533\" src=\"https:\/\/www.greenpeace.org\/static\/planet4-canada-stateless\/2024\/06\/dfe04e9f-gp0stxg0n_low-res-800px.jpg\" class=\"attachment-post-thumbnail size-post-thumbnail wp-post-image wp-stateless-item\" alt=\"Un nouveau rapport de Greenpeace Canada appelle la C.-B. \u00e0 faire payer les gros pollueurs pour les d\u00e9sastres climatiques\" style=\"object-fit:cover;\" srcset=\"https:\/\/www.greenpeace.org\/static\/planet4-canada-stateless\/2024\/06\/dfe04e9f-gp0stxg0n_low-res-800px.jpg 800w, https:\/\/www.greenpeace.org\/static\/planet4-canada-stateless\/2024\/06\/dfe04e9f-gp0stxg0n_low-res-800px-300x200.jpg 300w, https:\/\/www.greenpeace.org\/static\/planet4-canada-stateless\/2024\/06\/dfe04e9f-gp0stxg0n_low-res-800px-768x512.jpg 768w, https:\/\/www.greenpeace.org\/static\/planet4-canada-stateless\/2024\/06\/dfe04e9f-gp0stxg0n_low-res-800px-510x340.jpg 510w\" sizes=\"auto, (max-width: 800px) 100vw, 800px\" data-image-size=\"post-thumbnail\" data-stateless-media-bucket=\"planet4-canada-stateless\" data-stateless-media-name=\"2024\/06\/dfe04e9f-gp0stxg0n_low-res-800px.jpg\" \/><\/a><\/figure>\n\n        <div class=\"wp-block-group is-layout-flow wp-block-group-is-layout-flow\">\n                <div class=\"wp-block-group is-layout-flex wp-block-group-is-layout-flex\"><div class=\"wp-block-post-terms\"><a data-ga-category=\"Posts List\" data-ga-action=\"Post Type Tag\" data-ga-label=\"n\/a\" href=\"https:\/\/www.greenpeace.org\/canada\/en\/category\/our-work\/climate\/\">Climate<\/a><\/div>\n                <div class=\"taxonomy-post_tag wp-block-post-terms\"><a data-ga-category=\"Posts List\" data-ga-action=\"Navigation Tag\" data-ga-label=\"n\/a\" href=\"https:\/\/www.greenpeace.org\/canada\/en\/tag\/climate\/\" rel=\"tag\">Climate<\/a><span class=\"wp-block-post-terms__separator\"> <\/span><a data-ga-category=\"Posts List\" data-ga-action=\"Navigation Tag\" data-ga-label=\"n\/a\" href=\"https:\/\/www.greenpeace.org\/canada\/en\/tag\/energysolutions\/\" rel=\"tag\">EnergySolutions<\/a><\/div>\n                \n                <\/div>\n                \n        <h3 class=\"wp-block-post-title\"><a data-ga-category=\"Posts List\" data-ga-action=\"Title\" data-ga-label=\"n\/a\" href=\"https:\/\/www.greenpeace.org\/canada\/fr\/publications\/71443\/un-nouveau-rapport-de-greenpeace-canada-appelle-la-c-b-a-faire-payer-les-gros-pollueurs-pour-les-desastres-climatiques\/\" target=\"_self\" >Un nouveau rapport de Greenpeace Canada appelle la C.-B. \u00e0 faire payer les gros pollueurs pour les d\u00e9sastres climatiques<\/a><\/h3>\n        <div class=\"wp-block-post-excerpt\"><p class=\"wp-block-post-excerpt__excerpt\">Vancouver \u2014 Alors que les feux de for\u00eat, les inondations et autres catastrophes climatiques co\u00fbtent des milliards chaque ann\u00e9e \u00e0 la Colombie-Britannique, un nouveau rapport propose une solution claire :&hellip; <\/p><\/div>\n        \n        <div class=\"wp-block-group posts-list-meta is-layout-flow wp-block-group-is-layout-flow\"><span class='article-list-item-author'><a data-ga-category=\"Posts List\" data-ga-action=\"Author\" data-ga-label=\"n\/a\" href='https:\/\/www.greenpeace.org\/canada\/fr\/author\/poumarou\/'>Patou Oumarou<\/a><\/span>\n        <div class=\"wp-block-post-date\"><time datetime=\"2025-07-16T09:00:37-04:00\">16 juillet, 2025<\/time><\/div>\n        \n        <\/div>\n        <\/div>\n        <\/div>\n\n            <\/li><li class=\"wp-block-post post-70221 post type-post status-publish format-standard has-post-thumbnail hentry category-climat category-notre-travail tag-energysolutions tag-climate p4-page-type-story\">\n            \n<div class=\"wp-block-columns is-layout-flex wp-container-core-columns-is-layout-9d6595d7 wp-block-columns-is-layout-flex\"><figure class=\"wp-block-post-featured-image\"><a href=\"https:\/\/www.greenpeace.org\/canada\/fr\/histoire\/70221\/le-projet-de-loi-c-5-de-mark-carney-doit-retourner-a-la-table-a-dessin\/\" target=\"_self\"  ><img loading=\"lazy\" decoding=\"async\" data-ga-category=\"Posts List\" data-ga-action=\"Image\" data-ga-label=\"n\/a\" width=\"1940\" height=\"1090\" src=\"https:\/\/www.greenpeace.org\/static\/planet4-canada-stateless\/2025\/06\/d8359325-screenshot-2025-06-19-at-13.46.16.png\" class=\"attachment-post-thumbnail size-post-thumbnail wp-post-image wp-stateless-item\" alt=\"Le projet de loi C-5 de Mark Carney doit retourner \u00e0 la table \u00e0 dessin\" style=\"object-fit:cover;\" srcset=\"https:\/\/www.greenpeace.org\/static\/planet4-canada-stateless\/2025\/06\/d8359325-screenshot-2025-06-19-at-13.46.16.png 1940w, https:\/\/www.greenpeace.org\/static\/planet4-canada-stateless\/2025\/06\/d8359325-screenshot-2025-06-19-at-13.46.16-300x169.png 300w, https:\/\/www.greenpeace.org\/static\/planet4-canada-stateless\/2025\/06\/d8359325-screenshot-2025-06-19-at-13.46.16-1024x575.png 1024w, https:\/\/www.greenpeace.org\/static\/planet4-canada-stateless\/2025\/06\/d8359325-screenshot-2025-06-19-at-13.46.16-768x432.png 768w, https:\/\/www.greenpeace.org\/static\/planet4-canada-stateless\/2025\/06\/d8359325-screenshot-2025-06-19-at-13.46.16-1536x863.png 1536w, https:\/\/www.greenpeace.org\/static\/planet4-canada-stateless\/2025\/06\/d8359325-screenshot-2025-06-19-at-13.46.16-510x287.png 510w\" sizes=\"auto, (max-width: 1940px) 100vw, 1940px\" data-image-size=\"post-thumbnail\" data-stateless-media-bucket=\"planet4-canada-stateless\" data-stateless-media-name=\"2025\/06\/d8359325-screenshot-2025-06-19-at-13.46.16.png\" \/><\/a><\/figure>\n\n        <div class=\"wp-block-group is-layout-flow wp-block-group-is-layout-flow\">\n                <div class=\"wp-block-group is-layout-flex wp-block-group-is-layout-flex\"><div class=\"wp-block-post-terms\"><a data-ga-category=\"Posts List\" data-ga-action=\"Post Type Tag\" data-ga-label=\"n\/a\" href=\"https:\/\/www.greenpeace.org\/canada\/fr\/category\/notre-travail\/climat\/\">Climat<\/a><\/div>\n                <div class=\"taxonomy-post_tag wp-block-post-terms\"><a data-ga-category=\"Posts List\" data-ga-action=\"Navigation Tag\" data-ga-label=\"n\/a\" href=\"https:\/\/www.greenpeace.org\/canada\/en\/tag\/energysolutions\/\" rel=\"tag\">EnergySolutions<\/a><span class=\"wp-block-post-terms__separator\"> <\/span><a data-ga-category=\"Posts List\" data-ga-action=\"Navigation Tag\" data-ga-label=\"n\/a\" href=\"https:\/\/www.greenpeace.org\/canada\/en\/tag\/climate\/\" rel=\"tag\">Climate<\/a><\/div>\n                \n                <\/div>\n                \n        <h3 class=\"wp-block-post-title\"><a data-ga-category=\"Posts List\" data-ga-action=\"Title\" data-ga-label=\"n\/a\" href=\"https:\/\/www.greenpeace.org\/canada\/fr\/histoire\/70221\/le-projet-de-loi-c-5-de-mark-carney-doit-retourner-a-la-table-a-dessin\/\" target=\"_self\" >Le projet de loi C-5 de Mark Carney doit retourner \u00e0 la table \u00e0 dessin<\/a><\/h3>\n        <div class=\"wp-block-post-excerpt\"><p class=\"wp-block-post-excerpt__excerpt\">Greenpeace d\u00e9nonce les dangers li\u00e9s au projet de loi C-5 (Loi visant \u00e0 b\u00e2tir le Canada), qui acc\u00e9l\u00e8re la mise en \u0153uvre de projets dits d&rsquo;\u00ab int\u00e9r\u00eat national \u00bb. <\/p><\/div>\n        \n        <div class=\"wp-block-group posts-list-meta is-layout-flow wp-block-group-is-layout-flow\"><span class='article-list-item-author'>Louis Couillard<\/span>\n        <div class=\"wp-block-post-date\"><time datetime=\"2025-06-19T13:55:05-04:00\">19 juin, 2025<\/time><\/div>\n        \n        <\/div>\n        <\/div>\n        <\/div>\n\n            <\/li><li class=\"wp-block-post post-70166 post type-post status-publish format-standard has-post-thumbnail hentry category-climate category-nature category-our-work tag-climate tag-energysolutions tag-oil p4-page-type-story\">\n            \n<div class=\"wp-block-columns is-layout-flex wp-container-core-columns-is-layout-9d6595d7 wp-block-columns-is-layout-flex\"><figure class=\"wp-block-post-featured-image\"><a href=\"https:\/\/www.greenpeace.org\/canada\/fr\/histoire\/70166\/mark-carney-veut-faire-passer-harper-pour-un-ecologiste-le-projet-de-loi-c-5-decortique\/\" target=\"_self\"  ><img loading=\"lazy\" decoding=\"async\" data-ga-category=\"Posts List\" data-ga-action=\"Image\" data-ga-label=\"n\/a\" width=\"1200\" height=\"628\" src=\"https:\/\/www.greenpeace.org\/static\/planet4-canada-stateless\/2025\/05\/12baf2c9-p4-blog-cover-photos.jpg\" class=\"attachment-post-thumbnail size-post-thumbnail wp-post-image wp-stateless-item\" alt=\"Mark Carney veut faire passer Harper pour un \u00e9cologiste : le projet de loi visant \u00e0 b\u00e2tir le Canada d\u00e9cortiqu\u00e9\" style=\"object-fit:cover;\" srcset=\"https:\/\/www.greenpeace.org\/static\/planet4-canada-stateless\/2025\/05\/12baf2c9-p4-blog-cover-photos.jpg 1200w, https:\/\/www.greenpeace.org\/static\/planet4-canada-stateless\/2025\/05\/12baf2c9-p4-blog-cover-photos-300x157.jpg 300w, https:\/\/www.greenpeace.org\/static\/planet4-canada-stateless\/2025\/05\/12baf2c9-p4-blog-cover-photos-1024x536.jpg 1024w, https:\/\/www.greenpeace.org\/static\/planet4-canada-stateless\/2025\/05\/12baf2c9-p4-blog-cover-photos-768x402.jpg 768w, https:\/\/www.greenpeace.org\/static\/planet4-canada-stateless\/2025\/05\/12baf2c9-p4-blog-cover-photos-510x267.jpg 510w\" sizes=\"auto, (max-width: 1200px) 100vw, 1200px\" data-image-size=\"post-thumbnail\" data-stateless-media-bucket=\"planet4-canada-stateless\" data-stateless-media-name=\"2025\/05\/12baf2c9-p4-blog-cover-photos.jpg\" \/><\/a><\/figure>\n\n        <div class=\"wp-block-group is-layout-flow wp-block-group-is-layout-flow\">\n                <div class=\"wp-block-group is-layout-flex wp-block-group-is-layout-flex\"><div class=\"wp-block-post-terms\"><a data-ga-category=\"Posts List\" data-ga-action=\"Post Type Tag\" data-ga-label=\"n\/a\" href=\"https:\/\/www.greenpeace.org\/canada\/en\/category\/our-work\/climate\/\">Climate<\/a><\/div>\n                <div class=\"taxonomy-post_tag wp-block-post-terms\"><a data-ga-category=\"Posts List\" data-ga-action=\"Navigation Tag\" data-ga-label=\"n\/a\" href=\"https:\/\/www.greenpeace.org\/canada\/en\/tag\/climate\/\" rel=\"tag\">Climate<\/a><span class=\"wp-block-post-terms__separator\"> <\/span><a data-ga-category=\"Posts List\" data-ga-action=\"Navigation Tag\" data-ga-label=\"n\/a\" href=\"https:\/\/www.greenpeace.org\/canada\/en\/tag\/energysolutions\/\" rel=\"tag\">EnergySolutions<\/a><span class=\"wp-block-post-terms__separator\"> <\/span><a data-ga-category=\"Posts List\" data-ga-action=\"Navigation Tag\" data-ga-label=\"n\/a\" href=\"https:\/\/www.greenpeace.org\/canada\/en\/tag\/oil\/\" rel=\"tag\">Oil<\/a><\/div>\n                \n                <\/div>\n                \n        <h3 class=\"wp-block-post-title\"><a data-ga-category=\"Posts List\" data-ga-action=\"Title\" data-ga-label=\"n\/a\" href=\"https:\/\/www.greenpeace.org\/canada\/fr\/histoire\/70166\/mark-carney-veut-faire-passer-harper-pour-un-ecologiste-le-projet-de-loi-c-5-decortique\/\" target=\"_self\" >Mark Carney veut faire passer Harper pour un \u00e9cologiste : le projet de loi visant \u00e0 b\u00e2tir le Canada d\u00e9cortiqu\u00e9<\/a><\/h3>\n        <div class=\"wp-block-post-excerpt\"><p class=\"wp-block-post-excerpt__excerpt\">La mauvaise nouvelle du jour : Mark Carney vient de d\u00e9poser un projet de loi qui risque de faire passer Stephen Harper pour un \u00e9cologiste mod\u00e9r\u00e9. Le projet de loi&hellip; <\/p><\/div>\n        \n        <div class=\"wp-block-group posts-list-meta is-layout-flow wp-block-group-is-layout-flow\"><span class='article-list-item-author'><a data-ga-category=\"Posts List\" data-ga-action=\"Author\" data-ga-label=\"n\/a\" href='https:\/\/www.greenpeace.org\/canada\/fr\/author\/lcouilla\/'>Louis Couillard<\/a><\/span>\n        <div class=\"wp-block-post-date\"><time datetime=\"2025-06-10T09:10:28-04:00\">10 juin, 2025<\/time><\/div>\n        \n        <\/div>\n        <\/div>\n        <\/div>\n\n            <\/li><\/ul>\n\n    \n<div class=\"wp-block-buttons carousel-controls is-horizontal is-content-justification-space-between is-nowrap is-layout-flex wp-container-core-buttons-is-layout-044bd602 wp-block-buttons-is-layout-flex\">\n            <div class=\"wp-block-button carousel-control-prev\"><button type=\"button\" class=\"wp-block-button__link wp-element-button\">Prev<\/button><\/div>\n        \n\n            <div class=\"wp-block-button carousel-control-next\"><button type=\"button\" class=\"wp-block-button__link wp-element-button\">Next<\/button><\/div>\n        <\/div>\n\n\n    <li class=\" wp-block-navigation-item see-all-link wp-block-navigation-link\"><a class=\"wp-block-navigation-item__content\"  href=\"http:\/\/www.greenpeace.org\/canada\/en\/news-stories\/?tag=energysolutions&#038;post-type=publication\"><span data-ga-category=\"Posts List\" data-ga-action=\"See More Link\" data-ga-label=\"n\/a\" class=\"wp-block-navigation-item__label\">See all stories<\/span><\/a><\/li><\/div>\n    ","protected":false},"excerpt":{"rendered":"<p>L\u2019\u00e9nergie propre, c\u2019est l\u2019avenir.<br \/>\nL\u2019\u00e9nergie renouvelable est peu co\u00fbteuse, durable et participe d\u00e9j\u00e0 \u00e0 rendre notre monde plus respectueux de l\u2019environnement et des populations. Nous avons une bonne id\u00e9e de l\u2019avenir que nous voulons et nous savons que les sources d\u2019\u00e9nergie renouvelables constituent le moyen d\u2019y parvenir.<\/p>\n","protected":false},"author":9,"featured_media":5007,"parent":0,"menu_order":0,"comment_status":"closed","ping_status":"closed","template":"","meta":{"ep_exclude_from_search":false,"p4_hide_page_title_checkbox":"on","p4_title":"","p4_subtitle":"","p4_description":"","background_image_id":"","background_image":"","p4_button_title":"","p4_button_link":"","p4_button_link_checkbox":"","p4_og_title":"","p4_og_description":"","p4_og_image":"","p4_og_image_id":"","p4_seo_canonical_url":"","p4_campaign_name":"not set","p4_local_project":"","p4_basket_name":"not set","p4_department":"","footnotes":""},"categories":[4],"tags":[],"class_list":["post-9476","page","type-page","status-publish","has-post-thumbnail","hentry","category-climate"],"_links":{"self":[{"href":"https:\/\/www.greenpeace.org\/canada\/fr\/wp-json\/wp\/v2\/pages\/9476","targetHints":{"allow":["GET"]}}],"collection":[{"href":"https:\/\/www.greenpeace.org\/canada\/fr\/wp-json\/wp\/v2\/pages"}],"about":[{"href":"https:\/\/www.greenpeace.org\/canada\/fr\/wp-json\/wp\/v2\/types\/page"}],"author":[{"embeddable":true,"href":"https:\/\/www.greenpeace.org\/canada\/fr\/wp-json\/wp\/v2\/users\/9"}],"replies":[{"embeddable":true,"href":"https:\/\/www.greenpeace.org\/canada\/fr\/wp-json\/wp\/v2\/comments?post=9476"}],"version-history":[{"count":15,"href":"https:\/\/www.greenpeace.org\/canada\/fr\/wp-json\/wp\/v2\/pages\/9476\/revisions"}],"predecessor-version":[{"id":75122,"href":"https:\/\/www.greenpeace.org\/canada\/fr\/wp-json\/wp\/v2\/pages\/9476\/revisions\/75122"}],"wp:featuredmedia":[{"embeddable":true,"href":"https:\/\/www.greenpeace.org\/canada\/fr\/wp-json\/wp\/v2\/media\/5007"}],"wp:attachment":[{"href":"https:\/\/www.greenpeace.org\/canada\/fr\/wp-json\/wp\/v2\/media?parent=9476"}],"wp:term":[{"taxonomy":"category","embeddable":true,"href":"https:\/\/www.greenpeace.org\/canada\/fr\/wp-json\/wp\/v2\/categories?post=9476"},{"taxonomy":"post_tag","embeddable":true,"href":"https:\/\/www.greenpeace.org\/canada\/fr\/wp-json\/wp\/v2\/tags?post=9476"}],"curies":[{"name":"wp","href":"https:\/\/api.w.org\/{rel}","templated":true}]}}