{"id":10089,"date":"2023-07-24T13:54:25","date_gmt":"2023-07-24T13:54:25","guid":{"rendered":"https:\/\/www.greenpeace.org\/chile\/?page_id=10089"},"modified":"2025-12-19T12:19:41","modified_gmt":"2025-12-19T12:19:41","slug":"involucrate","status":"publish","type":"page","link":"https:\/\/www.greenpeace.org\/chile\/involucrate\/","title":{"rendered":"Invol\u00facrate"},"content":{"rendered":"\n<div class=\"wp-block-media-text alignfull has-media-on-the-right is-stacked-on-mobile is-vertically-aligned-top is-pattern-p4-page-header is-style-default has-white-background-color has-background\"><div class=\"wp-block-media-text__content\">\n<div class=\"wp-block-group is-layout-flow wp-block-group-is-layout-flow\">\n<h1 class=\"wp-block-heading has-blue-green-800-color has-white-background-color has-text-color has-background\">Participa <br>\u00a1T\u00fa puedes <br>hacer mucho!<\/h1>\n<\/div>\n\n\n\n<p>Desde tu hogar, desde la calle, en grupo,<br>en la escuela, en la universidad,<br>con Internet, puedes ser parte activa <br>de nuestros reclamos y acciones.<br>\u00bfQuieres comenzar? Conoce tus opciones.<\/p>\n<\/div><figure class=\"wp-block-media-text__media\"><img loading=\"lazy\" decoding=\"async\" width=\"1024\" height=\"768\" src=\"https:\/\/www.greenpeace.org\/static\/planet4-chile-stateless\/2020\/09\/a00d0f29-france-nantes-fuente-plaza-royal-1024x768.jpg\" alt=\"\" sizes=\"auto, (min-width: 601px) 50vw, 100vw\" srcset=\"https:\/\/www.greenpeace.org\/static\/planet4-chile-stateless\/2020\/09\/a00d0f29-france-nantes-fuente-plaza-royal.jpg 2500w, https:\/\/www.greenpeace.org\/static\/planet4-chile-stateless\/2020\/09\/a00d0f29-france-nantes-fuente-plaza-royal-300x225.jpg 300w, https:\/\/www.greenpeace.org\/static\/planet4-chile-stateless\/2020\/09\/a00d0f29-france-nantes-fuente-plaza-royal-1024x768.jpg 1024w, https:\/\/www.greenpeace.org\/static\/planet4-chile-stateless\/2020\/09\/a00d0f29-france-nantes-fuente-plaza-royal-768x576.jpg 768w, https:\/\/www.greenpeace.org\/static\/planet4-chile-stateless\/2020\/09\/a00d0f29-france-nantes-fuente-plaza-royal-1536x1152.jpg 1536w, https:\/\/www.greenpeace.org\/static\/planet4-chile-stateless\/2020\/09\/a00d0f29-france-nantes-fuente-plaza-royal-2048x1536.jpg 2048w, https:\/\/www.greenpeace.org\/static\/planet4-chile-stateless\/2020\/09\/a00d0f29-france-nantes-fuente-plaza-royal-1821x1366.jpg 1821w, https:\/\/www.greenpeace.org\/static\/planet4-chile-stateless\/2020\/09\/a00d0f29-france-nantes-fuente-plaza-royal-453x340.jpg 453w\" class=\"wp-image-5808 size-full\"\/><\/figure><\/div>\n\n<div style=\"height:60px\" aria-hidden=\"true\" class=\"wp-block-spacer\"><\/div>\n\n<h2 class=\"wp-block-heading\">Conoce las formas en las que puedes ser parte<\/h2>\n\n<div class=\"wp-block-media-text is-stacked-on-mobile is-vertically-aligned-top is-image-fill-element\" style=\"grid-template-columns:36% auto\"><figure class=\"wp-block-media-text__media\"><img loading=\"lazy\" decoding=\"async\" width=\"1024\" height=\"684\" src=\"https:\/\/www.greenpeace.org\/static\/planet4-chile-stateless\/2022\/12\/72fae2b3-gp0stu9uf_medium_res_with_credit_line-1024x684.jpg\" alt=\"\" sizes=\"auto, (min-width: 1600px) calc((1320px - 24px) \/ 2.7778),(min-width: 1200px) calc((1140px - 24px) \/ 2.7778),(min-width: 992px) calc((960px - 24px) \/ 2.7778),(min-width: 768px) calc((720px - 24px) \/ 2.7778),(min-width: 601px) calc((540px - 24px) \/ 2.7778),(min-width: 577px) calc((540px - 24px) \/ 1), calc(100vw - 24px)\" srcset=\"https:\/\/www.greenpeace.org\/static\/planet4-chile-stateless\/2022\/12\/72fae2b3-gp0stu9uf_medium_res_with_credit_line.jpg 1200w, https:\/\/www.greenpeace.org\/static\/planet4-chile-stateless\/2022\/12\/72fae2b3-gp0stu9uf_medium_res_with_credit_line-300x200.jpg 300w, https:\/\/www.greenpeace.org\/static\/planet4-chile-stateless\/2022\/12\/72fae2b3-gp0stu9uf_medium_res_with_credit_line-1024x684.jpg 1024w, https:\/\/www.greenpeace.org\/static\/planet4-chile-stateless\/2022\/12\/72fae2b3-gp0stu9uf_medium_res_with_credit_line-768x513.jpg 768w, https:\/\/www.greenpeace.org\/static\/planet4-chile-stateless\/2022\/12\/72fae2b3-gp0stu9uf_medium_res_with_credit_line-510x340.jpg 510w\" class=\"wp-image-8533 size-full\" style=\"object-position:50% 50%\"\/><\/figure><div class=\"wp-block-media-text__content\">\n<h2 class=\"wp-block-heading\">Online: participa y ap\u00f3yanos firmando las peticiones de nuestras campa\u00f1as<\/h2>\n\n\n\n<p>\u00a1Tu apoyo es de gran valor para realizar los reclamos y propuestas!<\/p>\n\n\n\n<div class=\"wp-block-buttons is-layout-flex wp-block-buttons-is-layout-flex\">\n<div class=\"wp-block-button\"><a class=\"wp-block-button__link wp-element-button\" href=\"https:\/\/www.greenpeace.org\/chile\/campanas\/\">Conoce las peticiones y firma<\/a><\/div>\n<\/div>\n<\/div><\/div>\n\n<div style=\"height:30px\" aria-hidden=\"true\" class=\"wp-block-spacer\"><\/div>\n\n<div class=\"wp-block-media-text is-stacked-on-mobile is-vertically-aligned-top is-image-fill-element\" style=\"grid-template-columns:36% auto\"><figure class=\"wp-block-media-text__media\"><img loading=\"lazy\" decoding=\"async\" width=\"1024\" height=\"768\" src=\"https:\/\/www.greenpeace.org\/static\/planet4-chile-stateless\/2023\/07\/b4b54b13-whatsapp-image-2023-03-20-at-10.40.45-1024x768.jpeg\" alt=\"\" sizes=\"auto, (min-width: 1600px) calc((1320px - 24px) \/ 2.7778),(min-width: 1200px) calc((1140px - 24px) \/ 2.7778),(min-width: 992px) calc((960px - 24px) \/ 2.7778),(min-width: 768px) calc((720px - 24px) \/ 2.7778),(min-width: 601px) calc((540px - 24px) \/ 2.7778),(min-width: 577px) calc((540px - 24px) \/ 1), calc(100vw - 24px)\" srcset=\"https:\/\/www.greenpeace.org\/static\/planet4-chile-stateless\/2023\/07\/b4b54b13-whatsapp-image-2023-03-20-at-10.40.45.jpeg 1600w, https:\/\/www.greenpeace.org\/static\/planet4-chile-stateless\/2023\/07\/b4b54b13-whatsapp-image-2023-03-20-at-10.40.45-300x225.jpeg 300w, https:\/\/www.greenpeace.org\/static\/planet4-chile-stateless\/2023\/07\/b4b54b13-whatsapp-image-2023-03-20-at-10.40.45-1024x768.jpeg 1024w, https:\/\/www.greenpeace.org\/static\/planet4-chile-stateless\/2023\/07\/b4b54b13-whatsapp-image-2023-03-20-at-10.40.45-768x576.jpeg 768w, https:\/\/www.greenpeace.org\/static\/planet4-chile-stateless\/2023\/07\/b4b54b13-whatsapp-image-2023-03-20-at-10.40.45-1536x1152.jpeg 1536w, https:\/\/www.greenpeace.org\/static\/planet4-chile-stateless\/2023\/07\/b4b54b13-whatsapp-image-2023-03-20-at-10.40.45-453x340.jpeg 453w\" class=\"wp-image-10094 size-full\" style=\"object-position:50% 50%\"\/><\/figure><div class=\"wp-block-media-text__content\">\n<h2 class=\"wp-block-heading\">Forma parte: puedes sumarte al grupo de voluntariado<\/h2>\n\n\n\n<p>Si quieres integrar el equipo de voluntariado, realizar acciones y ser parte del grupo que trabaja para cuidar nuestro planeta: \u00a1te estamos esperando!<\/p>\n\n\n\n<div class=\"wp-block-buttons is-layout-flex wp-block-buttons-is-layout-flex\">\n<div class=\"wp-block-button\"><a class=\"wp-block-button__link wp-element-button\" href=\"https:\/\/www.greenpeace.org\/chile\/involucrate\/\">S\u00famate al voluntariado<\/a><\/div>\n<\/div>\n<\/div><\/div>\n\n<div style=\"height:30px\" aria-hidden=\"true\" class=\"wp-block-spacer\"><\/div>\n\n<div class=\"wp-block-media-text is-stacked-on-mobile is-vertically-aligned-top is-image-fill-element\" style=\"grid-template-columns:36% auto\"><figure class=\"wp-block-media-text__media\"><img loading=\"lazy\" decoding=\"async\" width=\"1024\" height=\"683\" src=\"https:\/\/www.greenpeace.org\/static\/planet4-chile-stateless\/2023\/12\/67e6387d-gpco-bffp-plogging-1-1024x683.jpg\" alt=\"\" sizes=\"auto, (min-width: 1600px) calc((1320px - 24px) \/ 2.7778),(min-width: 1200px) calc((1140px - 24px) \/ 2.7778),(min-width: 992px) calc((960px - 24px) \/ 2.7778),(min-width: 768px) calc((720px - 24px) \/ 2.7778),(min-width: 601px) calc((540px - 24px) \/ 2.7778),(min-width: 577px) calc((540px - 24px) \/ 1), calc(100vw - 24px)\" srcset=\"https:\/\/www.greenpeace.org\/static\/planet4-chile-stateless\/2023\/12\/67e6387d-gpco-bffp-plogging-1-scaled.jpg 2560w, https:\/\/www.greenpeace.org\/static\/planet4-chile-stateless\/2023\/12\/67e6387d-gpco-bffp-plogging-1-300x200.jpg 300w, https:\/\/www.greenpeace.org\/static\/planet4-chile-stateless\/2023\/12\/67e6387d-gpco-bffp-plogging-1-1024x683.jpg 1024w, https:\/\/www.greenpeace.org\/static\/planet4-chile-stateless\/2023\/12\/67e6387d-gpco-bffp-plogging-1-768x512.jpg 768w, https:\/\/www.greenpeace.org\/static\/planet4-chile-stateless\/2023\/12\/67e6387d-gpco-bffp-plogging-1-1536x1024.jpg 1536w, https:\/\/www.greenpeace.org\/static\/planet4-chile-stateless\/2023\/12\/67e6387d-gpco-bffp-plogging-1-2048x1366.jpg 2048w, https:\/\/www.greenpeace.org\/static\/planet4-chile-stateless\/2023\/12\/67e6387d-gpco-bffp-plogging-1-510x340.jpg 510w\" class=\"wp-image-11231 size-full\" style=\"object-position:50% 50%\"\/><\/figure><div class=\"wp-block-media-text__content\">\n<h2 class=\"wp-block-heading\">Dona: para poder llevar adelante nuestras campa\u00f1as y seguir luchando por el cuidado de nuestro planeta<\/h2>\n\n\n\n<p>Greenpeace es una organizaci\u00f3n independiente que se financia con la ayuda de particulares, no recibimos colaboraci\u00f3n de parte de ning\u00fan partido pol\u00edtico, empresa ni gobierno. Puede aportar mensualmente o por \u00fanica vez. <\/p>\n\n\n\n<div class=\"wp-block-buttons is-layout-flex wp-block-buttons-is-layout-flex\">\n<div class=\"wp-block-button\"><a class=\"wp-block-button__link wp-element-button\" href=\"https:\/\/www.greenpeace.org\/chile\/asociate-a-greenpeace\/\">As\u00f3ciate<\/a><\/div>\n<\/div>\n<\/div><\/div>\n\n<div class=\"wp-block-media-text is-stacked-on-mobile is-vertically-aligned-top is-image-fill-element\" style=\"grid-template-columns:36% auto\"><figure class=\"wp-block-media-text__media\"><img loading=\"lazy\" decoding=\"async\" width=\"1024\" height=\"683\" src=\"https:\/\/www.greenpeace.org\/static\/planet4-chile-stateless\/2024\/06\/4a2f57bb-gp1sxex6_medium-res-with-credit-line-1200px-1024x683.jpg\" alt=\"\" sizes=\"auto, (min-width: 1600px) calc((1320px - 24px) \/ 2.7778),(min-width: 1200px) calc((1140px - 24px) \/ 2.7778),(min-width: 992px) calc((960px - 24px) \/ 2.7778),(min-width: 768px) calc((720px - 24px) \/ 2.7778),(min-width: 601px) calc((540px - 24px) \/ 2.7778),(min-width: 577px) calc((540px - 24px) \/ 1), calc(100vw - 24px)\" srcset=\"https:\/\/www.greenpeace.org\/static\/planet4-chile-stateless\/2024\/06\/4a2f57bb-gp1sxex6_medium-res-with-credit-line-1200px.jpg 1200w, https:\/\/www.greenpeace.org\/static\/planet4-chile-stateless\/2024\/06\/4a2f57bb-gp1sxex6_medium-res-with-credit-line-1200px-300x200.jpg 300w, https:\/\/www.greenpeace.org\/static\/planet4-chile-stateless\/2024\/06\/4a2f57bb-gp1sxex6_medium-res-with-credit-line-1200px-1024x683.jpg 1024w, https:\/\/www.greenpeace.org\/static\/planet4-chile-stateless\/2024\/06\/4a2f57bb-gp1sxex6_medium-res-with-credit-line-1200px-768x512.jpg 768w, https:\/\/www.greenpeace.org\/static\/planet4-chile-stateless\/2024\/06\/4a2f57bb-gp1sxex6_medium-res-with-credit-line-1200px-510x340.jpg 510w\" class=\"wp-image-12542 size-full\" style=\"object-position:50% 50%\"\/><\/figure><div class=\"wp-block-media-text__content\">\n<h2 class=\"wp-block-heading\"><strong>\u00a1\u00danete al Cambio con Nuestros Captadores de Di\u00e1logo Directo!<\/strong><\/h2>\n\n\n\n<p>Cada d\u00eda nuestro equipo de di\u00e1logo directo est\u00e1 en las calles, sumando a m\u00e1s personas que comparten nuestra pasi\u00f3n por proteger el planeta. As\u00f3ciate y s\u00e9 parte de Greenpeace.<\/p>\n\n\n\n<div class=\"wp-block-buttons is-layout-flex wp-block-buttons-is-layout-flex\">\n<div class=\"wp-block-button\"><a class=\"wp-block-button__link wp-element-button\" href=\"https:\/\/www.greenpeace.org\/chile\/captadores-dialogo-directo\/\">Conoce m\u00e1s<\/a><\/div>\n<\/div>\n<\/div><\/div>\n\n<div class=\"wp-block-group alignfull block has-beige-100-background-color has-background is-layout-flow wp-block-group-is-layout-flow\" style=\"padding-top:80px;padding-bottom:80px\">\n<div class=\"wp-block-group container is-layout-flow wp-block-group-is-layout-flow\">\n<h2 class=\"wp-block-heading has-text-align-center\" style=\"margin-bottom:24px\">Contin\u00faa explorando los temas en los que trabajamos<\/h2>\n\n\n\n<p class=\"has-text-align-center my-0\">Realizamos campa\u00f1as que abordan las siguientes tem\u00e1ticas. Puedes leer por tema, encontrar informaci\u00f3n valiosa, sumarte a las peticiones y ser parte del cambio.<\/p>\n\n\n\n<div style=\"height:20px\" aria-hidden=\"true\" class=\"wp-block-spacer\"><\/div>\n\n\n\n<div class=\"wp-block-columns are-vertically-aligned-top is-style-mobile-carousel is-layout-flex wp-container-core-columns-is-layout-9d6595d7 wp-block-columns-is-layout-flex\">\n<div class=\"wp-block-column is-vertically-aligned-top has-white-background-color has-background is-layout-flow wp-block-column-is-layout-flow\">\n<div class=\"wp-block-group group-stretched-link is-layout-flow wp-block-group-is-layout-flow\">\n<figure class=\"wp-block-image aligncenter size-full is-resized force-no-lightbox force-no-caption is-style-default\"><a href=\"https:\/\/www.greenpeace.org\/chile\/campanas\/oceanos\/\"><img loading=\"lazy\" decoding=\"async\" width=\"1024\" height=\"1024\" src=\"https:\/\/www.greenpeace.org\/static\/planet4-chile-stateless\/2023\/07\/0571f657-oceanos.png\" alt=\"\" class=\"wp-image-10003\" style=\"width:90px;height:90px\" srcset=\"https:\/\/www.greenpeace.org\/static\/planet4-chile-stateless\/2023\/07\/0571f657-oceanos.png 1024w, https:\/\/www.greenpeace.org\/static\/planet4-chile-stateless\/2023\/07\/0571f657-oceanos-300x300.png 300w, https:\/\/www.greenpeace.org\/static\/planet4-chile-stateless\/2023\/07\/0571f657-oceanos-150x150.png 150w, https:\/\/www.greenpeace.org\/static\/planet4-chile-stateless\/2023\/07\/0571f657-oceanos-768x768.png 768w, https:\/\/www.greenpeace.org\/static\/planet4-chile-stateless\/2023\/07\/0571f657-oceanos-340x340.png 340w\" sizes=\"auto, (max-width: 1024px) 100vw, 1024px\" \/><\/a><\/figure>\n\n\n\n<h5 class=\"wp-block-heading has-text-align-center is-style-default\" style=\"font-size:1rem\"><a href=\"https:\/\/www.greenpeace.org\/chile\/campanas\/oceanos\/\">OC\u00c9ANOS<\/a><\/h5>\n\n\n\n<div style=\"height:16px\" aria-hidden=\"true\" class=\"wp-block-spacer\"><\/div>\n<\/div>\n<\/div>\n\n\n\n<div class=\"wp-block-column is-vertically-aligned-top has-white-background-color has-background is-layout-flow wp-block-column-is-layout-flow\">\n<div class=\"wp-block-group group-stretched-link is-layout-flow wp-block-group-is-layout-flow\">\n<figure class=\"wp-block-image aligncenter size-full is-resized force-no-lightbox force-no-caption is-style-default\"><a href=\"https:\/\/www.greenpeace.org\/chile\/campanas\/clima-y-energia\/\"><img loading=\"lazy\" decoding=\"async\" width=\"1024\" height=\"1024\" src=\"https:\/\/www.greenpeace.org\/static\/planet4-chile-stateless\/2023\/07\/5f5c3f01-clima-y-energia.png\" alt=\"\" class=\"wp-image-10002\" style=\"width:90px;height:90px\" srcset=\"https:\/\/www.greenpeace.org\/static\/planet4-chile-stateless\/2023\/07\/5f5c3f01-clima-y-energia.png 1024w, https:\/\/www.greenpeace.org\/static\/planet4-chile-stateless\/2023\/07\/5f5c3f01-clima-y-energia-300x300.png 300w, https:\/\/www.greenpeace.org\/static\/planet4-chile-stateless\/2023\/07\/5f5c3f01-clima-y-energia-150x150.png 150w, https:\/\/www.greenpeace.org\/static\/planet4-chile-stateless\/2023\/07\/5f5c3f01-clima-y-energia-768x768.png 768w, https:\/\/www.greenpeace.org\/static\/planet4-chile-stateless\/2023\/07\/5f5c3f01-clima-y-energia-340x340.png 340w\" sizes=\"auto, (max-width: 1024px) 100vw, 1024px\" \/><\/a><\/figure>\n\n\n\n<h5 class=\"wp-block-heading has-text-align-center is-style-default\" style=\"font-size:1rem\"><a href=\"https:\/\/www.greenpeace.org\/chile\/campanas\/clima-y-energia\/\">CLIMA Y ENERG\u00cdA<\/a><\/h5>\n\n\n\n<div style=\"height:16px\" aria-hidden=\"true\" class=\"wp-block-spacer\"><\/div>\n<\/div>\n<\/div>\n\n\n\n<div class=\"wp-block-column is-vertically-aligned-top has-white-background-color has-background is-layout-flow wp-block-column-is-layout-flow\">\n<div class=\"wp-block-group group-stretched-link is-layout-flow wp-block-group-is-layout-flow\">\n<figure class=\"wp-block-image aligncenter size-full is-resized force-no-lightbox force-no-caption is-style-default\"><a href=\"https:\/\/www.greenpeace.org\/chile\/campanas\/contaminacion\/\"><img loading=\"lazy\" decoding=\"async\" width=\"1024\" height=\"1024\" src=\"https:\/\/www.greenpeace.org\/static\/planet4-chile-stateless\/2023\/07\/589922dd-contaminca.png\" alt=\"\" class=\"wp-image-10005\" style=\"width:90px;height:90px\" srcset=\"https:\/\/www.greenpeace.org\/static\/planet4-chile-stateless\/2023\/07\/589922dd-contaminca.png 1024w, https:\/\/www.greenpeace.org\/static\/planet4-chile-stateless\/2023\/07\/589922dd-contaminca-300x300.png 300w, https:\/\/www.greenpeace.org\/static\/planet4-chile-stateless\/2023\/07\/589922dd-contaminca-150x150.png 150w, https:\/\/www.greenpeace.org\/static\/planet4-chile-stateless\/2023\/07\/589922dd-contaminca-768x768.png 768w, https:\/\/www.greenpeace.org\/static\/planet4-chile-stateless\/2023\/07\/589922dd-contaminca-340x340.png 340w\" sizes=\"auto, (max-width: 1024px) 100vw, 1024px\" \/><\/a><\/figure>\n\n\n\n<h5 class=\"wp-block-heading has-text-align-center is-style-default\" style=\"font-size:1rem\"><a href=\"https:\/\/www.greenpeace.org\/chile\/campanas\/contaminacion\/\">CONTAMINACI\u00d3N<\/a><\/h5>\n\n\n\n<div style=\"height:16px\" aria-hidden=\"true\" class=\"wp-block-spacer\"><\/div>\n<\/div>\n<\/div>\n\n\n\n<div class=\"wp-block-column is-vertically-aligned-top has-white-background-color has-background is-layout-flow wp-block-column-is-layout-flow\">\n<div class=\"wp-block-group group-stretched-link is-layout-flow wp-block-group-is-layout-flow\">\n<figure class=\"wp-block-image aligncenter size-large is-resized force-no-lightbox force-no-caption is-style-default\"><a href=\"https:\/\/www.greenpeace.org\/chile\/campanas\/sustentabilidad\/\"><img loading=\"lazy\" decoding=\"async\" width=\"1024\" height=\"1024\" src=\"https:\/\/www.greenpeace.org\/static\/planet4-chile-stateless\/2023\/08\/158f367b-22_sustainable_finance-1-1024x1024.png\" alt=\"\" class=\"wp-image-10236\" style=\"width:90px;height:90px\" srcset=\"https:\/\/www.greenpeace.org\/static\/planet4-chile-stateless\/2023\/08\/158f367b-22_sustainable_finance-1-1024x1024.png 1024w, https:\/\/www.greenpeace.org\/static\/planet4-chile-stateless\/2023\/08\/158f367b-22_sustainable_finance-1-300x300.png 300w, https:\/\/www.greenpeace.org\/static\/planet4-chile-stateless\/2023\/08\/158f367b-22_sustainable_finance-1-150x150.png 150w, https:\/\/www.greenpeace.org\/static\/planet4-chile-stateless\/2023\/08\/158f367b-22_sustainable_finance-1-768x769.png 768w, https:\/\/www.greenpeace.org\/static\/planet4-chile-stateless\/2023\/08\/158f367b-22_sustainable_finance-1-340x340.png 340w, https:\/\/www.greenpeace.org\/static\/planet4-chile-stateless\/2023\/08\/158f367b-22_sustainable_finance-1.png 1250w\" sizes=\"auto, (max-width: 1024px) 100vw, 1024px\" \/><\/a><\/figure>\n\n\n\n<h5 class=\"wp-block-heading has-text-align-center is-style-default\" style=\"font-size:1rem\"><a href=\"https:\/\/www.greenpeace.org\/chile\/campanas\/sustentabilidad\/\">SUSTENTABILIDAD<\/a><\/h5>\n\n\n\n<div style=\"height:16px\" aria-hidden=\"true\" class=\"wp-block-spacer\"><\/div>\n<\/div>\n<\/div>\n\n\n\n<div class=\"wp-block-column is-vertically-aligned-top has-white-background-color has-background is-layout-flow wp-block-column-is-layout-flow\">\n<div class=\"wp-block-group group-stretched-link is-layout-flow wp-block-group-is-layout-flow\">\n<figure class=\"wp-block-image aligncenter size-large is-resized force-no-lightbox force-no-caption is-style-default\"><img loading=\"lazy\" decoding=\"async\" width=\"1024\" height=\"1024\" src=\"https:\/\/www.greenpeace.org\/static\/planet4-chile-stateless\/2024\/02\/e833aa90-13_biodiversity-1-1024x1024.png\" alt=\"\" class=\"wp-image-11658\" style=\"width:90px;height:90px\" srcset=\"https:\/\/www.greenpeace.org\/static\/planet4-chile-stateless\/2024\/02\/e833aa90-13_biodiversity-1-1024x1024.png 1024w, https:\/\/www.greenpeace.org\/static\/planet4-chile-stateless\/2024\/02\/e833aa90-13_biodiversity-1-300x300.png 300w, https:\/\/www.greenpeace.org\/static\/planet4-chile-stateless\/2024\/02\/e833aa90-13_biodiversity-1-150x150.png 150w, https:\/\/www.greenpeace.org\/static\/planet4-chile-stateless\/2024\/02\/e833aa90-13_biodiversity-1-768x769.png 768w, https:\/\/www.greenpeace.org\/static\/planet4-chile-stateless\/2024\/02\/e833aa90-13_biodiversity-1-340x340.png 340w, https:\/\/www.greenpeace.org\/static\/planet4-chile-stateless\/2024\/02\/e833aa90-13_biodiversity-1.png 1250w\" sizes=\"auto, (max-width: 1024px) 100vw, 1024px\" \/><\/figure>\n\n\n\n<h5 class=\"wp-block-heading has-text-align-center is-style-default\" style=\"font-size:1rem\"><a href=\"https:\/\/www.greenpeace.org\/chile\/campanas\/biodiversidad\/\">BIODIVERSIDAD<\/a><\/h5>\n\n\n\n<div style=\"height:16px\" aria-hidden=\"true\" class=\"wp-block-spacer\"><\/div>\n<\/div>\n<\/div>\n\n\n\n<div class=\"wp-block-column is-vertically-aligned-top has-white-background-color has-background is-layout-flow wp-block-column-is-layout-flow\">\n<div class=\"wp-block-group group-stretched-link is-layout-flow wp-block-group-is-layout-flow\">\n<figure class=\"wp-block-image aligncenter size-full is-resized force-no-lightbox force-no-caption is-style-default\"><img loading=\"lazy\" decoding=\"async\" width=\"1024\" height=\"1024\" src=\"https:\/\/www.greenpeace.org\/static\/planet4-chile-stateless\/2023\/07\/4dd348a2-bosques.png\" alt=\"\" class=\"wp-image-10004\" style=\"width:90px;height:90px\" srcset=\"https:\/\/www.greenpeace.org\/static\/planet4-chile-stateless\/2023\/07\/4dd348a2-bosques.png 1024w, https:\/\/www.greenpeace.org\/static\/planet4-chile-stateless\/2023\/07\/4dd348a2-bosques-300x300.png 300w, https:\/\/www.greenpeace.org\/static\/planet4-chile-stateless\/2023\/07\/4dd348a2-bosques-150x150.png 150w, https:\/\/www.greenpeace.org\/static\/planet4-chile-stateless\/2023\/07\/4dd348a2-bosques-768x768.png 768w, https:\/\/www.greenpeace.org\/static\/planet4-chile-stateless\/2023\/07\/4dd348a2-bosques-340x340.png 340w\" sizes=\"auto, (max-width: 1024px) 100vw, 1024px\" \/><\/figure>\n\n\n\n<h5 class=\"wp-block-heading has-text-align-center is-style-default\" style=\"font-size:1rem\"><a href=\"https:\/\/www.greenpeace.org\/chile\/campanas\/bosques\">BOSQUES<\/a><\/h5>\n\n\n\n<div style=\"height:16px\" aria-hidden=\"true\" class=\"wp-block-spacer\"><\/div>\n<\/div>\n<\/div>\n<\/div>\n\n\n\n<div class=\"wp-block-buttons is-content-justification-center is-layout-flex wp-container-core-buttons-is-layout-16018d1d wp-block-buttons-is-layout-flex\">\n<div class=\"wp-block-button\"><a class=\"wp-block-button__link wp-element-button\" href=\"www.greenpeace.org\/chile\/campanas\/\">Ver todas las campa\u00f1as<\/a><\/div>\n<\/div>\n<\/div>\n<\/div>\n","protected":false},"excerpt":{"rendered":"<p>Desde tu hogar, desde la calle, en grupo, en la escuela, en la universidad, con Internet, puedes ser parte activa de nuestros reclamos y acciones.<\/p>\n","protected":false},"author":55,"featured_media":5808,"parent":0,"menu_order":0,"comment_status":"closed","ping_status":"closed","template":"","meta":{"ep_exclude_from_search":false,"p4_hide_page_title_checkbox":"on","p4_title":"","p4_subtitle":"","p4_description":"","background_image_id":"","background_image":"","p4_button_title":"","p4_button_link":"","p4_button_link_checkbox":"","p4_og_title":"","p4_og_description":"","p4_og_image":"","p4_og_image_id":"","p4_seo_canonical_url":"","p4_campaign_name":"not set","p4_local_project":"not set","p4_basket_name":"not set","p4_department":"","footnotes":""},"categories":[],"tags":[],"class_list":["post-10089","page","type-page","status-publish","has-post-thumbnail","hentry"],"_links":{"self":[{"href":"https:\/\/www.greenpeace.org\/chile\/wp-json\/wp\/v2\/pages\/10089","targetHints":{"allow":["GET"]}}],"collection":[{"href":"https:\/\/www.greenpeace.org\/chile\/wp-json\/wp\/v2\/pages"}],"about":[{"href":"https:\/\/www.greenpeace.org\/chile\/wp-json\/wp\/v2\/types\/page"}],"author":[{"embeddable":true,"href":"https:\/\/www.greenpeace.org\/chile\/wp-json\/wp\/v2\/users\/55"}],"replies":[{"embeddable":true,"href":"https:\/\/www.greenpeace.org\/chile\/wp-json\/wp\/v2\/comments?post=10089"}],"version-history":[{"count":20,"href":"https:\/\/www.greenpeace.org\/chile\/wp-json\/wp\/v2\/pages\/10089\/revisions"}],"predecessor-version":[{"id":15707,"href":"https:\/\/www.greenpeace.org\/chile\/wp-json\/wp\/v2\/pages\/10089\/revisions\/15707"}],"wp:featuredmedia":[{"embeddable":true,"href":"https:\/\/www.greenpeace.org\/chile\/wp-json\/wp\/v2\/media\/5808"}],"wp:attachment":[{"href":"https:\/\/www.greenpeace.org\/chile\/wp-json\/wp\/v2\/media?parent=10089"}],"wp:term":[{"taxonomy":"category","embeddable":true,"href":"https:\/\/www.greenpeace.org\/chile\/wp-json\/wp\/v2\/categories?post=10089"},{"taxonomy":"post_tag","embeddable":true,"href":"https:\/\/www.greenpeace.org\/chile\/wp-json\/wp\/v2\/tags?post=10089"}],"curies":[{"name":"wp","href":"https:\/\/api.w.org\/{rel}","templated":true}]}}