{"id":10141,"date":"2023-07-27T12:18:08","date_gmt":"2023-07-27T12:18:08","guid":{"rendered":"https:\/\/www.greenpeace.org\/chile\/?page_id=10141"},"modified":"2025-07-02T07:13:44","modified_gmt":"2025-07-02T07:13:44","slug":"preguntas-frecuentes","status":"publish","type":"page","link":"https:\/\/www.greenpeace.org\/chile\/preguntas-frecuentes\/","title":{"rendered":"Preguntas frecuentes"},"content":{"rendered":"\n<div class=\"wp-block-group is-vertical is-layout-flex wp-container-core-group-is-layout-8cf370e7 wp-block-group-is-layout-flex\"><\/div>\n\n<section class=\"block accordion-block wp-block-planet4-blocks-accordion\"><header><h2 class=\"page-section-header\">Preguntas frecuentes<\/h2><\/header><div class=\"accordion-content\"><div class=\"accordion-headline\" name=\"\u00bfQu\u00e9 es Greenpeace?\">\u00bfQu\u00e9 es Greenpeace?<\/div><div class=\"panel panel-hidden\"><p class=\"accordion-text\">Somos una organizaci\u00f3n ecologista internacional econ\u00f3mica y pol\u00edticamente independiente.<br>Exponemos problem\u00e1ticas ambientales globales y denunciamos a empresas y gobiernos a trav\u00e9s de acciones no violentas y creativas.<br>Buscamos generar conciencia, informar, atraer la atenci\u00f3n p\u00fablica y promover la participaci\u00f3n para desarrollar soluciones.<\/p><a class=\"btn btn-secondary accordion-btn\" href=\"https:\/\/www.greenpeace.org\/chile\/sobre-nosotros\/\" target=\"_blank\" rel=\"noopener noreferrer\">Le\u00e9 m\u00e1s sobre qui\u00e9nes somos<\/a><\/div><\/div><div class=\"accordion-content\"><div class=\"accordion-headline\" name=\"\u00bfC\u00f3mo y cu\u00e1ndo se fund\u00f3 Greenpeace?\">\u00bfC\u00f3mo y cu\u00e1ndo se fund\u00f3 Greenpeace?<\/div><div class=\"panel panel-hidden\"><p class=\"accordion-text\">Nuestra organizaci\u00f3n fue fundada en 1971 por un peque\u00f1o grupo de activistas canadienses que protestaba contra las pruebas nucleares que Estados Unidos llevaba a cabo en el archipi\u00e9lago de Amchitka, al sudoeste de Alaska.<br>Decidieron ir hacia el lugar en un barco pesquero llamado Phyllis Cormack para intentar detener las explosiones. Pero antes de iniciar el viaje lo rebautizaron con un nuevo nombre que resum\u00eda la filosof\u00eda del grupo: Greenpeace. &#8220;Queremos paz y queremos que sea verde&#8221;,\u00a0manifest\u00f3 uno de los tripulantes antes de zarpar desde Vancouver, Canad\u00e1, hacia Amchitka. As\u00ed naci\u00f3 Greenpeace.<br>En Chile, la oficina se cre\u00f3 en 1995.\u00a0<\/p><a class=\"btn btn-secondary accordion-btn\" href=\"https:\/\/www.greenpeace.org\/chile\/campanas-ganadas\/\" target=\"_blank\" rel=\"noopener noreferrer\">Conoc\u00e9 m\u00e1s sobre nuestra historia<\/a><\/div><\/div><div class=\"accordion-content\"><div class=\"accordion-headline\" name=\"\u00bfC\u00f3mo es la estructura de la organizaci\u00f3n?\">\u00bfC\u00f3mo es la estructura de la organizaci\u00f3n?<\/div><div class=\"panel panel-hidden\"><p class=\"accordion-text\">Greenpeace tiene 27 oficinas (nacionales y regionales) que realizan operaciones en 55 pa\u00edses. La oficina central se encuentra en Amsterdam, Holanda.<br>En Chile, la oficina se encuentra en la ciudad de Santiago. El staff cuenta con m\u00e1s de 20 personas divididas en distintas \u00e1reas de trabajo.<\/p><a class=\"btn btn-secondary accordion-btn\" href=\"https:\/\/www.greenpeace.org\/chile\/sobre-nosotros\/organigrama\/\" target=\"_blank\" rel=\"noopener noreferrer\">Mir\u00e1 nuestro organigrama<\/a><\/div><\/div><div class=\"accordion-content\"><div class=\"accordion-headline\" name=\"\u00bfC\u00f3mo se financian?\">\u00bfC\u00f3mo se financian?<\/div><div class=\"panel panel-hidden\"><p class=\"accordion-text\">Para mantener nuestra independencia pol\u00edtica y econ\u00f3mica no aceptamos contribuciones de ning\u00fan tipo de parte de empresas, gobiernos o partidos pol\u00edticos. Nos financiamos solamente gracias al aporte de 3 millones de personas en todo el mundo.<br><br>Nuestros libros contables son auditados cada a\u00f1o. Publicamos una rendici\u00f3n anual de los gastos para asegurar el uso transparente de los fondos que nos aportan los socios. <br><br><a href=\"https:\/\/www.greenpeace.org\/static\/planet4-chile-stateless\/2024\/09\/9742529b-informe-greenpeace-2023-ch.pdf\" target=\"_blank\" rel=\"noreferrer noopener\">Informe de auditor\u00eda 2023<\/a><br><a href=\"https:\/\/www.greenpeace.org\/static\/planet4-chile-stateless\/2023\/09\/6ad63c5f-informe-greenpeace-2022-directorio.pdf\" target=\"_blank\" rel=\"noreferrer noopener\">Informe de auditor\u00eda 2022<\/a><a href=\"https:\/\/www.greenpeace.org\/static\/planet4-chile-stateless\/2023\/09\/513435fc-informe-de-auditoria-greenpeace-2021-directorio.pdf\"><\/a><br><a href=\"https:\/\/www.greenpeace.org\/static\/planet4-chile-stateless\/2023\/09\/513435fc-informe-de-auditoria-greenpeace-2021-directorio.pdf\" target=\"_blank\" rel=\"noreferrer noopener\">Informe de auditor\u00eda 2021<\/a><br><br><br>Aqu\u00ed compartimos el\u00a0<a href=\"https:\/\/www.greenpeace.org\/static\/planet4-chile-stateless\/2023\/10\/a2d54342-reporte_gp_abril_mayo_junio_2023.pdf\" target=\"_blank\" rel=\"noreferrer noopener\">reporte de campa\u00f1as Greenpeace Andino \u2013 abril, mayo, junio 2023<\/a>, y el\u00a0<a href=\"https:\/\/www.greenpeace.org\/static\/planet4-argentina-stateless\/2024\/01\/f83eb623-reporte-jcamapnas-julio-agosto-septiembre-2023.pdf\" target=\"_blank\" rel=\"noreferrer noopener\">reporte de Greenpeace Andino de julio, agosto y septiembre 2023.<\/a><br><br>En nuestros reportes anuales<strong>\u00a0<\/strong>te mostramos en detalle\u00a0nuestras campa\u00f1as, el trabajo de nuestro equipo de voluntarias y voluntarios, nuestro alcance comunicacional y nuestras labores de recaudaci\u00f3n de fondos.\u00a0<br>Tenemos un compromiso con la transparencia de nuestra organizaci\u00f3n, con mantener nuestra independencia pol\u00edtica y econ\u00f3mica, y esperamos que este documento pueda darte una gu\u00eda sobre c\u00f3mo trabajamos y c\u00f3mo utilizamos nuestros recursos.<br><br><a href=\"https:\/\/www.greenpeace.org\/static\/planet4-colombia-stateless\/2024\/05\/c56b660e-reporte-2022-greenpeace.pdf\" target=\"_blank\" rel=\"noreferrer noopener\">Reporte Anual 2022<\/a><br><a href=\"https:\/\/www.greenpeace.org\/static\/planet4-chile-stateless\/2022\/07\/36e5e83a-reporte_anual_chile21final.pdf\">Reporte Anual 2021<\/a><a href=\"https:\/\/www.greenpeace.org\/static\/planet4-colombia-stateless\/2024\/05\/c56b660e-reporte-2022-greenpeace.pdf\" target=\"_blank\" rel=\"noreferrer noopener\"><br><\/a><\/p><\/div><\/div><div class=\"accordion-content\"><div class=\"accordion-headline\" name=\"\u00bfTiene alguna orientaci\u00f3n pol\u00edtica?\">\u00bfTiene alguna orientaci\u00f3n pol\u00edtica?<\/div><div class=\"panel panel-hidden\"><p class=\"accordion-text\"><span style=\"font-weight: 400;\">En Greenpeace no asumimos otra posici\u00f3n pol\u00edtica que no sea la protecci\u00f3n del medio ambiente. Desde nuestra fundaci\u00f3n, en 1971, mantenemos total independencia de cualquier afiliaci\u00f3n pol\u00edtica o inter\u00e9s econ\u00f3mico.<\/span><\/p><\/div><\/div><div class=\"accordion-content\"><div class=\"accordion-headline\" name=\"\u00bfCu\u00e1les son los logros de Greenpeace?\">\u00bfCu\u00e1les son los logros de Greenpeace?<\/div><div class=\"panel panel-hidden\"><p class=\"accordion-text\">Contribuimos a muchos cambios positivos ambientales alrededor del mundo.<\/p><a class=\"btn btn-secondary accordion-btn\" href=\"https:\/\/www.greenpeace.org\/chile\/campanas-ganadas\/\" target=\"_blank\" rel=\"noopener noreferrer\">Conoc\u00e9 nuestras victorias<\/a><\/div><\/div><div class=\"accordion-content\"><div class=\"accordion-headline\" name=\"\u00bfC\u00f3mo consigue sus objetivos?\">\u00bfC\u00f3mo consigue sus objetivos?<\/div><div class=\"panel panel-hidden\"><p class=\"accordion-text\">Acci\u00f3n directa no violenta: Utilizamos la acci\u00f3n directa pac\u00edfica para llamar la atenci\u00f3n del mundo hacia cuestiones ambientales.<br><br>Movilizaci\u00f3n P\u00fablica: Involucramos a la gente en nuestras campa\u00f1as (en las calles y a trav\u00e9s de la participaci\u00f3n v\u00eda web, e-mails, y llamadas telef\u00f3nicas) para que la presi\u00f3n p\u00fablica oriente a empresas y gobiernos a tomar las medidas adecuadas en materia ambiental.<br><br>Lobby pol\u00edtico: Trabajamos para insertar en la agenda pol\u00edtica los problemas ambientales m\u00e1s urgentes.<br><br>Operamos bajo el principio de que la presi\u00f3n p\u00fablica, la acci\u00f3n directa no violenta por parte de individuos y el lobby a nivel pol\u00edtico producen cambios positivos para la resoluci\u00f3n de problemas ambientales.<\/p><\/div><\/div><div class=\"accordion-content\"><div class=\"accordion-headline\" name=\"\u00bfC\u00f3mo puedo colaborar?\">\u00bfC\u00f3mo puedo colaborar?<\/div><div class=\"panel panel-hidden\"><p class=\"accordion-text\">Hay muchas formar de ser parte de Greenpeace. Si compartes nuestra filosof\u00eda de que es posible hacer algo por el planeta de manera concreta y regular, puedes unirte a nosotros como socio\/a realizando un aporte mensual para apoyar nuestras campa\u00f1as a favor del medioambiente.\u00a0<strong><a rel=\"noreferrer noopener\" href=\"https:\/\/www.greenpeace.org\/chile\/involucrate\/asociate-a-greenpeace\/\" target=\"_blank\">Conoce m\u00e1s.<\/a><\/strong><br>Tambi\u00e9n, puedes ser parte activa de nuestros reclamos al recibir informaci\u00f3n de forma peri\u00f3dica en tu casilla de correo electr\u00f3nico.<\/p><a class=\"btn btn-secondary accordion-btn\" href=\"https:\/\/www.greenpeace.org\/chile\/involucrate\/\" target=\"_blank\" rel=\"noopener noreferrer\">Descubr\u00ed las formas de participar<\/a><\/div><\/div><div class=\"accordion-content\"><div class=\"accordion-headline\" name=\"\u00bfC\u00f3mo puedo conseguir merchandising de Greenpeace?\">\u00bfC\u00f3mo puedo conseguir merchandising de Greenpeace?<\/div><div class=\"panel panel-hidden\"><p class=\"accordion-text\"><span style=\"font-weight: 400;\">Greenpeace Chile no tiene productos a la venta. Nuestras bolsas ecol\u00f3gicas, poleras, mochilas, etc. solo las reciben nuestros socios a modo de agradecimiento por su aporte.<\/span><\/p><\/div><\/div><div class=\"accordion-content\"><div class=\"accordion-headline\" name=\"\u00bfD\u00f3nde encuentro informaci\u00f3n sobre Greenpeace?\">\u00bfD\u00f3nde encuentro informaci\u00f3n sobre Greenpeace?<\/div><div class=\"panel panel-hidden\"><p class=\"accordion-text\"><span style=\"font-weight: 400;\">Toda la informaci\u00f3n con la que contamos est\u00e1 disponible en este sitio web. Para saber sobre alg\u00fan tema puntual puedes ingresar la palabra en el buscador ubicado en el margen superior derecho de nuestra p\u00e1gina y encontrar\u00e1s las noticias, informes y videos relacionados.<\/span><\/p><\/div><\/div><div class=\"accordion-content\"><div class=\"accordion-headline\" name=\"\u00bfC\u00f3mo me contacto con Greenpeace?\">\u00bfC\u00f3mo me contacto con Greenpeace?<\/div><div class=\"panel panel-hidden\"><p class=\"accordion-text\">Si no eres socio y deseas comunicarte con nosotros escribe a\u00a0<a rel=\"noreferrer noopener\" href=\"mailto:ciberactivistas@infogreenpeace.org\" target=\"_blank\">ciberactivistas@infogreenpeace.org<\/a>\u00a0o ll\u00e1manos al +56 2 26342120.<br>Si eres socio comun\u00edcate al +56 2 26343800 entre las 9 y 18h. Te pedimos que tengas paciencia si encuentras la l\u00ednea congestionada, atendemos todas las llamadas en cola. Por favor, ten en cuenta que estamos trabajando de manera remota.<br>Tambi\u00e9n puedes enviarnos tu mensaje a\u00a0<a rel=\"noreferrer noopener\" href=\"mailto:socios@greenpeace.cl\" target=\"_blank\">socios@greenpeace.cl<\/a>. Daremos respuesta a tus requerimientos en un m\u00e1ximo de 48 horas h\u00e1biles.<br>Nuestra oficina se encuentra en Avenida Los Leones 2209, comuna de Providencia, Santiago. En este momento no estamos atendiendo en forma presencial.<\/p><\/div><\/div><div class=\"accordion-content\"><div class=\"accordion-headline\" name=\"\u00bfHacen llamadas para recibir donaciones?\">\u00bfHacen llamadas para recibir donaciones?<\/div><div class=\"panel panel-hidden\"><p class=\"accordion-text\">Solo podemos trabajar gracias al aporte de personas individuales. Por este motivo, trabajamos con call centers que se comunican por tel\u00e9fono con quienes est\u00e1n interesados en el trabajo de nuestra organizaci\u00f3n.<br>Si recibes una llamada y quieres convertirte en socio de Greenpeace, ten en cuenta que\u00a0<strong>no se solicitar\u00e1 dinero en efectivo ni transferencias bancarias.\u00a0Tu aporte puede realizarse a trav\u00e9s de tarjeta de cr\u00e9dito, d\u00e9bito o cuenta bancaria.<\/strong><br>\u2013\u00a0<strong>Con tarjeta de cr\u00e9dito<\/strong>\u00a0<strong>o d\u00e9bito<\/strong>:\u00a0en este caso te acompa\u00f1aremos durante la llamada y te indicaremos los pasos a seguir para que puedas asociarte a Greenpeace.\u00a0<strong>No te pediremos ning\u00fan n\u00famero de tarjeta, toda la informaci\u00f3n la ingresas t\u00fa<\/strong>. Lo \u00fanico que te solicitaremos es informaci\u00f3n b\u00e1sica para rellenar tu ficha de socio (Nombre, RUT, direcci\u00f3n, n\u00famero de tel\u00e9fono, tipo de cuenta y banco con el cual te asociaste).\u00a0<br>Si no posees ninguno de estos medios de pago o tienes alguna duda, por favor,\u00a0<a rel=\"noreferrer noopener\" href=\"https:\/\/landing.infogreenpeace.org\/es-cl\/prefierocall-0?utm_source=webpreguntasfrecuentes&amp;utm_medium=link\" target=\"_blank\">cont\u00e1ctanos<\/a>\u00a0para que te orientemos. Tu apoyo es importante hoy m\u00e1s que nunca.<\/p><\/div><\/div><\/section>\n\n<div class=\"wp-block-group container is-layout-flow wp-block-group-is-layout-flow\">\n<div style=\"height:24px\" aria-hidden=\"true\" class=\"wp-block-spacer\"><\/div>\n\n\n\n<h3 class=\"wp-block-heading has-text-align-center\">Contin\u00faa explorando<\/h3>\n\n\n\n<div class=\"wp-block-columns is-layout-flex wp-container-core-columns-is-layout-9d6595d7 wp-block-columns-is-layout-flex\">\n<div class=\"wp-block-column is-layout-flow wp-block-column-is-layout-flow\">\n<div class=\"wp-block-group group-stretched-link is-layout-flow wp-block-group-is-layout-flow\">\n<figure class=\"wp-block-image aligncenter size-large is-resized force-no-lightbox force-no-caption is-style-rounded-180\"><a href=\"https:\/\/www.greenpeace.org\/chile\/nuestros-barcos\/\"><img loading=\"lazy\" decoding=\"async\" width=\"1024\" height=\"1024\" src=\"https:\/\/www.greenpeace.org\/static\/planet4-chile-stateless\/2023\/07\/9bc80678-24_greenpeace_ships-1-1024x1024.png\" alt=\"\" class=\"wp-image-10065\" style=\"\" srcset=\"https:\/\/www.greenpeace.org\/static\/planet4-chile-stateless\/2023\/07\/9bc80678-24_greenpeace_ships-1-1024x1024.png 1024w, https:\/\/www.greenpeace.org\/static\/planet4-chile-stateless\/2023\/07\/9bc80678-24_greenpeace_ships-1-300x300.png 300w, https:\/\/www.greenpeace.org\/static\/planet4-chile-stateless\/2023\/07\/9bc80678-24_greenpeace_ships-1-150x150.png 150w, https:\/\/www.greenpeace.org\/static\/planet4-chile-stateless\/2023\/07\/9bc80678-24_greenpeace_ships-1-768x769.png 768w, https:\/\/www.greenpeace.org\/static\/planet4-chile-stateless\/2023\/07\/9bc80678-24_greenpeace_ships-1-340x340.png 340w, https:\/\/www.greenpeace.org\/static\/planet4-chile-stateless\/2023\/07\/9bc80678-24_greenpeace_ships-1.png 1250w\" sizes=\"auto, (max-width: 1024px) 100vw, 1024px\" \/><\/a><\/figure>\n\n\n\n<h5 class=\"wp-block-heading has-text-align-center is-style-default\" style=\"font-size:1rem\"><a href=\"https:\/\/www.greenpeace.org\/chile\/nuestros-barcos\/\">Nuestros barcos<\/a><\/h5>\n\n\n\n<div style=\"height:16px\" aria-hidden=\"true\" class=\"wp-block-spacer\"><\/div>\n<\/div>\n<\/div>\n\n\n\n<div class=\"wp-block-column is-layout-flow wp-block-column-is-layout-flow\">\n<div class=\"wp-block-group group-stretched-link is-layout-flow wp-block-group-is-layout-flow\">\n<figure class=\"wp-block-image aligncenter size-large is-resized force-no-lightbox force-no-caption is-style-rounded-180\"><a href=\"https:\/\/www.greenpeace.org\/chile\/unete-al-voluntariado\/\"><img loading=\"lazy\" decoding=\"async\" width=\"1024\" height=\"768\" src=\"https:\/\/www.greenpeace.org\/static\/planet4-chile-stateless\/2020\/09\/a00d0f29-france-nantes-fuente-plaza-royal-1024x768.jpg\" alt=\"\" class=\"wp-image-5808\" style=\"\" srcset=\"https:\/\/www.greenpeace.org\/static\/planet4-chile-stateless\/2020\/09\/a00d0f29-france-nantes-fuente-plaza-royal-1024x768.jpg 1024w, https:\/\/www.greenpeace.org\/static\/planet4-chile-stateless\/2020\/09\/a00d0f29-france-nantes-fuente-plaza-royal-300x225.jpg 300w, https:\/\/www.greenpeace.org\/static\/planet4-chile-stateless\/2020\/09\/a00d0f29-france-nantes-fuente-plaza-royal-768x576.jpg 768w, https:\/\/www.greenpeace.org\/static\/planet4-chile-stateless\/2020\/09\/a00d0f29-france-nantes-fuente-plaza-royal-1536x1152.jpg 1536w, https:\/\/www.greenpeace.org\/static\/planet4-chile-stateless\/2020\/09\/a00d0f29-france-nantes-fuente-plaza-royal-2048x1536.jpg 2048w, https:\/\/www.greenpeace.org\/static\/planet4-chile-stateless\/2020\/09\/a00d0f29-france-nantes-fuente-plaza-royal-1821x1366.jpg 1821w, https:\/\/www.greenpeace.org\/static\/planet4-chile-stateless\/2020\/09\/a00d0f29-france-nantes-fuente-plaza-royal-453x340.jpg 453w\" sizes=\"auto, (max-width: 1024px) 100vw, 1024px\" \/><\/a><figcaption class=\"wp-element-caption\">Voluntarios y staff de distintas oficinas de Greenpeace en el mundo se suman y apoyan campa\u00f1a Suelta el Agua de Chile, la cual busca mostrar y denunciar las consecuencias de la grave crisis h\u00eddrica que enfrenta hoy Chile, situaci\u00f3n agravada en medio de la pandemia. Sin suministro permanente de agua y con distribuci\u00f3n a trav\u00e9s de camiones aljibes, miles de chilenos han debido enfrentar el avance del coronavirus con una alarmante escasez de agua y apenas 50 litros de agua al d\u00eda por persona.<\/figcaption><\/figure>\n\n\n\n<h5 class=\"wp-block-heading has-text-align-center is-style-default\" style=\"font-size:1rem\"><a href=\"https:\/\/www.greenpeace.org\/chile\/involucrate\/unete-al-voluntariado\/\">Voluntarios<\/a><\/h5>\n\n\n\n<div style=\"height:16px\" aria-hidden=\"true\" class=\"wp-block-spacer\"><\/div>\n<\/div>\n<\/div>\n\n\n\n<div class=\"wp-block-column is-layout-flow wp-block-column-is-layout-flow\">\n<div class=\"wp-block-group group-stretched-link is-layout-flow wp-block-group-is-layout-flow\">\n<figure class=\"wp-block-image aligncenter size-large is-resized force-no-lightbox force-no-caption is-style-rounded-180\"><a href=\"https:\/\/www.greenpeace.org\/chile\/campanas\"><img loading=\"lazy\" decoding=\"async\" width=\"1024\" height=\"684\" src=\"https:\/\/www.greenpeace.org\/static\/planet4-chile-stateless\/2022\/12\/72fae2b3-gp0stu9uf_medium_res_with_credit_line-1024x684.jpg\" alt=\"\" class=\"wp-image-8533\" style=\"\" srcset=\"https:\/\/www.greenpeace.org\/static\/planet4-chile-stateless\/2022\/12\/72fae2b3-gp0stu9uf_medium_res_with_credit_line-1024x684.jpg 1024w, https:\/\/www.greenpeace.org\/static\/planet4-chile-stateless\/2022\/12\/72fae2b3-gp0stu9uf_medium_res_with_credit_line-300x200.jpg 300w, https:\/\/www.greenpeace.org\/static\/planet4-chile-stateless\/2022\/12\/72fae2b3-gp0stu9uf_medium_res_with_credit_line-768x513.jpg 768w, https:\/\/www.greenpeace.org\/static\/planet4-chile-stateless\/2022\/12\/72fae2b3-gp0stu9uf_medium_res_with_credit_line-510x340.jpg 510w, https:\/\/www.greenpeace.org\/static\/planet4-chile-stateless\/2022\/12\/72fae2b3-gp0stu9uf_medium_res_with_credit_line.jpg 1200w\" sizes=\"auto, (max-width: 1024px) 100vw, 1024px\" \/><\/a><figcaption class=\"wp-element-caption\">Greenpeace activists protest at the Laguna de Aculeo for urgent and ambitious action on climate.  \nThey show images of the lake when it was still full of water. \nThe Laguna de Aculeo is a lake which used to be full of water and biodiversity. In only a few years it has run dry, illustrating the worst impacts of the climate crisis.\nAt the upcoming COP25 (2019 United Nations Climate Change Conference), we demand that Governments: \n&#8211; Move to step up climate action immediately\n&#8211; Prove they have heard the demands of the youth and the people\n&#8211; Move forward to enact a socially just climate transition that leaves no one behind.<\/figcaption><\/figure>\n\n\n\n<h5 class=\"wp-block-heading has-text-align-center is-style-default\" style=\"font-size:1rem\"><a href=\"https:\/\/www.greenpeace.org\/chile\/campanas\">Campa\u00f1as<\/a><\/h5>\n\n\n\n<div style=\"height:16px\" aria-hidden=\"true\" class=\"wp-block-spacer\"><\/div>\n<\/div>\n<\/div>\n<\/div>\n<\/div>\n\n<p><\/p>\n","protected":false},"excerpt":{"rendered":"<p>Preguntas<\/p>\n","protected":false},"author":55,"featured_media":10564,"parent":0,"menu_order":0,"comment_status":"closed","ping_status":"closed","template":"","meta":{"ep_exclude_from_search":false,"p4_hide_page_title_checkbox":"on","p4_title":"","p4_subtitle":"","p4_description":"","background_image_id":"","background_image":"","p4_button_title":"","p4_button_link":"","p4_button_link_checkbox":"","p4_og_title":"","p4_og_description":"","p4_og_image":"","p4_og_image_id":"","p4_seo_canonical_url":"","p4_campaign_name":"not set","p4_local_project":"not set","p4_basket_name":"not set","p4_department":"","footnotes":""},"categories":[33],"tags":[],"class_list":["post-10141","page","type-page","status-publish","has-post-thumbnail","hentry","category-greenpeace"],"_links":{"self":[{"href":"https:\/\/www.greenpeace.org\/chile\/wp-json\/wp\/v2\/pages\/10141","targetHints":{"allow":["GET"]}}],"collection":[{"href":"https:\/\/www.greenpeace.org\/chile\/wp-json\/wp\/v2\/pages"}],"about":[{"href":"https:\/\/www.greenpeace.org\/chile\/wp-json\/wp\/v2\/types\/page"}],"author":[{"embeddable":true,"href":"https:\/\/www.greenpeace.org\/chile\/wp-json\/wp\/v2\/users\/55"}],"replies":[{"embeddable":true,"href":"https:\/\/www.greenpeace.org\/chile\/wp-json\/wp\/v2\/comments?post=10141"}],"version-history":[{"count":20,"href":"https:\/\/www.greenpeace.org\/chile\/wp-json\/wp\/v2\/pages\/10141\/revisions"}],"predecessor-version":[{"id":14571,"href":"https:\/\/www.greenpeace.org\/chile\/wp-json\/wp\/v2\/pages\/10141\/revisions\/14571"}],"wp:featuredmedia":[{"embeddable":true,"href":"https:\/\/www.greenpeace.org\/chile\/wp-json\/wp\/v2\/media\/10564"}],"wp:attachment":[{"href":"https:\/\/www.greenpeace.org\/chile\/wp-json\/wp\/v2\/media?parent=10141"}],"wp:term":[{"taxonomy":"category","embeddable":true,"href":"https:\/\/www.greenpeace.org\/chile\/wp-json\/wp\/v2\/categories?post=10141"},{"taxonomy":"post_tag","embeddable":true,"href":"https:\/\/www.greenpeace.org\/chile\/wp-json\/wp\/v2\/tags?post=10141"}],"curies":[{"name":"wp","href":"https:\/\/api.w.org\/{rel}","templated":true}]}}