{"id":10253,"date":"2023-08-06T13:23:18","date_gmt":"2023-08-06T13:23:18","guid":{"rendered":"https:\/\/www.greenpeace.org\/chile\/?page_id=10253"},"modified":"2025-04-09T16:24:34","modified_gmt":"2025-04-09T16:24:34","slug":"informate","status":"publish","type":"page","link":"https:\/\/www.greenpeace.org\/chile\/informate\/","title":{"rendered":"Inf\u00f3rmate"},"content":{"rendered":"\n<h1 class=\"wp-block-heading has-blue-green-800-color has-text-color\">Inf\u00f3rmate<\/h1>\n\n<p>Desde Greenpeace generamos diversos tipos de contenido para que puedas informarte seg\u00fan tu preferencia. La informaci\u00f3n nos empodera, nos permite tomar conciencia y decidir con criterio.<\/p>\n\n<p>Comparte nuestro contenido para que seamos cada vez m\u00e1s las personas con conciencia ambiental.<\/p>\n\n\n<div class=\"wp-block-columns block has-x-dark-blue-color has-grey-200-background-color has-text-color has-background is-layout-flex wp-container-core-columns-is-layout-9d6595d7 wp-block-columns-is-layout-flex\">\n<div class=\"wp-block-column is-layout-flow wp-block-column-is-layout-flow\">\n<h2 class=\"wp-block-heading has-text-align-center is-style-chevron has-large-font-size\">Blog<\/h2>\n\n\n\n<div style=\"height:10px\" aria-hidden=\"true\" class=\"wp-block-spacer\"><\/div>\n\n\n\n<div class=\"wp-block-buttons is-horizontal is-content-justification-center is-nowrap is-layout-flex wp-container-core-buttons-is-layout-fc65f29c wp-block-buttons-is-layout-flex\">\n<div class=\"wp-block-button has-custom-width wp-block-button__width-50 is-style-cta\"><a class=\"wp-block-button__link has-x-dark-blue-color has-action-yellow-background-color has-text-color has-background wp-element-button\" href=\"https:\/\/www.greenpeace.org\/chile\/blog\/\">Leer<\/a><\/div>\n<\/div>\n<\/div>\n\n\n\n<div class=\"wp-block-column is-layout-flow wp-block-column-is-layout-flow\">\n<h2 class=\"wp-block-heading has-text-align-center is-style-chevron has-large-font-size\">Noticias<\/h2>\n\n\n\n<div style=\"height:10px\" aria-hidden=\"true\" class=\"wp-block-spacer\"><\/div>\n\n\n\n<div class=\"wp-block-buttons is-horizontal is-content-justification-center is-nowrap is-layout-flex wp-container-core-buttons-is-layout-fc65f29c wp-block-buttons-is-layout-flex\">\n<div class=\"wp-block-button has-custom-width wp-block-button__width-50 is-style-cta\"><a class=\"wp-block-button__link has-x-dark-blue-color has-action-yellow-background-color has-text-color has-background wp-element-button\" href=\"https:\/\/www.greenpeace.org\/chile\/noticia\/\">Leer<\/a><\/div>\n<\/div>\n<\/div>\n<\/div>\n\n\n<div style=\"height:60px\" aria-hidden=\"true\" class=\"wp-block-spacer\"><\/div>\n\n<div class=\"wp-block-media-text has-media-on-the-right is-stacked-on-mobile is-vertically-aligned-top\"><div class=\"wp-block-media-text__content\">\n<h2 class=\"wp-block-heading\">Canal de WhatsApp <\/h2>\n\n\n\n<p><br>\u00danete a nuestro canal de WhatsApp para recibir todas las novedades de las campa\u00f1as y sumarte a acciones digitales por el planeta.<\/p>\n\n\n\n<p>\u00a1S\u00e9 parte del cambio hoy! ?<\/p>\n\n\n\n<p>Te esperamos ?<\/p>\n\n\n\n<div class=\"wp-block-buttons is-layout-flex wp-block-buttons-is-layout-flex\">\n<div class=\"wp-block-button is-style-cta\"><a class=\"wp-block-button__link wp-element-button\" href=\"https:\/\/whatsapp.com\/channel\/0029VaNeIFvF6sn8A5j6pB0D\" target=\"_blank\" rel=\"noreferrer noopener\">\u00a1S\u00famate aqu\u00ed!<\/a><\/div>\n<\/div>\n<\/div><figure class=\"wp-block-media-text__media\"><img loading=\"lazy\" decoding=\"async\" width=\"1024\" height=\"1024\" src=\"https:\/\/www.greenpeace.org\/static\/planet4-chile-stateless\/2024\/03\/007517fc-postwp1-chile-1024x1024.jpg\" alt=\"\" sizes=\"auto, (min-width: 1600px) calc((1320px - 24px) \/ 2),(min-width: 1200px) calc((1140px - 24px) \/ 2),(min-width: 992px) calc((960px - 24px) \/ 2),(min-width: 768px) calc((720px - 24px) \/ 2),(min-width: 601px) calc((540px - 24px) \/ 2),(min-width: 577px) calc((540px - 24px) \/ 1), calc(100vw - 24px)\" srcset=\"https:\/\/www.greenpeace.org\/static\/planet4-chile-stateless\/2024\/03\/007517fc-postwp1-chile.jpg 1080w, https:\/\/www.greenpeace.org\/static\/planet4-chile-stateless\/2024\/03\/007517fc-postwp1-chile-300x300.jpg 300w, https:\/\/www.greenpeace.org\/static\/planet4-chile-stateless\/2024\/03\/007517fc-postwp1-chile-1024x1024.jpg 1024w, https:\/\/www.greenpeace.org\/static\/planet4-chile-stateless\/2024\/03\/007517fc-postwp1-chile-150x150.jpg 150w, https:\/\/www.greenpeace.org\/static\/planet4-chile-stateless\/2024\/03\/007517fc-postwp1-chile-768x768.jpg 768w, https:\/\/www.greenpeace.org\/static\/planet4-chile-stateless\/2024\/03\/007517fc-postwp1-chile-340x340.jpg 340w\" class=\"wp-image-11779 size-full\"\/><\/figure><\/div>\n\n\n<div class=\"wp-block-media-text alignwide is-stacked-on-mobile is-image-fill-element\"><figure class=\"wp-block-media-text__media\"><img loading=\"lazy\" decoding=\"async\" width=\"850\" height=\"350\" src=\"https:\/\/www.greenpeace.org\/static\/planet4-chile-stateless\/2023\/03\/963f0a12-websonidoambientebanner-.png\" alt=\"\" sizes=\"auto, (min-width: 1600px) calc((1320px - 24px) \/ 2),(min-width: 1200px) calc((1140px - 24px) \/ 2),(min-width: 992px) calc((960px - 24px) \/ 2),(min-width: 768px) calc((720px - 24px) \/ 2),(min-width: 601px) calc((540px - 24px) \/ 2),(min-width: 577px) calc((540px - 24px) \/ 1), calc(100vw - 24px)\" srcset=\"https:\/\/www.greenpeace.org\/static\/planet4-chile-stateless\/2023\/03\/963f0a12-websonidoambientebanner-.png 850w, https:\/\/www.greenpeace.org\/static\/planet4-chile-stateless\/2023\/03\/963f0a12-websonidoambientebanner--300x124.png 300w, https:\/\/www.greenpeace.org\/static\/planet4-chile-stateless\/2023\/03\/963f0a12-websonidoambientebanner--768x316.png 768w, https:\/\/www.greenpeace.org\/static\/planet4-chile-stateless\/2023\/03\/963f0a12-websonidoambientebanner--510x210.png 510w\" class=\"wp-image-8947 size-full\" style=\"object-position:50% 50%\"\/><\/figure><div class=\"wp-block-media-text__content\">\n<h2 class=\"wp-block-heading\">Podcast &#8220;Sonido ambiente&#8221;<\/h2>\n\n\n\n<p>A trav\u00e9s de 6 episodios reflexionamos y brindamos alternativas que no generen enormes consecuencias sobre el planeta.<\/p>\n\n\n\n<div class=\"wp-block-buttons is-layout-flex wp-block-buttons-is-layout-flex\">\n<div class=\"wp-block-button is-style-cta\"><a class=\"wp-block-button__link has-x-dark-blue-color has-yellow-background-color has-text-color has-background wp-element-button\" href=\"https:\/\/open.spotify.com\/show\/6o3uxUOSnPDUHMt6uROVK1\" target=\"_blank\" rel=\"noreferrer noopener\">Escucha los episodios<\/a><\/div>\n<\/div>\n<\/div><\/div>\n\n\n\n<div class=\"wp-block-media-text alignwide has-media-on-the-right is-stacked-on-mobile\"><div class=\"wp-block-media-text__content\">\n<h2 class=\"wp-block-heading\">Serie infantil: &#8220;Lina y los amigos del Arco\u00edris&#8221;<\/h2>\n\n\n\n<p>En cada cap\u00edtulo, de aproximadamente 11 minutos de duraci\u00f3n,&nbsp;<strong>Lina y sus amigos enfrentar\u00e1n aventuras para cuidar el planeta<\/strong>.<\/p>\n\n\n\n<div class=\"wp-block-buttons is-layout-flex wp-block-buttons-is-layout-flex\">\n<div class=\"wp-block-button is-style-cta\"><a class=\"wp-block-button__link has-x-dark-blue-color has-yellow-background-color has-text-color has-background wp-element-button\" href=\"https:\/\/www.youtube.com\/playlist?list=PLgR0D19YPNICFIWvamP3kxHw9qOXEcVSR\" target=\"_blank\" rel=\"noreferrer noopener\">Playlist en Youtube<\/a><\/div>\n<\/div>\n<\/div><figure class=\"wp-block-media-text__media\"><img loading=\"lazy\" decoding=\"async\" width=\"675\" height=\"319\" src=\"https:\/\/www.greenpeace.org\/static\/planet4-chile-stateless\/2022\/01\/d9a5402f-lina-e1691328426236.png\" alt=\"\" sizes=\"auto, (min-width: 1600px) calc((1320px - 24px) \/ 2),(min-width: 1200px) calc((1140px - 24px) \/ 2),(min-width: 992px) calc((960px - 24px) \/ 2),(min-width: 768px) calc((720px - 24px) \/ 2),(min-width: 601px) calc((540px - 24px) \/ 2),(min-width: 577px) calc((540px - 24px) \/ 1), calc(100vw - 24px)\" srcset=\"https:\/\/www.greenpeace.org\/static\/planet4-chile-stateless\/2022\/01\/d9a5402f-lina-e1691328426236.png 675w, https:\/\/www.greenpeace.org\/static\/planet4-chile-stateless\/2022\/01\/d9a5402f-lina-e1691328426236-300x142.png 300w, https:\/\/www.greenpeace.org\/static\/planet4-chile-stateless\/2022\/01\/d9a5402f-lina-e1691328426236-510x241.png 510w\" class=\"wp-image-7650 size-full\"\/><\/figure><\/div>\n\n\n\n<div class=\"wp-block-media-text is-stacked-on-mobile is-image-fill-element\"><figure class=\"wp-block-media-text__media\"><img decoding=\"async\" src=\"https:\/\/www.greenpeace.org\/static\/planet4-argentina-stateless\/2024\/03\/1224f221-vlcsnap-2023-11-24-10h59m27s952-1024x576.jpg\" alt=\"\" sizes=\"(min-width: 1600px) calc((1320px - 24px) \/ 2),(min-width: 1200px) calc((1140px - 24px) \/ 2),(min-width: 992px) calc((960px - 24px) \/ 2),(min-width: 768px) calc((720px - 24px) \/ 2),(min-width: 601px) calc((540px - 24px) \/ 2),(min-width: 577px) calc((540px - 24px) \/ 1), calc(100vw - 24px)\" srcset=\"\" class=\"wp-image-23293 size-full\" style=\"object-position:61% 60%\"\/><\/figure><div class=\"wp-block-media-text__content\">\n<h2 class=\"wp-block-heading\">\u00c1lbum musical: &#8220;Lina Music&#8221;<\/h2>\n\n\n\n<p>Se estren\u00f3 el primer \u00e1lbum&nbsp;musical de &#8220;Lina y los Amigos del Arco Iris&#8221;&nbsp;. Tiene su propio cana del Youtube.<\/p>\n\n\n\n<div class=\"wp-block-buttons is-vertical is-layout-flex wp-container-core-buttons-is-layout-8cf370e7 wp-block-buttons-is-layout-flex\">\n<div class=\"wp-block-button is-style-cta\"><a class=\"wp-block-button__link wp-element-button\">Escucha en Youtube<\/a><\/div>\n<\/div>\n<\/div><\/div>\n\n\n\n<div class=\"wp-block-media-text has-media-on-the-right is-stacked-on-mobile is-vertically-aligned-top is-image-fill-element\"><div class=\"wp-block-media-text__content\">\n<h2 class=\"wp-block-heading\">Libro: &#8220;Herederas de la Tierra&#8221;<\/h2>\n\n\n\n<p>Presentamos un libro-arte sobre las especies matriarcales en la naturaleza.<\/p>\n\n\n\n<div class=\"wp-block-buttons is-vertical is-layout-flex wp-container-core-buttons-is-layout-8cf370e7 wp-block-buttons-is-layout-flex\">\n<div class=\"wp-block-button is-style-cta\"><a class=\"wp-block-button__link wp-element-button\" href=\"https:\/\/www.greenpeace.org\/chile\/noticia\/greenpeace\/para-conmemorar-el-8m-greenpeace-lanza-libro-sobre-especies-matriarcales-en-la-naturaleza\/\" target=\"_blank\" rel=\"noreferrer noopener\">Contin\u00faa leyendo<\/a><\/div>\n\n\n\n<div class=\"wp-block-button is-style-cta\"><a class=\"wp-block-button__link wp-element-button\" href=\"https:\/\/landing.infogreenpeace.org\/es-cl\/8mherederasdelatierra-0?_ga=2.246840708.1674343303.1710160809-964700703.1709300967\" target=\"_blank\" rel=\"noreferrer noopener\">Desc\u00e1rgalo gratis<\/a><\/div>\n<\/div>\n\n\n\n<div style=\"height:50px\" aria-hidden=\"true\" class=\"wp-block-spacer\"><\/div>\n<\/div><figure class=\"wp-block-media-text__media\"><img loading=\"lazy\" decoding=\"async\" width=\"706\" height=\"842\" src=\"https:\/\/www.greenpeace.org\/static\/planet4-chile-stateless\/2024\/03\/35763fb5-herederas.webp\" alt=\"\" sizes=\"auto, (min-width: 1600px) calc((1320px - 24px) \/ 2),(min-width: 1200px) calc((1140px - 24px) \/ 2),(min-width: 992px) calc((960px - 24px) \/ 2),(min-width: 768px) calc((720px - 24px) \/ 2),(min-width: 601px) calc((540px - 24px) \/ 2),(min-width: 577px) calc((540px - 24px) \/ 1), calc(100vw - 24px)\" srcset=\"https:\/\/www.greenpeace.org\/static\/planet4-chile-stateless\/2024\/03\/35763fb5-herederas.webp 706w, https:\/\/www.greenpeace.org\/static\/planet4-chile-stateless\/2024\/03\/35763fb5-herederas-252x300.webp 252w, https:\/\/www.greenpeace.org\/static\/planet4-chile-stateless\/2024\/03\/35763fb5-herederas-285x340.webp 285w\" class=\"wp-image-11729 size-full\" style=\"object-position:48% 100%\"\/><\/figure><\/div>\n\n\n\n<div class=\"wp-block-media-text alignwide is-stacked-on-mobile is-image-fill-element\"><figure class=\"wp-block-media-text__media\"><img loading=\"lazy\" decoding=\"async\" width=\"712\" height=\"390\" src=\"https:\/\/www.greenpeace.org\/static\/planet4-chile-stateless\/2024\/09\/775f9d33-por-aqui-no-los-bronces-integrado.png\" alt=\"\" sizes=\"auto, (min-width: 1600px) calc((1320px - 24px) \/ 2),(min-width: 1200px) calc((1140px - 24px) \/ 2),(min-width: 992px) calc((960px - 24px) \/ 2),(min-width: 768px) calc((720px - 24px) \/ 2),(min-width: 601px) calc((540px - 24px) \/ 2),(min-width: 577px) calc((540px - 24px) \/ 1), calc(100vw - 24px)\" srcset=\"https:\/\/www.greenpeace.org\/static\/planet4-chile-stateless\/2024\/09\/775f9d33-por-aqui-no-los-bronces-integrado.png 712w, https:\/\/www.greenpeace.org\/static\/planet4-chile-stateless\/2024\/09\/775f9d33-por-aqui-no-los-bronces-integrado-300x164.png 300w, https:\/\/www.greenpeace.org\/static\/planet4-chile-stateless\/2024\/09\/775f9d33-por-aqui-no-los-bronces-integrado-510x279.png 510w\" class=\"wp-image-13003 size-full\" style=\"object-position:49% 40%\"\/><\/figure><div class=\"wp-block-media-text__content\">\n<h2 class=\"wp-block-heading\">Documental: &#8220;Por aqu\u00ed, no! Los Bronces Integrado&#8221;<\/h2>\n\n\n\n<p>La mina Los Bronces amenaza la seguridad h\u00eddrica de la regi\u00f3n.<\/p>\n\n\n\n<div style=\"height:11px\" aria-hidden=\"true\" class=\"wp-block-spacer\"><\/div>\n\n\n\n<div class=\"wp-block-buttons is-layout-flex wp-block-buttons-is-layout-flex\">\n<div class=\"wp-block-button is-style-cta\"><a class=\"wp-block-button__link has-x-dark-blue-color has-yellow-background-color has-text-color has-background wp-element-button\" href=\"https:\/\/www.youtube.com\/watch?v=3kCtRiG8dGU&amp;t=17s\" target=\"_blank\" rel=\"noreferrer noopener\">Mira documental<\/a><\/div>\n<\/div>\n<\/div><\/div>\n\n\n\n<div class=\"wp-block-media-text alignwide has-media-on-the-right is-stacked-on-mobile\"><div class=\"wp-block-media-text__content\">\n<h2 class=\"wp-block-heading\">Revista digital : &#8220;Semillas Andinas&#8221;<\/h2>\n\n\n\n<p>Cada una de las ediciones est\u00e1 dedicada a una tem\u00e1tica ambiental especial, con informaci\u00f3n, tips y actividades, para que los ni\u00f1os y las ni\u00f1as aprendan a cuidar el planeta.&nbsp;Este proyecto forma parte de nuestras iniciativas de educaci\u00f3n ambiental.<\/p>\n\n\n\n<div class=\"wp-block-buttons is-layout-flex wp-block-buttons-is-layout-flex\">\n<div class=\"wp-block-button is-style-cta\"><a class=\"wp-block-button__link wp-element-button\" href=\"https:\/\/landing.infogreenpeace.org\/es-cl\/semandinasnuestrahistoria-0-1?_ga=2.178041125.1250131297.1698420107-79114371.1698326155\" target=\"_blank\" rel=\"noreferrer noopener\">Descarga la edici\u00f3n especial<\/a><\/div>\n\n\n\n<div class=\"wp-block-button is-style-cta\"><a class=\"wp-block-button__link wp-element-button\" href=\"https:\/\/landing.infogreenpeace.org\/es-cl\/es-cl\/descarga_semandinas\" target=\"_blank\" rel=\"noreferrer noopener\">Descarga todas las ediciones<\/a><\/div>\n<\/div>\n<\/div><figure class=\"wp-block-media-text__media\"><img decoding=\"async\" src=\"https:\/\/www.greenpeace.org\/static\/planet4-argentina-stateless\/2023\/10\/fed579c2-imagenopenrevista-1-1024x626.png\" alt=\"Revista: Semillas andinas\" sizes=\"(min-width: 1600px) calc((1320px - 24px) \/ 2),(min-width: 1200px) calc((1140px - 24px) \/ 2),(min-width: 992px) calc((960px - 24px) \/ 2),(min-width: 768px) calc((720px - 24px) \/ 2),(min-width: 601px) calc((540px - 24px) \/ 2),(min-width: 577px) calc((540px - 24px) \/ 1), calc(100vw - 24px)\" srcset=\"\" class=\"wp-image-21832 size-full\"\/><\/figure><\/div>\n\n\n<div style=\"height:60px\" aria-hidden=\"true\" class=\"wp-block-spacer\"><\/div>\n\n\n<div class=\"wp-block-group alignfull block has-grey-100-background-color has-background is-layout-flow wp-block-group-is-layout-flow\">\n<div class=\"wp-block-group container is-layout-flow wp-block-group-is-layout-flow\">\n<div style=\"height:24px\" aria-hidden=\"true\" class=\"wp-block-spacer\"><\/div>\n\n\n\n<h3 class=\"wp-block-heading has-text-align-center\">Contin\u00faa explorando<\/h3>\n\n\n\n<div class=\"wp-block-columns is-layout-flex wp-container-core-columns-is-layout-9d6595d7 wp-block-columns-is-layout-flex\">\n<div class=\"wp-block-column is-layout-flow wp-block-column-is-layout-flow\">\n<div class=\"wp-block-group group-stretched-link is-layout-flow wp-block-group-is-layout-flow\">\n<figure class=\"wp-block-image aligncenter size-large is-resized force-no-lightbox force-no-caption is-style-rounded-180\"><a href=\"https:\/\/www.greenpeace.org\/chile\/nuestros-barcos\/\"><img loading=\"lazy\" decoding=\"async\" width=\"1024\" height=\"1024\" src=\"https:\/\/www.greenpeace.org\/static\/planet4-chile-stateless\/2023\/07\/9bc80678-24_greenpeace_ships-1-1024x1024.png\" alt=\"\" class=\"wp-image-10065\" style=\"\" srcset=\"https:\/\/www.greenpeace.org\/static\/planet4-chile-stateless\/2023\/07\/9bc80678-24_greenpeace_ships-1-1024x1024.png 1024w, https:\/\/www.greenpeace.org\/static\/planet4-chile-stateless\/2023\/07\/9bc80678-24_greenpeace_ships-1-300x300.png 300w, https:\/\/www.greenpeace.org\/static\/planet4-chile-stateless\/2023\/07\/9bc80678-24_greenpeace_ships-1-150x150.png 150w, https:\/\/www.greenpeace.org\/static\/planet4-chile-stateless\/2023\/07\/9bc80678-24_greenpeace_ships-1-768x769.png 768w, https:\/\/www.greenpeace.org\/static\/planet4-chile-stateless\/2023\/07\/9bc80678-24_greenpeace_ships-1-340x340.png 340w, https:\/\/www.greenpeace.org\/static\/planet4-chile-stateless\/2023\/07\/9bc80678-24_greenpeace_ships-1.png 1250w\" sizes=\"auto, (max-width: 1024px) 100vw, 1024px\" \/><\/a><\/figure>\n\n\n\n<h5 class=\"wp-block-heading has-text-align-center is-style-default\" style=\"font-size:1rem\"><a href=\"https:\/\/www.greenpeace.org\/chile\/nuestros-barcos\/\">Nuestros barcos<\/a><\/h5>\n\n\n\n<div style=\"height:16px\" aria-hidden=\"true\" class=\"wp-block-spacer\"><\/div>\n<\/div>\n<\/div>\n\n\n\n<div class=\"wp-block-column is-layout-flow wp-block-column-is-layout-flow\">\n<div class=\"wp-block-group group-stretched-link is-layout-flow wp-block-group-is-layout-flow\">\n<figure class=\"wp-block-image aligncenter size-large is-resized force-no-lightbox force-no-caption is-style-rounded-180\"><a href=\"https:\/\/www.greenpeace.org\/chile\/unete-al-voluntariado\/\"><img loading=\"lazy\" decoding=\"async\" width=\"1024\" height=\"768\" src=\"https:\/\/www.greenpeace.org\/static\/planet4-chile-stateless\/2020\/09\/a00d0f29-france-nantes-fuente-plaza-royal-1024x768.jpg\" alt=\"\" class=\"wp-image-5808\" style=\"\" srcset=\"https:\/\/www.greenpeace.org\/static\/planet4-chile-stateless\/2020\/09\/a00d0f29-france-nantes-fuente-plaza-royal-1024x768.jpg 1024w, https:\/\/www.greenpeace.org\/static\/planet4-chile-stateless\/2020\/09\/a00d0f29-france-nantes-fuente-plaza-royal-300x225.jpg 300w, https:\/\/www.greenpeace.org\/static\/planet4-chile-stateless\/2020\/09\/a00d0f29-france-nantes-fuente-plaza-royal-768x576.jpg 768w, https:\/\/www.greenpeace.org\/static\/planet4-chile-stateless\/2020\/09\/a00d0f29-france-nantes-fuente-plaza-royal-1536x1152.jpg 1536w, https:\/\/www.greenpeace.org\/static\/planet4-chile-stateless\/2020\/09\/a00d0f29-france-nantes-fuente-plaza-royal-2048x1536.jpg 2048w, https:\/\/www.greenpeace.org\/static\/planet4-chile-stateless\/2020\/09\/a00d0f29-france-nantes-fuente-plaza-royal-1821x1366.jpg 1821w, https:\/\/www.greenpeace.org\/static\/planet4-chile-stateless\/2020\/09\/a00d0f29-france-nantes-fuente-plaza-royal-453x340.jpg 453w\" sizes=\"auto, (max-width: 1024px) 100vw, 1024px\" \/><\/a><figcaption class=\"wp-element-caption\">Voluntarios y staff de distintas oficinas de Greenpeace en el mundo se suman y apoyan campa\u00f1a Suelta el Agua de Chile, la cual busca mostrar y denunciar las consecuencias de la grave crisis h\u00eddrica que enfrenta hoy Chile, situaci\u00f3n agravada en medio de la pandemia. Sin suministro permanente de agua y con distribuci\u00f3n a trav\u00e9s de camiones aljibes, miles de chilenos han debido enfrentar el avance del coronavirus con una alarmante escasez de agua y apenas 50 litros de agua al d\u00eda por persona.<\/figcaption><\/figure>\n\n\n\n<h5 class=\"wp-block-heading has-text-align-center is-style-default\" style=\"font-size:1rem\"><a href=\"https:\/\/www.greenpeace.org\/chile\/involucrate\/unete-al-voluntariado\/\">Voluntarios<\/a><\/h5>\n\n\n\n<div style=\"height:16px\" aria-hidden=\"true\" class=\"wp-block-spacer\"><\/div>\n<\/div>\n<\/div>\n\n\n\n<div class=\"wp-block-column is-layout-flow wp-block-column-is-layout-flow\">\n<div class=\"wp-block-group group-stretched-link is-layout-flow wp-block-group-is-layout-flow\">\n<figure class=\"wp-block-image aligncenter size-large is-resized force-no-lightbox force-no-caption is-style-rounded-180\"><a href=\"https:\/\/www.greenpeace.org\/chile\/campanas\"><img loading=\"lazy\" decoding=\"async\" width=\"1024\" height=\"684\" src=\"https:\/\/www.greenpeace.org\/static\/planet4-chile-stateless\/2022\/12\/72fae2b3-gp0stu9uf_medium_res_with_credit_line-1024x684.jpg\" alt=\"\" class=\"wp-image-8533\" style=\"\" srcset=\"https:\/\/www.greenpeace.org\/static\/planet4-chile-stateless\/2022\/12\/72fae2b3-gp0stu9uf_medium_res_with_credit_line-1024x684.jpg 1024w, https:\/\/www.greenpeace.org\/static\/planet4-chile-stateless\/2022\/12\/72fae2b3-gp0stu9uf_medium_res_with_credit_line-300x200.jpg 300w, https:\/\/www.greenpeace.org\/static\/planet4-chile-stateless\/2022\/12\/72fae2b3-gp0stu9uf_medium_res_with_credit_line-768x513.jpg 768w, https:\/\/www.greenpeace.org\/static\/planet4-chile-stateless\/2022\/12\/72fae2b3-gp0stu9uf_medium_res_with_credit_line-510x340.jpg 510w, https:\/\/www.greenpeace.org\/static\/planet4-chile-stateless\/2022\/12\/72fae2b3-gp0stu9uf_medium_res_with_credit_line.jpg 1200w\" sizes=\"auto, (max-width: 1024px) 100vw, 1024px\" \/><\/a><figcaption class=\"wp-element-caption\">Greenpeace activists protest at the Laguna de Aculeo for urgent and ambitious action on climate.  \nThey show images of the lake when it was still full of water. \nThe Laguna de Aculeo is a lake which used to be full of water and biodiversity. In only a few years it has run dry, illustrating the worst impacts of the climate crisis.\nAt the upcoming COP25 (2019 United Nations Climate Change Conference), we demand that Governments: \n&#8211; Move to step up climate action immediately\n&#8211; Prove they have heard the demands of the youth and the people\n&#8211; Move forward to enact a socially just climate transition that leaves no one behind.<\/figcaption><\/figure>\n\n\n\n<h5 class=\"wp-block-heading has-text-align-center is-style-default\" style=\"font-size:1rem\"><a href=\"https:\/\/www.greenpeace.org\/chile\/campanas\">Campa\u00f1as<\/a><\/h5>\n\n\n\n<div style=\"height:16px\" aria-hidden=\"true\" class=\"wp-block-spacer\"><\/div>\n<\/div>\n<\/div>\n<\/div>\n<\/div>\n<\/div>\n\n","protected":false},"excerpt":{"rendered":"<p>Desde Greenpeace generamos diversos contenidos: Tik Tok, Twitch, Documentales, Series, Podcast y mucho m\u00e1s!<\/p>\n","protected":false},"author":55,"featured_media":8115,"parent":0,"menu_order":0,"comment_status":"closed","ping_status":"closed","template":"","meta":{"ep_exclude_from_search":false,"p4_hide_page_title_checkbox":"on","p4_title":"","p4_subtitle":"","p4_description":"","background_image_id":"","background_image":"","p4_button_title":"","p4_button_link":"","p4_button_link_checkbox":"","p4_og_title":"Inf\u00f3rmate","p4_og_description":"Desde Greenpeace generamos diversos tipos de contenido para que puedas informarte seg\u00fan tu preferencia. La informaci\u00f3n nos empodera, nos permite tomar conciencia y decidir con criterio.","p4_og_image":"","p4_og_image_id":"","p4_seo_canonical_url":"","p4_campaign_name":"","p4_local_project":"","p4_basket_name":"","p4_department":"","footnotes":""},"categories":[],"tags":[],"class_list":["post-10253","page","type-page","status-publish","has-post-thumbnail","hentry"],"_links":{"self":[{"href":"https:\/\/www.greenpeace.org\/chile\/wp-json\/wp\/v2\/pages\/10253","targetHints":{"allow":["GET"]}}],"collection":[{"href":"https:\/\/www.greenpeace.org\/chile\/wp-json\/wp\/v2\/pages"}],"about":[{"href":"https:\/\/www.greenpeace.org\/chile\/wp-json\/wp\/v2\/types\/page"}],"author":[{"embeddable":true,"href":"https:\/\/www.greenpeace.org\/chile\/wp-json\/wp\/v2\/users\/55"}],"replies":[{"embeddable":true,"href":"https:\/\/www.greenpeace.org\/chile\/wp-json\/wp\/v2\/comments?post=10253"}],"version-history":[{"count":20,"href":"https:\/\/www.greenpeace.org\/chile\/wp-json\/wp\/v2\/pages\/10253\/revisions"}],"predecessor-version":[{"id":13909,"href":"https:\/\/www.greenpeace.org\/chile\/wp-json\/wp\/v2\/pages\/10253\/revisions\/13909"}],"wp:featuredmedia":[{"embeddable":true,"href":"https:\/\/www.greenpeace.org\/chile\/wp-json\/wp\/v2\/media\/8115"}],"wp:attachment":[{"href":"https:\/\/www.greenpeace.org\/chile\/wp-json\/wp\/v2\/media?parent=10253"}],"wp:term":[{"taxonomy":"category","embeddable":true,"href":"https:\/\/www.greenpeace.org\/chile\/wp-json\/wp\/v2\/categories?post=10253"},{"taxonomy":"post_tag","embeddable":true,"href":"https:\/\/www.greenpeace.org\/chile\/wp-json\/wp\/v2\/tags?post=10253"}],"curies":[{"name":"wp","href":"https:\/\/api.w.org\/{rel}","templated":true}]}}