{"id":1026,"date":"2019-01-30T14:12:17","date_gmt":"2019-01-30T14:12:17","guid":{"rendered":"https:\/\/www.greenpeace.org\/chile\/?page_id=1026"},"modified":"2025-06-23T09:15:15","modified_gmt":"2025-06-23T09:15:15","slug":"mapa-plasticos","status":"publish","type":"page","link":"https:\/\/www.greenpeace.org\/chile\/mapa-plasticos\/","title":{"rendered":"Mapa Plasticos"},"content":{"rendered":"\n                \n                <div class=\"wp-block-group alignfull is-layout-flow wp-block-group-is-layout-flow\">\n                \n                <div class=\"wp-block-group container is-layout-flow wp-block-group-is-layout-flow\">\n                \n                <div class=\"wp-block-media-text alignfull has-media-on-the-right is-stacked-on-mobile is-pattern-p4-page-header is-style-parallax\">\n\n                <div class=\"wp-block-media-text__content\">\n                    <div class=\"wp-block-group is-layout-flow wp-block-group-is-layout-flow\">\n                    \n                        <h1 class=\"wp-block-heading has-white-background-color has-background\">\n                            \u00a1Busca tu ciudad y pide que abandonen los pl\u00e1sticos!\n                        <\/h1>\n                    <\/div>\n                \n\n                \n                        <p style=\"font-size:1.25rem\">\n                            <p class=\"gmail_default\">Encuentra tu ciudad en el mapa y p\u00eddele a la Municipalidad la eliminaci\u00f3n de los pl\u00e1sticos desechables, los cuales terminan en nuestras costas, en nuestros cultivos y alimentos, ahogando a miles de animales y especies. Nuestra adicci\u00f3n a estos pl\u00e1sticos est\u00e1 matando el ecosistema en el vivimos. Del cual dependemos. \u00a1Haz posible un #ChileSinPl\u00e1sticos!<\/p>\r\n<p class=\"yj6qo ajU\"><\/p>\n                        <\/p>\n                    \n\n                \n\n                <\/div>\n                <figure class=\"wp-block-media-text__media\">\n                    <img loading=\"lazy\" decoding=\"async\" width=\"2499\" height=\"1666\"\n                        src=\"https:\/\/www.greenpeace.org\/static\/planet4-chile-stateless\/2018\/10\/88d02357-d8d69f40-gp0stsbcz_pressmedia.jpg\"\n                        alt=\"\"\n                        sizes=\"auto, (min-width: 601px) 50vw, 100vw\" srcset=\"https:\/\/www.greenpeace.org\/static\/planet4-chile-stateless\/2018\/10\/88d02357-d8d69f40-gp0stsbcz_pressmedia.jpg 2499w, https:\/\/www.greenpeace.org\/static\/planet4-chile-stateless\/2018\/10\/88d02357-d8d69f40-gp0stsbcz_pressmedia-300x200.jpg 300w, https:\/\/www.greenpeace.org\/static\/planet4-chile-stateless\/2018\/10\/88d02357-d8d69f40-gp0stsbcz_pressmedia-768x512.jpg 768w, https:\/\/www.greenpeace.org\/static\/planet4-chile-stateless\/2018\/10\/88d02357-d8d69f40-gp0stsbcz_pressmedia-1024x683.jpg 1024w, https:\/\/www.greenpeace.org\/static\/planet4-chile-stateless\/2018\/10\/88d02357-d8d69f40-gp0stsbcz_pressmedia-2048x1366.jpg 2048w, https:\/\/www.greenpeace.org\/static\/planet4-chile-stateless\/2018\/10\/88d02357-d8d69f40-gp0stsbcz_pressmedia-510x340.jpg 510w\" class=\"wp-image-397 size-full\"\n                    \/>\n                <\/figure>\n                <\/div>\n                \n                <\/div>\n                \n                <\/div>\n                \n                <p>                <iframe loading=\"lazy\" src=\"https:\/\/greenpeace.carto.com\/u\/greenpeacemaps\/builder\/5078b9ba-0eb6-4f0b-9fcd-6eaf16871221\/embed\" width=\"100%\" height=\"520\" frameborder=\"0\" allowfullscreen=\"allowfullscreen\"><\/iframe><\/p>\n","protected":false},"excerpt":{"rendered":"","protected":false},"author":19,"featured_media":0,"parent":0,"menu_order":0,"comment_status":"closed","ping_status":"closed","template":"","meta":{"ep_exclude_from_search":false,"p4_hide_page_title_checkbox":"on","p4_title":"","p4_subtitle":"","p4_description":"","background_image_id":"","background_image":"","p4_button_title":"","p4_button_link":"","p4_button_link_checkbox":"","p4_og_title":"","p4_og_description":"","p4_og_image":"","p4_og_image_id":"","p4_seo_canonical_url":"","p4_campaign_name":"","p4_local_project":"","p4_basket_name":"","p4_department":"","footnotes":""},"categories":[4],"tags":[29],"class_list":["post-1026","page","type-page","status-publish","hentry","category-contaminacion","tag-plasticos"],"_links":{"self":[{"href":"https:\/\/www.greenpeace.org\/chile\/wp-json\/wp\/v2\/pages\/1026","targetHints":{"allow":["GET"]}}],"collection":[{"href":"https:\/\/www.greenpeace.org\/chile\/wp-json\/wp\/v2\/pages"}],"about":[{"href":"https:\/\/www.greenpeace.org\/chile\/wp-json\/wp\/v2\/types\/page"}],"author":[{"embeddable":true,"href":"https:\/\/www.greenpeace.org\/chile\/wp-json\/wp\/v2\/users\/19"}],"replies":[{"embeddable":true,"href":"https:\/\/www.greenpeace.org\/chile\/wp-json\/wp\/v2\/comments?post=1026"}],"version-history":[{"count":3,"href":"https:\/\/www.greenpeace.org\/chile\/wp-json\/wp\/v2\/pages\/1026\/revisions"}],"predecessor-version":[{"id":14225,"href":"https:\/\/www.greenpeace.org\/chile\/wp-json\/wp\/v2\/pages\/1026\/revisions\/14225"}],"wp:attachment":[{"href":"https:\/\/www.greenpeace.org\/chile\/wp-json\/wp\/v2\/media?parent=1026"}],"wp:term":[{"taxonomy":"category","embeddable":true,"href":"https:\/\/www.greenpeace.org\/chile\/wp-json\/wp\/v2\/categories?post=1026"},{"taxonomy":"post_tag","embeddable":true,"href":"https:\/\/www.greenpeace.org\/chile\/wp-json\/wp\/v2\/tags?post=1026"}],"curies":[{"name":"wp","href":"https:\/\/api.w.org\/{rel}","templated":true}]}}