{"id":10798,"date":"2023-10-23T14:32:34","date_gmt":"2023-10-23T14:32:34","guid":{"rendered":"https:\/\/www.greenpeace.org\/chile\/?page_id=10798"},"modified":"2025-09-23T09:44:52","modified_gmt":"2025-09-23T09:44:52","slug":"consumo","status":"publish","type":"page","link":"https:\/\/www.greenpeace.org\/chile\/consumo\/","title":{"rendered":"#Consumo"},"content":{"rendered":"\n    <div class=\"wp-block-query posts-list p4-query-loop is-custom-layout-list is-layout-flow wp-block-query-is-layout-flow\">\n        <div class=\"wp-block-group is-content-justification-space-between is-layout-flex wp-container-core-group-is-layout-3d213aab wp-block-group-is-layout-flex\"><h2 class=\"wp-block-heading\">Art\u00edculos y blogs relacionados<\/h2>\n        <li class=\" wp-block-navigation-item see-all-link wp-block-navigation-link\"><a class=\"wp-block-navigation-item__content\"  href=\"http:\/\/www.greenpeace.org\/chile\/news-stories\/?tag=consumo\"><span class=\"wp-block-navigation-item__label\">See all stories<\/span><\/a><\/li>\n        \n        <\/div>\n        \n\n    <p style=\"margin-top: 24px; margin-bottom: 36px;\"><\/p>\n\n    \n\n    <ul class=\"wp-block-post-template is-layout-flow wp-block-post-template-is-layout-flow\"><li class=\"wp-block-post post-13830 post type-post status-publish format-standard has-post-thumbnail hentry category-contaminacion category-sustentabilidad tag-consumo p4-page-type-blog\">\n            \n<div class=\"wp-block-columns is-layout-flex wp-container-core-columns-is-layout-9d6595d7 wp-block-columns-is-layout-flex\"><figure class=\"wp-block-post-featured-image\"><a href=\"https:\/\/www.greenpeace.org\/chile\/blog\/issues\/contaminacion\/que-son-los-basureros-textiles-del-planeta-el-dano-de-la-moda-rapida-del-desierto-de-atacama-a-ghana\/\" target=\"_self\"  ><img loading=\"lazy\" decoding=\"async\" width=\"800\" height=\"533\" src=\"https:\/\/www.greenpeace.org\/static\/planet4-chile-stateless\/2025\/03\/23af2c41-gp0styq8m_low-res-with-credit-line-800px.jpg\" class=\"attachment-post-thumbnail size-post-thumbnail wp-post-image wp-stateless-item\" alt=\"Qu\u00e9 son los basureros textiles del planeta: el da\u00f1o de la moda r\u00e1pida del Desierto de Atacama a Ghana\u00a0\" style=\"object-fit:cover;\" srcset=\"https:\/\/www.greenpeace.org\/static\/planet4-chile-stateless\/2025\/03\/23af2c41-gp0styq8m_low-res-with-credit-line-800px.jpg 800w, https:\/\/www.greenpeace.org\/static\/planet4-chile-stateless\/2025\/03\/23af2c41-gp0styq8m_low-res-with-credit-line-800px-300x200.jpg 300w, https:\/\/www.greenpeace.org\/static\/planet4-chile-stateless\/2025\/03\/23af2c41-gp0styq8m_low-res-with-credit-line-800px-768x512.jpg 768w, https:\/\/www.greenpeace.org\/static\/planet4-chile-stateless\/2025\/03\/23af2c41-gp0styq8m_low-res-with-credit-line-800px-510x340.jpg 510w\" sizes=\"auto, (max-width: 800px) 100vw, 800px\" data-image-size=\"post-thumbnail\" data-stateless-media-bucket=\"planet4-chile-stateless\" data-stateless-media-name=\"2025\/03\/23af2c41-gp0styq8m_low-res-with-credit-line-800px.jpg\" \/><\/a><\/figure>\n\n        <div class=\"wp-block-group is-layout-flow wp-block-group-is-layout-flow\">\n                <div class=\"wp-block-group is-layout-flex wp-block-group-is-layout-flex\"><div class=\"wp-block-post-terms\"><a href=\"https:\/\/www.greenpeace.org\/chile\/category\/issues\/contaminacion\/\">Contaminaci\u00f3n<\/a><\/div>\n                <div class=\"taxonomy-post_tag wp-block-post-terms\"><a href=\"https:\/\/www.greenpeace.org\/chile\/tag\/consumo\/\" rel=\"tag\">Consumo<\/a><\/div>\n                \n                <\/div>\n                \n        <h3 class=\"wp-block-post-title\"><a href=\"https:\/\/www.greenpeace.org\/chile\/blog\/issues\/contaminacion\/que-son-los-basureros-textiles-del-planeta-el-dano-de-la-moda-rapida-del-desierto-de-atacama-a-ghana\/\" target=\"_self\" >Qu\u00e9 son los basureros textiles del planeta: el da\u00f1o de la moda r\u00e1pida del Desierto de Atacama a Ghana\u00a0<\/a><\/h3>\n        <div class=\"wp-block-post-excerpt\"><p class=\"wp-block-post-excerpt__excerpt\">Te mostramos el destino final de la ropa. <\/p><\/div>\n        \n        <div class=\"wp-block-group posts-list-meta is-layout-flow wp-block-group-is-layout-flow\"><span class='article-list-item-author'>Meri Castro<\/span>\n        <div class=\"wp-block-post-date\"><time datetime=\"2025-04-04T14:46:03+00:00\">4 Abril 2025<\/time><\/div>\n        \n        <\/div>\n        <\/div>\n        <\/div>\n\n            <\/li><li class=\"wp-block-post post-13748 post type-post status-publish format-standard has-post-thumbnail hentry category-contaminacion tag-consumo p4-page-type-blog\">\n            \n<div class=\"wp-block-columns is-layout-flex wp-container-core-columns-is-layout-9d6595d7 wp-block-columns-is-layout-flex\"><figure class=\"wp-block-post-featured-image\"><a href=\"https:\/\/www.greenpeace.org\/chile\/blog\/issues\/contaminacion\/microplasticos-a-la-carta-estos-son-los-5-alimentos-que-mas-microplasticos-contienen\/\" target=\"_self\"  ><img loading=\"lazy\" decoding=\"async\" width=\"800\" height=\"468\" src=\"https:\/\/www.greenpeace.org\/static\/planet4-chile-stateless\/2025\/03\/ba78ac30-gp0stsfns_low-res-with-credit-line-800px.jpg\" class=\"attachment-post-thumbnail size-post-thumbnail wp-post-image wp-stateless-item\" alt=\"Micropl\u00e1sticos a la carta: estos son los 5 alimentos que m\u00e1s micropl\u00e1sticos contienen\u00a0\" style=\"object-fit:cover;\" srcset=\"https:\/\/www.greenpeace.org\/static\/planet4-chile-stateless\/2025\/03\/ba78ac30-gp0stsfns_low-res-with-credit-line-800px.jpg 800w, https:\/\/www.greenpeace.org\/static\/planet4-chile-stateless\/2025\/03\/ba78ac30-gp0stsfns_low-res-with-credit-line-800px-300x176.jpg 300w, https:\/\/www.greenpeace.org\/static\/planet4-chile-stateless\/2025\/03\/ba78ac30-gp0stsfns_low-res-with-credit-line-800px-768x449.jpg 768w, https:\/\/www.greenpeace.org\/static\/planet4-chile-stateless\/2025\/03\/ba78ac30-gp0stsfns_low-res-with-credit-line-800px-510x298.jpg 510w\" sizes=\"auto, (max-width: 800px) 100vw, 800px\" data-image-size=\"post-thumbnail\" data-stateless-media-bucket=\"planet4-chile-stateless\" data-stateless-media-name=\"2025\/03\/ba78ac30-gp0stsfns_low-res-with-credit-line-800px.jpg\" \/><\/a><\/figure>\n\n        <div class=\"wp-block-group is-layout-flow wp-block-group-is-layout-flow\">\n                <div class=\"wp-block-group is-layout-flex wp-block-group-is-layout-flex\"><div class=\"wp-block-post-terms\"><a href=\"https:\/\/www.greenpeace.org\/chile\/category\/issues\/contaminacion\/\">Contaminaci\u00f3n<\/a><\/div>\n                <div class=\"taxonomy-post_tag wp-block-post-terms\"><a href=\"https:\/\/www.greenpeace.org\/chile\/tag\/consumo\/\" rel=\"tag\">Consumo<\/a><\/div>\n                \n                <\/div>\n                \n        <h3 class=\"wp-block-post-title\"><a href=\"https:\/\/www.greenpeace.org\/chile\/blog\/issues\/contaminacion\/microplasticos-a-la-carta-estos-son-los-5-alimentos-que-mas-microplasticos-contienen\/\" target=\"_self\" >Micropl\u00e1sticos a la carta: estos son los 5 alimentos que m\u00e1s micropl\u00e1sticos contienen\u00a0<\/a><\/h3>\n        <div class=\"wp-block-post-excerpt\"><p class=\"wp-block-post-excerpt__excerpt\">Cada vez m\u00e1s se los encuentra en m\u00e1s tipos de comida y bebida. <\/p><\/div>\n        \n        <div class=\"wp-block-group posts-list-meta is-layout-flow wp-block-group-is-layout-flow\"><span class='article-list-item-author'>Meri Castro<\/span>\n        <div class=\"wp-block-post-date\"><time datetime=\"2025-03-07T15:40:26+00:00\">7 Marzo 2025<\/time><\/div>\n        \n        <\/div>\n        <\/div>\n        <\/div>\n\n            <\/li><li class=\"wp-block-post post-13723 post type-post status-publish format-standard has-post-thumbnail hentry category-contaminacion tag-consumo tag-plasticos p4-page-type-blog\">\n            \n<div class=\"wp-block-columns is-layout-flex wp-container-core-columns-is-layout-9d6595d7 wp-block-columns-is-layout-flex\"><figure class=\"wp-block-post-featured-image\"><a href=\"https:\/\/www.greenpeace.org\/chile\/blog\/issues\/contaminacion\/la-marea-plastica-no-para-encontraron-microplasticos-en-el-cerebro-humano\/\" target=\"_self\"  ><img loading=\"lazy\" decoding=\"async\" width=\"800\" height=\"533\" src=\"https:\/\/www.greenpeace.org\/static\/planet4-chile-stateless\/2025\/02\/5e622f19-gp1suy77_low-res-with-credit-line-800px.jpg\" class=\"attachment-post-thumbnail size-post-thumbnail wp-post-image wp-stateless-item\" alt=\"La marea pl\u00e1stica no para: encontraron micropl\u00e1sticos en el cerebro humano\" style=\"object-fit:cover;\" srcset=\"https:\/\/www.greenpeace.org\/static\/planet4-chile-stateless\/2025\/02\/5e622f19-gp1suy77_low-res-with-credit-line-800px.jpg 800w, https:\/\/www.greenpeace.org\/static\/planet4-chile-stateless\/2025\/02\/5e622f19-gp1suy77_low-res-with-credit-line-800px-300x200.jpg 300w, https:\/\/www.greenpeace.org\/static\/planet4-chile-stateless\/2025\/02\/5e622f19-gp1suy77_low-res-with-credit-line-800px-768x512.jpg 768w, https:\/\/www.greenpeace.org\/static\/planet4-chile-stateless\/2025\/02\/5e622f19-gp1suy77_low-res-with-credit-line-800px-510x340.jpg 510w\" sizes=\"auto, (max-width: 800px) 100vw, 800px\" data-image-size=\"post-thumbnail\" data-stateless-media-bucket=\"planet4-chile-stateless\" data-stateless-media-name=\"2025\/02\/5e622f19-gp1suy77_low-res-with-credit-line-800px.jpg\" \/><\/a><\/figure>\n\n        <div class=\"wp-block-group is-layout-flow wp-block-group-is-layout-flow\">\n                <div class=\"wp-block-group is-layout-flex wp-block-group-is-layout-flex\"><div class=\"wp-block-post-terms\"><a href=\"https:\/\/www.greenpeace.org\/chile\/category\/issues\/contaminacion\/\">Contaminaci\u00f3n<\/a><\/div>\n                <div class=\"taxonomy-post_tag wp-block-post-terms\"><a href=\"https:\/\/www.greenpeace.org\/chile\/tag\/consumo\/\" rel=\"tag\">Consumo<\/a><span class=\"wp-block-post-terms__separator\"> <\/span><a href=\"https:\/\/www.greenpeace.org\/chile\/tag\/plasticos\/\" rel=\"tag\">ChileSinPl\u00e1sticos<\/a><\/div>\n                \n                <\/div>\n                \n        <h3 class=\"wp-block-post-title\"><a href=\"https:\/\/www.greenpeace.org\/chile\/blog\/issues\/contaminacion\/la-marea-plastica-no-para-encontraron-microplasticos-en-el-cerebro-humano\/\" target=\"_self\" >La marea pl\u00e1stica no para: encontraron micropl\u00e1sticos en el cerebro humano<\/a><\/h3>\n        <div class=\"wp-block-post-excerpt\"><p class=\"wp-block-post-excerpt__excerpt\">Otra noticia alarmante sobre la presencia de micropl\u00e1sticos y nano pl\u00e1sticos en el cuerpo humano.\u00a0 <\/p><\/div>\n        \n        <div class=\"wp-block-group posts-list-meta is-layout-flow wp-block-group-is-layout-flow\"><span class='article-list-item-author'>Meri Castro<\/span>\n        <div class=\"wp-block-post-date\"><time datetime=\"2025-02-21T16:50:35+00:00\">21 Febrero 2025<\/time><\/div>\n        \n        <\/div>\n        <\/div>\n        <\/div>\n\n            <\/li><li class=\"wp-block-post post-13484 post type-post status-publish format-standard has-post-thumbnail hentry category-contaminacion tag-plasticos tag-consumo p4-page-type-blog\">\n            \n<div class=\"wp-block-columns is-layout-flex wp-container-core-columns-is-layout-9d6595d7 wp-block-columns-is-layout-flex\"><figure class=\"wp-block-post-featured-image\"><a href=\"https:\/\/www.greenpeace.org\/chile\/blog\/issues\/contaminacion\/hablemos-de-plastico-estos-5-productos-cotidianos-estan-ahogando-al-planeta\/\" target=\"_self\"  ><img loading=\"lazy\" decoding=\"async\" width=\"2500\" height=\"1668\" src=\"https:\/\/www.greenpeace.org\/static\/planet4-chile-stateless\/2024\/08\/a2388fcf-gpch-providencia-regula-plasticos-\u00a9-cristobal-olivares-greenpeace.jpg\" class=\"attachment-post-thumbnail size-post-thumbnail wp-post-image wp-stateless-item\" alt=\"Hablemos de pl\u00e1stico: estos 5 productos cotidianos est\u00e1n ahogando al planeta\" style=\"object-fit:cover;\" srcset=\"https:\/\/www.greenpeace.org\/static\/planet4-chile-stateless\/2024\/08\/a2388fcf-gpch-providencia-regula-plasticos-\u00a9-cristobal-olivares-greenpeace.jpg 2500w, https:\/\/www.greenpeace.org\/static\/planet4-chile-stateless\/2024\/08\/a2388fcf-gpch-providencia-regula-plasticos-\u00a9-cristobal-olivares-greenpeace-300x200.jpg 300w, https:\/\/www.greenpeace.org\/static\/planet4-chile-stateless\/2024\/08\/a2388fcf-gpch-providencia-regula-plasticos-\u00a9-cristobal-olivares-greenpeace-1024x683.jpg 1024w, https:\/\/www.greenpeace.org\/static\/planet4-chile-stateless\/2024\/08\/a2388fcf-gpch-providencia-regula-plasticos-\u00a9-cristobal-olivares-greenpeace-768x512.jpg 768w, https:\/\/www.greenpeace.org\/static\/planet4-chile-stateless\/2024\/08\/a2388fcf-gpch-providencia-regula-plasticos-\u00a9-cristobal-olivares-greenpeace-1536x1025.jpg 1536w, https:\/\/www.greenpeace.org\/static\/planet4-chile-stateless\/2024\/08\/a2388fcf-gpch-providencia-regula-plasticos-\u00a9-cristobal-olivares-greenpeace-2048x1366.jpg 2048w, https:\/\/www.greenpeace.org\/static\/planet4-chile-stateless\/2024\/08\/a2388fcf-gpch-providencia-regula-plasticos-\u00a9-cristobal-olivares-greenpeace-510x340.jpg 510w\" sizes=\"auto, (max-width: 2500px) 100vw, 2500px\" data-image-size=\"post-thumbnail\" data-stateless-media-bucket=\"planet4-chile-stateless\" data-stateless-media-name=\"2024\/08\/a2388fcf-gpch-providencia-regula-plasticos-\u00a9-cristobal-olivares-greenpeace.jpg\" \/><\/a><\/figure>\n\n        <div class=\"wp-block-group is-layout-flow wp-block-group-is-layout-flow\">\n                <div class=\"wp-block-group is-layout-flex wp-block-group-is-layout-flex\"><div class=\"wp-block-post-terms\"><a href=\"https:\/\/www.greenpeace.org\/chile\/category\/issues\/contaminacion\/\">Contaminaci\u00f3n<\/a><\/div>\n                <div class=\"taxonomy-post_tag wp-block-post-terms\"><a href=\"https:\/\/www.greenpeace.org\/chile\/tag\/plasticos\/\" rel=\"tag\">ChileSinPl\u00e1sticos<\/a><span class=\"wp-block-post-terms__separator\"> <\/span><a href=\"https:\/\/www.greenpeace.org\/chile\/tag\/consumo\/\" rel=\"tag\">Consumo<\/a><\/div>\n                \n                <\/div>\n                \n        <h3 class=\"wp-block-post-title\"><a href=\"https:\/\/www.greenpeace.org\/chile\/blog\/issues\/contaminacion\/hablemos-de-plastico-estos-5-productos-cotidianos-estan-ahogando-al-planeta\/\" target=\"_self\" >Hablemos de pl\u00e1stico: estos 5 productos cotidianos est\u00e1n ahogando al planeta<\/a><\/h3>\n        <div class=\"wp-block-post-excerpt\"><p class=\"wp-block-post-excerpt__excerpt\">5 productos que parecen inofensivos pero no lo son. <\/p><\/div>\n        \n        <div class=\"wp-block-group posts-list-meta is-layout-flow wp-block-group-is-layout-flow\"><span class='article-list-item-author'>Meri Castro<\/span>\n        <div class=\"wp-block-post-date\"><time datetime=\"2025-01-21T12:20:29+00:00\">21 Enero 2025<\/time><\/div>\n        \n        <\/div>\n        <\/div>\n        <\/div>\n\n            <\/li><li class=\"wp-block-post post-13372 post type-post status-publish format-standard has-post-thumbnail hentry category-biodiversidad category-bosques category-climayenergia category-contaminacion category-oceanos category-sustentabilidad tag-voluntarios tag-socios tag-lagunaaculeo tag-glaciares tag-cambio-climatico tag-bajemoslosbronces tag-consumo p4-page-type-noticia\">\n            \n<div class=\"wp-block-columns is-layout-flex wp-container-core-columns-is-layout-9d6595d7 wp-block-columns-is-layout-flex\"><figure class=\"wp-block-post-featured-image\"><a href=\"https:\/\/www.greenpeace.org\/chile\/noticia\/issues\/bosques\/greenpeace-las-acciones-mas-impactantes-en-chile-y-el-mundo-este-2024\/\" target=\"_self\"  ><img loading=\"lazy\" decoding=\"async\" width=\"2500\" height=\"1793\" src=\"https:\/\/www.greenpeace.org\/static\/planet4-chile-stateless\/2024\/12\/09e1dd21-contaminacion-plastica-en-el-pacifico-colombiano.jpg\" class=\"attachment-post-thumbnail size-post-thumbnail wp-post-image wp-stateless-item\" alt=\"Greenpeace: las acciones m\u00e1s impactantes en Chile y el mundo este 2024\" style=\"object-fit:cover;\" srcset=\"https:\/\/www.greenpeace.org\/static\/planet4-chile-stateless\/2024\/12\/09e1dd21-contaminacion-plastica-en-el-pacifico-colombiano.jpg 2500w, https:\/\/www.greenpeace.org\/static\/planet4-chile-stateless\/2024\/12\/09e1dd21-contaminacion-plastica-en-el-pacifico-colombiano-300x215.jpg 300w, https:\/\/www.greenpeace.org\/static\/planet4-chile-stateless\/2024\/12\/09e1dd21-contaminacion-plastica-en-el-pacifico-colombiano-1024x734.jpg 1024w, https:\/\/www.greenpeace.org\/static\/planet4-chile-stateless\/2024\/12\/09e1dd21-contaminacion-plastica-en-el-pacifico-colombiano-768x551.jpg 768w, https:\/\/www.greenpeace.org\/static\/planet4-chile-stateless\/2024\/12\/09e1dd21-contaminacion-plastica-en-el-pacifico-colombiano-1536x1102.jpg 1536w, https:\/\/www.greenpeace.org\/static\/planet4-chile-stateless\/2024\/12\/09e1dd21-contaminacion-plastica-en-el-pacifico-colombiano-2048x1469.jpg 2048w, https:\/\/www.greenpeace.org\/static\/planet4-chile-stateless\/2024\/12\/09e1dd21-contaminacion-plastica-en-el-pacifico-colombiano-1905x1366.jpg 1905w, https:\/\/www.greenpeace.org\/static\/planet4-chile-stateless\/2024\/12\/09e1dd21-contaminacion-plastica-en-el-pacifico-colombiano-474x340.jpg 474w\" sizes=\"auto, (max-width: 2500px) 100vw, 2500px\" data-image-size=\"post-thumbnail\" data-stateless-media-bucket=\"planet4-chile-stateless\" data-stateless-media-name=\"2024\/12\/09e1dd21-contaminacion-plastica-en-el-pacifico-colombiano.jpg\" \/><\/a><\/figure>\n\n        <div class=\"wp-block-group is-layout-flow wp-block-group-is-layout-flow\">\n                <div class=\"wp-block-group is-layout-flex wp-block-group-is-layout-flex\"><div class=\"wp-block-post-terms\"><a href=\"https:\/\/www.greenpeace.org\/chile\/category\/issues\/biodiversidad\/\">Biodiversidad<\/a><\/div>\n                <div class=\"taxonomy-post_tag wp-block-post-terms\"><a href=\"https:\/\/www.greenpeace.org\/chile\/tag\/voluntarios\/\" rel=\"tag\">Voluntarios<\/a><span class=\"wp-block-post-terms__separator\"> <\/span><a href=\"https:\/\/www.greenpeace.org\/chile\/tag\/socios\/\" rel=\"tag\">Socios<\/a><span class=\"wp-block-post-terms__separator\"> <\/span><a href=\"https:\/\/www.greenpeace.org\/chile\/tag\/lagunaaculeo\/\" rel=\"tag\">Laguna Aculeo<\/a><span class=\"wp-block-post-terms__separator\"> <\/span><a href=\"https:\/\/www.greenpeace.org\/chile\/tag\/glaciares\/\" rel=\"tag\">Glaciares<\/a><span class=\"wp-block-post-terms__separator\"> <\/span><a href=\"https:\/\/www.greenpeace.org\/chile\/tag\/cambio-climatico\/\" rel=\"tag\">Cambio clim\u00e1tico<\/a><span class=\"wp-block-post-terms__separator\"> <\/span><a href=\"https:\/\/www.greenpeace.org\/chile\/tag\/bajemoslosbronces\/\" rel=\"tag\">Bajemos Los Bronces<\/a><span class=\"wp-block-post-terms__separator\"> <\/span><a href=\"https:\/\/www.greenpeace.org\/chile\/tag\/consumo\/\" rel=\"tag\">Consumo<\/a><\/div>\n                \n                <\/div>\n                \n        <h3 class=\"wp-block-post-title\"><a href=\"https:\/\/www.greenpeace.org\/chile\/noticia\/issues\/bosques\/greenpeace-las-acciones-mas-impactantes-en-chile-y-el-mundo-este-2024\/\" target=\"_self\" >Greenpeace: las acciones m\u00e1s impactantes en Chile y el mundo este 2024<\/a><\/h3>\n        <div class=\"wp-block-post-excerpt\"><p class=\"wp-block-post-excerpt__excerpt\">Este 2024, Greenpeace llev\u00f3 a cabo una serie de acciones para denunciar y visibilizar problem\u00e1ticas en distintas partes del mundo, incluido Chile. <\/p><\/div>\n        \n        <div class=\"wp-block-group posts-list-meta is-layout-flow wp-block-group-is-layout-flow\"><span class='article-list-item-author'>Prensa Chile<\/span>\n        <div class=\"wp-block-post-date\"><time datetime=\"2024-12-26T18:16:51+00:00\">26 Diciembre 2024<\/time><\/div>\n        \n        <\/div>\n        <\/div>\n        <\/div>\n\n            <\/li><li class=\"wp-block-post post-13324 post type-post status-publish format-standard has-post-thumbnail hentry category-contaminacion category-sustentabilidad tag-consumo tag-plasticos p4-page-type-blog\">\n            \n<div class=\"wp-block-columns is-layout-flex wp-container-core-columns-is-layout-9d6595d7 wp-block-columns-is-layout-flex\"><figure class=\"wp-block-post-featured-image\"><a href=\"https:\/\/www.greenpeace.org\/chile\/blog\/issues\/contaminacion\/5-ideas-para-reducir-el-uso-de-plastico-en-navidad\/\" target=\"_self\"  ><img loading=\"lazy\" decoding=\"async\" width=\"800\" height=\"600\" src=\"https:\/\/www.greenpeace.org\/static\/planet4-chile-stateless\/2024\/12\/7f8bf241-gp0stssy9_low-res-with-credit-line-800px.jpg\" class=\"attachment-post-thumbnail size-post-thumbnail wp-post-image wp-stateless-item\" alt=\"5 ideas para reducir el uso de pl\u00e1stico en Navidad\" style=\"object-fit:cover;\" srcset=\"https:\/\/www.greenpeace.org\/static\/planet4-chile-stateless\/2024\/12\/7f8bf241-gp0stssy9_low-res-with-credit-line-800px.jpg 800w, https:\/\/www.greenpeace.org\/static\/planet4-chile-stateless\/2024\/12\/7f8bf241-gp0stssy9_low-res-with-credit-line-800px-300x225.jpg 300w, https:\/\/www.greenpeace.org\/static\/planet4-chile-stateless\/2024\/12\/7f8bf241-gp0stssy9_low-res-with-credit-line-800px-768x576.jpg 768w, https:\/\/www.greenpeace.org\/static\/planet4-chile-stateless\/2024\/12\/7f8bf241-gp0stssy9_low-res-with-credit-line-800px-453x340.jpg 453w\" sizes=\"auto, (max-width: 800px) 100vw, 800px\" data-image-size=\"post-thumbnail\" data-stateless-media-bucket=\"planet4-chile-stateless\" data-stateless-media-name=\"2024\/12\/7f8bf241-gp0stssy9_low-res-with-credit-line-800px.jpg\" \/><\/a><\/figure>\n\n        <div class=\"wp-block-group is-layout-flow wp-block-group-is-layout-flow\">\n                <div class=\"wp-block-group is-layout-flex wp-block-group-is-layout-flex\"><div class=\"wp-block-post-terms\"><a href=\"https:\/\/www.greenpeace.org\/chile\/category\/issues\/contaminacion\/\">Contaminaci\u00f3n<\/a><\/div>\n                <div class=\"taxonomy-post_tag wp-block-post-terms\"><a href=\"https:\/\/www.greenpeace.org\/chile\/tag\/consumo\/\" rel=\"tag\">Consumo<\/a><span class=\"wp-block-post-terms__separator\"> <\/span><a href=\"https:\/\/www.greenpeace.org\/chile\/tag\/plasticos\/\" rel=\"tag\">ChileSinPl\u00e1sticos<\/a><\/div>\n                \n                <\/div>\n                \n        <h3 class=\"wp-block-post-title\"><a href=\"https:\/\/www.greenpeace.org\/chile\/blog\/issues\/contaminacion\/5-ideas-para-reducir-el-uso-de-plastico-en-navidad\/\" target=\"_self\" >5 ideas para reducir el uso de pl\u00e1stico en Navidad<\/a><\/h3>\n        <div class=\"wp-block-post-excerpt\"><p class=\"wp-block-post-excerpt__excerpt\">Aqu\u00ed tienes nueve ideas para reducir el uso de pl\u00e1stico y divertirte esta Navidad. <\/p><\/div>\n        \n        <div class=\"wp-block-group posts-list-meta is-layout-flow wp-block-group-is-layout-flow\"><span class='article-list-item-author'>Meri Castro<\/span>\n        <div class=\"wp-block-post-date\"><time datetime=\"2024-12-13T17:33:42+00:00\">13 Diciembre 2024<\/time><\/div>\n        \n        <\/div>\n        <\/div>\n        <\/div>\n\n            <\/li><\/ul>\n\n    \n<div class=\"wp-block-buttons carousel-controls is-horizontal is-content-justification-space-between is-nowrap is-layout-flex wp-container-core-buttons-is-layout-044bd602 wp-block-buttons-is-layout-flex\">\n            <div class=\"wp-block-button carousel-control-prev\"><button type=\"button\" class=\"wp-block-button__link wp-element-button\">Prev<\/button><\/div>\n        \n\n            <div class=\"wp-block-button carousel-control-next\"><button type=\"button\" class=\"wp-block-button__link wp-element-button\">Next<\/button><\/div>\n        <\/div>\n\n\n    <li class=\" wp-block-navigation-item see-all-link wp-block-navigation-link\"><a class=\"wp-block-navigation-item__content\"  href=\"http:\/\/www.greenpeace.org\/chile\/news-stories\/?tag=consumo\"><span class=\"wp-block-navigation-item__label\">See all stories<\/span><\/a><\/li><\/div>\n    ","protected":false},"excerpt":{"rendered":"","protected":false},"author":55,"featured_media":0,"parent":0,"menu_order":0,"comment_status":"closed","ping_status":"closed","template":"","meta":{"ep_exclude_from_search":false,"p4_hide_page_title_checkbox":"","p4_title":"","p4_subtitle":"","p4_description":"","background_image_id":"","background_image":"","p4_button_title":"","p4_button_link":"","p4_button_link_checkbox":"","p4_og_title":"","p4_og_description":"","p4_og_image":"","p4_og_image_id":"","p4_seo_canonical_url":"","p4_campaign_name":"","p4_local_project":"","p4_basket_name":"","p4_department":"","footnotes":""},"categories":[],"tags":[],"class_list":["post-10798","page","type-page","status-publish","hentry"],"_links":{"self":[{"href":"https:\/\/www.greenpeace.org\/chile\/wp-json\/wp\/v2\/pages\/10798","targetHints":{"allow":["GET"]}}],"collection":[{"href":"https:\/\/www.greenpeace.org\/chile\/wp-json\/wp\/v2\/pages"}],"about":[{"href":"https:\/\/www.greenpeace.org\/chile\/wp-json\/wp\/v2\/types\/page"}],"author":[{"embeddable":true,"href":"https:\/\/www.greenpeace.org\/chile\/wp-json\/wp\/v2\/users\/55"}],"replies":[{"embeddable":true,"href":"https:\/\/www.greenpeace.org\/chile\/wp-json\/wp\/v2\/comments?post=10798"}],"version-history":[{"count":6,"href":"https:\/\/www.greenpeace.org\/chile\/wp-json\/wp\/v2\/pages\/10798\/revisions"}],"predecessor-version":[{"id":15467,"href":"https:\/\/www.greenpeace.org\/chile\/wp-json\/wp\/v2\/pages\/10798\/revisions\/15467"}],"wp:attachment":[{"href":"https:\/\/www.greenpeace.org\/chile\/wp-json\/wp\/v2\/media?parent=10798"}],"wp:term":[{"taxonomy":"category","embeddable":true,"href":"https:\/\/www.greenpeace.org\/chile\/wp-json\/wp\/v2\/categories?post=10798"},{"taxonomy":"post_tag","embeddable":true,"href":"https:\/\/www.greenpeace.org\/chile\/wp-json\/wp\/v2\/tags?post=10798"}],"curies":[{"name":"wp","href":"https:\/\/api.w.org\/{rel}","templated":true}]}}