{"id":15442,"date":"2025-09-18T14:32:28","date_gmt":"2025-09-18T14:32:28","guid":{"rendered":"https:\/\/www.greenpeace.org\/chile\/?page_id=15442"},"modified":"2025-09-23T09:44:43","modified_gmt":"2025-09-23T09:44:43","slug":"firma-ahora-para-exigir-acciones-urgentes-para-mitigar-y-enfrentar-la-actual-crisis-climatica","status":"publish","type":"page","link":"https:\/\/www.greenpeace.org\/chile\/firma-ahora-para-exigir-acciones-urgentes-para-mitigar-y-enfrentar-la-actual-crisis-climatica\/","title":{"rendered":"FIRMA AHORA para exigir acciones urgentes para mitigar y enfrentar la actual crisis clim\u00e1tica."},"content":{"rendered":"\n\n<div class=\"wp-block-group block is-layout-flow wp-block-group-is-layout-flow\">\n<div class=\"wp-block-group alignfull has-grey-200-background-color has-background is-layout-flow wp-block-group-is-layout-flow\" style=\"padding-top:80px;padding-bottom:50px\">\n<div class=\"wp-block-group container is-layout-flow wp-block-group-is-layout-flow\">\n<div class=\"wp-block-columns is-layout-flex wp-container-core-columns-is-layout-9d6595d7 wp-block-columns-is-layout-flex\">\n<div class=\"wp-block-column is-layout-flow wp-block-column-is-layout-flow\">\n<h2 class=\"wp-block-heading has-text-align-left is-style-default has-dark-green-800-color has-text-color has-link-color wp-elements-a4daa255ea45ce2b60bc455dd94af3c2\" style=\"font-size:40px\"><strong>Firma ahora <strong>para exigir acciones urgentes para mitigar y enfrentar la actual crisis clim\u00e1tica<\/strong>.<\/strong><\/h2>\n\n\n\n<figure class=\"wp-block-image size-full\"><img loading=\"lazy\" decoding=\"async\" width=\"2500\" height=\"1667\" src=\"https:\/\/www.greenpeace.org\/static\/planet4-chile-stateless\/2024\/06\/f2fcd6ec-voluntarios-sequia-lago-penuelas-\u00a9-greenpeace-1.jpg\" alt=\"\" class=\"wp-image-12525\" srcset=\"https:\/\/www.greenpeace.org\/static\/planet4-chile-stateless\/2024\/06\/f2fcd6ec-voluntarios-sequia-lago-penuelas-\u00a9-greenpeace-1.jpg 2500w, https:\/\/www.greenpeace.org\/static\/planet4-chile-stateless\/2024\/06\/f2fcd6ec-voluntarios-sequia-lago-penuelas-\u00a9-greenpeace-1-300x200.jpg 300w, https:\/\/www.greenpeace.org\/static\/planet4-chile-stateless\/2024\/06\/f2fcd6ec-voluntarios-sequia-lago-penuelas-\u00a9-greenpeace-1-1024x683.jpg 1024w, https:\/\/www.greenpeace.org\/static\/planet4-chile-stateless\/2024\/06\/f2fcd6ec-voluntarios-sequia-lago-penuelas-\u00a9-greenpeace-1-768x512.jpg 768w, https:\/\/www.greenpeace.org\/static\/planet4-chile-stateless\/2024\/06\/f2fcd6ec-voluntarios-sequia-lago-penuelas-\u00a9-greenpeace-1-1536x1024.jpg 1536w, https:\/\/www.greenpeace.org\/static\/planet4-chile-stateless\/2024\/06\/f2fcd6ec-voluntarios-sequia-lago-penuelas-\u00a9-greenpeace-1-2048x1366.jpg 2048w, https:\/\/www.greenpeace.org\/static\/planet4-chile-stateless\/2024\/06\/f2fcd6ec-voluntarios-sequia-lago-penuelas-\u00a9-greenpeace-1-510x340.jpg 510w\" sizes=\"auto, (max-width: 2500px) 100vw, 2500px\" \/><\/figure>\n<\/div>\n\n\n\n<div class=\"wp-block-column has-grey-200-background-color has-background is-layout-flow wp-block-column-is-layout-flow\"><p><script charset=\"utf-8\" type=\"text\/javascript\" src=\"\/\/js.hsforms.net\/forms\/embed\/v2.js\"><\/script><br \/>\n<script>\n  hbspt.forms.create({\n    portalId: \"20432059\",\n    formId: \"6857919a-8282-4ab4-a179-f01b3002e3f2\",\n    region: \"na1\"\n  });\n<\/script><\/p>\n<\/div>\n<\/div>\n\n\n\n<div class=\"wp-block-columns is-not-stacked-on-mobile is-layout-flex wp-container-core-columns-is-layout-9d6595d7 wp-block-columns-is-layout-flex\">\n<div class=\"wp-block-column is-layout-flow wp-block-column-is-layout-flow\">\n<p>Atravesamos una crisis clim\u00e1tica sin precedentes en la historia moderna. <strong>La frecuencia, intensidad y duraci\u00f3n de los fen\u00f3menos meteorol\u00f3gicos extremos est\u00e1n en aumento<\/strong>. Dentro de los eventos relacionados con el cambio clim\u00e1tico pueden mencionarse las olas de calor, las olas de fr\u00edo, las lluvias y tormentas severas, inundaciones, sequ\u00edas e incendios forestales..<\/p>\n<\/div>\n\n\n\n<div class=\"wp-block-column is-layout-flow wp-block-column-is-layout-flow\">\n<p class=\"has-dark-green-800-color has-text-color has-link-color wp-elements-6ad7a6636091d63e4b83f9e89a196397\">Como venimos advirtiendo,<strong> se necesitan medidas urgentes para mitigar y prevenir los impactos devastadores de la crisis clim\u00e1tica.<\/strong> <\/p>\n\n\n\n<p class=\"has-dark-green-800-color has-text-color has-link-color wp-elements-caab772c88d3643028742326e60ea55a\">Es necesario reconocerla y que se avance en la protecci\u00f3n de ecosistemas que son vitales para la regulaci\u00f3n clim\u00e1tica como los bosques, oc\u00e9anos, glaciares y humedales. <strong>M\u00e1s deforestaci\u00f3n, m\u00e1s destrucci\u00f3n, significan m\u00e1s eventos meteorol\u00f3gicos extremos como tormentas severas, e inundaciones \u00a1Estamos a tiempo!<\/strong><\/p>\n\n\n\n<p class=\"has-dark-green-800-color has-text-color has-link-color wp-elements-a05f41cfe705b25b7d7e32a1e7be35c3\"><br><br><\/p>\n<\/div>\n<\/div>\n<\/div>\n<\/div>\n\n\n\n<div class=\"wp-block-group alignfull has-beige-100-background-color has-background is-layout-flow wp-block-group-is-layout-flow\" style=\"padding-top:80px;padding-bottom:80px\">\n<div class=\"wp-block-group container is-layout-flow wp-block-group-is-layout-flow\">\n\n<div class=\"wp-block-media-text has-media-on-the-right is-stacked-on-mobile\"><div class=\"wp-block-media-text__content\">\n<h2 class=\"wp-block-heading\">La crisis clim\u00e1tica<\/h2>\n\n\n\n<p>Las  actuales cat\u00e1strofes extremas est\u00e1n relacionada con la crisis clim\u00e1tica. La frecuencia y la intensidad de estos eventos es cada vez mayor como consecuencia del cambio clim\u00e1tico.<\/p>\n\n\n\n<div class=\"wp-block-buttons is-layout-flex wp-block-buttons-is-layout-flex\">\n<div class=\"wp-block-button\"><a class=\"wp-block-button__link wp-element-button\" href=\"https:\/\/www.greenpeace.org\/chile\/campanas\/clima-y-energia\/\" target=\"_blank\" rel=\"noreferrer noopener\">Conoce m\u00e1s<\/a><\/div>\n<\/div>\n<\/div><figure class=\"wp-block-media-text__media\"><img decoding=\"async\" src=\"https:\/\/www.greenpeace.org\/static\/planet4-colombia-stateless\/2025\/01\/66b22015-gp01syk_low-res-with-credit-line-800px.jpg\" alt=\"\" sizes=\"(min-width: 1600px) calc((1320px - 24px) \/ 2),(min-width: 1200px) calc((1140px - 24px) \/ 2),(min-width: 992px) calc((960px - 24px) \/ 2),(min-width: 768px) calc((720px - 24px) \/ 2),(min-width: 601px) calc((540px - 24px) \/ 2),(min-width: 577px) calc((540px - 24px) \/ 1), calc(100vw - 24px)\" srcset=\"\" class=\"wp-image-14181 size-full\"\/><\/figure><\/div>\n\n<\/div>\n<\/div>\n\n\n\n\n<div class=\"wp-block-group alignfull block has-white-background-color has-background is-layout-flow wp-block-group-is-layout-flow\"><\/div>\n\n<\/div>\n\n\n<div class=\"wp-block-query posts-list p4-query-loop is-custom-layout-list is-layout-flow wp-block-query-is-layout-flow\">\n<div class=\"wp-block-group is-content-justification-space-between is-layout-flex wp-container-core-group-is-layout-3d213aab wp-block-group-is-layout-flex\">\n<h2 class=\"wp-block-heading\">Sigue leyendo<\/h2>\n\n\n<li class=\" wp-block-navigation-item see-all-link wp-block-navigation-link\"><a class=\"wp-block-navigation-item__content\"  href=\"https:\/\/www.greenpeace.org\/chile\/news-stories\/?category=climayenergia\"><span class=\"wp-block-navigation-item__label\">See all posts<\/span><\/a><\/li><\/div>\n\n\n\n<p style=\"margin-top:24px;margin-bottom:36px\"><\/p>\n\n\n\n\n<ul class=\"wp-block-post-template is-layout-flow wp-block-post-template-is-layout-flow\"><li class=\"wp-block-post post-16026 post type-post status-publish format-standard has-post-thumbnail hentry category-climayenergia category-contaminacion tag-chaocarbon p4-page-type-blog\">\n\n<div class=\"wp-block-columns is-layout-flex wp-container-core-columns-is-layout-9d6595d7 wp-block-columns-is-layout-flex\"><figure class=\"wp-block-post-featured-image\"><a href=\"https:\/\/www.greenpeace.org\/chile\/blog\/issues\/climayenergia\/salud-en-riesgo-en-quintero-y-puchuncavi-los-mas-jovenes-en-el-centro-de-intoxicaciones-masivas\/\" target=\"_self\"  ><img loading=\"lazy\" decoding=\"async\" width=\"1600\" height=\"1066\" src=\"https:\/\/www.greenpeace.org\/static\/planet4-chile-stateless\/2025\/11\/e4bf7ddc-bannerinfancias_003-1.jpeg\" class=\"attachment-post-thumbnail size-post-thumbnail wp-post-image wp-stateless-item\" alt=\"Salud en riesgo en Quintero y Puchuncav\u00ed: los m\u00e1s j\u00f3venes, en el centro de intoxicaciones masivas\" style=\"object-fit:cover;\" srcset=\"https:\/\/www.greenpeace.org\/static\/planet4-chile-stateless\/2025\/11\/e4bf7ddc-bannerinfancias_003-1.jpeg 1600w, https:\/\/www.greenpeace.org\/static\/planet4-chile-stateless\/2025\/11\/e4bf7ddc-bannerinfancias_003-1-300x200.jpeg 300w, https:\/\/www.greenpeace.org\/static\/planet4-chile-stateless\/2025\/11\/e4bf7ddc-bannerinfancias_003-1-1024x682.jpeg 1024w, https:\/\/www.greenpeace.org\/static\/planet4-chile-stateless\/2025\/11\/e4bf7ddc-bannerinfancias_003-1-768x512.jpeg 768w, https:\/\/www.greenpeace.org\/static\/planet4-chile-stateless\/2025\/11\/e4bf7ddc-bannerinfancias_003-1-1536x1023.jpeg 1536w, https:\/\/www.greenpeace.org\/static\/planet4-chile-stateless\/2025\/11\/e4bf7ddc-bannerinfancias_003-1-510x340.jpeg 510w\" sizes=\"auto, (max-width: 1600px) 100vw, 1600px\" data-image-size=\"post-thumbnail\" data-stateless-media-bucket=\"planet4-chile-stateless\" data-stateless-media-name=\"2025\/11\/e4bf7ddc-bannerinfancias_003-1.jpeg\" \/><\/a><\/figure>\n\n\n<div class=\"wp-block-group is-layout-flow wp-block-group-is-layout-flow\">\n<div class=\"wp-block-group is-layout-flex wp-block-group-is-layout-flex\"><div class=\"wp-block-post-terms\"><a href=\"https:\/\/www.greenpeace.org\/chile\/category\/issues\/climayenergia\/\">Clima y Energ\u00eda<\/a><\/div>\n\n<div class=\"taxonomy-post_tag wp-block-post-terms\"><a href=\"https:\/\/www.greenpeace.org\/chile\/tag\/chaocarbon\/\" rel=\"tag\">ChaoCarb\u00f3n<\/a><\/div><\/div>\n\n\n<h3 class=\"wp-block-post-title\"><a href=\"https:\/\/www.greenpeace.org\/chile\/blog\/issues\/climayenergia\/salud-en-riesgo-en-quintero-y-puchuncavi-los-mas-jovenes-en-el-centro-de-intoxicaciones-masivas\/\" target=\"_self\" >Salud en riesgo en Quintero y Puchuncav\u00ed: los m\u00e1s j\u00f3venes, en el centro de intoxicaciones masivas<\/a><\/h3>\n\n<div class=\"wp-block-post-excerpt\"><p class=\"wp-block-post-excerpt__excerpt\">Aire t\u00f3xico, futuro incierto: el costo humano del polo industrial. <\/p><\/div>\n\n\n<div class=\"wp-block-group posts-list-meta is-layout-flow wp-block-group-is-layout-flow\"><span class='article-list-item-author'>Meri Castro<\/span>\n\n<div class=\"wp-block-post-date\"><time datetime=\"2026-04-07T16:27:07+00:00\">7 Abril 2026<\/time><\/div><\/div>\n<\/div>\n<\/div>\n\n<\/li><li class=\"wp-block-post post-16009 post type-post status-publish format-standard has-post-thumbnail hentry category-climayenergia tag-bajemoslosbronces p4-page-type-blog\">\n\n<div class=\"wp-block-columns is-layout-flex wp-container-core-columns-is-layout-9d6595d7 wp-block-columns-is-layout-flex\"><figure class=\"wp-block-post-featured-image\"><a href=\"https:\/\/www.greenpeace.org\/chile\/blog\/issues\/climayenergia\/dia-mundial-del-agua-2026-la-onu-advierte-sobre-una-bancarrota-hidrica-global\/\" target=\"_self\"  ><img loading=\"lazy\" decoding=\"async\" width=\"800\" height=\"599\" src=\"https:\/\/www.greenpeace.org\/static\/planet4-chile-stateless\/2023\/07\/b66d66e4-gp0stwtfi_web_size_with_credit_line.jpg\" class=\"attachment-post-thumbnail size-post-thumbnail wp-post-image wp-stateless-item\" alt=\"D\u00eda Mundial del Agua 2026: la ONU advierte sobre una bancarrota h\u00eddrica global\" style=\"object-fit:cover;\" srcset=\"https:\/\/www.greenpeace.org\/static\/planet4-chile-stateless\/2023\/07\/b66d66e4-gp0stwtfi_web_size_with_credit_line.jpg 800w, https:\/\/www.greenpeace.org\/static\/planet4-chile-stateless\/2023\/07\/b66d66e4-gp0stwtfi_web_size_with_credit_line-300x225.jpg 300w, https:\/\/www.greenpeace.org\/static\/planet4-chile-stateless\/2023\/07\/b66d66e4-gp0stwtfi_web_size_with_credit_line-768x575.jpg 768w, https:\/\/www.greenpeace.org\/static\/planet4-chile-stateless\/2023\/07\/b66d66e4-gp0stwtfi_web_size_with_credit_line-454x340.jpg 454w\" sizes=\"auto, (max-width: 800px) 100vw, 800px\" data-image-size=\"post-thumbnail\" data-stateless-media-bucket=\"planet4-chile-stateless\" data-stateless-media-name=\"2023\/07\/b66d66e4-gp0stwtfi_web_size_with_credit_line.jpg\" \/><\/a><\/figure>\n\n\n<div class=\"wp-block-group is-layout-flow wp-block-group-is-layout-flow\">\n<div class=\"wp-block-group is-layout-flex wp-block-group-is-layout-flex\"><div class=\"wp-block-post-terms\"><a href=\"https:\/\/www.greenpeace.org\/chile\/category\/issues\/climayenergia\/\">Clima y Energ\u00eda<\/a><\/div>\n\n<div class=\"taxonomy-post_tag wp-block-post-terms\"><a href=\"https:\/\/www.greenpeace.org\/chile\/tag\/bajemoslosbronces\/\" rel=\"tag\">Bajemos Los Bronces<\/a><\/div><\/div>\n\n\n<h3 class=\"wp-block-post-title\"><a href=\"https:\/\/www.greenpeace.org\/chile\/blog\/issues\/climayenergia\/dia-mundial-del-agua-2026-la-onu-advierte-sobre-una-bancarrota-hidrica-global\/\" target=\"_self\" >D\u00eda Mundial del Agua 2026: la ONU advierte sobre una bancarrota h\u00eddrica global<\/a><\/h3>\n\n<div class=\"wp-block-post-excerpt\"><p class=\"wp-block-post-excerpt__excerpt\">Sed global: la nueva cara de la crisis clim\u00e1tica. <\/p><\/div>\n\n\n<div class=\"wp-block-group posts-list-meta is-layout-flow wp-block-group-is-layout-flow\"><span class='article-list-item-author'>Meri Castro<\/span>\n\n<div class=\"wp-block-post-date\"><time datetime=\"2026-03-20T18:24:26+00:00\">20 Marzo 2026<\/time><\/div><\/div>\n<\/div>\n<\/div>\n\n<\/li><li class=\"wp-block-post post-15726 post type-post status-publish format-standard has-post-thumbnail hentry category-climayenergia p4-page-type-noticia\">\n\n<div class=\"wp-block-columns is-layout-flex wp-container-core-columns-is-layout-9d6595d7 wp-block-columns-is-layout-flex\"><figure class=\"wp-block-post-featured-image\"><a href=\"https:\/\/www.greenpeace.org\/chile\/noticia\/issues\/climayenergia\/mas-pobreza-mas-migracion-mas-inseguridad-el-costo-de-no-hablar-del-clima\/\" target=\"_self\"  ><img loading=\"lazy\" decoding=\"async\" width=\"1024\" height=\"683\" src=\"https:\/\/www.greenpeace.org\/static\/planet4-chile-stateless\/2024\/05\/411277a8-image00027_cprt_reduced-1024x683-1.jpg\" class=\"attachment-post-thumbnail size-post-thumbnail wp-post-image wp-stateless-item\" alt=\"M\u00e1s pobreza, m\u00e1s migraci\u00f3n, m\u00e1s inseguridad: el costo de no hablar del clima\" style=\"object-fit:cover;\" srcset=\"https:\/\/www.greenpeace.org\/static\/planet4-chile-stateless\/2024\/05\/411277a8-image00027_cprt_reduced-1024x683-1.jpg 1024w, https:\/\/www.greenpeace.org\/static\/planet4-chile-stateless\/2024\/05\/411277a8-image00027_cprt_reduced-1024x683-1-300x200.jpg 300w, https:\/\/www.greenpeace.org\/static\/planet4-chile-stateless\/2024\/05\/411277a8-image00027_cprt_reduced-1024x683-1-768x512.jpg 768w, https:\/\/www.greenpeace.org\/static\/planet4-chile-stateless\/2024\/05\/411277a8-image00027_cprt_reduced-1024x683-1-510x340.jpg 510w\" sizes=\"auto, (max-width: 1024px) 100vw, 1024px\" data-image-size=\"post-thumbnail\" data-stateless-media-bucket=\"planet4-chile-stateless\" data-stateless-media-name=\"2024\/05\/411277a8-image00027_cprt_reduced-1024x683-1.jpg\" \/><\/a><\/figure>\n\n\n<div class=\"wp-block-group is-layout-flow wp-block-group-is-layout-flow\">\n<div class=\"wp-block-group is-layout-flex wp-block-group-is-layout-flex\"><div class=\"wp-block-post-terms\"><a href=\"https:\/\/www.greenpeace.org\/chile\/category\/issues\/climayenergia\/\">Clima y Energ\u00eda<\/a><\/div>\n\n<\/div>\n\n\n<h3 class=\"wp-block-post-title\"><a href=\"https:\/\/www.greenpeace.org\/chile\/noticia\/issues\/climayenergia\/mas-pobreza-mas-migracion-mas-inseguridad-el-costo-de-no-hablar-del-clima\/\" target=\"_self\" >M\u00e1s pobreza, m\u00e1s migraci\u00f3n, m\u00e1s inseguridad: el costo de no hablar del clima<\/a><\/h3>\n\n<div class=\"wp-block-post-excerpt\"><p class=\"wp-block-post-excerpt__excerpt\">La crisis clim\u00e1tica no s\u00f3lo pone en riesgo la vida de las personas m\u00e1s vulnerables, sino que tambi\u00e9n amenaza la calidad de vida y la estabilidad econ\u00f3mica de todo el mundo <\/p><\/div>\n\n\n<div class=\"wp-block-group posts-list-meta is-layout-flow wp-block-group-is-layout-flow\"><span class='article-list-item-author'><a href='https:\/\/www.greenpeace.org\/chile\/author\/prensachile\/'>Prensa Chile<\/a><\/span>\n\n<div class=\"wp-block-post-date\"><time datetime=\"2026-01-12T20:43:33+00:00\">12 Enero 2026<\/time><\/div><\/div>\n<\/div>\n<\/div>\n\n<\/li><\/ul>\n\n\n<div class=\"wp-block-buttons carousel-controls is-horizontal is-content-justification-space-between is-nowrap is-layout-flex wp-container-core-buttons-is-layout-044bd602 wp-block-buttons-is-layout-flex\">\n<div class=\"wp-block-button carousel-control-prev\"><button type=\"button\" class=\"wp-block-button__link wp-element-button\">Previous Carousel Slide<\/button><\/div>\n\n\n\n<div class=\"wp-block-button carousel-control-next\"><button type=\"button\" class=\"wp-block-button__link wp-element-button\">Next Carousel Slide<\/button><\/div>\n<\/div>\n\n\n<li class=\" wp-block-navigation-item see-all-link wp-block-navigation-link\"><a class=\"wp-block-navigation-item__content\"  href=\"https:\/\/www.greenpeace.org\/chile\/news-stories\/?category=climayenergia\"><span class=\"wp-block-navigation-item__label\">Ver m\u00e1s<\/span><\/a><\/li><\/div>\n","protected":false},"excerpt":{"rendered":"<p>Se necesitan medidas urgentes para proteger lo que a\u00fan queda: bosques, cielos, glaciares, oc\u00e9anos y monta\u00f1as.<\/p>\n","protected":false},"author":21,"featured_media":12525,"parent":0,"menu_order":0,"comment_status":"closed","ping_status":"closed","template":"","meta":{"ep_exclude_from_search":false,"p4_hide_page_title_checkbox":"on","p4_title":"","p4_subtitle":"","p4_description":"","background_image_id":"","background_image":"","p4_button_title":"","p4_button_link":"","p4_button_link_checkbox":"","p4_og_title":"FIRMA AHORA para exigir acciones urgentes para mitigar y enfrentar la actual crisis clim\u00e1tica.","p4_og_description":"Se necesitan medidas urgentes para proteger lo que a\u00fan queda: bosques, cielos, glaciares, oc\u00e9anos y monta\u00f1as.","p4_og_image":"https:\/\/www.greenpeace.org\/static\/planet4-chile-stateless\/2024\/06\/f2fcd6ec-voluntarios-sequia-lago-penuelas-\u00a9-greenpeace-1.jpg","p4_og_image_id":"12525","p4_seo_canonical_url":"","p4_campaign_name":"","p4_local_project":"","p4_basket_name":"","p4_department":"","footnotes":""},"categories":[3],"tags":[],"class_list":["post-15442","page","type-page","status-publish","has-post-thumbnail","hentry","category-climayenergia"],"_links":{"self":[{"href":"https:\/\/www.greenpeace.org\/chile\/wp-json\/wp\/v2\/pages\/15442","targetHints":{"allow":["GET"]}}],"collection":[{"href":"https:\/\/www.greenpeace.org\/chile\/wp-json\/wp\/v2\/pages"}],"about":[{"href":"https:\/\/www.greenpeace.org\/chile\/wp-json\/wp\/v2\/types\/page"}],"author":[{"embeddable":true,"href":"https:\/\/www.greenpeace.org\/chile\/wp-json\/wp\/v2\/users\/21"}],"replies":[{"embeddable":true,"href":"https:\/\/www.greenpeace.org\/chile\/wp-json\/wp\/v2\/comments?post=15442"}],"version-history":[{"count":3,"href":"https:\/\/www.greenpeace.org\/chile\/wp-json\/wp\/v2\/pages\/15442\/revisions"}],"predecessor-version":[{"id":15459,"href":"https:\/\/www.greenpeace.org\/chile\/wp-json\/wp\/v2\/pages\/15442\/revisions\/15459"}],"wp:featuredmedia":[{"embeddable":true,"href":"https:\/\/www.greenpeace.org\/chile\/wp-json\/wp\/v2\/media\/12525"}],"wp:attachment":[{"href":"https:\/\/www.greenpeace.org\/chile\/wp-json\/wp\/v2\/media?parent=15442"}],"wp:term":[{"taxonomy":"category","embeddable":true,"href":"https:\/\/www.greenpeace.org\/chile\/wp-json\/wp\/v2\/categories?post=15442"},{"taxonomy":"post_tag","embeddable":true,"href":"https:\/\/www.greenpeace.org\/chile\/wp-json\/wp\/v2\/tags?post=15442"}],"curies":[{"name":"wp","href":"https:\/\/api.w.org\/{rel}","templated":true}]}}