{"id":1796,"date":"2019-07-29T18:25:47","date_gmt":"2019-07-29T18:25:47","guid":{"rendered":"https:\/\/www.greenpeace.org\/chile\/?page_id=1796"},"modified":"2024-03-26T11:31:38","modified_gmt":"2024-03-26T11:31:38","slug":"derechos-y-deberes-de-las-personas-que-se-unen-al-voluntariado","status":"publish","type":"page","link":"https:\/\/www.greenpeace.org\/chile\/conviertete-en-voluntario\/derechos-y-deberes-de-las-personas-que-se-unen-al-voluntariado\/","title":{"rendered":"Derechos y deberes de las personas que se unen al voluntariado"},"content":{"rendered":"\n                    <div class=\"wp-block-group is-vertical is-layout-flex wp-container-core-group-is-layout-8cf370e7 wp-block-group-is-layout-flex\">\n                    \n\n                    \n                    <\/div>\n                    \n<h2 class=\"wp-block-heading\"><\/h2>\n\n<p><span style=\"font-weight: 400;\"><span style=\"font-weight: 400;\">\u2022 Guardar la confidencialidad de la informaci\u00f3n recibida y conocida en el desarrollo de diversas actividades: desde entrenamientos, capacitaciones, acciones, demostraciones o reuniones de campa\u00f1as.<\/span><\/span><\/p>\n\n<p>\u2022<span style=\"font-weight: 400;\"><span style=\"font-weight: 400;\"> Mantener una actitud y un comportamiento acordes con los principios de Greenpeace.<\/span><\/span><\/p>\n\n<p>\u2022<span style=\"font-weight: 400;\"><span style=\"font-weight: 400;\"> Salvaguardar la integridad de la organizaci\u00f3n. No utilizar las redes sociales para publicar mensajes en contra de Greenpeace, y\/o sus campa\u00f1as. De igual manera, no hablar en nombre de Greenpeace por decisi\u00f3n personal.<\/span><\/span><\/p>\n\n<p><span style=\"font-weight: 400;\"><span style=\"font-weight: 400;\">\u2022 Cumplir con lo que se compromete en tiempo y forma.<\/span><\/span><\/p>\n\n<p><span style=\"font-weight: 400;\"><span style=\"font-weight: 400;\">\u2022 Respetar a los dem\u00e1s. Cumplir con nuestra pol\u00edtica de tolerancia cero a la discriminaci\u00f3n y el abuso.<\/span><\/span><\/p>\n\n<p>\u2022<span style=\"font-weight: 400;\"><span style=\"font-weight: 400;\"> No realizar actividades proselitistas de tipo alguno en los tiempos y espacios que colabores con Greenpeace.<\/span><\/span><\/p>\n\n<p><span style=\"font-weight: 400;\"><span style=\"font-weight: 400;\">\u2022 Autorizar a Greenpeace a captar y difundir im\u00e1genes, sonidos y parlamentos de tu participaci\u00f3n en cualquier actividad de la organizaci\u00f3n.<\/span><\/span><\/p>\n\n<p>\u2022<span style=\"font-weight: 400;\"><span style=\"font-weight: 400;\"> Ser aceptado sin discriminaci\u00f3n de tipo religioso, pol\u00edtico, sexual, racial, edad y nacionalidad (no se puede, sin embargo, pertenecer a grupos que practiquen la violencia o la discriminaci\u00f3n).<\/span><\/span><\/p>\n\n<p><span style=\"font-weight: 400;\"><span style=\"font-weight: 400;\">\u2022 Obtener el respeto y reconocimiento a su contribuci\u00f3n.<\/span><\/span><\/p>\n\n<p><span style=\"font-weight: 400;\"><span style=\"font-weight: 400;\">\u2022 Recibir informaci\u00f3n sobre las actividades de la organizaci\u00f3n a trav\u00e9s de una lista de correos de voluntarios manejada por el coordinador.<\/span><\/span><\/p>\n\n<p><span style=\"font-weight: 400;\"><span style=\"font-weight: 400;\">\u2022 Disponer de espacios de capacitaci\u00f3n, discusi\u00f3n e intercambio de experiencias.<\/span><\/span><\/p>\n\n<p><span style=\"font-weight: 400;\"><span style=\"font-weight: 400;\">\u2022 Recibir la formaci\u00f3n necesaria para la tarea que se vaya a asumir seg\u00fan sus capacidades.<\/span><\/span><\/p>\n\n<p><span style=\"font-weight: 400;\">\u2022 No ser asignados a la ejecuci\u00f3n de tareas ajenas a los fines de la organizaci\u00f3n.<\/span><\/p>\n\n<h2 class=\"wp-block-heading\"><\/h2>\n","protected":false},"excerpt":{"rendered":"<p>\u2022 Guardar la confidencialidad de la informaci\u00f3n recibida y conocida en el desarrollo de diversas actividades: desde entrenamientos, capacitaciones, acciones, demostraciones o reuniones de campa\u00f1as. \u2022 Mantener una actitud y un comportamiento acordes con los principios de Greenpeace. \u2022 Salvaguardar la integridad de la organizaci\u00f3n. No utilizar las redes sociales para publicar mensajes en contra [&hellip;]<\/p>\n","protected":false},"author":19,"featured_media":0,"parent":410,"menu_order":0,"comment_status":"closed","ping_status":"closed","template":"","meta":{"ep_exclude_from_search":false,"p4_hide_page_title_checkbox":"","p4_title":"","p4_subtitle":"","p4_description":"","background_image_id":"","background_image":"","p4_button_title":"","p4_button_link":"","p4_button_link_checkbox":"","p4_og_title":"","p4_og_description":"","p4_og_image":"","p4_og_image_id":"","p4_seo_canonical_url":"","p4_campaign_name":"not set","p4_local_project":"not set","p4_basket_name":"not set","p4_department":"","footnotes":""},"categories":[],"tags":[],"class_list":["post-1796","page","type-page","status-publish","hentry"],"_links":{"self":[{"href":"https:\/\/www.greenpeace.org\/chile\/wp-json\/wp\/v2\/pages\/1796","targetHints":{"allow":["GET"]}}],"collection":[{"href":"https:\/\/www.greenpeace.org\/chile\/wp-json\/wp\/v2\/pages"}],"about":[{"href":"https:\/\/www.greenpeace.org\/chile\/wp-json\/wp\/v2\/types\/page"}],"author":[{"embeddable":true,"href":"https:\/\/www.greenpeace.org\/chile\/wp-json\/wp\/v2\/users\/19"}],"replies":[{"embeddable":true,"href":"https:\/\/www.greenpeace.org\/chile\/wp-json\/wp\/v2\/comments?post=1796"}],"version-history":[{"count":10,"href":"https:\/\/www.greenpeace.org\/chile\/wp-json\/wp\/v2\/pages\/1796\/revisions"}],"predecessor-version":[{"id":11811,"href":"https:\/\/www.greenpeace.org\/chile\/wp-json\/wp\/v2\/pages\/1796\/revisions\/11811"}],"up":[{"embeddable":true,"href":"https:\/\/www.greenpeace.org\/chile\/wp-json\/wp\/v2\/pages\/410"}],"wp:attachment":[{"href":"https:\/\/www.greenpeace.org\/chile\/wp-json\/wp\/v2\/media?parent=1796"}],"wp:term":[{"taxonomy":"category","embeddable":true,"href":"https:\/\/www.greenpeace.org\/chile\/wp-json\/wp\/v2\/categories?post=1796"},{"taxonomy":"post_tag","embeddable":true,"href":"https:\/\/www.greenpeace.org\/chile\/wp-json\/wp\/v2\/tags?post=1796"}],"curies":[{"name":"wp","href":"https:\/\/api.w.org\/{rel}","templated":true}]}}