{"id":1930,"date":"2019-08-23T19:18:39","date_gmt":"2019-08-23T19:18:39","guid":{"rendered":"https:\/\/www.greenpeace.org\/chile\/?page_id=1930"},"modified":"2025-09-23T09:45:17","modified_gmt":"2025-09-23T09:45:17","slug":"amazonas-en-llamas","status":"publish","type":"page","link":"https:\/\/www.greenpeace.org\/chile\/involucrate\/amazonas-en-llamas\/","title":{"rendered":"Amazonas en llamas"},"content":{"rendered":"\n\n<div class=\"wp-block-group alignfull is-layout-flow wp-block-group-is-layout-flow\">\n<div class=\"wp-block-group container is-layout-flow wp-block-group-is-layout-flow\">\n<div class=\"wp-block-media-text alignfull has-media-on-the-right is-stacked-on-mobile is-pattern-p4-page-header is-style-parallax\"><div class=\"wp-block-media-text__content\">\n<div class=\"wp-block-group is-layout-flow wp-block-group-is-layout-flow\">\n<h1 class=\"wp-block-heading has-white-background-color has-background\">\n                            Amazonas en llamas\n                        <\/h1>\n<\/div>\n\n\n\n<p style=\"font-size:1.25rem\">\n                            <span style=\"font-weight: 400\">Necesitamos que el presidente de Brasil, Jair Bolsonaro, aplique pol\u00edticas de deforestaci\u00f3n cero y deje de destruir el mayor bosque tropical del planeta.<\/span>\n                        <\/p>\n<\/div><figure class=\"wp-block-media-text__media\"><img loading=\"lazy\" decoding=\"async\" width=\"1200\" height=\"800\" src=\"https:\/\/www.greenpeace.org\/static\/planet4-chile-stateless\/2019\/08\/c85a2333-gp0stsk0a_medium_res_with_credit_line.jpg\" alt=\"\" sizes=\"auto, (min-width: 601px) 50vw, 100vw\" srcset=\"https:\/\/www.greenpeace.org\/static\/planet4-chile-stateless\/2019\/08\/c85a2333-gp0stsk0a_medium_res_with_credit_line.jpg 1200w, https:\/\/www.greenpeace.org\/static\/planet4-chile-stateless\/2019\/08\/c85a2333-gp0stsk0a_medium_res_with_credit_line-300x200.jpg 300w, https:\/\/www.greenpeace.org\/static\/planet4-chile-stateless\/2019\/08\/c85a2333-gp0stsk0a_medium_res_with_credit_line-768x512.jpg 768w, https:\/\/www.greenpeace.org\/static\/planet4-chile-stateless\/2019\/08\/c85a2333-gp0stsk0a_medium_res_with_credit_line-1024x683.jpg 1024w, https:\/\/www.greenpeace.org\/static\/planet4-chile-stateless\/2019\/08\/c85a2333-gp0stsk0a_medium_res_with_credit_line-510x340.jpg 510w\" class=\"wp-image-1957 size-full\"\/><\/figure><\/div>\n<\/div>\n<\/div>\n\n\n<p><span style=\"font-weight: 400;\">A pesar de su importancia para la conservaci\u00f3n de la biodiversidad y para que el mundo alcance el objetivo de limitar el calentamiento global a 1.5 grados, el Amazonas contin\u00faa reduci\u00e9ndose cada a\u00f1o. En parte, <\/span><b>esta p\u00e9rdida es causada por incendios<\/b><span style=\"font-weight: 400;\">, que adem\u00e1s de representar amenazas para personas y animales, contribuyen a aumentar las emisiones de gases de efecto invernadero.<\/span><\/p>\n\n<p><span style=\"font-weight: 400;\">Los fuegos sin control que se produjeron en agosto de 2019 generaron consecuencias nefastas para este ecosistema selv\u00e1tico, con repercusiones mundiales. <\/span><span style=\"font-weight: 400;\">Las im\u00e1genes que se registraron durante los incendios, junto con las <\/span><b>cifras de deforestaci\u00f3n de 2,5 millones de hect\u00e1reas que presenta la Amazonia, <\/b><span style=\"font-weight: 400;\">son razones m\u00e1s que suficientes para actuar inmediatamente de manera decidida, r\u00e1pida y eficiente.<\/span><\/p>\n\n<p><b>Los \u00e1rboles de gran tama\u00f1o que fueron quemados o talados dejaron de almacenar carbono tanto del aire como del suelo.<\/b> Se liber\u00f3 de forma alarmante el di\u00f3xido de carbono (CO2) contenido desde hace muchos a\u00f1os en \u00e1rboles que tienen la capacidad de albergar la mayor cantidad de carbono en el suelo, en sus hojas y tallos.<\/p>\n\n<p>Por su parte, las comunidades ind\u00edgenas, que por siglos habitaron y protegieron el Amazonas, se vieron perjudicadas por la contaminaci\u00f3n del aire y el desplazamiento y la destrucci\u00f3n de su territorio y su patrimonio cultural.<\/p>\n\n<p><span style=\"font-weight: 400;\">En varias zonas de Brasil el cielo se nubl\u00f3 y se inform\u00f3 que el sol se puso rojo debido a la presencia de humo en la atm\u00f3sfera. El avance de la columna de humo hacia la regi\u00f3n sur del pa\u00eds fue capturado por dos sat\u00e9lites y el Sistema Cop\u00e9rnico.<\/span><\/p>\n\n<p><span style=\"font-weight: 400;\">La poblaci\u00f3n mantiene su preocupaci\u00f3n, sin embargo, el gobierno brasilero no responde a las preguntas planteadas sobre lo sucedido. De hecho, no inform\u00f3 a los habitantes las medidas que ya implement\u00f3 o las que tomar\u00e1<\/span><span style=\"font-weight: 400;\">&nbsp;para evitar nuevos incendios.<\/span><\/p>\n\n<h2 class=\"wp-block-heading\"><\/h2>\n\n<h3 class=\"wp-block-heading\"><b>Incendios, deforestaci\u00f3n y cambio clim\u00e1tico<\/b><\/h3>\n\n<p><span style=\"font-weight: 400;\"><b>Los incendios en ambientes naturales<\/b>, que la mayor\u00eda de las veces son causados por la actividad humana, se producen <b>generalmente para despejar \u00e1reas destinadas a uso agr\u00edcola y ganadero<\/b>. Existe un v\u00ednculo estrecho entre incendios y deforestaci\u00f3n. Adem\u00e1s, un bosque saludable es mucho m\u00e1s resistente al fuego.<\/span><\/p>\n\n<p><span style=\"font-weight: 400;\">El 10 y 11 de agosto de este a\u00f1o, los agricultores del \u00e1rea de la ruta BR-163 anunciaron que organizar\u00edan un <\/span><b>&#8220;D\u00eda del Fuego&#8221;<\/b><span style=\"font-weight: 400;\">, seg\u00fan los peri\u00f3dicos locales y la Folha de S\u00e3o Paulo. La acci\u00f3n coordinada hizo que el n\u00famero de puntos calientes aumentara en un 300% durante la noche en Novo Progresso, la ciudad principal del estado de Par\u00e1.<br><\/span><span style=\"font-weight: 400;\">Luego, el agua de los \u00a8R\u00edos Voladores\u00a8, que transportan la humedad del Amazonas al sur y centro-oeste del continente, fue reemplazada por humo&nbsp;que lleg\u00f3 a ser visto en los estados de San Pablo y Paran\u00e1.<\/span><\/p>\n\n<p>La causa es el&nbsp;<b>n\u00famero r\u00e9cord de brotes de incendios registrados en el Amazonas en 2019<\/b>, uno de los m\u00e1s grandes en los \u00faltimos a\u00f1os. Entre enero y el pasado 20 de agosto, el n\u00famero de incendios aument\u00f3 145% en comparaci\u00f3n con el mismo per\u00edodo en 2018.<\/p>\n\n<p><span style=\"font-weight: 400;\">Adem\u00e1s, <\/span><b>los incendios forestales y el cambio clim\u00e1tico operan en un c\u00edrculo vicioso<\/b><span style=\"font-weight: 400;\">: a medida que aumenta el n\u00famero de incendios, tambi\u00e9n lo hacen las emisiones de gases de efecto invernadero. De esta forma, se&nbsp; incrementa la temperatura general del planeta y la ocurrencia de eventos clim\u00e1ticos extremos como grandes sequ\u00edas.<\/span><\/p>\n\n<p><b>La deforestaci\u00f3n tambi\u00e9n contribuye directamente a un cambio en los patrones de lluvia<\/b> en la regi\u00f3n afectada extendiendo la duraci\u00f3n de la estaci\u00f3n seca y afectando a\u00fan m\u00e1s a los bosques, la biodiversidad, la agricultura y la salud humana.<\/p>\n\n<h2 class=\"wp-block-heading\"><\/h2>\n\n<h3 class=\"wp-block-heading\"><b>La responsabilidad del gobierno de Brasil<\/b><\/h3>\n\n<p><span style=\"font-weight: 400;\">Desde que asumi\u00f3 el cargo el presidente de Brasil, Jair Bolsonaro, estuvo desmantelando la pol\u00edtica ambiental del pa\u00eds e hizo varias declaraciones que solo fomentan pr\u00e1cticas contra el medio ambiente.<\/span><\/p>\n\n<p><span style=\"font-weight: 400;\">Los <\/span><b>recientes ataques del gobierno brasile\u00f1o contra el Fondo Amazonas resultaron en el bloqueo de R$288 millones en donaciones de Noruega y Alemania<\/b><span style=\"font-weight: 400;\">. Esto tendr\u00e1 graves consecuencias para la lucha contra la deforestaci\u00f3n y los incendios forestales en la Amazon\u00eda.<\/span><\/p>\n\n<p><span style=\"font-weight: 400;\">A fines de 2018, las acciones de monitoreo y prevenci\u00f3n de incendios forestales representaron el 47% del monto asignado a proyectos apoyados por el Fondo, totalizando R$891 millones. De este total, alrededor del 90% se destin\u00f3 a proyectos implementados por entidades de la administraci\u00f3n p\u00fablica brasile\u00f1a (gobiernos federales, estatales y municipales), revelando la importancia estrat\u00e9gica del Fondo para la conservaci\u00f3n de la Amazon\u00eda.<\/span><\/p>\n\n<p><b>El presidente de Brasil debe tomar medidas efectivas para combatir el aumento de la deforestaci\u00f3n y los incendios<\/b><span style=\"font-weight: 400;\">. <\/span><b>Adem\u00e1s, los datos sobre los incendios y la deforestaci\u00f3n, as\u00ed como las acciones y medidas a tomar, deben ser transparentes y estar disponibles para toda la poblaci\u00f3n.<\/b><\/p>\n\n<p><span style=\"font-weight: 400;\">Por estas razones estamos exigiendo al gobierno de Bolsonaro que revise de manera inmediata las pol\u00edticas que est\u00e1n atentando contra nuestro presente y nuestro futuro. En este momento de la historia es inaceptable que se sigan priorizando los derechos de empresas privadas sobre los derechos colectivos a la vida, la salud y un ambiente sano.<\/span><\/p>\n\n<h2 class=\"wp-block-heading\"><\/h2>\n\n<h3 class=\"wp-block-heading\"><strong>Lee m\u00e1s<\/strong><\/h3>\n\n<p><a href=\"https:\/\/www.greenpeace.org\/chile\/amazonas-en-llamas-la-historia\/\"><b><u>Amazonas en llamas: la historia<\/u><\/b><\/a>&nbsp;(septiembre 2019)<\/p>\n\n<p><a href=\"http:\/\/greenpeace.co\/amazonia\/Posici%C3%B3n%20de%20Greenpeace%20sobre%20el%20Pacto%20de%20Leticia%20por%20la%20Amazon%C3%ADa.pdf\"><strong>Posici\u00f3n de Greenpeace sobre el Pacto de Leticia por la Amazon\u00eda<\/strong> (septiembre 2019)<\/a><\/p>\n\n<p><a href=\"http:\/\/greenpeace.co\/pdf\/amazonas\/Amazonas_%20una%20soluci%C3%B3n%20clim%C3%A1tica%20natural.pdf\"><b>Amazonas: una soluci\u00f3n clim\u00e1tica natural<\/b> (agosto 2019)<\/a><\/p>\n\n<h2 class=\"wp-block-heading\"><\/h2>\n\n<div class=\"wp-block-query posts-list p4-query-loop is-custom-layout-list is-layout-flow wp-block-query-is-layout-flow\">\n<div class=\"wp-block-group is-content-justification-space-between is-layout-flex wp-container-core-group-is-layout-3d213aab wp-block-group-is-layout-flex\">\n<h2 class=\"wp-block-heading\">\u00daltimas noticias<\/h2>\n\n\n<li class=\" wp-block-navigation-item see-all-link wp-block-navigation-link\"><a class=\"wp-block-navigation-item__content\"  href=\"http:\/\/www.greenpeace.org\/chile\/news-stories\/?tag=salvaelamazonas\"><span class=\"wp-block-navigation-item__label\">See all stories<\/span><\/a><\/li><\/div>\n\n\n\n<p style=\"margin-top:24px;margin-bottom:36px\"><\/p>\n\n\n\n\n<ul class=\"wp-block-post-template is-layout-flow wp-block-post-template-is-layout-flow\"><li class=\"wp-block-post post-10984 post type-post status-publish format-standard has-post-thumbnail hentry category-bosques tag-bosques tag-incendios tag-salvaelamazonas tag-cambio-climatico p4-page-type-blog\">\n\n<div class=\"wp-block-columns is-layout-flex wp-container-core-columns-is-layout-9d6595d7 wp-block-columns-is-layout-flex\"><figure class=\"wp-block-post-featured-image\"><a href=\"https:\/\/www.greenpeace.org\/chile\/blog\/issues\/bosques\/bosques-nuevo-estudio-muestra-su-potencial-para-combatir-al-cambio-climatico-%f0%9f%8c%8e%f0%9f%8c%b3%f0%9f%92%aa\/\" target=\"_self\"  ><img loading=\"lazy\" decoding=\"async\" width=\"800\" height=\"533\" src=\"https:\/\/www.greenpeace.org\/static\/planet4-chile-stateless\/2023\/11\/3c16fee1-gp0strvj1_low_res_with_credit_line.jpg\" class=\"attachment-post-thumbnail size-post-thumbnail wp-post-image wp-stateless-item\" alt=\"Bosques: nuevo estudio muestra su potencial para combatir al cambio clim\u00e1tico ???\" style=\"object-fit:cover;\" srcset=\"https:\/\/www.greenpeace.org\/static\/planet4-chile-stateless\/2023\/11\/3c16fee1-gp0strvj1_low_res_with_credit_line.jpg 800w, https:\/\/www.greenpeace.org\/static\/planet4-chile-stateless\/2023\/11\/3c16fee1-gp0strvj1_low_res_with_credit_line-300x200.jpg 300w, https:\/\/www.greenpeace.org\/static\/planet4-chile-stateless\/2023\/11\/3c16fee1-gp0strvj1_low_res_with_credit_line-768x512.jpg 768w, https:\/\/www.greenpeace.org\/static\/planet4-chile-stateless\/2023\/11\/3c16fee1-gp0strvj1_low_res_with_credit_line-510x340.jpg 510w\" sizes=\"auto, (max-width: 800px) 100vw, 800px\" data-image-size=\"post-thumbnail\" data-stateless-media-bucket=\"planet4-chile-stateless\" data-stateless-media-name=\"2023\/11\/3c16fee1-gp0strvj1_low_res_with_credit_line.jpg\" \/><\/a><\/figure>\n\n\n<div class=\"wp-block-group is-layout-flow wp-block-group-is-layout-flow\">\n<div class=\"wp-block-group is-layout-flex wp-block-group-is-layout-flex\"><div class=\"wp-block-post-terms\"><a href=\"https:\/\/www.greenpeace.org\/chile\/category\/issues\/bosques\/\">Bosques<\/a><\/div><\/div>\n\n\n<h3 class=\"wp-block-post-title\"><a href=\"https:\/\/www.greenpeace.org\/chile\/blog\/issues\/bosques\/bosques-nuevo-estudio-muestra-su-potencial-para-combatir-al-cambio-climatico-%f0%9f%8c%8e%f0%9f%8c%b3%f0%9f%92%aa\/\" target=\"_self\" >Bosques: nuevo estudio muestra su potencial para combatir al cambio clim\u00e1tico ???<\/a><\/h3>\n\n<div class=\"wp-block-post-excerpt\"><p class=\"wp-block-post-excerpt__excerpt\">Para restaurar la biodiversidad mundial, poner fin a la deforestaci\u00f3n debe ser una prioridad. <\/p><\/div>\n\n\n<div class=\"wp-block-group posts-list-meta is-layout-flow wp-block-group-is-layout-flow\"><span class='article-list-item-author'>Meri Castro<\/span>\n\n<div class=\"wp-block-post-date\"><time datetime=\"2023-11-17T13:47:46+00:00\">17 Noviembre 2023<\/time><\/div><\/div>\n<\/div>\n<\/div>\n\n<\/li><li class=\"wp-block-post post-10834 post type-post status-publish format-standard has-post-thumbnail hentry category-climayenergia tag-bosques tag-salvaelamazonas tag-voluntarios tag-incendios p4-page-type-blog\">\n\n<div class=\"wp-block-columns is-layout-flex wp-container-core-columns-is-layout-9d6595d7 wp-block-columns-is-layout-flex\"><figure class=\"wp-block-post-featured-image\"><a href=\"https:\/\/www.greenpeace.org\/chile\/blog\/issues\/climayenergia\/sequia-en-amazonas-impactantes-imagenes-de-la-crisis-que-sufre-el-bosque-tropical-mas-grande-del-mundo\/\" target=\"_self\"  ><img loading=\"lazy\" decoding=\"async\" width=\"800\" height=\"533\" src=\"https:\/\/www.greenpeace.org\/static\/planet4-chile-stateless\/2023\/10\/2147f243-gp0stxuy7_web_size_with_credit_line.jpg\" class=\"attachment-post-thumbnail size-post-thumbnail wp-post-image wp-stateless-item\" alt=\"Sequ\u00eda en Amazonas: impactantes im\u00e1genes de la crisis que sufre el bosque tropical m\u00e1s grande del mundo\" style=\"object-fit:cover;\" srcset=\"https:\/\/www.greenpeace.org\/static\/planet4-chile-stateless\/2023\/10\/2147f243-gp0stxuy7_web_size_with_credit_line.jpg 800w, https:\/\/www.greenpeace.org\/static\/planet4-chile-stateless\/2023\/10\/2147f243-gp0stxuy7_web_size_with_credit_line-300x200.jpg 300w, https:\/\/www.greenpeace.org\/static\/planet4-chile-stateless\/2023\/10\/2147f243-gp0stxuy7_web_size_with_credit_line-768x512.jpg 768w, https:\/\/www.greenpeace.org\/static\/planet4-chile-stateless\/2023\/10\/2147f243-gp0stxuy7_web_size_with_credit_line-510x340.jpg 510w\" sizes=\"auto, (max-width: 800px) 100vw, 800px\" data-image-size=\"post-thumbnail\" data-stateless-media-bucket=\"planet4-chile-stateless\" data-stateless-media-name=\"2023\/10\/2147f243-gp0stxuy7_web_size_with_credit_line.jpg\" \/><\/a><\/figure>\n\n\n<div class=\"wp-block-group is-layout-flow wp-block-group-is-layout-flow\">\n<div class=\"wp-block-group is-layout-flex wp-block-group-is-layout-flex\"><div class=\"wp-block-post-terms\"><a href=\"https:\/\/www.greenpeace.org\/chile\/category\/issues\/climayenergia\/\">Clima y Energ\u00eda<\/a><\/div><\/div>\n\n\n<h3 class=\"wp-block-post-title\"><a href=\"https:\/\/www.greenpeace.org\/chile\/blog\/issues\/climayenergia\/sequia-en-amazonas-impactantes-imagenes-de-la-crisis-que-sufre-el-bosque-tropical-mas-grande-del-mundo\/\" target=\"_self\" >Sequ\u00eda en Amazonas: impactantes im\u00e1genes de la crisis que sufre el bosque tropical m\u00e1s grande del mundo<\/a><\/h3>\n\n<div class=\"wp-block-post-excerpt\"><p class=\"wp-block-post-excerpt__excerpt\">Im\u00e1genes y contexto de la crisis que vive el bosque tropical m\u00e1s grande del mundo. <\/p><\/div>\n\n\n<div class=\"wp-block-group posts-list-meta is-layout-flow wp-block-group-is-layout-flow\"><span class='article-list-item-author'>Meri Castro<\/span>\n\n<div class=\"wp-block-post-date\"><time datetime=\"2023-10-26T14:25:49+00:00\">26 Octubre 2023<\/time><\/div><\/div>\n<\/div>\n<\/div>\n\n<\/li><li class=\"wp-block-post post-2144 post type-post status-publish format-standard has-post-thumbnail hentry category-greenpeace tag-blog tag-salvaelamazonas p4-page-type-blog\">\n\n<div class=\"wp-block-columns is-layout-flex wp-container-core-columns-is-layout-9d6595d7 wp-block-columns-is-layout-flex\"><figure class=\"wp-block-post-featured-image\"><a href=\"https:\/\/www.greenpeace.org\/chile\/blog\/greenpeace\/en-lugar-de-proteger-el-amazonas-el-gobierno-hace-campana-para-salvar-su-propia-imagen\/\" target=\"_self\"  ><img loading=\"lazy\" decoding=\"async\" width=\"1900\" height=\"1900\" src=\"https:\/\/www.greenpeace.org\/static\/planet4-chile-stateless\/2019\/09\/0c6a11eb-amazonbybolsonaro_02_esp.png\" class=\"attachment-post-thumbnail size-post-thumbnail wp-post-image wp-stateless-item\" alt=\"En lugar de proteger el Amazonas, el gobierno hace campa\u00f1a para salvar su propia imagen\" style=\"object-fit:cover;\" srcset=\"https:\/\/www.greenpeace.org\/static\/planet4-chile-stateless\/2019\/09\/0c6a11eb-amazonbybolsonaro_02_esp.png 1900w, https:\/\/www.greenpeace.org\/static\/planet4-chile-stateless\/2019\/09\/0c6a11eb-amazonbybolsonaro_02_esp-150x150.png 150w, https:\/\/www.greenpeace.org\/static\/planet4-chile-stateless\/2019\/09\/0c6a11eb-amazonbybolsonaro_02_esp-300x300.png 300w, https:\/\/www.greenpeace.org\/static\/planet4-chile-stateless\/2019\/09\/0c6a11eb-amazonbybolsonaro_02_esp-768x768.png 768w, https:\/\/www.greenpeace.org\/static\/planet4-chile-stateless\/2019\/09\/0c6a11eb-amazonbybolsonaro_02_esp-1024x1024.png 1024w, https:\/\/www.greenpeace.org\/static\/planet4-chile-stateless\/2019\/09\/0c6a11eb-amazonbybolsonaro_02_esp-1366x1366.png 1366w, https:\/\/www.greenpeace.org\/static\/planet4-chile-stateless\/2019\/09\/0c6a11eb-amazonbybolsonaro_02_esp-340x340.png 340w\" sizes=\"auto, (max-width: 1900px) 100vw, 1900px\" data-image-size=\"post-thumbnail\" data-stateless-media-bucket=\"planet4-chile-stateless\" data-stateless-media-name=\"2019\/09\/0c6a11eb-amazonbybolsonaro_02_esp.png\" \/><\/a><\/figure>\n\n\n<div class=\"wp-block-group is-layout-flow wp-block-group-is-layout-flow\">\n<div class=\"wp-block-group is-layout-flex wp-block-group-is-layout-flex\"><div class=\"wp-block-post-terms\"><a href=\"https:\/\/www.greenpeace.org\/chile\/category\/greenpeace\/\">Greenpeace<\/a><\/div><\/div>\n\n\n<h3 class=\"wp-block-post-title\"><a href=\"https:\/\/www.greenpeace.org\/chile\/blog\/greenpeace\/en-lugar-de-proteger-el-amazonas-el-gobierno-hace-campana-para-salvar-su-propia-imagen\/\" target=\"_self\" >En lugar de proteger el Amazonas, el gobierno hace campa\u00f1a para salvar su propia imagen<\/a><\/h3>\n\n<div class=\"wp-block-post-excerpt\"><p class=\"wp-block-post-excerpt__excerpt\">Para restaurar la imagen de Brasil en el extranjero, el gobierno de Bolsonaro debe revertir la agenda destructiva y tomar medidas concretas y pol\u00edticas p\u00fablicas participativas para proteger el medio&hellip; <\/p><\/div>\n\n\n<div class=\"wp-block-group posts-list-meta is-layout-flow wp-block-group-is-layout-flow\"><span class='article-list-item-author'><a href='https:\/\/www.greenpeace.org\/chile\/author\/lvazquez\/'>Editor<\/a><\/span>\n\n<div class=\"wp-block-post-date\"><time datetime=\"2019-09-23T19:41:39+00:00\">23 Septiembre 2019<\/time><\/div><\/div>\n<\/div>\n<\/div>\n\n<\/li><\/ul>\n\n\n<div class=\"wp-block-buttons carousel-controls is-horizontal is-content-justification-space-between is-nowrap is-layout-flex wp-container-core-buttons-is-layout-044bd602 wp-block-buttons-is-layout-flex\">\n<div class=\"wp-block-button carousel-control-prev\"><button type=\"button\" class=\"wp-block-button__link wp-element-button\">Prev<\/button><\/div>\n\n\n\n<div class=\"wp-block-button carousel-control-next\"><button type=\"button\" class=\"wp-block-button__link wp-element-button\">Next<\/button><\/div>\n<\/div>\n\n\n<li class=\" wp-block-navigation-item see-all-link wp-block-navigation-link\"><a class=\"wp-block-navigation-item__content\"  href=\"http:\/\/www.greenpeace.org\/chile\/news-stories\/?tag=salvaelamazonas\"><span class=\"wp-block-navigation-item__label\">Ver m\u00e1s<\/span><\/a><\/li><\/div>\n<h3><strong>Videos&nbsp;<\/strong><\/h3>\n<p><iframe loading=\"lazy\" src=\"https:\/\/www.youtube.com\/embed\/videoseries?list=PLkcaT6R1t4RcbNEyG-Cg6XbCg1wX47ipE&amp;v=f9E0gEnCzCU\" width=\"560\" height=\"315\" frameborder=\"0\" allowfullscreen=\"allowfullscreen\" data-mce-fragment=\"1\"><span data-mce-type=\"bookmark\" style=\"display: inline-block; width: 0px; overflow: hidden; line-height: 0;\" class=\"mce_SELRES_start\">\ufeff<\/span><span data-mce-type=\"bookmark\" style=\"display: inline-block; width: 0px; overflow: hidden; line-height: 0;\" class=\"mce_SELRES_start\">\ufeff<\/span><\/iframe><\/p><\/p>\n","protected":false},"excerpt":{"rendered":"<p>A pesar de su importancia para la conservaci\u00f3n de la biodiversidad y para que el mundo alcance el objetivo de limitar el calentamiento global a 1.5 grados, el Amazonas contin\u00faa reduci\u00e9ndose cada a\u00f1o. En parte, esta p\u00e9rdida es causada por incendios, que adem\u00e1s de representar amenazas para personas y animales, contribuyen a aumentar las emisiones [&hellip;]<\/p>\n","protected":false},"author":19,"featured_media":1920,"parent":10089,"menu_order":0,"comment_status":"closed","ping_status":"closed","template":"","meta":{"ep_exclude_from_search":false,"p4_hide_page_title_checkbox":"on","p4_title":"","p4_subtitle":"","p4_description":"","background_image_id":"","background_image":"","p4_button_title":"","p4_button_link":"","p4_button_link_checkbox":"","p4_og_title":"","p4_og_description":"","p4_og_image":"","p4_og_image_id":"","p4_seo_canonical_url":"","p4_campaign_name":"not set","p4_local_project":"not set","p4_basket_name":"not set","p4_department":"","footnotes":""},"categories":[2],"tags":[35],"class_list":["post-1930","page","type-page","status-publish","has-post-thumbnail","hentry","category-bosques","tag-salvaelamazonas"],"_links":{"self":[{"href":"https:\/\/www.greenpeace.org\/chile\/wp-json\/wp\/v2\/pages\/1930","targetHints":{"allow":["GET"]}}],"collection":[{"href":"https:\/\/www.greenpeace.org\/chile\/wp-json\/wp\/v2\/pages"}],"about":[{"href":"https:\/\/www.greenpeace.org\/chile\/wp-json\/wp\/v2\/types\/page"}],"author":[{"embeddable":true,"href":"https:\/\/www.greenpeace.org\/chile\/wp-json\/wp\/v2\/users\/19"}],"replies":[{"embeddable":true,"href":"https:\/\/www.greenpeace.org\/chile\/wp-json\/wp\/v2\/comments?post=1930"}],"version-history":[{"count":20,"href":"https:\/\/www.greenpeace.org\/chile\/wp-json\/wp\/v2\/pages\/1930\/revisions"}],"predecessor-version":[{"id":15485,"href":"https:\/\/www.greenpeace.org\/chile\/wp-json\/wp\/v2\/pages\/1930\/revisions\/15485"}],"up":[{"embeddable":true,"href":"https:\/\/www.greenpeace.org\/chile\/wp-json\/wp\/v2\/pages\/10089"}],"wp:featuredmedia":[{"embeddable":true,"href":"https:\/\/www.greenpeace.org\/chile\/wp-json\/wp\/v2\/media\/1920"}],"wp:attachment":[{"href":"https:\/\/www.greenpeace.org\/chile\/wp-json\/wp\/v2\/media?parent=1930"}],"wp:term":[{"taxonomy":"category","embeddable":true,"href":"https:\/\/www.greenpeace.org\/chile\/wp-json\/wp\/v2\/categories?post=1930"},{"taxonomy":"post_tag","embeddable":true,"href":"https:\/\/www.greenpeace.org\/chile\/wp-json\/wp\/v2\/tags?post=1930"}],"curies":[{"name":"wp","href":"https:\/\/api.w.org\/{rel}","templated":true}]}}