{"id":232,"date":"2018-05-14T12:37:02","date_gmt":"2018-05-14T12:37:02","guid":{"rendered":"https:\/\/k8s.p4.greenpeace.org\/defaultcontent\/?page_id=232"},"modified":"2025-06-23T09:15:23","modified_gmt":"2025-06-23T09:15:23","slug":"politica-privacidad","status":"publish","type":"page","link":"https:\/\/www.greenpeace.org\/chile\/politica-privacidad\/","title":{"rendered":"Pol\u00edtica de privacidad"},"content":{"rendered":"\n                \n                <div class=\"wp-block-group alignfull is-layout-flow wp-block-group-is-layout-flow\">\n                \n                <div class=\"wp-block-group container is-layout-flow wp-block-group-is-layout-flow\">\n                \n                <div class=\"wp-block-media-text alignfull has-media-on-the-right is-stacked-on-mobile is-pattern-p4-page-header is-style-parallax\">\n\n                <div class=\"wp-block-media-text__content\">\n                    <div class=\"wp-block-group is-layout-flow wp-block-group-is-layout-flow\">\n                    \n                        <h1 class=\"wp-block-heading has-white-background-color has-background\">\n                            Pol\u00edtica de privacidad\n                        <\/h1>\n                    <\/div>\n                \n\n                \n                        <p style=\"font-size:1.25rem\">\n                            En Greenpeace creemos en el derecho fundamental a la privacidad de nuestros donantes, voluntarios, ciberactivistas, proveedores, empleados y\/o colaboradores.\r\nPor esta raz\u00f3n desarrollamos la siguiente Pol\u00edtica de Privacidad y Protecci\u00f3n de Datos Personales para proteger tu seguridad online.\n                        <\/p>\n                    \n\n                \n\n                <\/div>\n                <figure class=\"wp-block-media-text__media\">\n                    <img loading=\"lazy\" decoding=\"async\" width=\"2000\" height=\"1500\"\n                        src=\"https:\/\/storage.googleapis.com\/planet4-chile-stateless-develop\/2018\/05\/d99ceb8a-bangladesh-flood-privacy.jpg\"\n                        alt=\"\"\n                        sizes=\"auto, (min-width: 601px) 50vw, 100vw\" srcset=\"https:\/\/storage.googleapis.com\/planet4-chile-stateless-develop\/2018\/05\/d99ceb8a-bangladesh-flood-privacy.jpg 2000w, https:\/\/storage.googleapis.com\/planet4-chile-stateless-develop\/2018\/05\/d99ceb8a-bangladesh-flood-privacy-300x225.jpg 300w, https:\/\/storage.googleapis.com\/planet4-chile-stateless-develop\/2018\/05\/d99ceb8a-bangladesh-flood-privacy-768x576.jpg 768w, https:\/\/storage.googleapis.com\/planet4-chile-stateless-develop\/2018\/05\/d99ceb8a-bangladesh-flood-privacy-1024x768.jpg 1024w, https:\/\/storage.googleapis.com\/planet4-chile-stateless-develop\/2018\/05\/d99ceb8a-bangladesh-flood-privacy-1821x1366.jpg 1821w, https:\/\/storage.googleapis.com\/planet4-chile-stateless-develop\/2018\/05\/d99ceb8a-bangladesh-flood-privacy-453x340.jpg 453w\" class=\"wp-image-81 size-full\"\n                    \/>\n                <\/figure>\n                <\/div>\n                \n                <\/div>\n                \n                <\/div>\n                \n                \n<h2 class=\"wp-block-heading\"><\/h2>\n\n<p><span style=\"font-weight: 400;\">Esta pol\u00edtica se aplica a todas las p\u00e1ginas alojadas por Greenpeace Chile (Fundaci\u00f3n Greenpeace Pac\u00edfico Sur) y al procesamiento de datos de Greenpeace Chile fuera de l\u00ednea (offline). No est\u00e1 destinada a las p\u00e1ginas alojadas por otras organizaciones o a las oficinas nacionales o regionales de Greenpeace a las cuales Greenpeace Chile podr\u00e1 establecer enlaces y cuyas pol\u00edticas de privacidad pueden ser diferentes. Si visitas estas p\u00e1ginas, te recomendamos leer la pol\u00edtica de privacidad del sitio web correspondiente.<\/span><\/p>\n\n<h2 class=\"wp-block-heading\"><\/h2>\n\n<p><span style=\"font-weight: 400;\">Greenpeace Chile procesa los datos personales, incluidos los datos de los visitantes del sitio web. Los datos personales ser\u00e1n tratados con la finalidad de proporcionar informaci\u00f3n sobre las actividades de Greenpeace, el cumplimiento de las obligaciones contractuales y la recaudaci\u00f3n de fondos. En general, Greenpeace Chile utilizar\u00e1 tus datos personales para enviarte novedades, informaci\u00f3n sobre actividades o para que puedas participar en peticiones en l\u00ednea (online) y enviar mensajes.<\/span><\/p>\n\n<p><span style=\"font-weight: 400;\">Ten en cuenta que si proporcionas informaci\u00f3n a Greenpeace Chile, como parte de una petici\u00f3n en l\u00ednea o mensaje a un gobierno, empresa, organizaci\u00f3n o persona, esa informaci\u00f3n puede ser transmitida por Greenpeace Chile al destinatario del reclamo, por lo cual existe la posibilidad de que recibas un e-mail de respuesta directa del receptor.<\/span><\/p>\n\n<h2 class=\"wp-block-heading\"><\/h2>\n\n<p><span style=\"font-weight: 400;\">Al suscribirte a la lista de correo electr\u00f3nico de Greenpeace Chile, recibir\u00e1s actualizaciones sobre campa\u00f1as, y otros recursos e informaci\u00f3n. Si en alg\u00fan momento deseas darte de baja, puedes hacerlo a trav\u00e9s del link que se encuentra en la parte inferior de todos los e-mails que env\u00eda la organizaci\u00f3n (enlace \u00a8<\/span><i><span style=\"font-weight: 400;\">Darse de baja de todos los correos electr\u00f3nicos futuros\u00a8).<\/span><\/i><\/p>\n\n<p>Greenpeace Chile no vende ni alquila listas de correo generadas en la web o cualquier otra informaci\u00f3n de identificaci\u00f3n personal fuera de la organizaci\u00f3n Greenpeace. <span style=\"font-weight: 400;\">Greenpeace Chile comparte listas entre las oficinas nacionales o regionales de Greenpeace, en su caso para informar en forma eficaz y llegar a &nbsp;audiencias nacionales espec\u00edficas u otros segmentos de audiencia con el fin de ganar campa\u00f1as y recaudar fondos para financiar las actividades de la organizaci\u00f3n.<\/span><\/p>\n\n<p><span style=\"font-weight: 400;\">Aunque la manera m\u00e1s r\u00e1pida de informar y respetuosa con el medio ambiente es el correo electr\u00f3nico, tu direcci\u00f3n de e-mail solo ser\u00e1 utilizada por una oficina nacional o regional, si diste tu consentimiento previo. Incluso si aceptaste, siempre puedes darte de baja de la lista de correo electr\u00f3nico a trav\u00e9s del enlace que se encuentra en cada e-mail que env\u00eda Greenpeace Chile.<\/span><\/p>\n\n<p><span style=\"font-weight: 400;\">Greenpeace Chile mantiene algunos registros de las personas que contactan a la organizaci\u00f3n. El objetivo es reunir m\u00e1s datos u obtener ayuda en el caso de tener que contactarse con ellas nuevamente o brindarles informaci\u00f3n adicional.<\/span><\/p>\n\n<p><span style=\"font-weight: 400;\">Sin embargo, Greenpeace Chile no provee esta informaci\u00f3n a otras personas a menos que t\u00fa nos des tu consentimiento. Greenpeace Chile no utiliza esta informaci\u00f3n para ning\u00fan otro prop\u00f3sito.<\/span><\/p>\n\n<h2 class=\"wp-block-heading\"><\/h2>\n\n<p><span style=\"font-weight: 400;\">El sitio web institucional de Greenpeace Chile se encuentra alojado en un servidor. El software de estad\u00edsticas que utiliza la organizaci\u00f3n re\u00fane informaci\u00f3n sobre la fecha y la hora en las que se accede al sitio web, y tambi\u00e9n puede seguir el movimiento de un usuario dentro del sitio. <\/span><\/p>\n\n<p><span style=\"font-weight: 400;\">Greenpeace Chile utiliza estos datos para mejorar el rendimiento del sitio web y para evaluar las estad\u00edsticas de tr\u00e1fico, tales como las horas y los d\u00edas en los que se observa mayor tr\u00e1fico. Adem\u00e1s, permiten evaluar la popularidad relativa de las diferentes \u00e1reas del sitio.<\/span><\/p>\n\n<p>El sitio de Greenpeace Chile utiliza cookies <span style=\"font-weight: 400;\">para<\/span><span style=\"font-weight: 400;\"> que los usuarios registrados puedan hacer comentarios y completar formularios de manera m\u00e1s sencilla (no necesitan introducir sus datos nuevamente). Tambi\u00e9n, brindan la posibilidad de mejorar la experiencia de los visitantes regulares y personalizar ciertas opciones.<\/span><\/p>\n\n<p><span style=\"font-weight: 400;\">Una cookie es un peque\u00f1o elemento de datos que el sitio web de Greenpeace Chile puede enviar a tu navegador y tiene la capacidad de quedar almacenada en el disco duro de tu computadora. <\/span><\/p>\n\n<h2 class=\"wp-block-heading\"><\/h2>\n\n<p>Greenpeace Chile utiliza Google Analytics<span style=\"font-weight: 400;\">, un servicio de an\u00e1lisis web entregado por Google Inc. (&#8220;Google&#8221;). A su vez, Google Analytics usa cookies. La informaci\u00f3n que genera la cookie acerca de tu uso del sitio web (incluye tu direcci\u00f3n IP) es transmitida y archivada por Google en servidores localizados en Estados Unidos. <\/span><\/p>\n\n<p><span style=\"font-weight: 400;\">Google emplea esa informaci\u00f3n para registrar c\u00f3mo utilizas el sitio web, recopila informes de la actividad del sitio web para operadores de sitios web y ofrece otros servicios relacionados con la actividad del sitio y el uso de Internet. Google podr\u00e1 transmitir dicha informaci\u00f3n a terceros cuando tenga la obligaci\u00f3n legal, o cuando dichos terceros procesen la informaci\u00f3n por cuenta de Google. <\/span><\/p>\n\n<p><span style=\"font-weight: 400;\">Google puede combinar tu direcci\u00f3n IP con cualquier otro dato del que disponga. Mediante el uso de este sitio web, t\u00fa das tu consentimiento al tratamiento de datos por parte de Google en la forma y para los fines anteriormente indicados.<\/span><\/p>\n\n<p><span style=\"font-weight: 400;\">Puedes configurar tu navegador para que te notifique cuando recibes una cookie, o desactivar todas las cookies. Ten en cuenta que el sitio web podr\u00eda dejar de funcionar de manera \u00f3ptima.<\/span><\/p>\n\n<h2 class=\"wp-block-heading\"><\/h2>\n\n<p><span style=\"font-weight: 400;\">Greenpeace Chile implement\u00f3 apropiadamente medidas t\u00e9cnicas y organizativas para proteger los datos personales contra p\u00e9rdida o contra cualquier forma de tratamiento il\u00edcito. <\/span>Greenpeace Chile utiliza el cifrado Secure Sockets Layer (SSL) para proteger informaci\u00f3n sensible en l\u00ednea.<\/p>\n\n<p>El sitio web de Greenpeace Chile ofrece la posibilidad de hacer donaciones en forma segura<span style=\"font-weight: 400;\">. Por este motivo, la informaci\u00f3n de pago de tu tarjeta de cr\u00e9dito se procesa a trav\u00e9s de Secure Sockets Layer, un protocolo de seguridad que proporciona privacidad en las comunicaciones a trav\u00e9s de Internet (est\u00e1 dise\u00f1ado para prevenir el espionaje, la manipulaci\u00f3n o la falsificaci\u00f3n de mensajes).<\/span><\/p>\n\n<p><span style=\"font-weight: 400;\">Greenpeace Chile tambi\u00e9n protege la informaci\u00f3n del usuario fuera de l\u00ednea. Todos tus datos, no solo la informaci\u00f3n sensible como n\u00fameros de tarjetas de cr\u00e9dito, est\u00e1n restringidos. \u00danicamente, los empleados que necesitan la informaci\u00f3n para realizar un trabajo espec\u00edfico (por ejemplo, nuestros encargados de recaudaci\u00f3n de fondos) tienen acceso a esta informaci\u00f3n de identificaci\u00f3n personal.<\/span><\/p>\n\n<p>Todos los datos personales son recogidos para ser incorporados y tratados en una base de datos, cuyo destinatario y titular es la organizaci\u00f3n Greenpeace.<\/p>\n\n<p>Conforme a lo establecido en la Ley N\u00b0 19.628, el titular de los datos podr\u00e1 en cualquier momento ejercer los derechos de acceso, rectificaci\u00f3n, cancelaci\u00f3n y bloqueo de sus informaci\u00f3n.<\/p>\n\n<p>La Ley N\u00b0 19.628 dispone de un cat\u00e1logo com\u00fan de derechos para los titulares de datos. Este Cat\u00e1logo considera los siguientes derechos:<\/p>\n\n<p>&#8211; El derecho de acceso<br>&#8211; El derecho de modificaci\u00f3n o rectificaci\u00f3n.<br>&#8211; El derecho de cancelaci\u00f3n.<br>&#8211; El derecho de bloqueo<\/p>\n\n<p><strong>a. Derecho de acceso<\/strong>: se trata del derecho que tiene el titular de datos personales para obtener del correspondiente banco o registro aquella informaci\u00f3n que le permita verificar la exactitud de los datos y la licitud del tratamiento de los mismos. En virtud del derecho de acceso, los titulares de datos se encuentran facultados para conocer cu\u00e1les &nbsp; son los datos &nbsp; tratados; el tipo&nbsp; de &nbsp; datos; el origen de los mismos; el objetivo de su tratamiento; y sus destinatarios.<\/p>\n\n<p><strong>b. Derecho de modificaci\u00f3n:<\/strong> consiste en la facultad del titular de datos para requerir la &nbsp; modificaci\u00f3n o rectificaci\u00f3n de aquellos datos de su titularidad consignados en los &nbsp; bancos o registros de manera err\u00f3nea, inexacta, incompleta o equ\u00edvoca. Para ejercer este derecho, el titular deber\u00e1 acreditar la \u201cmala calidad\u201d del dato cuya modificaci\u00f3n o rectificaci\u00f3n se reclama.<\/p>\n\n<p><strong>c. Derecho de cancelaci\u00f3n o eliminaci\u00f3n:<\/strong> Es la facultad del titular de datos para requerir al registro o banco la destrucci\u00f3n de los datos almacenados, cuando su &nbsp; tratamiento carezca de fundamento legal o cuando los datos se encontraren caducos. Un dato se encuentra caducado por expreso mandato de la&nbsp; ley, en los siguientes casos:&nbsp;<\/p>\n\n<p>&#8211; Por el cumplimiento de la condici\u00f3n de la cual colgaba su vigencia;<br>&#8211; Por la llegada del plazo establecido para su vigencia; \u00f3<br>&#8211; Por un cambio en las circunstancias o hechos que justificaban su vigencia.&nbsp;<\/p>\n\n<p><strong>d. Derecho de bloqueo:<\/strong> Corresponde a la facultad del titular de datos almacenados para solicitar la suspensi\u00f3n temporal de&nbsp; las&nbsp; operaciones de tratamiento de datos &nbsp; cuando la exactitud de los datos no pueda ser establecida, o su vigencia sea dudosa y respecto de los cuales no corresponda la cancelaci\u00f3n.&nbsp;&nbsp;<\/p>\n\n<p><span style=\"font-weight: 400;\">Si tienes alguna pregunta sobre el tratamiento de tus datos personales o si deseas saber qu\u00e9 datos personales se tratan, por favor, cont\u00e1ctate con Greenpeace Chile a <\/span><b><a href=\"mailto:ciberactivistas@infogreenpeace.org\" target=\"_blank\" rel=\"noreferrer noopener\">ciberactivistas@infogreenpeace.org<\/a><\/b><span style=\"font-weight: 400;\"> Greenpeace Chile est\u00e1 obligado a solicitar una prueba de identidad antes de que se de acceso.<\/span><\/p>\n\n<p><span style=\"font-weight: 400;\">Al registrarte como socio, ciberactivista o voluntario, aceptas esta pol\u00edtica de privacidad y autorizas a Greenpeace a recolectar, almacenar y procesar la informaci\u00f3n en las modalidades mencionadas anteriormente y para los fines presentados.<\/span><\/p>\n","protected":false},"excerpt":{"rendered":"<p>Esta pol\u00edtica se aplica a todas las p\u00e1ginas alojadas por Greenpeace Chile (Fundaci\u00f3n Greenpeace Pac\u00edfico Sur) y al procesamiento de datos de Greenpeace Chile fuera de l\u00ednea (offline). No est\u00e1 destinada a las p\u00e1ginas alojadas por otras organizaciones o a las oficinas nacionales o regionales de Greenpeace a las cuales Greenpeace Chile podr\u00e1 establecer enlaces [&hellip;]<\/p>\n","protected":false},"author":1,"featured_media":0,"parent":0,"menu_order":0,"comment_status":"closed","ping_status":"closed","template":"","meta":{"ep_exclude_from_search":false,"p4_hide_page_title_checkbox":"on","p4_title":"","p4_subtitle":"","p4_description":"","background_image_id":"","background_image":"","p4_button_title":"","p4_button_link":"","p4_button_link_checkbox":"","p4_og_title":"","p4_og_description":"","p4_og_image":"","p4_og_image_id":"","p4_seo_canonical_url":"","p4_campaign_name":"not set","p4_local_project":"not set","p4_basket_name":"not set","p4_department":"","footnotes":""},"categories":[],"tags":[],"class_list":["post-232","page","type-page","status-publish","hentry"],"_links":{"self":[{"href":"https:\/\/www.greenpeace.org\/chile\/wp-json\/wp\/v2\/pages\/232","targetHints":{"allow":["GET"]}}],"collection":[{"href":"https:\/\/www.greenpeace.org\/chile\/wp-json\/wp\/v2\/pages"}],"about":[{"href":"https:\/\/www.greenpeace.org\/chile\/wp-json\/wp\/v2\/types\/page"}],"author":[{"embeddable":true,"href":"https:\/\/www.greenpeace.org\/chile\/wp-json\/wp\/v2\/users\/1"}],"replies":[{"embeddable":true,"href":"https:\/\/www.greenpeace.org\/chile\/wp-json\/wp\/v2\/comments?post=232"}],"version-history":[{"count":21,"href":"https:\/\/www.greenpeace.org\/chile\/wp-json\/wp\/v2\/pages\/232\/revisions"}],"predecessor-version":[{"id":14232,"href":"https:\/\/www.greenpeace.org\/chile\/wp-json\/wp\/v2\/pages\/232\/revisions\/14232"}],"wp:attachment":[{"href":"https:\/\/www.greenpeace.org\/chile\/wp-json\/wp\/v2\/media?parent=232"}],"wp:term":[{"taxonomy":"category","embeddable":true,"href":"https:\/\/www.greenpeace.org\/chile\/wp-json\/wp\/v2\/categories?post=232"},{"taxonomy":"post_tag","embeddable":true,"href":"https:\/\/www.greenpeace.org\/chile\/wp-json\/wp\/v2\/tags?post=232"}],"curies":[{"name":"wp","href":"https:\/\/api.w.org\/{rel}","templated":true}]}}