{"id":240,"date":"2018-05-14T12:50:41","date_gmt":"2018-05-14T12:50:41","guid":{"rendered":"https:\/\/k8s.p4.greenpeace.org\/defaultcontent\/?page_id=240"},"modified":"2025-06-23T09:15:21","modified_gmt":"2025-06-23T09:15:21","slug":"politica-comunidades","status":"publish","type":"page","link":"https:\/\/www.greenpeace.org\/chile\/politica-comunidades\/","title":{"rendered":"Pol\u00edtica de comunidades"},"content":{"rendered":"\n                \n                <div class=\"wp-block-group alignfull is-layout-flow wp-block-group-is-layout-flow\">\n                \n                <div class=\"wp-block-group container is-layout-flow wp-block-group-is-layout-flow\">\n                \n                <div class=\"wp-block-media-text alignfull has-media-on-the-right is-stacked-on-mobile is-pattern-p4-page-header is-style-parallax\">\n\n                <div class=\"wp-block-media-text__content\">\n                    <div class=\"wp-block-group is-layout-flow wp-block-group-is-layout-flow\">\n                    \n                        <h1 class=\"wp-block-heading has-white-background-color has-background\">\n                            Pol\u00edtica de comunidades online\n                        <\/h1>\n                    <\/div>\n                \n\n                \n                        <p style=\"font-size:1.25rem\">\n                            Nuestra Pol\u00edtica de convivencia digital y descargos de responsabilidad sobre nuestras comunidades online\u00a0<span style=\"font-weight: 400\">crea un marco que favorece el di\u00e1logo y la comunicaci\u00f3n en nuestras comunidades digitales. <\/span>\r\n<span style=\"font-weight: 400\">El accionar que tenemos sobre temas ambientales puede generar discusiones apasionadas que a veces resultan agresivas y derivan en descalificaciones<\/span><span style=\"font-weight: 400\">.<\/span>\n                        <\/p>\n                    \n\n                \n\n                <\/div>\n                <figure class=\"wp-block-media-text__media\">\n                    <img loading=\"lazy\" decoding=\"async\" width=\"2500\" height=\"1667\"\n                        src=\"https:\/\/www.greenpeace.org\/static\/planet4-chile-stateless\/2019\/07\/dc841b9f-gp0strkqo.jpg\"\n                        alt=\"\"\n                        sizes=\"auto, (min-width: 601px) 50vw, 100vw\" srcset=\"https:\/\/www.greenpeace.org\/static\/planet4-chile-stateless\/2019\/07\/dc841b9f-gp0strkqo.jpg 2500w, https:\/\/www.greenpeace.org\/static\/planet4-chile-stateless\/2019\/07\/dc841b9f-gp0strkqo-300x200.jpg 300w, https:\/\/www.greenpeace.org\/static\/planet4-chile-stateless\/2019\/07\/dc841b9f-gp0strkqo-768x512.jpg 768w, https:\/\/www.greenpeace.org\/static\/planet4-chile-stateless\/2019\/07\/dc841b9f-gp0strkqo-1024x683.jpg 1024w, https:\/\/www.greenpeace.org\/static\/planet4-chile-stateless\/2019\/07\/dc841b9f-gp0strkqo-2048x1366.jpg 2048w, https:\/\/www.greenpeace.org\/static\/planet4-chile-stateless\/2019\/07\/dc841b9f-gp0strkqo-510x340.jpg 510w\" class=\"wp-image-1748 size-full\"\n                    \/>\n                <\/figure>\n                <\/div>\n                \n                <\/div>\n                \n                <\/div>\n                \n                \n<h2 class=\"wp-block-heading\"><\/h2>\n\n<h4 class=\"wp-block-heading\"><strong>S\u00e9 parte de la comunidad Greenpeace<\/strong><\/h4>\n\n<p><span style=\"font-weight: 400;\">El prop\u00f3sito de nuestro sitio web y nuestras redes sociales es el de inspirar, animar y movilizar a la gente en torno a una visi\u00f3n compartida, de un futuro verde y pac\u00edfico. <\/span><\/p>\n\n<p><span style=\"font-weight: 400;\">Creamos esta p\u00e1gina, sus secciones y sus canales en redes como un lugar donde todos nosotros (incluso aquellos que no comparten la visi\u00f3n de Greenpeace) podamos tener una conversaci\u00f3n e intercambiar ideas, de un modo cordial. <\/span><\/p>\n\n<p><span style=\"font-weight: 400;\">Pero ante todo, este sitio, sus redes y los contenidos que muestran, est\u00e1n hechos para nuestros seguidores, ya sea de nuestra p\u00e1gina como de nuestras cuentas sociales, que incluyen Facebook, Twitter, Instagram, etc.<\/span><\/p>\n\n<h2 class=\"wp-block-heading\"><\/h2>\n\n<h4 class=\"wp-block-heading\"><b>Nuestras pol\u00edticas (las reglas que nosotros seguiremos)<\/b><\/h4>\n\n<p><strong>\u2022<\/strong> <span style=\"font-weight: 400;\">Seremos honestos en todo lo que escribamos.<\/span><\/p>\n\n<p><strong>\u2022<\/strong> <span style=\"font-weight: 400;\">Estamos abiertos a la discusi\u00f3n. No se \u00a8bannear\u00e1\u00a8, bloquear\u00e1 ni se prohibir\u00e1 a nadie, ni se eliminar\u00e1 un comentario simplemente porque no estemos de acuerdo.<\/span><\/p>\n\n<p><strong>\u2022<\/strong> <span style=\"font-weight: 400;\">Nos mantendremos en un rol de sociedad civil en nuestras respuestas, y por ende actuaremos en consecuencia con nuestros principios.<\/span><\/p>\n\n<p><strong>\u2022<\/strong> <span style=\"font-weight: 400;\">Identificaremos a las personas agresivas, que descalifiquen, y en general, a todo aquel que sea considerado como &#8220;Troll&#8221;, eliminaremos sus comentarios y cerraremos las discusiones, entendiendo que esta acci\u00f3n defiende el inter\u00e9s de la comunidad.<\/span><\/p>\n\n<p><strong>\u2022<\/strong> <span style=\"font-weight: 400;\">Seguiremos la regla m\u00e1xima de Internet: &#8220;No alimentes al Troll&#8221;.<\/span><\/p>\n\n<p><strong>\u2022<\/strong> <span style=\"font-weight: 400;\">Nunca editaremos tus comentarios ni posteos. No tenemos autorizaci\u00f3n para hacerlo, pero puede ser ocultado si se corresponde con los puntos anteriores.<\/span><\/p>\n\n<p><strong>\u2022<\/strong> <span style=\"font-weight: 400;\">Frente a ataques concertados en nuestra contra, nos parece razonable reservarnos el derecho de cerrar las discusiones hasta volver a disponer de un tono razonable de cordialidad. Esto no significa un bloqueo a la p\u00e1gina, sino deshabilitar temporalmente la opci\u00f3n de realizar comentarios en nuestras publicaciones.<\/span><\/p>\n\n<h2 class=\"wp-block-heading\"><\/h2>\n\n<h4 class=\"wp-block-heading\"><b>Qu\u00e9 te pedimos (al participar en este sitio y nuestras cuentas sociales, te comprometes a seguir estas reglas)<\/b><\/h4>\n\n<p><strong>\u2022<\/strong> <span style=\"font-weight: 400;\">Tratar con respeto a la gente, es decir, a los usuarios de nuestra comunidad. No nos agradan los comentarios homof\u00f3bicos, sexistas, racistas, abusivos u otros comentarios discriminatorios. No aceptaremos ataques personales ni tampoco incitaciones a la violencia.<\/span><\/p>\n\n<p><strong>\u2022<\/strong> <span style=\"font-weight: 400;\">Por favor, mantente dentro del tema. No a\u00f1adas comentarios que no est\u00e1n relacionados con lo que est\u00e1s leyendo, aunque sean positivos para ti.<\/span><\/p>\n\n<p><strong>\u2022<\/strong> <span style=\"font-weight: 400;\">No al Spam. Tu cuenta es para uso personal, no con fines comerciales o de promoci\u00f3n masiva. Nuestra pol\u00edtica frente al spam es de tolerancia cero.<\/span><\/p>\n\n<p><strong>\u2022<\/strong> <span style=\"font-weight: 400;\">No queremos t\u00edteres. Si eres representante de una Empresa\/Marca o del Gobierno, a quien se le paga para expresar sus puntos de vista, o bien tienes alg\u00fan conflicto de inter\u00e9s de cualquier otra \u00edndole, d\u00e9jalo en claro antes de comentar.<\/span><\/p>\n\n<p><strong>\u2022<\/strong> <span style=\"font-weight: 400;\">\u00bfQu\u00e9 es un Troll? Es un individuo molesto. Su funci\u00f3n es distorsionar el debate y generar conflictos. No interact\u00faes con \u00e9l, &#8220;no lo alimentes&#8221;.<\/span><\/p>\n\n<p><strong>\u2022<\/strong> <span style=\"font-weight: 400;\">Si en alguna de nuestras p\u00e1ginas o publicaciones encuentras un comentario agresivo, que responda a alguna de las reglas se\u00f1aladas, por favor rep\u00f3rtalo para que nuestros moderadores tomen cartas en el asunto.<\/span><\/p>\n\n<p><span style=\"font-weight: 400;\">Si tienes cualquier comentario o sugerencia acerca de esta pol\u00edtica, por favor no dudes en <a href=\"https:\/\/www.greenpeace.org\/chile\/contacto\/\" target=\"_blank\" rel=\"noreferrer noopener\">contactarte con nosotros<\/a>.<\/span><\/p>\n\n<h2 class=\"wp-block-heading\"><\/h2>\n\n<h4 class=\"wp-block-heading\"><b>Descargo de responsabilidad<\/b><\/h4>\n\n<p><span style=\"font-weight: 400;\">Las opiniones vertidas en los blogs, p\u00e1ginas y redes de Greenpeace Chile no necesariamente representan la opini\u00f3n y posici\u00f3n oficial de Greenpeace Internacional, cuya sede est\u00e1 en \u00c1msterdam. Lo mismo puede decirse de comentarios realizados por terceros, a t\u00edtulo personal.<\/span><\/p>\n\n<h2 class=\"wp-block-heading\"><\/h2>\n\n<h2 class=\"wp-block-heading\"><\/h2>\n","protected":false},"excerpt":{"rendered":"<p>S\u00e9 parte de la comunidad Greenpeace El prop\u00f3sito de nuestro sitio web y nuestras redes sociales es el de inspirar, animar y movilizar a la gente en torno a una visi\u00f3n compartida, de un futuro verde y pac\u00edfico. Creamos esta p\u00e1gina, sus secciones y sus canales en redes como un lugar donde todos nosotros (incluso [&hellip;]<\/p>\n","protected":false},"author":1,"featured_media":0,"parent":0,"menu_order":0,"comment_status":"closed","ping_status":"closed","template":"","meta":{"ep_exclude_from_search":false,"p4_hide_page_title_checkbox":"on","p4_title":"","p4_subtitle":"","p4_description":"","background_image_id":"","background_image":"","p4_button_title":"","p4_button_link":"","p4_button_link_checkbox":"","p4_og_title":"","p4_og_description":"","p4_og_image":"","p4_og_image_id":"","p4_seo_canonical_url":"","p4_campaign_name":"not set","p4_local_project":"not set","p4_basket_name":"not set","p4_department":"","footnotes":""},"categories":[],"tags":[],"class_list":["post-240","page","type-page","status-publish","hentry"],"_links":{"self":[{"href":"https:\/\/www.greenpeace.org\/chile\/wp-json\/wp\/v2\/pages\/240","targetHints":{"allow":["GET"]}}],"collection":[{"href":"https:\/\/www.greenpeace.org\/chile\/wp-json\/wp\/v2\/pages"}],"about":[{"href":"https:\/\/www.greenpeace.org\/chile\/wp-json\/wp\/v2\/types\/page"}],"author":[{"embeddable":true,"href":"https:\/\/www.greenpeace.org\/chile\/wp-json\/wp\/v2\/users\/1"}],"replies":[{"embeddable":true,"href":"https:\/\/www.greenpeace.org\/chile\/wp-json\/wp\/v2\/comments?post=240"}],"version-history":[{"count":12,"href":"https:\/\/www.greenpeace.org\/chile\/wp-json\/wp\/v2\/pages\/240\/revisions"}],"predecessor-version":[{"id":14230,"href":"https:\/\/www.greenpeace.org\/chile\/wp-json\/wp\/v2\/pages\/240\/revisions\/14230"}],"wp:attachment":[{"href":"https:\/\/www.greenpeace.org\/chile\/wp-json\/wp\/v2\/media?parent=240"}],"wp:term":[{"taxonomy":"category","embeddable":true,"href":"https:\/\/www.greenpeace.org\/chile\/wp-json\/wp\/v2\/categories?post=240"},{"taxonomy":"post_tag","embeddable":true,"href":"https:\/\/www.greenpeace.org\/chile\/wp-json\/wp\/v2\/tags?post=240"}],"curies":[{"name":"wp","href":"https:\/\/api.w.org\/{rel}","templated":true}]}}