{"id":3154,"date":"2020-04-01T17:56:32","date_gmt":"2020-04-01T17:56:32","guid":{"rendered":"https:\/\/www.greenpeace.org\/chile\/coronavirus\/"},"modified":"2026-04-08T08:39:33","modified_gmt":"2026-04-08T08:39:33","slug":"coronavirus","status":"publish","type":"page","link":"https:\/\/www.greenpeace.org\/chile\/coronavirus\/","title":{"rendered":"#Coronavirus"},"content":{"rendered":"\n        <div class=\"wp-block-query actions-list p4-query-loop is-custom-layout-actions-list is-custom-layout-grid is-layout-grid wp-container-core-query-is-layout-29f43435 wp-block-query-is-layout-grid\"><h2 class=\"wp-block-heading\">u00bfQuu00e9 puedes hacer?<\/h2>\n        <p style=\"margin-top: 24px; margin-bottom: 32px;\">Queremos que participes porque juntos somos fuertes.<\/p>\n        <div class=\"wp-block-query-no-results\">\n        <p >No posts found.<\/p>\n        <\/div>\n        \n        \n<div class=\"wp-block-buttons carousel-controls is-horizontal is-content-justification-space-between is-nowrap is-layout-flex wp-container-core-buttons-is-layout-044bd602 wp-block-buttons-is-layout-flex\">\n            <div class=\"wp-block-button carousel-control-prev\"><button type=\"button\" class=\"wp-block-button__link wp-element-button\">Prev<\/button><\/div>\n        \n\n            <div class=\"wp-block-button carousel-control-next\"><button type=\"button\" class=\"wp-block-button__link wp-element-button\">Next<\/button><\/div>\n        <\/div>\n\n        \n<div class=\"wp-block-buttons load-more-actions-container is-content-justification-center is-layout-flex wp-container-core-buttons-is-layout-16018d1d wp-block-buttons-is-layout-flex\">\n                <div class=\"wp-block-button is-style-secondary\"><button type=\"button\" class=\"wp-block-button__link wp-element-button\">Load more<\/button><\/div>\n            \n<\/div>\n<\/div>\n        \n    <div class=\"wp-block-query posts-list p4-query-loop is-custom-layout-list is-layout-flow wp-block-query-is-layout-flow\">\n        <div class=\"wp-block-group is-content-justification-space-between is-layout-flex wp-container-core-group-is-layout-3d213aab wp-block-group-is-layout-flex\"><h2 class=\"wp-block-heading\">Related Articles<\/h2>\n        <li class=\" wp-block-navigation-item see-all-link wp-block-navigation-link\"><a class=\"wp-block-navigation-item__content\"  href=\"http:\/\/www.greenpeace.org\/chile\/news-stories\/?tag=coronavirus\"><span class=\"wp-block-navigation-item__label\">See all stories<\/span><\/a><\/li>\n        \n        <\/div>\n        \n\n    <p style=\"margin-top: 24px; margin-bottom: 36px;\"><\/p>\n\n    \n\n    <ul class=\"wp-block-post-template is-layout-flow wp-block-post-template-is-layout-flow\"><li class=\"wp-block-post post-5448 post type-post status-publish format-standard has-post-thumbnail hentry category-uncategorized tag-sueltaelagua tag-coronavirus p4-page-type-noticia\">\n            \n<div class=\"wp-block-columns is-layout-flex wp-container-core-columns-is-layout-9d6595d7 wp-block-columns-is-layout-flex\"><figure class=\"wp-block-post-featured-image\"><a href=\"https:\/\/www.greenpeace.org\/chile\/noticia\/uncategorized\/greenpeace-tras-anuncio-de-nuevo-ministro-de-salud-ojala-el-doctor-paris-entienda-la-importancia-del-agua-para-controlar-la-pandemia\/\" target=\"_self\"  ><img loading=\"lazy\" decoding=\"async\" width=\"2224\" height=\"1483\" src=\"https:\/\/www.greenpeace.org\/static\/planet4-chile-stateless\/2020\/06\/2c58bc6b-4ee229df-12a7-4a99-95be-5b11ce1e84c0.jpeg\" class=\"attachment-post-thumbnail size-post-thumbnail wp-post-image wp-stateless-item\" alt=\"Greenpeace tras anuncio de nuevo ministro de Salud: \u201cOjal\u00e1 el doctor Paris entienda la importancia del agua para controlar la pandemia\u201d.\" style=\"object-fit:cover;\" srcset=\"https:\/\/www.greenpeace.org\/static\/planet4-chile-stateless\/2020\/06\/2c58bc6b-4ee229df-12a7-4a99-95be-5b11ce1e84c0.jpeg 2224w, https:\/\/www.greenpeace.org\/static\/planet4-chile-stateless\/2020\/06\/2c58bc6b-4ee229df-12a7-4a99-95be-5b11ce1e84c0-300x200.jpeg 300w, https:\/\/www.greenpeace.org\/static\/planet4-chile-stateless\/2020\/06\/2c58bc6b-4ee229df-12a7-4a99-95be-5b11ce1e84c0-1024x683.jpeg 1024w, https:\/\/www.greenpeace.org\/static\/planet4-chile-stateless\/2020\/06\/2c58bc6b-4ee229df-12a7-4a99-95be-5b11ce1e84c0-768x512.jpeg 768w, https:\/\/www.greenpeace.org\/static\/planet4-chile-stateless\/2020\/06\/2c58bc6b-4ee229df-12a7-4a99-95be-5b11ce1e84c0-1536x1024.jpeg 1536w, https:\/\/www.greenpeace.org\/static\/planet4-chile-stateless\/2020\/06\/2c58bc6b-4ee229df-12a7-4a99-95be-5b11ce1e84c0-2048x1366.jpeg 2048w, https:\/\/www.greenpeace.org\/static\/planet4-chile-stateless\/2020\/06\/2c58bc6b-4ee229df-12a7-4a99-95be-5b11ce1e84c0-510x340.jpeg 510w\" sizes=\"auto, (max-width: 2224px) 100vw, 2224px\" data-image-size=\"post-thumbnail\" data-stateless-media-bucket=\"planet4-chile-stateless\" data-stateless-media-name=\"2020\/06\/2c58bc6b-4ee229df-12a7-4a99-95be-5b11ce1e84c0.jpeg\" \/><\/a><\/figure>\n\n        <div class=\"wp-block-group is-layout-flow wp-block-group-is-layout-flow\">\n        <div class=\"wp-block-group is-layout-flex wp-block-group-is-layout-flex\"><div class=\"wp-block-post-terms\"><a href=\"https:\/\/www.greenpeace.org\/chile\/category\/uncategorized\/\">Uncategorized<\/a><\/div>\n        \n        \n        <\/div>\n        \n        <h3 class=\"wp-block-post-title\"><a href=\"https:\/\/www.greenpeace.org\/chile\/noticia\/uncategorized\/greenpeace-tras-anuncio-de-nuevo-ministro-de-salud-ojala-el-doctor-paris-entienda-la-importancia-del-agua-para-controlar-la-pandemia\/\" target=\"_self\" >Greenpeace tras anuncio de nuevo ministro de Salud: \u201cOjal\u00e1 el doctor Paris entienda la importancia del agua para controlar la pandemia\u201d.<\/a><\/h3>\n        <div class=\"wp-block-post-excerpt\"><p class=\"wp-block-post-excerpt__excerpt\">Greenpeace se refiri\u00f3 a la reciente designaci\u00f3n de Enrique Paris como nuevo ministro de Salud, en reemplazo de Jaime Ma\u00f1alich y lo catalog\u00f3 como un momento clave para enfrentar la&hellip; <\/p><\/div>\n        \n        <div class=\"wp-block-group posts-list-meta is-layout-flow wp-block-group-is-layout-flow\"><span class='article-list-item-author'><a href='https:\/\/www.greenpeace.org\/chile\/author\/prensachile\/'>Prensa Chile<\/a><\/span>\n        <div class=\"wp-block-post-date\"><time datetime=\"2020-06-13T19:27:24+00:00\">13 Junio 2020<\/time><\/div>\n        \n        <\/div>\n        <\/div>\n        <\/div>\n\n            <\/li><li class=\"wp-block-post post-3316 post type-post status-publish format-standard has-post-thumbnail hentry category-blog tag-blog tag-coronavirus p4-page-type-blog\">\n            \n<div class=\"wp-block-columns is-layout-flex wp-container-core-columns-is-layout-9d6595d7 wp-block-columns-is-layout-flex\"><figure class=\"wp-block-post-featured-image\"><a href=\"https:\/\/www.greenpeace.org\/chile\/blog\/blog\/como-puedes-ser-un-activista-desde-casa\/\" target=\"_self\"  ><img loading=\"lazy\" decoding=\"async\" width=\"1024\" height=\"683\" src=\"https:\/\/www.greenpeace.org\/static\/planet4-chile-stateless\/2020\/04\/e0e3c621-imagen-1.jpg\" class=\"attachment-post-thumbnail size-post-thumbnail wp-post-image wp-stateless-item\" alt=\"C\u00f3mo puedes ser un activista desde casa\" style=\"object-fit:cover;\" srcset=\"https:\/\/www.greenpeace.org\/static\/planet4-chile-stateless\/2020\/04\/e0e3c621-imagen-1.jpg 1024w, https:\/\/www.greenpeace.org\/static\/planet4-chile-stateless\/2020\/04\/e0e3c621-imagen-1-300x200.jpg 300w, https:\/\/www.greenpeace.org\/static\/planet4-chile-stateless\/2020\/04\/e0e3c621-imagen-1-768x512.jpg 768w, https:\/\/www.greenpeace.org\/static\/planet4-chile-stateless\/2020\/04\/e0e3c621-imagen-1-510x340.jpg 510w\" sizes=\"auto, (max-width: 1024px) 100vw, 1024px\" data-image-size=\"post-thumbnail\" data-stateless-media-bucket=\"planet4-chile-stateless\" data-stateless-media-name=\"2020\/04\/e0e3c621-imagen-1.jpg\" \/><\/a><\/figure>\n\n        <div class=\"wp-block-group is-layout-flow wp-block-group-is-layout-flow\">\n        <div class=\"wp-block-group is-layout-flex wp-block-group-is-layout-flex\"><div class=\"wp-block-post-terms\"><a href=\"https:\/\/www.greenpeace.org\/chile\/category\/blog\/\">Blog<\/a><\/div>\n        \n        \n        <\/div>\n        \n        <h3 class=\"wp-block-post-title\"><a href=\"https:\/\/www.greenpeace.org\/chile\/blog\/blog\/como-puedes-ser-un-activista-desde-casa\/\" target=\"_self\" >C\u00f3mo puedes ser un activista desde casa<\/a><\/h3>\n        <div class=\"wp-block-post-excerpt\"><p class=\"wp-block-post-excerpt__excerpt\">Si tienes la suerte de quedarte en casa y est\u00e1s listo para sumar la acci\u00f3n clim\u00e1tica a tu nueva rutina, aqu\u00ed podr\u00e1s leer m\u00e1s sobre algunas de nuestras formas favoritas de mantenerse conectado con el movimiento clim\u00e1tico, desde tu hogar. <\/p><\/div>\n        \n        <div class=\"wp-block-group posts-list-meta is-layout-flow wp-block-group-is-layout-flow\"><span class='article-list-item-author'><a href='https:\/\/www.greenpeace.org\/chile\/author\/aalvarez\/'>Editor<\/a><\/span>\n        <div class=\"wp-block-post-date\"><time datetime=\"2020-04-23T16:29:26+00:00\">23 Abril 2020<\/time><\/div>\n        \n        <\/div>\n        <\/div>\n        <\/div>\n\n            <\/li><li class=\"wp-block-post post-3206 post type-post status-publish format-standard has-post-thumbnail hentry category-blog tag-blog tag-coronavirus p4-page-type-blog\">\n            \n<div class=\"wp-block-columns is-layout-flex wp-container-core-columns-is-layout-9d6595d7 wp-block-columns-is-layout-flex\"><figure class=\"wp-block-post-featured-image\"><a href=\"https:\/\/www.greenpeace.org\/chile\/blog\/blog\/mequedoencasa-3-actividades-para-hacer-en-familia\/\" target=\"_self\"  ><img loading=\"lazy\" decoding=\"async\" width=\"768\" height=\"576\" src=\"https:\/\/www.greenpeace.org\/static\/planet4-chile-stateless\/2020\/04\/8e048cd8-carton-1.jpeg\" class=\"attachment-post-thumbnail size-post-thumbnail wp-post-image wp-stateless-item\" alt=\"#MeQuedoEnCasa: 3 actividades para hacer en familia\" style=\"object-fit:cover;\" srcset=\"https:\/\/www.greenpeace.org\/static\/planet4-chile-stateless\/2020\/04\/8e048cd8-carton-1.jpeg 768w, https:\/\/www.greenpeace.org\/static\/planet4-chile-stateless\/2020\/04\/8e048cd8-carton-1-300x225.jpeg 300w, https:\/\/www.greenpeace.org\/static\/planet4-chile-stateless\/2020\/04\/8e048cd8-carton-1-453x340.jpeg 453w\" sizes=\"auto, (max-width: 768px) 100vw, 768px\" data-image-size=\"post-thumbnail\" data-stateless-media-bucket=\"planet4-chile-stateless\" data-stateless-media-name=\"2020\/04\/8e048cd8-carton-1.jpeg\" \/><\/a><\/figure>\n\n        <div class=\"wp-block-group is-layout-flow wp-block-group-is-layout-flow\">\n        <div class=\"wp-block-group is-layout-flex wp-block-group-is-layout-flex\"><div class=\"wp-block-post-terms\"><a href=\"https:\/\/www.greenpeace.org\/chile\/category\/blog\/\">Blog<\/a><\/div>\n        \n        \n        <\/div>\n        \n        <h3 class=\"wp-block-post-title\"><a href=\"https:\/\/www.greenpeace.org\/chile\/blog\/blog\/mequedoencasa-3-actividades-para-hacer-en-familia\/\" target=\"_self\" >#MeQuedoEnCasa: 3 actividades para hacer en familia<\/a><\/h3>\n        <div class=\"wp-block-post-excerpt\"><p class=\"wp-block-post-excerpt__excerpt\">Los ni\u00f1os no van al colegio, est\u00e1n con nosotros, y podemos proponerles distintos juegos y actividades. <\/p><\/div>\n        \n        <div class=\"wp-block-group posts-list-meta is-layout-flow wp-block-group-is-layout-flow\"><span class='article-list-item-author'><a href='https:\/\/www.greenpeace.org\/chile\/author\/aalvarez\/'>Editor<\/a><\/span>\n        <div class=\"wp-block-post-date\"><time datetime=\"2020-04-08T23:17:34+00:00\">8 Abril 2020<\/time><\/div>\n        \n        <\/div>\n        <\/div>\n        <\/div>\n\n            <\/li><\/ul>\n\n    \n<div class=\"wp-block-buttons carousel-controls is-horizontal is-content-justification-space-between is-nowrap is-layout-flex wp-container-core-buttons-is-layout-044bd602 wp-block-buttons-is-layout-flex\">\n            <div class=\"wp-block-button carousel-control-prev\"><button type=\"button\" class=\"wp-block-button__link wp-element-button\">Prev<\/button><\/div>\n        \n\n            <div class=\"wp-block-button carousel-control-next\"><button type=\"button\" class=\"wp-block-button__link wp-element-button\">Next<\/button><\/div>\n        <\/div>\n\n\n    <li class=\" wp-block-navigation-item see-all-link wp-block-navigation-link\"><a class=\"wp-block-navigation-item__content\"  href=\"http:\/\/www.greenpeace.org\/chile\/news-stories\/?tag=coronavirus\"><span class=\"wp-block-navigation-item__label\">See all stories<\/span><\/a><\/li><\/div>\n    \n    <div class=\"wp-block-query posts-list p4-query-loop is-custom-layout-grid is-layout-grid wp-container-core-query-is-layout-b8bb0bd1 wp-block-query-is-layout-grid\">\n        <div class=\"wp-block-group is-content-justification-space-between is-layout-flex wp-container-core-group-is-layout-3d213aab wp-block-group-is-layout-flex\"><h2 class=\"wp-block-heading\">Publications<\/h2>\n        <li class=\" wp-block-navigation-item see-all-link wp-block-navigation-link\"><a class=\"wp-block-navigation-item__content\"  href=\"http:\/\/www.greenpeace.org\/chile\/news-stories\/?tag=coronavirus&#038;post-type=\"><span class=\"wp-block-navigation-item__label\">See all stories<\/span><\/a><\/li>\n        \n        <\/div>\n        \n\n    <p style=\"margin-top: 24px; margin-bottom: 36px;\"><\/p>\n\n    <div class=\"wp-block-query-no-results\">\n        <p style=\"\">No posts found.<\/p>\n        <\/div>\n\n    \n\n    \n<div class=\"wp-block-buttons carousel-controls is-horizontal is-content-justification-space-between is-nowrap is-layout-flex wp-container-core-buttons-is-layout-044bd602 wp-block-buttons-is-layout-flex\">\n            <div class=\"wp-block-button carousel-control-prev\"><button type=\"button\" class=\"wp-block-button__link wp-element-button\">Prev<\/button><\/div>\n        \n\n            <div class=\"wp-block-button carousel-control-next\"><button type=\"button\" class=\"wp-block-button__link wp-element-button\">Next<\/button><\/div>\n        <\/div>\n\n\n    <li class=\" wp-block-navigation-item see-all-link wp-block-navigation-link\"><a class=\"wp-block-navigation-item__content\"  href=\"http:\/\/www.greenpeace.org\/chile\/news-stories\/?tag=coronavirus&#038;post-type=\"><span class=\"wp-block-navigation-item__label\">See all stories<\/span><\/a><\/li><\/div>\n    <div data-render=\"planet4-blocks\/happypoint\" data-attributes=\"{&quot;attributes&quot;:{&quot;mailing_list_iframe&quot;:true,&quot;opacity&quot;:30,&quot;override_default_content&quot;:false,&quot;local_content_provider&quot;:&quot;none&quot;}}\"><\/div>","protected":false},"excerpt":{"rendered":"","protected":false},"author":19,"featured_media":0,"parent":0,"menu_order":0,"comment_status":"closed","ping_status":"closed","template":"","meta":{"ep_exclude_from_search":false,"p4_hide_page_title_checkbox":"","p4_title":"","p4_subtitle":"","p4_description":"","background_image_id":"","background_image":"","p4_button_title":"","p4_button_link":"","p4_button_link_checkbox":"","p4_og_title":"","p4_og_description":"","p4_og_image":"","p4_og_image_id":"","p4_seo_canonical_url":"","p4_campaign_name":"","p4_local_project":"","p4_basket_name":"","p4_department":"","footnotes":""},"categories":[],"tags":[],"class_list":["post-3154","page","type-page","status-publish","hentry"],"_links":{"self":[{"href":"https:\/\/www.greenpeace.org\/chile\/wp-json\/wp\/v2\/pages\/3154","targetHints":{"allow":["GET"]}}],"collection":[{"href":"https:\/\/www.greenpeace.org\/chile\/wp-json\/wp\/v2\/pages"}],"about":[{"href":"https:\/\/www.greenpeace.org\/chile\/wp-json\/wp\/v2\/types\/page"}],"author":[{"embeddable":true,"href":"https:\/\/www.greenpeace.org\/chile\/wp-json\/wp\/v2\/users\/19"}],"replies":[{"embeddable":true,"href":"https:\/\/www.greenpeace.org\/chile\/wp-json\/wp\/v2\/comments?post=3154"}],"version-history":[{"count":11,"href":"https:\/\/www.greenpeace.org\/chile\/wp-json\/wp\/v2\/pages\/3154\/revisions"}],"predecessor-version":[{"id":16046,"href":"https:\/\/www.greenpeace.org\/chile\/wp-json\/wp\/v2\/pages\/3154\/revisions\/16046"}],"wp:attachment":[{"href":"https:\/\/www.greenpeace.org\/chile\/wp-json\/wp\/v2\/media?parent=3154"}],"wp:term":[{"taxonomy":"category","embeddable":true,"href":"https:\/\/www.greenpeace.org\/chile\/wp-json\/wp\/v2\/categories?post=3154"},{"taxonomy":"post_tag","embeddable":true,"href":"https:\/\/www.greenpeace.org\/chile\/wp-json\/wp\/v2\/tags?post=3154"}],"curies":[{"name":"wp","href":"https:\/\/api.w.org\/{rel}","templated":true}]}}