{"id":362,"date":"2018-10-22T14:30:35","date_gmt":"2018-10-22T14:30:35","guid":{"rendered":"https:\/\/www.greenpeace.org\/chile\/?page_id=362"},"modified":"2025-09-23T09:45:29","modified_gmt":"2025-09-23T09:45:29","slug":"evita-la-extincion-de-las-orcas","status":"publish","type":"page","link":"https:\/\/www.greenpeace.org\/chile\/evita-la-extincion-de-las-orcas\/","title":{"rendered":"Victoria para las orcas"},"content":{"rendered":"\n                \n                <div class=\"wp-block-group alignfull is-layout-flow wp-block-group-is-layout-flow\">\n                \n                <div class=\"wp-block-group container is-layout-flow wp-block-group-is-layout-flow\">\n                \n                <div class=\"wp-block-media-text alignfull has-media-on-the-right is-stacked-on-mobile is-pattern-p4-page-header is-style-parallax\">\n\n                <div class=\"wp-block-media-text__content\">\n                    <div class=\"wp-block-group is-layout-flow wp-block-group-is-layout-flow\">\n                    \n                        <h1 class=\"wp-block-heading has-white-background-color has-background\">\n                            Victoria para las orcas del Pac\u00edfico norte\n                        <\/h1>\n                    <\/div>\n                \n\n                \n                        <p style=\"font-size:1.25rem\">\n                            Gracias a manifestaciones de comunidades y grupos ecologistas, un Tribunal Federal canadiense fren\u00f3 el proyecto para expandir un oleoducto que pondr\u00eda en peligro a las \u00faltimas 75 orcas residentes del sur.\r\n&nbsp;\n                        <\/p>\n                    \n\n                \n\n                <\/div>\n                <figure class=\"wp-block-media-text__media\">\n                    <img loading=\"lazy\" decoding=\"async\" width=\"4755\" height=\"3170\"\n                        src=\"https:\/\/www.greenpeace.org\/static\/planet4-chile-stateless\/2018\/10\/1e282b62-62e16602-gp0stotnr_high_res.jpg\"\n                        alt=\"\"\n                        sizes=\"auto, (min-width: 601px) 50vw, 100vw\" srcset=\"https:\/\/www.greenpeace.org\/static\/planet4-chile-stateless\/2018\/10\/1e282b62-62e16602-gp0stotnr_high_res.jpg 4755w, https:\/\/www.greenpeace.org\/static\/planet4-chile-stateless\/2018\/10\/1e282b62-62e16602-gp0stotnr_high_res-300x200.jpg 300w, https:\/\/www.greenpeace.org\/static\/planet4-chile-stateless\/2018\/10\/1e282b62-62e16602-gp0stotnr_high_res-768x512.jpg 768w, https:\/\/www.greenpeace.org\/static\/planet4-chile-stateless\/2018\/10\/1e282b62-62e16602-gp0stotnr_high_res-1024x683.jpg 1024w, https:\/\/www.greenpeace.org\/static\/planet4-chile-stateless\/2018\/10\/1e282b62-62e16602-gp0stotnr_high_res-2048x1366.jpg 2048w, https:\/\/www.greenpeace.org\/static\/planet4-chile-stateless\/2018\/10\/1e282b62-62e16602-gp0stotnr_high_res-510x340.jpg 510w\" class=\"wp-image-348 size-full\"\n                    \/>\n                <\/figure>\n                <\/div>\n                \n                <\/div>\n                \n                <\/div>\n                \n                \n<p>El gobierno de Canad\u00e1 buscaba ampliar el oleoducto Trans Mountain para transportar uno de los tipos de petr\u00f3leo m\u00e1s peligrosos y contaminantes (arenas de alquitr\u00e1n o bituminosas) a trav\u00e9s de 1.150 kil\u00f3metros (desde el centro del pa\u00eds hasta el oc\u00e9ano Pac\u00edfico).<br><br>Sin embargo, el Tribunal Federal de Apelaciones anul\u00f3 el proyecto al dictaminar que las autoridades nacionales no hab\u00edan consultado a los pueblos originarios que se ver\u00edan afectados por la obra, ni evaluado correctamente los riesgos ambientales, como los impactos que provocar\u00eda el aumento del tr\u00e1fico de buques cisterna en la zona.<\/p>\n\n<p><br><strong>\u00bfPor qu\u00e9 es importante haber detenido la expansi\u00f3n del oleoducto Trans Mountain?<\/strong><\/p>\n\n<ul class=\"wp-block-list\"><li>Un derrame de petr\u00f3leo en el \u00e1rea pondr\u00eda en peligro a la vida marina, incluyendo a las \u00faltimas 75 orcas residentes del sur, ballenas grises, tortugas baulas, nutrias, leones marinos y a todo el ecosistema del oc\u00e9ano Pac\u00edfico.<\/li><li>El proyecto implicaba aumentar siete veces el tr\u00e1fico de buques cisterna (trasladan enormes tanques de petr\u00f3leo) en la costa del oc\u00e9ano Pac\u00edfico. Este incremento podr\u00eda interrumpir los patrones de alimentaci\u00f3n de las orcas, lo que las llevar\u00eda a desaparecer.<\/li><li>La obra iba a atravesar reservas de pueblos ind\u00edgenas sin su autorizaci\u00f3n.<\/li><li>El agua potable de 17 millones de personas estaba en riesgo.<\/li><li>Es fundamental disminuir el transporte y\/o extracci\u00f3n de combustibles f\u00f3siles, como el petr\u00f3leo, para frenar el cambio clim\u00e1tico.<\/li><\/ul>\n\n<p><\/p>\n\n<p><\/p>\n\n<h3 class=\"wp-block-heading\"><strong>Lee m\u00e1s<\/strong><\/h3>\n\n<p><strong><a href=\"https:\/\/www.greenpeace.org\/chile\/por-que-los-proyectos-petroleros-pueden-hacer-que-se-extingan-las-orcas-del-pacifico-norte\/\">\u00bfPor qu\u00e9 los proyectos petroleros pueden hacer que se extingan las orcas del Pac\u00edfico norte?<\/a><\/strong><\/p>\n\n<p><strong><a href=\"https:\/\/sites.greenpeace.cl\/pdf\/Dossier-Pipelines-BBVA-1.pdf\">El oscuro secreto de BBVA. Los destructivos oleoductos de Canad\u00e1 (2018)<\/a><\/strong><\/p>\n\n<p><strong><a href=\"https:\/\/sites.greenpeace.cl\/pdf\/227a9d44-tar-sands-web-mech.pdf\">Tar Sands Tanker Superhighway Threatens Pacific Coast Waters (en ingl\u00e9s) (junio 2018)<\/a><\/strong><\/p>\n\n<p><strong><a href=\"https:\/\/sites.greenpeace.cl\/pdf\/In_the_pipeline.pdf\">In the pipeline (risks for funders of Tar Sands Pipelines) (en ingl\u00e9s) (2017)<\/a><\/strong><\/p>\n\n<h2 class=\"wp-block-heading\"><\/h2>\n\n    <div class=\"wp-block-query posts-list p4-query-loop is-custom-layout-list is-layout-flow wp-block-query-is-layout-flow\">\n        <div class=\"wp-block-group is-content-justification-space-between is-layout-flex wp-container-core-group-is-layout-3d213aab wp-block-group-is-layout-flex\"><h2 class=\"wp-block-heading\">\u00daltimas noticias<\/h2>\n        <li class=\" wp-block-navigation-item see-all-link wp-block-navigation-link\"><a class=\"wp-block-navigation-item__content\"  href=\"http:\/\/www.greenpeace.org\/chile\/news-stories\/?tag=orcas\"><span class=\"wp-block-navigation-item__label\">See all stories<\/span><\/a><\/li>\n        \n        <\/div>\n        \n\n    <p style=\"margin-top: 24px; margin-bottom: 36px;\"><\/p>\n\n    \n\n    <ul class=\"wp-block-post-template is-layout-flow wp-block-post-template-is-layout-flow\"><li class=\"wp-block-post post-664 post type-post status-publish format-standard has-post-thumbnail hentry category-climayenergia tag-orcas p4-page-type-noticia\">\n            \n<div class=\"wp-block-columns is-layout-flex wp-container-core-columns-is-layout-9d6595d7 wp-block-columns-is-layout-flex\"><figure class=\"wp-block-post-featured-image\"><a href=\"https:\/\/www.greenpeace.org\/chile\/noticia\/issues\/climayenergia\/el-freno-al-oleoducto-trans-mountain-es-una-victoria-para-las-comunidades-y-el-clima\/\" target=\"_self\"  ><img loading=\"lazy\" decoding=\"async\" width=\"510\" height=\"340\" src=\"https:\/\/www.greenpeace.org\/static\/planet4-chile-stateless\/2018\/11\/41099a07-oilduct.jpg\" class=\"attachment-post-thumbnail size-post-thumbnail wp-post-image wp-stateless-item\" alt=\"El freno al oleoducto Trans Mountain es una victoria para las comunidades y el clima\" style=\"object-fit:cover;\" srcset=\"https:\/\/www.greenpeace.org\/static\/planet4-chile-stateless\/2018\/11\/41099a07-oilduct.jpg 510w, https:\/\/www.greenpeace.org\/static\/planet4-chile-stateless\/2018\/11\/41099a07-oilduct-300x200.jpg 300w\" sizes=\"auto, (max-width: 510px) 100vw, 510px\" data-image-size=\"post-thumbnail\" data-stateless-media-bucket=\"planet4-chile-stateless\" data-stateless-media-name=\"2018\/11\/41099a07-oilduct.jpg\" \/><\/a><\/figure>\n\n        <div class=\"wp-block-group is-layout-flow wp-block-group-is-layout-flow\">\n        <div class=\"wp-block-group is-layout-flex wp-block-group-is-layout-flex\"><div class=\"wp-block-post-terms\"><a href=\"https:\/\/www.greenpeace.org\/chile\/category\/issues\/climayenergia\/\">Clima y Energ\u00eda<\/a><\/div>\n        \n        \n        <\/div>\n        \n        <h3 class=\"wp-block-post-title\"><a href=\"https:\/\/www.greenpeace.org\/chile\/noticia\/issues\/climayenergia\/el-freno-al-oleoducto-trans-mountain-es-una-victoria-para-las-comunidades-y-el-clima\/\" target=\"_self\" >El freno al oleoducto Trans Mountain es una victoria para las comunidades y el clima<\/a><\/h3>\n        <div class=\"wp-block-post-excerpt\"><p class=\"wp-block-post-excerpt__excerpt\">Tras manifestaciones de comunidades y grupos ecologistas, un Tribunal Federal canadiense dictamin\u00f3 que el gobierno nacional no consult\u00f3 adecuadamente con las pueblos originarios el proyecto de expansi\u00f3n del oleoducto Trans&hellip; <\/p><\/div>\n        \n        <div class=\"wp-block-group posts-list-meta is-layout-flow wp-block-group-is-layout-flow\"><span class='article-list-item-author'>Editor<\/span>\n        <div class=\"wp-block-post-date\"><time datetime=\"2018-08-30T16:49:51+00:00\">30 Agosto 2018<\/time><\/div>\n        \n        <\/div>\n        <\/div>\n        <\/div>\n\n            <\/li><li class=\"wp-block-post post-668 post type-post status-publish format-standard has-post-thumbnail hentry category-climayenergia tag-orcas p4-page-type-noticia\">\n            \n<div class=\"wp-block-columns is-layout-flex wp-container-core-columns-is-layout-9d6595d7 wp-block-columns-is-layout-flex\"><figure class=\"wp-block-post-featured-image\"><a href=\"https:\/\/www.greenpeace.org\/chile\/noticia\/issues\/climayenergia\/el-duelo-de-una-orca-que-conmueve-al-mundo\/\" target=\"_self\"  ><img loading=\"lazy\" decoding=\"async\" width=\"540\" height=\"360\" src=\"https:\/\/www.greenpeace.org\/static\/planet4-chile-stateless\/2018\/11\/6a3a8ac4-orcas_cuerpo.fw_.png\" class=\"attachment-post-thumbnail size-post-thumbnail wp-post-image wp-stateless-item\" alt=\"El duelo de una orca que conmueve al mundo\" style=\"object-fit:cover;\" srcset=\"https:\/\/www.greenpeace.org\/static\/planet4-chile-stateless\/2018\/11\/6a3a8ac4-orcas_cuerpo.fw_.png 540w, https:\/\/www.greenpeace.org\/static\/planet4-chile-stateless\/2018\/11\/6a3a8ac4-orcas_cuerpo.fw_-300x200.png 300w, https:\/\/www.greenpeace.org\/static\/planet4-chile-stateless\/2018\/11\/6a3a8ac4-orcas_cuerpo.fw_-510x340.png 510w\" sizes=\"auto, (max-width: 540px) 100vw, 540px\" data-image-size=\"post-thumbnail\" data-stateless-media-bucket=\"planet4-chile-stateless\" data-stateless-media-name=\"2018\/11\/6a3a8ac4-orcas_cuerpo.fw_.png\" \/><\/a><\/figure>\n\n        <div class=\"wp-block-group is-layout-flow wp-block-group-is-layout-flow\">\n        <div class=\"wp-block-group is-layout-flex wp-block-group-is-layout-flex\"><div class=\"wp-block-post-terms\"><a href=\"https:\/\/www.greenpeace.org\/chile\/category\/issues\/climayenergia\/\">Clima y Energ\u00eda<\/a><\/div>\n        \n        \n        <\/div>\n        \n        <h3 class=\"wp-block-post-title\"><a href=\"https:\/\/www.greenpeace.org\/chile\/noticia\/issues\/climayenergia\/el-duelo-de-una-orca-que-conmueve-al-mundo\/\" target=\"_self\" >El duelo de una orca que conmueve al mundo<\/a><\/h3>\n        <div class=\"wp-block-post-excerpt\"><p class=\"wp-block-post-excerpt__excerpt\">Despu\u00e9s de 17 d\u00edas, la orca Tahlequah, conocida por los cient\u00edficos como J35, ha dejado de cargar y mantener a flote a su cr\u00eda muerta despu\u00e9s de haber nadado con&hellip; <\/p><\/div>\n        \n        <div class=\"wp-block-group posts-list-meta is-layout-flow wp-block-group-is-layout-flow\"><span class='article-list-item-author'>Editor<\/span>\n        <div class=\"wp-block-post-date\"><time datetime=\"2018-08-13T16:51:30+00:00\">13 Agosto 2018<\/time><\/div>\n        \n        <\/div>\n        <\/div>\n        <\/div>\n\n            <\/li><li class=\"wp-block-post post-672 post type-post status-publish format-standard has-post-thumbnail hentry category-climayenergia tag-blog tag-orcas p4-page-type-blog\">\n            \n<div class=\"wp-block-columns is-layout-flex wp-container-core-columns-is-layout-9d6595d7 wp-block-columns-is-layout-flex\"><figure class=\"wp-block-post-featured-image\"><a href=\"https:\/\/www.greenpeace.org\/chile\/blog\/issues\/climayenergia\/6-especies-del-pacifico-en-riesgo-por-oleoductos-en-canada\/\" target=\"_self\"  ><img loading=\"lazy\" decoding=\"async\" width=\"600\" height=\"400\" src=\"https:\/\/www.greenpeace.org\/static\/planet4-chile-stateless\/2018\/11\/b271c787-143073_259559.jpg\" class=\"attachment-post-thumbnail size-post-thumbnail wp-post-image wp-stateless-item\" alt=\"6 especies del Pac\u00edfico en riesgo por oleoductos en Canad\u00e1\" style=\"object-fit:cover;\" srcset=\"https:\/\/www.greenpeace.org\/static\/planet4-chile-stateless\/2018\/11\/b271c787-143073_259559.jpg 600w, https:\/\/www.greenpeace.org\/static\/planet4-chile-stateless\/2018\/11\/b271c787-143073_259559-300x200.jpg 300w, https:\/\/www.greenpeace.org\/static\/planet4-chile-stateless\/2018\/11\/b271c787-143073_259559-510x340.jpg 510w\" sizes=\"auto, (max-width: 600px) 100vw, 600px\" data-image-size=\"post-thumbnail\" data-stateless-media-bucket=\"planet4-chile-stateless\" data-stateless-media-name=\"2018\/11\/b271c787-143073_259559.jpg\" \/><\/a><\/figure>\n\n        <div class=\"wp-block-group is-layout-flow wp-block-group-is-layout-flow\">\n        <div class=\"wp-block-group is-layout-flex wp-block-group-is-layout-flex\"><div class=\"wp-block-post-terms\"><a href=\"https:\/\/www.greenpeace.org\/chile\/category\/issues\/climayenergia\/\">Clima y Energ\u00eda<\/a><\/div>\n        \n        \n        <\/div>\n        \n        <h3 class=\"wp-block-post-title\"><a href=\"https:\/\/www.greenpeace.org\/chile\/blog\/issues\/climayenergia\/6-especies-del-pacifico-en-riesgo-por-oleoductos-en-canada\/\" target=\"_self\" >6 especies del Pac\u00edfico en riesgo por oleoductos en Canad\u00e1<\/a><\/h3>\n        <div class=\"wp-block-post-excerpt\"><p class=\"wp-block-post-excerpt__excerpt\">El Mar Salish, que se extiende de las aguas costeras de la Columbia Brit\u00e1nica y la parte noroeste del estado de Washington, es uno de los mares interiores biol\u00f3gicamente m\u00e1s&hellip; <\/p><\/div>\n        \n        <div class=\"wp-block-group posts-list-meta is-layout-flow wp-block-group-is-layout-flow\"><span class='article-list-item-author'><a href='https:\/\/www.greenpeace.org\/chile\/author\/lvazquez\/'>Editor<\/a><\/span>\n        <div class=\"wp-block-post-date\"><time datetime=\"2018-07-25T16:54:36+00:00\">25 Julio 2018<\/time><\/div>\n        \n        <\/div>\n        <\/div>\n        <\/div>\n\n            <\/li><\/ul>\n\n    \n<div class=\"wp-block-buttons carousel-controls is-horizontal is-content-justification-space-between is-nowrap is-layout-flex wp-container-core-buttons-is-layout-044bd602 wp-block-buttons-is-layout-flex\">\n            <div class=\"wp-block-button carousel-control-prev\"><button type=\"button\" class=\"wp-block-button__link wp-element-button\">Prev<\/button><\/div>\n        \n\n            <div class=\"wp-block-button carousel-control-next\"><button type=\"button\" class=\"wp-block-button__link wp-element-button\">Next<\/button><\/div>\n        <\/div>\n\n\n    <li class=\" wp-block-navigation-item see-all-link wp-block-navigation-link\"><a class=\"wp-block-navigation-item__content\"  href=\"http:\/\/www.greenpeace.org\/chile\/news-stories\/?tag=orcas\"><span class=\"wp-block-navigation-item__label\">See all stories<\/span><\/a><\/li><\/div>\n    <h2>\u00a0<\/h2>\n<h3><strong>Videos\u00a0<\/strong><\/h3>\n<p><iframe loading=\"lazy\" src=\"https:\/\/www.youtube.com\/embed\/videoseries?list=PLD9283DD30D843AAE\" width=\"560\" height=\"315\" frameborder=\"0\" allowfullscreen=\"allowfullscreen\"><span data-mce-type=\"bookmark\" style=\"display: inline-block; width: 0px; overflow: hidden; line-height: 0;\" class=\"mce_SELRES_start\">\ufeff<\/span><\/iframe><\/p>\n<p>\u00a0<\/p>\n<p>\u00a0<\/p>\n","protected":false},"excerpt":{"rendered":"<p>El gobierno de Canad\u00e1 buscaba ampliar el oleoducto Trans Mountain para transportar uno de los tipos de petr\u00f3leo m\u00e1s peligrosos y contaminantes (arenas de alquitr\u00e1n o bituminosas) a trav\u00e9s de 1.150 kil\u00f3metros (desde el centro del pa\u00eds hasta el oc\u00e9ano Pac\u00edfico). Sin embargo, el Tribunal Federal de Apelaciones anul\u00f3 el proyecto al dictaminar que las [&hellip;]<\/p>\n","protected":false},"author":19,"featured_media":348,"parent":0,"menu_order":0,"comment_status":"closed","ping_status":"closed","template":"","meta":{"ep_exclude_from_search":false,"p4_hide_page_title_checkbox":"on","p4_title":"","p4_subtitle":"","p4_description":"","background_image_id":"","background_image":"","p4_button_title":"","p4_button_link":"","p4_button_link_checkbox":"","p4_og_title":"","p4_og_description":"","p4_og_image":"","p4_og_image_id":"","p4_seo_canonical_url":"","p4_campaign_name":"not set","p4_local_project":"not set","p4_basket_name":"not set","p4_department":"","footnotes":""},"categories":[3],"tags":[23],"class_list":["post-362","page","type-page","status-publish","has-post-thumbnail","hentry","category-climayenergia","tag-orcas"],"_links":{"self":[{"href":"https:\/\/www.greenpeace.org\/chile\/wp-json\/wp\/v2\/pages\/362","targetHints":{"allow":["GET"]}}],"collection":[{"href":"https:\/\/www.greenpeace.org\/chile\/wp-json\/wp\/v2\/pages"}],"about":[{"href":"https:\/\/www.greenpeace.org\/chile\/wp-json\/wp\/v2\/types\/page"}],"author":[{"embeddable":true,"href":"https:\/\/www.greenpeace.org\/chile\/wp-json\/wp\/v2\/users\/19"}],"replies":[{"embeddable":true,"href":"https:\/\/www.greenpeace.org\/chile\/wp-json\/wp\/v2\/comments?post=362"}],"version-history":[{"count":21,"href":"https:\/\/www.greenpeace.org\/chile\/wp-json\/wp\/v2\/pages\/362\/revisions"}],"predecessor-version":[{"id":15494,"href":"https:\/\/www.greenpeace.org\/chile\/wp-json\/wp\/v2\/pages\/362\/revisions\/15494"}],"wp:featuredmedia":[{"embeddable":true,"href":"https:\/\/www.greenpeace.org\/chile\/wp-json\/wp\/v2\/media\/348"}],"wp:attachment":[{"href":"https:\/\/www.greenpeace.org\/chile\/wp-json\/wp\/v2\/media?parent=362"}],"wp:term":[{"taxonomy":"category","embeddable":true,"href":"https:\/\/www.greenpeace.org\/chile\/wp-json\/wp\/v2\/categories?post=362"},{"taxonomy":"post_tag","embeddable":true,"href":"https:\/\/www.greenpeace.org\/chile\/wp-json\/wp\/v2\/tags?post=362"}],"curies":[{"name":"wp","href":"https:\/\/api.w.org\/{rel}","templated":true}]}}