{"id":368,"date":"2018-10-22T14:37:34","date_gmt":"2018-10-22T14:37:34","guid":{"rendered":"https:\/\/www.greenpeace.org\/chile\/?page_id=368"},"modified":"2025-09-23T09:45:27","modified_gmt":"2025-09-23T09:45:27","slug":"glaciares","status":"publish","type":"page","link":"https:\/\/www.greenpeace.org\/chile\/glaciares\/","title":{"rendered":"Glaciares: patrimonio ambiental en peligro"},"content":{"rendered":"\n                    <div class=\"wp-block-group is-vertical is-layout-flex wp-container-core-group-is-layout-8cf370e7 wp-block-group-is-layout-flex\">\n                    \n\n                    \n                    <\/div>\n                    \n<p><span style=\"font-weight: 400;\">El 82% de los glaciares de Am\u00e9rica del Sur est\u00e1 en Chile: existen casi 24 mil glaciares de Arica a Punta Arenas. Y se encuentran desde lo alto de la cordillera de los Andes hasta el oc\u00e9ano Pac\u00edfico. <\/span><\/p>\n\n<p><span style=\"font-weight: 400;\">Los glaciares son uno de los principales patrimonios ambientales de nuestro pa\u00eds. Tienen un rol clave en el abastecimiento de agua y son una de las reservas estrat\u00e9gicas fundamentales de este recurso natural en estado s\u00f3lido.<\/span><\/p>\n\n<p><span style=\"font-weight: 400;\">Adem\u00e1s, diversos estudios confirman que en \u00e9pocas de sequ\u00eda los glaciares llegan a suministrar hasta el 70% del caudal de los r\u00edos en la zona norte y centro de Chile. Por este motivo, los glaciares son una de las claves para disminuir los impactos del cambio clim\u00e1tico y mantener la temperatura.<\/span><\/p>\n\n<p><b>\u00bfPor qu\u00e9 necesitamos una ley que proteja los glaciares?<\/b><\/p>\n\n<ul class=\"wp-block-list\"><li><span style=\"font-weight: 400;\"> Chile no tiene un marco jur\u00eddico para la preservaci\u00f3n de glaciares. Esto permite que sean arrasados d\u00eda a d\u00eda por empresas mineras.<\/span><\/li><li><span style=\"font-weight: 400;\"> M\u00e1s de 340 hect\u00e1reas de glaciares ya fueron destruidas. Se est\u00e1 poniendo en riesgo la provisi\u00f3n de agua que necesita nuestro pa\u00eds.<\/span><\/li><li><span style=\"font-weight: 400;\"> El impacto directo de la industria minera sobre los glaciares (construcci\u00f3n de caminos, su utilizaci\u00f3n como botaderos, etc.) ubica a Chile como l\u00edder mundial en la destrucci\u00f3n de glaciares.<\/span><\/li><li><span style=\"font-weight: 400;\"><span style=\"font-weight: 400;\"> No hay forma de reparar los glaciares da\u00f1ados, por eso deben ser intocables.<\/span><\/span>&nbsp;<\/li><\/ul>\n\n<p><b>En 2014 <\/b><b>fundamos Rep\u00fablica Glaciar<\/b><span style=\"font-weight: 400;\">, un nuevo pa\u00eds sobre 23 mil km2 de glaciares en los Andes, apoy\u00e1ndonos en el vac\u00edo legal y la falta de reconocimiento de estos territorios en Chile. As\u00ed buscamos que el gobierno los reconozca como un bien p\u00fablico, se comprometa con su preservaci\u00f3n a trav\u00e9s de una ley y evite cualquier amenaza que los afecte. <\/span><\/p>\n\n<p><b>Desde Greenpeace promovimos una <\/b><b>Ley Glaciar 5 Estrellas <\/b><span style=\"font-weight: 400;\">con<\/span><span style=\"font-weight: 400;\"> los cinco principios b\u00e1sicos que deber\u00eda contener la futura ley de glaciares.<\/span><\/p>\n\n<p><span style=\"font-weight: 400;\">1 &#8211; <\/span><b>Que todos los glaciares de todos los tipos sean protegidos.<\/b><span style=\"font-weight: 400;\"> En Chile existen 3 tipos de glaciar: los descubiertos o blancos (son visibles a gran distancia), &nbsp;los cubiertos por derrumbes rocosos (por lo cual es dif\u00edcil identificarlos); y por \u00faltimo, los de roca (el hielo est\u00e1 mezclado con rocas). En la zona central de Chile el 50% de los glaciares son de roca.<\/span><\/p>\n\n<p><span style=\"font-weight: 400;\">2 &#8211; <\/span><b>Todo lo que rodea y conserva un glaciar debe ser tambi\u00e9n preservado. <\/b><span style=\"font-weight: 400;\">Una de las grandes amenazas a los glaciares es la miner\u00eda en su etapa de exploraci\u00f3n y explotaci\u00f3n. Al construir caminos, perforar y usar explosivos se levanta polvo que luego termina sobre los glaciares y acelera su derretimiento.<\/span><\/p>\n\n<p><span style=\"font-weight: 400;\">3- <\/span><b>De ahora en adelante no podr\u00e1 realizarse ninguna actividad que da\u00f1e un glaciar.<\/b><\/p>\n\n<p><span style=\"font-weight: 400;\">Entre otras: <\/span><\/p>\n\n<ul class=\"wp-block-list\"><li><span style=\"font-weight: 400;\">Depositar basura o productos qu\u00edmicos, pernoctar, merendar, encender fuego o transitar en lugares no autorizados para estas actividades.<\/span><\/li><li><span style=\"font-weight: 400;\">Provocar contaminaci\u00f3n visual o ac\u00fastica que los afecte.<\/span><\/li><li><span style=\"font-weight: 400;\">Desarrollar actividades mineras o industriales sobre o bajo la superficie de los glaciares.<\/span><\/li><\/ul>\n\n<p><span style=\"font-weight: 400;\">4- <\/span><b>Los proyectos que hoy afectan glaciares deben dejar de hacerlo. <\/b><span style=\"font-weight: 400;\">&nbsp;Por ejemplo, el proyecto Andina 244 se encuentra detenido, pero no est\u00e1 rechazado de forma definitiva.<\/span><\/p>\n\n<p><span style=\"font-weight: 400;\">5 &#8211; <\/span><b>Los glaciares deben ser un Bien P\u00fablico y su cuidado responsabilidad del Estado<\/b><span style=\"font-weight: 400;\">. Cuidarlos es deber y tarea de todos, especialmente del gobierno, para evitar que grandes proyectos mineros destruyan estas grandes fuentes de recursos h\u00eddricos.<\/span><\/p>\n\n<p><span style=\"font-weight: 400;\">La Comisi\u00f3n de Medio Ambiente de la C<\/span><span style=\"font-weight: 400;\">\u00e1mara de Diputados comenz\u00f3 la tramitaci\u00f3n de un proyecto de Ley de Glaciares en 2014. Sin embargo, en 2015, durante el gobierno de Michelle Bachelet, el proyecto fue sustituido por otro que no garantizaba la protecci\u00f3n de glaciares, sino que &nbsp;&#8220;legalizaba&#8221; su destrucci\u00f3n. <\/span><\/p>\n\n<p><span style=\"font-weight: 400;\">Desde Greenpeace realizamos diferentes actividades en rechazo a este documento y apoyamos la creaci\u00f3n de un nuevo proyecto que sea elaborado junto a las comunidades m\u00e1s afectadas por la intervenci\u00f3n de glaciares.<\/span><\/p>\n\n<h3 class=\"wp-block-heading\"><b>Lee m\u00e1s<\/b><\/h3>\n\n<p><a href=\"https:\/\/sites.greenpeace.cl\/pdf\/PPTCONGRESO.pdf\"><b>Ley de Glaciares Bolet\u00edn 9364-12 -Indicaci\u00f3n sustitutiva y propuestas.<\/b><\/a><span style=\"font-weight: 400;\"> Presentaci\u00f3n de Mat\u00edas As\u00fan, Director Nacional de Greenpeace Chile, en la <\/span><span style=\"font-weight: 400;\">Comisi\u00f3n de Medio Ambiente de la C\u00e1mara de Diputados<\/span><span style=\"font-weight: 400;\"> (2015).<\/span><\/p>\n\n<p><a href=\"https:\/\/sites.greenpeace.cl\/pdf\/debemos_cuidar_glaciares.pdf\"><b>Por qu\u00e9 necesitamos una ley de protecci\u00f3n de glaciares (2014)<\/b><\/a><\/p>\n\n    <div class=\"wp-block-query posts-list p4-query-loop is-custom-layout-list is-layout-flow wp-block-query-is-layout-flow\">\n        <div class=\"wp-block-group is-content-justification-space-between is-layout-flex wp-container-core-group-is-layout-3d213aab wp-block-group-is-layout-flex\"><h2 class=\"wp-block-heading\">Novedades<\/h2>\n        <li class=\" wp-block-navigation-item see-all-link wp-block-navigation-link\"><a class=\"wp-block-navigation-item__content\"  href=\"http:\/\/www.greenpeace.org\/chile\/news-stories\/?tag=glaciares\"><span class=\"wp-block-navigation-item__label\">See all stories<\/span><\/a><\/li>\n        \n        <\/div>\n        \n\n    <p style=\"margin-top: 24px; margin-bottom: 36px;\"><\/p>\n\n    \n\n    <ul class=\"wp-block-post-template is-layout-flow wp-block-post-template-is-layout-flow\"><li class=\"wp-block-post post-15505 post type-post status-publish format-standard has-post-thumbnail hentry category-climayenergia tag-glaciares p4-page-type-blog\">\n            \n<div class=\"wp-block-columns is-layout-flex wp-container-core-columns-is-layout-9d6595d7 wp-block-columns-is-layout-flex\"><figure class=\"wp-block-post-featured-image\"><a href=\"https:\/\/www.greenpeace.org\/chile\/blog\/issues\/climayenergia\/glaciares-en-retirada-por-la-crisis-climatica-el-golpe-silencioso-que-implica-para-la-biodiversidad-que-habita-en-el-hielo\/\" target=\"_self\"  ><img loading=\"lazy\" decoding=\"async\" width=\"1024\" height=\"683\" src=\"https:\/\/www.greenpeace.org\/static\/planet4-chile-stateless\/2025\/09\/7309e60d-glaciar-escucha-mi-llanto-por-ayuda-.jpg\" class=\"attachment-post-thumbnail size-post-thumbnail wp-post-image wp-stateless-item\" alt=\"Glaciares en retirada por la crisis clim\u00e1tica: el golpe silencioso que implica para la biodiversidad que habita en el hielo\" style=\"object-fit:cover;\" srcset=\"https:\/\/www.greenpeace.org\/static\/planet4-chile-stateless\/2025\/09\/7309e60d-glaciar-escucha-mi-llanto-por-ayuda-.jpg 1024w, https:\/\/www.greenpeace.org\/static\/planet4-chile-stateless\/2025\/09\/7309e60d-glaciar-escucha-mi-llanto-por-ayuda--300x200.jpg 300w, https:\/\/www.greenpeace.org\/static\/planet4-chile-stateless\/2025\/09\/7309e60d-glaciar-escucha-mi-llanto-por-ayuda--768x512.jpg 768w, https:\/\/www.greenpeace.org\/static\/planet4-chile-stateless\/2025\/09\/7309e60d-glaciar-escucha-mi-llanto-por-ayuda--510x340.jpg 510w\" sizes=\"auto, (max-width: 1024px) 100vw, 1024px\" data-image-size=\"post-thumbnail\" data-stateless-media-bucket=\"planet4-chile-stateless\" data-stateless-media-name=\"2025\/09\/7309e60d-glaciar-escucha-mi-llanto-por-ayuda-.jpg\" \/><\/a><\/figure>\n\n        <div class=\"wp-block-group is-layout-flow wp-block-group-is-layout-flow\">\n        <div class=\"wp-block-group is-layout-flex wp-block-group-is-layout-flex\"><div class=\"wp-block-post-terms\"><a href=\"https:\/\/www.greenpeace.org\/chile\/category\/issues\/climayenergia\/\">Clima y Energ\u00eda<\/a><\/div>\n        \n        \n        <\/div>\n        \n        <h3 class=\"wp-block-post-title\"><a href=\"https:\/\/www.greenpeace.org\/chile\/blog\/issues\/climayenergia\/glaciares-en-retirada-por-la-crisis-climatica-el-golpe-silencioso-que-implica-para-la-biodiversidad-que-habita-en-el-hielo\/\" target=\"_self\" >Glaciares en retirada por la crisis clim\u00e1tica: el golpe silencioso que implica para la biodiversidad que habita en el hielo<\/a><\/h3>\n        <div class=\"wp-block-post-excerpt\"><p class=\"wp-block-post-excerpt__excerpt\">Son muchas las secuelas para la vida cuando cuando los glaciares desaparecen. <\/p><\/div>\n        \n        <div class=\"wp-block-group posts-list-meta is-layout-flow wp-block-group-is-layout-flow\"><span class='article-list-item-author'>Meri Castro<\/span>\n        <div class=\"wp-block-post-date\"><time datetime=\"2025-09-25T13:13:05+00:00\">25 Septiembre 2025<\/time><\/div>\n        \n        <\/div>\n        <\/div>\n        <\/div>\n\n            <\/li><li class=\"wp-block-post post-15206 post type-post status-publish format-standard has-post-thumbnail hentry category-climayenergia tag-glaciares p4-page-type-blog\">\n            \n<div class=\"wp-block-columns is-layout-flex wp-container-core-columns-is-layout-9d6595d7 wp-block-columns-is-layout-flex\"><figure class=\"wp-block-post-featured-image\"><a href=\"https:\/\/www.greenpeace.org\/chile\/blog\/issues\/climayenergia\/los-glaciares-como-escultores-del-paisaje-nuevo-estudio-cientifico-usa-inteligencia-artificial-para-conocer-mas-sobre-la-erosion-que-generan\/\" target=\"_self\"  ><img loading=\"lazy\" decoding=\"async\" width=\"1200\" height=\"801\" src=\"https:\/\/www.greenpeace.org\/static\/planet4-chile-stateless\/2025\/08\/5597e99a-gp0stolo6_medium-res-with-credit-line-1200px.jpg\" class=\"attachment-post-thumbnail size-post-thumbnail wp-post-image wp-stateless-item\" alt=\"Los glaciares como escultores del paisaje: nuevo estudio cient\u00edfico usa Inteligencia Artificial para conocer m\u00e1s sobre la erosi\u00f3n que generan\" style=\"object-fit:cover;\" srcset=\"https:\/\/www.greenpeace.org\/static\/planet4-chile-stateless\/2025\/08\/5597e99a-gp0stolo6_medium-res-with-credit-line-1200px.jpg 1200w, https:\/\/www.greenpeace.org\/static\/planet4-chile-stateless\/2025\/08\/5597e99a-gp0stolo6_medium-res-with-credit-line-1200px-300x200.jpg 300w, https:\/\/www.greenpeace.org\/static\/planet4-chile-stateless\/2025\/08\/5597e99a-gp0stolo6_medium-res-with-credit-line-1200px-1024x684.jpg 1024w, https:\/\/www.greenpeace.org\/static\/planet4-chile-stateless\/2025\/08\/5597e99a-gp0stolo6_medium-res-with-credit-line-1200px-768x513.jpg 768w, https:\/\/www.greenpeace.org\/static\/planet4-chile-stateless\/2025\/08\/5597e99a-gp0stolo6_medium-res-with-credit-line-1200px-510x340.jpg 510w\" sizes=\"auto, (max-width: 1200px) 100vw, 1200px\" data-image-size=\"post-thumbnail\" data-stateless-media-bucket=\"planet4-chile-stateless\" data-stateless-media-name=\"2025\/08\/5597e99a-gp0stolo6_medium-res-with-credit-line-1200px.jpg\" \/><\/a><\/figure>\n\n        <div class=\"wp-block-group is-layout-flow wp-block-group-is-layout-flow\">\n        <div class=\"wp-block-group is-layout-flex wp-block-group-is-layout-flex\"><div class=\"wp-block-post-terms\"><a href=\"https:\/\/www.greenpeace.org\/chile\/category\/issues\/climayenergia\/\">Clima y Energ\u00eda<\/a><\/div>\n        \n        \n        <\/div>\n        \n        <h3 class=\"wp-block-post-title\"><a href=\"https:\/\/www.greenpeace.org\/chile\/blog\/issues\/climayenergia\/los-glaciares-como-escultores-del-paisaje-nuevo-estudio-cientifico-usa-inteligencia-artificial-para-conocer-mas-sobre-la-erosion-que-generan\/\" target=\"_self\" >Los glaciares como escultores del paisaje: nuevo estudio cient\u00edfico usa Inteligencia Artificial para conocer m\u00e1s sobre la erosi\u00f3n que generan<\/a><\/h3>\n        <div class=\"wp-block-post-excerpt\"><p class=\"wp-block-post-excerpt__excerpt\">Los glaciares, esas imponentes masas de hielo que nos deslumbran con su belleza y que apreciamos por su papel como reguladores del clima y fuentes de agua dulce, tambi\u00e9n tienen&hellip; <\/p><\/div>\n        \n        <div class=\"wp-block-group posts-list-meta is-layout-flow wp-block-group-is-layout-flow\"><span class='article-list-item-author'>Meri Castro<\/span>\n        <div class=\"wp-block-post-date\"><time datetime=\"2025-08-20T15:32:55+00:00\">20 Agosto 2025<\/time><\/div>\n        \n        <\/div>\n        <\/div>\n        <\/div>\n\n            <\/li><li class=\"wp-block-post post-14027 post type-post status-publish format-standard has-post-thumbnail hentry category-biodiversidad category-climayenergia tag-artico tag-antartica tag-glaciares p4-page-type-blog\">\n            \n<div class=\"wp-block-columns is-layout-flex wp-container-core-columns-is-layout-9d6595d7 wp-block-columns-is-layout-flex\"><figure class=\"wp-block-post-featured-image\"><a href=\"https:\/\/www.greenpeace.org\/chile\/blog\/issues\/climayenergia\/mas-senales-de-alerta-desde-el-artico-el-derretimiento-de-sus-hielos-puede-llevar-a-un-caos-climatico-mas-grande\/\" target=\"_self\"  ><img loading=\"lazy\" decoding=\"async\" width=\"800\" height=\"533\" src=\"https:\/\/www.greenpeace.org\/static\/planet4-chile-stateless\/2025\/05\/076a3bb6-gp0sttcwi_low-res-with-credit-line-800px.jpg\" class=\"attachment-post-thumbnail size-post-thumbnail wp-post-image wp-stateless-item\" alt=\"M\u00e1s se\u00f1ales de alerta desde el \u00c1rtico: el derretimiento de sus hielos puede llevar a un caos clim\u00e1tico m\u00e1s grande\u00a0\" style=\"object-fit:cover;\" srcset=\"https:\/\/www.greenpeace.org\/static\/planet4-chile-stateless\/2025\/05\/076a3bb6-gp0sttcwi_low-res-with-credit-line-800px.jpg 800w, https:\/\/www.greenpeace.org\/static\/planet4-chile-stateless\/2025\/05\/076a3bb6-gp0sttcwi_low-res-with-credit-line-800px-300x200.jpg 300w, https:\/\/www.greenpeace.org\/static\/planet4-chile-stateless\/2025\/05\/076a3bb6-gp0sttcwi_low-res-with-credit-line-800px-768x512.jpg 768w, https:\/\/www.greenpeace.org\/static\/planet4-chile-stateless\/2025\/05\/076a3bb6-gp0sttcwi_low-res-with-credit-line-800px-510x340.jpg 510w\" sizes=\"auto, (max-width: 800px) 100vw, 800px\" data-image-size=\"post-thumbnail\" data-stateless-media-bucket=\"planet4-chile-stateless\" data-stateless-media-name=\"2025\/05\/076a3bb6-gp0sttcwi_low-res-with-credit-line-800px.jpg\" \/><\/a><\/figure>\n\n        <div class=\"wp-block-group is-layout-flow wp-block-group-is-layout-flow\">\n        <div class=\"wp-block-group is-layout-flex wp-block-group-is-layout-flex\"><div class=\"wp-block-post-terms\"><a href=\"https:\/\/www.greenpeace.org\/chile\/category\/issues\/biodiversidad\/\">Biodiversidad<\/a><\/div>\n        \n        \n        <\/div>\n        \n        <h3 class=\"wp-block-post-title\"><a href=\"https:\/\/www.greenpeace.org\/chile\/blog\/issues\/climayenergia\/mas-senales-de-alerta-desde-el-artico-el-derretimiento-de-sus-hielos-puede-llevar-a-un-caos-climatico-mas-grande\/\" target=\"_self\" >M\u00e1s se\u00f1ales de alerta desde el \u00c1rtico: el derretimiento de sus hielos puede llevar a un caos clim\u00e1tico m\u00e1s grande\u00a0<\/a><\/h3>\n        <div class=\"wp-block-post-excerpt\"><p class=\"wp-block-post-excerpt__excerpt\">Esta son las alertas que llegan desde las m\u00e1s altas latitudes del globo. <\/p><\/div>\n        \n        <div class=\"wp-block-group posts-list-meta is-layout-flow wp-block-group-is-layout-flow\"><span class='article-list-item-author'>Meri Castro<\/span>\n        <div class=\"wp-block-post-date\"><time datetime=\"2025-05-05T15:54:46+00:00\">5 Mayo 2025<\/time><\/div>\n        \n        <\/div>\n        <\/div>\n        <\/div>\n\n            <\/li><\/ul>\n\n    \n<div class=\"wp-block-buttons carousel-controls is-horizontal is-content-justification-space-between is-nowrap is-layout-flex wp-container-core-buttons-is-layout-044bd602 wp-block-buttons-is-layout-flex\">\n            <div class=\"wp-block-button carousel-control-prev\"><button type=\"button\" class=\"wp-block-button__link wp-element-button\">Prev<\/button><\/div>\n        \n\n            <div class=\"wp-block-button carousel-control-next\"><button type=\"button\" class=\"wp-block-button__link wp-element-button\">Next<\/button><\/div>\n        <\/div>\n\n\n    <li class=\" wp-block-navigation-item see-all-link wp-block-navigation-link\"><a class=\"wp-block-navigation-item__content\"  href=\"http:\/\/www.greenpeace.org\/chile\/news-stories\/?tag=glaciares\"><span class=\"wp-block-navigation-item__label\">See all stories<\/span><\/a><\/li><\/div>\n    \n<h3 class=\"wp-block-heading\">Videos <\/h3>\n\n<p><iframe loading=\"lazy\" src=\"https:\/\/www.youtube.com\/embed\/videoseries?list=PLkcaT6R1t4Reop_1Fm5YL3BiEMPkJmzKq\" width=\"560\" height=\"315\" frameborder=\"0\" allowfullscreen=\"allowfullscreen\"><span data-mce-type=\"bookmark\" style=\"display: inline-block; width: 0px; overflow: hidden; line-height: 0;\" class=\"mce_SELRES_start\">\ufeff<\/span><span data-mce-type=\"bookmark\" style=\"display: inline-block; width: 0px; overflow: hidden; line-height: 0;\" class=\"mce_SELRES_start\">\ufeff<\/span><span data-mce-type=\"bookmark\" style=\"display: inline-block; width: 0px; overflow: hidden; line-height: 0;\" class=\"mce_SELRES_start\">\ufeff<\/span><\/iframe><\/p>\n","protected":false},"excerpt":{"rendered":"<p>El 82% de los glaciares de Am\u00e9rica del Sur est\u00e1 en Chile: existen casi 24 mil glaciares de Arica a Punta Arenas. Y se encuentran desde lo alto de la cordillera de los Andes hasta el oc\u00e9ano Pac\u00edfico. Los glaciares son uno de los principales patrimonios ambientales de nuestro pa\u00eds. Tienen un rol clave en [&hellip;]<\/p>\n","protected":false},"author":19,"featured_media":820,"parent":0,"menu_order":0,"comment_status":"closed","ping_status":"closed","template":"","meta":{"ep_exclude_from_search":false,"p4_hide_page_title_checkbox":"","p4_title":"","p4_subtitle":"","p4_description":"","background_image_id":"","background_image":"","p4_button_title":"","p4_button_link":"","p4_button_link_checkbox":"","p4_og_title":"","p4_og_description":"","p4_og_image":"","p4_og_image_id":"","p4_seo_canonical_url":"","p4_campaign_name":"not set","p4_local_project":"not set","p4_basket_name":"not set","p4_department":"","footnotes":""},"categories":[3],"tags":[27],"class_list":["post-368","page","type-page","status-publish","has-post-thumbnail","hentry","category-climayenergia","tag-glaciares"],"_links":{"self":[{"href":"https:\/\/www.greenpeace.org\/chile\/wp-json\/wp\/v2\/pages\/368","targetHints":{"allow":["GET"]}}],"collection":[{"href":"https:\/\/www.greenpeace.org\/chile\/wp-json\/wp\/v2\/pages"}],"about":[{"href":"https:\/\/www.greenpeace.org\/chile\/wp-json\/wp\/v2\/types\/page"}],"author":[{"embeddable":true,"href":"https:\/\/www.greenpeace.org\/chile\/wp-json\/wp\/v2\/users\/19"}],"replies":[{"embeddable":true,"href":"https:\/\/www.greenpeace.org\/chile\/wp-json\/wp\/v2\/comments?post=368"}],"version-history":[{"count":19,"href":"https:\/\/www.greenpeace.org\/chile\/wp-json\/wp\/v2\/pages\/368\/revisions"}],"predecessor-version":[{"id":15492,"href":"https:\/\/www.greenpeace.org\/chile\/wp-json\/wp\/v2\/pages\/368\/revisions\/15492"}],"wp:featuredmedia":[{"embeddable":true,"href":"https:\/\/www.greenpeace.org\/chile\/wp-json\/wp\/v2\/media\/820"}],"wp:attachment":[{"href":"https:\/\/www.greenpeace.org\/chile\/wp-json\/wp\/v2\/media?parent=368"}],"wp:term":[{"taxonomy":"category","embeddable":true,"href":"https:\/\/www.greenpeace.org\/chile\/wp-json\/wp\/v2\/categories?post=368"},{"taxonomy":"post_tag","embeddable":true,"href":"https:\/\/www.greenpeace.org\/chile\/wp-json\/wp\/v2\/tags?post=368"}],"curies":[{"name":"wp","href":"https:\/\/api.w.org\/{rel}","templated":true}]}}