{"id":423,"date":"2018-10-22T15:58:48","date_gmt":"2018-10-22T15:58:48","guid":{"rendered":"https:\/\/www.greenpeace.org\/chile\/?page_id=423"},"modified":"2026-02-05T18:08:06","modified_gmt":"2026-02-05T18:08:06","slug":"contacto","status":"publish","type":"page","link":"https:\/\/www.greenpeace.org\/chile\/contacto\/","title":{"rendered":"Contacto"},"content":{"rendered":"\n\n<div class=\"wp-block-group alignfull is-layout-flow wp-block-group-is-layout-flow\">\n<div class=\"wp-block-group container is-layout-flow wp-block-group-is-layout-flow\">\n<div class=\"wp-block-media-text alignfull has-media-on-the-right is-stacked-on-mobile is-pattern-p4-page-header is-style-parallax\"><div class=\"wp-block-media-text__content\">\n<div class=\"wp-block-group is-layout-flow wp-block-group-is-layout-flow\">\n<h1 class=\"wp-block-heading has-white-background-color has-background\">\n                            Contacto\n                        <\/h1>\n<\/div>\n<\/div><figure class=\"wp-block-media-text__media\"><img loading=\"lazy\" decoding=\"async\" width=\"2500\" height=\"1667\" src=\"https:\/\/www.greenpeace.org\/static\/planet4-chile-stateless\/2019\/07\/fac4200a-gp0strle0.jpg\" alt=\"\" sizes=\"auto, (min-width: 601px) 50vw, 100vw\" srcset=\"https:\/\/www.greenpeace.org\/static\/planet4-chile-stateless\/2019\/07\/fac4200a-gp0strle0.jpg 2500w, https:\/\/www.greenpeace.org\/static\/planet4-chile-stateless\/2019\/07\/fac4200a-gp0strle0-300x200.jpg 300w, https:\/\/www.greenpeace.org\/static\/planet4-chile-stateless\/2019\/07\/fac4200a-gp0strle0-768x512.jpg 768w, https:\/\/www.greenpeace.org\/static\/planet4-chile-stateless\/2019\/07\/fac4200a-gp0strle0-1024x683.jpg 1024w, https:\/\/www.greenpeace.org\/static\/planet4-chile-stateless\/2019\/07\/fac4200a-gp0strle0-2048x1366.jpg 2048w, https:\/\/www.greenpeace.org\/static\/planet4-chile-stateless\/2019\/07\/fac4200a-gp0strle0-510x340.jpg 510w\" class=\"wp-image-1777 size-full\"\/><\/figure><\/div>\n<\/div>\n<\/div>\n\n\n<h3 class=\"wp-block-heading\"><strong>Greenpeace en Chile<\/strong><\/h3>\n\n<p>Escr\u00edbenos a&nbsp;<strong><a href=\"mailto:ciberactivistas@infogreenpeace.org\" target=\"_blank\" rel=\"noreferrer noopener\">ciberactivistas@infogreenpeace.org<\/a><\/strong><\/p>\n\n<p>Ll\u00e1manos al&nbsp;<strong>+56 2 26342120<\/strong>. <\/p>\n\n<p>Si quieres asociarte a Greenpeace, <strong><a href=\"https:\/\/app.greenpeace.cl\/coupon\/regular\/forms\/registration?utm_source=magma&amp;utm_medium=openSpace&amp;utm_content=banner_home&amp;utm_term=todos&amp;utm_campaign=Institucional\" target=\"_blank\" rel=\"noreferrer noopener\">completa el formulario online<\/a><\/strong>. <br><strong><a href=\"https:\/\/www.greenpeace.org\/chile\/involucrate\/asociate-a-greenpeace\/\">Conoce m\u00e1s<\/a><\/strong>.<\/p>\n\n<h3 class=\"wp-block-heading\"><strong>Atenci\u00f3n exclusiva a socios y socias<\/strong><\/h3>\n\n<p>Env\u00edanos tu mensaje a <strong><a href=\"mailto:socios@greenpeace.cl\" target=\"_blank\" rel=\"noreferrer noopener\">socios@greenpeace.cl<\/a><\/strong><br>Daremos respuesta a tus requerimientos en un m\u00e1ximo de 48 horas h\u00e1biles.<\/p>\n\n<p>Tambi\u00e9n puedes comunicarte con nosotros al\u00a0<strong>+56 2 232367327<\/strong> entre las 9 y 18 h. <br>Estamos trabajando de manera remota. Te pedimos que tengas paciencia si encuentras la l\u00ednea congestionada, atendemos todas las llamadas en cola.<\/p>\n\n<h3 class=\"wp-block-heading\"><strong>Nuestra oficina<\/strong><\/h3>\n\n<p><strong>Importante:<\/strong> actualmente no contamos con atenci\u00f3n presencial, pero puedes contactarnos por e-mail o tel\u00e9fono.<\/p>\n","protected":false},"excerpt":{"rendered":"<p>Greenpeace en Chile Escr\u00edbenos a&nbsp;ciberactivistas@infogreenpeace.org Ll\u00e1manos al&nbsp;+56 2 26342120. Si quieres asociarte a Greenpeace, completa el formulario online. Conoce m\u00e1s. Atenci\u00f3n exclusiva a socios y socias Env\u00edanos tu mensaje a socios@greenpeace.clDaremos respuesta a tus requerimientos en un m\u00e1ximo de 48 horas h\u00e1biles. Tambi\u00e9n puedes comunicarte con nosotros al\u00a0+56 2 232367327 entre las 9 y 18 [&hellip;]<\/p>\n","protected":false},"author":19,"featured_media":1777,"parent":0,"menu_order":0,"comment_status":"closed","ping_status":"closed","template":"","meta":{"ep_exclude_from_search":false,"p4_hide_page_title_checkbox":"on","p4_title":"","p4_subtitle":"","p4_description":"","background_image_id":"","background_image":"","p4_button_title":"","p4_button_link":"","p4_button_link_checkbox":"","p4_og_title":"","p4_og_description":"","p4_og_image":"","p4_og_image_id":"","p4_seo_canonical_url":"","p4_campaign_name":"not set","p4_local_project":"not set","p4_basket_name":"not set","p4_department":"","footnotes":""},"categories":[],"tags":[],"class_list":["post-423","page","type-page","status-publish","has-post-thumbnail","hentry"],"_links":{"self":[{"href":"https:\/\/www.greenpeace.org\/chile\/wp-json\/wp\/v2\/pages\/423","targetHints":{"allow":["GET"]}}],"collection":[{"href":"https:\/\/www.greenpeace.org\/chile\/wp-json\/wp\/v2\/pages"}],"about":[{"href":"https:\/\/www.greenpeace.org\/chile\/wp-json\/wp\/v2\/types\/page"}],"author":[{"embeddable":true,"href":"https:\/\/www.greenpeace.org\/chile\/wp-json\/wp\/v2\/users\/19"}],"replies":[{"embeddable":true,"href":"https:\/\/www.greenpeace.org\/chile\/wp-json\/wp\/v2\/comments?post=423"}],"version-history":[{"count":20,"href":"https:\/\/www.greenpeace.org\/chile\/wp-json\/wp\/v2\/pages\/423\/revisions"}],"predecessor-version":[{"id":15892,"href":"https:\/\/www.greenpeace.org\/chile\/wp-json\/wp\/v2\/pages\/423\/revisions\/15892"}],"wp:featuredmedia":[{"embeddable":true,"href":"https:\/\/www.greenpeace.org\/chile\/wp-json\/wp\/v2\/media\/1777"}],"wp:attachment":[{"href":"https:\/\/www.greenpeace.org\/chile\/wp-json\/wp\/v2\/media?parent=423"}],"wp:term":[{"taxonomy":"category","embeddable":true,"href":"https:\/\/www.greenpeace.org\/chile\/wp-json\/wp\/v2\/categories?post=423"},{"taxonomy":"post_tag","embeddable":true,"href":"https:\/\/www.greenpeace.org\/chile\/wp-json\/wp\/v2\/tags?post=423"}],"curies":[{"name":"wp","href":"https:\/\/api.w.org\/{rel}","templated":true}]}}