{"id":428,"date":"2018-10-22T16:00:23","date_gmt":"2018-10-22T16:00:23","guid":{"rendered":"https:\/\/www.greenpeace.org\/chile\/?page_id=428"},"modified":"2024-03-26T11:32:07","modified_gmt":"2024-03-26T11:32:07","slug":"derechos-y-deberes-de-las-personas-voluntarias","status":"publish","type":"page","link":"https:\/\/www.greenpeace.org\/chile\/derechos-y-deberes-de-las-personas-voluntarias\/","title":{"rendered":"Derechos y deberes de las personas voluntarias"},"content":{"rendered":"\n                    <div class=\"wp-block-group is-vertical is-layout-flex wp-container-core-group-is-layout-8cf370e7 wp-block-group-is-layout-flex\">\n                    \n\n                    \n                    <\/div>\n                    <ul>\n<li style=\"list-style-type: none;\">\n<ul>\n<li>Guardar la confidencialidad de la informaci\u00f3n recibida y conocida en el desarrollo de diversas actividades; desde entrenamientos, capacitaciones, acciones, demostraciones o reuniones de campa\u00f1as.<\/li>\n<\/ul>\n<\/li>\n<\/ul>\n<ul>\n<li style=\"list-style-type: none;\">\n<ul>\n<li>Mantener una actitud y un comportamiento acordes con los principios de Greenpeace.<\/li>\n<\/ul>\n<\/li>\n<\/ul>\n<ul>\n<li style=\"list-style-type: none;\">\n<ul>\n<li>Salvaguardar la integridad de la organizaci\u00f3n, no hablar en nombre de Greenpeace por decisi\u00f3n personal.<\/li>\n<li>Cumplir con lo que se compromete en tiempo y forma.<\/li>\n<\/ul>\n<\/li>\n<\/ul>\n<ul>\n<li style=\"list-style-type: none;\">\n<ul>\n<li>Respetar a los dem\u00e1s.<\/li>\n<\/ul>\n<\/li>\n<\/ul>\n<ul>\n<li style=\"list-style-type: none;\">\n<ul>\n<li>No realizar actividades proselitistas de tipo alguno en los tiempos y espacios que colabore con Greenpeace.<\/li>\n<\/ul>\n<\/li>\n<\/ul>\n<ul>\n<li style=\"list-style-type: none;\">\n<ul>\n<li>Autorizar a Greenpeace a captar y difundir im\u00e1genes, sonidos y parlamentos de su participaci\u00f3n en cualquier actividad de la organizaci\u00f3n.<\/li>\n<li>Ser aceptado sin discriminaci\u00f3n de tipo religioso, pol\u00edtico, sexual, racial, edad y nacionalidad. (No puede, sin embargo, pertenecer a grupos que practiquen la violencia o la discriminaci\u00f3n).<\/li>\n<\/ul>\n<\/li>\n<\/ul>\n<ul>\n<li style=\"list-style-type: none;\">\n<ul>\n<li>Obtener el respeto y reconocimiento a su contribuci\u00f3n.<\/li>\n<\/ul>\n<\/li>\n<\/ul>\n<ul>\n<li style=\"list-style-type: none;\">\n<ul>\n<li>Recibir informaci\u00f3n sobre las actividades de la organizaci\u00f3n, a trav\u00e9s de una lista de correos de voluntarios, manejada por el coordinador.<\/li>\n<\/ul>\n<\/li>\n<\/ul>\n<ul>\n<li style=\"list-style-type: none;\">\n<ul>\n<li>Disponer de espacios de capacitaci\u00f3n, discusi\u00f3n e intercambio de experiencias.<\/li>\n<\/ul>\n<\/li>\n<\/ul>\n<ul>\n<li style=\"list-style-type: none;\">\n<ul>\n<li>Recibir la formaci\u00f3n necesaria para la tarea que vaya a asumir seg\u00fan sus capacidades.<\/li>\n<\/ul>\n<\/li>\n<\/ul>\n<ul>\n<li style=\"list-style-type: none;\">\n<ul>\n<li>No ser asignados a la ejecuci\u00f3n de tareas ajenas a los fines de la organizaci\u00f3n.<\/li>\n<\/ul>\n<\/li>\n<\/ul>\n<div data-render=\"planet4-blocks\/happypoint\" data-attributes=\"{&quot;attributes&quot;:{&quot;id&quot;:16,&quot;focus_image&quot;:&quot;50% 50%&quot;,&quot;opacity&quot;:40,&quot;mailing_list_iframe&quot;:true,&quot;iframe_url&quot;:&quot;https%3A%2F%2Funete.greenpeace.cl%2Fhappypoint%2Findex.html&quot;,&quot;override_default_content&quot;:false,&quot;local_content_provider&quot;:&quot;none&quot;}}\"><\/div>","protected":false},"excerpt":{"rendered":"<p>Guardar la confidencialidad de la informaci\u00f3n recibida y conocida en el desarrollo de diversas actividades; desde entrenamientos, capacitaciones, acciones, demostraciones o reuniones de campa\u00f1as. Mantener una actitud y un comportamiento acordes con los principios de Greenpeace. Salvaguardar la integridad de la organizaci\u00f3n, no hablar en nombre de Greenpeace por decisi\u00f3n personal. Cumplir con lo que [&hellip;]<\/p>\n","protected":false},"author":19,"featured_media":0,"parent":0,"menu_order":0,"comment_status":"closed","ping_status":"closed","template":"page-templates\/evergreen.php","meta":{"ep_exclude_from_search":false,"p4_hide_page_title_checkbox":"","p4_title":"","p4_subtitle":"","p4_description":"","background_image_id":"","background_image":"","p4_button_title":"","p4_button_link":"","p4_button_link_checkbox":"","p4_og_title":"","p4_og_description":"","p4_og_image":"","p4_og_image_id":"","p4_seo_canonical_url":"","p4_campaign_name":"","p4_local_project":"","p4_basket_name":"","p4_department":"","footnotes":""},"categories":[],"tags":[],"class_list":["post-428","page","type-page","status-publish","hentry"],"_links":{"self":[{"href":"https:\/\/www.greenpeace.org\/chile\/wp-json\/wp\/v2\/pages\/428","targetHints":{"allow":["GET"]}}],"collection":[{"href":"https:\/\/www.greenpeace.org\/chile\/wp-json\/wp\/v2\/pages"}],"about":[{"href":"https:\/\/www.greenpeace.org\/chile\/wp-json\/wp\/v2\/types\/page"}],"author":[{"embeddable":true,"href":"https:\/\/www.greenpeace.org\/chile\/wp-json\/wp\/v2\/users\/19"}],"replies":[{"embeddable":true,"href":"https:\/\/www.greenpeace.org\/chile\/wp-json\/wp\/v2\/comments?post=428"}],"version-history":[{"count":4,"href":"https:\/\/www.greenpeace.org\/chile\/wp-json\/wp\/v2\/pages\/428\/revisions"}],"predecessor-version":[{"id":11825,"href":"https:\/\/www.greenpeace.org\/chile\/wp-json\/wp\/v2\/pages\/428\/revisions\/11825"}],"wp:attachment":[{"href":"https:\/\/www.greenpeace.org\/chile\/wp-json\/wp\/v2\/media?parent=428"}],"wp:term":[{"taxonomy":"category","embeddable":true,"href":"https:\/\/www.greenpeace.org\/chile\/wp-json\/wp\/v2\/categories?post=428"},{"taxonomy":"post_tag","embeddable":true,"href":"https:\/\/www.greenpeace.org\/chile\/wp-json\/wp\/v2\/tags?post=428"}],"curies":[{"name":"wp","href":"https:\/\/api.w.org\/{rel}","templated":true}]}}