{"id":457,"date":"2018-10-22T16:20:22","date_gmt":"2018-10-22T16:20:22","guid":{"rendered":"https:\/\/www.greenpeace.org\/chile\/?page_id=457"},"modified":"2025-11-10T20:00:40","modified_gmt":"2025-11-10T20:00:40","slug":"prensa","status":"publish","type":"page","link":"https:\/\/www.greenpeace.org\/chile\/prensa\/","title":{"rendered":"Prensa"},"content":{"rendered":"\n\n<div class=\"wp-block-group alignfull is-layout-flow wp-block-group-is-layout-flow\">\n<div class=\"wp-block-group container is-layout-flow wp-block-group-is-layout-flow\">\n<div class=\"wp-block-media-text alignfull has-media-on-the-right is-stacked-on-mobile is-pattern-p4-page-header is-style-parallax\"><div class=\"wp-block-media-text__content\">\n<div class=\"wp-block-group is-layout-flow wp-block-group-is-layout-flow\">\n<h1 class=\"wp-block-heading has-white-background-color has-background\">\n                            Centro de Prensa\n                        <\/h1>\n<\/div>\n\n\n\n<p style=\"font-size:1.25rem\">\n                            <span style=\"font-weight: 400\">Esta secci\u00f3n es para uso exclusivo de los medios de comunicaci\u00f3n. Rogamos no contactarse para proponer proyectos escolares, formular denuncias o realizar consultas generales.<\/span>\n                        <\/p>\n<\/div><figure class=\"wp-block-media-text__media\"><img loading=\"lazy\" decoding=\"async\" width=\"2500\" height=\"1669\" src=\"https:\/\/www.greenpeace.org\/static\/planet4-chile-stateless\/2018\/10\/09fa8d4f-93536dbf-gp048x8_pressmedia.jpg\" alt=\"\" sizes=\"auto, (min-width: 601px) 50vw, 100vw\" srcset=\"https:\/\/www.greenpeace.org\/static\/planet4-chile-stateless\/2018\/10\/09fa8d4f-93536dbf-gp048x8_pressmedia.jpg 2500w, https:\/\/www.greenpeace.org\/static\/planet4-chile-stateless\/2018\/10\/09fa8d4f-93536dbf-gp048x8_pressmedia-300x200.jpg 300w, https:\/\/www.greenpeace.org\/static\/planet4-chile-stateless\/2018\/10\/09fa8d4f-93536dbf-gp048x8_pressmedia-768x513.jpg 768w, https:\/\/www.greenpeace.org\/static\/planet4-chile-stateless\/2018\/10\/09fa8d4f-93536dbf-gp048x8_pressmedia-1024x684.jpg 1024w, https:\/\/www.greenpeace.org\/static\/planet4-chile-stateless\/2018\/10\/09fa8d4f-93536dbf-gp048x8_pressmedia-2046x1366.jpg 2046w, https:\/\/www.greenpeace.org\/static\/planet4-chile-stateless\/2018\/10\/09fa8d4f-93536dbf-gp048x8_pressmedia-510x340.jpg 510w\" class=\"wp-image-458 size-full\"\/><\/figure><\/div>\n<\/div>\n<\/div>\n\n\n<h2 class=\"wp-block-heading\"><\/h2>\n\n<h4 class=\"wp-block-heading\"><b>Contactos \u00c1rea de Prensa<\/b><\/h4>\n\n<p>&#8211;<strong>Rolf Holzmann<\/strong> <strong>&#8211; Director de Comunicaciones<\/strong><br><a href=\"mailto:rholzman@greenpeace.org\" target=\"_blank\" rel=\"noreferrer noopener\"><\/a><strong><a href=\"mailto:rolf.holzmann@greenpeace.org\" target=\"_blank\" rel=\"noreferrer noopener\">rolf.holzmann@greenpeace.org<\/a><\/strong><\/p>\n\n<p><\/p>\n\n<p>&#8211;<strong>Catalina Navarro &#8211; Coordinadora de comunicaciones <\/strong><br><strong><a href=\"mailto:melissa.jure@greenpeace.org\" target=\"_blank\" rel=\"noreferrer noopener\">catalina.navarro@greenpeace.org<\/a><\/strong><br><strong>Tel\u00e9fono: +56 9 2614 2150<\/strong><\/p>\n\n<h2 class=\"wp-block-heading\"><\/h2>\n\n<h4 class=\"wp-block-heading\">Recepci\u00f3n de comunicados, gacetillas e informes<\/h4>\n\n<p><span style=\"font-weight: 400;\">Para recibir nuestras gacetillas, comunicados e informes, por favor, enviar un correo electr\u00f3nico consignando nombre, apellido, medio, e-mail y tel\u00e9fono a <\/span><a href=\"mailto:prensa.cl@greenpeace.org\"><b>prensa.cl@greenpeace.org<\/b><\/a><\/p>\n\n<h2 class=\"wp-block-heading\"><\/h2>\n\n<h4 class=\"wp-block-heading\">Solicitudes de entrevistas de estudiantes<\/h4>\n\n<p>Enviar petici\u00f3n al e-mail&nbsp;<a rel=\"noreferrer noopener\" href=\"mailto:prensa.cl@greenpeace.org\" target=\"_blank\"><strong>prensa.cl@greenpeace.org<\/strong><\/a><\/p>\n\n<h2 class=\"wp-block-heading\"><\/h2>\n\n<h4 class=\"wp-block-heading\">Servicio fotogr\u00e1fico y banco de im\u00e1genes<\/h4>\n\n<p><span style=\"font-weight: 400;\">Proveemos im\u00e1genes de expediciones o acciones de Greenpeace en alta resoluci\u00f3n. Tambi\u00e9n suministramos fotograf\u00edas e im\u00e1genes de archivo y facilitamos material de documentaci\u00f3n.<\/span><\/p>\n\n<p><span style=\"font-weight: 400;\">No comercializamos nuestras im\u00e1genes y las cedemos gratuitamente a los medios de comunicaci\u00f3n. <\/span><br><span style=\"font-weight: 400;\">Sin embargo, solicitamos el respeto de las reglas \u00e9ticas que rigen nuestra pol\u00edtica de cesi\u00f3n de im\u00e1genes, lo que implica el respeto al cr\u00e9dito y al contenido de las fotograf\u00edas, de modo tal que no sean editadas ni alteradas digitalmente. <\/span><\/p>\n\n<p><b><strong>Las fotograf\u00edas que brindamos deben ser publicadas consignando la fuente y el nombre del fot\u00f3grafo. <\/strong><\/b> <b><strong>Por ejemplo: Foto: Greenpeace\/fot\u00f3grafo.<\/strong><\/b><\/p>\n\n<h2 class=\"wp-block-heading\"><\/h2>\n\n<p><\/p>\n","protected":false},"excerpt":{"rendered":"<p>Contactos \u00c1rea de Prensa &#8211;Rolf Holzmann &#8211; Director de Comunicacionesrolf.holzmann@greenpeace.org &#8211;Catalina Navarro &#8211; Coordinadora de comunicaciones catalina.navarro@greenpeace.orgTel\u00e9fono: +56 9 2614 2150 Recepci\u00f3n de comunicados, gacetillas e informes Para recibir nuestras gacetillas, comunicados e informes, por favor, enviar un correo electr\u00f3nico consignando nombre, apellido, medio, e-mail y tel\u00e9fono a prensa.cl@greenpeace.org Solicitudes de entrevistas de estudiantes Enviar [&hellip;]<\/p>\n","protected":false},"author":19,"featured_media":458,"parent":0,"menu_order":0,"comment_status":"closed","ping_status":"closed","template":"","meta":{"ep_exclude_from_search":false,"p4_hide_page_title_checkbox":"on","p4_title":"","p4_subtitle":"","p4_description":"","background_image_id":"","background_image":"","p4_button_title":"","p4_button_link":"","p4_button_link_checkbox":"","p4_og_title":"","p4_og_description":"","p4_og_image":"","p4_og_image_id":"","p4_seo_canonical_url":"","p4_campaign_name":"not set","p4_local_project":"not set","p4_basket_name":"not set","p4_department":"","footnotes":""},"categories":[],"tags":[],"class_list":["post-457","page","type-page","status-publish","has-post-thumbnail","hentry"],"_links":{"self":[{"href":"https:\/\/www.greenpeace.org\/chile\/wp-json\/wp\/v2\/pages\/457","targetHints":{"allow":["GET"]}}],"collection":[{"href":"https:\/\/www.greenpeace.org\/chile\/wp-json\/wp\/v2\/pages"}],"about":[{"href":"https:\/\/www.greenpeace.org\/chile\/wp-json\/wp\/v2\/types\/page"}],"author":[{"embeddable":true,"href":"https:\/\/www.greenpeace.org\/chile\/wp-json\/wp\/v2\/users\/19"}],"replies":[{"embeddable":true,"href":"https:\/\/www.greenpeace.org\/chile\/wp-json\/wp\/v2\/comments?post=457"}],"version-history":[{"count":20,"href":"https:\/\/www.greenpeace.org\/chile\/wp-json\/wp\/v2\/pages\/457\/revisions"}],"predecessor-version":[{"id":15614,"href":"https:\/\/www.greenpeace.org\/chile\/wp-json\/wp\/v2\/pages\/457\/revisions\/15614"}],"wp:featuredmedia":[{"embeddable":true,"href":"https:\/\/www.greenpeace.org\/chile\/wp-json\/wp\/v2\/media\/458"}],"wp:attachment":[{"href":"https:\/\/www.greenpeace.org\/chile\/wp-json\/wp\/v2\/media?parent=457"}],"wp:term":[{"taxonomy":"category","embeddable":true,"href":"https:\/\/www.greenpeace.org\/chile\/wp-json\/wp\/v2\/categories?post=457"},{"taxonomy":"post_tag","embeddable":true,"href":"https:\/\/www.greenpeace.org\/chile\/wp-json\/wp\/v2\/tags?post=457"}],"curies":[{"name":"wp","href":"https:\/\/api.w.org\/{rel}","templated":true}]}}