{"id":557,"date":"2018-11-05T15:06:42","date_gmt":"2018-11-05T15:06:42","guid":{"rendered":"https:\/\/www.greenpeace.org\/chile\/?page_id=557"},"modified":"2025-09-23T09:45:21","modified_gmt":"2025-09-23T09:45:21","slug":"sumate-a-chilesinplasticos","status":"publish","type":"page","link":"https:\/\/www.greenpeace.org\/chile\/involucrate\/sumate-a-chilesinplasticos\/","title":{"rendered":"S\u00famate a Chile Sin Pl\u00e1sticos"},"content":{"rendered":"\n                \n                <div class=\"wp-block-group alignfull is-layout-flow wp-block-group-is-layout-flow\">\n                \n                <div class=\"wp-block-group container is-layout-flow wp-block-group-is-layout-flow\">\n                \n                <div class=\"wp-block-media-text alignfull has-media-on-the-right is-stacked-on-mobile is-pattern-p4-page-header is-style-parallax\">\n\n                <div class=\"wp-block-media-text__content\">\n                    <div class=\"wp-block-group is-layout-flow wp-block-group-is-layout-flow\">\n                    \n                        <h1 class=\"wp-block-heading has-white-background-color has-background\">\n                            S\u00famate a Chile Sin Pl\u00e1sticos\n                        <\/h1>\n                    <\/div>\n                \n\n                \n                        <p style=\"font-size:1.25rem\">\n                            <span style=\"font-weight: 400\">\u00danete al movimiento ciudadano que busca dejar atr\u00e1s el uso de pl\u00e1sticos desechables.<\/span><span style=\"font-weight: 400\"> Son \u00fatiles durante unos minutos, pero afectan el medio ambiente por a\u00f1os. T\u00fa tambi\u00e9n tienes que ser parte del cambio.<\/span>\n                        <\/p>\n                    \n\n                \n\n                <\/div>\n                <figure class=\"wp-block-media-text__media\">\n                    <img loading=\"lazy\" decoding=\"async\" width=\"2499\" height=\"1666\"\n                        src=\"https:\/\/www.greenpeace.org\/static\/planet4-chile-stateless\/2018\/10\/88d02357-d8d69f40-gp0stsbcz_pressmedia.jpg\"\n                        alt=\"\"\n                        sizes=\"auto, (min-width: 601px) 50vw, 100vw\" srcset=\"https:\/\/www.greenpeace.org\/static\/planet4-chile-stateless\/2018\/10\/88d02357-d8d69f40-gp0stsbcz_pressmedia.jpg 2499w, https:\/\/www.greenpeace.org\/static\/planet4-chile-stateless\/2018\/10\/88d02357-d8d69f40-gp0stsbcz_pressmedia-300x200.jpg 300w, https:\/\/www.greenpeace.org\/static\/planet4-chile-stateless\/2018\/10\/88d02357-d8d69f40-gp0stsbcz_pressmedia-768x512.jpg 768w, https:\/\/www.greenpeace.org\/static\/planet4-chile-stateless\/2018\/10\/88d02357-d8d69f40-gp0stsbcz_pressmedia-1024x683.jpg 1024w, https:\/\/www.greenpeace.org\/static\/planet4-chile-stateless\/2018\/10\/88d02357-d8d69f40-gp0stsbcz_pressmedia-2048x1366.jpg 2048w, https:\/\/www.greenpeace.org\/static\/planet4-chile-stateless\/2018\/10\/88d02357-d8d69f40-gp0stsbcz_pressmedia-510x340.jpg 510w\" class=\"wp-image-397 size-full\"\n                    \/>\n                <\/figure>\n                <\/div>\n                \n                <\/div>\n                \n                <\/div>\n                \n                \n<p><span style=\"font-weight: 400;\">El pl\u00e1stico nos invade. Botellas, platos, vasos, cubiertos desechables, envases y muchos art\u00edculos m\u00e1s. El gran problema es que a muchos de estos productos solo los usamos una vez.<\/span><\/p>\n\n<p><span style=\"font-weight: 400;\">Los residuos pl\u00e1sticos aumentan cada vez m\u00e1s y las ciudades, los mares y los oc\u00e9anos est\u00e1n sufriendo el impacto. Esta contaminaci\u00f3n da\u00f1a la fauna marina y llega hasta nuestros alimentos. Tenemos que frenarla ya.<\/span><\/p>\n\n<p><span style=\"font-weight: 400;\">Donde quiera que mires hay pl\u00e1stico. Por eso, estamos reclamando que las empresas y los comercios empiecen a ofrecer alternativas libres de este material para poder disminuir nuestra huella pl\u00e1stica como pa\u00eds.<\/span><\/p>\n\n<p><span style=\"font-weight: 400;\">T\u00fa puedes empezar ahora mismo. Abandonar las bombillas, preferir frutas y verduras sin empaque, llevar una bolsa reutilizable o comprar productos a granel son algunas de las maneras de reducir el consumo de pl\u00e1sticos. Todos somos parte de la soluci\u00f3n.<\/span><\/p>\n\n<p><strong>\u00bfSabes por qu\u00e9 debemos disminuir la utilizaci\u00f3n de pl\u00e1sticos en nuestro pa\u00eds?<\/strong><\/p>\n\n<ul class=\"wp-block-list\">\n<li><span style=\"font-weight: 400;\"> Cada persona utiliza un promedio de 51 kilos de pl\u00e1stico por a\u00f1o <\/span><\/li>\n\n\n\n<li><span style=\"font-weight: 400;\"> En Chile se producen hasta 25 mil toneladas de desechos pl\u00e1sticos (equivalentes a envoltorios de golosinas y dulces, botellas de bebidas, bombillas, etc.)<\/span><\/li>\n\n\n\n<li><span style=\"font-weight: 400;\"> La mayor\u00eda de los residuos pl\u00e1sticos termina en v<\/span><span style=\"font-weight: 400;\">ertederos y rellenos sanitarios legales e ilegales<\/span><\/li>\n\n\n\n<li><span style=\"font-weight: 400;\">Los desechos pl\u00e1sticos da\u00f1an la fauna marina y llegan hasta nuestros alimentos<\/span><\/li>\n<\/ul>\n\n<h3 class=\"wp-block-heading\"><strong>Lee m\u00e1s<\/strong><\/h3>\n\n<div><a href=\"https:\/\/www.greenpeace.org\/static\/planet4-chile-stateless\/2019\/05\/11245872-las-marcas-que-ensucian-las-playas-m%C3%A1s-concurridas-de-chile-febrero-2019.pdf\"><b>Las marcas que ensucian las playas m\u00e1s concurridas de Chile (febrero 2019)<\/b><\/a><\/div>\n\n<div><b>&nbsp;<\/b><\/div>\n\n<div><a href=\"https:\/\/www.greenpeace.org\/static\/planet4-chile-stateless\/2019\/05\/2b397af0-las-marcas-que-ensucian-las-playas-m%C3%A1s-australes-del-mundo-enero-2019.pdf\"><b>Las marcas que ensucian las playas m\u00e1s australes del mundo (enero 2019)<\/b><\/a><\/div>\n\n<div>\n<div><a href=\"https:\/\/sites.greenpeace.cl\/imagenes\/2019\/01\/INFO%20PLASTICOS_DIC18-01%20(1).jpg?\"><b><br>Resultados de la auditor\u00eda de pl\u00e1sticos en la playa El Faro, Porvenir, Estrecho de Magallanes<\/b><strong>&nbsp;(enero<\/strong> <strong>2019) &#8211; Infograf\u00eda<\/strong><\/a><\/div>\n<\/div>\n\n<div><a href=\"https:\/\/www.greenpeace.org\/chile\/mapa-plasticos\/\"><b><br>Mapa interactivo con acciones y campa\u00f1as del movimiento&nbsp;#ChileSinPlasticos<\/b>&nbsp;<b><wbr>(2018)<\/b><\/a><\/div>\n\n    <div class=\"wp-block-query posts-list p4-query-loop is-custom-layout-list is-layout-flow wp-block-query-is-layout-flow\">\n        <div class=\"wp-block-group is-content-justification-space-between is-layout-flex wp-container-core-group-is-layout-3d213aab wp-block-group-is-layout-flex\"><h2 class=\"wp-block-heading\">\u00daltimas noticias<\/h2>\n        <li class=\" wp-block-navigation-item see-all-link wp-block-navigation-link\"><a class=\"wp-block-navigation-item__content\"  href=\"http:\/\/www.greenpeace.org\/chile\/news-stories\/?tag=plasticos\"><span class=\"wp-block-navigation-item__label\">See all stories<\/span><\/a><\/li>\n        \n        <\/div>\n        \n\n    <p style=\"margin-top: 24px; margin-bottom: 36px;\"><\/p>\n\n    \n\n    <ul class=\"wp-block-post-template is-layout-flow wp-block-post-template-is-layout-flow\"><li class=\"wp-block-post post-15067 post type-post status-publish format-standard has-post-thumbnail hentry category-contaminacion tag-plasticos p4-page-type-blog\">\n            \n<div class=\"wp-block-columns is-layout-flex wp-container-core-columns-is-layout-9d6595d7 wp-block-columns-is-layout-flex\"><figure class=\"wp-block-post-featured-image\"><a href=\"https:\/\/www.greenpeace.org\/chile\/blog\/issues\/contaminacion\/escaladores-de-greenpeace-protestan-desde-un-puente-en-reino-unido-para-pedir-fin-a-la-era-de-los-plasticos\/\" target=\"_self\"  ><img loading=\"lazy\" decoding=\"async\" width=\"1920\" height=\"1280\" src=\"https:\/\/www.greenpeace.org\/static\/planet4-chile-stateless\/2025\/07\/5147709e-gp0su6ban_medium-res-1200px-1920x0-c-default.jpg\" class=\"attachment-post-thumbnail size-post-thumbnail wp-post-image wp-stateless-item\" alt=\"Escaladores de Greenpeace protestan desde un puente en Reino Unido para pedir fin a la era de los pl\u00e1sticos\" style=\"object-fit:cover;\" srcset=\"https:\/\/www.greenpeace.org\/static\/planet4-chile-stateless\/2025\/07\/5147709e-gp0su6ban_medium-res-1200px-1920x0-c-default.jpg 1920w, https:\/\/www.greenpeace.org\/static\/planet4-chile-stateless\/2025\/07\/5147709e-gp0su6ban_medium-res-1200px-1920x0-c-default-300x200.jpg 300w, https:\/\/www.greenpeace.org\/static\/planet4-chile-stateless\/2025\/07\/5147709e-gp0su6ban_medium-res-1200px-1920x0-c-default-1024x683.jpg 1024w, https:\/\/www.greenpeace.org\/static\/planet4-chile-stateless\/2025\/07\/5147709e-gp0su6ban_medium-res-1200px-1920x0-c-default-768x512.jpg 768w, https:\/\/www.greenpeace.org\/static\/planet4-chile-stateless\/2025\/07\/5147709e-gp0su6ban_medium-res-1200px-1920x0-c-default-1536x1024.jpg 1536w, https:\/\/www.greenpeace.org\/static\/planet4-chile-stateless\/2025\/07\/5147709e-gp0su6ban_medium-res-1200px-1920x0-c-default-510x340.jpg 510w\" sizes=\"auto, (max-width: 1920px) 100vw, 1920px\" data-image-size=\"post-thumbnail\" data-stateless-media-bucket=\"planet4-chile-stateless\" data-stateless-media-name=\"2025\/07\/5147709e-gp0su6ban_medium-res-1200px-1920x0-c-default.jpg\" \/><\/a><\/figure>\n\n        <div class=\"wp-block-group is-layout-flow wp-block-group-is-layout-flow\">\n        <div class=\"wp-block-group is-layout-flex wp-block-group-is-layout-flex\"><div class=\"wp-block-post-terms\"><a href=\"https:\/\/www.greenpeace.org\/chile\/category\/issues\/contaminacion\/\">Contaminaci\u00f3n<\/a><\/div>\n        \n        \n        <\/div>\n        \n        <h3 class=\"wp-block-post-title\"><a href=\"https:\/\/www.greenpeace.org\/chile\/blog\/issues\/contaminacion\/escaladores-de-greenpeace-protestan-desde-un-puente-en-reino-unido-para-pedir-fin-a-la-era-de-los-plasticos\/\" target=\"_self\" >Escaladores de Greenpeace protestan desde un puente en Reino Unido para pedir fin a la era de los pl\u00e1sticos<\/a><\/h3>\n        <div class=\"wp-block-post-excerpt\"><p class=\"wp-block-post-excerpt__excerpt\">La protesta de Greenpeace se dirige contra el gigante qu\u00edmico INEOS que se opone a los esfuerzos de los Estados miembros de la ONU para lograr un Tratado Global sobre los Pl\u00e1sticos <\/p><\/div>\n        \n        <div class=\"wp-block-group posts-list-meta is-layout-flow wp-block-group-is-layout-flow\"><span class='article-list-item-author'><a href='https:\/\/www.greenpeace.org\/chile\/author\/lvazquez\/'>Editor<\/a><\/span>\n        <div class=\"wp-block-post-date\"><time datetime=\"2025-07-28T14:42:51+00:00\">28 Julio 2025<\/time><\/div>\n        \n        <\/div>\n        <\/div>\n        <\/div>\n\n            <\/li><li class=\"wp-block-post post-14897 post type-post status-publish format-standard has-post-thumbnail hentry category-contaminacion tag-plasticos p4-page-type-blog\">\n            \n<div class=\"wp-block-columns is-layout-flex wp-container-core-columns-is-layout-9d6595d7 wp-block-columns-is-layout-flex\"><figure class=\"wp-block-post-featured-image\"><a href=\"https:\/\/www.greenpeace.org\/chile\/blog\/issues\/contaminacion\/el-lado-oculto-del-plastico-de-que-esta-hecho-y-por-que-es-un-problema\/\" target=\"_self\"  ><img loading=\"lazy\" decoding=\"async\" width=\"790\" height=\"1200\" src=\"https:\/\/www.greenpeace.org\/static\/planet4-chile-stateless\/2025\/07\/e496f1fe-gp0su64hs_medium-res-with-credit-line-1200px.jpg\" class=\"attachment-post-thumbnail size-post-thumbnail wp-post-image wp-stateless-item\" alt=\"El lado oculto del pl\u00e1stico: de qu\u00e9 est\u00e1 hecho y por qu\u00e9 es un problema\" style=\"object-fit:cover;\" srcset=\"https:\/\/www.greenpeace.org\/static\/planet4-chile-stateless\/2025\/07\/e496f1fe-gp0su64hs_medium-res-with-credit-line-1200px.jpg 790w, https:\/\/www.greenpeace.org\/static\/planet4-chile-stateless\/2025\/07\/e496f1fe-gp0su64hs_medium-res-with-credit-line-1200px-198x300.jpg 198w, https:\/\/www.greenpeace.org\/static\/planet4-chile-stateless\/2025\/07\/e496f1fe-gp0su64hs_medium-res-with-credit-line-1200px-674x1024.jpg 674w, https:\/\/www.greenpeace.org\/static\/planet4-chile-stateless\/2025\/07\/e496f1fe-gp0su64hs_medium-res-with-credit-line-1200px-768x1167.jpg 768w, https:\/\/www.greenpeace.org\/static\/planet4-chile-stateless\/2025\/07\/e496f1fe-gp0su64hs_medium-res-with-credit-line-1200px-224x340.jpg 224w\" sizes=\"auto, (max-width: 790px) 100vw, 790px\" data-image-size=\"post-thumbnail\" data-stateless-media-bucket=\"planet4-chile-stateless\" data-stateless-media-name=\"2025\/07\/e496f1fe-gp0su64hs_medium-res-with-credit-line-1200px.jpg\" \/><\/a><\/figure>\n\n        <div class=\"wp-block-group is-layout-flow wp-block-group-is-layout-flow\">\n        <div class=\"wp-block-group is-layout-flex wp-block-group-is-layout-flex\"><div class=\"wp-block-post-terms\"><a href=\"https:\/\/www.greenpeace.org\/chile\/category\/issues\/contaminacion\/\">Contaminaci\u00f3n<\/a><\/div>\n        \n        \n        <\/div>\n        \n        <h3 class=\"wp-block-post-title\"><a href=\"https:\/\/www.greenpeace.org\/chile\/blog\/issues\/contaminacion\/el-lado-oculto-del-plastico-de-que-esta-hecho-y-por-que-es-un-problema\/\" target=\"_self\" >El lado oculto del pl\u00e1stico: de qu\u00e9 est\u00e1 hecho y por qu\u00e9 es un problema<\/a><\/h3>\n        <div class=\"wp-block-post-excerpt\"><p class=\"wp-block-post-excerpt__excerpt\">La crisis del pl\u00e1stico y la crisis clim\u00e1tica est\u00e1n m\u00e1s conectadas de lo que muchas personas creen. <\/p><\/div>\n        \n        <div class=\"wp-block-group posts-list-meta is-layout-flow wp-block-group-is-layout-flow\"><span class='article-list-item-author'>Meri Castro<\/span>\n        <div class=\"wp-block-post-date\"><time datetime=\"2025-07-21T14:27:55+00:00\">21 Julio 2025<\/time><\/div>\n        \n        <\/div>\n        <\/div>\n        <\/div>\n\n            <\/li><li class=\"wp-block-post post-14767 post type-post status-publish format-standard has-post-thumbnail hentry category-contaminacion tag-plasticos p4-page-type-blog\">\n            \n<div class=\"wp-block-columns is-layout-flex wp-container-core-columns-is-layout-9d6595d7 wp-block-columns-is-layout-flex\"><figure class=\"wp-block-post-featured-image\"><a href=\"https:\/\/www.greenpeace.org\/chile\/blog\/issues\/contaminacion\/dia-sin-bolsas-de-plastico-menos-plastico-mas-futuro\/\" target=\"_self\"  ><img loading=\"lazy\" decoding=\"async\" width=\"1200\" height=\"900\" src=\"https:\/\/www.greenpeace.org\/static\/planet4-chile-stateless\/2025\/07\/de8b51e7-gp0strt78_medium-res-with-credit-line-1200px.jpg\" class=\"attachment-post-thumbnail size-post-thumbnail wp-post-image wp-stateless-item\" alt=\"D\u00eda sin Bolsas de Pl\u00e1stico: menos pl\u00e1stico, m\u00e1s futuro\u00a0\" style=\"object-fit:cover;\" srcset=\"https:\/\/www.greenpeace.org\/static\/planet4-chile-stateless\/2025\/07\/de8b51e7-gp0strt78_medium-res-with-credit-line-1200px.jpg 1200w, https:\/\/www.greenpeace.org\/static\/planet4-chile-stateless\/2025\/07\/de8b51e7-gp0strt78_medium-res-with-credit-line-1200px-300x225.jpg 300w, https:\/\/www.greenpeace.org\/static\/planet4-chile-stateless\/2025\/07\/de8b51e7-gp0strt78_medium-res-with-credit-line-1200px-1024x768.jpg 1024w, https:\/\/www.greenpeace.org\/static\/planet4-chile-stateless\/2025\/07\/de8b51e7-gp0strt78_medium-res-with-credit-line-1200px-768x576.jpg 768w, https:\/\/www.greenpeace.org\/static\/planet4-chile-stateless\/2025\/07\/de8b51e7-gp0strt78_medium-res-with-credit-line-1200px-453x340.jpg 453w\" sizes=\"auto, (max-width: 1200px) 100vw, 1200px\" data-image-size=\"post-thumbnail\" data-stateless-media-bucket=\"planet4-chile-stateless\" data-stateless-media-name=\"2025\/07\/de8b51e7-gp0strt78_medium-res-with-credit-line-1200px.jpg\" \/><\/a><\/figure>\n\n        <div class=\"wp-block-group is-layout-flow wp-block-group-is-layout-flow\">\n        <div class=\"wp-block-group is-layout-flex wp-block-group-is-layout-flex\"><div class=\"wp-block-post-terms\"><a href=\"https:\/\/www.greenpeace.org\/chile\/category\/issues\/contaminacion\/\">Contaminaci\u00f3n<\/a><\/div>\n        \n        \n        <\/div>\n        \n        <h3 class=\"wp-block-post-title\"><a href=\"https:\/\/www.greenpeace.org\/chile\/blog\/issues\/contaminacion\/dia-sin-bolsas-de-plastico-menos-plastico-mas-futuro\/\" target=\"_self\" >D\u00eda sin Bolsas de Pl\u00e1stico: menos pl\u00e1stico, m\u00e1s futuro\u00a0<\/a><\/h3>\n        <div class=\"wp-block-post-excerpt\"><p class=\"wp-block-post-excerpt__excerpt\">Por cada una que se evita, se logra una gran victoria para todos. <\/p><\/div>\n        \n        <div class=\"wp-block-group posts-list-meta is-layout-flow wp-block-group-is-layout-flow\"><span class='article-list-item-author'>Meri Castro<\/span>\n        <div class=\"wp-block-post-date\"><time datetime=\"2025-07-03T19:09:48+00:00\">3 Julio 2025<\/time><\/div>\n        \n        <\/div>\n        <\/div>\n        <\/div>\n\n            <\/li><\/ul>\n\n    \n<div class=\"wp-block-buttons carousel-controls is-horizontal is-content-justification-space-between is-nowrap is-layout-flex wp-container-core-buttons-is-layout-044bd602 wp-block-buttons-is-layout-flex\">\n            <div class=\"wp-block-button carousel-control-prev\"><button type=\"button\" class=\"wp-block-button__link wp-element-button\">Prev<\/button><\/div>\n        \n\n            <div class=\"wp-block-button carousel-control-next\"><button type=\"button\" class=\"wp-block-button__link wp-element-button\">Next<\/button><\/div>\n        <\/div>\n\n\n    <li class=\" wp-block-navigation-item see-all-link wp-block-navigation-link\"><a class=\"wp-block-navigation-item__content\"  href=\"http:\/\/www.greenpeace.org\/chile\/news-stories\/?tag=plasticos\"><span class=\"wp-block-navigation-item__label\">See all stories<\/span><\/a><\/li><\/div>\n    \n<h2 class=\"wp-block-heading\"><\/h2>\n\n<h3 class=\"wp-block-heading\"><strong>Videos <\/strong><\/h3>\n\n<p><iframe loading=\"lazy\" src=\"https:\/\/www.youtube.com\/embed\/videoseries?list=PLkcaT6R1t4RettgSTVIRwL_xnzzwd-U9c\" width=\"560\" height=\"315\" frameborder=\"0\" allowfullscreen=\"allowfullscreen\"><span data-mce-type=\"bookmark\" style=\"display: inline-block; width: 0px; overflow: hidden; line-height: 0;\" class=\"mce_SELRES_start\">\ufeff<\/span><span data-mce-type=\"bookmark\" style=\"display: inline-block; width: 0px; overflow: hidden; line-height: 0;\" class=\"mce_SELRES_start\">\ufeff<\/span><span data-mce-type=\"bookmark\" style=\"display: inline-block; width: 0px; overflow: hidden; line-height: 0;\" class=\"mce_SELRES_start\">\ufeff<\/span><\/iframe><\/p>\n","protected":false},"excerpt":{"rendered":"<p>El pl\u00e1stico nos invade. Botellas, platos, vasos, cubiertos desechables, envases y muchos art\u00edculos m\u00e1s. El gran problema es que a muchos de estos productos solo los usamos una vez. Los residuos pl\u00e1sticos aumentan cada vez m\u00e1s y las ciudades, los mares y los oc\u00e9anos est\u00e1n sufriendo el impacto. Esta contaminaci\u00f3n da\u00f1a la fauna marina y [&hellip;]<\/p>\n","protected":false},"author":19,"featured_media":397,"parent":10089,"menu_order":0,"comment_status":"closed","ping_status":"closed","template":"","meta":{"ep_exclude_from_search":false,"p4_hide_page_title_checkbox":"on","p4_title":"","p4_subtitle":"","p4_description":"","background_image_id":"","background_image":"","p4_button_title":"","p4_button_link":"","p4_button_link_checkbox":"","p4_og_title":"","p4_og_description":"","p4_og_image":"","p4_og_image_id":"","p4_seo_canonical_url":"","p4_campaign_name":"not set","p4_local_project":"not set","p4_basket_name":"not set","p4_department":"","footnotes":""},"categories":[4],"tags":[29],"class_list":["post-557","page","type-page","status-publish","has-post-thumbnail","hentry","category-contaminacion","tag-plasticos"],"_links":{"self":[{"href":"https:\/\/www.greenpeace.org\/chile\/wp-json\/wp\/v2\/pages\/557","targetHints":{"allow":["GET"]}}],"collection":[{"href":"https:\/\/www.greenpeace.org\/chile\/wp-json\/wp\/v2\/pages"}],"about":[{"href":"https:\/\/www.greenpeace.org\/chile\/wp-json\/wp\/v2\/types\/page"}],"author":[{"embeddable":true,"href":"https:\/\/www.greenpeace.org\/chile\/wp-json\/wp\/v2\/users\/19"}],"replies":[{"embeddable":true,"href":"https:\/\/www.greenpeace.org\/chile\/wp-json\/wp\/v2\/comments?post=557"}],"version-history":[{"count":20,"href":"https:\/\/www.greenpeace.org\/chile\/wp-json\/wp\/v2\/pages\/557\/revisions"}],"predecessor-version":[{"id":15488,"href":"https:\/\/www.greenpeace.org\/chile\/wp-json\/wp\/v2\/pages\/557\/revisions\/15488"}],"up":[{"embeddable":true,"href":"https:\/\/www.greenpeace.org\/chile\/wp-json\/wp\/v2\/pages\/10089"}],"wp:featuredmedia":[{"embeddable":true,"href":"https:\/\/www.greenpeace.org\/chile\/wp-json\/wp\/v2\/media\/397"}],"wp:attachment":[{"href":"https:\/\/www.greenpeace.org\/chile\/wp-json\/wp\/v2\/media?parent=557"}],"wp:term":[{"taxonomy":"category","embeddable":true,"href":"https:\/\/www.greenpeace.org\/chile\/wp-json\/wp\/v2\/categories?post=557"},{"taxonomy":"post_tag","embeddable":true,"href":"https:\/\/www.greenpeace.org\/chile\/wp-json\/wp\/v2\/tags?post=557"}],"curies":[{"name":"wp","href":"https:\/\/api.w.org\/{rel}","templated":true}]}}