{"id":6676,"date":"2021-08-06T18:11:55","date_gmt":"2021-08-06T18:11:55","guid":{"rendered":"https:\/\/www.greenpeace.org\/chile\/exigealternativas\/"},"modified":"2026-04-08T08:39:31","modified_gmt":"2026-04-08T08:39:31","slug":"exigealternativas","status":"publish","type":"page","link":"https:\/\/www.greenpeace.org\/chile\/involucrate\/exigealternativas\/","title":{"rendered":"#ExigeAlternativas"},"content":{"rendered":"\n                \n                <div class=\"wp-block-group alignfull is-layout-flow wp-block-group-is-layout-flow\">\n                \n                <div class=\"wp-block-group container is-layout-flow wp-block-group-is-layout-flow\">\n                \n                <div class=\"wp-block-media-text alignfull has-media-on-the-right is-stacked-on-mobile is-pattern-p4-page-header is-style-parallax\">\n\n                <div class=\"wp-block-media-text__content\">\n                    <div class=\"wp-block-group is-layout-flow wp-block-group-is-layout-flow\">\n                    \n                        <h1 class=\"wp-block-heading has-white-background-color has-background\">\n                            #ExigeAlternativas\n                        <\/h1>\n                    <\/div>\n                \n\n                \n                        <p style=\"font-size:1.25rem\">\n                            De acuerdo con el informe anual dado a conocer por la plataforma Earth Overshoot Day, Chile se ha convertido en el primer pa\u00eds de la regi\u00f3n en caer en esta situaci\u00f3n de d\u00e9ficit medioambiental, producto de su alto nivel de consumo de los recursos naturales.\r\n\r\nHoy le pedimos a los supermercados una alternativa de pasillo sustentable.\n                        <\/p>\n                    \n\n                \n\n                <\/div>\n                <figure class=\"wp-block-media-text__media\">\n                    <img loading=\"lazy\" decoding=\"async\" width=\"2500\" height=\"1875\"\n                        src=\"https:\/\/www.greenpeace.org\/static\/planet4-chile-stateless\/2021\/08\/1d5a169b-plasticos-supermercados-4.jpg\"\n                        alt=\"\"\n                        sizes=\"auto, (min-width: 601px) 50vw, 100vw\" srcset=\"https:\/\/www.greenpeace.org\/static\/planet4-chile-stateless\/2021\/08\/1d5a169b-plasticos-supermercados-4.jpg 2500w, https:\/\/www.greenpeace.org\/static\/planet4-chile-stateless\/2021\/08\/1d5a169b-plasticos-supermercados-4-300x225.jpg 300w, https:\/\/www.greenpeace.org\/static\/planet4-chile-stateless\/2021\/08\/1d5a169b-plasticos-supermercados-4-1024x768.jpg 1024w, https:\/\/www.greenpeace.org\/static\/planet4-chile-stateless\/2021\/08\/1d5a169b-plasticos-supermercados-4-768x576.jpg 768w, https:\/\/www.greenpeace.org\/static\/planet4-chile-stateless\/2021\/08\/1d5a169b-plasticos-supermercados-4-1536x1152.jpg 1536w, https:\/\/www.greenpeace.org\/static\/planet4-chile-stateless\/2021\/08\/1d5a169b-plasticos-supermercados-4-2048x1536.jpg 2048w, https:\/\/www.greenpeace.org\/static\/planet4-chile-stateless\/2021\/08\/1d5a169b-plasticos-supermercados-4-1821x1366.jpg 1821w, https:\/\/www.greenpeace.org\/static\/planet4-chile-stateless\/2021\/08\/1d5a169b-plasticos-supermercados-4-453x340.jpg 453w\" class=\"wp-image-6660 size-full\"\n                    \/>\n                <\/figure>\n                <\/div>\n                \n                <\/div>\n                \n                <\/div>\n                \n                \n        <div class=\"wp-block-query actions-list p4-query-loop is-custom-layout-actions-list is-custom-layout-grid is-layout-grid wp-container-core-query-is-layout-29f43435 wp-block-query-is-layout-grid\"><h2 class=\"wp-block-heading\">Things you can do<\/h2>\n        <p style=\"margin-top: 24px; margin-bottom: 32px;\">We want you to take action because together we&#8217;re strong.<\/p>\n        <div class=\"wp-block-query-no-results\">\n        <p >No posts found.<\/p>\n        <\/div>\n        \n        \n<div class=\"wp-block-buttons carousel-controls is-horizontal is-content-justification-space-between is-nowrap is-layout-flex wp-container-core-buttons-is-layout-044bd602 wp-block-buttons-is-layout-flex\">\n            <div class=\"wp-block-button carousel-control-prev\"><button type=\"button\" class=\"wp-block-button__link wp-element-button\">Prev<\/button><\/div>\n        \n\n            <div class=\"wp-block-button carousel-control-next\"><button type=\"button\" class=\"wp-block-button__link wp-element-button\">Next<\/button><\/div>\n        <\/div>\n\n        \n<div class=\"wp-block-buttons load-more-actions-container is-content-justification-center is-layout-flex wp-container-core-buttons-is-layout-16018d1d wp-block-buttons-is-layout-flex\">\n                <div class=\"wp-block-button is-style-secondary\"><button type=\"button\" class=\"wp-block-button__link wp-element-button\">Load more<\/button><\/div>\n            \n<\/div>\n<\/div>\n        \n    <div class=\"wp-block-query posts-list p4-query-loop is-custom-layout-list is-layout-flow wp-block-query-is-layout-flow\">\n        <div class=\"wp-block-group is-content-justification-space-between is-layout-flex wp-container-core-group-is-layout-3d213aab wp-block-group-is-layout-flex\"><h2 class=\"wp-block-heading\">Novedades<\/h2>\n        <li class=\" wp-block-navigation-item see-all-link wp-block-navigation-link\"><a class=\"wp-block-navigation-item__content\"  href=\"http:\/\/www.greenpeace.org\/chile\/news-stories\/?tag=exigealternativas\"><span class=\"wp-block-navigation-item__label\">See all stories<\/span><\/a><\/li>\n        \n        <\/div>\n        \n\n    <p style=\"margin-top: 24px; margin-bottom: 36px;\"><\/p>\n\n    \n\n    <ul class=\"wp-block-post-template is-layout-flow wp-block-post-template-is-layout-flow\"><li class=\"wp-block-post post-13168 post type-post status-publish format-standard has-post-thumbnail hentry category-contaminacion tag-consumo tag-exigealternativas tag-plasticos p4-page-type-blog\">\n            \n<div class=\"wp-block-columns is-layout-flex wp-container-core-columns-is-layout-9d6595d7 wp-block-columns-is-layout-flex\"><figure class=\"wp-block-post-featured-image\"><a href=\"https:\/\/www.greenpeace.org\/chile\/blog\/issues\/contaminacion\/contaminacion-fuera-de-control-hay-mas-plastico-en-los-ecosistemas-del-que-se-creia\/\" target=\"_self\"  ><img loading=\"lazy\" decoding=\"async\" width=\"800\" height=\"532\" src=\"https:\/\/www.greenpeace.org\/static\/planet4-chile-stateless\/2024\/11\/4a162101-gp0stzukg_low-res-with-credit-line-800px.jpg\" class=\"attachment-post-thumbnail size-post-thumbnail wp-post-image wp-stateless-item\" alt=\"Contaminaci\u00f3n fuera de control: hay m\u00e1s pl\u00e1stico en los ecosistemas del que se cre\u00eda\" style=\"object-fit:cover;\" srcset=\"https:\/\/www.greenpeace.org\/static\/planet4-chile-stateless\/2024\/11\/4a162101-gp0stzukg_low-res-with-credit-line-800px.jpg 800w, https:\/\/www.greenpeace.org\/static\/planet4-chile-stateless\/2024\/11\/4a162101-gp0stzukg_low-res-with-credit-line-800px-300x200.jpg 300w, https:\/\/www.greenpeace.org\/static\/planet4-chile-stateless\/2024\/11\/4a162101-gp0stzukg_low-res-with-credit-line-800px-768x511.jpg 768w, https:\/\/www.greenpeace.org\/static\/planet4-chile-stateless\/2024\/11\/4a162101-gp0stzukg_low-res-with-credit-line-800px-510x340.jpg 510w\" sizes=\"auto, (max-width: 800px) 100vw, 800px\" data-image-size=\"post-thumbnail\" data-stateless-media-bucket=\"planet4-chile-stateless\" data-stateless-media-name=\"2024\/11\/4a162101-gp0stzukg_low-res-with-credit-line-800px.jpg\" \/><\/a><\/figure>\n\n        <div class=\"wp-block-group is-layout-flow wp-block-group-is-layout-flow\">\n        <div class=\"wp-block-group is-layout-flex wp-block-group-is-layout-flex\"><div class=\"wp-block-post-terms\"><a href=\"https:\/\/www.greenpeace.org\/chile\/category\/issues\/contaminacion\/\">Contaminaci\u00f3n<\/a><\/div>\n        \n        \n        <\/div>\n        \n        <h3 class=\"wp-block-post-title\"><a href=\"https:\/\/www.greenpeace.org\/chile\/blog\/issues\/contaminacion\/contaminacion-fuera-de-control-hay-mas-plastico-en-los-ecosistemas-del-que-se-creia\/\" target=\"_self\" >Contaminaci\u00f3n fuera de control: hay m\u00e1s pl\u00e1stico en los ecosistemas del que se cre\u00eda<\/a><\/h3>\n        <div class=\"wp-block-post-excerpt\"><p class=\"wp-block-post-excerpt__excerpt\">Nuevas cifras de contaminaci\u00f3n pl\u00e1stica en el mundo, una llamada de atenci\u00f3n para actuar con urgencia. <\/p><\/div>\n        \n        <div class=\"wp-block-group posts-list-meta is-layout-flow wp-block-group-is-layout-flow\"><span class='article-list-item-author'>Meri Castro<\/span>\n        <div class=\"wp-block-post-date\"><time datetime=\"2024-11-01T15:23:00+00:00\">1 Noviembre 2024<\/time><\/div>\n        \n        <\/div>\n        <\/div>\n        <\/div>\n\n            <\/li><li class=\"wp-block-post post-12822 post type-post status-publish format-standard has-post-thumbnail hentry category-contaminacion tag-exigealternativas tag-plasticos p4-page-type-noticia\">\n            \n<div class=\"wp-block-columns is-layout-flex wp-container-core-columns-is-layout-9d6595d7 wp-block-columns-is-layout-flex\"><figure class=\"wp-block-post-featured-image\"><a href=\"https:\/\/www.greenpeace.org\/chile\/noticia\/issues\/contaminacion\/el-nuevo-lobby-feroz-plasticos\/\" target=\"_self\"  ><img loading=\"lazy\" decoding=\"async\" width=\"1667\" height=\"2500\" src=\"https:\/\/www.greenpeace.org\/static\/planet4-chile-stateless\/2023\/09\/d9f16776-blanca-lewin-1.jpg\" class=\"attachment-post-thumbnail size-post-thumbnail wp-post-image wp-stateless-item\" alt=\"El nuevo lobby feroz: pl\u00e1sticos\" style=\"object-fit:cover;\" srcset=\"https:\/\/www.greenpeace.org\/static\/planet4-chile-stateless\/2023\/09\/d9f16776-blanca-lewin-1.jpg 1667w, https:\/\/www.greenpeace.org\/static\/planet4-chile-stateless\/2023\/09\/d9f16776-blanca-lewin-1-200x300.jpg 200w, https:\/\/www.greenpeace.org\/static\/planet4-chile-stateless\/2023\/09\/d9f16776-blanca-lewin-1-683x1024.jpg 683w, https:\/\/www.greenpeace.org\/static\/planet4-chile-stateless\/2023\/09\/d9f16776-blanca-lewin-1-768x1152.jpg 768w, https:\/\/www.greenpeace.org\/static\/planet4-chile-stateless\/2023\/09\/d9f16776-blanca-lewin-1-1024x1536.jpg 1024w, https:\/\/www.greenpeace.org\/static\/planet4-chile-stateless\/2023\/09\/d9f16776-blanca-lewin-1-1366x2048.jpg 1366w, https:\/\/www.greenpeace.org\/static\/planet4-chile-stateless\/2023\/09\/d9f16776-blanca-lewin-1-911x1366.jpg 911w, https:\/\/www.greenpeace.org\/static\/planet4-chile-stateless\/2023\/09\/d9f16776-blanca-lewin-1-227x340.jpg 227w\" sizes=\"auto, (max-width: 1667px) 100vw, 1667px\" data-image-size=\"post-thumbnail\" data-stateless-media-bucket=\"planet4-chile-stateless\" data-stateless-media-name=\"2023\/09\/d9f16776-blanca-lewin-1.jpg\" \/><\/a><\/figure>\n\n        <div class=\"wp-block-group is-layout-flow wp-block-group-is-layout-flow\">\n        <div class=\"wp-block-group is-layout-flex wp-block-group-is-layout-flex\"><div class=\"wp-block-post-terms\"><a href=\"https:\/\/www.greenpeace.org\/chile\/category\/issues\/contaminacion\/\">Contaminaci\u00f3n<\/a><\/div>\n        \n        \n        <\/div>\n        \n        <h3 class=\"wp-block-post-title\"><a href=\"https:\/\/www.greenpeace.org\/chile\/noticia\/issues\/contaminacion\/el-nuevo-lobby-feroz-plasticos\/\" target=\"_self\" >El nuevo lobby feroz: pl\u00e1sticos<\/a><\/h3>\n        <div class=\"wp-block-post-excerpt\"><p class=\"wp-block-post-excerpt__excerpt\">Cada vez que se busca legislar sobre una materia que pone a la ciudadan\u00eda y al medio ambiente en primer lugar, la industria arremete con un lobby implacable para detener o demorar la puesta en marcha de las iniciativas planteadas.\u00a0 <\/p><\/div>\n        \n        <div class=\"wp-block-group posts-list-meta is-layout-flow wp-block-group-is-layout-flow\"><span class='article-list-item-author'><a href='https:\/\/www.greenpeace.org\/chile\/author\/prensachile\/'>Prensa Chile<\/a><\/span>\n        <div class=\"wp-block-post-date\"><time datetime=\"2024-08-12T19:40:28+00:00\">12 Agosto 2024<\/time><\/div>\n        \n        <\/div>\n        <\/div>\n        <\/div>\n\n            <\/li><li class=\"wp-block-post post-12263 post type-post status-publish format-standard has-post-thumbnail hentry category-climayenergia category-contaminacion category-uncategorized tag-exigealternativas tag-plasticos p4-page-type-blog\">\n            \n<div class=\"wp-block-columns is-layout-flex wp-container-core-columns-is-layout-9d6595d7 wp-block-columns-is-layout-flex\"><figure class=\"wp-block-post-featured-image\"><a href=\"https:\/\/www.greenpeace.org\/chile\/blog\/uncategorized\/sin-avances-en-el-tratado-global-de-plasticos-nos-dirigimos-hacia-el-desastre\/\" target=\"_self\"  ><img loading=\"lazy\" decoding=\"async\" width=\"1024\" height=\"740\" src=\"https:\/\/www.greenpeace.org\/static\/planet4-chile-stateless\/2024\/05\/7d8c4c9b-gp0styakd-1024x740-1.jpg\" class=\"attachment-post-thumbnail size-post-thumbnail wp-post-image wp-stateless-item\" alt=\"Sin avances en el Tratado Global de Pl\u00e1sticos &#8220;nos dirigimos hacia el desastre\u201d\" style=\"object-fit:cover;\" srcset=\"https:\/\/www.greenpeace.org\/static\/planet4-chile-stateless\/2024\/05\/7d8c4c9b-gp0styakd-1024x740-1.jpg 1024w, https:\/\/www.greenpeace.org\/static\/planet4-chile-stateless\/2024\/05\/7d8c4c9b-gp0styakd-1024x740-1-300x217.jpg 300w, https:\/\/www.greenpeace.org\/static\/planet4-chile-stateless\/2024\/05\/7d8c4c9b-gp0styakd-1024x740-1-768x555.jpg 768w, https:\/\/www.greenpeace.org\/static\/planet4-chile-stateless\/2024\/05\/7d8c4c9b-gp0styakd-1024x740-1-470x340.jpg 470w\" sizes=\"auto, (max-width: 1024px) 100vw, 1024px\" data-image-size=\"post-thumbnail\" data-stateless-media-bucket=\"planet4-chile-stateless\" data-stateless-media-name=\"2024\/05\/7d8c4c9b-gp0styakd-1024x740-1.jpg\" \/><\/a><\/figure>\n\n        <div class=\"wp-block-group is-layout-flow wp-block-group-is-layout-flow\">\n        <div class=\"wp-block-group is-layout-flex wp-block-group-is-layout-flex\"><div class=\"wp-block-post-terms\"><a href=\"https:\/\/www.greenpeace.org\/chile\/category\/issues\/climayenergia\/\">Clima y Energ\u00eda<\/a><\/div>\n        \n        \n        <\/div>\n        \n        <h3 class=\"wp-block-post-title\"><a href=\"https:\/\/www.greenpeace.org\/chile\/blog\/uncategorized\/sin-avances-en-el-tratado-global-de-plasticos-nos-dirigimos-hacia-el-desastre\/\" target=\"_self\" >Sin avances en el Tratado Global de Pl\u00e1sticos &#8220;nos dirigimos hacia el desastre\u201d<\/a><\/h3>\n        <div class=\"wp-block-post-excerpt\"><p class=\"wp-block-post-excerpt__excerpt\">Una reflexi\u00f3n sobre lo que pas\u00f3 del 23 al 29 de abril en Ottawa. <\/p><\/div>\n        \n        <div class=\"wp-block-group posts-list-meta is-layout-flow wp-block-group-is-layout-flow\"><span class='article-list-item-author'>Meri Castro<\/span>\n        <div class=\"wp-block-post-date\"><time datetime=\"2024-05-09T16:37:58+00:00\">9 Mayo 2024<\/time><\/div>\n        \n        <\/div>\n        <\/div>\n        <\/div>\n\n            <\/li><\/ul>\n\n    \n<div class=\"wp-block-buttons carousel-controls is-horizontal is-content-justification-space-between is-nowrap is-layout-flex wp-container-core-buttons-is-layout-044bd602 wp-block-buttons-is-layout-flex\">\n            <div class=\"wp-block-button carousel-control-prev\"><button type=\"button\" class=\"wp-block-button__link wp-element-button\">Prev<\/button><\/div>\n        \n\n            <div class=\"wp-block-button carousel-control-next\"><button type=\"button\" class=\"wp-block-button__link wp-element-button\">Next<\/button><\/div>\n        <\/div>\n\n\n    <li class=\" wp-block-navigation-item see-all-link wp-block-navigation-link\"><a class=\"wp-block-navigation-item__content\"  href=\"http:\/\/www.greenpeace.org\/chile\/news-stories\/?tag=exigealternativas\"><span class=\"wp-block-navigation-item__label\">See all stories<\/span><\/a><\/li><\/div>\n    ","protected":false},"excerpt":{"rendered":"","protected":false},"author":19,"featured_media":0,"parent":10089,"menu_order":0,"comment_status":"closed","ping_status":"closed","template":"","meta":{"ep_exclude_from_search":false,"p4_hide_page_title_checkbox":"on","p4_title":"","p4_subtitle":"","p4_description":"","background_image_id":"","background_image":"","p4_button_title":"","p4_button_link":"","p4_button_link_checkbox":"","p4_og_title":"","p4_og_description":"","p4_og_image":"","p4_og_image_id":"","p4_seo_canonical_url":"","p4_campaign_name":"not set","p4_local_project":"not set","p4_basket_name":"not set","p4_department":"","footnotes":""},"categories":[4],"tags":[41],"class_list":["post-6676","page","type-page","status-publish","hentry","category-contaminacion","tag-exigealternativas"],"_links":{"self":[{"href":"https:\/\/www.greenpeace.org\/chile\/wp-json\/wp\/v2\/pages\/6676","targetHints":{"allow":["GET"]}}],"collection":[{"href":"https:\/\/www.greenpeace.org\/chile\/wp-json\/wp\/v2\/pages"}],"about":[{"href":"https:\/\/www.greenpeace.org\/chile\/wp-json\/wp\/v2\/types\/page"}],"author":[{"embeddable":true,"href":"https:\/\/www.greenpeace.org\/chile\/wp-json\/wp\/v2\/users\/19"}],"replies":[{"embeddable":true,"href":"https:\/\/www.greenpeace.org\/chile\/wp-json\/wp\/v2\/comments?post=6676"}],"version-history":[{"count":13,"href":"https:\/\/www.greenpeace.org\/chile\/wp-json\/wp\/v2\/pages\/6676\/revisions"}],"predecessor-version":[{"id":16045,"href":"https:\/\/www.greenpeace.org\/chile\/wp-json\/wp\/v2\/pages\/6676\/revisions\/16045"}],"up":[{"embeddable":true,"href":"https:\/\/www.greenpeace.org\/chile\/wp-json\/wp\/v2\/pages\/10089"}],"wp:attachment":[{"href":"https:\/\/www.greenpeace.org\/chile\/wp-json\/wp\/v2\/media?parent=6676"}],"wp:term":[{"taxonomy":"category","embeddable":true,"href":"https:\/\/www.greenpeace.org\/chile\/wp-json\/wp\/v2\/categories?post=6676"},{"taxonomy":"post_tag","embeddable":true,"href":"https:\/\/www.greenpeace.org\/chile\/wp-json\/wp\/v2\/tags?post=6676"}],"curies":[{"name":"wp","href":"https:\/\/api.w.org\/{rel}","templated":true}]}}