{"id":6967,"date":"2021-10-21T15:38:38","date_gmt":"2021-10-21T15:38:38","guid":{"rendered":"https:\/\/www.greenpeace.org\/chile\/noadominga\/"},"modified":"2026-02-13T14:28:34","modified_gmt":"2026-02-13T14:28:34","slug":"noadominga","status":"publish","type":"page","link":"https:\/\/www.greenpeace.org\/chile\/involucrate\/noadominga\/","title":{"rendered":"#NoaDominga"},"content":{"rendered":"\n\n<div class=\"wp-block-group alignfull is-layout-flow wp-block-group-is-layout-flow\">\n<div class=\"wp-block-group container is-layout-flow wp-block-group-is-layout-flow\">\n<div class=\"wp-block-media-text alignfull has-media-on-the-right is-stacked-on-mobile is-pattern-p4-page-header is-style-parallax\"><div class=\"wp-block-media-text__content\">\n<div class=\"wp-block-group is-layout-flow wp-block-group-is-layout-flow\">\n<h1 class=\"wp-block-heading has-white-background-color has-background\">#NoaDominga<\/h1>\n<\/div>\n\n\n\n<p style=\"font-size:1.25rem\"><strong>Firma la petici\u00f3n y ACT\u00daA para decir NO a la insistencia del megaproyecto minero-portuario Dominga.<\/strong><\/p>\n\n\n\n<div class=\"wp-block-buttons is-layout-flex wp-block-buttons-is-layout-flex\">\n<div class=\"wp-block-button is-style-cta\"><a class=\"wp-block-button__link wp-element-button\" href=\"https:\/\/noadominga.cl\/\" target=\"_blank\" rel=\"noreferrer noopener\">Fima ahora<\/a><\/div>\n<\/div>\n<\/div><figure class=\"wp-block-media-text__media\"><img loading=\"lazy\" decoding=\"async\" width=\"1024\" height=\"683\" src=\"https:\/\/www.greenpeace.org\/static\/planet4-chile-stateless\/2025\/01\/db2944b4-pinguinos-de-humboldt-humboldt-\u00a9-cesar-villarroel-_-greenpeace--1024x683.jpg\" alt=\"\" sizes=\"auto, (min-width: 601px) 50vw, 100vw\" srcset=\"https:\/\/www.greenpeace.org\/static\/planet4-chile-stateless\/2025\/01\/db2944b4-pinguinos-de-humboldt-humboldt-\u00a9-cesar-villarroel-_-greenpeace-.jpg 2500w, https:\/\/www.greenpeace.org\/static\/planet4-chile-stateless\/2025\/01\/db2944b4-pinguinos-de-humboldt-humboldt-\u00a9-cesar-villarroel-_-greenpeace--300x200.jpg 300w, https:\/\/www.greenpeace.org\/static\/planet4-chile-stateless\/2025\/01\/db2944b4-pinguinos-de-humboldt-humboldt-\u00a9-cesar-villarroel-_-greenpeace--1024x683.jpg 1024w, https:\/\/www.greenpeace.org\/static\/planet4-chile-stateless\/2025\/01\/db2944b4-pinguinos-de-humboldt-humboldt-\u00a9-cesar-villarroel-_-greenpeace--768x512.jpg 768w, https:\/\/www.greenpeace.org\/static\/planet4-chile-stateless\/2025\/01\/db2944b4-pinguinos-de-humboldt-humboldt-\u00a9-cesar-villarroel-_-greenpeace--1536x1025.jpg 1536w, https:\/\/www.greenpeace.org\/static\/planet4-chile-stateless\/2025\/01\/db2944b4-pinguinos-de-humboldt-humboldt-\u00a9-cesar-villarroel-_-greenpeace--2048x1366.jpg 2048w, https:\/\/www.greenpeace.org\/static\/planet4-chile-stateless\/2025\/01\/db2944b4-pinguinos-de-humboldt-humboldt-\u00a9-cesar-villarroel-_-greenpeace--510x340.jpg 510w\" class=\"wp-image-13465 size-full\"\/><\/figure><\/div>\n\n\n\n<p class=\"has-text-align-center has-white-color has-blue-green-800-background-color has-text-color has-background has-link-color wp-elements-235418128148c624d419898ec1f98c4c\" style=\"font-size:26px\">\u00a1Dominga fue rechazado por tercera vez!<br><strong>Sin embargo, la minera continuar\u00e1 insistiendo y frente a eso nosotros \u00a1debemos seguir luchando! \ud83d\udce3<\/strong><\/p>\n<\/div>\n<\/div>\n\n\n<div class=\"wp-block-columns are-vertically-aligned-top is-layout-flex wp-container-core-columns-is-layout-9d6595d7 wp-block-columns-is-layout-flex\">\n<div class=\"wp-block-column is-vertically-aligned-top is-layout-flow wp-block-column-is-layout-flow\">\n<h2 class=\"wp-block-heading\" style=\"text-transform:uppercase\">\u00bfQu\u00e9 es Dominga?<\/h2>\n\n\n\n<p>Dominga es un megaproyecto minero y portuario, que amenaza con construirse en la mitad de un verdadero santuario, la zona del Archipi\u00e9lago de Humboldt, donde conviven cientos de especies \u00fanicas.<\/p>\n<\/div>\n\n\n\n<div class=\"wp-block-column is-vertically-aligned-top is-layout-flow wp-block-column-is-layout-flow\">\n<h2 class=\"wp-block-heading\" style=\"text-transform:uppercase\">\u00bfQu\u00e9 impacto podr\u00eda causar?<\/h2>\n\n\n\n<p>El mega despliegue de actividades, destruir\u00eda el lugar donde habitan, se refugian y alimentan una de las mayores concentraciones de mam\u00edferos marinos a nivel mundial. <\/p>\n<\/div>\n<\/div>\n\n<div class=\"wp-block-columns is-layout-flex wp-container-core-columns-is-layout-9d6595d7 wp-block-columns-is-layout-flex\">\n<div class=\"wp-block-column is-layout-flow wp-block-column-is-layout-flow\">\n<figure class=\"wp-block-image size-large\"><img loading=\"lazy\" decoding=\"async\" width=\"1024\" height=\"683\" src=\"https:\/\/www.greenpeace.org\/static\/planet4-chile-stateless\/2025\/02\/2d986c2e-ballena-jorobada-chile-\u00a9-jonathan-gonzalez-greenpeace-1-1024x683.jpg\" alt=\"\" class=\"wp-image-13714\" srcset=\"https:\/\/www.greenpeace.org\/static\/planet4-chile-stateless\/2025\/02\/2d986c2e-ballena-jorobada-chile-\u00a9-jonathan-gonzalez-greenpeace-1-1024x683.jpg 1024w, https:\/\/www.greenpeace.org\/static\/planet4-chile-stateless\/2025\/02\/2d986c2e-ballena-jorobada-chile-\u00a9-jonathan-gonzalez-greenpeace-1-300x200.jpg 300w, https:\/\/www.greenpeace.org\/static\/planet4-chile-stateless\/2025\/02\/2d986c2e-ballena-jorobada-chile-\u00a9-jonathan-gonzalez-greenpeace-1-768x512.jpg 768w, https:\/\/www.greenpeace.org\/static\/planet4-chile-stateless\/2025\/02\/2d986c2e-ballena-jorobada-chile-\u00a9-jonathan-gonzalez-greenpeace-1-1536x1024.jpg 1536w, https:\/\/www.greenpeace.org\/static\/planet4-chile-stateless\/2025\/02\/2d986c2e-ballena-jorobada-chile-\u00a9-jonathan-gonzalez-greenpeace-1-2048x1366.jpg 2048w, https:\/\/www.greenpeace.org\/static\/planet4-chile-stateless\/2025\/02\/2d986c2e-ballena-jorobada-chile-\u00a9-jonathan-gonzalez-greenpeace-1-510x340.jpg 510w\" sizes=\"auto, (max-width: 1024px) 100vw, 1024px\" \/><figcaption class=\"wp-element-caption\">Ballena Jorobada <div class=\"credit icon-left\"> \u00a9 Jonathan Gonzalez \/ Greenpeace<\/div><\/figcaption><\/figure>\n<\/div>\n\n\n\n<div class=\"wp-block-column is-layout-flow wp-block-column-is-layout-flow\">\n<figure class=\"wp-block-image size-large\"><img loading=\"lazy\" decoding=\"async\" width=\"1024\" height=\"683\" src=\"https:\/\/www.greenpeace.org\/static\/planet4-chile-stateless\/2024\/12\/6e6ece06-delfin-nariz-de-botella-jym_1111-credito-jonathan-gonzalez-greenpeace-1024x683.jpg\" alt=\"\" class=\"wp-image-13284\" srcset=\"https:\/\/www.greenpeace.org\/static\/planet4-chile-stateless\/2024\/12\/6e6ece06-delfin-nariz-de-botella-jym_1111-credito-jonathan-gonzalez-greenpeace-1024x683.jpg 1024w, https:\/\/www.greenpeace.org\/static\/planet4-chile-stateless\/2024\/12\/6e6ece06-delfin-nariz-de-botella-jym_1111-credito-jonathan-gonzalez-greenpeace-300x200.jpg 300w, https:\/\/www.greenpeace.org\/static\/planet4-chile-stateless\/2024\/12\/6e6ece06-delfin-nariz-de-botella-jym_1111-credito-jonathan-gonzalez-greenpeace-768x512.jpg 768w, https:\/\/www.greenpeace.org\/static\/planet4-chile-stateless\/2024\/12\/6e6ece06-delfin-nariz-de-botella-jym_1111-credito-jonathan-gonzalez-greenpeace-1536x1024.jpg 1536w, https:\/\/www.greenpeace.org\/static\/planet4-chile-stateless\/2024\/12\/6e6ece06-delfin-nariz-de-botella-jym_1111-credito-jonathan-gonzalez-greenpeace-2048x1366.jpg 2048w, https:\/\/www.greenpeace.org\/static\/planet4-chile-stateless\/2024\/12\/6e6ece06-delfin-nariz-de-botella-jym_1111-credito-jonathan-gonzalez-greenpeace-510x340.jpg 510w\" sizes=\"auto, (max-width: 1024px) 100vw, 1024px\" \/><figcaption class=\"wp-element-caption\">Delfi\u0301n Nariz de Botella<div class=\"credit icon-left\"> \u00a9 Jonathan Gonza\u0301lez Greenpeace<\/div><\/figcaption><\/figure>\n<\/div>\n<\/div>\n\n<div class=\"wp-block-query posts-list p4-query-loop is-custom-layout-list is-layout-flow wp-block-query-is-layout-flow\">\n<div class=\"wp-block-group is-content-justification-space-between is-layout-flex wp-container-core-group-is-layout-3d213aab wp-block-group-is-layout-flex\">\n<h2 class=\"wp-block-heading\">Art\u00edculos relacionados<\/h2>\n\n\n<li class=\" wp-block-navigation-item see-all-link wp-block-navigation-link\"><a class=\"wp-block-navigation-item__content\"  href=\"http:\/\/www.greenpeace.org\/chile\/news-stories\/?tag=noadominga\"><span class=\"wp-block-navigation-item__label\">See all stories<\/span><\/a><\/li><\/div>\n\n\n\n<p style=\"margin-top:24px;margin-bottom:36px\"><\/p>\n\n\n\n\n<ul class=\"wp-block-post-template is-layout-flow wp-block-post-template-is-layout-flow\"><li class=\"wp-block-post post-15913 post type-post status-publish format-standard has-post-thumbnail hentry category-oceanos tag-noadominga tag-ballenas p4-page-type-noticia\">\n\n<div class=\"wp-block-columns is-layout-flex wp-container-core-columns-is-layout-9d6595d7 wp-block-columns-is-layout-flex\"><figure class=\"wp-block-post-featured-image\"><a href=\"https:\/\/www.greenpeace.org\/chile\/noticia\/issues\/oceanos\/las-amenazas-que-enfrentan-las-ballenas-en-los-mares-chilenos\/\" target=\"_self\"  ><img loading=\"lazy\" decoding=\"async\" width=\"2560\" height=\"1715\" src=\"https:\/\/www.greenpeace.org\/static\/planet4-chile-stateless\/2026\/02\/0edcfff9-cachalote-muerto-por-enmallamiento-\u00a9-greenpeace-walter-obiol-scaled.jpg\" class=\"attachment-post-thumbnail size-post-thumbnail wp-post-image wp-stateless-item\" alt=\"Las amenazas que enfrentan las ballenas en los mares chilenos\" style=\"object-fit:cover;\" srcset=\"https:\/\/www.greenpeace.org\/static\/planet4-chile-stateless\/2026\/02\/0edcfff9-cachalote-muerto-por-enmallamiento-\u00a9-greenpeace-walter-obiol-scaled.jpg 2560w, https:\/\/www.greenpeace.org\/static\/planet4-chile-stateless\/2026\/02\/0edcfff9-cachalote-muerto-por-enmallamiento-\u00a9-greenpeace-walter-obiol-300x201.jpg 300w, https:\/\/www.greenpeace.org\/static\/planet4-chile-stateless\/2026\/02\/0edcfff9-cachalote-muerto-por-enmallamiento-\u00a9-greenpeace-walter-obiol-1024x686.jpg 1024w, https:\/\/www.greenpeace.org\/static\/planet4-chile-stateless\/2026\/02\/0edcfff9-cachalote-muerto-por-enmallamiento-\u00a9-greenpeace-walter-obiol-768x515.jpg 768w, https:\/\/www.greenpeace.org\/static\/planet4-chile-stateless\/2026\/02\/0edcfff9-cachalote-muerto-por-enmallamiento-\u00a9-greenpeace-walter-obiol-1536x1029.jpg 1536w, https:\/\/www.greenpeace.org\/static\/planet4-chile-stateless\/2026\/02\/0edcfff9-cachalote-muerto-por-enmallamiento-\u00a9-greenpeace-walter-obiol-2048x1372.jpg 2048w, https:\/\/www.greenpeace.org\/static\/planet4-chile-stateless\/2026\/02\/0edcfff9-cachalote-muerto-por-enmallamiento-\u00a9-greenpeace-walter-obiol-2039x1366.jpg 2039w, https:\/\/www.greenpeace.org\/static\/planet4-chile-stateless\/2026\/02\/0edcfff9-cachalote-muerto-por-enmallamiento-\u00a9-greenpeace-walter-obiol-507x340.jpg 507w\" sizes=\"auto, (max-width: 2560px) 100vw, 2560px\" data-image-size=\"post-thumbnail\" data-stateless-media-bucket=\"planet4-chile-stateless\" data-stateless-media-name=\"2026\/02\/0edcfff9-cachalote-muerto-por-enmallamiento-\u00a9-greenpeace-walter-obiol-scaled.jpg\" \/><\/a><\/figure>\n\n\n<div class=\"wp-block-group is-layout-flow wp-block-group-is-layout-flow\">\n<div class=\"wp-block-group is-layout-flex wp-block-group-is-layout-flex\"><div class=\"wp-block-post-terms\"><a href=\"https:\/\/www.greenpeace.org\/chile\/category\/issues\/oceanos\/\">Oceanos<\/a><\/div><\/div>\n\n\n<h3 class=\"wp-block-post-title\"><a href=\"https:\/\/www.greenpeace.org\/chile\/noticia\/issues\/oceanos\/las-amenazas-que-enfrentan-las-ballenas-en-los-mares-chilenos\/\" target=\"_self\" >Las amenazas que enfrentan las ballenas en los mares chilenos<\/a><\/h3>\n\n<div class=\"wp-block-post-excerpt\"><p class=\"wp-block-post-excerpt__excerpt\">Colisiones con embarcaciones y enmallamientos son algunas de las principales causas de muerte de estos cet\u00e1ceos en su tr\u00e1nsito por Chile. <\/p><\/div>\n\n\n<div class=\"wp-block-group posts-list-meta is-layout-flow wp-block-group-is-layout-flow\"><span class='article-list-item-author'><a href='https:\/\/www.greenpeace.org\/chile\/author\/prensachile\/'>Prensa Chile<\/a><\/span>\n\n<div class=\"wp-block-post-date\"><time datetime=\"2026-02-18T15:19:56+00:00\">18 Febrero 2026<\/time><\/div><\/div>\n<\/div>\n<\/div>\n\n<\/li><li class=\"wp-block-post post-15748 post type-post status-publish format-standard has-post-thumbnail hentry category-oceanos tag-noadominga p4-page-type-blog\">\n\n<div class=\"wp-block-columns is-layout-flex wp-container-core-columns-is-layout-9d6595d7 wp-block-columns-is-layout-flex\"><figure class=\"wp-block-post-featured-image\"><a href=\"https:\/\/www.greenpeace.org\/chile\/blog\/issues\/oceanos\/concurso-gana-una-experiencia-de-avistamiento-de-ballenas-en-el-archipielago-de-humboldt\/\" target=\"_self\"  ><img loading=\"lazy\" decoding=\"async\" width=\"2500\" height=\"1391\" src=\"https:\/\/www.greenpeace.org\/static\/planet4-chile-stateless\/2024\/05\/53376af1-gpch-archipielago-humboldt-credito-cesar-villarroel-greenpeace.jpg\" class=\"attachment-post-thumbnail size-post-thumbnail wp-post-image wp-stateless-item\" alt=\"Concurso: gana una experiencia de avistamiento de ballenas en el Archipi\u00e9lago de Humboldt\" style=\"object-fit:cover;\" srcset=\"https:\/\/www.greenpeace.org\/static\/planet4-chile-stateless\/2024\/05\/53376af1-gpch-archipielago-humboldt-credito-cesar-villarroel-greenpeace.jpg 2500w, https:\/\/www.greenpeace.org\/static\/planet4-chile-stateless\/2024\/05\/53376af1-gpch-archipielago-humboldt-credito-cesar-villarroel-greenpeace-300x167.jpg 300w, https:\/\/www.greenpeace.org\/static\/planet4-chile-stateless\/2024\/05\/53376af1-gpch-archipielago-humboldt-credito-cesar-villarroel-greenpeace-1024x570.jpg 1024w, https:\/\/www.greenpeace.org\/static\/planet4-chile-stateless\/2024\/05\/53376af1-gpch-archipielago-humboldt-credito-cesar-villarroel-greenpeace-768x427.jpg 768w, https:\/\/www.greenpeace.org\/static\/planet4-chile-stateless\/2024\/05\/53376af1-gpch-archipielago-humboldt-credito-cesar-villarroel-greenpeace-1536x855.jpg 1536w, https:\/\/www.greenpeace.org\/static\/planet4-chile-stateless\/2024\/05\/53376af1-gpch-archipielago-humboldt-credito-cesar-villarroel-greenpeace-2048x1140.jpg 2048w, https:\/\/www.greenpeace.org\/static\/planet4-chile-stateless\/2024\/05\/53376af1-gpch-archipielago-humboldt-credito-cesar-villarroel-greenpeace-510x284.jpg 510w\" sizes=\"auto, (max-width: 2500px) 100vw, 2500px\" data-image-size=\"post-thumbnail\" data-stateless-media-bucket=\"planet4-chile-stateless\" data-stateless-media-name=\"2024\/05\/53376af1-gpch-archipielago-humboldt-credito-cesar-villarroel-greenpeace.jpg\" \/><\/a><\/figure>\n\n\n<div class=\"wp-block-group is-layout-flow wp-block-group-is-layout-flow\">\n<div class=\"wp-block-group is-layout-flex wp-block-group-is-layout-flex\"><div class=\"wp-block-post-terms\"><a href=\"https:\/\/www.greenpeace.org\/chile\/category\/issues\/oceanos\/\">Oceanos<\/a><\/div><\/div>\n\n\n<h3 class=\"wp-block-post-title\"><a href=\"https:\/\/www.greenpeace.org\/chile\/blog\/issues\/oceanos\/concurso-gana-una-experiencia-de-avistamiento-de-ballenas-en-el-archipielago-de-humboldt\/\" target=\"_self\" >Concurso: gana una experiencia de avistamiento de ballenas en el Archipi\u00e9lago de Humboldt<\/a><\/h3>\n\n<div class=\"wp-block-post-excerpt\"><p class=\"wp-block-post-excerpt__excerpt\">Podr\u00e1s vivir un d\u00eda \u00fanico en uno de los ecosistemas m\u00e1s valiosos del mundo. <\/p><\/div>\n\n\n<div class=\"wp-block-group posts-list-meta is-layout-flow wp-block-group-is-layout-flow\"><span class='article-list-item-author'>Meri Castro<\/span>\n\n<div class=\"wp-block-post-date\"><time datetime=\"2026-01-14T18:35:12+00:00\">14 Enero 2026<\/time><\/div><\/div>\n<\/div>\n<\/div>\n\n<\/li><li class=\"wp-block-post post-15594 post type-post status-publish format-standard has-post-thumbnail hentry category-oceanos tag-santuariosmarinos tag-noadominga p4-page-type-noticia\">\n\n<div class=\"wp-block-columns is-layout-flex wp-container-core-columns-is-layout-9d6595d7 wp-block-columns-is-layout-flex\"><figure class=\"wp-block-post-featured-image\"><a href=\"https:\/\/www.greenpeace.org\/chile\/noticia\/issues\/oceanos\/pinguino-de-humboldt-en-peligro-de-extincion-el-80-de-la-poblacion-mundial-de-esta-especie-habita-en-chile\/\" target=\"_self\"  ><img loading=\"lazy\" decoding=\"async\" width=\"2500\" height=\"1668\" src=\"https:\/\/www.greenpeace.org\/static\/planet4-chile-stateless\/2025\/01\/db2944b4-pinguinos-de-humboldt-humboldt-\u00a9-cesar-villarroel-_-greenpeace-.jpg\" class=\"attachment-post-thumbnail size-post-thumbnail wp-post-image wp-stateless-item\" alt=\"Ping\u00fcino de Humboldt en peligro de extinci\u00f3n:\u00a0 el 80% de la poblaci\u00f3n mundial de esta especie habita en Chile.\" style=\"object-fit:cover;\" srcset=\"https:\/\/www.greenpeace.org\/static\/planet4-chile-stateless\/2025\/01\/db2944b4-pinguinos-de-humboldt-humboldt-\u00a9-cesar-villarroel-_-greenpeace-.jpg 2500w, https:\/\/www.greenpeace.org\/static\/planet4-chile-stateless\/2025\/01\/db2944b4-pinguinos-de-humboldt-humboldt-\u00a9-cesar-villarroel-_-greenpeace--300x200.jpg 300w, https:\/\/www.greenpeace.org\/static\/planet4-chile-stateless\/2025\/01\/db2944b4-pinguinos-de-humboldt-humboldt-\u00a9-cesar-villarroel-_-greenpeace--1024x683.jpg 1024w, https:\/\/www.greenpeace.org\/static\/planet4-chile-stateless\/2025\/01\/db2944b4-pinguinos-de-humboldt-humboldt-\u00a9-cesar-villarroel-_-greenpeace--768x512.jpg 768w, https:\/\/www.greenpeace.org\/static\/planet4-chile-stateless\/2025\/01\/db2944b4-pinguinos-de-humboldt-humboldt-\u00a9-cesar-villarroel-_-greenpeace--1536x1025.jpg 1536w, https:\/\/www.greenpeace.org\/static\/planet4-chile-stateless\/2025\/01\/db2944b4-pinguinos-de-humboldt-humboldt-\u00a9-cesar-villarroel-_-greenpeace--2048x1366.jpg 2048w, https:\/\/www.greenpeace.org\/static\/planet4-chile-stateless\/2025\/01\/db2944b4-pinguinos-de-humboldt-humboldt-\u00a9-cesar-villarroel-_-greenpeace--510x340.jpg 510w\" sizes=\"auto, (max-width: 2500px) 100vw, 2500px\" data-image-size=\"post-thumbnail\" data-stateless-media-bucket=\"planet4-chile-stateless\" data-stateless-media-name=\"2025\/01\/db2944b4-pinguinos-de-humboldt-humboldt-\u00a9-cesar-villarroel-_-greenpeace-.jpg\" \/><\/a><\/figure>\n\n\n<div class=\"wp-block-group is-layout-flow wp-block-group-is-layout-flow\">\n<div class=\"wp-block-group is-layout-flex wp-block-group-is-layout-flex\"><div class=\"wp-block-post-terms\"><a href=\"https:\/\/www.greenpeace.org\/chile\/category\/issues\/oceanos\/\">Oceanos<\/a><\/div><\/div>\n\n\n<h3 class=\"wp-block-post-title\"><a href=\"https:\/\/www.greenpeace.org\/chile\/noticia\/issues\/oceanos\/pinguino-de-humboldt-en-peligro-de-extincion-el-80-de-la-poblacion-mundial-de-esta-especie-habita-en-chile\/\" target=\"_self\" >Ping\u00fcino de Humboldt en peligro de extinci\u00f3n:\u00a0 el 80% de la poblaci\u00f3n mundial de esta especie habita en Chile.<\/a><\/h3>\n\n<div class=\"wp-block-post-excerpt\"><p class=\"wp-block-post-excerpt__excerpt\">Greenpeace reitera su llamado a proteger las colonias reproductivas y priorizar la protecci\u00f3n del Archipi\u00e9lago de Humboldt como \u00e1rea clave para la biodiversidad marina del pa\u00eds. <\/p><\/div>\n\n\n<div class=\"wp-block-group posts-list-meta is-layout-flow wp-block-group-is-layout-flow\"><span class='article-list-item-author'><a href='https:\/\/www.greenpeace.org\/chile\/author\/prensachile\/'>Prensa Chile<\/a><\/span>\n\n<div class=\"wp-block-post-date\"><time datetime=\"2025-10-24T18:31:30+00:00\">24 Octubre 2025<\/time><\/div><\/div>\n<\/div>\n<\/div>\n\n<\/li><\/ul>\n\n\n<div class=\"wp-block-buttons carousel-controls is-horizontal is-content-justification-space-between is-nowrap is-layout-flex wp-container-core-buttons-is-layout-044bd602 wp-block-buttons-is-layout-flex\">\n<div class=\"wp-block-button carousel-control-prev\"><button type=\"button\" class=\"wp-block-button__link wp-element-button\">Prev<\/button><\/div>\n\n\n\n<div class=\"wp-block-button carousel-control-next\"><button type=\"button\" class=\"wp-block-button__link wp-element-button\">Next<\/button><\/div>\n<\/div>\n\n\n<li class=\" wp-block-navigation-item see-all-link wp-block-navigation-link\"><a class=\"wp-block-navigation-item__content\"  href=\"http:\/\/www.greenpeace.org\/chile\/news-stories\/?tag=noadominga\"><span class=\"wp-block-navigation-item__label\">Ver m\u00e1s<\/span><\/a><\/li><\/div>\n<div data-render=\"planet4-blocks\/happypoint\" data-attributes=\"{&quot;attributes&quot;:{&quot;iframe_url&quot;:&quot; https:\\\/\\\/unete.greenpeace.cl\\\/happypoint\\\/&quot;,&quot;override_default_content&quot;:true,&quot;local_content_provider&quot;:&quot;iframe_url&quot;,&quot;opacity&quot;:30}}\"><\/div>\n<p><\/p>\n","protected":false},"excerpt":{"rendered":"<p>Firma la petici\u00f3n y ACT\u00daA para decir NO a la insistencia del megaproyecto minero-portuario Dominga.<\/p>\n","protected":false},"author":20,"featured_media":13465,"parent":10089,"menu_order":0,"comment_status":"closed","ping_status":"closed","template":"","meta":{"ep_exclude_from_search":false,"p4_hide_page_title_checkbox":"on","p4_title":"","p4_subtitle":"","p4_description":"","background_image_id":"","background_image":"","p4_button_title":"","p4_button_link":"","p4_button_link_checkbox":"","p4_og_title":"","p4_og_description":"Firma la petici\u00f3n y ACT\u00daA para decir NO a la insistencia del megaproyecto minero-portuario Dominga","p4_og_image":"","p4_og_image_id":"","p4_seo_canonical_url":"","p4_campaign_name":"not set","p4_local_project":"not set","p4_basket_name":"not set","p4_department":"","footnotes":""},"categories":[18],"tags":[43],"class_list":["post-6967","page","type-page","status-publish","has-post-thumbnail","hentry","category-oceanos","tag-noadominga"],"_links":{"self":[{"href":"https:\/\/www.greenpeace.org\/chile\/wp-json\/wp\/v2\/pages\/6967","targetHints":{"allow":["GET"]}}],"collection":[{"href":"https:\/\/www.greenpeace.org\/chile\/wp-json\/wp\/v2\/pages"}],"about":[{"href":"https:\/\/www.greenpeace.org\/chile\/wp-json\/wp\/v2\/types\/page"}],"author":[{"embeddable":true,"href":"https:\/\/www.greenpeace.org\/chile\/wp-json\/wp\/v2\/users\/20"}],"replies":[{"embeddable":true,"href":"https:\/\/www.greenpeace.org\/chile\/wp-json\/wp\/v2\/comments?post=6967"}],"version-history":[{"count":20,"href":"https:\/\/www.greenpeace.org\/chile\/wp-json\/wp\/v2\/pages\/6967\/revisions"}],"predecessor-version":[{"id":15908,"href":"https:\/\/www.greenpeace.org\/chile\/wp-json\/wp\/v2\/pages\/6967\/revisions\/15908"}],"up":[{"embeddable":true,"href":"https:\/\/www.greenpeace.org\/chile\/wp-json\/wp\/v2\/pages\/10089"}],"wp:featuredmedia":[{"embeddable":true,"href":"https:\/\/www.greenpeace.org\/chile\/wp-json\/wp\/v2\/media\/13465"}],"wp:attachment":[{"href":"https:\/\/www.greenpeace.org\/chile\/wp-json\/wp\/v2\/media?parent=6967"}],"wp:term":[{"taxonomy":"category","embeddable":true,"href":"https:\/\/www.greenpeace.org\/chile\/wp-json\/wp\/v2\/categories?post=6967"},{"taxonomy":"post_tag","embeddable":true,"href":"https:\/\/www.greenpeace.org\/chile\/wp-json\/wp\/v2\/tags?post=6967"}],"curies":[{"name":"wp","href":"https:\/\/api.w.org\/{rel}","templated":true}]}}