{"id":10058,"date":"2023-07-24T14:18:11","date_gmt":"2023-07-24T14:18:11","guid":{"rendered":"https:\/\/www.greenpeace.org\/colombia\/?page_id=10058"},"modified":"2025-04-09T16:27:35","modified_gmt":"2025-04-09T16:27:35","slug":"involucrate","status":"publish","type":"page","link":"https:\/\/www.greenpeace.org\/colombia\/involucrate\/","title":{"rendered":"T\u00fa puedes hacer mucho"},"content":{"rendered":"\n\n<div class=\"wp-block-group alignfull is-layout-flow wp-block-group-is-layout-flow\">\n<div class=\"wp-block-group container is-layout-flow wp-block-group-is-layout-flow\">\n<div class=\"wp-block-media-text alignfull has-media-on-the-right is-stacked-on-mobile is-pattern-p4-page-header is-style-parallax\"><div class=\"wp-block-media-text__content\">\n<div class=\"wp-block-group is-layout-flow wp-block-group-is-layout-flow\">\n<h1 class=\"wp-block-heading has-blue-green-800-color has-white-background-color has-text-color has-background has-link-color wp-elements-c1e5c8f04738737f401cf7acc091347d\">Participa \u00a1T\u00fa puedes hacer mucho!<\/h1>\n<\/div>\n\n\n\n<p style=\"font-size:1.25rem\">No es necesario que subas a uno de nuestros barcos o te cuelgues de un edificio desplegando un cartel para ayudarnos en favor del medio ambiente. <\/p>\n\n\n\n<p>Desde tu hogar, desde la calle, en grupo, en la escuela, en la universidad, con Internet, puedes ser parte activa de nuestros reclamos y acciones.<\/p>\n\n\n\n<p><strong>\u00bfQuieres comenzar? Conoce tus opciones.<\/strong><\/p>\n<\/div><figure class=\"wp-block-media-text__media\"><img loading=\"lazy\" decoding=\"async\" width=\"1024\" height=\"683\" src=\"https:\/\/www.greenpeace.org\/static\/planet4-colombia-stateless\/2024\/04\/dc61fc2f-gpco_marchaplasticos_10-1024x683.jpg\" alt=\"\" sizes=\"auto, (min-width: 601px) 50vw, 100vw\" srcset=\"https:\/\/www.greenpeace.org\/static\/planet4-colombia-stateless\/2024\/04\/dc61fc2f-gpco_marchaplasticos_10.jpg 2500w, https:\/\/www.greenpeace.org\/static\/planet4-colombia-stateless\/2024\/04\/dc61fc2f-gpco_marchaplasticos_10-300x200.jpg 300w, https:\/\/www.greenpeace.org\/static\/planet4-colombia-stateless\/2024\/04\/dc61fc2f-gpco_marchaplasticos_10-1024x683.jpg 1024w, https:\/\/www.greenpeace.org\/static\/planet4-colombia-stateless\/2024\/04\/dc61fc2f-gpco_marchaplasticos_10-768x512.jpg 768w, https:\/\/www.greenpeace.org\/static\/planet4-colombia-stateless\/2024\/04\/dc61fc2f-gpco_marchaplasticos_10-1536x1024.jpg 1536w, https:\/\/www.greenpeace.org\/static\/planet4-colombia-stateless\/2024\/04\/dc61fc2f-gpco_marchaplasticos_10-2048x1366.jpg 2048w, https:\/\/www.greenpeace.org\/static\/planet4-colombia-stateless\/2024\/04\/dc61fc2f-gpco_marchaplasticos_10-510x340.jpg 510w\" class=\"wp-image-12209 size-full\"\/><\/figure><\/div>\n<\/div>\n<\/div>\n\n\n<div style=\"height:60px\" aria-hidden=\"true\" class=\"wp-block-spacer\"><\/div>\n\n<h2 class=\"wp-block-heading\">Conoce las formas en las que puedes participar<\/h2>\n\n<div class=\"wp-block-media-text is-stacked-on-mobile is-vertically-aligned-top is-image-fill\" style=\"grid-template-columns:36% auto\"><figure class=\"wp-block-media-text__media\" style=\"background-image:url(https:\/\/www.greenpeace.org\/static\/planet4-colombia-stateless\/2020\/10\/6ab0037a-reiniciar-bogot\u00ed-8-1024x683.jpg);background-position:50% 50%\"><img loading=\"lazy\" decoding=\"async\" width=\"1024\" height=\"683\" src=\"https:\/\/www.greenpeace.org\/static\/planet4-colombia-stateless\/2020\/10\/6ab0037a-reiniciar-bogot\u00ed-8-1024x683.jpg\" alt=\"\" sizes=\"auto, (min-width: 1600px) calc((1320px - 24px) \/ 2.7778),(min-width: 1200px) calc((1140px - 24px) \/ 2.7778),(min-width: 992px) calc((960px - 24px) \/ 2.7778),(min-width: 768px) calc((720px - 24px) \/ 2.7778),(min-width: 601px) calc((540px - 24px) \/ 2.7778),(min-width: 577px) calc((540px - 24px) \/ 1), calc(100vw - 24px)\" srcset=\"https:\/\/www.greenpeace.org\/static\/planet4-colombia-stateless\/2020\/10\/6ab0037a-reiniciar-bogot\u00ed-8.jpg 2500w, https:\/\/www.greenpeace.org\/static\/planet4-colombia-stateless\/2020\/10\/6ab0037a-reiniciar-bogot\u00ed-8-300x200.jpg 300w, https:\/\/www.greenpeace.org\/static\/planet4-colombia-stateless\/2020\/10\/6ab0037a-reiniciar-bogot\u00ed-8-1024x683.jpg 1024w, https:\/\/www.greenpeace.org\/static\/planet4-colombia-stateless\/2020\/10\/6ab0037a-reiniciar-bogot\u00ed-8-768x512.jpg 768w, https:\/\/www.greenpeace.org\/static\/planet4-colombia-stateless\/2020\/10\/6ab0037a-reiniciar-bogot\u00ed-8-1536x1024.jpg 1536w, https:\/\/www.greenpeace.org\/static\/planet4-colombia-stateless\/2020\/10\/6ab0037a-reiniciar-bogot\u00ed-8-2048x1366.jpg 2048w, https:\/\/www.greenpeace.org\/static\/planet4-colombia-stateless\/2020\/10\/6ab0037a-reiniciar-bogot\u00ed-8-510x340.jpg 510w\" class=\"wp-image-4816 size-full\"\/><\/figure><div class=\"wp-block-media-text__content\">\n<h2 class=\"wp-block-heading\">Online: participa y ap\u00f3yanos firmando las peticiones de nuestras campa\u00f1as<\/h2>\n\n\n\n<p>\u00a1Tu apoyo es de gran valor para realizar los reclamos y propuestas!<\/p>\n\n\n\n<div class=\"wp-block-buttons is-layout-flex wp-block-buttons-is-layout-flex\">\n<div class=\"wp-block-button\"><a class=\"wp-block-button__link wp-element-button\" href=\"https:\/\/www.greenpeace.org\/colombia\/campanas\/\">Conoce las peticiones y firma<\/a><\/div>\n<\/div>\n<\/div><\/div>\n\n<div style=\"height:30px\" aria-hidden=\"true\" class=\"wp-block-spacer\"><\/div>\n\n<div class=\"wp-block-media-text is-stacked-on-mobile is-vertically-aligned-top is-image-fill\" style=\"grid-template-columns:36% auto\"><figure class=\"wp-block-media-text__media\" style=\"background-image:url(https:\/\/www.greenpeace.org\/static\/planet4-colombia-stateless\/2023\/07\/68016802-feria_bogota.jpg);background-position:50% 50%\"><img loading=\"lazy\" decoding=\"async\" width=\"640\" height=\"426\" src=\"https:\/\/www.greenpeace.org\/static\/planet4-colombia-stateless\/2023\/07\/68016802-feria_bogota.jpg\" alt=\"\" sizes=\"auto, (min-width: 1600px) calc((1320px - 24px) \/ 2.7778),(min-width: 1200px) calc((1140px - 24px) \/ 2.7778),(min-width: 992px) calc((960px - 24px) \/ 2.7778),(min-width: 768px) calc((720px - 24px) \/ 2.7778),(min-width: 601px) calc((540px - 24px) \/ 2.7778),(min-width: 577px) calc((540px - 24px) \/ 1), calc(100vw - 24px)\" srcset=\"https:\/\/www.greenpeace.org\/static\/planet4-colombia-stateless\/2023\/07\/68016802-feria_bogota.jpg 640w, https:\/\/www.greenpeace.org\/static\/planet4-colombia-stateless\/2023\/07\/68016802-feria_bogota-300x200.jpg 300w, https:\/\/www.greenpeace.org\/static\/planet4-colombia-stateless\/2023\/07\/68016802-feria_bogota-510x340.jpg 510w\" class=\"wp-image-10061 size-full\"\/><\/figure><div class=\"wp-block-media-text__content\">\n<h2 class=\"wp-block-heading\">Forma parte: puedes sumarte al grupo de voluntariado<\/h2>\n\n\n\n<p>Si quieres integrar el equipo de voluntariado, realizar acciones y ser parte del grupo que trabaja para cuidar nuestro planeta: \u00a1te estamos esperando!<\/p>\n\n\n\n<div class=\"wp-block-buttons is-layout-flex wp-block-buttons-is-layout-flex\">\n<div class=\"wp-block-button\"><a class=\"wp-block-button__link wp-element-button\" href=\"https:\/\/www.greenpeace.org\/colombia\/involucrate\/conviertete-en-voluntario\/\">S\u00famate al voluntariado<\/a><\/div>\n<\/div>\n<\/div><\/div>\n\n<div style=\"height:30px\" aria-hidden=\"true\" class=\"wp-block-spacer\"><\/div>\n\n<div class=\"wp-block-media-text is-stacked-on-mobile is-vertically-aligned-top is-image-fill\" style=\"grid-template-columns:36% auto\"><figure class=\"wp-block-media-text__media\" style=\"background-image:url(https:\/\/www.greenpeace.org\/static\/planet4-colombia-stateless\/2023\/12\/17312fb1-gpco-bffp-plogging-1-1024x683.jpg);background-position:50% 50%\"><img loading=\"lazy\" decoding=\"async\" width=\"1024\" height=\"683\" src=\"https:\/\/www.greenpeace.org\/static\/planet4-colombia-stateless\/2023\/12\/17312fb1-gpco-bffp-plogging-1-1024x683.jpg\" alt=\"\" sizes=\"auto, (min-width: 1600px) calc((1320px - 24px) \/ 2.7778),(min-width: 1200px) calc((1140px - 24px) \/ 2.7778),(min-width: 992px) calc((960px - 24px) \/ 2.7778),(min-width: 768px) calc((720px - 24px) \/ 2.7778),(min-width: 601px) calc((540px - 24px) \/ 2.7778),(min-width: 577px) calc((540px - 24px) \/ 1), calc(100vw - 24px)\" srcset=\"https:\/\/www.greenpeace.org\/static\/planet4-colombia-stateless\/2023\/12\/17312fb1-gpco-bffp-plogging-1-scaled.jpg 2560w, https:\/\/www.greenpeace.org\/static\/planet4-colombia-stateless\/2023\/12\/17312fb1-gpco-bffp-plogging-1-300x200.jpg 300w, https:\/\/www.greenpeace.org\/static\/planet4-colombia-stateless\/2023\/12\/17312fb1-gpco-bffp-plogging-1-1024x683.jpg 1024w, https:\/\/www.greenpeace.org\/static\/planet4-colombia-stateless\/2023\/12\/17312fb1-gpco-bffp-plogging-1-768x512.jpg 768w, https:\/\/www.greenpeace.org\/static\/planet4-colombia-stateless\/2023\/12\/17312fb1-gpco-bffp-plogging-1-1536x1024.jpg 1536w, https:\/\/www.greenpeace.org\/static\/planet4-colombia-stateless\/2023\/12\/17312fb1-gpco-bffp-plogging-1-2048x1366.jpg 2048w, https:\/\/www.greenpeace.org\/static\/planet4-colombia-stateless\/2023\/12\/17312fb1-gpco-bffp-plogging-1-510x340.jpg 510w\" class=\"wp-image-11073 size-full\"\/><\/figure><div class=\"wp-block-media-text__content\">\n<h2 class=\"wp-block-heading\">Dona: para poder llevar adelante nuestras campa\u00f1as y seguir luchando por el cuidado de nuestro planeta<\/h2>\n\n\n\n<p>Greenpeace es una organizaci\u00f3n independiente que se financia con la ayuda de particulares, no recibimos colaboraci\u00f3n de parte de ning\u00fan partido pol\u00edtico, empresa ni gobierno. Puede aportar mensualmente o por \u00fanica vez. <\/p>\n\n\n\n<div class=\"wp-block-buttons is-layout-flex wp-block-buttons-is-layout-flex\">\n<div class=\"wp-block-button\"><a class=\"wp-block-button__link wp-element-button\" href=\"https:\/\/www.greenpeace.org\/colombia\/involucrate\/asociate\/\">Dona ahora<\/a><\/div>\n<\/div>\n<\/div><\/div>\n\n<div class=\"wp-block-media-text is-stacked-on-mobile is-vertically-aligned-top is-image-fill\" style=\"grid-template-columns:36% auto\"><figure class=\"wp-block-media-text__media\" style=\"background-image:url(https:\/\/www.greenpeace.org\/static\/planet4-colombia-stateless\/2024\/08\/2141ef34-captador.dialogo-1024x683.jpg);background-position:50% 50%\"><img loading=\"lazy\" decoding=\"async\" width=\"1024\" height=\"683\" src=\"https:\/\/www.greenpeace.org\/static\/planet4-colombia-stateless\/2024\/08\/2141ef34-captador.dialogo-1024x683.jpg\" alt=\"\" sizes=\"auto, (min-width: 1600px) calc((1320px - 24px) \/ 2.7778),(min-width: 1200px) calc((1140px - 24px) \/ 2.7778),(min-width: 992px) calc((960px - 24px) \/ 2.7778),(min-width: 768px) calc((720px - 24px) \/ 2.7778),(min-width: 601px) calc((540px - 24px) \/ 2.7778),(min-width: 577px) calc((540px - 24px) \/ 1), calc(100vw - 24px)\" srcset=\"https:\/\/www.greenpeace.org\/static\/planet4-colombia-stateless\/2024\/08\/2141ef34-captador.dialogo.jpg 1200w, https:\/\/www.greenpeace.org\/static\/planet4-colombia-stateless\/2024\/08\/2141ef34-captador.dialogo-300x200.jpg 300w, https:\/\/www.greenpeace.org\/static\/planet4-colombia-stateless\/2024\/08\/2141ef34-captador.dialogo-1024x683.jpg 1024w, https:\/\/www.greenpeace.org\/static\/planet4-colombia-stateless\/2024\/08\/2141ef34-captador.dialogo-768x512.jpg 768w, https:\/\/www.greenpeace.org\/static\/planet4-colombia-stateless\/2024\/08\/2141ef34-captador.dialogo-510x340.jpg 510w\" class=\"wp-image-12778 size-full\"\/><\/figure><div class=\"wp-block-media-text__content\">\n<h2 class=\"wp-block-heading\"><strong>\u00a1\u00danete al Cambio con Nuestros Captadores de Di\u00e1logo Directo!<\/strong><\/h2>\n\n\n\n<p>Cada d\u00eda nuestro equipo de di\u00e1logo directo est\u00e1 en las calles, sumando a m\u00e1s personas que comparten nuestra pasi\u00f3n por proteger el planeta. As\u00f3ciate y s\u00e9 parte de Greenpeace.<\/p>\n\n\n\n<div class=\"wp-block-buttons is-layout-flex wp-block-buttons-is-layout-flex\">\n<div class=\"wp-block-button\"><a class=\"wp-block-button__link wp-element-button\" href=\"https:\/\/www.greenpeace.org\/colombia\/dialogo-directo\/\">Conoce m\u00e1s<\/a><\/div>\n<\/div>\n<\/div><\/div>\n\n<div style=\"height:60px\" aria-hidden=\"true\" class=\"wp-block-spacer\"><\/div>\n\n<div class=\"wp-block-group alignfull has-grey-100-background-color has-background is-layout-constrained wp-block-group-is-layout-constrained\">\n\n<div style=\"height:20px\" aria-hidden=\"true\" class=\"wp-block-spacer\"><\/div>\n\n\n\n<h2 class=\"wp-block-heading alignfull has-text-align-center\">Conoce los temas en los que trabajamos<\/h2>\n\n\n\n<p class=\"has-text-align-center\">Realizamos campa\u00f1as que abordan las siguientes tem\u00e1ticas. Puedes leer por tema, encontrar informaci\u00f3n valiosa, sumarte a las peticiones y ser parte del cambio.<\/p>\n\n\n\n<div class=\"wp-block-columns are-vertically-aligned-center block is-layout-flex wp-container-core-columns-is-layout-9d6595d7 wp-block-columns-is-layout-flex\">\n<div class=\"wp-block-column is-vertically-aligned-center is-layout-flow wp-block-column-is-layout-flow\" style=\"flex-basis:200px\">\n<div id=\"https:\/\/www.greenpeace.org\/colombia\/campanas\/bosques\" class=\"wp-block-group group-stretched-link is-layout-flow wp-block-group-is-layout-flow\">\n<figure class=\"wp-block-image aligncenter size-full is-resized mb-0 force-no-lightbox force-no-caption is-style-rounded-90\"><a href=\"https:\/\/www.greenpeace.org\/colombia\/campanas\/bosques\"><img loading=\"lazy\" decoding=\"async\" width=\"1024\" height=\"1024\" src=\"https:\/\/www.greenpeace.org\/static\/planet4-colombia-stateless\/2023\/07\/e84efe46-bosques.png\" alt=\"\" class=\"wp-image-9999\" style=\"\" srcset=\"https:\/\/www.greenpeace.org\/static\/planet4-colombia-stateless\/2023\/07\/e84efe46-bosques.png 1024w, https:\/\/www.greenpeace.org\/static\/planet4-colombia-stateless\/2023\/07\/e84efe46-bosques-300x300.png 300w, https:\/\/www.greenpeace.org\/static\/planet4-colombia-stateless\/2023\/07\/e84efe46-bosques-150x150.png 150w, https:\/\/www.greenpeace.org\/static\/planet4-colombia-stateless\/2023\/07\/e84efe46-bosques-768x768.png 768w, https:\/\/www.greenpeace.org\/static\/planet4-colombia-stateless\/2023\/07\/e84efe46-bosques-340x340.png 340w\" sizes=\"auto, (max-width: 1024px) 100vw, 1024px\" \/><\/a><\/figure>\n\n\n\n<div style=\"height:20px\" aria-hidden=\"true\" class=\"wp-block-spacer\"><\/div>\n\n\n\n<h3 class=\"wp-block-heading has-text-align-center\" style=\"font-size:1.2rem\"><a href=\"https:\/\/www.greenpeace.org\/colombia\/campanas\/bosques\">Bosques<\/a><\/h3>\n\n\n\n<div style=\"height:16px\" aria-hidden=\"true\" class=\"wp-block-spacer\"><\/div>\n<\/div>\n<\/div>\n\n\n\n<div class=\"wp-block-column is-vertically-aligned-center is-layout-flow wp-block-column-is-layout-flow\" style=\"flex-basis:200px\">\n<div id=\"https:\/\/www.greenpeace.org\/colombia\/campanas\/clima-y-energia\" class=\"wp-block-group group-stretched-link is-layout-flow wp-block-group-is-layout-flow\">\n<figure class=\"wp-block-image aligncenter size-full is-resized mb-0 force-no-lightbox force-no-caption is-style-rounded-90\"><a href=\"https:\/\/www.greenpeace.org\/colombia\/campanas\/clima-y-energia\"><img loading=\"lazy\" decoding=\"async\" width=\"1024\" height=\"1024\" src=\"https:\/\/www.greenpeace.org\/static\/planet4-colombia-stateless\/2023\/07\/61c5221e-clima-y-energia.png\" alt=\"\" class=\"wp-image-10000\" style=\"\" srcset=\"https:\/\/www.greenpeace.org\/static\/planet4-colombia-stateless\/2023\/07\/61c5221e-clima-y-energia.png 1024w, https:\/\/www.greenpeace.org\/static\/planet4-colombia-stateless\/2023\/07\/61c5221e-clima-y-energia-300x300.png 300w, https:\/\/www.greenpeace.org\/static\/planet4-colombia-stateless\/2023\/07\/61c5221e-clima-y-energia-150x150.png 150w, https:\/\/www.greenpeace.org\/static\/planet4-colombia-stateless\/2023\/07\/61c5221e-clima-y-energia-768x768.png 768w, https:\/\/www.greenpeace.org\/static\/planet4-colombia-stateless\/2023\/07\/61c5221e-clima-y-energia-340x340.png 340w\" sizes=\"auto, (max-width: 1024px) 100vw, 1024px\" \/><\/a><\/figure>\n\n\n\n<div style=\"height:20px\" aria-hidden=\"true\" class=\"wp-block-spacer\"><\/div>\n\n\n\n<h3 class=\"wp-block-heading has-text-align-center\" style=\"font-size:1.2rem\"><a href=\"https:\/\/www.greenpeace.org\/colombia\/campanas\/clima-y-energia\">Clima y energ\u00eda<\/a><\/h3>\n\n\n\n<div style=\"height:16px\" aria-hidden=\"true\" class=\"wp-block-spacer\"><\/div>\n<\/div>\n<\/div>\n\n\n\n<div class=\"wp-block-column is-vertically-aligned-center is-layout-flow wp-block-column-is-layout-flow\" style=\"flex-basis:200px\">\n<div id=\"https:\/\/www.greenpeace.org\/colombia\/campanas\/oceanos\" class=\"wp-block-group group-stretched-link is-layout-flow wp-block-group-is-layout-flow\">\n<figure class=\"wp-block-image aligncenter size-full is-resized mb-0 force-no-lightbox force-no-caption is-style-rounded-90\"><a href=\"greenpeace.org\/colombia\/campanas\/oceanos\"><img loading=\"lazy\" decoding=\"async\" width=\"1024\" height=\"1024\" src=\"https:\/\/www.greenpeace.org\/static\/planet4-colombia-stateless\/2023\/07\/457ac6a5-oceanos.png\" alt=\"\" class=\"wp-image-10002\" style=\"\" srcset=\"https:\/\/www.greenpeace.org\/static\/planet4-colombia-stateless\/2023\/07\/457ac6a5-oceanos.png 1024w, https:\/\/www.greenpeace.org\/static\/planet4-colombia-stateless\/2023\/07\/457ac6a5-oceanos-300x300.png 300w, https:\/\/www.greenpeace.org\/static\/planet4-colombia-stateless\/2023\/07\/457ac6a5-oceanos-150x150.png 150w, https:\/\/www.greenpeace.org\/static\/planet4-colombia-stateless\/2023\/07\/457ac6a5-oceanos-768x768.png 768w, https:\/\/www.greenpeace.org\/static\/planet4-colombia-stateless\/2023\/07\/457ac6a5-oceanos-340x340.png 340w\" sizes=\"auto, (max-width: 1024px) 100vw, 1024px\" \/><\/a><\/figure>\n\n\n\n<div style=\"height:20px\" aria-hidden=\"true\" class=\"wp-block-spacer\"><\/div>\n\n\n\n<h3 class=\"wp-block-heading has-text-align-center\" style=\"font-size:1.2rem\"><a href=\"http:\/\/greenpeace.org\/colombia\/campanas\/oceanos\">Oc\u00e9anos<\/a><\/h3>\n\n\n\n<div style=\"height:16px\" aria-hidden=\"true\" class=\"wp-block-spacer\"><\/div>\n<\/div>\n<\/div>\n\n\n\n<div class=\"wp-block-column is-vertically-aligned-center is-layout-flow wp-block-column-is-layout-flow\" style=\"flex-basis:230px\">\n<div id=\"https:\/\/www.greenpeace.org\/colombia\/campanas\/contaminacion\" class=\"wp-block-group group-stretched-link is-layout-flow wp-block-group-is-layout-flow\">\n<figure class=\"wp-block-image aligncenter size-full is-resized mb-0 force-no-lightbox force-no-caption is-style-rounded-90\"><a href=\"greenpeace.org\/colombia\/campanas\/contaminacion\"><img loading=\"lazy\" decoding=\"async\" width=\"1024\" height=\"1024\" src=\"https:\/\/www.greenpeace.org\/static\/planet4-colombia-stateless\/2023\/07\/95132eba-contaminca.png\" alt=\"\" class=\"wp-image-10001\" style=\"\" srcset=\"https:\/\/www.greenpeace.org\/static\/planet4-colombia-stateless\/2023\/07\/95132eba-contaminca.png 1024w, https:\/\/www.greenpeace.org\/static\/planet4-colombia-stateless\/2023\/07\/95132eba-contaminca-300x300.png 300w, https:\/\/www.greenpeace.org\/static\/planet4-colombia-stateless\/2023\/07\/95132eba-contaminca-150x150.png 150w, https:\/\/www.greenpeace.org\/static\/planet4-colombia-stateless\/2023\/07\/95132eba-contaminca-768x768.png 768w, https:\/\/www.greenpeace.org\/static\/planet4-colombia-stateless\/2023\/07\/95132eba-contaminca-340x340.png 340w\" sizes=\"auto, (max-width: 1024px) 100vw, 1024px\" \/><\/a><\/figure>\n\n\n\n<div style=\"height:20px\" aria-hidden=\"true\" class=\"wp-block-spacer\"><\/div>\n\n\n\n<h3 class=\"wp-block-heading has-text-align-center\" style=\"font-size:1.2rem\"><a href=\"http:\/\/greenpeace.org\/colombia\/campanas\/contaminacion\">Contaminaci\u00f3n<\/a><\/h3>\n\n\n\n<div style=\"height:16px\" aria-hidden=\"true\" class=\"wp-block-spacer\"><\/div>\n<\/div>\n<\/div>\n\n\n\n<div class=\"wp-block-column is-vertically-aligned-center is-layout-flow wp-block-column-is-layout-flow\" style=\"flex-basis:230px\">\n<div id=\"https:\/\/www.greenpeace.org\/colombia\/campanas\/contaminacion\" class=\"wp-block-group group-stretched-link is-layout-flow wp-block-group-is-layout-flow\">\n<figure class=\"wp-block-image aligncenter size-large is-resized mb-0 force-no-lightbox force-no-caption is-style-rounded-90\"><a href=\"greenpeace.org\/colombia\/campanas\/sustentabilidad\"><img loading=\"lazy\" decoding=\"async\" width=\"1024\" height=\"1024\" src=\"https:\/\/www.greenpeace.org\/static\/planet4-colombia-stateless\/2023\/08\/5381c73e-22_sustainable_finance-1-1024x1024.png\" alt=\"\" class=\"wp-image-10174\" style=\"\" srcset=\"https:\/\/www.greenpeace.org\/static\/planet4-colombia-stateless\/2023\/08\/5381c73e-22_sustainable_finance-1-1024x1024.png 1024w, https:\/\/www.greenpeace.org\/static\/planet4-colombia-stateless\/2023\/08\/5381c73e-22_sustainable_finance-1-300x300.png 300w, https:\/\/www.greenpeace.org\/static\/planet4-colombia-stateless\/2023\/08\/5381c73e-22_sustainable_finance-1-150x150.png 150w, https:\/\/www.greenpeace.org\/static\/planet4-colombia-stateless\/2023\/08\/5381c73e-22_sustainable_finance-1-768x769.png 768w, https:\/\/www.greenpeace.org\/static\/planet4-colombia-stateless\/2023\/08\/5381c73e-22_sustainable_finance-1-340x340.png 340w, https:\/\/www.greenpeace.org\/static\/planet4-colombia-stateless\/2023\/08\/5381c73e-22_sustainable_finance-1.png 1250w\" sizes=\"auto, (max-width: 1024px) 100vw, 1024px\" \/><\/a><\/figure>\n\n\n\n<div style=\"height:20px\" aria-hidden=\"true\" class=\"wp-block-spacer\"><\/div>\n\n\n\n<h3 class=\"wp-block-heading has-text-align-center\" style=\"font-size:1.2rem\"><a href=\"http:\/\/greenpeace.org\/colombia\/campanas\/sustentabilidad\">Sustentabilidad<\/a><\/h3>\n\n\n\n<div style=\"height:16px\" aria-hidden=\"true\" class=\"wp-block-spacer\"><\/div>\n<\/div>\n<\/div>\n<\/div>\n\n\n\n<div class=\"wp-block-buttons is-content-justification-center is-layout-flex wp-container-core-buttons-is-layout-16018d1d wp-block-buttons-is-layout-flex\">\n<div class=\"wp-block-button\" id=\"https:\/\/www.greenpeace.org\/colombia\/campanas\"><a class=\"wp-block-button__link has-text-align-center wp-element-button\" href=\"https:\/\/www.greenpeace.org\/colombia\/campanas\/\">Conoce nuestras campa\u00f1as y participa<\/a><\/div>\n<\/div>\n\n\n\n\n<div style=\"height:20px\" aria-hidden=\"true\" class=\"wp-block-spacer\"><\/div>\n<\/div>\n","protected":false},"excerpt":{"rendered":"<p>Participa \u00a1T\u00fa puedes hacer mucho!<\/p>\n","protected":false},"author":53,"featured_media":12209,"parent":0,"menu_order":0,"comment_status":"closed","ping_status":"closed","template":"","meta":{"ep_exclude_from_search":false,"p4_hide_page_title_checkbox":"on","p4_title":"","p4_subtitle":"","p4_description":"","background_image_id":"","background_image":"","p4_button_title":"","p4_button_link":"","p4_button_link_checkbox":"","p4_og_title":"Participa \u00a1T\u00fa puedes hacer mucho!","p4_og_description":"Desde tu hogar, desde la calle, en grupo, en la escuela, en la universidad, con Internet, puedes ser parte activa de nuestros reclamos y acciones.","p4_og_image":"","p4_og_image_id":"","p4_seo_canonical_url":"","p4_campaign_name":"not set","p4_local_project":"not set","p4_basket_name":"not set","p4_department":"","footnotes":""},"categories":[37],"tags":[],"class_list":["post-10058","page","type-page","status-publish","has-post-thumbnail","hentry","category-greenpeace"],"_links":{"self":[{"href":"https:\/\/www.greenpeace.org\/colombia\/wp-json\/wp\/v2\/pages\/10058","targetHints":{"allow":["GET"]}}],"collection":[{"href":"https:\/\/www.greenpeace.org\/colombia\/wp-json\/wp\/v2\/pages"}],"about":[{"href":"https:\/\/www.greenpeace.org\/colombia\/wp-json\/wp\/v2\/types\/page"}],"author":[{"embeddable":true,"href":"https:\/\/www.greenpeace.org\/colombia\/wp-json\/wp\/v2\/users\/53"}],"replies":[{"embeddable":true,"href":"https:\/\/www.greenpeace.org\/colombia\/wp-json\/wp\/v2\/comments?post=10058"}],"version-history":[{"count":19,"href":"https:\/\/www.greenpeace.org\/colombia\/wp-json\/wp\/v2\/pages\/10058\/revisions"}],"predecessor-version":[{"id":14507,"href":"https:\/\/www.greenpeace.org\/colombia\/wp-json\/wp\/v2\/pages\/10058\/revisions\/14507"}],"wp:featuredmedia":[{"embeddable":true,"href":"https:\/\/www.greenpeace.org\/colombia\/wp-json\/wp\/v2\/media\/12209"}],"wp:attachment":[{"href":"https:\/\/www.greenpeace.org\/colombia\/wp-json\/wp\/v2\/media?parent=10058"}],"wp:term":[{"taxonomy":"category","embeddable":true,"href":"https:\/\/www.greenpeace.org\/colombia\/wp-json\/wp\/v2\/categories?post=10058"},{"taxonomy":"post_tag","embeddable":true,"href":"https:\/\/www.greenpeace.org\/colombia\/wp-json\/wp\/v2\/tags?post=10058"}],"curies":[{"name":"wp","href":"https:\/\/api.w.org\/{rel}","templated":true}]}}