{"id":10122,"date":"2023-07-28T13:02:35","date_gmt":"2023-07-28T13:02:35","guid":{"rendered":"https:\/\/www.greenpeace.org\/colombia\/?page_id=10122"},"modified":"2025-07-02T07:23:29","modified_gmt":"2025-07-02T07:23:29","slug":"asociate","status":"publish","type":"page","link":"https:\/\/www.greenpeace.org\/colombia\/asociate\/","title":{"rendered":"As\u00f3ciate"},"content":{"rendered":"\n<div class=\"wp-block-media-text alignfull has-media-on-the-right is-stacked-on-mobile is-pattern-p4-page-header\"><div class=\"wp-block-media-text__content\">\n<div class=\"wp-block-group is-layout-flow wp-block-group-is-layout-flow\">\n<h1 class=\"wp-block-heading has-blue-green-800-color has-white-background-color has-text-color has-background\">As\u00f3ciate<\/h1>\n<\/div>\n\n\n\n<p style=\"font-size:1.25rem\">Tu apoyo es el motor de nuestras campa\u00f1as<\/p>\n\n\n\n<p>Ay\u00fadanos a seguir protegiendo el medio ambiente.<\/p>\n\n\n\n<div class=\"wp-block-buttons is-layout-flex wp-block-buttons-is-layout-flex\">\n<div class=\"wp-block-button is-style-cta\"><a class=\"wp-block-button__link wp-element-button\" href=\"https:\/\/unete.greenpeace.co\/cupon_general\/?ref=web-involucrate-socios-link&amp;_ga=2.194718442.61632808.1690547140-741109412.1690547140\" target=\"_blank\" rel=\"noreferrer noopener\">HAZTE SOCIO AHORA  <\/a><\/div>\n<\/div>\n<\/div><figure class=\"wp-block-media-text__media\"><img loading=\"lazy\" decoding=\"async\" width=\"1024\" height=\"683\" src=\"https:\/\/www.greenpeace.org\/static\/planet4-colombia-stateless\/2024\/09\/c6e008f0-ley-de-asbesto-4-1024x683.jpg\" alt=\"\" sizes=\"auto, (min-width: 601px) 50vw, 100vw\" srcset=\"https:\/\/www.greenpeace.org\/static\/planet4-colombia-stateless\/2024\/09\/c6e008f0-ley-de-asbesto-4-scaled.jpg 2560w, https:\/\/www.greenpeace.org\/static\/planet4-colombia-stateless\/2024\/09\/c6e008f0-ley-de-asbesto-4-300x200.jpg 300w, https:\/\/www.greenpeace.org\/static\/planet4-colombia-stateless\/2024\/09\/c6e008f0-ley-de-asbesto-4-1024x683.jpg 1024w, https:\/\/www.greenpeace.org\/static\/planet4-colombia-stateless\/2024\/09\/c6e008f0-ley-de-asbesto-4-768x513.jpg 768w, https:\/\/www.greenpeace.org\/static\/planet4-colombia-stateless\/2024\/09\/c6e008f0-ley-de-asbesto-4-1536x1025.jpg 1536w, https:\/\/www.greenpeace.org\/static\/planet4-colombia-stateless\/2024\/09\/c6e008f0-ley-de-asbesto-4-2048x1366.jpg 2048w, https:\/\/www.greenpeace.org\/static\/planet4-colombia-stateless\/2024\/09\/c6e008f0-ley-de-asbesto-4-510x340.jpg 510w\" class=\"wp-image-13032 size-full\"\/><\/figure><\/div>\n\n<p><span style=\"font-weight: 400;\">Nuestros socios y socias son personas que decidieron actuar y apoyar econ\u00f3micamente nuestras campa\u00f1as a favor de la protecci\u00f3n del planeta donde vivimos. Son quienes permiten financiar el trabajo que realizamos y gracias a ellas podemos contar con independencia pol\u00edtica y econ\u00f3mica para denunciar con total libertad a cualquiera que atente contra el medio ambiente. <strong>Nos apoyan m<\/strong><\/span><b>\u00e1s de 3 millones de socios en todo el mundo.<\/b><\/p>\n\n<p>Greenpeace Colombia est\u00e1 registrada como Entidad sin \u00c1nimo de Lucro desde el 5 de septiembre de 2011 en la C\u00e1mara de Comercio de Bogot\u00e1 bajo el n\u00famero de Inscripci\u00f3n S0040167.<\/p>\n\n<h2 class=\"wp-block-heading\"><\/h2>\n\n<section class=\"block accordion-block wp-block-planet4-blocks-accordion\"><header><h2 class=\"page-section-header\">Preguntas frecuentes<\/h2><\/header><div class=\"accordion-content\"><div class=\"accordion-headline\" name=\"\u00bfQu\u00e9 requisitos debo cumplir para asociarme?\">\u00bfQu\u00e9 requisitos debo cumplir para asociarme?<\/div><div class=\"panel panel-hidden\"><p class=\"accordion-text\">Pueden asociarse personas individuales (no empresa, ni grupo, ni partido pol\u00edtico ni instituci\u00f3n) mayores de edad y residentes en Colombia. Cada socio o socia puede, a su vez, asociar amistades, familiares (incluso menores de edad) y mascotas.<\/p><\/div><\/div><div class=\"accordion-content\"><div class=\"accordion-headline\" name=\"\u00bfC\u00f3mo me puedo asociar a Greenpeace?\">\u00bfC\u00f3mo me puedo asociar a Greenpeace?<\/div><div class=\"panel panel-hidden\"><p class=\"accordion-text\"><strong>De manera online completando este\u00a0<a rel=\"noreferrer noopener\" href=\"https:\/\/unete.greenpeace.co\/cupon_general\/?ref=web-involucrate-socios-link&amp;_ga=2.194718442.61632808.1690547140-741109412.1690547140\" target=\"_blank\">sencillo formulario<\/a><\/strong>.<br>Ingresa tus datos personales y luego elige la cantidad que deseas aportar en base a las opciones que aparecen. La forma de colaborar es mediante tarjeta de cr\u00e9dito (el aporte se realiza a trav\u00e9s de un d\u00e9bito autom\u00e1tico mensual).\u00a0Selecciona la tarjeta y escribe el n\u00famero correspondiente junto con su fecha de vencimiento y n\u00famero de tu c\u00e9dula de ciudadan\u00eda. Una vez completados todos los campos presiona el bot\u00f3n que dice \u201c\u00a1Reacciona ahora!\u201d.<\/p><a class=\"btn btn-secondary accordion-btn\" href=\"https:\/\/unete.greenpeace.co\/cupon_general\/?ref=web-involucrate-socios-link&amp;_ga=2.194718442.61632808.1690547140-741109412.1690547140\" target=\"_blank\" rel=\"noopener noreferrer\">Formulario <\/a><\/div><\/div><div class=\"accordion-content\"><div class=\"accordion-headline\" name=\"\u00bfD\u00f3nde quedan mis datos?\">\u00bfD\u00f3nde quedan mis datos?<\/div><div class=\"panel panel-hidden\"><p class=\"accordion-text\">Tus datos estar\u00e1n seguros porque se transmiten de manera encriptada. Nuestro formulario de asociaci\u00f3n y donaciones utiliza el sistema Secure Server Software (SSL). Esta es la norma industrial para garantizar transacciones financieras sin riesgo. Este dispositivo codifica absolutamente toda la informaci\u00f3n personal, incluidos los datos bancarios, y solicitados, a fin de que no pueda ser le\u00edda durante su trayecto cibern\u00e9tico.\u00a0<br>Cuando una p\u00e1gina es segura, como es el caso de nuestro formulario, aparece cerrado el \u00edcono del candado o una llave entera que muestran navegadores de Internet.\u00a0<\/p><a class=\"btn btn-secondary accordion-btn\" href=\"https:\/\/www.greenpeace.org\/colombia\/politica-privacidad\/\" target=\"_blank\" rel=\"noopener noreferrer\">Pol\u00edtica de privacidad<\/a><\/div><\/div><div class=\"accordion-content\"><div class=\"accordion-headline\" name=\"\u00bfPuedo asociarme si no poseo tarjeta de cr\u00e9dito? \u00bfC\u00f3mo hago para aportar en ese caso?\">\u00bfPuedo asociarme si no poseo tarjeta de cr\u00e9dito? \u00bfC\u00f3mo hago para aportar en ese caso?<\/div><div class=\"panel panel-hidden\"><p class=\"accordion-text\">S\u00ed.\u00a0Escr\u00edbenos a\u00a0<a href=\"mailto:ciberactivistas@infogreenpeace.org\">ciberactivistas@infogreenpeace.org<\/a>\u00a0y te explicaremos c\u00f3mo proceder.<\/p><\/div><\/div><div class=\"accordion-content\"><div class=\"accordion-headline\" name=\"\u00bfLas colaboraciones son mensuales? \u00bfPuedo aportar s\u00f3lo por una \u00fanica vez? \u00bfPuedo elegir el monto?\">\u00bfLas colaboraciones son mensuales? \u00bfPuedo aportar s\u00f3lo por una \u00fanica vez? \u00bfPuedo elegir el monto?<\/div><div class=\"panel panel-hidden\"><p class=\"accordion-text\">Siempre preferimos tener muchos socios y socias que realicen peque\u00f1as colaboraciones recurrentes que depender de muy pocos que aporten mucho, por lo cual solo aceptamos donaciones mensuales.<br>Tenemos un monto m\u00ednimo sugerido, pero es posible aportar un valor menor seleccionando la opci\u00f3n \u201cOtra cantidad\u201d en el\u00a0<strong><a rel=\"noreferrer noopener\" href=\"https:\/\/unete.greenpeace.co\/cupon_general\/?ref=web-involucrate-socios-link\" target=\"_blank\">formulario online<\/a><\/strong>.<\/p><a class=\"btn btn-secondary accordion-btn\" href=\"https:\/\/unete.greenpeace.co\/cupon_general\/?ref=web-involucrate-socios-link\" target=\"_blank\" rel=\"noopener noreferrer\">Formulario<\/a><\/div><\/div><div class=\"accordion-content\"><div class=\"accordion-headline\" name=\"\u00bfD\u00f3nde puedo ver el uso que se le da a los aportes?\">\u00bfD\u00f3nde puedo ver el uso que se le da a los aportes?<\/div><div class=\"panel panel-hidden\"><p class=\"accordion-text\">Nuestros libros contables son auditados cada a\u00f1o. Publicamos una rendici\u00f3n anual de los gastos para asegurar el uso transparente de los fondos que aportan los socios.\u00a0Nuestros balances son p\u00fablicos.<br><a rel=\"noreferrer noopener\" href=\"https:\/\/www.greenpeace.org\/static\/planet4-colombia-stateless\/2022\/07\/1299dd89-reporte_anual_colombia21final.pdf\" target=\"_blank\"><strong>Reporte anual 2021<\/strong><\/a>.<br><a rel=\"noreferrer noopener\" href=\"https:\/\/www.greenpeace.org\/static\/planet4-colombia-stateless\/2021\/11\/46834217-eeff-2020-2019-greenpeace-asamblea_-colombia.pdf\" target=\"_blank\"><strong>A\u00f1o 2020<\/strong><\/a><br><strong><a rel=\"noreferrer noopener\" href=\"http:\/\/greenpeace.co\/balances\/NOTAS%20EEFF%202019-2018%20%20GREENPEACE-COLOMBIA.pdf\" target=\"_blank\">A\u00f1o 2019<\/a><\/strong><br><strong><a rel=\"noreferrer noopener\" href=\"https:\/\/greenpeace.org.ar\/balances\/Balances%20Colombia%202012-2018.rar\" target=\"_blank\">Mira los reportes anteriores.<\/a><\/strong><\/p><\/div><\/div><\/section>\n\n<div class=\"wp-block-media-text is-stacked-on-mobile has-beige-100-background-color has-background\"><figure class=\"wp-block-media-text__media\"><img decoding=\"async\" src=\"https:\/\/www.greenpeace.org\/static\/planet4-chile-stateless\/2024\/06\/4a2f57bb-gp1sxex6_medium-res-with-credit-line-1200px-1024x683.jpg\" alt=\"\" sizes=\"(min-width: 1600px) calc((1320px - 24px) \/ 2),(min-width: 1200px) calc((1140px - 24px) \/ 2),(min-width: 992px) calc((960px - 24px) \/ 2),(min-width: 768px) calc((720px - 24px) \/ 2),(min-width: 601px) calc((540px - 24px) \/ 2),(min-width: 577px) calc((540px - 24px) \/ 1), calc(100vw - 24px)\" srcset=\"\" class=\"wp-image-12542 size-full\"\/><\/figure><div class=\"wp-block-media-text__content\">\n<h2 class=\"wp-block-heading\">Captadores de di\u00e1logo directo<\/h2>\n\n\n\n<p>Tambi\u00e9n puedes unirte a nosotros a trav\u00e9s de los captadores de di\u00e1logo directo.<\/p>\n\n\n\n<div class=\"wp-block-buttons is-layout-flex wp-block-buttons-is-layout-flex\">\n<div class=\"wp-block-button\"><a class=\"wp-block-button__link wp-element-button\" href=\"https:\/\/www.greenpeace.org\/colombia\/dialogo-directo\/\">Conoce m\u00e1s<\/a><\/div>\n<\/div>\n<\/div><\/div>\n\n<div style=\"height:20px\" aria-hidden=\"true\" class=\"wp-block-spacer\"><\/div>\n\n<h2 class=\"wp-block-heading is-style-default\">En cada una de nuestras campa\u00f1as los recursos se destinan de la siguiente manera:<\/h2>\n\n<div class=\"wp-block-media-text alignwide is-stacked-on-mobile has-action-yellow-background-color has-background\" style=\"grid-template-columns:60% auto\"><figure class=\"wp-block-media-text__media\"><img decoding=\"async\" src=\"https:\/\/www.greenpeace.org\/static\/planet4-argentina-stateless\/2023\/07\/b688911f-gpa-toma-de-muestras-placton-witness-credito-osvaldo-tesoro-greenpeace-22-1024x684.jpg\" alt=\"\" sizes=\"(min-width: 1600px) calc((1320px - 24px) \/ 1.6667),(min-width: 1200px) calc((1140px - 24px) \/ 1.6667),(min-width: 992px) calc((960px - 24px) \/ 1.6667),(min-width: 768px) calc((720px - 24px) \/ 1.6667),(min-width: 601px) calc((540px - 24px) \/ 1.6667),(min-width: 577px) calc((540px - 24px) \/ 1), calc(100vw - 24px)\" srcset=\"\" class=\"wp-image-20510 size-full\"\/><\/figure><div class=\"wp-block-media-text__content\">\n<p style=\"font-style:normal;font-weight:600\">\u2022&nbsp;Investigaci\u00f3n<\/p>\n\n\n\n<p style=\"font-style:normal;font-weight:600\"><br>\u2022&nbsp;Elaboraci\u00f3n de documentos<\/p>\n\n\n\n<p style=\"font-style:normal;font-weight:600\"><br>\u2022&nbsp;Generaci\u00f3n de propuestas de soluci\u00f3n<\/p>\n<\/div><\/div>\n\n<div class=\"wp-block-media-text alignwide has-media-on-the-right is-stacked-on-mobile has-green-400-background-color has-background\" style=\"grid-template-columns:auto 60%\"><div class=\"wp-block-media-text__content\">\n<p style=\"font-style:normal;font-weight:700\"><br>\u2022&nbsp;Denuncia de las problem\u00e1ticas ambientales<\/p>\n\n\n\n<p style=\"font-style:normal;font-weight:700\"><br>\u2022&nbsp;Trabajo con diversos actores sociales -tomadores de decisiones, legisladores, comunidades, organizaciones, acad\u00e9micos, entre muchos otros<\/p>\n<\/div><figure class=\"wp-block-media-text__media\"><img decoding=\"async\" src=\"https:\/\/www.greenpeace.org\/static\/planet4-argentina-stateless\/2019\/10\/29fe2c30-gp0sttppc_web_size.jpg\" alt=\"Barco Esperanza con activistas a bordo\" sizes=\"(min-width: 1600px) calc((1320px - 24px) \/ 1.6667),(min-width: 1200px) calc((1140px - 24px) \/ 1.6667),(min-width: 992px) calc((960px - 24px) \/ 1.6667),(min-width: 768px) calc((720px - 24px) \/ 1.6667),(min-width: 601px) calc((540px - 24px) \/ 1.6667),(min-width: 577px) calc((540px - 24px) \/ 1), calc(100vw - 24px)\" srcset=\"\" class=\"wp-image-2764 size-full\"\/><\/figure><\/div>\n\n<div class=\"wp-block-media-text alignwide is-stacked-on-mobile has-action-yellow-background-color has-background\" style=\"grid-template-columns:60% auto\"><figure class=\"wp-block-media-text__media\"><img loading=\"lazy\" decoding=\"async\" width=\"1024\" height=\"684\" src=\"https:\/\/www.greenpeace.org\/static\/planet4-colombia-stateless\/2023\/05\/5a8c425c-gp0sts97x-\u00a9-martin-katz-greenpeace-1-1024x684.jpg\" alt=\"\" sizes=\"auto, (min-width: 1600px) calc((1320px - 24px) \/ 1.6667),(min-width: 1200px) calc((1140px - 24px) \/ 1.6667),(min-width: 992px) calc((960px - 24px) \/ 1.6667),(min-width: 768px) calc((720px - 24px) \/ 1.6667),(min-width: 601px) calc((540px - 24px) \/ 1.6667),(min-width: 577px) calc((540px - 24px) \/ 1), calc(100vw - 24px)\" srcset=\"https:\/\/www.greenpeace.org\/static\/planet4-colombia-stateless\/2023\/05\/5a8c425c-gp0sts97x-\u00a9-martin-katz-greenpeace-1.jpg 2500w, https:\/\/www.greenpeace.org\/static\/planet4-colombia-stateless\/2023\/05\/5a8c425c-gp0sts97x-\u00a9-martin-katz-greenpeace-1-300x200.jpg 300w, https:\/\/www.greenpeace.org\/static\/planet4-colombia-stateless\/2023\/05\/5a8c425c-gp0sts97x-\u00a9-martin-katz-greenpeace-1-1024x684.jpg 1024w, https:\/\/www.greenpeace.org\/static\/planet4-colombia-stateless\/2023\/05\/5a8c425c-gp0sts97x-\u00a9-martin-katz-greenpeace-1-768x513.jpg 768w, https:\/\/www.greenpeace.org\/static\/planet4-colombia-stateless\/2023\/05\/5a8c425c-gp0sts97x-\u00a9-martin-katz-greenpeace-1-1536x1025.jpg 1536w, https:\/\/www.greenpeace.org\/static\/planet4-colombia-stateless\/2023\/05\/5a8c425c-gp0sts97x-\u00a9-martin-katz-greenpeace-1-2048x1367.jpg 2048w, https:\/\/www.greenpeace.org\/static\/planet4-colombia-stateless\/2023\/05\/5a8c425c-gp0sts97x-\u00a9-martin-katz-greenpeace-1-2046x1366.jpg 2046w, https:\/\/www.greenpeace.org\/static\/planet4-colombia-stateless\/2023\/05\/5a8c425c-gp0sts97x-\u00a9-martin-katz-greenpeace-1-510x340.jpg 510w\" class=\"wp-image-7380 size-full\"\/><\/figure><div class=\"wp-block-media-text__content\">\n<p style=\"font-style:normal;font-weight:700\">\u2022&nbsp;Ir directamente al lugar de los hechos y dar testimonio de primera mano<\/p>\n\n\n\n<p style=\"font-style:normal;font-weight:700\"><br>\u2022&nbsp;Exponer p\u00fablicamente -mediante una variada gama de herramientas que incluye nuestras acciones- el tema en el cual estamos trabajando<\/p>\n\n\n\n<p style=\"font-style:normal;font-weight:700\"><br>\u2022&nbsp;Desarrollo de mecanismos de participaci\u00f3n ciudadana, entre muchas otras actividades<\/p>\n<\/div><\/div>\n\n<div style=\"height:60px\" aria-hidden=\"true\" class=\"wp-block-spacer\"><\/div>\n\n<p>Vale la pena se\u00f1alar que hay una porci\u00f3n importante del trabajo que realizamos cotidianamente que no es remunerada:&nbsp;<strong>se trata del trabajo voluntario<\/strong>&nbsp;de decenas de personas que hacen traducciones, participan en nuestras demostraciones directas no violentas, reparten materiales, desarrollan actividades de oficina, entre muchas otras tareas. Su aporte es esencial para nuestra organizaci\u00f3n.&nbsp;<a href=\"https:\/\/www.greenpeace.org\/colombia\/tag\/voluntarios\/\" target=\"_blank\" rel=\"noreferrer noopener\">Conoce m\u00e1s.<\/a><\/p>\n","protected":false},"excerpt":{"rendered":"<p>Tu apoyo es el motor de nuestras campa\u00f1as.<\/p>\n","protected":false},"author":53,"featured_media":13032,"parent":0,"menu_order":0,"comment_status":"closed","ping_status":"closed","template":"","meta":{"ep_exclude_from_search":false,"p4_hide_page_title_checkbox":"on","p4_title":"","p4_subtitle":"","p4_description":"","background_image_id":"","background_image":"","p4_button_title":"","p4_button_link":"","p4_button_link_checkbox":"","p4_og_title":"","p4_og_description":"","p4_og_image":"","p4_og_image_id":"","p4_seo_canonical_url":"","p4_campaign_name":"","p4_local_project":"","p4_basket_name":"","p4_department":"","footnotes":""},"categories":[37],"tags":[27],"class_list":["post-10122","page","type-page","status-publish","has-post-thumbnail","hentry","category-greenpeace","tag-socios"],"_links":{"self":[{"href":"https:\/\/www.greenpeace.org\/colombia\/wp-json\/wp\/v2\/pages\/10122","targetHints":{"allow":["GET"]}}],"collection":[{"href":"https:\/\/www.greenpeace.org\/colombia\/wp-json\/wp\/v2\/pages"}],"about":[{"href":"https:\/\/www.greenpeace.org\/colombia\/wp-json\/wp\/v2\/types\/page"}],"author":[{"embeddable":true,"href":"https:\/\/www.greenpeace.org\/colombia\/wp-json\/wp\/v2\/users\/53"}],"replies":[{"embeddable":true,"href":"https:\/\/www.greenpeace.org\/colombia\/wp-json\/wp\/v2\/comments?post=10122"}],"version-history":[{"count":15,"href":"https:\/\/www.greenpeace.org\/colombia\/wp-json\/wp\/v2\/pages\/10122\/revisions"}],"predecessor-version":[{"id":15538,"href":"https:\/\/www.greenpeace.org\/colombia\/wp-json\/wp\/v2\/pages\/10122\/revisions\/15538"}],"wp:featuredmedia":[{"embeddable":true,"href":"https:\/\/www.greenpeace.org\/colombia\/wp-json\/wp\/v2\/media\/13032"}],"wp:attachment":[{"href":"https:\/\/www.greenpeace.org\/colombia\/wp-json\/wp\/v2\/media?parent=10122"}],"wp:term":[{"taxonomy":"category","embeddable":true,"href":"https:\/\/www.greenpeace.org\/colombia\/wp-json\/wp\/v2\/categories?post=10122"},{"taxonomy":"post_tag","embeddable":true,"href":"https:\/\/www.greenpeace.org\/colombia\/wp-json\/wp\/v2\/tags?post=10122"}],"curies":[{"name":"wp","href":"https:\/\/api.w.org\/{rel}","templated":true}]}}