{"id":10725,"date":"2023-10-23T14:16:22","date_gmt":"2023-10-23T14:16:22","guid":{"rendered":"https:\/\/www.greenpeace.org\/colombia\/?page_id=10725"},"modified":"2025-09-23T09:45:39","modified_gmt":"2025-09-23T09:45:39","slug":"consumo","status":"publish","type":"page","link":"https:\/\/www.greenpeace.org\/colombia\/consumo\/","title":{"rendered":"#Consumo"},"content":{"rendered":"\n    <div class=\"wp-block-query posts-list p4-query-loop is-custom-layout-list is-layout-flow wp-block-query-is-layout-flow\">\n        <div class=\"wp-block-group is-content-justification-space-between is-layout-flex wp-container-core-group-is-layout-3d213aab wp-block-group-is-layout-flex\"><h2 class=\"wp-block-heading\">Art\u00edculos y blogs relacionados<\/h2>\n        <li class=\" wp-block-navigation-item see-all-link wp-block-navigation-link\"><a class=\"wp-block-navigation-item__content\"  href=\"http:\/\/www.greenpeace.org\/colombia\/news-stories\/?tag=consumo\"><span class=\"wp-block-navigation-item__label\">See all stories<\/span><\/a><\/li>\n        \n        <\/div>\n        \n\n    <p style=\"margin-top: 24px; margin-bottom: 36px;\"><\/p>\n\n    \n\n    <ul class=\"wp-block-post-template is-layout-flow wp-block-post-template-is-layout-flow\"><li class=\"wp-block-post post-14674 post type-post status-publish format-standard has-post-thumbnail hentry category-sustentabilidad tag-consumo p4-page-type-noticia\">\n            \n<div class=\"wp-block-columns is-layout-flex wp-container-core-columns-is-layout-9d6595d7 wp-block-columns-is-layout-flex\"><figure class=\"wp-block-post-featured-image\"><a href=\"https:\/\/www.greenpeace.org\/colombia\/noticia\/campanas\/sustentabilidad\/dale-un-respiro-al-planeta-desde-tu-hogar-5-tips-para-decorar-la-casa-con-materiales-reciclables\/\" target=\"_self\"  ><img loading=\"lazy\" decoding=\"async\" width=\"2560\" height=\"1707\" src=\"https:\/\/www.greenpeace.org\/static\/planet4-colombia-stateless\/2024\/11\/f801b24d-gpco-feria-de-reciclaje-y-reutilizacion-bogota-scaled.jpg\" class=\"attachment-post-thumbnail size-post-thumbnail wp-post-image wp-stateless-item\" alt=\"Dale un respiro al planeta desde tu hogar: 5 Tips para decorar la\u00a0 casa con materiales reciclables\" style=\"object-fit:cover;\" srcset=\"https:\/\/www.greenpeace.org\/static\/planet4-colombia-stateless\/2024\/11\/f801b24d-gpco-feria-de-reciclaje-y-reutilizacion-bogota-scaled.jpg 2560w, https:\/\/www.greenpeace.org\/static\/planet4-colombia-stateless\/2024\/11\/f801b24d-gpco-feria-de-reciclaje-y-reutilizacion-bogota-300x200.jpg 300w, https:\/\/www.greenpeace.org\/static\/planet4-colombia-stateless\/2024\/11\/f801b24d-gpco-feria-de-reciclaje-y-reutilizacion-bogota-1024x683.jpg 1024w, https:\/\/www.greenpeace.org\/static\/planet4-colombia-stateless\/2024\/11\/f801b24d-gpco-feria-de-reciclaje-y-reutilizacion-bogota-768x512.jpg 768w, https:\/\/www.greenpeace.org\/static\/planet4-colombia-stateless\/2024\/11\/f801b24d-gpco-feria-de-reciclaje-y-reutilizacion-bogota-1536x1024.jpg 1536w, https:\/\/www.greenpeace.org\/static\/planet4-colombia-stateless\/2024\/11\/f801b24d-gpco-feria-de-reciclaje-y-reutilizacion-bogota-2048x1366.jpg 2048w, https:\/\/www.greenpeace.org\/static\/planet4-colombia-stateless\/2024\/11\/f801b24d-gpco-feria-de-reciclaje-y-reutilizacion-bogota-510x340.jpg 510w\" sizes=\"auto, (max-width: 2560px) 100vw, 2560px\" data-image-size=\"post-thumbnail\" data-stateless-media-bucket=\"planet4-colombia-stateless\" data-stateless-media-name=\"2024\/11\/f801b24d-gpco-feria-de-reciclaje-y-reutilizacion-bogota-scaled.jpg\" \/><\/a><\/figure>\n\n        <div class=\"wp-block-group is-layout-flow wp-block-group-is-layout-flow\">\n                <div class=\"wp-block-group is-layout-flex wp-block-group-is-layout-flex\"><div class=\"wp-block-post-terms\"><a href=\"https:\/\/www.greenpeace.org\/colombia\/category\/campanas\/sustentabilidad\/\">Sustentabilidad<\/a><\/div>\n                <div class=\"taxonomy-post_tag wp-block-post-terms\"><a href=\"https:\/\/www.greenpeace.org\/colombia\/tag\/consumo\/\" rel=\"tag\">Consumo<\/a><\/div>\n                \n                <\/div>\n                \n        <h3 class=\"wp-block-post-title\"><a href=\"https:\/\/www.greenpeace.org\/colombia\/noticia\/campanas\/sustentabilidad\/dale-un-respiro-al-planeta-desde-tu-hogar-5-tips-para-decorar-la-casa-con-materiales-reciclables\/\" target=\"_self\" >Dale un respiro al planeta desde tu hogar: 5 Tips para decorar la\u00a0 casa con materiales reciclables<\/a><\/h3>\n        <div class=\"wp-block-post-excerpt\"><p class=\"wp-block-post-excerpt__excerpt\">Aqu\u00ed te compartimos algunas ideas sencillas y creativas para darle nueva vida a materiales que ya tienes en casa: <\/p><\/div>\n        \n        <div class=\"wp-block-group posts-list-meta is-layout-flow wp-block-group-is-layout-flow\"><span class='article-list-item-author'><a href='https:\/\/www.greenpeace.org\/colombia\/author\/prensaco\/'>Prensa Colombia<\/a><\/span>\n        <div class=\"wp-block-post-date\"><time datetime=\"2025-05-16T16:19:18+00:00\">16 mayo 2025<\/time><\/div>\n        \n        <\/div>\n        <\/div>\n        <\/div>\n\n            <\/li><li class=\"wp-block-post post-14456 post type-post status-publish format-standard has-post-thumbnail hentry category-contaminacion tag-basta-de-basura tag-consumo p4-page-type-blog\">\n            \n<div class=\"wp-block-columns is-layout-flex wp-container-core-columns-is-layout-9d6595d7 wp-block-columns-is-layout-flex\"><figure class=\"wp-block-post-featured-image\"><a href=\"https:\/\/www.greenpeace.org\/colombia\/blog\/campanas\/contaminacion\/que-son-los-basureros-textiles-del-planeta-el-dano-de-la-moda-rapida-del-desierto-de-atacama-a-ghana\/\" target=\"_self\"  ><img loading=\"lazy\" decoding=\"async\" width=\"800\" height=\"533\" src=\"https:\/\/www.greenpeace.org\/static\/planet4-colombia-stateless\/2025\/04\/b8aec950-gp0styq8m_low-res-with-credit-line-800px.jpg\" class=\"attachment-post-thumbnail size-post-thumbnail wp-post-image wp-stateless-item\" alt=\"Qu\u00e9 son los basureros textiles del planeta: el da\u00f1o de la moda r\u00e1pida del Desierto de Atacama a Ghana\u00a0\" style=\"object-fit:cover;\" srcset=\"https:\/\/www.greenpeace.org\/static\/planet4-colombia-stateless\/2025\/04\/b8aec950-gp0styq8m_low-res-with-credit-line-800px.jpg 800w, https:\/\/www.greenpeace.org\/static\/planet4-colombia-stateless\/2025\/04\/b8aec950-gp0styq8m_low-res-with-credit-line-800px-300x200.jpg 300w, https:\/\/www.greenpeace.org\/static\/planet4-colombia-stateless\/2025\/04\/b8aec950-gp0styq8m_low-res-with-credit-line-800px-768x512.jpg 768w, https:\/\/www.greenpeace.org\/static\/planet4-colombia-stateless\/2025\/04\/b8aec950-gp0styq8m_low-res-with-credit-line-800px-510x340.jpg 510w\" sizes=\"auto, (max-width: 800px) 100vw, 800px\" data-image-size=\"post-thumbnail\" data-stateless-media-bucket=\"planet4-colombia-stateless\" data-stateless-media-name=\"2025\/04\/b8aec950-gp0styq8m_low-res-with-credit-line-800px.jpg\" \/><\/a><\/figure>\n\n        <div class=\"wp-block-group is-layout-flow wp-block-group-is-layout-flow\">\n                <div class=\"wp-block-group is-layout-flex wp-block-group-is-layout-flex\"><div class=\"wp-block-post-terms\"><a href=\"https:\/\/www.greenpeace.org\/colombia\/category\/campanas\/contaminacion\/\">Contaminaci\u00f3n<\/a><\/div>\n                <div class=\"taxonomy-post_tag wp-block-post-terms\"><a href=\"https:\/\/www.greenpeace.org\/colombia\/tag\/basta-de-basura\/\" rel=\"tag\">Basta de Basura<\/a><span class=\"wp-block-post-terms__separator\"> <\/span><a href=\"https:\/\/www.greenpeace.org\/colombia\/tag\/consumo\/\" rel=\"tag\">Consumo<\/a><\/div>\n                \n                <\/div>\n                \n        <h3 class=\"wp-block-post-title\"><a href=\"https:\/\/www.greenpeace.org\/colombia\/blog\/campanas\/contaminacion\/que-son-los-basureros-textiles-del-planeta-el-dano-de-la-moda-rapida-del-desierto-de-atacama-a-ghana\/\" target=\"_self\" >Qu\u00e9 son los basureros textiles del planeta: el da\u00f1o de la moda r\u00e1pida del Desierto de Atacama a Ghana\u00a0<\/a><\/h3>\n        <div class=\"wp-block-post-excerpt\"><p class=\"wp-block-post-excerpt__excerpt\">Te mostramos el destino final de la ropa. <\/p><\/div>\n        \n        <div class=\"wp-block-group posts-list-meta is-layout-flow wp-block-group-is-layout-flow\"><span class='article-list-item-author'>Meri Castro<\/span>\n        <div class=\"wp-block-post-date\"><time datetime=\"2025-04-04T14:45:57+00:00\">4 abril 2025<\/time><\/div>\n        \n        <\/div>\n        <\/div>\n        <\/div>\n\n            <\/li><li class=\"wp-block-post post-14378 post type-post status-publish format-standard has-post-thumbnail hentry category-contaminacion tag-consumo tag-plasticos p4-page-type-blog\">\n            \n<div class=\"wp-block-columns is-layout-flex wp-container-core-columns-is-layout-9d6595d7 wp-block-columns-is-layout-flex\"><figure class=\"wp-block-post-featured-image\"><a href=\"https:\/\/www.greenpeace.org\/colombia\/blog\/campanas\/contaminacion\/microplasticos-a-la-carta-estos-son-los-5-alimentos-que-mas-microplasticos-contienen\/\" target=\"_self\"  ><img loading=\"lazy\" decoding=\"async\" width=\"800\" height=\"468\" src=\"https:\/\/www.greenpeace.org\/static\/planet4-colombia-stateless\/2025\/03\/8439edd6-gp0stsfns_low-res-with-credit-line-800px.jpg\" class=\"attachment-post-thumbnail size-post-thumbnail wp-post-image wp-stateless-item\" alt=\"Micropl\u00e1sticos a la carta: estos son los 5 alimentos que m\u00e1s micropl\u00e1sticos contienen\" style=\"object-fit:cover;\" srcset=\"https:\/\/www.greenpeace.org\/static\/planet4-colombia-stateless\/2025\/03\/8439edd6-gp0stsfns_low-res-with-credit-line-800px.jpg 800w, https:\/\/www.greenpeace.org\/static\/planet4-colombia-stateless\/2025\/03\/8439edd6-gp0stsfns_low-res-with-credit-line-800px-300x176.jpg 300w, https:\/\/www.greenpeace.org\/static\/planet4-colombia-stateless\/2025\/03\/8439edd6-gp0stsfns_low-res-with-credit-line-800px-768x449.jpg 768w, https:\/\/www.greenpeace.org\/static\/planet4-colombia-stateless\/2025\/03\/8439edd6-gp0stsfns_low-res-with-credit-line-800px-510x298.jpg 510w\" sizes=\"auto, (max-width: 800px) 100vw, 800px\" data-image-size=\"post-thumbnail\" data-stateless-media-bucket=\"planet4-colombia-stateless\" data-stateless-media-name=\"2025\/03\/8439edd6-gp0stsfns_low-res-with-credit-line-800px.jpg\" \/><\/a><\/figure>\n\n        <div class=\"wp-block-group is-layout-flow wp-block-group-is-layout-flow\">\n                <div class=\"wp-block-group is-layout-flex wp-block-group-is-layout-flex\"><div class=\"wp-block-post-terms\"><a href=\"https:\/\/www.greenpeace.org\/colombia\/category\/campanas\/contaminacion\/\">Contaminaci\u00f3n<\/a><\/div>\n                <div class=\"taxonomy-post_tag wp-block-post-terms\"><a href=\"https:\/\/www.greenpeace.org\/colombia\/tag\/consumo\/\" rel=\"tag\">Consumo<\/a><span class=\"wp-block-post-terms__separator\"> <\/span><a href=\"https:\/\/www.greenpeace.org\/colombia\/tag\/plasticos\/\" rel=\"tag\">MejorSinPl\u00e1sticos<\/a><\/div>\n                \n                <\/div>\n                \n        <h3 class=\"wp-block-post-title\"><a href=\"https:\/\/www.greenpeace.org\/colombia\/blog\/campanas\/contaminacion\/microplasticos-a-la-carta-estos-son-los-5-alimentos-que-mas-microplasticos-contienen\/\" target=\"_self\" >Micropl\u00e1sticos a la carta: estos son los 5 alimentos que m\u00e1s micropl\u00e1sticos contienen<\/a><\/h3>\n        <div class=\"wp-block-post-excerpt\"><p class=\"wp-block-post-excerpt__excerpt\">Cada vez m\u00e1s se los encuentra en m\u00e1s tipos de comida y bebida. <\/p><\/div>\n        \n        <div class=\"wp-block-group posts-list-meta is-layout-flow wp-block-group-is-layout-flow\"><span class='article-list-item-author'>Meri Castro<\/span>\n        <div class=\"wp-block-post-date\"><time datetime=\"2025-03-07T15:40:31+00:00\">7 marzo 2025<\/time><\/div>\n        \n        <\/div>\n        <\/div>\n        <\/div>\n\n            <\/li><li class=\"wp-block-post post-14321 post type-post status-publish format-standard has-post-thumbnail hentry category-contaminacion tag-basta-de-basura tag-consumo tag-plasticos p4-page-type-blog\">\n            \n<div class=\"wp-block-columns is-layout-flex wp-container-core-columns-is-layout-9d6595d7 wp-block-columns-is-layout-flex\"><figure class=\"wp-block-post-featured-image\"><a href=\"https:\/\/www.greenpeace.org\/colombia\/blog\/campanas\/contaminacion\/la-marea-plastica-no-para-encontraron-microplasticos-en-el-cerebro-humano\/\" target=\"_self\"  ><img loading=\"lazy\" decoding=\"async\" width=\"800\" height=\"533\" src=\"https:\/\/www.greenpeace.org\/static\/planet4-colombia-stateless\/2025\/02\/bc46b779-gp1suy77_low-res-with-credit-line-800px.jpg\" class=\"attachment-post-thumbnail size-post-thumbnail wp-post-image wp-stateless-item\" alt=\"La marea pl\u00e1stica no para: encontraron micropl\u00e1sticos en el cerebro humano\" style=\"object-fit:cover;\" srcset=\"https:\/\/www.greenpeace.org\/static\/planet4-colombia-stateless\/2025\/02\/bc46b779-gp1suy77_low-res-with-credit-line-800px.jpg 800w, https:\/\/www.greenpeace.org\/static\/planet4-colombia-stateless\/2025\/02\/bc46b779-gp1suy77_low-res-with-credit-line-800px-300x200.jpg 300w, https:\/\/www.greenpeace.org\/static\/planet4-colombia-stateless\/2025\/02\/bc46b779-gp1suy77_low-res-with-credit-line-800px-768x512.jpg 768w, https:\/\/www.greenpeace.org\/static\/planet4-colombia-stateless\/2025\/02\/bc46b779-gp1suy77_low-res-with-credit-line-800px-510x340.jpg 510w\" sizes=\"auto, (max-width: 800px) 100vw, 800px\" data-image-size=\"post-thumbnail\" data-stateless-media-bucket=\"planet4-colombia-stateless\" data-stateless-media-name=\"2025\/02\/bc46b779-gp1suy77_low-res-with-credit-line-800px.jpg\" \/><\/a><\/figure>\n\n        <div class=\"wp-block-group is-layout-flow wp-block-group-is-layout-flow\">\n                <div class=\"wp-block-group is-layout-flex wp-block-group-is-layout-flex\"><div class=\"wp-block-post-terms\"><a href=\"https:\/\/www.greenpeace.org\/colombia\/category\/campanas\/contaminacion\/\">Contaminaci\u00f3n<\/a><\/div>\n                <div class=\"taxonomy-post_tag wp-block-post-terms\"><a href=\"https:\/\/www.greenpeace.org\/colombia\/tag\/basta-de-basura\/\" rel=\"tag\">Basta de Basura<\/a><span class=\"wp-block-post-terms__separator\"> <\/span><a href=\"https:\/\/www.greenpeace.org\/colombia\/tag\/consumo\/\" rel=\"tag\">Consumo<\/a><span class=\"wp-block-post-terms__separator\"> <\/span><a href=\"https:\/\/www.greenpeace.org\/colombia\/tag\/plasticos\/\" rel=\"tag\">MejorSinPl\u00e1sticos<\/a><\/div>\n                \n                <\/div>\n                \n        <h3 class=\"wp-block-post-title\"><a href=\"https:\/\/www.greenpeace.org\/colombia\/blog\/campanas\/contaminacion\/la-marea-plastica-no-para-encontraron-microplasticos-en-el-cerebro-humano\/\" target=\"_self\" >La marea pl\u00e1stica no para: encontraron micropl\u00e1sticos en el cerebro humano<\/a><\/h3>\n        <div class=\"wp-block-post-excerpt\"><p class=\"wp-block-post-excerpt__excerpt\">Otra noticia alarmante sobre la presencia de micropl\u00e1sticos y nano pl\u00e1sticos en el cuerpo humano.\u00a0 <\/p><\/div>\n        \n        <div class=\"wp-block-group posts-list-meta is-layout-flow wp-block-group-is-layout-flow\"><span class='article-list-item-author'>Meri Castro<\/span>\n        <div class=\"wp-block-post-date\"><time datetime=\"2025-02-21T16:50:30+00:00\">21 febrero 2025<\/time><\/div>\n        \n        <\/div>\n        <\/div>\n        <\/div>\n\n            <\/li><li class=\"wp-block-post post-14194 post type-post status-publish format-standard has-post-thumbnail hentry category-contaminacion tag-consumo tag-basta-de-basura tag-plasticos p4-page-type-blog\">\n            \n<div class=\"wp-block-columns is-layout-flex wp-container-core-columns-is-layout-9d6595d7 wp-block-columns-is-layout-flex\"><figure class=\"wp-block-post-featured-image\"><a href=\"https:\/\/www.greenpeace.org\/colombia\/blog\/campanas\/contaminacion\/hablemos-de-plastico-estos-5-productos-cotidianos-estan-ahogando-al-planeta\/\" target=\"_self\"  ><img loading=\"lazy\" decoding=\"async\" width=\"2500\" height=\"1668\" src=\"https:\/\/www.greenpeace.org\/static\/planet4-colombia-stateless\/2025\/01\/62a46629-el-plastico-contamina.jpg\" class=\"attachment-post-thumbnail size-post-thumbnail wp-post-image wp-stateless-item\" alt=\"Hablemos de pl\u00e1stico: estos 5 productos cotidianos est\u00e1n ahogando al planeta\" style=\"object-fit:cover;\" srcset=\"https:\/\/www.greenpeace.org\/static\/planet4-colombia-stateless\/2025\/01\/62a46629-el-plastico-contamina.jpg 2500w, https:\/\/www.greenpeace.org\/static\/planet4-colombia-stateless\/2025\/01\/62a46629-el-plastico-contamina-300x200.jpg 300w, https:\/\/www.greenpeace.org\/static\/planet4-colombia-stateless\/2025\/01\/62a46629-el-plastico-contamina-1024x683.jpg 1024w, https:\/\/www.greenpeace.org\/static\/planet4-colombia-stateless\/2025\/01\/62a46629-el-plastico-contamina-768x512.jpg 768w, https:\/\/www.greenpeace.org\/static\/planet4-colombia-stateless\/2025\/01\/62a46629-el-plastico-contamina-1536x1025.jpg 1536w, https:\/\/www.greenpeace.org\/static\/planet4-colombia-stateless\/2025\/01\/62a46629-el-plastico-contamina-2048x1366.jpg 2048w, https:\/\/www.greenpeace.org\/static\/planet4-colombia-stateless\/2025\/01\/62a46629-el-plastico-contamina-510x340.jpg 510w\" sizes=\"auto, (max-width: 2500px) 100vw, 2500px\" data-image-size=\"post-thumbnail\" data-stateless-media-bucket=\"planet4-colombia-stateless\" data-stateless-media-name=\"2025\/01\/62a46629-el-plastico-contamina.jpg\" \/><\/a><\/figure>\n\n        <div class=\"wp-block-group is-layout-flow wp-block-group-is-layout-flow\">\n                <div class=\"wp-block-group is-layout-flex wp-block-group-is-layout-flex\"><div class=\"wp-block-post-terms\"><a href=\"https:\/\/www.greenpeace.org\/colombia\/category\/campanas\/contaminacion\/\">Contaminaci\u00f3n<\/a><\/div>\n                <div class=\"taxonomy-post_tag wp-block-post-terms\"><a href=\"https:\/\/www.greenpeace.org\/colombia\/tag\/consumo\/\" rel=\"tag\">Consumo<\/a><span class=\"wp-block-post-terms__separator\"> <\/span><a href=\"https:\/\/www.greenpeace.org\/colombia\/tag\/basta-de-basura\/\" rel=\"tag\">Basta de Basura<\/a><span class=\"wp-block-post-terms__separator\"> <\/span><a href=\"https:\/\/www.greenpeace.org\/colombia\/tag\/plasticos\/\" rel=\"tag\">MejorSinPl\u00e1sticos<\/a><\/div>\n                \n                <\/div>\n                \n        <h3 class=\"wp-block-post-title\"><a href=\"https:\/\/www.greenpeace.org\/colombia\/blog\/campanas\/contaminacion\/hablemos-de-plastico-estos-5-productos-cotidianos-estan-ahogando-al-planeta\/\" target=\"_self\" >Hablemos de pl\u00e1stico: estos 5 productos cotidianos est\u00e1n ahogando al planeta<\/a><\/h3>\n        <div class=\"wp-block-post-excerpt\"><p class=\"wp-block-post-excerpt__excerpt\">5 productos que parecen inofensivos pero no lo son. <\/p><\/div>\n        \n        <div class=\"wp-block-group posts-list-meta is-layout-flow wp-block-group-is-layout-flow\"><span class='article-list-item-author'>Meri Castro<\/span>\n        <div class=\"wp-block-post-date\"><time datetime=\"2025-01-21T12:20:25+00:00\">21 enero 2025<\/time><\/div>\n        \n        <\/div>\n        <\/div>\n        <\/div>\n\n            <\/li><li class=\"wp-block-post post-14165 post type-post status-publish format-standard has-post-thumbnail hentry category-climayenergia category-contaminacion category-oceanos category-sustentabilidad tag-accionxlanaturalezaya tag-basta-de-basura tag-consumo tag-plasticos p4-page-type-noticia\">\n            \n<div class=\"wp-block-columns is-layout-flex wp-container-core-columns-is-layout-9d6595d7 wp-block-columns-is-layout-flex\"><figure class=\"wp-block-post-featured-image\"><a href=\"https:\/\/www.greenpeace.org\/colombia\/noticia\/campanas\/climayenergia\/retos-medioambientales-para-colombia-en-2025-un-llamado-urgente-a-la-accion-colectiva\/\" target=\"_self\"  ><img loading=\"lazy\" decoding=\"async\" width=\"2560\" height=\"1708\" src=\"https:\/\/www.greenpeace.org\/static\/planet4-colombia-stateless\/2025\/01\/ffdb01de-gpco-asociacon-de-recicladores-de-bogota-\u00a9-juan-pablo-eijo-greenpeace-35-scaled.jpg\" class=\"attachment-post-thumbnail size-post-thumbnail wp-post-image wp-stateless-item\" alt=\"Retos Medioambientales para Colombia en 2025: Un Llamado Urgente a la Acci\u00f3n Colectiva\" style=\"object-fit:cover;\" srcset=\"https:\/\/www.greenpeace.org\/static\/planet4-colombia-stateless\/2025\/01\/ffdb01de-gpco-asociacon-de-recicladores-de-bogota-\u00a9-juan-pablo-eijo-greenpeace-35-scaled.jpg 2560w, https:\/\/www.greenpeace.org\/static\/planet4-colombia-stateless\/2025\/01\/ffdb01de-gpco-asociacon-de-recicladores-de-bogota-\u00a9-juan-pablo-eijo-greenpeace-35-300x200.jpg 300w, https:\/\/www.greenpeace.org\/static\/planet4-colombia-stateless\/2025\/01\/ffdb01de-gpco-asociacon-de-recicladores-de-bogota-\u00a9-juan-pablo-eijo-greenpeace-35-1024x683.jpg 1024w, https:\/\/www.greenpeace.org\/static\/planet4-colombia-stateless\/2025\/01\/ffdb01de-gpco-asociacon-de-recicladores-de-bogota-\u00a9-juan-pablo-eijo-greenpeace-35-768x513.jpg 768w, https:\/\/www.greenpeace.org\/static\/planet4-colombia-stateless\/2025\/01\/ffdb01de-gpco-asociacon-de-recicladores-de-bogota-\u00a9-juan-pablo-eijo-greenpeace-35-1536x1025.jpg 1536w, https:\/\/www.greenpeace.org\/static\/planet4-colombia-stateless\/2025\/01\/ffdb01de-gpco-asociacon-de-recicladores-de-bogota-\u00a9-juan-pablo-eijo-greenpeace-35-2048x1366.jpg 2048w, https:\/\/www.greenpeace.org\/static\/planet4-colombia-stateless\/2025\/01\/ffdb01de-gpco-asociacon-de-recicladores-de-bogota-\u00a9-juan-pablo-eijo-greenpeace-35-510x340.jpg 510w\" sizes=\"auto, (max-width: 2560px) 100vw, 2560px\" data-image-size=\"post-thumbnail\" data-stateless-media-bucket=\"planet4-colombia-stateless\" data-stateless-media-name=\"2025\/01\/ffdb01de-gpco-asociacon-de-recicladores-de-bogota-\u00a9-juan-pablo-eijo-greenpeace-35-scaled.jpg\" \/><\/a><\/figure>\n\n        <div class=\"wp-block-group is-layout-flow wp-block-group-is-layout-flow\">\n                <div class=\"wp-block-group is-layout-flex wp-block-group-is-layout-flex\"><div class=\"wp-block-post-terms\"><a href=\"https:\/\/www.greenpeace.org\/colombia\/category\/campanas\/climayenergia\/\">Clima y Energ\u00eda<\/a><\/div>\n                <div class=\"taxonomy-post_tag wp-block-post-terms\"><a href=\"https:\/\/www.greenpeace.org\/colombia\/tag\/accionxlanaturalezaya\/\" rel=\"tag\">Acci\u00f3nxLaNaturalezaYA<\/a><span class=\"wp-block-post-terms__separator\"> <\/span><a href=\"https:\/\/www.greenpeace.org\/colombia\/tag\/basta-de-basura\/\" rel=\"tag\">Basta de Basura<\/a><span class=\"wp-block-post-terms__separator\"> <\/span><a href=\"https:\/\/www.greenpeace.org\/colombia\/tag\/consumo\/\" rel=\"tag\">Consumo<\/a><span class=\"wp-block-post-terms__separator\"> <\/span><a href=\"https:\/\/www.greenpeace.org\/colombia\/tag\/plasticos\/\" rel=\"tag\">MejorSinPl\u00e1sticos<\/a><\/div>\n                \n                <\/div>\n                \n        <h3 class=\"wp-block-post-title\"><a href=\"https:\/\/www.greenpeace.org\/colombia\/noticia\/campanas\/climayenergia\/retos-medioambientales-para-colombia-en-2025-un-llamado-urgente-a-la-accion-colectiva\/\" target=\"_self\" >Retos Medioambientales para Colombia en 2025: Un Llamado Urgente a la Acci\u00f3n Colectiva<\/a><\/h3>\n        <div class=\"wp-block-post-excerpt\"><p class=\"wp-block-post-excerpt__excerpt\">Colombia enfrenta un 2025 marcado como siempre, por grandes desaf\u00edos medioambientales que demandan acci\u00f3n inmediata y efectiva. Desde el manejo sostenible de los recursos como\u2026 <\/p><\/div>\n        \n        <div class=\"wp-block-group posts-list-meta is-layout-flow wp-block-group-is-layout-flow\"><span class='article-list-item-author'><a href='https:\/\/www.greenpeace.org\/colombia\/author\/prensaco\/'>Prensa Colombia<\/a><\/span>\n        <div class=\"wp-block-post-date\"><time datetime=\"2025-01-14T16:58:18+00:00\">14 enero 2025<\/time><\/div>\n        \n        <\/div>\n        <\/div>\n        <\/div>\n\n            <\/li><\/ul>\n\n    \n<div class=\"wp-block-buttons carousel-controls is-horizontal is-content-justification-space-between is-nowrap is-layout-flex wp-container-core-buttons-is-layout-044bd602 wp-block-buttons-is-layout-flex\">\n            <div class=\"wp-block-button carousel-control-prev\"><button type=\"button\" class=\"wp-block-button__link wp-element-button\">Prev<\/button><\/div>\n        \n\n            <div class=\"wp-block-button carousel-control-next\"><button type=\"button\" class=\"wp-block-button__link wp-element-button\">Next<\/button><\/div>\n        <\/div>\n\n\n    <li class=\" wp-block-navigation-item see-all-link wp-block-navigation-link\"><a class=\"wp-block-navigation-item__content\"  href=\"http:\/\/www.greenpeace.org\/colombia\/news-stories\/?tag=consumo\"><span class=\"wp-block-navigation-item__label\">See all stories<\/span><\/a><\/li><\/div>\n    ","protected":false},"excerpt":{"rendered":"","protected":false},"author":53,"featured_media":0,"parent":0,"menu_order":0,"comment_status":"closed","ping_status":"closed","template":"","meta":{"ep_exclude_from_search":false,"p4_hide_page_title_checkbox":"","p4_title":"","p4_subtitle":"","p4_description":"","background_image_id":"","background_image":"","p4_button_title":"","p4_button_link":"","p4_button_link_checkbox":"","p4_og_title":"","p4_og_description":"","p4_og_image":"","p4_og_image_id":"","p4_seo_canonical_url":"","p4_campaign_name":"","p4_local_project":"","p4_basket_name":"","p4_department":"","footnotes":""},"categories":[17],"tags":[],"class_list":["post-10725","page","type-page","status-publish","hentry","category-contaminacion"],"_links":{"self":[{"href":"https:\/\/www.greenpeace.org\/colombia\/wp-json\/wp\/v2\/pages\/10725","targetHints":{"allow":["GET"]}}],"collection":[{"href":"https:\/\/www.greenpeace.org\/colombia\/wp-json\/wp\/v2\/pages"}],"about":[{"href":"https:\/\/www.greenpeace.org\/colombia\/wp-json\/wp\/v2\/types\/page"}],"author":[{"embeddable":true,"href":"https:\/\/www.greenpeace.org\/colombia\/wp-json\/wp\/v2\/users\/53"}],"replies":[{"embeddable":true,"href":"https:\/\/www.greenpeace.org\/colombia\/wp-json\/wp\/v2\/comments?post=10725"}],"version-history":[{"count":6,"href":"https:\/\/www.greenpeace.org\/colombia\/wp-json\/wp\/v2\/pages\/10725\/revisions"}],"predecessor-version":[{"id":16712,"href":"https:\/\/www.greenpeace.org\/colombia\/wp-json\/wp\/v2\/pages\/10725\/revisions\/16712"}],"wp:attachment":[{"href":"https:\/\/www.greenpeace.org\/colombia\/wp-json\/wp\/v2\/media?parent=10725"}],"wp:term":[{"taxonomy":"category","embeddable":true,"href":"https:\/\/www.greenpeace.org\/colombia\/wp-json\/wp\/v2\/categories?post=10725"},{"taxonomy":"post_tag","embeddable":true,"href":"https:\/\/www.greenpeace.org\/colombia\/wp-json\/wp\/v2\/tags?post=10725"}],"curies":[{"name":"wp","href":"https:\/\/api.w.org\/{rel}","templated":true}]}}