{"id":11591,"date":"2024-03-13T13:30:34","date_gmt":"2024-03-13T13:30:34","guid":{"rendered":"https:\/\/www.greenpeace.org\/colombia\/?page_id=11591"},"modified":"2025-07-02T07:21:29","modified_gmt":"2025-07-02T07:21:29","slug":"informate","status":"publish","type":"page","link":"https:\/\/www.greenpeace.org\/colombia\/informate\/","title":{"rendered":"Inf\u00f3rmate"},"content":{"rendered":"\n<h1 class=\"wp-block-heading has-blue-green-800-color has-text-color\">Inf\u00f3rmate<\/h1>\n\n<p>Desde Greenpeace generamos diversos tipos de contenido para que puedas informarte seg\u00fan tu preferencia. La informaci\u00f3n nos empodera, nos permite tomar conciencia y decidir con criterio.<\/p>\n\n<p>Comparte nuestro contenido para que seamos cada vez m\u00e1s las personas con conciencia ambiental.<\/p>\n\n\n<div class=\"wp-block-columns block has-x-dark-blue-color has-grey-200-background-color has-text-color has-background is-layout-flex wp-container-core-columns-is-layout-9d6595d7 wp-block-columns-is-layout-flex\">\n<div class=\"wp-block-column is-layout-flow wp-block-column-is-layout-flow\">\n<h2 class=\"wp-block-heading has-text-align-center is-style-chevron has-large-font-size\">Blog<\/h2>\n\n\n\n<div style=\"height:10px\" aria-hidden=\"true\" class=\"wp-block-spacer\"><\/div>\n\n\n\n<div class=\"wp-block-buttons is-horizontal is-content-justification-center is-nowrap is-layout-flex wp-container-core-buttons-is-layout-fc65f29c wp-block-buttons-is-layout-flex\">\n<div class=\"wp-block-button has-custom-width wp-block-button__width-50 is-style-cta\"><a class=\"wp-block-button__link has-x-dark-blue-color has-action-yellow-background-color has-text-color has-background wp-element-button\" href=\"https:\/\/www.greenpeace.org\/colombia\/blog\/\">Leer<\/a><\/div>\n<\/div>\n<\/div>\n\n\n\n<div class=\"wp-block-column is-layout-flow wp-block-column-is-layout-flow\">\n<h2 class=\"wp-block-heading has-text-align-center is-style-chevron has-large-font-size\">Noticias<\/h2>\n\n\n\n<div style=\"height:10px\" aria-hidden=\"true\" class=\"wp-block-spacer\"><\/div>\n\n\n\n<div class=\"wp-block-buttons is-horizontal is-content-justification-center is-nowrap is-layout-flex wp-container-core-buttons-is-layout-fc65f29c wp-block-buttons-is-layout-flex\">\n<div class=\"wp-block-button has-custom-width wp-block-button__width-50 is-style-cta\"><a class=\"wp-block-button__link has-x-dark-blue-color has-action-yellow-background-color has-text-color has-background wp-element-button\" href=\"https:\/\/www.greenpeace.org\/colombia\/noticia\/\">Leer<\/a><\/div>\n<\/div>\n<\/div>\n<\/div>\n\n\n<div style=\"height:60px\" aria-hidden=\"true\" class=\"wp-block-spacer\"><\/div>\n\n<div class=\"wp-block-media-text has-media-on-the-right is-stacked-on-mobile is-vertically-aligned-top\"><div class=\"wp-block-media-text__content\">\n<h2 class=\"wp-block-heading\">Canal de WhatsApp <\/h2>\n\n\n\n<p><br>\u00danete a nuestro canal de WhatsApp para recibir todas las novedades de las campa\u00f1as y sumarte a acciones digitales por el planeta.<\/p>\n\n\n\n<p>\u00a1S\u00e9 parte del cambio hoy! \ud83c\udf0d<\/p>\n\n\n\n<p>Te esperamos \ud83d\udc9a<\/p>\n\n\n\n<div class=\"wp-block-buttons is-layout-flex wp-block-buttons-is-layout-flex\">\n<div class=\"wp-block-button is-style-cta\"><a class=\"wp-block-button__link wp-element-button\" href=\"https:\/\/www.whatsapp.com\/channel\/0029VaUwAzbJZg41r0rJuf2x\" target=\"_blank\" rel=\"noreferrer noopener\">\u00a1S\u00famate aqu\u00ed!<\/a><\/div>\n<\/div>\n<\/div><figure class=\"wp-block-media-text__media\"><img loading=\"lazy\" decoding=\"async\" width=\"1024\" height=\"1024\" src=\"https:\/\/www.greenpeace.org\/static\/planet4-colombia-stateless\/2024\/03\/ea8f8590-postwp-1-colombia-1024x1024.jpg\" alt=\"\" sizes=\"auto, (min-width: 1600px) calc((1320px - 24px) \/ 2),(min-width: 1200px) calc((1140px - 24px) \/ 2),(min-width: 992px) calc((960px - 24px) \/ 2),(min-width: 768px) calc((720px - 24px) \/ 2),(min-width: 601px) calc((540px - 24px) \/ 2),(min-width: 577px) calc((540px - 24px) \/ 1), calc(100vw - 24px)\" srcset=\"https:\/\/www.greenpeace.org\/static\/planet4-colombia-stateless\/2024\/03\/ea8f8590-postwp-1-colombia.jpg 1080w, https:\/\/www.greenpeace.org\/static\/planet4-colombia-stateless\/2024\/03\/ea8f8590-postwp-1-colombia-300x300.jpg 300w, https:\/\/www.greenpeace.org\/static\/planet4-colombia-stateless\/2024\/03\/ea8f8590-postwp-1-colombia-1024x1024.jpg 1024w, https:\/\/www.greenpeace.org\/static\/planet4-colombia-stateless\/2024\/03\/ea8f8590-postwp-1-colombia-150x150.jpg 150w, https:\/\/www.greenpeace.org\/static\/planet4-colombia-stateless\/2024\/03\/ea8f8590-postwp-1-colombia-768x768.jpg 768w, https:\/\/www.greenpeace.org\/static\/planet4-colombia-stateless\/2024\/03\/ea8f8590-postwp-1-colombia-340x340.jpg 340w\" class=\"wp-image-11790 size-full\"\/><\/figure><\/div>\n\n\n<div class=\"wp-block-media-text alignwide is-stacked-on-mobile is-image-fill-element\"><figure class=\"wp-block-media-text__media\"><img decoding=\"async\" src=\"https:\/\/www.greenpeace.org\/static\/planet4-chile-stateless\/2023\/03\/963f0a12-websonidoambientebanner-.png\" alt=\"\" sizes=\"(min-width: 1600px) calc((1320px - 24px) \/ 2),(min-width: 1200px) calc((1140px - 24px) \/ 2),(min-width: 992px) calc((960px - 24px) \/ 2),(min-width: 768px) calc((720px - 24px) \/ 2),(min-width: 601px) calc((540px - 24px) \/ 2),(min-width: 577px) calc((540px - 24px) \/ 1), calc(100vw - 24px)\" srcset=\"\" class=\"wp-image-8947 size-full\" style=\"object-position:50% 50%\"\/><\/figure><div class=\"wp-block-media-text__content\">\n<h2 class=\"wp-block-heading\">Podcast &#8220;Sonido ambiente&#8221;<\/h2>\n\n\n\n<p>A trav\u00e9s de 6 episodios reflexionamos y brindamos alternativas que no generen enormes consecuencias sobre el planeta.<\/p>\n\n\n\n<div class=\"wp-block-buttons is-layout-flex wp-block-buttons-is-layout-flex\">\n<div class=\"wp-block-button is-style-cta\"><a class=\"wp-block-button__link has-x-dark-blue-color has-yellow-background-color has-text-color has-background wp-element-button\" href=\"https:\/\/open.spotify.com\/show\/6o3uxUOSnPDUHMt6uROVK1\" target=\"_blank\" rel=\"noreferrer noopener\">Escucha los episodios<\/a><\/div>\n<\/div>\n<\/div><\/div>\n\n\n\n<div class=\"wp-block-media-text alignwide has-media-on-the-right is-stacked-on-mobile\"><div class=\"wp-block-media-text__content\">\n<h2 class=\"wp-block-heading\">Serie infantil: &#8220;Lina y los amigos del Arco\u00edris&#8221;<\/h2>\n\n\n\n<p>En cada cap\u00edtulo, de aproximadamente 11 minutos de duraci\u00f3n,&nbsp;<strong>Lina y sus amigos enfrentar\u00e1n aventuras para cuidar el planeta<\/strong>.<\/p>\n\n\n\n<div class=\"wp-block-buttons is-layout-flex wp-block-buttons-is-layout-flex\">\n<div class=\"wp-block-button is-style-cta\"><a class=\"wp-block-button__link has-x-dark-blue-color has-yellow-background-color has-text-color has-background wp-element-button\" href=\"https:\/\/www.youtube.com\/playlist?list=PLgR0D19YPNICFIWvamP3kxHw9qOXEcVSR\" target=\"_blank\" rel=\"noreferrer noopener\">Playlist en YouTube<\/a><\/div>\n<\/div>\n<\/div><figure class=\"wp-block-media-text__media\"><img decoding=\"async\" src=\"https:\/\/www.greenpeace.org\/static\/planet4-chile-stateless\/2022\/01\/d9a5402f-lina-e1691328426236.png\" alt=\"\" sizes=\"(min-width: 1600px) calc((1320px - 24px) \/ 2),(min-width: 1200px) calc((1140px - 24px) \/ 2),(min-width: 992px) calc((960px - 24px) \/ 2),(min-width: 768px) calc((720px - 24px) \/ 2),(min-width: 601px) calc((540px - 24px) \/ 2),(min-width: 577px) calc((540px - 24px) \/ 1), calc(100vw - 24px)\" srcset=\"\" class=\"wp-image-7650 size-full\"\/><\/figure><\/div>\n\n\n\n<div class=\"wp-block-media-text is-stacked-on-mobile is-image-fill-element\"><figure class=\"wp-block-media-text__media\"><img decoding=\"async\" src=\"https:\/\/www.greenpeace.org\/static\/planet4-argentina-stateless\/2024\/03\/1224f221-vlcsnap-2023-11-24-10h59m27s952-1024x576.jpg\" alt=\"\" sizes=\"(min-width: 1600px) calc((1320px - 24px) \/ 2),(min-width: 1200px) calc((1140px - 24px) \/ 2),(min-width: 992px) calc((960px - 24px) \/ 2),(min-width: 768px) calc((720px - 24px) \/ 2),(min-width: 601px) calc((540px - 24px) \/ 2),(min-width: 577px) calc((540px - 24px) \/ 1), calc(100vw - 24px)\" srcset=\"\" class=\"wp-image-23293 size-full\" style=\"object-position:61% 60%\"\/><\/figure><div class=\"wp-block-media-text__content\">\n<h2 class=\"wp-block-heading\">\u00c1lbum musical: &#8220;Lina Music&#8221;<\/h2>\n\n\n\n<p>Se estren\u00f3 el primer \u00e1lbum&nbsp;musical de &#8220;Lina y los Amigos del Arco Iris&#8221;&nbsp;. Tiene su propio cana del Youtube.<\/p>\n\n\n\n<div class=\"wp-block-buttons is-vertical is-layout-flex wp-container-core-buttons-is-layout-8cf370e7 wp-block-buttons-is-layout-flex\">\n<div class=\"wp-block-button is-style-cta\"><a class=\"wp-block-button__link wp-element-button\">Escucha en YouTube<\/a><\/div>\n<\/div>\n<\/div><\/div>\n\n\n<div class=\"wp-block-media-text has-media-on-the-right is-stacked-on-mobile\"><div class=\"wp-block-media-text__content\">\n<h2 class=\"wp-block-heading\">Serie infantil: &#8220;Los S\u00faper H\u00e9roes del Planeta&#8221;<\/h2>\n\n\n\n<p>Una serie de videos educativos que combina entretenimiento con lecciones ambientales. <\/p>\n\n\n\n<div class=\"wp-block-buttons is-layout-flex wp-block-buttons-is-layout-flex\">\n<div class=\"wp-block-button is-style-cta\"><a class=\"wp-block-button__link wp-element-button\" href=\"https:\/\/youtube.com\/playlist?list=PLKDiTVy7lFIWLVBnbaQk9KRoCziMYE094&amp;si=-i67bI01--D8PHg6\" target=\"_blank\" rel=\"noreferrer noopener\">Playlist en YouTube<\/a><\/div>\n<\/div>\n<\/div><figure class=\"wp-block-media-text__media\"><img loading=\"lazy\" decoding=\"async\" width=\"1024\" height=\"576\" src=\"https:\/\/www.greenpeace.org\/static\/planet4-colombia-stateless\/2024\/11\/87284675-oso-de-anteojos-1024x576.png\" alt=\"\" sizes=\"auto, (min-width: 1600px) calc((1320px - 24px) \/ 2),(min-width: 1200px) calc((1140px - 24px) \/ 2),(min-width: 992px) calc((960px - 24px) \/ 2),(min-width: 768px) calc((720px - 24px) \/ 2),(min-width: 601px) calc((540px - 24px) \/ 2),(min-width: 577px) calc((540px - 24px) \/ 1), calc(100vw - 24px)\" srcset=\"https:\/\/www.greenpeace.org\/static\/planet4-colombia-stateless\/2024\/11\/87284675-oso-de-anteojos.png 1223w, https:\/\/www.greenpeace.org\/static\/planet4-colombia-stateless\/2024\/11\/87284675-oso-de-anteojos-300x169.png 300w, https:\/\/www.greenpeace.org\/static\/planet4-colombia-stateless\/2024\/11\/87284675-oso-de-anteojos-1024x576.png 1024w, https:\/\/www.greenpeace.org\/static\/planet4-colombia-stateless\/2024\/11\/87284675-oso-de-anteojos-768x432.png 768w, https:\/\/www.greenpeace.org\/static\/planet4-colombia-stateless\/2024\/11\/87284675-oso-de-anteojos-510x287.png 510w\" class=\"wp-image-13877 size-full\"\/><\/figure><\/div>\n\n\n<div class=\"wp-block-media-text is-stacked-on-mobile is-vertically-aligned-top is-image-fill-element\"><figure class=\"wp-block-media-text__media\"><img loading=\"lazy\" decoding=\"async\" width=\"706\" height=\"842\" src=\"https:\/\/www.greenpeace.org\/static\/planet4-colombia-stateless\/2024\/03\/ac26263d-captura-de-pantalla-2024-02-26-133121.webp\" alt=\"\" sizes=\"auto, (min-width: 1600px) calc((1320px - 24px) \/ 2),(min-width: 1200px) calc((1140px - 24px) \/ 2),(min-width: 992px) calc((960px - 24px) \/ 2),(min-width: 768px) calc((720px - 24px) \/ 2),(min-width: 601px) calc((540px - 24px) \/ 2),(min-width: 577px) calc((540px - 24px) \/ 1), calc(100vw - 24px)\" srcset=\"https:\/\/www.greenpeace.org\/static\/planet4-colombia-stateless\/2024\/03\/ac26263d-captura-de-pantalla-2024-02-26-133121.webp 706w, https:\/\/www.greenpeace.org\/static\/planet4-colombia-stateless\/2024\/03\/ac26263d-captura-de-pantalla-2024-02-26-133121-252x300.webp 252w, https:\/\/www.greenpeace.org\/static\/planet4-colombia-stateless\/2024\/03\/ac26263d-captura-de-pantalla-2024-02-26-133121-285x340.webp 285w\" class=\"wp-image-11524 size-full\" style=\"object-position:54% 100%\"\/><\/figure><div class=\"wp-block-media-text__content\">\n<h2 class=\"wp-block-heading\">Libro: &#8220;Herederas de la Tierra&#8221;<\/h2>\n\n\n\n<p>Presentamos un libro-arte sobre las especies matriarcales en la naturaleza.<\/p>\n\n\n\n<div class=\"wp-block-buttons is-vertical is-layout-flex wp-container-core-buttons-is-layout-8cf370e7 wp-block-buttons-is-layout-flex\">\n<div class=\"wp-block-button is-style-cta\"><a class=\"wp-block-button__link wp-element-button\" href=\"https:\/\/www.greenpeace.org\/colombia\/blog\/greenpeace\/para-conmemorar-el-8m-greenpeace-lanza-libro-sobre-especies-matriarcales-en-la-naturaleza\/\" target=\"_blank\" rel=\"noreferrer noopener\">Contin\u00faa leyendo<\/a><\/div>\n\n\n\n<div class=\"wp-block-button is-style-cta\"><a class=\"wp-block-button__link wp-element-button\" href=\"https:\/\/landing.infogreenpeace.org\/es-cl\/8mherederasdelatierra-0?_ga=2.145529268.1674343303.1710160809-964700703.1709300967\" target=\"_blank\" rel=\"noreferrer noopener\">Desc\u00e1rgalo gratis<\/a><\/div>\n<\/div>\n\n\n\n<div style=\"height:50px\" aria-hidden=\"true\" class=\"wp-block-spacer\"><\/div>\n<\/div><\/div>\n\n\n\n<div class=\"wp-block-media-text alignwide has-media-on-the-right is-stacked-on-mobile\"><div class=\"wp-block-media-text__content\">\n<h2 class=\"wp-block-heading\">Revista digital : &#8220;Semillas Andinas&#8221;<\/h2>\n\n\n\n<p>Cada una de las ediciones est\u00e1 dedicada a una tem\u00e1tica ambiental especial, con informaci\u00f3n, tips y actividades, para que los ni\u00f1os y las ni\u00f1as aprendan a cuidar el planeta.&nbsp;Este proyecto forma parte de nuestras iniciativas de educaci\u00f3n ambiental.<\/p>\n\n\n\n<div class=\"wp-block-buttons is-layout-flex wp-block-buttons-is-layout-flex\">\n<div class=\"wp-block-button is-style-cta\"><a class=\"wp-block-button__link wp-element-button\" href=\"https:\/\/landing.infogreenpeace.org\/es-cl\/semandinasnuestrahistoria-0-1?_ga=2.178041125.1250131297.1698420107-79114371.1698326155\" target=\"_blank\" rel=\"noreferrer noopener\">Descarga la edici\u00f3n especial<\/a><\/div>\n\n\n\n<div class=\"wp-block-button is-style-cta\"><a class=\"wp-block-button__link wp-element-button\" href=\"https:\/\/landing.infogreenpeace.org\/es-cl\/es-cl\/descarga_semandinas\" target=\"_blank\" rel=\"noreferrer noopener\">Descarga todas las ediciones<\/a><\/div>\n<\/div>\n<\/div><figure class=\"wp-block-media-text__media\"><img decoding=\"async\" src=\"https:\/\/www.greenpeace.org\/static\/planet4-argentina-stateless\/2023\/10\/fed579c2-imagenopenrevista-1-1024x626.png\" alt=\"Revista: Semillas andinas\" sizes=\"(min-width: 1600px) calc((1320px - 24px) \/ 2),(min-width: 1200px) calc((1140px - 24px) \/ 2),(min-width: 992px) calc((960px - 24px) \/ 2),(min-width: 768px) calc((720px - 24px) \/ 2),(min-width: 601px) calc((540px - 24px) \/ 2),(min-width: 577px) calc((540px - 24px) \/ 1), calc(100vw - 24px)\" srcset=\"\" class=\"wp-image-21832 size-full\"\/><\/figure><\/div>\n\n\n\n<div class=\"wp-block-media-text is-stacked-on-mobile is-vertically-aligned-top is-image-fill-element\"><figure class=\"wp-block-media-text__media\"><img loading=\"lazy\" decoding=\"async\" width=\"1024\" height=\"552\" src=\"https:\/\/www.greenpeace.org\/static\/planet4-colombia-stateless\/2024\/04\/cf1647ba-captura-de-pantalla-2024-04-10-a-las-10.34.25-1024x552.png\" alt=\"\" sizes=\"auto, (min-width: 1600px) calc((1320px - 24px) \/ 2),(min-width: 1200px) calc((1140px - 24px) \/ 2),(min-width: 992px) calc((960px - 24px) \/ 2),(min-width: 768px) calc((720px - 24px) \/ 2),(min-width: 601px) calc((540px - 24px) \/ 2),(min-width: 577px) calc((540px - 24px) \/ 1), calc(100vw - 24px)\" srcset=\"https:\/\/www.greenpeace.org\/static\/planet4-colombia-stateless\/2024\/04\/cf1647ba-captura-de-pantalla-2024-04-10-a-las-10.34.25.png 2532w, https:\/\/www.greenpeace.org\/static\/planet4-colombia-stateless\/2024\/04\/cf1647ba-captura-de-pantalla-2024-04-10-a-las-10.34.25-300x162.png 300w, https:\/\/www.greenpeace.org\/static\/planet4-colombia-stateless\/2024\/04\/cf1647ba-captura-de-pantalla-2024-04-10-a-las-10.34.25-1024x552.png 1024w, https:\/\/www.greenpeace.org\/static\/planet4-colombia-stateless\/2024\/04\/cf1647ba-captura-de-pantalla-2024-04-10-a-las-10.34.25-768x414.png 768w, https:\/\/www.greenpeace.org\/static\/planet4-colombia-stateless\/2024\/04\/cf1647ba-captura-de-pantalla-2024-04-10-a-las-10.34.25-1536x827.png 1536w, https:\/\/www.greenpeace.org\/static\/planet4-colombia-stateless\/2024\/04\/cf1647ba-captura-de-pantalla-2024-04-10-a-las-10.34.25-2048x1103.png 2048w, https:\/\/www.greenpeace.org\/static\/planet4-colombia-stateless\/2024\/04\/cf1647ba-captura-de-pantalla-2024-04-10-a-las-10.34.25-510x275.png 510w\" class=\"wp-image-12062 size-full\" style=\"object-position:50% 50%\"\/><\/figure><div class=\"wp-block-media-text__content\">\n<h2 class=\"wp-block-heading\">La ruta de la basura<\/h2>\n\n\n\n<p>Diariamente la ciudadan\u00eda de Bogot\u00e1 genera m\u00e1s de 7.500 toneladas de residuos y \u00fanicamente se logran aprovechar solo el 17%, es decir que el 84% restante va a parar a los rellenos sanitarios, r\u00edos, humedales y dem\u00e1s ecosistemas.<\/p>\n\n\n\n<div class=\"wp-block-buttons is-layout-flex wp-block-buttons-is-layout-flex\">\n<div class=\"wp-block-button is-style-cta\"><a class=\"wp-block-button__link wp-element-button\" href=\"https:\/\/www.youtube.com\/watch?v=KZFTnuL2CFk&amp;t=6s\" target=\"_blank\" rel=\"noreferrer noopener\">Mira el documental en YouTube<\/a><\/div>\n<\/div>\n<\/div><\/div>\n\n\n<div style=\"height:60px\" aria-hidden=\"true\" class=\"wp-block-spacer\"><\/div>\n\n\n<div class=\"wp-block-group alignfull block has-grey-100-background-color has-background is-layout-flow wp-block-group-is-layout-flow\">\n<div class=\"wp-block-group container is-layout-flow wp-block-group-is-layout-flow\">\n<div style=\"height:24px\" aria-hidden=\"true\" class=\"wp-block-spacer\"><\/div>\n\n\n\n<h2 class=\"wp-block-heading has-text-align-center\">Contin\u00faa explorando<\/h2>\n\n\n\n<div class=\"wp-block-columns is-layout-flex wp-container-core-columns-is-layout-9d6595d7 wp-block-columns-is-layout-flex\">\n<div class=\"wp-block-column is-layout-flow wp-block-column-is-layout-flow\">\n<div class=\"wp-block-group group-stretched-link is-layout-flow wp-block-group-is-layout-flow\">\n<figure class=\"wp-block-image aligncenter size-large is-resized force-no-lightbox force-no-caption is-style-rounded-180\"><img loading=\"lazy\" decoding=\"async\" width=\"1024\" height=\"575\" src=\"https:\/\/www.greenpeace.org\/static\/planet4-colombia-stateless\/2019\/08\/0f256cc7-barcos-1024x575.jpg\" alt=\"\" class=\"wp-image-1861\" srcset=\"https:\/\/www.greenpeace.org\/static\/planet4-colombia-stateless\/2019\/08\/0f256cc7-barcos-1024x575.jpg 1024w, https:\/\/www.greenpeace.org\/static\/planet4-colombia-stateless\/2019\/08\/0f256cc7-barcos-300x169.jpg 300w, https:\/\/www.greenpeace.org\/static\/planet4-colombia-stateless\/2019\/08\/0f256cc7-barcos-768x431.jpg 768w, https:\/\/www.greenpeace.org\/static\/planet4-colombia-stateless\/2019\/08\/0f256cc7-barcos-510x286.jpg 510w, https:\/\/www.greenpeace.org\/static\/planet4-colombia-stateless\/2019\/08\/0f256cc7-barcos.jpg 1200w\" sizes=\"auto, (max-width: 1024px) 100vw, 1024px\" \/><figcaption class=\"wp-element-caption\">Aerial view of Greenpeace ship  the Arctic Sunrise and Esperanza at the ice edge. \nThe Esperanza and Arctic Sunrise are in Svalbard on the first leg of one of Greenpeace&#8217;s biggest ever expeditions: an almost year-long pole to pole voyage from the Arctic to the Antarctic, to highlight the many threats facing the oceans and to campaign for a Global Ocean Treaty covering all seas outside of national waters. \nThe &#8216;Protect the Oceans&#8217; expedition will see scientists and campaigners team up to research the threats of climate change, overfishing, plastic pollution, deep sea mining and oil drilling.<\/figcaption><\/figure>\n\n\n\n<h5 class=\"wp-block-heading has-text-align-center is-style-default\" style=\"font-size:1rem\"><a href=\"https:\/\/www.greenpeace.org\/colombia\/nuestros-barcos\/\">Nuestros barcos<\/a><\/h5>\n\n\n\n<div style=\"height:16px\" aria-hidden=\"true\" class=\"wp-block-spacer\"><\/div>\n<\/div>\n<\/div>\n\n\n\n<div class=\"wp-block-column is-layout-flow wp-block-column-is-layout-flow\">\n<div class=\"wp-block-group group-stretched-link is-layout-flow wp-block-group-is-layout-flow\">\n<figure class=\"wp-block-image aligncenter size-full is-resized force-no-lightbox force-no-caption is-style-rounded-180\"><img loading=\"lazy\" decoding=\"async\" width=\"640\" height=\"426\" src=\"https:\/\/www.greenpeace.org\/static\/planet4-colombia-stateless\/2023\/07\/68016802-feria_bogota.jpg\" title=\"Voluntarios y voluntarias\" alt=\"Voluntarios y voluntarias\" class=\"wp-image-10061\" srcset=\"https:\/\/www.greenpeace.org\/static\/planet4-colombia-stateless\/2023\/07\/68016802-feria_bogota.jpg 640w, https:\/\/www.greenpeace.org\/static\/planet4-colombia-stateless\/2023\/07\/68016802-feria_bogota-300x200.jpg 300w, https:\/\/www.greenpeace.org\/static\/planet4-colombia-stateless\/2023\/07\/68016802-feria_bogota-510x340.jpg 510w\" sizes=\"auto, (max-width: 640px) 100vw, 640px\" \/><figcaption class=\"wp-element-caption\">Voluntarios y staff de distintas oficinas de Greenpeace en el mundo se suman y apoyan campa\u00f1a Suelta el Agua de Chile, la cual busca mostrar y denunciar las consecuencias de la grave crisis h\u00eddrica que enfrenta hoy Chile, situaci\u00f3n agravada en medio de la pandemia. Sin suministro permanente de agua y con distribuci\u00f3n a trav\u00e9s de camiones aljibes, miles de chilenos han debido enfrentar el avance del coronavirus con una alarmante escasez de agua y apenas 50 litros de agua al d\u00eda por persona.<\/figcaption><\/figure>\n\n\n\n<h5 class=\"wp-block-heading has-text-align-center is-style-default\" style=\"font-size:1rem\"><a href=\"https:\/\/www.greenpeace.org\/colombia\/tag\/voluntarios\/\">Voluntarios<\/a><\/h5>\n\n\n\n<div style=\"height:16px\" aria-hidden=\"true\" class=\"wp-block-spacer\"><\/div>\n<\/div>\n<\/div>\n\n\n\n<div class=\"wp-block-column is-layout-flow wp-block-column-is-layout-flow\">\n<div class=\"wp-block-group group-stretched-link is-layout-flow wp-block-group-is-layout-flow\">\n<figure class=\"wp-block-image aligncenter size-large is-resized force-no-lightbox force-no-caption is-style-rounded-180\"><img loading=\"lazy\" decoding=\"async\" width=\"1024\" height=\"683\" src=\"https:\/\/www.greenpeace.org\/static\/planet4-colombia-stateless\/2020\/10\/6ab0037a-reiniciar-bogot\u00ed-8-1024x683.jpg\" alt=\"\" class=\"wp-image-4816\" srcset=\"https:\/\/www.greenpeace.org\/static\/planet4-colombia-stateless\/2020\/10\/6ab0037a-reiniciar-bogot\u00ed-8-1024x683.jpg 1024w, https:\/\/www.greenpeace.org\/static\/planet4-colombia-stateless\/2020\/10\/6ab0037a-reiniciar-bogot\u00ed-8-300x200.jpg 300w, https:\/\/www.greenpeace.org\/static\/planet4-colombia-stateless\/2020\/10\/6ab0037a-reiniciar-bogot\u00ed-8-768x512.jpg 768w, https:\/\/www.greenpeace.org\/static\/planet4-colombia-stateless\/2020\/10\/6ab0037a-reiniciar-bogot\u00ed-8-1536x1024.jpg 1536w, https:\/\/www.greenpeace.org\/static\/planet4-colombia-stateless\/2020\/10\/6ab0037a-reiniciar-bogot\u00ed-8-2048x1366.jpg 2048w, https:\/\/www.greenpeace.org\/static\/planet4-colombia-stateless\/2020\/10\/6ab0037a-reiniciar-bogot\u00ed-8-510x340.jpg 510w\" sizes=\"auto, (max-width: 1024px) 100vw, 1024px\" \/><figcaption class=\"wp-element-caption\">A casi dos meses de la finalizaci\u00f3n de la cuarentena en Bogot\u00e1, Greenpeace instal\u00f3 una estructura de doce metros con la palabra Reiniciar en la Estaci\u00f3n del Museo Nacional, para visibilizar la necesidad de que este nuevo comienzo sea de manera sostenible, con movilidad limpia, m\u00e1s y mejores espacios verdes, y el fomento de la producci\u00f3n de alimentos locales. Con esta actividad, Greenpeace llama al Concejo de Bogot\u00e1 a aprobar la declaratoria de la emergencia clim\u00e1tica. \u201cTienen en sus manos la oportunidad de aprobar una medida hist\u00f3rica que asegure un futuro sostenible para Bogot\u00e1\u201d, expresa Tatiana C\u00e9spedes, del equipo de campa\u00f1as de la organizaci\u00f3n ambientalista<\/figcaption><\/figure>\n\n\n\n<h5 class=\"wp-block-heading has-text-align-center is-style-default\" style=\"font-size:1rem\"><a href=\"https:\/\/www.greenpeace.org\/colombia\/campanas\/\">Campa\u00f1as<\/a><\/h5>\n\n\n\n<div style=\"height:16px\" aria-hidden=\"true\" class=\"wp-block-spacer\"><\/div>\n<\/div>\n<\/div>\n<\/div>\n<\/div>\n<\/div>\n\n","protected":false},"excerpt":{"rendered":"<p>Desde Greenpeace generamos diversos contenidos: Tik Tok, Twitch, Documentales, Series, Podcast y mucho m\u00e1s!<\/p>\n","protected":false},"author":53,"featured_media":6914,"parent":0,"menu_order":0,"comment_status":"closed","ping_status":"closed","template":"","meta":{"ep_exclude_from_search":false,"p4_hide_page_title_checkbox":"on","p4_title":"","p4_subtitle":"","p4_description":"","background_image_id":"","background_image":"","p4_button_title":"","p4_button_link":"","p4_button_link_checkbox":"","p4_og_title":"Inf\u00f3rmate","p4_og_description":"Desde Greenpeace generamos diversos tipos de contenido para que puedas informarte seg\u00fan tu preferencia. La informaci\u00f3n nos empodera, nos permite tomar conciencia y decidir con criterio.","p4_og_image":"","p4_og_image_id":"","p4_seo_canonical_url":"","p4_campaign_name":"","p4_local_project":"","p4_basket_name":"","p4_department":"","footnotes":""},"categories":[],"tags":[],"class_list":["post-11591","page","type-page","status-publish","has-post-thumbnail","hentry"],"_links":{"self":[{"href":"https:\/\/www.greenpeace.org\/colombia\/wp-json\/wp\/v2\/pages\/11591","targetHints":{"allow":["GET"]}}],"collection":[{"href":"https:\/\/www.greenpeace.org\/colombia\/wp-json\/wp\/v2\/pages"}],"about":[{"href":"https:\/\/www.greenpeace.org\/colombia\/wp-json\/wp\/v2\/types\/page"}],"author":[{"embeddable":true,"href":"https:\/\/www.greenpeace.org\/colombia\/wp-json\/wp\/v2\/users\/53"}],"replies":[{"embeddable":true,"href":"https:\/\/www.greenpeace.org\/colombia\/wp-json\/wp\/v2\/comments?post=11591"}],"version-history":[{"count":20,"href":"https:\/\/www.greenpeace.org\/colombia\/wp-json\/wp\/v2\/pages\/11591\/revisions"}],"predecessor-version":[{"id":15459,"href":"https:\/\/www.greenpeace.org\/colombia\/wp-json\/wp\/v2\/pages\/11591\/revisions\/15459"}],"wp:featuredmedia":[{"embeddable":true,"href":"https:\/\/www.greenpeace.org\/colombia\/wp-json\/wp\/v2\/media\/6914"}],"wp:attachment":[{"href":"https:\/\/www.greenpeace.org\/colombia\/wp-json\/wp\/v2\/media?parent=11591"}],"wp:term":[{"taxonomy":"category","embeddable":true,"href":"https:\/\/www.greenpeace.org\/colombia\/wp-json\/wp\/v2\/categories?post=11591"},{"taxonomy":"post_tag","embeddable":true,"href":"https:\/\/www.greenpeace.org\/colombia\/wp-json\/wp\/v2\/tags?post=11591"}],"curies":[{"name":"wp","href":"https:\/\/api.w.org\/{rel}","templated":true}]}}