{"id":12941,"date":"2024-09-13T04:17:55","date_gmt":"2024-09-13T04:17:55","guid":{"rendered":"https:\/\/www.greenpeace.org\/colombia\/?page_id=12941"},"modified":"2025-07-02T07:20:13","modified_gmt":"2025-07-02T07:20:13","slug":"por-que-greenpeace-esta-en-colombia","status":"publish","type":"page","link":"https:\/\/www.greenpeace.org\/colombia\/por-que-greenpeace-esta-en-colombia\/","title":{"rendered":"\u00bfPor qu\u00e9 Greenpeace tiene presencia en Colombia?"},"content":{"rendered":"\n<p><\/p>\n\n<figure class=\"wp-block-image aligncenter size-large\"><img loading=\"lazy\" decoding=\"async\" width=\"1024\" height=\"683\" src=\"https:\/\/www.greenpeace.org\/static\/planet4-colombia-stateless\/2024\/09\/95cd3ebb-gpc_independencia_01-1024x683.jpg\" alt=\"\" class=\"wp-image-12943\" srcset=\"https:\/\/www.greenpeace.org\/static\/planet4-colombia-stateless\/2024\/09\/95cd3ebb-gpc_independencia_01-1024x683.jpg 1024w, https:\/\/www.greenpeace.org\/static\/planet4-colombia-stateless\/2024\/09\/95cd3ebb-gpc_independencia_01-300x200.jpg 300w, https:\/\/www.greenpeace.org\/static\/planet4-colombia-stateless\/2024\/09\/95cd3ebb-gpc_independencia_01-768x512.jpg 768w, https:\/\/www.greenpeace.org\/static\/planet4-colombia-stateless\/2024\/09\/95cd3ebb-gpc_independencia_01-1536x1024.jpg 1536w, https:\/\/www.greenpeace.org\/static\/planet4-colombia-stateless\/2024\/09\/95cd3ebb-gpc_independencia_01-2048x1366.jpg 2048w, https:\/\/www.greenpeace.org\/static\/planet4-colombia-stateless\/2024\/09\/95cd3ebb-gpc_independencia_01-510x340.jpg 510w\" sizes=\"auto, (max-width: 1024px) 100vw, 1024px\" \/><figcaption class=\"wp-element-caption\">\u00a9 Ivan Valencia \/ Greenpeace<\/figcaption><\/figure>\n\n<p>En el a\u00f1o 2007, Greenpeace Internacional lanz\u00f3 una <strong>campa\u00f1a global para poner fin a la caza de ballenas. A nivel latinoamericano, fue Colombia quien se llev\u00f3 el r\u00e9cord de participaci\u00f3n<\/strong>, un testimonio del genuino inter\u00e9s de sus ciudadanos por defender los oc\u00e9anos. <\/p>\n\n<p><\/p>\n\n<figure class=\"wp-block-image aligncenter size-large\"><img loading=\"lazy\" decoding=\"async\" width=\"1024\" height=\"730\" src=\"https:\/\/www.greenpeace.org\/static\/planet4-colombia-stateless\/2024\/09\/028e20a7-otras-2-15-de-marzo-del-2011-1024x730.jpg\" alt=\"\" class=\"wp-image-12944\" srcset=\"https:\/\/www.greenpeace.org\/static\/planet4-colombia-stateless\/2024\/09\/028e20a7-otras-2-15-de-marzo-del-2011-1024x730.jpg 1024w, https:\/\/www.greenpeace.org\/static\/planet4-colombia-stateless\/2024\/09\/028e20a7-otras-2-15-de-marzo-del-2011-300x214.jpg 300w, https:\/\/www.greenpeace.org\/static\/planet4-colombia-stateless\/2024\/09\/028e20a7-otras-2-15-de-marzo-del-2011-768x548.jpg 768w, https:\/\/www.greenpeace.org\/static\/planet4-colombia-stateless\/2024\/09\/028e20a7-otras-2-15-de-marzo-del-2011-1536x1095.jpg 1536w, https:\/\/www.greenpeace.org\/static\/planet4-colombia-stateless\/2024\/09\/028e20a7-otras-2-15-de-marzo-del-2011-2048x1460.jpg 2048w, https:\/\/www.greenpeace.org\/static\/planet4-colombia-stateless\/2024\/09\/028e20a7-otras-2-15-de-marzo-del-2011-1916x1366.jpg 1916w, https:\/\/www.greenpeace.org\/static\/planet4-colombia-stateless\/2024\/09\/028e20a7-otras-2-15-de-marzo-del-2011-477x340.jpg 477w\" sizes=\"auto, (max-width: 1024px) 100vw, 1024px\" \/><\/figure>\n\n<p><strong>Este llamado activo y comprometido abri\u00f3 el coraz\u00f3n del pa\u00eds a la llegada de Greenpeace en el a\u00f1o 2009.<\/strong><\/p>\n\n<p>Ser activista medioambiental en el mundo de hoy es un desaf\u00edo monumental, m\u00e1s a\u00fan en Colombia, el pa\u00eds con m\u00e1s l\u00edderes ambientales y sociales asesinados, pero como organizaci\u00f3n que defiende a la naturaleza, <strong>\u00bfc\u00f3mo no estar presentes en un pa\u00eds megadiverso, una sinfon\u00eda de especies, colores y ecosistemas&nbsp; en el que habita una de las mayores riquezas naturales del mundo, la Amazon\u00eda, as\u00ed como una variedad de vida asombrosa y; adem\u00e1s, el Pac\u00edfico colombiano (o Choc\u00f3 Biogeogr\u00e1fico que alberga cerca del 11% de la biodiversidad del planeta), entre otros muchos motivos?&nbsp;<\/strong><\/p>\n\n<p id=\"block-5cca950f-2cce-4a37-8059-5a5af91d1ef0\"><\/p>\n\n<figure class=\"wp-block-image aligncenter size-large\"><img loading=\"lazy\" decoding=\"async\" width=\"1024\" height=\"683\" src=\"https:\/\/www.greenpeace.org\/static\/planet4-colombia-stateless\/2024\/06\/bccdf68f-gp0stytc7-1024x683.jpg\" title=\"Brand Audit for Plastic Pollution in Bogot\u00e1, Colombia. \u00a9 Diana Rey Melo \/ Greenpeace\" alt=\"Brand Audit for Plastic Pollution in Bogot\u00e1, Colombia. \u00a9 Diana Rey Melo \/ Greenpeace\" class=\"wp-image-12523\" srcset=\"https:\/\/www.greenpeace.org\/static\/planet4-colombia-stateless\/2024\/06\/bccdf68f-gp0stytc7-1024x683.jpg 1024w, https:\/\/www.greenpeace.org\/static\/planet4-colombia-stateless\/2024\/06\/bccdf68f-gp0stytc7-300x200.jpg 300w, https:\/\/www.greenpeace.org\/static\/planet4-colombia-stateless\/2024\/06\/bccdf68f-gp0stytc7-768x512.jpg 768w, https:\/\/www.greenpeace.org\/static\/planet4-colombia-stateless\/2024\/06\/bccdf68f-gp0stytc7-510x340.jpg 510w, https:\/\/www.greenpeace.org\/static\/planet4-colombia-stateless\/2024\/06\/bccdf68f-gp0stytc7.jpg 1200w\" sizes=\"auto, (max-width: 1024px) 100vw, 1024px\" \/><figcaption><div class=\"credit icon-left\"> \u00a9 Diana Rey Melo \/ Greenpeace<\/div><\/figcaption><\/figure>\n\n<p>Desde entonces, <strong>el apoyo y la participaci\u00f3n activa de los colombianos han sido los pilares que garantizan 15 a\u00f1os de independencia pol\u00edtica y econ\u00f3mica en Colombia<\/strong>. Nuestro trabajo busca inspirar esperanza a trav\u00e9s de la acci\u00f3n, brindando una voz a este planeta fr\u00e1gil y maravilloso que habitamos exigiendo de <strong>manera pac\u00edfica y con acciones directas, con creatividad y disrupci\u00f3n, con convicci\u00f3n<\/strong> y lo m\u00e1s importante: <strong>sin timidez.<\/strong><\/p>\n\n<p class=\"has-grey-200-background-color has-background\"><strong>Este 2024 renovamos nuestros votos de compromiso para buscar la reducci\u00f3n de contaminaci\u00f3n y crisis clim\u00e1tica, conservaci\u00f3n de los ecosistemas desde los p\u00e1ramos hasta nuestros oc\u00e9anos y la protecci\u00f3n de la biodiversidad.<\/strong><br><\/p>\n\n<p><\/p>\n","protected":false},"excerpt":{"rendered":"<p>En el a\u00f1o 2007, Greenpeace Internacional lanz\u00f3 una campa\u00f1a global para poner fin a la caza de ballenas. A nivel latinoamericano, fue Colombia quien se llev\u00f3 el r\u00e9cord de participaci\u00f3n, un testimonio del genuino inter\u00e9s de sus ciudadanos por defender los oc\u00e9anos. Este llamado activo y comprometido abri\u00f3 el coraz\u00f3n del pa\u00eds a la llegada [&hellip;]<\/p>\n","protected":false},"author":21,"featured_media":12943,"parent":0,"menu_order":0,"comment_status":"closed","ping_status":"closed","template":"","meta":{"ep_exclude_from_search":false,"p4_hide_page_title_checkbox":"","p4_title":"","p4_subtitle":"","p4_description":"","background_image_id":"","background_image":"","p4_button_title":"","p4_button_link":"","p4_button_link_checkbox":"","p4_og_title":"","p4_og_description":"","p4_og_image":"","p4_og_image_id":"","p4_seo_canonical_url":"","p4_campaign_name":"","p4_local_project":"","p4_basket_name":"","p4_department":"","footnotes":""},"categories":[],"tags":[],"class_list":["post-12941","page","type-page","status-publish","has-post-thumbnail","hentry"],"_links":{"self":[{"href":"https:\/\/www.greenpeace.org\/colombia\/wp-json\/wp\/v2\/pages\/12941","targetHints":{"allow":["GET"]}}],"collection":[{"href":"https:\/\/www.greenpeace.org\/colombia\/wp-json\/wp\/v2\/pages"}],"about":[{"href":"https:\/\/www.greenpeace.org\/colombia\/wp-json\/wp\/v2\/types\/page"}],"author":[{"embeddable":true,"href":"https:\/\/www.greenpeace.org\/colombia\/wp-json\/wp\/v2\/users\/21"}],"replies":[{"embeddable":true,"href":"https:\/\/www.greenpeace.org\/colombia\/wp-json\/wp\/v2\/comments?post=12941"}],"version-history":[{"count":6,"href":"https:\/\/www.greenpeace.org\/colombia\/wp-json\/wp\/v2\/pages\/12941\/revisions"}],"predecessor-version":[{"id":15420,"href":"https:\/\/www.greenpeace.org\/colombia\/wp-json\/wp\/v2\/pages\/12941\/revisions\/15420"}],"wp:featuredmedia":[{"embeddable":true,"href":"https:\/\/www.greenpeace.org\/colombia\/wp-json\/wp\/v2\/media\/12943"}],"wp:attachment":[{"href":"https:\/\/www.greenpeace.org\/colombia\/wp-json\/wp\/v2\/media?parent=12941"}],"wp:term":[{"taxonomy":"category","embeddable":true,"href":"https:\/\/www.greenpeace.org\/colombia\/wp-json\/wp\/v2\/categories?post=12941"},{"taxonomy":"post_tag","embeddable":true,"href":"https:\/\/www.greenpeace.org\/colombia\/wp-json\/wp\/v2\/tags?post=12941"}],"curies":[{"name":"wp","href":"https:\/\/api.w.org\/{rel}","templated":true}]}}