{"id":12950,"date":"2024-09-13T05:00:41","date_gmt":"2024-09-13T05:00:41","guid":{"rendered":"https:\/\/www.greenpeace.org\/colombia\/?page_id=12950"},"modified":"2025-07-02T07:20:11","modified_gmt":"2025-07-02T07:20:11","slug":"nuestros-inicios","status":"publish","type":"page","link":"https:\/\/www.greenpeace.org\/colombia\/nuestros-inicios\/","title":{"rendered":"Nuestros inicios"},"content":{"rendered":"\n<p>La oficina de Greenpeace en Colombia se inici\u00f3 gracias a <strong>cientos de colombianos y colombianas sensibles ante las problem\u00e1ticas ambientales<\/strong> que decidieron empezar su trayectoria en la organizaci\u00f3n desde el voluntariado y el activismo digital.<\/p>\n\n<figure class=\"wp-block-image aligncenter size-full\"><img loading=\"lazy\" decoding=\"async\" width=\"2560\" height=\"1920\" src=\"https:\/\/www.greenpeace.org\/static\/planet4-colombia-stateless\/2024\/09\/f50e34f3-p1090413-scaled.jpg\" alt=\"\" class=\"wp-image-12970\" srcset=\"https:\/\/www.greenpeace.org\/static\/planet4-colombia-stateless\/2024\/09\/f50e34f3-p1090413-scaled.jpg 2560w, https:\/\/www.greenpeace.org\/static\/planet4-colombia-stateless\/2024\/09\/f50e34f3-p1090413-300x225.jpg 300w, https:\/\/www.greenpeace.org\/static\/planet4-colombia-stateless\/2024\/09\/f50e34f3-p1090413-1024x768.jpg 1024w, https:\/\/www.greenpeace.org\/static\/planet4-colombia-stateless\/2024\/09\/f50e34f3-p1090413-768x576.jpg 768w, https:\/\/www.greenpeace.org\/static\/planet4-colombia-stateless\/2024\/09\/f50e34f3-p1090413-1536x1152.jpg 1536w, https:\/\/www.greenpeace.org\/static\/planet4-colombia-stateless\/2024\/09\/f50e34f3-p1090413-2048x1536.jpg 2048w, https:\/\/www.greenpeace.org\/static\/planet4-colombia-stateless\/2024\/09\/f50e34f3-p1090413-1821x1366.jpg 1821w, https:\/\/www.greenpeace.org\/static\/planet4-colombia-stateless\/2024\/09\/f50e34f3-p1090413-453x340.jpg 453w\" sizes=\"auto, (max-width: 2560px) 100vw, 2560px\" \/><figcaption class=\"wp-element-caption\">La primer acci\u00f3n de Greenpeace en Colombia fue una intervenci\u00f3n p\u00fablica en la Plaza Bol\u00edvar, en la que se despleg\u00f3 un reloj gigante de arena para simbolizar la urgencia de que los gobiernos asuman compromisos para la reducci\u00f3n de emisiones de gases de efecto invernadero, responsables del Cambio Clim\u00e1tico Global.<\/figcaption><\/figure>\n\n<p>Despu\u00e9s de muchos a\u00f1os de espera muchas personas recib\u00edan en su casilla de correo un mail con el asunto &#8220;<strong>Primera reuni\u00f3n de voluntarios en Colombia. Te esperamos!&#8221;<\/strong>. El objetivo era conocerse, informar sobre las actividades de Greenpeace en Colombia y contar que el trabajo de los voluntarios y voluntarias hace posible que se puedan realizar las actividades que nos proponemos. Tambi\u00e9n era clave <strong> presionar a los l\u00edderes de las principales econom\u00edas del mundo para que, en la 15\u00ba Conferencia de las Naciones Unidas sobre Cambio Clim\u00e1tico en la ciudad de Copenhague (Dinamarca), tomaran las decisiones que permitir\u00edan mitigar el calentamiento global y detener la destrucci\u00f3n de los ecosistemas andinos<\/strong>.<\/p>\n\n<p>Fue as\u00ed que el d\u00eda <strong>23 de septiembre de 2009<\/strong> en la ciudad de <strong>Bogot\u00e1<\/strong> miembros de Greenpeace dieron la bienvenida al nacimiento del equipo de Greenpeace en Colombia, en una<strong> reuni\u00f3n con m\u00e1s de trescientas personas procedentes de distintas regiones del pa\u00eds<\/strong>. <br><\/p>\n<div data-hydrate=\"planet4-blocks\/gallery\" data-attributes=\"{&quot;attributes&quot;:{&quot;multiple_image&quot;:&quot;12930,12953,12966&quot;,&quot;image_data&quot;:[{&quot;url&quot;:&quot;https:\\\/\\\/www.greenpeace.org\\\/static\\\/planet4-colombia-stateless\\\/2024\\\/09\\\/11fdb6f6-dsc_1583-scaled.jpg&quot;,&quot;focalPoint&quot;:{&quot;x&quot;:0.5,&quot;y&quot;:0.5},&quot;id&quot;:12930},{&quot;url&quot;:&quot;https:\\\/\\\/www.greenpeace.org\\\/static\\\/planet4-colombia-stateless\\\/2024\\\/09\\\/5ac15df5-dsc_1569-scaled.jpg&quot;,&quot;focalPoint&quot;:{&quot;x&quot;:0.5,&quot;y&quot;:0.5},&quot;id&quot;:12953},{&quot;url&quot;:&quot;https:\\\/\\\/www.greenpeace.org\\\/static\\\/planet4-colombia-stateless\\\/2024\\\/09\\\/dec35802-dsc_1565-scaled.jpg&quot;,&quot;focalPoint&quot;:{&quot;x&quot;:0.5,&quot;y&quot;:0.5},&quot;id&quot;:12966}],&quot;className&quot;:&quot;is-style-grid&quot;,&quot;gallery_block_style&quot;:0,&quot;gallery_block_title&quot;:&quot;&quot;,&quot;gallery_block_description&quot;:&quot;&quot;,&quot;gallery_block_focus_points&quot;:&quot;&quot;,&quot;images&quot;:[{&quot;image_src&quot;:&quot;https:\\\/\\\/www.greenpeace.org\\\/static\\\/planet4-colombia-stateless\\\/2024\\\/09\\\/11fdb6f6-dsc_1583-scaled.jpg&quot;,&quot;image_srcset&quot;:&quot;https:\\\/\\\/www.greenpeace.org\\\/static\\\/planet4-colombia-stateless\\\/2024\\\/09\\\/11fdb6f6-dsc_1583-scaled.jpg 2560w, https:\\\/\\\/www.greenpeace.org\\\/static\\\/planet4-colombia-stateless\\\/2024\\\/09\\\/11fdb6f6-dsc_1583-300x199.jpg 300w, https:\\\/\\\/www.greenpeace.org\\\/static\\\/planet4-colombia-stateless\\\/2024\\\/09\\\/11fdb6f6-dsc_1583-1024x681.jpg 1024w, https:\\\/\\\/www.greenpeace.org\\\/static\\\/planet4-colombia-stateless\\\/2024\\\/09\\\/11fdb6f6-dsc_1583-768x511.jpg 768w, https:\\\/\\\/www.greenpeace.org\\\/static\\\/planet4-colombia-stateless\\\/2024\\\/09\\\/11fdb6f6-dsc_1583-1536x1021.jpg 1536w, https:\\\/\\\/www.greenpeace.org\\\/static\\\/planet4-colombia-stateless\\\/2024\\\/09\\\/11fdb6f6-dsc_1583-2048x1362.jpg 2048w, https:\\\/\\\/www.greenpeace.org\\\/static\\\/planet4-colombia-stateless\\\/2024\\\/09\\\/11fdb6f6-dsc_1583-510x340.jpg 510w&quot;,&quot;image_sizes&quot;:false,&quot;alt_text&quot;:&quot;&quot;,&quot;caption&quot;:&quot;&quot;,&quot;focus_image&quot;:&quot;&quot;,&quot;credits&quot;:&quot;&quot;},{&quot;image_src&quot;:&quot;https:\\\/\\\/www.greenpeace.org\\\/static\\\/planet4-colombia-stateless\\\/2024\\\/09\\\/5ac15df5-dsc_1569-scaled.jpg&quot;,&quot;image_srcset&quot;:&quot;https:\\\/\\\/www.greenpeace.org\\\/static\\\/planet4-colombia-stateless\\\/2024\\\/09\\\/5ac15df5-dsc_1569-scaled.jpg 2560w, https:\\\/\\\/www.greenpeace.org\\\/static\\\/planet4-colombia-stateless\\\/2024\\\/09\\\/5ac15df5-dsc_1569-300x199.jpg 300w, https:\\\/\\\/www.greenpeace.org\\\/static\\\/planet4-colombia-stateless\\\/2024\\\/09\\\/5ac15df5-dsc_1569-1024x681.jpg 1024w, https:\\\/\\\/www.greenpeace.org\\\/static\\\/planet4-colombia-stateless\\\/2024\\\/09\\\/5ac15df5-dsc_1569-768x511.jpg 768w, https:\\\/\\\/www.greenpeace.org\\\/static\\\/planet4-colombia-stateless\\\/2024\\\/09\\\/5ac15df5-dsc_1569-1536x1021.jpg 1536w, https:\\\/\\\/www.greenpeace.org\\\/static\\\/planet4-colombia-stateless\\\/2024\\\/09\\\/5ac15df5-dsc_1569-2048x1362.jpg 2048w, https:\\\/\\\/www.greenpeace.org\\\/static\\\/planet4-colombia-stateless\\\/2024\\\/09\\\/5ac15df5-dsc_1569-510x340.jpg 510w&quot;,&quot;image_sizes&quot;:false,&quot;alt_text&quot;:&quot;&quot;,&quot;caption&quot;:&quot;&quot;,&quot;focus_image&quot;:&quot;&quot;,&quot;credits&quot;:&quot;&quot;},{&quot;image_src&quot;:&quot;https:\\\/\\\/www.greenpeace.org\\\/static\\\/planet4-colombia-stateless\\\/2024\\\/09\\\/dec35802-dsc_1565-scaled.jpg&quot;,&quot;image_srcset&quot;:&quot;https:\\\/\\\/www.greenpeace.org\\\/static\\\/planet4-colombia-stateless\\\/2024\\\/09\\\/dec35802-dsc_1565-scaled.jpg 2560w, https:\\\/\\\/www.greenpeace.org\\\/static\\\/planet4-colombia-stateless\\\/2024\\\/09\\\/dec35802-dsc_1565-300x199.jpg 300w, https:\\\/\\\/www.greenpeace.org\\\/static\\\/planet4-colombia-stateless\\\/2024\\\/09\\\/dec35802-dsc_1565-1024x681.jpg 1024w, https:\\\/\\\/www.greenpeace.org\\\/static\\\/planet4-colombia-stateless\\\/2024\\\/09\\\/dec35802-dsc_1565-768x511.jpg 768w, https:\\\/\\\/www.greenpeace.org\\\/static\\\/planet4-colombia-stateless\\\/2024\\\/09\\\/dec35802-dsc_1565-1536x1021.jpg 1536w, https:\\\/\\\/www.greenpeace.org\\\/static\\\/planet4-colombia-stateless\\\/2024\\\/09\\\/dec35802-dsc_1565-2048x1362.jpg 2048w, https:\\\/\\\/www.greenpeace.org\\\/static\\\/planet4-colombia-stateless\\\/2024\\\/09\\\/dec35802-dsc_1565-510x340.jpg 510w&quot;,&quot;image_sizes&quot;:false,&quot;alt_text&quot;:&quot;&quot;,&quot;caption&quot;:&quot;&quot;,&quot;focus_image&quot;:&quot;&quot;,&quot;credits&quot;:&quot;&quot;}]}}\"><section class=\"block gallery-grid is-style-grid\"><\/section><\/div>\n<figure class=\"wp-block-embed is-type-video is-provider-youtube wp-block-embed-youtube wp-embed-aspect-16-9 wp-has-aspect-ratio\"><div class=\"wp-block-embed__wrapper\">\n<iframe loading=\"lazy\" title=\"Primera reuni\u00f3n de voluntarios de Greenpeace en Colombia\" width=\"500\" height=\"281\" src=\"https:\/\/www.youtube.com\/embed\/4udwT15zBU8?start=13&#038;feature=oembed\" frameborder=\"0\" allow=\"accelerometer; autoplay; clipboard-write; encrypted-media; gyroscope; picture-in-picture; web-share\" referrerpolicy=\"strict-origin-when-cross-origin\" allowfullscreen><\/iframe>\n<\/div><\/figure>\n\n<p>As\u00ed naci\u00f3 este gran proyecto, comenzamos a so\u00f1ar con poder cambiar el mundo y generar acciones de impacto para mejorar el v\u00ednculo de la humanidad con la naturaleza. <\/p>\n\n<p>El cambio clim\u00e1tico fue la primera bandera y adoptamos al <strong>ecosistema de p\u00e1ramos<\/strong>, como s\u00edmbolo de nuestra lucha para frenar la crisis del clima.  Desde Greenpeace exigimos al gobierno que se sume a la Conferencia Internacional sobre el Cambio Clim\u00e1tico para reclamar la protecci\u00f3n de los p\u00e1ramos frente a la extracci\u00f3n minera.&nbsp;<\/p>\n\n<p><strong>Greenpeace se ali\u00f3 con la comunidad de Pisba<\/strong> con el fin de <strong>manifestarse de forma pac\u00edfica en contra de las concesiones mineras<\/strong> que se otorgar\u00edan a empresas canadienses. En menos de dos meses,<strong> se consiguieron m\u00e1s de 50 mil firmas para la causa<\/strong>.&nbsp; Finalmente <strong>gracias a la presi\u00f3n de la gente<\/strong>, <strong>las autoridades nacionales enviaron a uno de sus ministros a la Conferencia<\/strong>, en tanto nuestra organizaci\u00f3n sent\u00f3 un precedente que consolid\u00f3 su presencia en Colombia.<\/p>\n<div data-hydrate=\"planet4-blocks\/gallery\" data-attributes=\"{&quot;attributes&quot;:{&quot;multiple_image&quot;:&quot;12961,12960,12959,12958,12957,12954,12975,12969&quot;,&quot;image_data&quot;:[{&quot;url&quot;:&quot;https:\\\/\\\/www.greenpeace.org\\\/static\\\/planet4-colombia-stateless\\\/2024\\\/09\\\/e0d4a789-230531_10150176374073671_648703670_7112467_1529635_n.jpg&quot;,&quot;focalPoint&quot;:{&quot;x&quot;:0.5,&quot;y&quot;:0.5},&quot;id&quot;:12961},{&quot;url&quot;:&quot;https:\\\/\\\/www.greenpeace.org\\\/static\\\/planet4-colombia-stateless\\\/2024\\\/09\\\/84745c04-264051_10150214312123671_648703670_7428193_67986_n.jpg&quot;,&quot;focalPoint&quot;:{&quot;x&quot;:0.5,&quot;y&quot;:0.5},&quot;id&quot;:12960},{&quot;url&quot;:&quot;https:\\\/\\\/www.greenpeace.org\\\/static\\\/planet4-colombia-stateless\\\/2024\\\/09\\\/e5b4ef3e-265136_217550861612871_185299778171313_674610_184532_n.jpg&quot;,&quot;focalPoint&quot;:{&quot;x&quot;:0.5,&quot;y&quot;:0.5},&quot;id&quot;:12959},{&quot;url&quot;:&quot;https:\\\/\\\/www.greenpeace.org\\\/static\\\/planet4-colombia-stateless\\\/2024\\\/09\\\/184556bc-img_2159.jpg&quot;,&quot;focalPoint&quot;:{&quot;x&quot;:0.5,&quot;y&quot;:0.5},&quot;id&quot;:12958},{&quot;url&quot;:&quot;https:\\\/\\\/www.greenpeace.org\\\/static\\\/planet4-colombia-stateless\\\/2024\\\/09\\\/2b0a9fa3-200787_10150120437498671_648703670_6775318_7546968_n.jpg&quot;,&quot;focalPoint&quot;:{&quot;x&quot;:0.5,&quot;y&quot;:0.5},&quot;id&quot;:12957},{&quot;url&quot;:&quot;https:\\\/\\\/www.greenpeace.org\\\/static\\\/planet4-colombia-stateless\\\/2024\\\/09\\\/d623e521-img_2150.jpg&quot;,&quot;focalPoint&quot;:{&quot;x&quot;:0.5,&quot;y&quot;:0.5},&quot;id&quot;:12954},{&quot;url&quot;:&quot;https:\\\/\\\/www.greenpeace.org\\\/static\\\/planet4-colombia-stateless\\\/2024\\\/09\\\/a0353f77-salvar-los-paramos.jpg&quot;,&quot;focalPoint&quot;:{&quot;x&quot;:0.5,&quot;y&quot;:0.5},&quot;id&quot;:12975},{&quot;url&quot;:&quot;https:\\\/\\\/www.greenpeace.org\\\/static\\\/planet4-colombia-stateless\\\/2024\\\/09\\\/7608e6ef-dsc_0646.jpg&quot;,&quot;focalPoint&quot;:{&quot;x&quot;:0.5,&quot;y&quot;:0.5},&quot;id&quot;:12969}],&quot;className&quot;:&quot;is-style-grid&quot;,&quot;gallery_block_style&quot;:0,&quot;gallery_block_title&quot;:&quot;&quot;,&quot;gallery_block_description&quot;:&quot;&quot;,&quot;gallery_block_focus_points&quot;:&quot;&quot;,&quot;images&quot;:[{&quot;image_src&quot;:&quot;https:\\\/\\\/www.greenpeace.org\\\/static\\\/planet4-colombia-stateless\\\/2024\\\/09\\\/e0d4a789-230531_10150176374073671_648703670_7112467_1529635_n.jpg&quot;,&quot;image_srcset&quot;:&quot;https:\\\/\\\/www.greenpeace.org\\\/static\\\/planet4-colombia-stateless\\\/2024\\\/09\\\/e0d4a789-230531_10150176374073671_648703670_7112467_1529635_n.jpg 709w, https:\\\/\\\/www.greenpeace.org\\\/static\\\/planet4-colombia-stateless\\\/2024\\\/09\\\/e0d4a789-230531_10150176374073671_648703670_7112467_1529635_n-300x225.jpg 300w, https:\\\/\\\/www.greenpeace.org\\\/static\\\/planet4-colombia-stateless\\\/2024\\\/09\\\/e0d4a789-230531_10150176374073671_648703670_7112467_1529635_n-454x340.jpg 454w&quot;,&quot;image_sizes&quot;:false,&quot;alt_text&quot;:&quot;&quot;,&quot;caption&quot;:&quot;&quot;,&quot;focus_image&quot;:&quot;&quot;,&quot;credits&quot;:&quot;&quot;},{&quot;image_src&quot;:&quot;https:\\\/\\\/www.greenpeace.org\\\/static\\\/planet4-colombia-stateless\\\/2024\\\/09\\\/84745c04-264051_10150214312123671_648703670_7428193_67986_n.jpg&quot;,&quot;image_srcset&quot;:&quot;https:\\\/\\\/www.greenpeace.org\\\/static\\\/planet4-colombia-stateless\\\/2024\\\/09\\\/84745c04-264051_10150214312123671_648703670_7428193_67986_n.jpg 709w, https:\\\/\\\/www.greenpeace.org\\\/static\\\/planet4-colombia-stateless\\\/2024\\\/09\\\/84745c04-264051_10150214312123671_648703670_7428193_67986_n-300x225.jpg 300w, https:\\\/\\\/www.greenpeace.org\\\/static\\\/planet4-colombia-stateless\\\/2024\\\/09\\\/84745c04-264051_10150214312123671_648703670_7428193_67986_n-454x340.jpg 454w&quot;,&quot;image_sizes&quot;:false,&quot;alt_text&quot;:&quot;&quot;,&quot;caption&quot;:&quot;&quot;,&quot;focus_image&quot;:&quot;&quot;,&quot;credits&quot;:&quot;&quot;},{&quot;image_src&quot;:&quot;https:\\\/\\\/www.greenpeace.org\\\/static\\\/planet4-colombia-stateless\\\/2024\\\/09\\\/e5b4ef3e-265136_217550861612871_185299778171313_674610_184532_n.jpg&quot;,&quot;image_srcset&quot;:&quot;https:\\\/\\\/www.greenpeace.org\\\/static\\\/planet4-colombia-stateless\\\/2024\\\/09\\\/e5b4ef3e-265136_217550861612871_185299778171313_674610_184532_n.jpg 531w, https:\\\/\\\/www.greenpeace.org\\\/static\\\/planet4-colombia-stateless\\\/2024\\\/09\\\/e5b4ef3e-265136_217550861612871_185299778171313_674610_184532_n-225x300.jpg 225w, https:\\\/\\\/www.greenpeace.org\\\/static\\\/planet4-colombia-stateless\\\/2024\\\/09\\\/e5b4ef3e-265136_217550861612871_185299778171313_674610_184532_n-255x340.jpg 255w&quot;,&quot;image_sizes&quot;:false,&quot;alt_text&quot;:&quot;&quot;,&quot;caption&quot;:&quot;&quot;,&quot;focus_image&quot;:&quot;&quot;,&quot;credits&quot;:&quot;&quot;},{&quot;image_src&quot;:&quot;https:\\\/\\\/www.greenpeace.org\\\/static\\\/planet4-colombia-stateless\\\/2024\\\/09\\\/184556bc-img_2159.jpg&quot;,&quot;image_srcset&quot;:&quot;https:\\\/\\\/www.greenpeace.org\\\/static\\\/planet4-colombia-stateless\\\/2024\\\/09\\\/184556bc-img_2159.jpg 709w, https:\\\/\\\/www.greenpeace.org\\\/static\\\/planet4-colombia-stateless\\\/2024\\\/09\\\/184556bc-img_2159-300x225.jpg 300w, https:\\\/\\\/www.greenpeace.org\\\/static\\\/planet4-colombia-stateless\\\/2024\\\/09\\\/184556bc-img_2159-454x340.jpg 454w&quot;,&quot;image_sizes&quot;:false,&quot;alt_text&quot;:&quot;&quot;,&quot;caption&quot;:&quot;&quot;,&quot;focus_image&quot;:&quot;&quot;,&quot;credits&quot;:&quot;&quot;},{&quot;image_src&quot;:&quot;https:\\\/\\\/www.greenpeace.org\\\/static\\\/planet4-colombia-stateless\\\/2024\\\/09\\\/2b0a9fa3-200787_10150120437498671_648703670_6775318_7546968_n.jpg&quot;,&quot;image_srcset&quot;:&quot;https:\\\/\\\/www.greenpeace.org\\\/static\\\/planet4-colombia-stateless\\\/2024\\\/09\\\/2b0a9fa3-200787_10150120437498671_648703670_6775318_7546968_n.jpg 709w, https:\\\/\\\/www.greenpeace.org\\\/static\\\/planet4-colombia-stateless\\\/2024\\\/09\\\/2b0a9fa3-200787_10150120437498671_648703670_6775318_7546968_n-300x225.jpg 300w, https:\\\/\\\/www.greenpeace.org\\\/static\\\/planet4-colombia-stateless\\\/2024\\\/09\\\/2b0a9fa3-200787_10150120437498671_648703670_6775318_7546968_n-454x340.jpg 454w&quot;,&quot;image_sizes&quot;:false,&quot;alt_text&quot;:&quot;&quot;,&quot;caption&quot;:&quot;&quot;,&quot;focus_image&quot;:&quot;&quot;,&quot;credits&quot;:&quot;&quot;},{&quot;image_src&quot;:&quot;https:\\\/\\\/www.greenpeace.org\\\/static\\\/planet4-colombia-stateless\\\/2024\\\/09\\\/d623e521-img_2150.jpg&quot;,&quot;image_srcset&quot;:&quot;https:\\\/\\\/www.greenpeace.org\\\/static\\\/planet4-colombia-stateless\\\/2024\\\/09\\\/d623e521-img_2150.jpg 709w, https:\\\/\\\/www.greenpeace.org\\\/static\\\/planet4-colombia-stateless\\\/2024\\\/09\\\/d623e521-img_2150-300x225.jpg 300w, https:\\\/\\\/www.greenpeace.org\\\/static\\\/planet4-colombia-stateless\\\/2024\\\/09\\\/d623e521-img_2150-454x340.jpg 454w&quot;,&quot;image_sizes&quot;:false,&quot;alt_text&quot;:&quot;&quot;,&quot;caption&quot;:&quot;&quot;,&quot;focus_image&quot;:&quot;&quot;,&quot;credits&quot;:&quot;&quot;},{&quot;image_src&quot;:&quot;https:\\\/\\\/www.greenpeace.org\\\/static\\\/planet4-colombia-stateless\\\/2024\\\/09\\\/a0353f77-salvar-los-paramos.jpg&quot;,&quot;image_srcset&quot;:&quot;https:\\\/\\\/www.greenpeace.org\\\/static\\\/planet4-colombia-stateless\\\/2024\\\/09\\\/a0353f77-salvar-los-paramos.jpg 604w, https:\\\/\\\/www.greenpeace.org\\\/static\\\/planet4-colombia-stateless\\\/2024\\\/09\\\/a0353f77-salvar-los-paramos-300x225.jpg 300w, https:\\\/\\\/www.greenpeace.org\\\/static\\\/planet4-colombia-stateless\\\/2024\\\/09\\\/a0353f77-salvar-los-paramos-454x340.jpg 454w&quot;,&quot;image_sizes&quot;:false,&quot;alt_text&quot;:&quot;&quot;,&quot;caption&quot;:&quot;&quot;,&quot;focus_image&quot;:&quot;&quot;,&quot;credits&quot;:&quot;&quot;},{&quot;image_src&quot;:&quot;https:\\\/\\\/www.greenpeace.org\\\/static\\\/planet4-colombia-stateless\\\/2024\\\/09\\\/7608e6ef-dsc_0646.jpg&quot;,&quot;image_srcset&quot;:&quot;https:\\\/\\\/www.greenpeace.org\\\/static\\\/planet4-colombia-stateless\\\/2024\\\/09\\\/7608e6ef-dsc_0646.jpg 1024w, https:\\\/\\\/www.greenpeace.org\\\/static\\\/planet4-colombia-stateless\\\/2024\\\/09\\\/7608e6ef-dsc_0646-300x199.jpg 300w, https:\\\/\\\/www.greenpeace.org\\\/static\\\/planet4-colombia-stateless\\\/2024\\\/09\\\/7608e6ef-dsc_0646-768x510.jpg 768w, https:\\\/\\\/www.greenpeace.org\\\/static\\\/planet4-colombia-stateless\\\/2024\\\/09\\\/7608e6ef-dsc_0646-510x340.jpg 510w&quot;,&quot;image_sizes&quot;:false,&quot;alt_text&quot;:&quot;&quot;,&quot;caption&quot;:&quot;&quot;,&quot;focus_image&quot;:&quot;&quot;,&quot;credits&quot;:&quot;&quot;}]}}\"><section class=\"block gallery-grid is-style-grid\"><\/section><\/div>\n<p>Nuestro <strong>voluntariado creci\u00f3 r\u00e1pidamente<\/strong> y surgieron <strong>grupos de apoyo<\/strong> en ciudades como <strong>Medell\u00edn, Cali, Pereira y Barranquilla,<\/strong> con un<strong> gran compromiso <\/strong>de querer aportar en las diferentes campa\u00f1as de la organizaci\u00f3n a nivel local y global.<\/p>\n\n<figure class=\"wp-block-image aligncenter size-full\"><img loading=\"lazy\" decoding=\"async\" width=\"2500\" height=\"1666\" src=\"https:\/\/www.greenpeace.org\/static\/planet4-colombia-stateless\/2024\/09\/aa55d3df-gpc_policiaimpide_01.jpg\" alt=\"\" class=\"wp-image-13089\" srcset=\"https:\/\/www.greenpeace.org\/static\/planet4-colombia-stateless\/2024\/09\/aa55d3df-gpc_policiaimpide_01.jpg 2500w, https:\/\/www.greenpeace.org\/static\/planet4-colombia-stateless\/2024\/09\/aa55d3df-gpc_policiaimpide_01-300x200.jpg 300w, https:\/\/www.greenpeace.org\/static\/planet4-colombia-stateless\/2024\/09\/aa55d3df-gpc_policiaimpide_01-1024x682.jpg 1024w, https:\/\/www.greenpeace.org\/static\/planet4-colombia-stateless\/2024\/09\/aa55d3df-gpc_policiaimpide_01-768x512.jpg 768w, https:\/\/www.greenpeace.org\/static\/planet4-colombia-stateless\/2024\/09\/aa55d3df-gpc_policiaimpide_01-1536x1024.jpg 1536w, https:\/\/www.greenpeace.org\/static\/planet4-colombia-stateless\/2024\/09\/aa55d3df-gpc_policiaimpide_01-2048x1366.jpg 2048w, https:\/\/www.greenpeace.org\/static\/planet4-colombia-stateless\/2024\/09\/aa55d3df-gpc_policiaimpide_01-510x340.jpg 510w\" sizes=\"auto, (max-width: 2500px) 100vw, 2500px\" \/><figcaption class=\"wp-element-caption\">\u00a9 Greenpeace \/ Alberto Gonzalez Cruz<\/figcaption><\/figure>\n\n<p>Adicionalmente, se acompa\u00f1aron iniciativas de otros colectivos para promover temas ambientales, como la recolecci\u00f3n de pilas, el reciclaje, el uso del transporte limpio, la descontaminaci\u00f3n de los r\u00edos y la defensa de los ecosistemas. El plan de trabajo, incluy\u00f3 visitas a centros educativos, para dar a<br>conocer las campa\u00f1as y motivar a la acci\u00f3n. A diario se recib\u00edan nuevas solicitudes de ciudadanos que quer\u00edan ser parte delequipo y as\u00ed fue creciendo un grupo multidisciplinario, realizando tareas espec\u00edficas de dise\u00f1o, manualidades y divulgaci\u00f3n.<\/p>\n\n<p>As\u00ed comenz\u00f3 la historia de amor entre la primera generaci\u00f3n de voluntarios y Greenpeace en nuestro pa\u00eds.&nbsp;<br><\/p>\n","protected":false},"excerpt":{"rendered":"<p>La oficina de Greenpeace en Colombia se inici\u00f3 gracias a cientos de colombianos y colombianas sensibles ante las problem\u00e1ticas ambientales que decidieron empezar su trayectoria en la organizaci\u00f3n desde el voluntariado y el activismo digital. Despu\u00e9s de muchos a\u00f1os de espera muchas personas recib\u00edan en su casilla de correo un mail con el asunto &#8220;Primera [&hellip;]<\/p>\n","protected":false},"author":21,"featured_media":12970,"parent":0,"menu_order":0,"comment_status":"closed","ping_status":"closed","template":"","meta":{"ep_exclude_from_search":false,"p4_hide_page_title_checkbox":"","p4_title":"","p4_subtitle":"","p4_description":"","background_image_id":"","background_image":"","p4_button_title":"","p4_button_link":"","p4_button_link_checkbox":"","p4_og_title":"","p4_og_description":"","p4_og_image":"","p4_og_image_id":"","p4_seo_canonical_url":"","p4_campaign_name":"","p4_local_project":"","p4_basket_name":"","p4_department":"","footnotes":""},"categories":[],"tags":[],"class_list":["post-12950","page","type-page","status-publish","has-post-thumbnail","hentry"],"_links":{"self":[{"href":"https:\/\/www.greenpeace.org\/colombia\/wp-json\/wp\/v2\/pages\/12950","targetHints":{"allow":["GET"]}}],"collection":[{"href":"https:\/\/www.greenpeace.org\/colombia\/wp-json\/wp\/v2\/pages"}],"about":[{"href":"https:\/\/www.greenpeace.org\/colombia\/wp-json\/wp\/v2\/types\/page"}],"author":[{"embeddable":true,"href":"https:\/\/www.greenpeace.org\/colombia\/wp-json\/wp\/v2\/users\/21"}],"replies":[{"embeddable":true,"href":"https:\/\/www.greenpeace.org\/colombia\/wp-json\/wp\/v2\/comments?post=12950"}],"version-history":[{"count":10,"href":"https:\/\/www.greenpeace.org\/colombia\/wp-json\/wp\/v2\/pages\/12950\/revisions"}],"predecessor-version":[{"id":15419,"href":"https:\/\/www.greenpeace.org\/colombia\/wp-json\/wp\/v2\/pages\/12950\/revisions\/15419"}],"wp:featuredmedia":[{"embeddable":true,"href":"https:\/\/www.greenpeace.org\/colombia\/wp-json\/wp\/v2\/media\/12970"}],"wp:attachment":[{"href":"https:\/\/www.greenpeace.org\/colombia\/wp-json\/wp\/v2\/media?parent=12950"}],"wp:term":[{"taxonomy":"category","embeddable":true,"href":"https:\/\/www.greenpeace.org\/colombia\/wp-json\/wp\/v2\/categories?post=12950"},{"taxonomy":"post_tag","embeddable":true,"href":"https:\/\/www.greenpeace.org\/colombia\/wp-json\/wp\/v2\/tags?post=12950"}],"curies":[{"name":"wp","href":"https:\/\/api.w.org\/{rel}","templated":true}]}}