{"id":13379,"date":"2024-10-02T19:27:37","date_gmt":"2024-10-02T19:27:37","guid":{"rendered":"https:\/\/www.greenpeace.org\/colombia\/?page_id=13379"},"modified":"2024-11-14T15:01:19","modified_gmt":"2024-11-14T15:01:19","slug":"que-es-la-cop16","status":"publish","type":"page","link":"https:\/\/www.greenpeace.org\/colombia\/que-es-la-cop16\/","title":{"rendered":"\u00bfQu\u00e9 es la #COP16?"},"content":{"rendered":"\n<figure class=\"wp-block-image size-large\"><img loading=\"lazy\" decoding=\"async\" width=\"1024\" height=\"683\" src=\"https:\/\/www.greenpeace.org\/static\/planet4-colombia-stateless\/2024\/10\/dc9ac8c4-gp-banner-cop16-credito-jair-f.-coll-greenpeace-4-1024x683.jpg\" alt=\"\" class=\"wp-image-13621\" srcset=\"https:\/\/www.greenpeace.org\/static\/planet4-colombia-stateless\/2024\/10\/dc9ac8c4-gp-banner-cop16-credito-jair-f.-coll-greenpeace-4-1024x683.jpg 1024w, https:\/\/www.greenpeace.org\/static\/planet4-colombia-stateless\/2024\/10\/dc9ac8c4-gp-banner-cop16-credito-jair-f.-coll-greenpeace-4-300x200.jpg 300w, https:\/\/www.greenpeace.org\/static\/planet4-colombia-stateless\/2024\/10\/dc9ac8c4-gp-banner-cop16-credito-jair-f.-coll-greenpeace-4-768x512.jpg 768w, https:\/\/www.greenpeace.org\/static\/planet4-colombia-stateless\/2024\/10\/dc9ac8c4-gp-banner-cop16-credito-jair-f.-coll-greenpeace-4-1536x1024.jpg 1536w, https:\/\/www.greenpeace.org\/static\/planet4-colombia-stateless\/2024\/10\/dc9ac8c4-gp-banner-cop16-credito-jair-f.-coll-greenpeace-4-2048x1366.jpg 2048w, https:\/\/www.greenpeace.org\/static\/planet4-colombia-stateless\/2024\/10\/dc9ac8c4-gp-banner-cop16-credito-jair-f.-coll-greenpeace-4-510x340.jpg 510w\" sizes=\"auto, (max-width: 1024px) 100vw, 1024px\" \/><figcaption class=\"wp-element-caption\">.<\/figcaption><\/figure>\n\n<h4 class=\"wp-block-heading\"><strong>La CBD, es la cumbre de biodiversidad m\u00e1s importante a nivel mundial. A menudo se la considera como el principal instrumento internacional para el desarrollo sostenible. En estas reuniones se deciden medidas que promueven un futuro sostenible desde ecosistemas, especies y recursos gen\u00e9ticos, incluso biotecnolog\u00eda. Son reuniones que marcan decisiones important\u00edsimas de las que dependemos para nuestra supervivencia, modos y medios de vida.<\/strong><br><\/h4>\n\n<p>Nuestra ciudad de <strong>Cali<\/strong> <strong>fue la sede de la 16\u00b0 Conferencia de las Partes (COP16) entre el 21 de octubre y el 1 de noviembre<\/strong>. Se trata del espacio de discusi\u00f3n y negociaci\u00f3n m\u00e1s importante a nivel mundial del <strong>Convenio de Diversidad Biol\u00f3gica (CDB)<\/strong> de la Organizaci\u00f3n de las Naciones Unidas (ONU).<\/p>\n\n<p class=\"has-grey-200-background-color has-background\">El <strong>Convenio Sobre la Diversidad Biol\u00f3gica (CDB)<\/strong> fue firmado por l\u00edderes de <strong>150 pa\u00edses<\/strong> en la Cumbre de la Tierra de R\u00edo de Janeiro en<strong> 1992<\/strong>. Entr\u00f3 en vigor el 29 de diciembre de 1993 y constituye un tratado internacional casi universal, ya que cuenta con m\u00e1s de 196 partes contratantes. <\/p>\n\n<p>Por otro lado, la <strong>COP<\/strong>, es la <strong>Conferencia de las Partes<\/strong>, el<strong> \u00f3rgano supremo que toma las decisiones del Convenio sobre la Diversidad Biol\u00f3gica<\/strong>. <\/p>\n\n<p>Su objetivo es <strong>establecer agendas, compromisos y marcos de acci\u00f3n para conservar la diversidad biol\u00f3gica a todos los niveles: ecosistemas, especies y recursos gen\u00e9ticos<\/strong> (son todo material proveniente de cualquier forma de vida: <strong>vegetal, animal, microorganismo<\/strong>. Y su conservaci\u00f3n es clave para el mantenimiento de la biodiversidad y la adaptaci\u00f3n al cambio clim\u00e1tico).<\/p>\n\n<figure class=\"wp-block-image aligncenter size-full\"><img loading=\"lazy\" decoding=\"async\" width=\"2560\" height=\"1707\" src=\"https:\/\/www.greenpeace.org\/static\/planet4-colombia-stateless\/2024\/10\/90c41092-gpco-rompecabezas-parque-panamericano-credito-nathalia-angarita-greenpeace-8-scaled.jpg\" alt=\"\" class=\"wp-image-13700\" srcset=\"https:\/\/www.greenpeace.org\/static\/planet4-colombia-stateless\/2024\/10\/90c41092-gpco-rompecabezas-parque-panamericano-credito-nathalia-angarita-greenpeace-8-scaled.jpg 2560w, https:\/\/www.greenpeace.org\/static\/planet4-colombia-stateless\/2024\/10\/90c41092-gpco-rompecabezas-parque-panamericano-credito-nathalia-angarita-greenpeace-8-300x200.jpg 300w, https:\/\/www.greenpeace.org\/static\/planet4-colombia-stateless\/2024\/10\/90c41092-gpco-rompecabezas-parque-panamericano-credito-nathalia-angarita-greenpeace-8-1024x683.jpg 1024w, https:\/\/www.greenpeace.org\/static\/planet4-colombia-stateless\/2024\/10\/90c41092-gpco-rompecabezas-parque-panamericano-credito-nathalia-angarita-greenpeace-8-768x512.jpg 768w, https:\/\/www.greenpeace.org\/static\/planet4-colombia-stateless\/2024\/10\/90c41092-gpco-rompecabezas-parque-panamericano-credito-nathalia-angarita-greenpeace-8-1536x1024.jpg 1536w, https:\/\/www.greenpeace.org\/static\/planet4-colombia-stateless\/2024\/10\/90c41092-gpco-rompecabezas-parque-panamericano-credito-nathalia-angarita-greenpeace-8-2048x1366.jpg 2048w, https:\/\/www.greenpeace.org\/static\/planet4-colombia-stateless\/2024\/10\/90c41092-gpco-rompecabezas-parque-panamericano-credito-nathalia-angarita-greenpeace-8-510x340.jpg 510w\" sizes=\"auto, (max-width: 2560px) 100vw, 2560px\" \/><figcaption><div class=\"credit icon-left\"> \u00a9 Nathalia Angarita \/ Greenpeace<\/div><\/figcaption><\/figure>\n\n<p>La conferencia <strong>se celebra cada dos a\u00f1os<\/strong> y, cada vez, busca tomar medidas determinantes para la protecci\u00f3n de la diversidad biol\u00f3gica.<\/p>\n\n<p class=\"has-text-align-center\">En este contexto, se busc\u00f3 <strong>definir estrategias y acciones<\/strong> -que las naciones deber\u00e1n implementar-<strong> para detener la p\u00e9rdida de biodiversidad global<\/strong>, uno de los tres factores que impulsan la triple crisis clim\u00e1tica.\u00a0<\/p>\n\n<p>\u00a0Los retos que se plantearon fueron :<\/p>\n\n<ul class=\"wp-block-list\">\n<li><strong>Implementaci\u00f3n del Marco Global de Biodiversidad Kunming-Montreal, <\/strong>aprobado en la COP15 en Montreal, Canad\u00e1, en 2022.<strong> <\/strong>Se espera que los pa\u00edses presenten la actualizaci\u00f3n de sus <strong>Estrategias y Planes de Acci\u00f3n Nacionales sobre Biodiversidad (NBSAPs) <\/strong>para cumplir con las <strong>23 metas que se fijaron en la COP15 y 4 metas <\/strong>relacionadas con la conservaci\u00f3n, uso sostenible de la biodiversidad, al igual que al acceso y distribuci\u00f3n de los beneficios asociados al uso a los recursos gen\u00e9ticos con el fin de reducir la p\u00e9rdida de biodiversidad a 2050. Hasta el momento<strong> solo 20 pa\u00edses (10%) lo han presentado<\/strong>. Tambi\u00e9n la definici\u00f3n de mecanismos de reporte, monitoreo, verificaci\u00f3n y cumplimiento de esos planes.<\/li>\n<\/ul>\n\n<ul class=\"wp-block-list\">\n<li><strong>Desarrollo del marco de seguimiento.<\/strong> Se espera que durante la COP16 se siga desarrollando el marco de seguimiento y se contin\u00fae avanzando en la movilizaci\u00f3n de recursos para la implementaci\u00f3n del Marco Global.<\/li>\n<\/ul>\n\n<ul class=\"wp-block-list\">\n<li><strong>Cumplir el compromiso de naciones <\/strong>de Europa, Ocean\u00eda, Asia Oriental y Am\u00e9rica del Norte, que hist\u00f3ricamente se han beneficiado de la extracci\u00f3n de recursos naturales del Sur Global, <strong>de<\/strong><strong> <\/strong><strong>contribuir con 20 mil millones de d\u00f3lares de aqu\u00ed a 2025 para financiar la protecci\u00f3n y restauraci\u00f3n de la naturaleza en los pa\u00edses de dicho Sur.<\/strong> Los gobiernos tienen que comprometerse a entregar 20.000 millones de d\u00f3lares anuales para 2025 (meta 19 del KM-GBF), y 30.000 millones de d\u00f3lares anuales para 2030, habiendo movilizado 200.000 millones de d\u00f3lares para 2030 en total, pero todav\u00eda est\u00e1n muy lejos.<\/li>\n<\/ul>\n\n<ul class=\"wp-block-list\">\n<li><strong>Sinergia entre Clima y Biodiversidad: <\/strong>La decisiones de la COP16 deber\u00edan exigir medidas sobre las <strong>sinergias entre las convenciones del clima y biodiversidad<\/strong> a nivel internacional a trav\u00e9s de un programa de trabajo conjunto y a nivel nacional, entre los compromisos nacionales de las Partes con la biodiversidad y la <strong>acci\u00f3n clim\u00e1tica<\/strong>, con la promoci\u00f3n de la integridad de los ecosistemas como medida clave.<\/li>\n\n\n\n<li>Las Partes tambi\u00e9n deben avanzar en la<strong> aplicaci\u00f3n de \u00c1reas Marinas Protegidas <\/strong>como una herramienta para implementar el Tratado 30\u00d730 \u2013 el objetivo de proteger el 30% de la tierra y el mar para el a\u00f1o 2030.<\/li>\n\n\n\n<li>Asimismo, se acordar\u00e1n mecanismos de <strong>participaci\u00f3n de pueblos ind\u00edgenas y comunidades locales<\/strong> en los procesos, entre otros y <strong>se hablar\u00e1 de<\/strong> recursos<strong> y financiaci\u00f3n para cumplir los objetivos<\/strong>.<\/li>\n<\/ul>\n\n<h4 class=\"wp-block-heading has-grey-200-background-color has-background\"><br><strong>El 2 de noviembre al finalizar la COP16 <\/strong>Greenpeace\u00a0<strong>celebr\u00f3 la creaci\u00f3n en la COP16 de un nuevo organismo dedicado a los derechos, roles, territorios y conocimientos de los pueblos ind\u00edgenas, as\u00ed como los avances en la protecci\u00f3n de los oc\u00e9anos y en la integraci\u00f3n de la biodiversidad y la acci\u00f3n clim\u00e1tica<\/strong>. Sin embargo, persiste la decepci\u00f3n respecto al largo camino que a\u00fan queda para cerrar la brecha financiera.<\/h4>\n\n<p><strong>Colombia logr\u00f3 aprovechar la COP16 para llevar gran parte de la agenda prioritaria del Sur Global al centro de las negociaciones<\/strong>,<strong>\u00a0luchando hasta el \u00faltimo minuto para alcanzar los acuerdos sobre el financiamiento<\/strong>. La creaci\u00f3n de un organismo dedicado a los pueblos ind\u00edgenas y las comunidades locales, el\u00a0<strong>reconocimiento de las comunidades afrodescendientes dentro de la convenci\u00f3n, y los avances en la agenda de oc\u00e9anos son avances sumamente importantes\u00a0<\/strong>en medio de negociaciones largas y dif\u00edciles.<\/p>\n\n<p>Pero ahora es fundamental que<strong>\u00a0estos acuerdos se conviertan en la base de acciones concretas para proteger la naturaleza<\/strong>, especialmente en nuestra regi\u00f3n. <\/p>\n\n<p>Con la COP30 de Brasil en el horizonte,\u00a0<strong>Am\u00e9rica Latina no puede permitirse m\u00e1s p\u00e9rdida de biodiversidad, y necesitamos implementar de manera efectiva los acuerdos adoptados a nivel global<\/strong>. <\/p>\n\n<p>La movilizaci\u00f3n de recursos comprometida por los pa\u00edses desarrollados debe cumplirse de manera inmediata, sin m\u00e1s excusas.\u00a0<strong>Es inaceptable que los pa\u00edses ricos, adem\u00e1s de no cumplir con el compromiso de 20 mil millones de d\u00f3lares<\/strong>, no hayan estado dispuestos a buscar consensos en uno de los temas m\u00e1s cruciales: el financiamiento.<\/p>\n\n<p><\/p>\n","protected":false},"excerpt":{"rendered":"<p>La CBD, es la cumbre de biodiversidad m\u00e1s importante a nivel mundial. A menudo se la considera como el principal instrumento internacional para el desarrollo sostenible. En estas reuniones se deciden medidas que promueven un futuro sostenible desde ecosistemas, especies y recursos gen\u00e9ticos, incluso biotecnolog\u00eda. Son reuniones que marcan decisiones important\u00edsimas de las que dependemos [&hellip;]<\/p>\n","protected":false},"author":21,"featured_media":13338,"parent":0,"menu_order":0,"comment_status":"closed","ping_status":"closed","template":"","meta":{"ep_exclude_from_search":false,"p4_hide_page_title_checkbox":"","p4_title":"","p4_subtitle":"","p4_description":"","background_image_id":"","background_image":"","p4_button_title":"","p4_button_link":"","p4_button_link_checkbox":"","p4_og_title":"","p4_og_description":"","p4_og_image":"","p4_og_image_id":"","p4_seo_canonical_url":"","p4_campaign_name":"","p4_local_project":"","p4_basket_name":"","p4_department":"","footnotes":""},"categories":[],"tags":[],"class_list":["post-13379","page","type-page","status-publish","has-post-thumbnail","hentry"],"_links":{"self":[{"href":"https:\/\/www.greenpeace.org\/colombia\/wp-json\/wp\/v2\/pages\/13379","targetHints":{"allow":["GET"]}}],"collection":[{"href":"https:\/\/www.greenpeace.org\/colombia\/wp-json\/wp\/v2\/pages"}],"about":[{"href":"https:\/\/www.greenpeace.org\/colombia\/wp-json\/wp\/v2\/types\/page"}],"author":[{"embeddable":true,"href":"https:\/\/www.greenpeace.org\/colombia\/wp-json\/wp\/v2\/users\/21"}],"replies":[{"embeddable":true,"href":"https:\/\/www.greenpeace.org\/colombia\/wp-json\/wp\/v2\/comments?post=13379"}],"version-history":[{"count":13,"href":"https:\/\/www.greenpeace.org\/colombia\/wp-json\/wp\/v2\/pages\/13379\/revisions"}],"predecessor-version":[{"id":13915,"href":"https:\/\/www.greenpeace.org\/colombia\/wp-json\/wp\/v2\/pages\/13379\/revisions\/13915"}],"wp:featuredmedia":[{"embeddable":true,"href":"https:\/\/www.greenpeace.org\/colombia\/wp-json\/wp\/v2\/media\/13338"}],"wp:attachment":[{"href":"https:\/\/www.greenpeace.org\/colombia\/wp-json\/wp\/v2\/media?parent=13379"}],"wp:term":[{"taxonomy":"category","embeddable":true,"href":"https:\/\/www.greenpeace.org\/colombia\/wp-json\/wp\/v2\/categories?post=13379"},{"taxonomy":"post_tag","embeddable":true,"href":"https:\/\/www.greenpeace.org\/colombia\/wp-json\/wp\/v2\/tags?post=13379"}],"curies":[{"name":"wp","href":"https:\/\/api.w.org\/{rel}","templated":true}]}}