{"id":13382,"date":"2024-10-02T19:31:57","date_gmt":"2024-10-02T19:31:57","guid":{"rendered":"https:\/\/www.greenpeace.org\/colombia\/?page_id=13382"},"modified":"2024-10-17T05:09:32","modified_gmt":"2024-10-17T05:09:32","slug":"por-que-se-realiza-en-colombia","status":"publish","type":"page","link":"https:\/\/www.greenpeace.org\/colombia\/por-que-se-realiza-en-colombia\/","title":{"rendered":"\u00bfPor qu\u00e9 se realiza en Colombia?"},"content":{"rendered":"\n<figure class=\"wp-block-image size-large\"><img loading=\"lazy\" decoding=\"async\" width=\"1024\" height=\"683\" src=\"https:\/\/www.greenpeace.org\/static\/planet4-colombia-stateless\/2024\/09\/77215471-dsc_0258-1024x683.jpg\" alt=\"\" class=\"wp-image-12920\" srcset=\"https:\/\/www.greenpeace.org\/static\/planet4-colombia-stateless\/2024\/09\/77215471-dsc_0258-1024x683.jpg 1024w, https:\/\/www.greenpeace.org\/static\/planet4-colombia-stateless\/2024\/09\/77215471-dsc_0258-300x200.jpg 300w, https:\/\/www.greenpeace.org\/static\/planet4-colombia-stateless\/2024\/09\/77215471-dsc_0258-768x512.jpg 768w, https:\/\/www.greenpeace.org\/static\/planet4-colombia-stateless\/2024\/09\/77215471-dsc_0258-1536x1024.jpg 1536w, https:\/\/www.greenpeace.org\/static\/planet4-colombia-stateless\/2024\/09\/77215471-dsc_0258-2048x1366.jpg 2048w, https:\/\/www.greenpeace.org\/static\/planet4-colombia-stateless\/2024\/09\/77215471-dsc_0258-510x340.jpg 510w\" sizes=\"auto, (max-width: 1024px) 100vw, 1024px\" \/><\/figure>\n\n<h4 class=\"wp-block-heading\">Colombia es clave para la supervivencia del planeta y debe ser valorada y protegida. Nuestro pa\u00eds es uno de los m\u00e1s megadiversos de todo el planeta, cuenta con ecosistemas \u00fanicos debido a su posici\u00f3n geogr\u00e1fica privilegiada adem\u00e1s de las funciones y servicios ecosist\u00e9micos que est\u00e1n presentes; cada especie tiene un papel espec\u00edfico en su ecosistema.<span style=\"font-size: 11pt; font-family: &quot;Open Sans&quot;, sans-serif; color: rgb(18, 21, 18); font-variant-numeric: normal; font-variant-east-asian: normal; font-variant-alternates: normal; font-variant-position: normal; vertical-align: baseline;\"><\/span><\/h4>\n\n<p><strong>Colombia<\/strong> fue elegida como la sede de la<strong> COP16<\/strong> de Biodiversidad al ser uno de los pa\u00edses m\u00e1s biodiversos del mundo,<strong> <\/strong>\u00a0junto a otras naciones como Brasil, Indonesia, M\u00e9xico, Per\u00fa y Ecuador,\u00a0 <strong>albergando el 10% de la biodiversidad global en su territorio continental y mar\u00edtimo.\u00a0<\/strong><\/p>\n\n<p>Al ser un<strong> pa\u00eds megadiverso<\/strong> permite ser un punto de refugio, protecci\u00f3n a nivel local y a nivel mundial de muchas especies. Los servicios ecosist\u00e9micos de regulaci\u00f3n clim\u00e1tica, captura de carbono, banco gen\u00e9tico, entre otros, son claves para la conservaci\u00f3n del planeta Tierra.\u00a0<\/p>\n\n<p><strong>La biodiversidad en Colombia es de vital importancia<\/strong> no solo a nivel <strong>nacional<\/strong>, sino tambi\u00e9n a nivel <strong>global<\/strong>. Este pa\u00eds alberga una rica <strong>variedad de ecosistemas<\/strong> que sustentan una vasta gama de especies de flora y fauna, las cuales <strong>desempe\u00f1an funciones cruciales en el mantenimiento de los ciclos naturales del planeta<\/strong>. <\/p>\n\n<p>Cada especie, ya sea un mam\u00edfero, un ave o una planta, tiene un rol espec\u00edfico en su ecosistema, contribuyendo al ciclo de nutrientes, la purificaci\u00f3n del agua y el aire, y la regulaci\u00f3n del clima. <strong>Esta riqueza biol\u00f3gica es fundamental para el bienestar humano<\/strong>, ya que muchos recursos naturales provienen directamente de estos ecosistemas, incluyendo alimentos, medicinas y materias primas.<\/p>\n\n<ul class=\"wp-block-list\">\n<li><strong>Una de cada diez especies conocidas en el mundo habita en el territorio colombiano.<\/strong> <strong>Esta riqueza natural proporciona una base fundamental para diversas funciones ambientales<\/strong> <strong>de las cuales dependen las sociedades humanas,<\/strong> incluyendo la producci\u00f3n de alimentos, la nutrici\u00f3n, y la salud. <\/li>\n\n\n\n<li>La <strong>biodiversidad <\/strong>no es, por lo tanto, un concepto lejano; <strong>afecta directamente nuestra vida diaria y bienestar.<\/strong> <\/li>\n\n\n\n<li>Colombia ocupa posiciones destacadas a nivel mundial en varios rankings de biodiversidad. Es el<strong> primer lugar en especies de aves y orqu\u00eddeas<\/strong>, el <strong>segundo en riqueza de plantas, anfibios, mariposas y peces de agua dulce,<\/strong> el<strong> tercer pa\u00eds en n\u00famero de especies de palmas y reptiles, y el cuarto en mam\u00edferos.<\/strong> <\/li>\n\n\n\n<li>Esta <strong>riqueza biol\u00f3gica<\/strong> es <strong>esencial<\/strong> para mantener la diversidad gen\u00e9tica y los ecosistemas que act\u00faan como <strong>&#8220;seguros&#8221; ambientales,proporcionando resiliencia frente a cambios y presiones externas, <\/strong>como enfermedades o condiciones clim\u00e1ticas adversas.<\/li>\n<\/ul>\n\n<h4 class=\"wp-block-heading\"><strong>\u00bfQu\u00e9 son los pa\u00edses megadiversos?<\/strong><\/h4>\n\n<p>Esta amplia diversidad <strong>no se distribuye de manera uniforme alrededor del globo<\/strong> sino que <strong>se concentra<\/strong> en ciertos pa\u00edses <strong>&#8220;megadiversos<\/strong>&#8220;, seg\u00fan los categoriz\u00f3<strong> <\/strong>Russell Alan Mittermeier, el primat\u00f3logo y antrop\u00f3logo que preside la asociaci\u00f3n cient\u00edfica Conservaci\u00f3n Internacional.<\/p>\n\n<p><strong>Hay 17 pa\u00edses considerados megadiversos. Entre todos albergan 70% de la biodiversidad mundial<\/strong>, lo que los convierte en <strong>piezas vitales para la conservaci\u00f3n, preservaci\u00f3n y regeneraci\u00f3n<\/strong> de la variedad de seres vivos a nivel mundial<strong>.<\/strong>&nbsp;<\/p>\n\n<p>Es decir, que esas<strong> tierras megadiversas<\/strong> tienen una desafiante responsabilidad en materia de gesti\u00f3n ambiental. En especial si se tiene en cuenta que <strong>muchas veces los efectos de la p\u00e9rdida de biodiversidad impactan con mayor severidad en las naciones del sur global,<\/strong> seg\u00fan puntualiza Mittermeier.<\/p>\n\n<h4 class=\"wp-block-heading\"><strong>Colombia, pa\u00eds megadiverso<\/strong><\/h4>\n\n<p>Entre nuestras fronteras existen ecosistemas \u00fanicos que son encargados de sustentar una vasta gama de especies de flora y fauna, las cuales <strong>desempe\u00f1an funciones cruciales en el mantenimiento de los ciclos naturales del planeta<\/strong>.<\/p>\n\n<p>Por ejemplo, albergamos <strong>31.000 especies de plantas<\/strong> (<strong>11% de la diversidad global), <\/strong>seg\u00fan el Sistema de Informaci\u00f3n sobre Biodiversidad de Colombia (SiB Colombia), y <strong>1,909 especies distintas de aves (Cali<\/strong>, en particular, se lleva el premio &#8220;<strong>La ciudad de las aves<\/strong>&#8221; debido a la gran cantidad de especies que habitan en su territorio).<\/p>\n\n<p>La diversidad de ecosistemas de Colombia (<strong>monta\u00f1as, selvas, desiertos, llanuras<\/strong> y <strong>costas) <\/strong>y la amplia variedad de especies que los habitan est\u00e1n relacionados a la posici\u00f3n geogr\u00e1fica privilegiada que ocupamos, en la <strong>intersecci\u00f3n del Ecuador y la Cordillera de los Andes<\/strong>.&nbsp;<\/p>\n\n<p>A su vez, la <strong>variabilidad clim\u00e1tica y las condiciones geol\u00f3gicas<\/strong> de Colombia tambi\u00e9n contribuyen a su alta biodiversidad.&nbsp;<\/p>\n\n<p>Sin embargo, es importante mencionar que esta <strong>riqueza est\u00e1 amenazada<\/strong>, especialmente en<strong> zonas altas como los Andes y la Amazon\u00eda<\/strong>, donde se prev\u00e9 que el cambio clim\u00e1tico aumente la vulnerabilidad de las especies entre 2041 y 2060.<br><br><strong>La regi\u00f3n Andina<\/strong>, que es <strong>la m\u00e1s densamente poblada<\/strong> del pa\u00eds, alberga <strong>m\u00e1s de la mitad de estas especies en peligro<\/strong>. Adem\u00e1s, es notable que m\u00e1s del <strong>25% de las aves pueden considerarse urbanas<\/strong>, destacando su interacci\u00f3n y adaptaci\u00f3n al entorno humano, osea 1 de cada 4 especies de aves vive en una urbe.<strong> Cali<\/strong>, en particular, se lleva el premio &#8220;<strong>La ciudad de las aves<\/strong>&#8221; debido a la gran cantidad de especies que habitan en su territorio<\/p>\n\n<p><\/p>\n","protected":false},"excerpt":{"rendered":"<p>Colombia es clave para la supervivencia del planeta y debe ser valorada y protegida. Nuestro pa\u00eds es uno de los m\u00e1s megadiversos de todo el planeta, cuenta con ecosistemas \u00fanicos debido a su posici\u00f3n geogr\u00e1fica privilegiada adem\u00e1s de las funciones y servicios ecosist\u00e9micos que est\u00e1n presentes; cada especie tiene un papel espec\u00edfico en su ecosistema. [&hellip;]<\/p>\n","protected":false},"author":21,"featured_media":12920,"parent":0,"menu_order":0,"comment_status":"closed","ping_status":"closed","template":"","meta":{"ep_exclude_from_search":false,"p4_hide_page_title_checkbox":"","p4_title":"","p4_subtitle":"","p4_description":"","background_image_id":"","background_image":"","p4_button_title":"","p4_button_link":"","p4_button_link_checkbox":"","p4_og_title":"","p4_og_description":"","p4_og_image":"","p4_og_image_id":"","p4_seo_canonical_url":"","p4_campaign_name":"","p4_local_project":"","p4_basket_name":"","p4_department":"","footnotes":""},"categories":[],"tags":[],"class_list":["post-13382","page","type-page","status-publish","has-post-thumbnail","hentry"],"_links":{"self":[{"href":"https:\/\/www.greenpeace.org\/colombia\/wp-json\/wp\/v2\/pages\/13382","targetHints":{"allow":["GET"]}}],"collection":[{"href":"https:\/\/www.greenpeace.org\/colombia\/wp-json\/wp\/v2\/pages"}],"about":[{"href":"https:\/\/www.greenpeace.org\/colombia\/wp-json\/wp\/v2\/types\/page"}],"author":[{"embeddable":true,"href":"https:\/\/www.greenpeace.org\/colombia\/wp-json\/wp\/v2\/users\/21"}],"replies":[{"embeddable":true,"href":"https:\/\/www.greenpeace.org\/colombia\/wp-json\/wp\/v2\/comments?post=13382"}],"version-history":[{"count":5,"href":"https:\/\/www.greenpeace.org\/colombia\/wp-json\/wp\/v2\/pages\/13382\/revisions"}],"predecessor-version":[{"id":13609,"href":"https:\/\/www.greenpeace.org\/colombia\/wp-json\/wp\/v2\/pages\/13382\/revisions\/13609"}],"wp:featuredmedia":[{"embeddable":true,"href":"https:\/\/www.greenpeace.org\/colombia\/wp-json\/wp\/v2\/media\/12920"}],"wp:attachment":[{"href":"https:\/\/www.greenpeace.org\/colombia\/wp-json\/wp\/v2\/media?parent=13382"}],"wp:term":[{"taxonomy":"category","embeddable":true,"href":"https:\/\/www.greenpeace.org\/colombia\/wp-json\/wp\/v2\/categories?post=13382"},{"taxonomy":"post_tag","embeddable":true,"href":"https:\/\/www.greenpeace.org\/colombia\/wp-json\/wp\/v2\/tags?post=13382"}],"curies":[{"name":"wp","href":"https:\/\/api.w.org\/{rel}","templated":true}]}}