{"id":13390,"date":"2024-10-02T19:50:30","date_gmt":"2024-10-02T19:50:30","guid":{"rendered":"https:\/\/www.greenpeace.org\/colombia\/?page_id=13390"},"modified":"2025-07-02T07:19:51","modified_gmt":"2025-07-02T07:19:51","slug":"por-que-la-cop16-es-clave-para-nuestro-futuro","status":"publish","type":"page","link":"https:\/\/www.greenpeace.org\/colombia\/por-que-la-cop16-es-clave-para-nuestro-futuro\/","title":{"rendered":"\u00bfPor qu\u00e9 la #COP16 es clave para nuestro futuro?"},"content":{"rendered":"\n<figure class=\"wp-block-image aligncenter size-full\"><img loading=\"lazy\" decoding=\"async\" width=\"800\" height=\"533\" src=\"https:\/\/www.greenpeace.org\/static\/planet4-colombia-stateless\/2024\/09\/092d720f-gp1su0ad_low-res-with-credit-line-800px.jpg\" alt=\"\" class=\"wp-image-13250\" srcset=\"https:\/\/www.greenpeace.org\/static\/planet4-colombia-stateless\/2024\/09\/092d720f-gp1su0ad_low-res-with-credit-line-800px.jpg 800w, https:\/\/www.greenpeace.org\/static\/planet4-colombia-stateless\/2024\/09\/092d720f-gp1su0ad_low-res-with-credit-line-800px-300x200.jpg 300w, https:\/\/www.greenpeace.org\/static\/planet4-colombia-stateless\/2024\/09\/092d720f-gp1su0ad_low-res-with-credit-line-800px-768x512.jpg 768w, https:\/\/www.greenpeace.org\/static\/planet4-colombia-stateless\/2024\/09\/092d720f-gp1su0ad_low-res-with-credit-line-800px-510x340.jpg 510w\" sizes=\"auto, (max-width: 800px) 100vw, 800px\" \/><\/figure>\n\n<p>Cada especie que vive en estas tierras, sea un mam\u00edfero, un ave o una planta, tiene un rol espec\u00edfico en su ecosistema, contribuyendo al ciclo de nutrientes, la purificaci\u00f3n del agua y el aire, y la regulaci\u00f3n del clima. <strong>La #COP16 es una oportunidad \u00fanica para movilizar a Colombia y al mundo en favor de la biodiversidad.\u00a0 Necesitamos acciones concretas y ambiciosas para asegurar la protecci\u00f3n y restauraci\u00f3n de nuestros ecosistemas antes de que sea demasiado tarde.\u00a0<\/strong><br><\/p>\n\n<p><strong>La riqueza biol\u00f3gica es fundamental para el bienestar humano<\/strong>, ya sea por los recursos naturales provienen directamente de estos ecosistemas, incluyendo<strong> alimentos, medicinas y materias primas <\/strong>como por las regulaci\u00f3n de ciclos como el del agua, nitr\u00f3geno, carbono, b\u00e1sicamente las bases para que se desarrolle la vida en la tierra .<\/p>\n\n<p>Por todo esto, <strong>la riqueza natural de Colombia es de vital importancia<\/strong> no solo a nivel <strong>nacional<\/strong>, sino tambi\u00e9n a nivel <strong>global<\/strong>.<\/p>\n\n<h4 class=\"wp-block-heading\">\u00bfCu\u00e1les son las consecuencias de perder la biodiversidad?<\/h4>\n\n<p>L<strong>a biodiversidad en Colombia est\u00e1 amenazada.<\/strong> Se ha observado una <strong>reducci\u00f3n del 18% en la biodiversidad,<\/strong> principalmente debido a la <strong>p\u00e9rdida de h\u00e1bitat natural<\/strong> ocasionada por la<strong> agricultura<\/strong> y la <strong>ganader\u00eda expansiva<\/strong>. Otros factores como la <strong>deforestaci\u00f3n, miner\u00eda ilegal, cultivos il\u00edcitos, sobreexplotaci\u00f3n de especies silvestres, tr\u00e1fico, caza, contaminaci\u00f3n del agua, expansi\u00f3n urbana e industrial, cambios clim\u00e1ticos, invasiones biol\u00f3gicas y especies invasoras<\/strong> tambi\u00e9n representan amenazas significativas.<\/p>\n\n<p class=\"has-grey-200-background-color has-background\"><strong>Los servicios ecosist\u00e9micos de regulaci\u00f3n clim\u00e1tica, captura de carbono, banco gen\u00e9tico , entre otros., son claves para la conservaci\u00f3n del planeta Tierra. Los ecosistemas ricos en biodiversidad<\/strong> pueden<strong> anticipar desastres naturales<\/strong>, <strong>proteger cuencas y suelos<\/strong>, y <strong>regular procesos como la acidificaci\u00f3n de los oc\u00e9anos,<\/strong> entre otros.<\/p>\n\n<p>El Instituto de Investigaci\u00f3n de Recursos Biol\u00f3gicos Alexander von Humboldt estima que Colombia alberga aproximadamente 56,343 especies, sin incluir microorganismos, lo que a\u00fan m\u00e1s subraya la importancia de proteger esta diversidad. Actualmente, se estima que <strong>cerca de 1,200 especies est\u00e1n amenazadas en el pa\u00eds<\/strong>, seg\u00fan datos de los Libros Rojos de Colombia y criterios de la Uni\u00f3n Internacional para la Conservaci\u00f3n de la Naturaleza (UICN).<\/p>\n\n<p><strong>La biodiversidad colombiana es un tesoro invaluable<\/strong> con<strong> implicaciones vitales para la sostenibilidad ambiental y social<\/strong>. Protegerla y conservarla debe ser una prioridad nacional e internacional, para asegurar que los servicios esenciales que proporciona sigan estando disponibles para las generaciones futuras.<\/p>\n\n<p class=\"has-grey-200-background-color has-background\">La<strong> p\u00e9rdida de esa biodiversidad<\/strong> va tener <strong>consecuencias<\/strong> inimaginables, solo algunos ejemplos de lo que podr\u00eda suceder:<br><br><strong>Desestabilizaci\u00f3n Econ\u00f3mica:<\/strong> La biodiversidad es fundamental para sectores claves de la <strong>econom\u00eda<\/strong> colombiana. Por ejemplo, sin los polinizadores, tanto la producci\u00f3n de caf\u00e9, un producto vital para la econom\u00eda del pa\u00eds,\u00a0 como la seguridad alimentaria, se ver\u00edan comprometidos. Cuando el cambio clim\u00e1tico, modifique las temperatura planetarias, las diferentes especies modificar\u00e1n sus distribuci\u00f3n, por lo que territorios donde antes se produc\u00edan ciertos frutos, o zonas donde antes se pescaba ciertas especies ya no se podr\u00e1n obtener estos recursos, afectando distintos sectores productivos. Asimismo, <strong>el turismo, que depende del atractivo natural del pa\u00eds, se desplomar\u00eda<\/strong>, privando a Colombia de una fuente importante de ingresos.<br><\/p>\n\n<p class=\"has-grey-200-background-color has-background\"><strong>Caos Clim\u00e1tico<\/strong>: La <strong>p\u00e9rdida de especies debilita la protecci\u00f3n<\/strong> natural que brindan los ecosistemas, <strong>aumentando la frecuencia y severidad de desastres naturales.<\/strong> Por ejemplo, en un lugar donde hay muchas especies de \u00e1rboles y en gran cantidad, es m\u00e1s f\u00e1cil que no existan inundaciones o aludes ya que los mismos \u00e1rboles hacen de sost\u00e9n del suelo y drenan el agua hacia napas subterr\u00e1neas, solo por poner un ejemplo.\u00a0 Por lo que en un escenario con menos biodiversidad, Los Andes y la costa atl\u00e1ntica estar\u00edan m\u00e1s susceptibles a inundaciones, mientras que La Amazon\u00eda y la Orinoqu\u00eda podr\u00edan enfrentar m\u00e1s incendios. A mayor biodiversidad, los ecosistemas son m\u00e1s resilientes.\u00a0<\/p>\n\n<p class=\"has-grey-200-background-color has-background\"><br><strong>P\u00e9rdida cultural<\/strong>: Las comunidades ind\u00edgenas, como los Kogi, Ember\u00e1 y Wayuu, sufrir\u00edan una p\u00e9rdida profunda de su herencia cultural. La desaparici\u00f3n de plantas medicinales comprometer\u00eda los rituales de sanaci\u00f3n tradicionales, erosionando el conocimiento ancestral. La conexi\u00f3n con los ancestros se debilitar\u00eda, y las historias y mitos que conforman el realismo m\u00e1gico de su cultura podr\u00edan perderse.<\/p>\n\n<h4 class=\"wp-block-heading\"><strong>Desastres socioambientales como consecuencia de la falta de biodiversidad.\u00a0<\/strong><\/h4>\n\n<p>El <strong>cambio clim\u00e1tico<\/strong> es la principal amenaza ambiental con la que nuestro planeta est\u00e1 lidiando. Debido a la producci\u00f3n de energ\u00edas \u201csucias\u201d, la temperatura de la tierra est\u00e1 aumentando. Esto distorsiona el sistema clim\u00e1tico global. <strong>Entre un 20-50% de especies end\u00e9micas en sitios clave de Sudam\u00e9rica y Mesoam\u00e9rica podr\u00edan perderse si la temperatura global aumenta 2\u00b0C&#8221; (IPBES, 2020).<\/strong><\/p>\n\n<p>Los desastres socioambientales y la falta de biodiversidad est\u00e1n estrechamente relacionados.<strong> La falta de biodiversidad debilita la resiliencia de los ecosistemas y agrava el impacto de los eventos como los desastres naturales. <\/strong>\u00a0La biodiversidad es nuestra red de seguridad frente a los desastres naturales. Cuidarla es esencial para proteger nuestro planeta y a nosotros mismos.\u00a0<\/p>\n\n<p>Los ecosistemas biodiversos son como una red compleja de conexiones, donde cada especie cumple un papel espec\u00edfico. Esto <strong>garantiza la estabilidad y la capacidad de recuperaci\u00f3n frente a perturbaciones o desastres naturales de tipo geol\u00f3gico, hidrol\u00f3gico o meteorol\u00f3gico.<\/strong> <\/p>\n\n<p>Cuando la biodiversidad es baja o est\u00e1 alterada, los ecosistemas se vuelven m\u00e1s vulnerables a estos eventos. Actualmente, <strong>los desastres naturales asociados al cambio clim\u00e1tico se est\u00e1n presentando con mucha m\u00e1s frecuencia e intensidad. <\/strong><\/p>\n\n<p>Cerca del 90% de los desastres que ocurren en el mundo son de origen hidrometeorol\u00f3gico.<strong> Estos impactos provocan a su vez da\u00f1os econ\u00f3micos y sociales, que ser\u00e1n cada vez m\u00e1s graves, como da\u00f1os en las cosechas y en la producci\u00f3n alimentaria o riesgos en la salud.<\/strong><\/p>\n\n<p>Tipos de desastres:&nbsp;<\/p>\n\n<ul class=\"wp-block-list\">\n<li><strong>Inundaciones:<\/strong>\n<ul class=\"wp-block-list\">\n<li>El aumento del nivel del mar amenaza zonas costeras bajas en pa\u00edses como Chile, Colombia, Brasil, Argentina, Uruguay y Guyana. Esto puede llevar a inundaciones, erosi\u00f3n costera y salinizaci\u00f3n de acu\u00edferos.<\/li>\n\n\n\n<li>Las ciudades como Cali son vulnerables ante los efectos del cambio clim\u00e1tico. Las lluvias intensas y prolongadas causan colapso en las v\u00edas, anegamientos y da\u00f1os estructurales en la ciudad; adem\u00e1s, los cambios bruscos de temperatura tambi\u00e9n generan fuertes granizadas. El mal manejo de\u00a0 los residuos s\u00f3lidos puede taponar el alcantarillado y contaminar los r\u00edos y humedales.\u00a0<\/li>\n<\/ul>\n<\/li>\n\n\n\n<li><strong>Incendios:<\/strong>\n<ul class=\"wp-block-list\">\n<li>Los incendios forestales alteran la estructura de los ecosistemas y destruyen los h\u00e1bitats naturales, afectando a numerosas especies de plantas y animales. La liberaci\u00f3n de grandes cantidades de di\u00f3xido de carbono y otros gases de efecto invernadero durante los incendios tambi\u00e9n contribuye al cambio clim\u00e1tico. La p\u00e9rdida de vegetaci\u00f3n tambi\u00e9n reduce la capacidad de los ecosistemas para capturar carbono, lo que agrava a\u00fan m\u00e1s el problema.<\/li>\n\n\n\n<li>El fen\u00f3meno de los incendios forestales se ha convertido en uno de los mayores problemas ambientales que sufren nuestros ecosistemas debido a la elevada frecuencia e intensidad que ha adquirido en las \u00faltimas d\u00e9cadas. Estos incendios son la punta del iceberg de la situaci\u00f3n de nuestros bosques y del cambio clim\u00e1tico. Son el resultado de un c\u00f3ctel de causas: cambio clim\u00e1tico, deforestaci\u00f3n, tala indiscriminada de bosques, aumento de la temperatura de la tierra, entre otros.<\/li>\n<\/ul>\n<\/li>\n\n\n\n<li><strong>Huracanes:<\/strong>\n<ul class=\"wp-block-list\">\n<li>Los huracanes son la muestra real de las consecuencias de las variaciones en la temperatura del planeta. Las zonas cercanas a la l\u00ednea del ecuador presentan una mayor vulnerabilidad del cambio clim\u00e1tico.\u00a0<\/li>\n\n\n\n<li>Sin duda los \u00faltimos tres a\u00f1os Colombia ha experimentado condiciones meteorol\u00f3gicas extremas sin precedentes en nuestro pa\u00eds.\u00a0 Huracanes que han arrasado con las principales islas del Caribe Colombiano, inundaciones en toda la regi\u00f3n andina que han tra\u00eddo consecuencias de deslizamiento y derrumbes que han dejado sin conexi\u00f3n a gran parte de la regi\u00f3n que provee de alimentaci\u00f3n a todo Colombia.<\/li>\n<\/ul>\n<\/li>\n<\/ul>\n\n<h4 class=\"wp-block-heading\"><strong> Soluciones Basadas en la Naturaleza<\/strong><\/h4>\n\n<ol start=\"2\" class=\"wp-block-list\"><\/ol>\n\n<p>Las <strong>soluciones basadas en la naturaleza<\/strong> (SBN) son acciones y pol\u00edticas para proteger, gestionar de manera sostenible, y restaurar los ecosistemas naturales y modificados a trav\u00e9s de la protecci\u00f3n, gesti\u00f3n sostenible y restauraci\u00f3n. De manera que aumenten su resiliencia y capacidad para abordar esos desaf\u00edos sociales y al mismo tiempo que salvaguarden la biodiversidad y mejorar el bienestar humano que abordan los desaf\u00edos de la sociedad de manera efectiva y adaptativa, beneficiando simult\u00e1neamente a las personas y la naturaleza.<\/p>\n\n<p><strong>Las soluciones basadas en la naturaleza y el sector terrestre en general podr\u00edan contribuir hasta con un 30% de la mitigaci\u00f3n clim\u00e1tica necesaria para el a\u00f1o 2050, cumpliendo as\u00ed con el objetivo del Acuerdo de Par\u00eds de limitar el calentamiento global.<\/strong><\/p>\n\n<p>Aunque constituyen menos del 5% de la poblaci\u00f3n mundial, los Pueblos Ind\u00edgenas y las comunidades locales gestionan al menos una cuarta parte de las tierras del mundo y el 80% de la biodiversidad mundial, actuando como guardianes de nuestros sumideros mundiales de carbono y de la vida silvestre, sin embargo, a menudo son excluidos de los procesos vitales de toma de decisiones y de su aplicaci\u00f3n. <strong>Las SBN ayudan a reducir las emisiones de gases de efecto invernadero, sino que tambi\u00e9n contribuyen a la salud de nuestros ecosistemas y al bienestar de las comunidades.<\/strong><\/p>\n\n<p>Se centran en retos importantes como el cambio clim\u00e1tico, la reducci\u00f3n del riesgo de desastres, la seguridad alimentaria e h\u00eddrica, la p\u00e9rdida de biodiversidad y la salud humana, y son fundamentales para un desarrollo econ\u00f3mico sostenible<strong>. La construcci\u00f3n de las SBN en el pa\u00eds deben responder las necesidades que se est\u00e1n dando en el territorio y en la comunidad.&nbsp;<\/strong><\/p>\n\n<p>Colombia lidera compromiso global sobre soluciones basadas en naturaleza con el fin de hacer frente al cambio clim\u00e1tico:&nbsp;<\/p>\n\n<p><strong>Integraci\u00f3n en la planificaci\u00f3n urbana IPU: <\/strong>Existen lugares estrat\u00e9gicos en las ciudades que sirven como mecanismos de mitigaci\u00f3n clim\u00e1tica y mejora de la calidad de vida. Cerros, r\u00edos, humedales, inclusive los techos verdes y los jardines verticales.\u00a0<br><\/p>\n\n<p><strong>Conversi\u00f3n Evitada del Bosque CEB: <\/strong>Con el fin de evitar la deforestaci\u00f3n y el cambio del uso del suelo, esta estrategia busca proteger los bosques nativos para conservar su biodiversidad, sus funciones ecosist\u00e9micas y la emisiones de carbono. En Colombia existen m\u00e1s de 27 millones de hect\u00e1reas donde podr\u00edan implementar esta estrategia.<\/p>\n\n<p><strong>Restauraci\u00f3n del Bosque RB: <\/strong>Busca la recuperaci\u00f3n de \u00e1reas que ya han sido degradadas por miner\u00eda intensiva, deforestaci\u00f3n, tala ilegal, agricultura intensiva, entre otros; a trav\u00e9s, de la reforestaci\u00f3n y restauraci\u00f3n ecol\u00f3gica buscando recuperar la funcionalidad de los ecosistemas, h\u00e1bitat y retorno de especies.\u00a0<\/p>\n\n<p>\u00c1rboles en Tierras Agropecuarias <strong>ATA: <\/strong>En Colombia, donde la agricultura y la ganader\u00eda son actividades clave, los sistemas silvopastoriles pueden ser una forma efectiva de combinar producci\u00f3n con conservaci\u00f3n. Esta soluci\u00f3n implica integrar \u00e1rboles en sistemas agropecuarios, como pastizales o cultivos. Los \u00e1rboles proporcionan sombra, mejoran la calidad del suelo y capturan carbono.<\/p>\n\n<p><\/p>\n\n<p><\/p>\n\n<p><\/p>\n","protected":false},"excerpt":{"rendered":"<p>Cada especie que vive en estas tierras, sea un mam\u00edfero, un ave o una planta, tiene un rol espec\u00edfico en su ecosistema, contribuyendo al ciclo de nutrientes, la purificaci\u00f3n del agua y el aire, y la regulaci\u00f3n del clima. La #COP16 es una oportunidad \u00fanica para movilizar a Colombia y al mundo en favor de [&hellip;]<\/p>\n","protected":false},"author":21,"featured_media":13250,"parent":0,"menu_order":0,"comment_status":"closed","ping_status":"closed","template":"","meta":{"ep_exclude_from_search":false,"p4_hide_page_title_checkbox":"","p4_title":"","p4_subtitle":"","p4_description":"","background_image_id":"","background_image":"","p4_button_title":"","p4_button_link":"","p4_button_link_checkbox":"","p4_og_title":"","p4_og_description":"","p4_og_image":"","p4_og_image_id":"","p4_seo_canonical_url":"","p4_campaign_name":"","p4_local_project":"","p4_basket_name":"","p4_department":"","footnotes":""},"categories":[],"tags":[],"class_list":["post-13390","page","type-page","status-publish","has-post-thumbnail","hentry"],"_links":{"self":[{"href":"https:\/\/www.greenpeace.org\/colombia\/wp-json\/wp\/v2\/pages\/13390","targetHints":{"allow":["GET"]}}],"collection":[{"href":"https:\/\/www.greenpeace.org\/colombia\/wp-json\/wp\/v2\/pages"}],"about":[{"href":"https:\/\/www.greenpeace.org\/colombia\/wp-json\/wp\/v2\/types\/page"}],"author":[{"embeddable":true,"href":"https:\/\/www.greenpeace.org\/colombia\/wp-json\/wp\/v2\/users\/21"}],"replies":[{"embeddable":true,"href":"https:\/\/www.greenpeace.org\/colombia\/wp-json\/wp\/v2\/comments?post=13390"}],"version-history":[{"count":4,"href":"https:\/\/www.greenpeace.org\/colombia\/wp-json\/wp\/v2\/pages\/13390\/revisions"}],"predecessor-version":[{"id":15409,"href":"https:\/\/www.greenpeace.org\/colombia\/wp-json\/wp\/v2\/pages\/13390\/revisions\/15409"}],"wp:featuredmedia":[{"embeddable":true,"href":"https:\/\/www.greenpeace.org\/colombia\/wp-json\/wp\/v2\/media\/13250"}],"wp:attachment":[{"href":"https:\/\/www.greenpeace.org\/colombia\/wp-json\/wp\/v2\/media?parent=13390"}],"wp:term":[{"taxonomy":"category","embeddable":true,"href":"https:\/\/www.greenpeace.org\/colombia\/wp-json\/wp\/v2\/categories?post=13390"},{"taxonomy":"post_tag","embeddable":true,"href":"https:\/\/www.greenpeace.org\/colombia\/wp-json\/wp\/v2\/tags?post=13390"}],"curies":[{"name":"wp","href":"https:\/\/api.w.org\/{rel}","templated":true}]}}