{"id":13393,"date":"2024-10-02T19:54:49","date_gmt":"2024-10-02T19:54:49","guid":{"rendered":"https:\/\/www.greenpeace.org\/colombia\/?page_id=13393"},"modified":"2025-07-02T07:19:50","modified_gmt":"2025-07-02T07:19:50","slug":"por-que-se-realiza-en-santiago-de-cali","status":"publish","type":"page","link":"https:\/\/www.greenpeace.org\/colombia\/por-que-se-realiza-en-santiago-de-cali\/","title":{"rendered":"\u00bfPor qu\u00e9 se realiza en Santiago de Cali?"},"content":{"rendered":"\n<figure class=\"wp-block-image aligncenter size-full is-resized\"><img loading=\"lazy\" decoding=\"async\" width=\"2560\" height=\"1438\" src=\"https:\/\/www.greenpeace.org\/static\/planet4-colombia-stateless\/2024\/10\/39841c88-santiago-de-cali-foto-de-kelly-en-pexels-1-scaled.jpg\" alt=\"\" class=\"wp-image-13471\" style=\"width:700px;height:auto\" srcset=\"https:\/\/www.greenpeace.org\/static\/planet4-colombia-stateless\/2024\/10\/39841c88-santiago-de-cali-foto-de-kelly-en-pexels-1-scaled.jpg 2560w, https:\/\/www.greenpeace.org\/static\/planet4-colombia-stateless\/2024\/10\/39841c88-santiago-de-cali-foto-de-kelly-en-pexels-1-300x169.jpg 300w, https:\/\/www.greenpeace.org\/static\/planet4-colombia-stateless\/2024\/10\/39841c88-santiago-de-cali-foto-de-kelly-en-pexels-1-1024x575.jpg 1024w, https:\/\/www.greenpeace.org\/static\/planet4-colombia-stateless\/2024\/10\/39841c88-santiago-de-cali-foto-de-kelly-en-pexels-1-768x431.jpg 768w, https:\/\/www.greenpeace.org\/static\/planet4-colombia-stateless\/2024\/10\/39841c88-santiago-de-cali-foto-de-kelly-en-pexels-1-1536x863.jpg 1536w, https:\/\/www.greenpeace.org\/static\/planet4-colombia-stateless\/2024\/10\/39841c88-santiago-de-cali-foto-de-kelly-en-pexels-1-2048x1151.jpg 2048w, https:\/\/www.greenpeace.org\/static\/planet4-colombia-stateless\/2024\/10\/39841c88-santiago-de-cali-foto-de-kelly-en-pexels-1-510x287.jpg 510w\" sizes=\"auto, (max-width: 2560px) 100vw, 2560px\" \/><figcaption><div class=\"credit icon-left\"> \u00a9 Kelly en Pexels<\/div><\/figcaption><\/figure>\n\n<p><strong>Santiago de Cali recibe la COP16, el evento de biodiversidad global m\u00e1s importante<\/strong>. De entre las 10 ciudades que se postularon para ser sede de esta edici\u00f3n de la COP, <strong>Cali se diferenci\u00f3 por sobre el resto por su riqueza cultural y de biodiversidad.\u00a0<\/strong><\/p>\n\n<p>Cali est\u00e1<strong> ubicada en uno de los ecosistemas con mayor biodiversidad del planeta, el Choc\u00f3 Biogeogr\u00e1fico<\/strong>, una regi\u00f3n biogeogr\u00e1fica tropical localizada desde la regi\u00f3n al este de Panam\u00e1, pasando por la costa pac\u00edfica de Colombia y el litoral de Ecuador con Per\u00fa. Para Colombia, <strong>esta zona presenta la mayor concentraci\u00f3n de especies end\u00e9micas del pa\u00eds.<\/strong> Cali tambi\u00e9n es reconocida por el trabajo de las comunidades ind\u00edgenas y afrodescendientes que luchan por la conservaci\u00f3n de estos ecosistemas.<\/p>\n\n<p>La capital del Pac\u00edfico se caracteriza por<strong> <\/strong>ser una regi\u00f3n pluri\u00e9tnica y multicultural, con \u00e1reas protegidas y Parques Nacionales Naturales. Y, sobre todo, por ser ella misma hogar de una gran abanico de seres vivos (animales, plantas, hongos y microorganismos) que, en su conjunto conforman un entramado de relaciones centrales que ayudan a sustentar la vida de toda la Tierra.<\/p>\n\n<h4 class=\"wp-block-heading\"><strong>Cali, Sucursal del Cielo<\/strong>&nbsp;<\/h4>\n\n<p>Tantas son las virtudes de esta ciudad que desde hace varias d\u00e9cadas se dice que <strong>es una sucursal del cielo en la Tierra<\/strong>.<\/p>\n\n<p>Lo cierto es que <strong>esta caracterizaci\u00f3n surgi\u00f3 luego de los Juegos Panamericanos de 1971<\/strong> que la tuvieron como sede. Por entonces, Cali estaba en crecimiento y a\u00fan no contaba con la infraestructura hotelera suficiente para albergar a tantos visitantes. Ante eso,<strong> los cale\u00f1os<\/strong>, conocidos por su calidez y amabilidad, <strong>abrieron las puertas de sus hogares para alojar a los atletas y turistas<\/strong>.<\/p>\n\n<p>Este buen trato hacia los viajeros sumado a una serie de desarrollos y mejoras que se dieron para los Juegos -como por ejemplo, mejoras en las v\u00edas y espacios p\u00fablicos- transform\u00f3 a Cali en una ciudad moderna y vibrante que, sumado a ser buena anfitriona y a tener tanta belleza natural,&nbsp; la hizo trascender como \u201cuna sucursal del cielo\u201d.&nbsp;<\/p>\n\n<h4 class=\"wp-block-heading\"><strong>La ciudad colombiana de la Biodiversidad<\/strong><\/h4>\n\n<p>Sus tierras se extienden por m\u00e1s de 560 km\u00b2 dentro de la regi\u00f3n Sur del Valle del Cauca. <strong>&nbsp;<\/strong>Se trata de la tercera ciudad m\u00e1s poblada y el tercer centro econ\u00f3mico de Colombia, y a\u00fan as\u00ed, sigue <strong>siendo 75% zona rural y 25% \u00e1rea urbana<\/strong>.<\/p>\n\n<p>La diversidad de ecosistemas de Cali var\u00eda con la altura: de los <strong>bosques altoandinos y p\u00e1ramos que cuelgan a<\/strong> <strong>4,070 msnm en los Farallones<\/strong> a los <strong>humedales, madreviejas y remanentes de bosque seco tropical<\/strong> que descansan en los 950 m s. n. m.<\/p>\n\n<p>La vegetaci\u00f3n de la regi\u00f3n tambi\u00e9n es variada. Incluye bosques secos en las zonas planas y de ladera y bosques h\u00famedos y de niebla en las vertientes.<strong>&nbsp;<\/strong><\/p>\n\n<p><strong>El Parque Nacional Natural Farallones de Cali,<\/strong> que se extiende por m\u00e1s de 196000 hect\u00e1reas. Dentro de esa vastedad corren m\u00e1s de <strong>30 r\u00edos que abastecen al suroccidente colombiano<\/strong>, favoreciendo as\u00ed la salud ambiental de la capital del Valle.<\/p>\n\n<p>En particular, Cali es conocida como la capital de las aves por tener una<strong> notable diversidad de avifauna<\/strong>. Hasta la fecha, se han registrado m\u00e1s de <strong>560 especies de aves ( 86 de estas especies est\u00e1n en peligro de extinci\u00f3n)<\/strong>, lo que representa <strong>29.4% aprox.<\/strong> de todas las especies registradas en Colombia.<\/p>\n\n<p>La geograf\u00eda del municipio est\u00e1 caracterizada por la transici\u00f3n entre el piedemonte de la vertiente oriental de la Cordillera Occidental y la planicie del Valle Geogr\u00e1fico del R\u00edo Cauca. Es \u00e9ste el factor principal que<strong> <\/strong>contribuye a que el conjunto de aves de esta regi\u00f3n tenga una riqueza singular.<\/p>\n\n<p>Recordamos que la biodiversidad colombiana es de<strong> importancia cr\u00edtica, no solo para el pa\u00eds, sino tambi\u00e9n a nivel global<\/strong>, dado que nuestro pa\u00eds es uno de los 17 catalogados como megadiversos que es lo mismo que decir que <strong>1 de cada 10 especies conocidas en el mundo habita en el territorio colombiano.<\/strong>&nbsp;<\/p>\n\n<p><strong>Esta riqueza natural proporciona una base fundamental para diversas funciones ambientales<\/strong> <strong>de las cuales dependen las sociedades humanas,<\/strong> incluyendo la producci\u00f3n de alimentos, la nutrici\u00f3n, y la salud. La <strong>biodiversidad <\/strong>no es, por lo tanto, un concepto lejano; <strong>afecta directamente nuestra vida diaria y bienestar.<\/strong><\/p>\n","protected":false},"excerpt":{"rendered":"<p>Santiago de Cali recibe la COP16, el evento de biodiversidad global m\u00e1s importante. De entre las 10 ciudades que se postularon para ser sede de esta edici\u00f3n de la COP, Cali se diferenci\u00f3 por sobre el resto por su riqueza cultural y de biodiversidad.\u00a0 Cali est\u00e1 ubicada en uno de los ecosistemas con mayor biodiversidad [&hellip;]<\/p>\n","protected":false},"author":21,"featured_media":13471,"parent":0,"menu_order":0,"comment_status":"closed","ping_status":"closed","template":"","meta":{"ep_exclude_from_search":false,"p4_hide_page_title_checkbox":"","p4_title":"","p4_subtitle":"","p4_description":"","background_image_id":"","background_image":"","p4_button_title":"","p4_button_link":"","p4_button_link_checkbox":"","p4_og_title":"","p4_og_description":"","p4_og_image":"","p4_og_image_id":"","p4_seo_canonical_url":"","p4_campaign_name":"","p4_local_project":"","p4_basket_name":"","p4_department":"","footnotes":""},"categories":[],"tags":[],"class_list":["post-13393","page","type-page","status-publish","has-post-thumbnail","hentry"],"_links":{"self":[{"href":"https:\/\/www.greenpeace.org\/colombia\/wp-json\/wp\/v2\/pages\/13393","targetHints":{"allow":["GET"]}}],"collection":[{"href":"https:\/\/www.greenpeace.org\/colombia\/wp-json\/wp\/v2\/pages"}],"about":[{"href":"https:\/\/www.greenpeace.org\/colombia\/wp-json\/wp\/v2\/types\/page"}],"author":[{"embeddable":true,"href":"https:\/\/www.greenpeace.org\/colombia\/wp-json\/wp\/v2\/users\/21"}],"replies":[{"embeddable":true,"href":"https:\/\/www.greenpeace.org\/colombia\/wp-json\/wp\/v2\/comments?post=13393"}],"version-history":[{"count":4,"href":"https:\/\/www.greenpeace.org\/colombia\/wp-json\/wp\/v2\/pages\/13393\/revisions"}],"predecessor-version":[{"id":15408,"href":"https:\/\/www.greenpeace.org\/colombia\/wp-json\/wp\/v2\/pages\/13393\/revisions\/15408"}],"wp:featuredmedia":[{"embeddable":true,"href":"https:\/\/www.greenpeace.org\/colombia\/wp-json\/wp\/v2\/media\/13471"}],"wp:attachment":[{"href":"https:\/\/www.greenpeace.org\/colombia\/wp-json\/wp\/v2\/media?parent=13393"}],"wp:term":[{"taxonomy":"category","embeddable":true,"href":"https:\/\/www.greenpeace.org\/colombia\/wp-json\/wp\/v2\/categories?post=13393"},{"taxonomy":"post_tag","embeddable":true,"href":"https:\/\/www.greenpeace.org\/colombia\/wp-json\/wp\/v2\/tags?post=13393"}],"curies":[{"name":"wp","href":"https:\/\/api.w.org\/{rel}","templated":true}]}}