{"id":15969,"date":"2025-07-29T18:42:53","date_gmt":"2025-07-29T18:42:53","guid":{"rendered":"https:\/\/www.greenpeace.org\/colombia\/?page_id=15969"},"modified":"2025-09-23T09:45:25","modified_gmt":"2025-09-23T09:45:25","slug":"firma-ahora-para-exigir-acciones-urgentes-para-mitigar-la-crisis-climatica","status":"publish","type":"page","link":"https:\/\/www.greenpeace.org\/colombia\/firma-ahora-para-exigir-acciones-urgentes-para-mitigar-la-crisis-climatica\/","title":{"rendered":"FIRMA AHORA para exigir acciones de mitigaci\u00f3n y adaptaci\u00f3n para enfrentar la actual crisis clim\u00e1tica."},"content":{"rendered":"\n\n<div class=\"wp-block-group block is-layout-flow wp-block-group-is-layout-flow\">\n<div class=\"wp-block-group alignfull has-grey-200-background-color has-background is-layout-flow wp-block-group-is-layout-flow\" style=\"padding-top:80px;padding-bottom:50px\">\n<div class=\"wp-block-group container is-layout-flow wp-block-group-is-layout-flow\">\n<div class=\"wp-block-columns is-layout-flex wp-container-core-columns-is-layout-9d6595d7 wp-block-columns-is-layout-flex\">\n<div class=\"wp-block-column is-layout-flow wp-block-column-is-layout-flow\">\n<h2 class=\"wp-block-heading has-text-align-left is-style-default has-dark-green-800-color has-text-color has-link-color wp-elements-17681ebbd254704e3852859f4837afd2\" style=\"font-size:40px\">FIRMA AHORA <strong>para exigir acciones de mitigaci\u00f3n y adaptaci\u00f3n para enfrentar la actual crisis clim\u00e1tica.<\/strong><\/h2>\n\n\n\n<figure class=\"wp-block-image size-large\"><img loading=\"lazy\" decoding=\"async\" width=\"1024\" height=\"683\" src=\"https:\/\/www.greenpeace.org\/static\/planet4-colombia-stateless\/2025\/05\/86095fa7-gp0stsxmw_medium-res-with-credit-line-1200px-1024x683.jpg\" alt=\"\" class=\"wp-image-14702\" srcset=\"https:\/\/www.greenpeace.org\/static\/planet4-colombia-stateless\/2025\/05\/86095fa7-gp0stsxmw_medium-res-with-credit-line-1200px-1024x683.jpg 1024w, https:\/\/www.greenpeace.org\/static\/planet4-colombia-stateless\/2025\/05\/86095fa7-gp0stsxmw_medium-res-with-credit-line-1200px-300x200.jpg 300w, https:\/\/www.greenpeace.org\/static\/planet4-colombia-stateless\/2025\/05\/86095fa7-gp0stsxmw_medium-res-with-credit-line-1200px-768x512.jpg 768w, https:\/\/www.greenpeace.org\/static\/planet4-colombia-stateless\/2025\/05\/86095fa7-gp0stsxmw_medium-res-with-credit-line-1200px-510x340.jpg 510w, https:\/\/www.greenpeace.org\/static\/planet4-colombia-stateless\/2025\/05\/86095fa7-gp0stsxmw_medium-res-with-credit-line-1200px.jpg 1200w\" sizes=\"auto, (max-width: 1024px) 100vw, 1024px\" \/><figcaption class=\"wp-element-caption\"> <\/figcaption><\/figure>\n<\/div>\n\n\n\n<div class=\"wp-block-column has-grey-200-background-color has-background is-layout-flow wp-block-column-is-layout-flow\"><p><script charset=\"utf-8\" type=\"text\/javascript\" src=\"\/\/js.hsforms.net\/forms\/embed\/v2.js\"><\/script><br \/>\n<script>\n  hbspt.forms.create({\n    portalId: \"20432059\",\n    formId: \"661882c8-83ba-41ba-b86d-85cfdf0437de\",\n    region: \"na1\"\n  });\n<\/script><\/p>\n<\/div>\n<\/div>\n\n\n\n<div class=\"wp-block-columns is-not-stacked-on-mobile is-layout-flex wp-container-core-columns-is-layout-9d6595d7 wp-block-columns-is-layout-flex\">\n<div class=\"wp-block-column is-layout-flow wp-block-column-is-layout-flow\">\n<p class=\"has-dark-green-800-color has-text-color has-link-color wp-elements-0caf73889213b3321b7b216a3aea9104\">Atravesamos una <strong>crisis clim\u00e1tica sin precedentes <\/strong>en la historia moderna. La frecuencia, intensidad y duraci\u00f3n de los fen\u00f3menos meteorol\u00f3gicos extremos est\u00e1n en aumento, al igual que sus impactos.\u00a0 Dentro de los eventos relacionados con el cambio clim\u00e1tico encontramos las <strong>olas de calor extremas, deshielo de nevados, , temporada de sequ\u00edas o lluvia prolongadas, blanqueamiento de corales, inundaciones recurrentes, e incendios forestales m\u00e1s destructivos, escasez de agua<\/strong>, p\u00e9rdida de cultivos, migraciones clim\u00e1ticas y la lista podr\u00eda continuar.<\/p>\n<\/div>\n\n\n\n<div class=\"wp-block-column is-layout-flow wp-block-column-is-layout-flow\">\n<p class=\"has-dark-green-800-color has-text-color has-link-color wp-elements-3629ba124a518be374b16a5337c6755b\">Como venimos advirtiendo, y la Corte Interamericana de Derechos Humanos ya confirm\u00f3,<strong> los Estados deben tomar medidas urgentes para mitigar sus causas y adaptarnos ante los impactos, que ya est\u00e1n afectando a millones de personas en nuestro pa\u00eds<\/strong>.<\/p>\n\n\n\n<p class=\"has-dark-green-800-color has-text-color has-link-color wp-elements-a56cfcada967232b5fbd1629e3ae27c3\">Es necesario apostar por una transici\u00f3n real hacia energ\u00edas renovables, limpias y accesibles para todos y avanzar en la protecci\u00f3n de ecosistemas que son vitales para la regulaci\u00f3n clim\u00e1tica como los p\u00e1ramos, oc\u00e9anos, bosques y humedales. <strong>\u00a1Estamos a tiempo!<\/strong><\/p>\n<\/div>\n<\/div>\n<\/div>\n<\/div>\n\n\n\n<div class=\"wp-block-group alignfull has-beige-100-background-color has-background is-layout-flow wp-block-group-is-layout-flow\" style=\"padding-top:80px;padding-bottom:80px\">\n<div class=\"wp-block-group container is-layout-flow wp-block-group-is-layout-flow\">\n\n<div class=\"wp-block-media-text has-media-on-the-right is-stacked-on-mobile\"><div class=\"wp-block-media-text__content\">\n<h2 class=\"wp-block-heading\">La crisis clim\u00e1tica<\/h2>\n\n\n\n<p>Las  actuales cat\u00e1strofes extremas est\u00e1n relacionada con la crisis clim\u00e1tica. La frecuencia y la intensidad de estos eventos es cada vez mayor como consecuencia del cambio clim\u00e1tico.<\/p>\n\n\n\n<div class=\"wp-block-buttons is-layout-flex wp-block-buttons-is-layout-flex\">\n<div class=\"wp-block-button\"><a class=\"wp-block-button__link wp-element-button\" href=\"https:\/\/www.greenpeace.org\/colombia\/campanas\/clima-y-energia\/\">Conoce m\u00e1s<\/a><\/div>\n<\/div>\n<\/div><figure class=\"wp-block-media-text__media\"><img loading=\"lazy\" decoding=\"async\" width=\"800\" height=\"533\" src=\"https:\/\/www.greenpeace.org\/static\/planet4-colombia-stateless\/2025\/01\/66b22015-gp01syk_low-res-with-credit-line-800px.jpg\" alt=\"\" sizes=\"auto, (min-width: 1600px) calc((1320px - 24px) \/ 2),(min-width: 1200px) calc((1140px - 24px) \/ 2),(min-width: 992px) calc((960px - 24px) \/ 2),(min-width: 768px) calc((720px - 24px) \/ 2),(min-width: 601px) calc((540px - 24px) \/ 2),(min-width: 577px) calc((540px - 24px) \/ 1), calc(100vw - 24px)\" srcset=\"https:\/\/www.greenpeace.org\/static\/planet4-colombia-stateless\/2025\/01\/66b22015-gp01syk_low-res-with-credit-line-800px.jpg 800w, https:\/\/www.greenpeace.org\/static\/planet4-colombia-stateless\/2025\/01\/66b22015-gp01syk_low-res-with-credit-line-800px-300x200.jpg 300w, https:\/\/www.greenpeace.org\/static\/planet4-colombia-stateless\/2025\/01\/66b22015-gp01syk_low-res-with-credit-line-800px-768x512.jpg 768w, https:\/\/www.greenpeace.org\/static\/planet4-colombia-stateless\/2025\/01\/66b22015-gp01syk_low-res-with-credit-line-800px-510x340.jpg 510w\" class=\"wp-image-14181 size-full\"\/><\/figure><\/div>\n\n<\/div>\n<\/div>\n\n\n\n\n<div class=\"wp-block-group alignfull block has-white-background-color has-background is-layout-flow wp-block-group-is-layout-flow\"><\/div>\n\n<\/div>\n\n\n<div class=\"wp-block-query posts-list p4-query-loop is-custom-layout-list is-layout-flow wp-block-query-is-layout-flow\">\n<div class=\"wp-block-group is-content-justification-space-between is-layout-flex wp-container-core-group-is-layout-3d213aab wp-block-group-is-layout-flex\">\n<h2 class=\"wp-block-heading\">Sigue leyendo<\/h2>\n\n\n<li class=\" wp-block-navigation-item see-all-link wp-block-navigation-link\"><a class=\"wp-block-navigation-item__content\"  href=\"https:\/\/www.greenpeace.org\/colombia\/news-stories\/?category=climayenergia\"><span class=\"wp-block-navigation-item__label\">See all posts<\/span><\/a><\/li><\/div>\n\n\n\n<p style=\"margin-top:24px;margin-bottom:36px\"><\/p>\n\n\n\n\n<ul class=\"wp-block-post-template is-layout-flow wp-block-post-template-is-layout-flow\"><li class=\"wp-block-post post-17174 post type-post status-publish format-standard has-post-thumbnail hentry category-climayenergia p4-page-type-blog\">\n\n<div class=\"wp-block-columns is-layout-flex wp-container-core-columns-is-layout-9d6595d7 wp-block-columns-is-layout-flex\"><figure class=\"wp-block-post-featured-image\"><a href=\"https:\/\/www.greenpeace.org\/colombia\/blog\/campanas\/climayenergia\/dia-mundial-del-agua-2026-la-onu-advierte-sobre-una-bancarrota-hidrica-global\/\" target=\"_self\"  ><img loading=\"lazy\" decoding=\"async\" width=\"1024\" height=\"683\" src=\"https:\/\/www.greenpeace.org\/static\/planet4-colombia-stateless\/2026\/03\/5e540fc3-agua-oro.jpg\" class=\"attachment-post-thumbnail size-post-thumbnail wp-post-image wp-stateless-item\" alt=\"D\u00eda Mundial del Agua 2026: la ONU advierte sobre una bancarrota h\u00eddrica global\" style=\"object-fit:cover;\" srcset=\"https:\/\/www.greenpeace.org\/static\/planet4-colombia-stateless\/2026\/03\/5e540fc3-agua-oro.jpg 1024w, https:\/\/www.greenpeace.org\/static\/planet4-colombia-stateless\/2026\/03\/5e540fc3-agua-oro-300x200.jpg 300w, https:\/\/www.greenpeace.org\/static\/planet4-colombia-stateless\/2026\/03\/5e540fc3-agua-oro-768x512.jpg 768w, https:\/\/www.greenpeace.org\/static\/planet4-colombia-stateless\/2026\/03\/5e540fc3-agua-oro-510x340.jpg 510w\" sizes=\"auto, (max-width: 1024px) 100vw, 1024px\" data-image-size=\"post-thumbnail\" data-stateless-media-bucket=\"planet4-colombia-stateless\" data-stateless-media-name=\"2026\/03\/5e540fc3-agua-oro.jpg\" \/><\/a><\/figure>\n\n\n<div class=\"wp-block-group is-layout-flow wp-block-group-is-layout-flow\">\n<div class=\"wp-block-group is-layout-flex wp-block-group-is-layout-flex\"><div class=\"wp-block-post-terms\"><a href=\"https:\/\/www.greenpeace.org\/colombia\/category\/campanas\/climayenergia\/\">Clima y Energ\u00eda<\/a><\/div>\n\n<\/div>\n\n\n<h4 class=\"wp-block-post-title\"><a href=\"https:\/\/www.greenpeace.org\/colombia\/blog\/campanas\/climayenergia\/dia-mundial-del-agua-2026-la-onu-advierte-sobre-una-bancarrota-hidrica-global\/\" target=\"_self\" >D\u00eda Mundial del Agua 2026: la ONU advierte sobre una bancarrota h\u00eddrica global<\/a><\/h4>\n\n<div class=\"wp-block-post-excerpt\"><p class=\"wp-block-post-excerpt__excerpt\">Sed global: la nueva cara de la crisis clim\u00e1tica. <\/p><\/div>\n\n\n<div class=\"wp-block-group posts-list-meta is-layout-flow wp-block-group-is-layout-flow\"><span class='article-list-item-author'>Meri Castro<\/span>\n\n<div class=\"wp-block-post-date\"><time datetime=\"2026-03-20T18:23:25+00:00\">20 marzo 2026<\/time><\/div><\/div>\n<\/div>\n<\/div>\n\n<\/li><li class=\"wp-block-post post-17085 post type-post status-publish format-standard has-post-thumbnail hentry category-climayenergia tag-cambio-climatico p4-page-type-blog\">\n\n<div class=\"wp-block-columns is-layout-flex wp-container-core-columns-is-layout-9d6595d7 wp-block-columns-is-layout-flex\"><figure class=\"wp-block-post-featured-image\"><a href=\"https:\/\/www.greenpeace.org\/colombia\/blog\/campanas\/climayenergia\/inundaciones-en-el-caribe-cuando-la-crisis-climatica-se-encuentra-con-malas-decisiones\/\" target=\"_self\"  ><img loading=\"lazy\" decoding=\"async\" width=\"1200\" height=\"899\" src=\"https:\/\/www.greenpeace.org\/static\/planet4-colombia-stateless\/2026\/02\/604a5b89-gp0su0uxm_medium-res-with-credit-line-1200px.jpg\" class=\"attachment-post-thumbnail size-post-thumbnail wp-post-image wp-stateless-item\" alt=\"Inundaciones en el Caribe: cuando la crisis clim\u00e1tica  se encuentra con malas decisiones\" style=\"object-fit:cover;\" srcset=\"https:\/\/www.greenpeace.org\/static\/planet4-colombia-stateless\/2026\/02\/604a5b89-gp0su0uxm_medium-res-with-credit-line-1200px.jpg 1200w, https:\/\/www.greenpeace.org\/static\/planet4-colombia-stateless\/2026\/02\/604a5b89-gp0su0uxm_medium-res-with-credit-line-1200px-300x225.jpg 300w, https:\/\/www.greenpeace.org\/static\/planet4-colombia-stateless\/2026\/02\/604a5b89-gp0su0uxm_medium-res-with-credit-line-1200px-1024x767.jpg 1024w, https:\/\/www.greenpeace.org\/static\/planet4-colombia-stateless\/2026\/02\/604a5b89-gp0su0uxm_medium-res-with-credit-line-1200px-768x575.jpg 768w, https:\/\/www.greenpeace.org\/static\/planet4-colombia-stateless\/2026\/02\/604a5b89-gp0su0uxm_medium-res-with-credit-line-1200px-454x340.jpg 454w\" sizes=\"auto, (max-width: 1200px) 100vw, 1200px\" data-image-size=\"post-thumbnail\" data-stateless-media-bucket=\"planet4-colombia-stateless\" data-stateless-media-name=\"2026\/02\/604a5b89-gp0su0uxm_medium-res-with-credit-line-1200px.jpg\" \/><\/a><\/figure>\n\n\n<div class=\"wp-block-group is-layout-flow wp-block-group-is-layout-flow\">\n<div class=\"wp-block-group is-layout-flex wp-block-group-is-layout-flex\"><div class=\"wp-block-post-terms\"><a href=\"https:\/\/www.greenpeace.org\/colombia\/category\/campanas\/climayenergia\/\">Clima y Energ\u00eda<\/a><\/div>\n\n<div class=\"taxonomy-post_tag wp-block-post-terms\"><a href=\"https:\/\/www.greenpeace.org\/colombia\/tag\/cambio-climatico\/\" rel=\"tag\">Cambio clim\u00e1tico<\/a><\/div><\/div>\n\n\n<h4 class=\"wp-block-post-title\"><a href=\"https:\/\/www.greenpeace.org\/colombia\/blog\/campanas\/climayenergia\/inundaciones-en-el-caribe-cuando-la-crisis-climatica-se-encuentra-con-malas-decisiones\/\" target=\"_self\" >Inundaciones en el Caribe: cuando la crisis clim\u00e1tica  se encuentra con malas decisiones<\/a><\/h4>\n\n<div class=\"wp-block-post-excerpt\"><p class=\"wp-block-post-excerpt__excerpt\">El clima cambi\u00f3.\u2063 Ahora deben cambiar las decisiones.\u2063 <\/p><\/div>\n\n\n<div class=\"wp-block-group posts-list-meta is-layout-flow wp-block-group-is-layout-flow\"><span class='article-list-item-author'>Meri Castro<\/span>\n\n<div class=\"wp-block-post-date\"><time datetime=\"2026-02-23T14:21:17+00:00\">23 febrero 2026<\/time><\/div><\/div>\n<\/div>\n<\/div>\n\n<\/li><li class=\"wp-block-post post-17026 post type-post status-publish format-standard has-post-thumbnail hentry category-climayenergia category-contaminacion category-justicia-urbana category-oceanos p4-page-type-noticia\">\n\n<div class=\"wp-block-columns is-layout-flex wp-container-core-columns-is-layout-9d6595d7 wp-block-columns-is-layout-flex\"><figure class=\"wp-block-post-featured-image\"><a href=\"https:\/\/www.greenpeace.org\/colombia\/noticia\/campanas\/climayenergia\/cinco-decisiones-que-definiran-el-futuro-ambiental-de-colombia-en-2026\/\" target=\"_self\"  ><img loading=\"lazy\" decoding=\"async\" width=\"2500\" height=\"1667\" src=\"https:\/\/www.greenpeace.org\/static\/planet4-colombia-stateless\/2026\/01\/08652ceb-tratado-oceanos-\u00a9-tomas-munita-greenpeace.jpg\" class=\"attachment-post-thumbnail size-post-thumbnail wp-post-image wp-stateless-item\" alt=\"Cinco decisiones que definir\u00e1n el futuro ambiental de Colombia en 2026\" style=\"object-fit:cover;\" srcset=\"https:\/\/www.greenpeace.org\/static\/planet4-colombia-stateless\/2026\/01\/08652ceb-tratado-oceanos-\u00a9-tomas-munita-greenpeace.jpg 2500w, https:\/\/www.greenpeace.org\/static\/planet4-colombia-stateless\/2026\/01\/08652ceb-tratado-oceanos-\u00a9-tomas-munita-greenpeace-300x200.jpg 300w, https:\/\/www.greenpeace.org\/static\/planet4-colombia-stateless\/2026\/01\/08652ceb-tratado-oceanos-\u00a9-tomas-munita-greenpeace-1024x683.jpg 1024w, https:\/\/www.greenpeace.org\/static\/planet4-colombia-stateless\/2026\/01\/08652ceb-tratado-oceanos-\u00a9-tomas-munita-greenpeace-768x512.jpg 768w, https:\/\/www.greenpeace.org\/static\/planet4-colombia-stateless\/2026\/01\/08652ceb-tratado-oceanos-\u00a9-tomas-munita-greenpeace-1536x1024.jpg 1536w, https:\/\/www.greenpeace.org\/static\/planet4-colombia-stateless\/2026\/01\/08652ceb-tratado-oceanos-\u00a9-tomas-munita-greenpeace-2048x1366.jpg 2048w, https:\/\/www.greenpeace.org\/static\/planet4-colombia-stateless\/2026\/01\/08652ceb-tratado-oceanos-\u00a9-tomas-munita-greenpeace-510x340.jpg 510w\" sizes=\"auto, (max-width: 2500px) 100vw, 2500px\" data-image-size=\"post-thumbnail\" data-stateless-media-bucket=\"planet4-colombia-stateless\" data-stateless-media-name=\"2026\/01\/08652ceb-tratado-oceanos-\u00a9-tomas-munita-greenpeace.jpg\" \/><\/a><\/figure>\n\n\n<div class=\"wp-block-group is-layout-flow wp-block-group-is-layout-flow\">\n<div class=\"wp-block-group is-layout-flex wp-block-group-is-layout-flex\"><div class=\"wp-block-post-terms\"><a href=\"https:\/\/www.greenpeace.org\/colombia\/category\/campanas\/climayenergia\/\">Clima y Energ\u00eda<\/a><\/div>\n\n<\/div>\n\n\n<h4 class=\"wp-block-post-title\"><a href=\"https:\/\/www.greenpeace.org\/colombia\/noticia\/campanas\/climayenergia\/cinco-decisiones-que-definiran-el-futuro-ambiental-de-colombia-en-2026\/\" target=\"_self\" >Cinco decisiones que definir\u00e1n el futuro ambiental de Colombia en 2026<\/a><\/h4>\n\n<div class=\"wp-block-post-excerpt\"><p class=\"wp-block-post-excerpt__excerpt\">Desde Greenpeace Colombia advierten que los desaf\u00edos ambientales que se avecinan no son abstractos ni lejanos: ya afectan la vida cotidiana de las personas, la salud, el acceso al agua <\/p><\/div>\n\n\n<div class=\"wp-block-group posts-list-meta is-layout-flow wp-block-group-is-layout-flow\"><span class='article-list-item-author'><a href='https:\/\/www.greenpeace.org\/colombia\/author\/prensaco\/'>Prensa Colombia<\/a><\/span>\n\n<div class=\"wp-block-post-date\"><time datetime=\"2026-01-05T21:44:31+00:00\">5 enero 2026<\/time><\/div><\/div>\n<\/div>\n<\/div>\n\n<\/li><\/ul>\n\n\n<div class=\"wp-block-buttons carousel-controls is-horizontal is-content-justification-space-between is-nowrap is-layout-flex wp-container-core-buttons-is-layout-044bd602 wp-block-buttons-is-layout-flex\">\n<div class=\"wp-block-button carousel-control-prev\"><button type=\"button\" class=\"wp-block-button__link wp-element-button\">Previous Carousel Slide<\/button><\/div>\n\n\n\n<div class=\"wp-block-button carousel-control-next\"><button type=\"button\" class=\"wp-block-button__link wp-element-button\">Next Carousel Slide<\/button><\/div>\n<\/div>\n\n\n<li class=\" wp-block-navigation-item see-all-link wp-block-navigation-link\"><a class=\"wp-block-navigation-item__content\"  href=\"https:\/\/www.greenpeace.org\/colombia\/news-stories\/?category=climayenergia\"><span class=\"wp-block-navigation-item__label\">Ver m\u00e1s<\/span><\/a><\/li><\/div>\n","protected":false},"excerpt":{"rendered":"<p>Se necesitan medidas urgentes para mitigar la crisis clim\u00e1tica. Que se avance en la protecci\u00f3n de los ecosistemas que son vitales para la regulaci\u00f3n del clima<\/p>\n","protected":false},"author":21,"featured_media":15810,"parent":0,"menu_order":0,"comment_status":"closed","ping_status":"closed","template":"","meta":{"ep_exclude_from_search":false,"p4_hide_page_title_checkbox":"on","p4_title":"","p4_subtitle":"","p4_description":"","background_image_id":"","background_image":"","p4_button_title":"","p4_button_link":"","p4_button_link_checkbox":"","p4_og_title":"FIRMA AHORA para exigir acciones de mitigaci\u00f3n y adaptaci\u00f3n para enfrentar la actual crisis clim\u00e1tica.","p4_og_description":"Se necesitan medidas urgentes para mitigar la crisis clim\u00e1tica. Es necesario que se avance en la protecci\u00f3n de los ecosistemas que son vitales para la regulaci\u00f3n clim\u00e1tica","p4_og_image":"https:\/\/www.greenpeace.org\/static\/planet4-colombia-stateless\/2025\/07\/da43dbde-gp0su2zzl_medium-res-with-credit-line-1200px.jpg","p4_og_image_id":"15810","p4_seo_canonical_url":"","p4_campaign_name":"","p4_local_project":"","p4_basket_name":"","p4_department":"","footnotes":""},"categories":[3],"tags":[55],"class_list":["post-15969","page","type-page","status-publish","has-post-thumbnail","hentry","category-climayenergia","tag-cambio-climatico"],"_links":{"self":[{"href":"https:\/\/www.greenpeace.org\/colombia\/wp-json\/wp\/v2\/pages\/15969","targetHints":{"allow":["GET"]}}],"collection":[{"href":"https:\/\/www.greenpeace.org\/colombia\/wp-json\/wp\/v2\/pages"}],"about":[{"href":"https:\/\/www.greenpeace.org\/colombia\/wp-json\/wp\/v2\/types\/page"}],"author":[{"embeddable":true,"href":"https:\/\/www.greenpeace.org\/colombia\/wp-json\/wp\/v2\/users\/21"}],"replies":[{"embeddable":true,"href":"https:\/\/www.greenpeace.org\/colombia\/wp-json\/wp\/v2\/comments?post=15969"}],"version-history":[{"count":8,"href":"https:\/\/www.greenpeace.org\/colombia\/wp-json\/wp\/v2\/pages\/15969\/revisions"}],"predecessor-version":[{"id":16701,"href":"https:\/\/www.greenpeace.org\/colombia\/wp-json\/wp\/v2\/pages\/15969\/revisions\/16701"}],"wp:featuredmedia":[{"embeddable":true,"href":"https:\/\/www.greenpeace.org\/colombia\/wp-json\/wp\/v2\/media\/15810"}],"wp:attachment":[{"href":"https:\/\/www.greenpeace.org\/colombia\/wp-json\/wp\/v2\/media?parent=15969"}],"wp:term":[{"taxonomy":"category","embeddable":true,"href":"https:\/\/www.greenpeace.org\/colombia\/wp-json\/wp\/v2\/categories?post=15969"},{"taxonomy":"post_tag","embeddable":true,"href":"https:\/\/www.greenpeace.org\/colombia\/wp-json\/wp\/v2\/tags?post=15969"}],"curies":[{"name":"wp","href":"https:\/\/api.w.org\/{rel}","templated":true}]}}