{"id":16514,"date":"2025-09-15T05:22:03","date_gmt":"2025-09-15T05:22:03","guid":{"rendered":"https:\/\/www.greenpeace.org\/colombia\/?page_id=16514"},"modified":"2025-09-15T20:45:57","modified_gmt":"2025-09-15T20:45:57","slug":"que-es-la-amazonia","status":"publish","type":"page","link":"https:\/\/www.greenpeace.org\/colombia\/que-es-la-amazonia\/","title":{"rendered":"\u00bfQu\u00e9 es la Amazon\u00eda?"},"content":{"rendered":"\n<figure class=\"wp-block-image aligncenter size-large\"><img loading=\"lazy\" decoding=\"async\" width=\"1024\" height=\"681\" src=\"https:\/\/www.greenpeace.org\/static\/planet4-colombia-stateless\/2025\/09\/52f5472c-amazonas-brasil-gp0stpoe5-valdemir-cunha-greenpeace-1024x681.jpg\" alt=\"\" class=\"wp-image-16504\" srcset=\"https:\/\/www.greenpeace.org\/static\/planet4-colombia-stateless\/2025\/09\/52f5472c-amazonas-brasil-gp0stpoe5-valdemir-cunha-greenpeace-1024x681.jpg 1024w, https:\/\/www.greenpeace.org\/static\/planet4-colombia-stateless\/2025\/09\/52f5472c-amazonas-brasil-gp0stpoe5-valdemir-cunha-greenpeace-300x200.jpg 300w, https:\/\/www.greenpeace.org\/static\/planet4-colombia-stateless\/2025\/09\/52f5472c-amazonas-brasil-gp0stpoe5-valdemir-cunha-greenpeace-768x511.jpg 768w, https:\/\/www.greenpeace.org\/static\/planet4-colombia-stateless\/2025\/09\/52f5472c-amazonas-brasil-gp0stpoe5-valdemir-cunha-greenpeace-1536x1022.jpg 1536w, https:\/\/www.greenpeace.org\/static\/planet4-colombia-stateless\/2025\/09\/52f5472c-amazonas-brasil-gp0stpoe5-valdemir-cunha-greenpeace-2048x1363.jpg 2048w, https:\/\/www.greenpeace.org\/static\/planet4-colombia-stateless\/2025\/09\/52f5472c-amazonas-brasil-gp0stpoe5-valdemir-cunha-greenpeace-510x340.jpg 510w\" sizes=\"auto, (max-width: 1024px) 100vw, 1024px\" \/><figcaption class=\"wp-element-caption\">@ Valdemir Cunha \/ Greenpeace<\/figcaption><\/figure>\n\n<p>La Amazon\u00eda es el <a href=\"https:\/\/es.mongabay.com\/2020\/06\/dia-internacional-de-los-bosques-tropicales-grandes-selvas-del-mundo\/\"><strong>bosque tropical m\u00e1s grande del mundo<\/strong><\/a> y una de las regiones ecol\u00f3gicas m\u00e1s importantes del planeta. Abarca el 33% de bosques tropicales del planeta.<\/p>\n\n<p>Se <strong>extiende por m\u00e1s de 7 millones de km\u00b2 y se reparte entre nueve pa\u00edses sudamericanos, Colombia, Brasil, Per\u00fa, Venezuela, Bolivia, Ecuador, Guyana, Surinam y la Guayana Francesa<\/strong>, y su tama\u00f1o puede compararse con la <a href=\"https:\/\/datosmacro.expansion.com\/paises\/australia\">superficie de Australia<\/a>.<\/p>\n\n<p>La Amazon\u00eda <strong>almacena alrededor de <a href=\"https:\/\/aida-americas.org\/es\/la-amazonia-un-estabilizador-climatico-global\">140 toneladas de CO2<\/a> <\/strong>y produce agua dulce a trav\u00e9s de sus r\u00edos.&nbsp; All\u00ed cohabitan<strong> 86 lenguas, 650 dialectos y viven m\u00e1s de 48 millones de personas.<\/strong><\/p>\n\n<figure class=\"wp-block-image aligncenter size-large\"><img loading=\"lazy\" decoding=\"async\" width=\"1024\" height=\"669\" src=\"https:\/\/www.greenpeace.org\/static\/planet4-colombia-stateless\/2025\/09\/2a705484-amazonas-brasil-gp0p3v-\u00a9-greenpeace-john-novis-1024x669.jpg\" alt=\"\" class=\"wp-image-16501\" srcset=\"https:\/\/www.greenpeace.org\/static\/planet4-colombia-stateless\/2025\/09\/2a705484-amazonas-brasil-gp0p3v-\u00a9-greenpeace-john-novis-1024x669.jpg 1024w, https:\/\/www.greenpeace.org\/static\/planet4-colombia-stateless\/2025\/09\/2a705484-amazonas-brasil-gp0p3v-\u00a9-greenpeace-john-novis-300x196.jpg 300w, https:\/\/www.greenpeace.org\/static\/planet4-colombia-stateless\/2025\/09\/2a705484-amazonas-brasil-gp0p3v-\u00a9-greenpeace-john-novis-768x502.jpg 768w, https:\/\/www.greenpeace.org\/static\/planet4-colombia-stateless\/2025\/09\/2a705484-amazonas-brasil-gp0p3v-\u00a9-greenpeace-john-novis-1536x1004.jpg 1536w, https:\/\/www.greenpeace.org\/static\/planet4-colombia-stateless\/2025\/09\/2a705484-amazonas-brasil-gp0p3v-\u00a9-greenpeace-john-novis-2048x1339.jpg 2048w, https:\/\/www.greenpeace.org\/static\/planet4-colombia-stateless\/2025\/09\/2a705484-amazonas-brasil-gp0p3v-\u00a9-greenpeace-john-novis-510x333.jpg 510w\" sizes=\"auto, (max-width: 1024px) 100vw, 1024px\" \/><figcaption><div class=\"credit icon-left\"> \u00a9 Greenpeace \/ John Novis<\/div><\/figcaption><\/figure>\n\n<p>Gracias a su enorme cobertura boscosa continua y su biodiversidad, la Amazon\u00eda tambi\u00e9n act\u00faa como <strong>corredor biol\u00f3gico<\/strong> entre los ecosistemas altoandinos, los humedales de la Orinoqu\u00eda y los manglares del Caribe.&nbsp;<\/p>\n\n<p>Es el eje de movilidad para <strong>muchas especies migratorias de aves, mam\u00edferos y peces, que encuentran en este bioma un refugio clim\u00e1tico<\/strong> seguro frente al cambio global. En un pa\u00eds fragmentado ecol\u00f3gicamente por carreteras, monocultivos y miner\u00eda, la Amazon\u00eda permanece como una de las \u00faltimas zonas de conectividad funcional entre regiones.<\/p>\n\n<figure class=\"wp-block-image aligncenter size-large\"><img loading=\"lazy\" decoding=\"async\" width=\"1024\" height=\"683\" src=\"https:\/\/www.greenpeace.org\/static\/planet4-colombia-stateless\/2025\/09\/a899cf0a-habita-amazonas-colombia-biodiversidad-juguar-\u00a9-carlos-eduardo-fragoso-greenpeace-4-1024x683.jpg\" alt=\"\" class=\"wp-image-16584\" srcset=\"https:\/\/www.greenpeace.org\/static\/planet4-colombia-stateless\/2025\/09\/a899cf0a-habita-amazonas-colombia-biodiversidad-juguar-\u00a9-carlos-eduardo-fragoso-greenpeace-4-1024x683.jpg 1024w, https:\/\/www.greenpeace.org\/static\/planet4-colombia-stateless\/2025\/09\/a899cf0a-habita-amazonas-colombia-biodiversidad-juguar-\u00a9-carlos-eduardo-fragoso-greenpeace-4-300x200.jpg 300w, https:\/\/www.greenpeace.org\/static\/planet4-colombia-stateless\/2025\/09\/a899cf0a-habita-amazonas-colombia-biodiversidad-juguar-\u00a9-carlos-eduardo-fragoso-greenpeace-4-768x512.jpg 768w, https:\/\/www.greenpeace.org\/static\/planet4-colombia-stateless\/2025\/09\/a899cf0a-habita-amazonas-colombia-biodiversidad-juguar-\u00a9-carlos-eduardo-fragoso-greenpeace-4-1536x1024.jpg 1536w, https:\/\/www.greenpeace.org\/static\/planet4-colombia-stateless\/2025\/09\/a899cf0a-habita-amazonas-colombia-biodiversidad-juguar-\u00a9-carlos-eduardo-fragoso-greenpeace-4-2048x1366.jpg 2048w, https:\/\/www.greenpeace.org\/static\/planet4-colombia-stateless\/2025\/09\/a899cf0a-habita-amazonas-colombia-biodiversidad-juguar-\u00a9-carlos-eduardo-fragoso-greenpeace-4-510x340.jpg 510w\" sizes=\"auto, (max-width: 1024px) 100vw, 1024px\" \/><figcaption class=\"wp-element-caption\">.<\/figcaption><\/figure>\n\n<figure class=\"wp-block-image aligncenter size-large\"><img loading=\"lazy\" decoding=\"async\" width=\"1024\" height=\"683\" src=\"https:\/\/www.greenpeace.org\/static\/planet4-colombia-stateless\/2025\/09\/9697db4f-gp0stpoa1_medium-res-with-credit-line-1200px-1024x683.jpg\" alt=\"\" class=\"wp-image-16551\" srcset=\"https:\/\/www.greenpeace.org\/static\/planet4-colombia-stateless\/2025\/09\/9697db4f-gp0stpoa1_medium-res-with-credit-line-1200px-1024x683.jpg 1024w, https:\/\/www.greenpeace.org\/static\/planet4-colombia-stateless\/2025\/09\/9697db4f-gp0stpoa1_medium-res-with-credit-line-1200px-300x200.jpg 300w, https:\/\/www.greenpeace.org\/static\/planet4-colombia-stateless\/2025\/09\/9697db4f-gp0stpoa1_medium-res-with-credit-line-1200px-768x512.jpg 768w, https:\/\/www.greenpeace.org\/static\/planet4-colombia-stateless\/2025\/09\/9697db4f-gp0stpoa1_medium-res-with-credit-line-1200px-510x340.jpg 510w, https:\/\/www.greenpeace.org\/static\/planet4-colombia-stateless\/2025\/09\/9697db4f-gp0stpoa1_medium-res-with-credit-line-1200px.jpg 1200w\" sizes=\"auto, (max-width: 1024px) 100vw, 1024px\" \/><figcaption><div class=\"credit icon-left\"> \u00a9 Valdemir Cunha \/ Greenpeace<\/div><\/figcaption><\/figure>\n\n<p>Los<strong> \u201cr\u00edos voladores\u201d<\/strong> que nacen de la transpiraci\u00f3n de sus millones de \u00e1rboles funcionan como un <strong>sistema de irrigaci\u00f3n atmosf\u00e9rica para toda Sudam\u00e9rica<\/strong>. Al bombear vapor de agua al cielo, generan lluvias esenciales que mantienen los ciclos agr\u00edcolas y el equilibrio h\u00eddrico en zonas tan distantes como el Altiplano Cundiboyacense, los llanos orientales e incluso el sur de Brasil.<\/p>\n\n<figure class=\"wp-block-image aligncenter size-large\"><img loading=\"lazy\" decoding=\"async\" width=\"1024\" height=\"683\" src=\"https:\/\/www.greenpeace.org\/static\/planet4-colombia-stateless\/2025\/09\/4ae537a2-incendios-amazonas-brasil-13-credito-daniel-beltra-greenpeace-1024x683.jpg\" alt=\"\" class=\"wp-image-16553\" srcset=\"https:\/\/www.greenpeace.org\/static\/planet4-colombia-stateless\/2025\/09\/4ae537a2-incendios-amazonas-brasil-13-credito-daniel-beltra-greenpeace-1024x683.jpg 1024w, https:\/\/www.greenpeace.org\/static\/planet4-colombia-stateless\/2025\/09\/4ae537a2-incendios-amazonas-brasil-13-credito-daniel-beltra-greenpeace-300x200.jpg 300w, https:\/\/www.greenpeace.org\/static\/planet4-colombia-stateless\/2025\/09\/4ae537a2-incendios-amazonas-brasil-13-credito-daniel-beltra-greenpeace-768x512.jpg 768w, https:\/\/www.greenpeace.org\/static\/planet4-colombia-stateless\/2025\/09\/4ae537a2-incendios-amazonas-brasil-13-credito-daniel-beltra-greenpeace-1536x1024.jpg 1536w, https:\/\/www.greenpeace.org\/static\/planet4-colombia-stateless\/2025\/09\/4ae537a2-incendios-amazonas-brasil-13-credito-daniel-beltra-greenpeace-2048x1366.jpg 2048w, https:\/\/www.greenpeace.org\/static\/planet4-colombia-stateless\/2025\/09\/4ae537a2-incendios-amazonas-brasil-13-credito-daniel-beltra-greenpeace-510x340.jpg 510w\" sizes=\"auto, (max-width: 1024px) 100vw, 1024px\" \/><figcaption class=\"wp-element-caption\">Daniel Beltra  \/ Greenpeace<\/figcaption><\/figure>\n\n<p class=\"has-grey-200-background-color has-background\"> <strong>Cuando la selva es talada, este sistema se interrumpe, provocando sequ\u00edas prolongadas, p\u00e9rdida de cosechas y mayor vulnerabilidad frente a incendios forestales<\/strong><\/p>\n","protected":false},"excerpt":{"rendered":"<p>La Amazon\u00eda es el bosque tropical m\u00e1s grande del mundo y una de las regiones ecol\u00f3gicas m\u00e1s importantes del planeta. Abarca el 33% de bosques tropicales del planeta.<\/p>\n","protected":false},"author":21,"featured_media":16504,"parent":0,"menu_order":0,"comment_status":"closed","ping_status":"closed","template":"","meta":{"ep_exclude_from_search":false,"p4_hide_page_title_checkbox":"","p4_title":"","p4_subtitle":"","p4_description":"","background_image_id":"","background_image":"","p4_button_title":"","p4_button_link":"","p4_button_link_checkbox":"","p4_og_title":"","p4_og_description":"","p4_og_image":"https:\/\/www.greenpeace.org\/static\/planet4-colombia-stateless\/2025\/09\/52f5472c-amazonas-brasil-gp0stpoe5-valdemir-cunha-greenpeace.jpg","p4_og_image_id":"16504","p4_seo_canonical_url":"","p4_campaign_name":"","p4_local_project":"","p4_basket_name":"","p4_department":"","footnotes":""},"categories":[],"tags":[],"class_list":["post-16514","page","type-page","status-publish","has-post-thumbnail","hentry"],"_links":{"self":[{"href":"https:\/\/www.greenpeace.org\/colombia\/wp-json\/wp\/v2\/pages\/16514","targetHints":{"allow":["GET"]}}],"collection":[{"href":"https:\/\/www.greenpeace.org\/colombia\/wp-json\/wp\/v2\/pages"}],"about":[{"href":"https:\/\/www.greenpeace.org\/colombia\/wp-json\/wp\/v2\/types\/page"}],"author":[{"embeddable":true,"href":"https:\/\/www.greenpeace.org\/colombia\/wp-json\/wp\/v2\/users\/21"}],"replies":[{"embeddable":true,"href":"https:\/\/www.greenpeace.org\/colombia\/wp-json\/wp\/v2\/comments?post=16514"}],"version-history":[{"count":7,"href":"https:\/\/www.greenpeace.org\/colombia\/wp-json\/wp\/v2\/pages\/16514\/revisions"}],"predecessor-version":[{"id":16615,"href":"https:\/\/www.greenpeace.org\/colombia\/wp-json\/wp\/v2\/pages\/16514\/revisions\/16615"}],"wp:featuredmedia":[{"embeddable":true,"href":"https:\/\/www.greenpeace.org\/colombia\/wp-json\/wp\/v2\/media\/16504"}],"wp:attachment":[{"href":"https:\/\/www.greenpeace.org\/colombia\/wp-json\/wp\/v2\/media?parent=16514"}],"wp:term":[{"taxonomy":"category","embeddable":true,"href":"https:\/\/www.greenpeace.org\/colombia\/wp-json\/wp\/v2\/categories?post=16514"},{"taxonomy":"post_tag","embeddable":true,"href":"https:\/\/www.greenpeace.org\/colombia\/wp-json\/wp\/v2\/tags?post=16514"}],"curies":[{"name":"wp","href":"https:\/\/api.w.org\/{rel}","templated":true}]}}