{"id":16524,"date":"2025-09-15T05:28:35","date_gmt":"2025-09-15T05:28:35","guid":{"rendered":"https:\/\/www.greenpeace.org\/colombia\/?page_id=16524"},"modified":"2025-09-15T20:48:38","modified_gmt":"2025-09-15T20:48:38","slug":"como-es-la-amazonia-colombiana","status":"publish","type":"page","link":"https:\/\/www.greenpeace.org\/colombia\/como-es-la-amazonia-colombiana\/","title":{"rendered":"\u00bfC\u00f3mo es la Amazon\u00eda colombiana?"},"content":{"rendered":"\n<figure class=\"wp-block-image size-large\"><img loading=\"lazy\" decoding=\"async\" width=\"1024\" height=\"683\" src=\"https:\/\/www.greenpeace.org\/static\/planet4-colombia-stateless\/2025\/09\/7289dde8-amazonas-colombia-imagen-de-justus-en-pixabay-1024x683.jpg\" alt=\"\" class=\"wp-image-16525\" srcset=\"https:\/\/www.greenpeace.org\/static\/planet4-colombia-stateless\/2025\/09\/7289dde8-amazonas-colombia-imagen-de-justus-en-pixabay-1024x683.jpg 1024w, https:\/\/www.greenpeace.org\/static\/planet4-colombia-stateless\/2025\/09\/7289dde8-amazonas-colombia-imagen-de-justus-en-pixabay-300x200.jpg 300w, https:\/\/www.greenpeace.org\/static\/planet4-colombia-stateless\/2025\/09\/7289dde8-amazonas-colombia-imagen-de-justus-en-pixabay-768x512.jpg 768w, https:\/\/www.greenpeace.org\/static\/planet4-colombia-stateless\/2025\/09\/7289dde8-amazonas-colombia-imagen-de-justus-en-pixabay-1536x1024.jpg 1536w, https:\/\/www.greenpeace.org\/static\/planet4-colombia-stateless\/2025\/09\/7289dde8-amazonas-colombia-imagen-de-justus-en-pixabay-2048x1366.jpg 2048w, https:\/\/www.greenpeace.org\/static\/planet4-colombia-stateless\/2025\/09\/7289dde8-amazonas-colombia-imagen-de-justus-en-pixabay-510x340.jpg 510w\" sizes=\"auto, (max-width: 1024px) 100vw, 1024px\" \/><figcaption class=\"wp-element-caption\">Amazonas Colombia (Imagen de Justus en Pixabay)<\/figcaption><\/figure>\n\n<p>Para Colombia la Amazon\u00eda es un componente central del patrimonio natural, cultural y clim\u00e1tico del pa\u00eds, ya que representa el <a href=\"https:\/\/www.minambiente.gov.co\/4ma2oni4\/\" target=\"_blank\" rel=\"noreferrer noopener\"><strong>42%<\/strong><\/a><strong> del territorio nacional<\/strong>. <strong>Esta regi\u00f3n cubre m\u00e1s de 400.000 km\u00b2 e incluye departamentos como Amazonas, Caquet\u00e1, Guaviare, Guain\u00eda, Putumayo y Vaup\u00e9s<\/strong>. Es hogar y territorio de<a href=\"http:\/\/google.com\/search?q=60+pueblos+indigenas+amazon%C3%ADa+colombiana+dato+DANE&amp;rlz=1C1GCEU_enCO1156CO1156&amp;oq=60+pueblos+indigenas+amazon%C3%ADa+colombiana+dato+DANE+&amp;gs_lcrp=EgZjaHJvbWUyBggAEEUYOTIHCAEQABjvBTIKCAIQABiABBiiBDIHCAMQABjvBTIHCAQQABjvBdIBCDk5MzZqMGo3qAIAsAIA&amp;sourceid=chrome&amp;ie=UTF-8\" target=\"_blank\" rel=\"noreferrer noopener\"> 64 pueblos ind\u00edgenas, en 162 resguardos ind\u00edgenas en Colombia <\/a>y m\u00faltiples comunidades locales y afrodescendientes, quienes han habitado y cuidado la selva por generaciones.<\/p>\n\n<p>La <strong>Amazon\u00eda colombiana<\/strong> funciona como el <strong>sistema circulatorio ecol\u00f3gico del pa\u00eds<\/strong>. Desde sus selvas nacen algunos de los r\u00edos m\u00e1s caudalosos del continente, como el Caquet\u00e1, el Putumayo y el Guain\u00eda, que no s\u00f3lo alimentan al gran Amazonas, sino que tambi\u00e9n sostienen cuencas vitales en otras regiones del pa\u00eds ( pues influye en la regulaci\u00f3n de lluvias que alimentan las cordilleras, los Andes y el Caribe).<\/p>\n\n<figure class=\"wp-block-image size-large\"><img loading=\"lazy\" decoding=\"async\" width=\"1024\" height=\"682\" src=\"https:\/\/www.greenpeace.org\/static\/planet4-colombia-stateless\/2025\/09\/226ca844-gpco-amazonas-colombia-@-juan-camilo-lindo-greenpeace-1024x682.jpg\" alt=\"\" class=\"wp-image-16616\" srcset=\"https:\/\/www.greenpeace.org\/static\/planet4-colombia-stateless\/2025\/09\/226ca844-gpco-amazonas-colombia-@-juan-camilo-lindo-greenpeace-1024x682.jpg 1024w, https:\/\/www.greenpeace.org\/static\/planet4-colombia-stateless\/2025\/09\/226ca844-gpco-amazonas-colombia-@-juan-camilo-lindo-greenpeace-300x200.jpg 300w, https:\/\/www.greenpeace.org\/static\/planet4-colombia-stateless\/2025\/09\/226ca844-gpco-amazonas-colombia-@-juan-camilo-lindo-greenpeace-768x512.jpg 768w, https:\/\/www.greenpeace.org\/static\/planet4-colombia-stateless\/2025\/09\/226ca844-gpco-amazonas-colombia-@-juan-camilo-lindo-greenpeace-1536x1023.jpg 1536w, https:\/\/www.greenpeace.org\/static\/planet4-colombia-stateless\/2025\/09\/226ca844-gpco-amazonas-colombia-@-juan-camilo-lindo-greenpeace-2048x1366.jpg 2048w, https:\/\/www.greenpeace.org\/static\/planet4-colombia-stateless\/2025\/09\/226ca844-gpco-amazonas-colombia-@-juan-camilo-lindo-greenpeace-510x340.jpg 510w\" sizes=\"auto, (max-width: 1024px) 100vw, 1024px\" \/><figcaption class=\"wp-element-caption\"> @ Juan Camilo Lindo \/ Greenpeace<\/figcaption><\/figure>\n\n<p>S\u00f3lo en Colombia, <strong>la Amazon\u00eda alberga cerca de <a href=\"https:\/\/www.minambiente.gov.co\/4ma2oni4\/\">3,798 especies de fauna y 17,531 especies de flora<\/a>. <\/strong>Su integridad ecol\u00f3gica es esencial para la salud del sistema clim\u00e1tico regional.<\/p>\n\n<p>Sin embargo, su importancia su degradaci\u00f3n progresiva debido a la deforestaci\u00f3n, incendios, extractivismo y crisis clim\u00e1tica, ya est\u00e1 comprometiendo su resiliencia. Algunos estudios sugieren que<strong> la <a href=\"https:\/\/www.scientificamerican.com\/article\/why-is-the-amazon-so-important-for-climate-change1\/\" target=\"_blank\" rel=\"noreferrer noopener\">Amazon\u00eda podr\u00eda estar cerca de un punto de no retorno, donde dejar\u00eda de ser hogar de fauna, flora y personas, y un sumidero de carbono para convertirse en una fuente neta de emisiones y<\/a> p\u00e9rdida de h\u00e1bitats.\u00a0<\/strong><\/p>\n\n<p class=\"has-grey-200-background-color has-background\">Es por esto que proteger la Amazon\u00eda no solo es urgente para conservar la vida que alberga, sino tambi\u00e9n esencial para frenar el avance del colapso clim\u00e1tico global. Biodiversidad y clima no pueden abordarse por separado: <strong>la Amazon\u00eda debe estar en el centro de toda estrategia ambiental con justicia, equidad y derechos como principios rectores.<\/strong><\/p>\n\n<p><\/p>\n\n<p><\/p>\n","protected":false},"excerpt":{"rendered":"<p>Para Colombia la Amazon\u00eda es un componente central del patrimonio natural, cultural y clim\u00e1tico del pa\u00eds, ya que representa el 42% del territorio nacional.<\/p>\n","protected":false},"author":21,"featured_media":16525,"parent":0,"menu_order":0,"comment_status":"closed","ping_status":"closed","template":"","meta":{"ep_exclude_from_search":false,"p4_hide_page_title_checkbox":"","p4_title":"","p4_subtitle":"","p4_description":"","background_image_id":"","background_image":"","p4_button_title":"","p4_button_link":"","p4_button_link_checkbox":"","p4_og_title":"\u00bfC\u00f3mo es la Amazon\u00eda colombiana?","p4_og_description":"Para Colombia la Amazon\u00eda es un componente central del patrimonio natural, cultural y clim\u00e1tico del pa\u00eds, ya que representa el 42% del territorio nacional.","p4_og_image":"https:\/\/www.greenpeace.org\/static\/planet4-colombia-stateless\/2025\/09\/7289dde8-amazonas-colombia-imagen-de-justus-en-pixabay-scaled.jpg","p4_og_image_id":"16525","p4_seo_canonical_url":"","p4_campaign_name":"","p4_local_project":"","p4_basket_name":"","p4_department":"","footnotes":""},"categories":[2],"tags":[],"class_list":["post-16524","page","type-page","status-publish","has-post-thumbnail","hentry","category-bosques"],"_links":{"self":[{"href":"https:\/\/www.greenpeace.org\/colombia\/wp-json\/wp\/v2\/pages\/16524","targetHints":{"allow":["GET"]}}],"collection":[{"href":"https:\/\/www.greenpeace.org\/colombia\/wp-json\/wp\/v2\/pages"}],"about":[{"href":"https:\/\/www.greenpeace.org\/colombia\/wp-json\/wp\/v2\/types\/page"}],"author":[{"embeddable":true,"href":"https:\/\/www.greenpeace.org\/colombia\/wp-json\/wp\/v2\/users\/21"}],"replies":[{"embeddable":true,"href":"https:\/\/www.greenpeace.org\/colombia\/wp-json\/wp\/v2\/comments?post=16524"}],"version-history":[{"count":3,"href":"https:\/\/www.greenpeace.org\/colombia\/wp-json\/wp\/v2\/pages\/16524\/revisions"}],"predecessor-version":[{"id":16618,"href":"https:\/\/www.greenpeace.org\/colombia\/wp-json\/wp\/v2\/pages\/16524\/revisions\/16618"}],"wp:featuredmedia":[{"embeddable":true,"href":"https:\/\/www.greenpeace.org\/colombia\/wp-json\/wp\/v2\/media\/16525"}],"wp:attachment":[{"href":"https:\/\/www.greenpeace.org\/colombia\/wp-json\/wp\/v2\/media?parent=16524"}],"wp:term":[{"taxonomy":"category","embeddable":true,"href":"https:\/\/www.greenpeace.org\/colombia\/wp-json\/wp\/v2\/categories?post=16524"},{"taxonomy":"post_tag","embeddable":true,"href":"https:\/\/www.greenpeace.org\/colombia\/wp-json\/wp\/v2\/tags?post=16524"}],"curies":[{"name":"wp","href":"https:\/\/api.w.org\/{rel}","templated":true}]}}