{"id":16557,"date":"2025-09-15T19:19:49","date_gmt":"2025-09-15T19:19:49","guid":{"rendered":"https:\/\/www.greenpeace.org\/colombia\/?page_id=16557"},"modified":"2025-09-15T19:37:32","modified_gmt":"2025-09-15T19:37:32","slug":"cual-es-la-importancia-de-la-amazonia-para-la-regulacion-climatica","status":"publish","type":"page","link":"https:\/\/www.greenpeace.org\/colombia\/cual-es-la-importancia-de-la-amazonia-para-la-regulacion-climatica\/","title":{"rendered":"\u00bfCu\u00e1l es la importancia de la Amazon\u00eda para la regulaci\u00f3n clim\u00e1tica?"},"content":{"rendered":"\n<figure class=\"wp-block-image aligncenter size-large\"><img loading=\"lazy\" decoding=\"async\" width=\"1024\" height=\"683\" src=\"https:\/\/www.greenpeace.org\/static\/planet4-colombia-stateless\/2025\/09\/a8e2d795-amazonas-brasil-gp0strayi-\u00a9-tommaso-protti-1024x683.jpg\" alt=\"\" class=\"wp-image-16558\" srcset=\"https:\/\/www.greenpeace.org\/static\/planet4-colombia-stateless\/2025\/09\/a8e2d795-amazonas-brasil-gp0strayi-\u00a9-tommaso-protti-1024x683.jpg 1024w, https:\/\/www.greenpeace.org\/static\/planet4-colombia-stateless\/2025\/09\/a8e2d795-amazonas-brasil-gp0strayi-\u00a9-tommaso-protti-300x200.jpg 300w, https:\/\/www.greenpeace.org\/static\/planet4-colombia-stateless\/2025\/09\/a8e2d795-amazonas-brasil-gp0strayi-\u00a9-tommaso-protti-768x512.jpg 768w, https:\/\/www.greenpeace.org\/static\/planet4-colombia-stateless\/2025\/09\/a8e2d795-amazonas-brasil-gp0strayi-\u00a9-tommaso-protti-1536x1024.jpg 1536w, https:\/\/www.greenpeace.org\/static\/planet4-colombia-stateless\/2025\/09\/a8e2d795-amazonas-brasil-gp0strayi-\u00a9-tommaso-protti-2048x1366.jpg 2048w, https:\/\/www.greenpeace.org\/static\/planet4-colombia-stateless\/2025\/09\/a8e2d795-amazonas-brasil-gp0strayi-\u00a9-tommaso-protti-510x340.jpg 510w\" sizes=\"auto, (max-width: 1024px) 100vw, 1024px\" \/><figcaption><div class=\"credit icon-left\"> \u00a9 Tommaso Protti \/ Greenpeace<\/div><\/figcaption><\/figure>\n\n<p>Se estima que <strong>la Amazon\u00eda absorbe entre el 10% y el 15% de las emisiones anuales de di\u00f3xido de carbono del mundo<\/strong> y almacena alrededor de 120 mil millones de toneladas de carbono, lo que la convierte en <strong>una de las mayores reservas de carbono del mundo.<\/strong><\/p>\n\n<p><strong>Sin la Amazon\u00eda, el planeta ser\u00eda 1 o 2 grados m\u00e1s caliente. <\/strong>La selva amaz\u00f3nica es una fuente importante de humedad y produce una gran cantidad de vapor de agua que se eleva a la atm\u00f3sfera y forma nubes. Estas nubes reflejan la luz solar y ayudan a mantener la temperatura del planeta. Es decir, <strong>sus bosques crean nubes blancas que reflejan la luz solar, evitando que la Tierra se recaliente a\u00fan m\u00e1s<\/strong>.&nbsp;<\/p>\n\n<figure class=\"wp-block-image aligncenter size-large\"><img loading=\"lazy\" decoding=\"async\" width=\"1024\" height=\"683\" src=\"https:\/\/www.greenpeace.org\/static\/planet4-colombia-stateless\/2025\/09\/b651c72f-amazonas-brasil-gp0stpoc0-valdemir-cunha-greenpeace-1024x683.jpg\" alt=\"\" class=\"wp-image-16559\" srcset=\"https:\/\/www.greenpeace.org\/static\/planet4-colombia-stateless\/2025\/09\/b651c72f-amazonas-brasil-gp0stpoc0-valdemir-cunha-greenpeace-1024x683.jpg 1024w, https:\/\/www.greenpeace.org\/static\/planet4-colombia-stateless\/2025\/09\/b651c72f-amazonas-brasil-gp0stpoc0-valdemir-cunha-greenpeace-300x200.jpg 300w, https:\/\/www.greenpeace.org\/static\/planet4-colombia-stateless\/2025\/09\/b651c72f-amazonas-brasil-gp0stpoc0-valdemir-cunha-greenpeace-768x513.jpg 768w, https:\/\/www.greenpeace.org\/static\/planet4-colombia-stateless\/2025\/09\/b651c72f-amazonas-brasil-gp0stpoc0-valdemir-cunha-greenpeace-1536x1025.jpg 1536w, https:\/\/www.greenpeace.org\/static\/planet4-colombia-stateless\/2025\/09\/b651c72f-amazonas-brasil-gp0stpoc0-valdemir-cunha-greenpeace-2048x1366.jpg 2048w, https:\/\/www.greenpeace.org\/static\/planet4-colombia-stateless\/2025\/09\/b651c72f-amazonas-brasil-gp0stpoc0-valdemir-cunha-greenpeace-510x340.jpg 510w\" sizes=\"auto, (max-width: 1024px) 100vw, 1024px\" \/><figcaption><div class=\"credit icon-left\"> \u00a9 Valdemir Cunha \/ Greenpeace<\/div><\/figcaption><\/figure>\n\n<p>Cuando talamos un \u00e1rbol amaz\u00f3nico, no s\u00f3lo perdemos un tronco: interrumpimos un ciclo que sostiene la lluvia y la vida de millones de personas en todo el continente.&nbsp; Cada \u00e1rbol amaz\u00f3nico es una f\u00e1brica de agua. <\/p>\n\n<p class=\"has-grey-200-background-color has-background\"><strong>Un \u00e1rbol<\/strong> de 20 metros puede liberar hasta <strong>1.000 litros diarios de vapor<\/strong>, y en conjunto, la selva amaz\u00f3nica env\u00eda <strong>20.000 millones de toneladas de agua a la atm\u00f3sfera cada d\u00eda<\/strong>. Este vapor se condensa y cae como lluvia, viajando miles de kil\u00f3metros y llegando hasta los Andes, el Caribe y el Atl\u00e1ntico.<\/p>\n\n<figure class=\"wp-block-image aligncenter size-large\"><img loading=\"lazy\" decoding=\"async\" width=\"1024\" height=\"683\" src=\"https:\/\/www.greenpeace.org\/static\/planet4-colombia-stateless\/2025\/09\/32dca4ff-amazonas-brasil-gp0stu1r8-\u00a9-diego-baravelli-greenpeace-1024x683.jpg\" alt=\"\" class=\"wp-image-16560\" srcset=\"https:\/\/www.greenpeace.org\/static\/planet4-colombia-stateless\/2025\/09\/32dca4ff-amazonas-brasil-gp0stu1r8-\u00a9-diego-baravelli-greenpeace-1024x683.jpg 1024w, https:\/\/www.greenpeace.org\/static\/planet4-colombia-stateless\/2025\/09\/32dca4ff-amazonas-brasil-gp0stu1r8-\u00a9-diego-baravelli-greenpeace-300x200.jpg 300w, https:\/\/www.greenpeace.org\/static\/planet4-colombia-stateless\/2025\/09\/32dca4ff-amazonas-brasil-gp0stu1r8-\u00a9-diego-baravelli-greenpeace-768x512.jpg 768w, https:\/\/www.greenpeace.org\/static\/planet4-colombia-stateless\/2025\/09\/32dca4ff-amazonas-brasil-gp0stu1r8-\u00a9-diego-baravelli-greenpeace-1536x1024.jpg 1536w, https:\/\/www.greenpeace.org\/static\/planet4-colombia-stateless\/2025\/09\/32dca4ff-amazonas-brasil-gp0stu1r8-\u00a9-diego-baravelli-greenpeace-2048x1366.jpg 2048w, https:\/\/www.greenpeace.org\/static\/planet4-colombia-stateless\/2025\/09\/32dca4ff-amazonas-brasil-gp0stu1r8-\u00a9-diego-baravelli-greenpeace-510x340.jpg 510w\" sizes=\"auto, (max-width: 1024px) 100vw, 1024px\" \/><figcaption class=\"wp-element-caption\">\u00a9 Diego Baravelli \/ Greenpeace<\/figcaption><\/figure>\n\n<p class=\"has-grey-200-background-color has-background\"><strong>Sin la Amazon\u00eda en pie, el Caribe ser\u00eda m\u00e1s caliente, m\u00e1s seco y m\u00e1s vulnerable a tormentas extremas.&nbsp;<\/strong><\/p>\n\n<p><\/p>\n","protected":false},"excerpt":{"rendered":"<p>Se estima que la Amazon\u00eda absorbe entre el 10% y el 15% de las emisiones anuales de di\u00f3xido de carbono del mundo<\/p>\n","protected":false},"author":21,"featured_media":16558,"parent":0,"menu_order":0,"comment_status":"closed","ping_status":"closed","template":"","meta":{"ep_exclude_from_search":false,"p4_hide_page_title_checkbox":"","p4_title":"","p4_subtitle":"","p4_description":"","background_image_id":"","background_image":"","p4_button_title":"","p4_button_link":"","p4_button_link_checkbox":"","p4_og_title":"\u00bfCu\u00e1l es la importancia de la Amazon\u00eda para la regulaci\u00f3n clim\u00e1tica?","p4_og_description":"Se estima que la Amazon\u00eda absorbe entre el 10% y el 15% de las emisiones anuales de di\u00f3xido de carbono del mundo","p4_og_image":"https:\/\/www.greenpeace.org\/static\/planet4-colombia-stateless\/2025\/09\/a8e2d795-amazonas-brasil-gp0strayi-\u00a9-tommaso-protti.jpg","p4_og_image_id":"16558","p4_seo_canonical_url":"","p4_campaign_name":"","p4_local_project":"","p4_basket_name":"","p4_department":"","footnotes":""},"categories":[2],"tags":[],"class_list":["post-16557","page","type-page","status-publish","has-post-thumbnail","hentry","category-bosques"],"_links":{"self":[{"href":"https:\/\/www.greenpeace.org\/colombia\/wp-json\/wp\/v2\/pages\/16557","targetHints":{"allow":["GET"]}}],"collection":[{"href":"https:\/\/www.greenpeace.org\/colombia\/wp-json\/wp\/v2\/pages"}],"about":[{"href":"https:\/\/www.greenpeace.org\/colombia\/wp-json\/wp\/v2\/types\/page"}],"author":[{"embeddable":true,"href":"https:\/\/www.greenpeace.org\/colombia\/wp-json\/wp\/v2\/users\/21"}],"replies":[{"embeddable":true,"href":"https:\/\/www.greenpeace.org\/colombia\/wp-json\/wp\/v2\/comments?post=16557"}],"version-history":[{"count":3,"href":"https:\/\/www.greenpeace.org\/colombia\/wp-json\/wp\/v2\/pages\/16557\/revisions"}],"predecessor-version":[{"id":16565,"href":"https:\/\/www.greenpeace.org\/colombia\/wp-json\/wp\/v2\/pages\/16557\/revisions\/16565"}],"wp:featuredmedia":[{"embeddable":true,"href":"https:\/\/www.greenpeace.org\/colombia\/wp-json\/wp\/v2\/media\/16558"}],"wp:attachment":[{"href":"https:\/\/www.greenpeace.org\/colombia\/wp-json\/wp\/v2\/media?parent=16557"}],"wp:term":[{"taxonomy":"category","embeddable":true,"href":"https:\/\/www.greenpeace.org\/colombia\/wp-json\/wp\/v2\/categories?post=16557"},{"taxonomy":"post_tag","embeddable":true,"href":"https:\/\/www.greenpeace.org\/colombia\/wp-json\/wp\/v2\/tags?post=16557"}],"curies":[{"name":"wp","href":"https:\/\/api.w.org\/{rel}","templated":true}]}}