{"id":16573,"date":"2025-09-15T20:08:24","date_gmt":"2025-09-15T20:08:24","guid":{"rendered":"https:\/\/www.greenpeace.org\/colombia\/?page_id=16573"},"modified":"2025-09-15T20:09:43","modified_gmt":"2025-09-15T20:09:43","slug":"como-afecta-la-deforestacion-a-la-amazonia","status":"publish","type":"page","link":"https:\/\/www.greenpeace.org\/colombia\/como-afecta-la-deforestacion-a-la-amazonia\/","title":{"rendered":"\u00bfC\u00f3mo afecta la deforestaci\u00f3n a la Amazon\u00eda?"},"content":{"rendered":"\n<figure class=\"wp-block-image aligncenter size-large\"><img loading=\"lazy\" decoding=\"async\" width=\"1024\" height=\"683\" src=\"https:\/\/www.greenpeace.org\/static\/planet4-colombia-stateless\/2025\/09\/0ca44d25-incendios-amazonas-brasil-16-\u00a9-victor-moriyama-amazonia-en-chamas-1024x683.jpg\" alt=\"\" class=\"wp-image-16515\" srcset=\"https:\/\/www.greenpeace.org\/static\/planet4-colombia-stateless\/2025\/09\/0ca44d25-incendios-amazonas-brasil-16-\u00a9-victor-moriyama-amazonia-en-chamas-1024x683.jpg 1024w, https:\/\/www.greenpeace.org\/static\/planet4-colombia-stateless\/2025\/09\/0ca44d25-incendios-amazonas-brasil-16-\u00a9-victor-moriyama-amazonia-en-chamas-300x200.jpg 300w, https:\/\/www.greenpeace.org\/static\/planet4-colombia-stateless\/2025\/09\/0ca44d25-incendios-amazonas-brasil-16-\u00a9-victor-moriyama-amazonia-en-chamas-768x512.jpg 768w, https:\/\/www.greenpeace.org\/static\/planet4-colombia-stateless\/2025\/09\/0ca44d25-incendios-amazonas-brasil-16-\u00a9-victor-moriyama-amazonia-en-chamas-1536x1025.jpg 1536w, https:\/\/www.greenpeace.org\/static\/planet4-colombia-stateless\/2025\/09\/0ca44d25-incendios-amazonas-brasil-16-\u00a9-victor-moriyama-amazonia-en-chamas-2048x1366.jpg 2048w, https:\/\/www.greenpeace.org\/static\/planet4-colombia-stateless\/2025\/09\/0ca44d25-incendios-amazonas-brasil-16-\u00a9-victor-moriyama-amazonia-en-chamas-510x340.jpg 510w\" sizes=\"auto, (max-width: 1024px) 100vw, 1024px\" \/><figcaption><div class=\"credit icon-left\"> \u00a9 Victor Moriyama \/ Amaz\u00f4nia e<\/div><\/figcaption><\/figure>\n\n<p>El <a href=\"https:\/\/www.science.org\/doi\/10.1126\/science.abp8622\" target=\"_blank\" rel=\"noreferrer noopener\"><strong>38% de la Amazon\u00eda<\/strong><\/a> ya sufre alg\u00fan tipo de degradaci\u00f3n y el <strong>17% ya ha sido deforestado<\/strong>. Incluso con este grado de devastaci\u00f3n, la Amazon\u00eda sigue siendo un punto caliente de biodiversidad.<\/p>\n\n<p>Un estudio recientemente publicado en la <a href=\"https:\/\/www.nature.com\/articles\/s41598-023-28918-0\" target=\"_blank\" rel=\"noreferrer noopener\">revista Nature,<\/a> estima que entre 1985 y 2019 en la Amazon\u00eda colombiana fueron deforestadas m\u00e1s de <strong>3 millones de hect\u00e1reas, <\/strong>principalmente por ganader\u00eda.&nbsp;<\/p>\n\n<figure class=\"wp-block-image aligncenter size-large\"><img loading=\"lazy\" decoding=\"async\" width=\"1024\" height=\"684\" src=\"https:\/\/www.greenpeace.org\/static\/planet4-colombia-stateless\/2025\/09\/73db897c-incendios-amazonas-brasil-14-\u00a9-christian-braga-greenpeace-1024x684.jpg\" alt=\"\" class=\"wp-image-16510\" srcset=\"https:\/\/www.greenpeace.org\/static\/planet4-colombia-stateless\/2025\/09\/73db897c-incendios-amazonas-brasil-14-\u00a9-christian-braga-greenpeace-1024x684.jpg 1024w, https:\/\/www.greenpeace.org\/static\/planet4-colombia-stateless\/2025\/09\/73db897c-incendios-amazonas-brasil-14-\u00a9-christian-braga-greenpeace-300x200.jpg 300w, https:\/\/www.greenpeace.org\/static\/planet4-colombia-stateless\/2025\/09\/73db897c-incendios-amazonas-brasil-14-\u00a9-christian-braga-greenpeace-768x513.jpg 768w, https:\/\/www.greenpeace.org\/static\/planet4-colombia-stateless\/2025\/09\/73db897c-incendios-amazonas-brasil-14-\u00a9-christian-braga-greenpeace-1536x1025.jpg 1536w, https:\/\/www.greenpeace.org\/static\/planet4-colombia-stateless\/2025\/09\/73db897c-incendios-amazonas-brasil-14-\u00a9-christian-braga-greenpeace-2048x1367.jpg 2048w, https:\/\/www.greenpeace.org\/static\/planet4-colombia-stateless\/2025\/09\/73db897c-incendios-amazonas-brasil-14-\u00a9-christian-braga-greenpeace-2046x1366.jpg 2046w, https:\/\/www.greenpeace.org\/static\/planet4-colombia-stateless\/2025\/09\/73db897c-incendios-amazonas-brasil-14-\u00a9-christian-braga-greenpeace-510x340.jpg 510w\" sizes=\"auto, (max-width: 1024px) 100vw, 1024px\" \/><figcaption class=\"wp-element-caption\">\u00a9 Christian Braga \/ Greenpeace<\/figcaption><\/figure>\n\n<p>En el gobierno actual (2022\u20132024), las cifras de deforestaci\u00f3n nacional mostraron una tendencia decreciente respecto a a\u00f1os anteriores, atribuida a un enfoque de contenci\u00f3n territorial y acuerdos con comunidades locales. Sin embargo,<strong> <\/strong>e<a href=\"https:\/\/www.elespectador.com\/ambiente\/amazonas\/crecio-la-deforestacion-en-colombia-en-2024-frente-a-2023-perdimos-113-mil-hectareas\/\" target=\"_blank\" rel=\"noreferrer noopener\">n 2024 se registr\u00f3 un aumento de la deforestaci\u00f3n<\/a>. <\/p>\n\n<figure class=\"wp-block-image aligncenter size-large\"><img loading=\"lazy\" decoding=\"async\" width=\"1024\" height=\"683\" src=\"https:\/\/www.greenpeace.org\/static\/planet4-colombia-stateless\/2025\/09\/14fc03a6-incendios-amazonas-brasil-20-\u00a9-nilmar-lage-greenpeace-1024x683.jpg\" alt=\"\" class=\"wp-image-16520\" srcset=\"https:\/\/www.greenpeace.org\/static\/planet4-colombia-stateless\/2025\/09\/14fc03a6-incendios-amazonas-brasil-20-\u00a9-nilmar-lage-greenpeace-1024x683.jpg 1024w, https:\/\/www.greenpeace.org\/static\/planet4-colombia-stateless\/2025\/09\/14fc03a6-incendios-amazonas-brasil-20-\u00a9-nilmar-lage-greenpeace-300x200.jpg 300w, https:\/\/www.greenpeace.org\/static\/planet4-colombia-stateless\/2025\/09\/14fc03a6-incendios-amazonas-brasil-20-\u00a9-nilmar-lage-greenpeace-768x512.jpg 768w, https:\/\/www.greenpeace.org\/static\/planet4-colombia-stateless\/2025\/09\/14fc03a6-incendios-amazonas-brasil-20-\u00a9-nilmar-lage-greenpeace-1536x1024.jpg 1536w, https:\/\/www.greenpeace.org\/static\/planet4-colombia-stateless\/2025\/09\/14fc03a6-incendios-amazonas-brasil-20-\u00a9-nilmar-lage-greenpeace-2048x1366.jpg 2048w, https:\/\/www.greenpeace.org\/static\/planet4-colombia-stateless\/2025\/09\/14fc03a6-incendios-amazonas-brasil-20-\u00a9-nilmar-lage-greenpeace-510x340.jpg 510w\" sizes=\"auto, (max-width: 1024px) 100vw, 1024px\" \/><figcaption><div class=\"credit icon-left\"> \u00a9 Nilmar Lage \/ Greenpeace<\/div><\/figcaption><\/figure>\n\n<p>La <strong>Amazonia colombiana<\/strong> durante el a\u00f1o pasado <strong>perdi\u00f3 77.124 hect\u00e1reas de selva<\/strong>, lo que revela un aumento considerable respecto a 2023 (<a href=\"https:\/\/www.ideam.gov.co\/sites\/default\/files\/prensa\/boletines\/2025-07-31\/resumen_ejecutivo_cifra_defo_2024_smbyc_0.pdf\" target=\"_blank\" rel=\"noreferrer noopener\">44.274 hect\u00e1reas<\/a>) y similar a 2022 (<a href=\"https:\/\/www.ideam.gov.co\/sites\/default\/files\/transparencia\/informaciondelaentidad\/noticias\/ppt_rueda_de_prensa_deforestacion_2024_codigos_qr.pdf\" target=\"_blank\" rel=\"noreferrer noopener\">71.185 hect\u00e1reas<\/a>). Es el 68% del total de la deforestaci\u00f3n del pa\u00eds en 2024.<\/p>\n\n<h4 class=\"wp-block-heading has-grey-200-background-color has-background\"><strong>La deforestaci\u00f3n, la degradaci\u00f3n y la transformaci\u00f3n de selva en sabana tropical nos acercan a un escenario donde este ecosistema ya no capture carbono, sino que lo emita, agravando la crisis clim\u00e1tica.<\/strong><\/h4>\n\n<h3 class=\"wp-block-heading\">\u00bfQui\u00e9nes est\u00e1n detr\u00e1s? <\/h3>\n\n<figure class=\"wp-block-image aligncenter size-large\"><img loading=\"lazy\" decoding=\"async\" width=\"1024\" height=\"684\" src=\"https:\/\/www.greenpeace.org\/static\/planet4-colombia-stateless\/2025\/09\/4b5ea669-gp1svben-1024x684.jpg\" alt=\"\" class=\"wp-image-16588\" srcset=\"https:\/\/www.greenpeace.org\/static\/planet4-colombia-stateless\/2025\/09\/4b5ea669-gp1svben-1024x684.jpg 1024w, https:\/\/www.greenpeace.org\/static\/planet4-colombia-stateless\/2025\/09\/4b5ea669-gp1svben-300x200.jpg 300w, https:\/\/www.greenpeace.org\/static\/planet4-colombia-stateless\/2025\/09\/4b5ea669-gp1svben-768x513.jpg 768w, https:\/\/www.greenpeace.org\/static\/planet4-colombia-stateless\/2025\/09\/4b5ea669-gp1svben-1536x1025.jpg 1536w, https:\/\/www.greenpeace.org\/static\/planet4-colombia-stateless\/2025\/09\/4b5ea669-gp1svben-2048x1367.jpg 2048w, https:\/\/www.greenpeace.org\/static\/planet4-colombia-stateless\/2025\/09\/4b5ea669-gp1svben-2046x1366.jpg 2046w, https:\/\/www.greenpeace.org\/static\/planet4-colombia-stateless\/2025\/09\/4b5ea669-gp1svben-510x340.jpg 510w\" sizes=\"auto, (max-width: 1024px) 100vw, 1024px\" \/><\/figure>\n\n<p>Las<strong> actividades extractivas y de transformaci\u00f3n del suelo<\/strong>, como parte de un modelo econ\u00f3mico que prioriza la ganancia inmediata sobre la vida, est\u00e1n provocando un da\u00f1o irreversible.<\/p>\n\n<p class=\"has-grey-200-background-color has-background\">Existen diversas formas de intervenci\u00f3n extractiva y agropecuarias que han contribuido significativamente a la deforestaci\u00f3n en la Amazon\u00eda colombiana: <strong>ganader\u00eda, agricultura, miner\u00eda, tala y explotaci\u00f3n de hidrocarburos.<\/strong><\/p>\n\n<p><\/p>\n","protected":false},"excerpt":{"rendered":"<p>El 38% de la Amazon\u00eda ya sufre alg\u00fan tipo de degradaci\u00f3n y el 17% ya ha sido deforestado. <\/p>\n","protected":false},"author":21,"featured_media":16515,"parent":0,"menu_order":0,"comment_status":"closed","ping_status":"closed","template":"","meta":{"ep_exclude_from_search":false,"p4_hide_page_title_checkbox":"","p4_title":"","p4_subtitle":"","p4_description":"","background_image_id":"","background_image":"","p4_button_title":"","p4_button_link":"","p4_button_link_checkbox":"","p4_og_title":"\u00bfC\u00f3mo afecta la deforestaci\u00f3n a la Amazon\u00eda?","p4_og_description":"El 38% de la Amazon\u00eda ya sufre alg\u00fan tipo de degradaci\u00f3n y el 17% ya ha sido deforestado. ","p4_og_image":"https:\/\/www.greenpeace.org\/static\/planet4-colombia-stateless\/2025\/09\/0ca44d25-incendios-amazonas-brasil-16-\u00a9-victor-moriyama-amazonia-en-chamas.jpg","p4_og_image_id":"16515","p4_seo_canonical_url":"","p4_campaign_name":"","p4_local_project":"","p4_basket_name":"","p4_department":"","footnotes":""},"categories":[2],"tags":[],"class_list":["post-16573","page","type-page","status-publish","has-post-thumbnail","hentry","category-bosques"],"_links":{"self":[{"href":"https:\/\/www.greenpeace.org\/colombia\/wp-json\/wp\/v2\/pages\/16573","targetHints":{"allow":["GET"]}}],"collection":[{"href":"https:\/\/www.greenpeace.org\/colombia\/wp-json\/wp\/v2\/pages"}],"about":[{"href":"https:\/\/www.greenpeace.org\/colombia\/wp-json\/wp\/v2\/types\/page"}],"author":[{"embeddable":true,"href":"https:\/\/www.greenpeace.org\/colombia\/wp-json\/wp\/v2\/users\/21"}],"replies":[{"embeddable":true,"href":"https:\/\/www.greenpeace.org\/colombia\/wp-json\/wp\/v2\/comments?post=16573"}],"version-history":[{"count":3,"href":"https:\/\/www.greenpeace.org\/colombia\/wp-json\/wp\/v2\/pages\/16573\/revisions"}],"predecessor-version":[{"id":16593,"href":"https:\/\/www.greenpeace.org\/colombia\/wp-json\/wp\/v2\/pages\/16573\/revisions\/16593"}],"wp:featuredmedia":[{"embeddable":true,"href":"https:\/\/www.greenpeace.org\/colombia\/wp-json\/wp\/v2\/media\/16515"}],"wp:attachment":[{"href":"https:\/\/www.greenpeace.org\/colombia\/wp-json\/wp\/v2\/media?parent=16573"}],"wp:term":[{"taxonomy":"category","embeddable":true,"href":"https:\/\/www.greenpeace.org\/colombia\/wp-json\/wp\/v2\/categories?post=16573"},{"taxonomy":"post_tag","embeddable":true,"href":"https:\/\/www.greenpeace.org\/colombia\/wp-json\/wp\/v2\/tags?post=16573"}],"curies":[{"name":"wp","href":"https:\/\/api.w.org\/{rel}","templated":true}]}}