{"id":16583,"date":"2025-09-15T19:59:11","date_gmt":"2025-09-15T19:59:11","guid":{"rendered":"https:\/\/www.greenpeace.org\/colombia\/?page_id=16583"},"modified":"2025-12-01T20:49:43","modified_gmt":"2025-12-01T20:49:43","slug":"cuales-son-las-soluciones-para-la-amazonia","status":"publish","type":"page","link":"https:\/\/www.greenpeace.org\/colombia\/cuales-son-las-soluciones-para-la-amazonia\/","title":{"rendered":"\u00bfCu\u00e1les son las soluciones para la Amazon\u00eda?"},"content":{"rendered":"\n<figure class=\"wp-block-image size-large\"><img loading=\"lazy\" decoding=\"async\" width=\"1024\" height=\"683\" src=\"https:\/\/www.greenpeace.org\/static\/planet4-colombia-stateless\/2025\/09\/82d049e2-amazonas-brasil-rainbow-warrior-gp03ti9-\u00a9-rodrigo-baleia-greenpeace-1024x683.jpg\" alt=\"\" class=\"wp-image-16490\" srcset=\"https:\/\/www.greenpeace.org\/static\/planet4-colombia-stateless\/2025\/09\/82d049e2-amazonas-brasil-rainbow-warrior-gp03ti9-\u00a9-rodrigo-baleia-greenpeace-1024x683.jpg 1024w, https:\/\/www.greenpeace.org\/static\/planet4-colombia-stateless\/2025\/09\/82d049e2-amazonas-brasil-rainbow-warrior-gp03ti9-\u00a9-rodrigo-baleia-greenpeace-300x200.jpg 300w, https:\/\/www.greenpeace.org\/static\/planet4-colombia-stateless\/2025\/09\/82d049e2-amazonas-brasil-rainbow-warrior-gp03ti9-\u00a9-rodrigo-baleia-greenpeace-768x512.jpg 768w, https:\/\/www.greenpeace.org\/static\/planet4-colombia-stateless\/2025\/09\/82d049e2-amazonas-brasil-rainbow-warrior-gp03ti9-\u00a9-rodrigo-baleia-greenpeace-1536x1024.jpg 1536w, https:\/\/www.greenpeace.org\/static\/planet4-colombia-stateless\/2025\/09\/82d049e2-amazonas-brasil-rainbow-warrior-gp03ti9-\u00a9-rodrigo-baleia-greenpeace-2048x1366.jpg 2048w, https:\/\/www.greenpeace.org\/static\/planet4-colombia-stateless\/2025\/09\/82d049e2-amazonas-brasil-rainbow-warrior-gp03ti9-\u00a9-rodrigo-baleia-greenpeace-510x340.jpg 510w\" sizes=\"auto, (max-width: 1024px) 100vw, 1024px\" \/><figcaption><div class=\"credit icon-left\"> \u00a9 Rodrigo Baleia \/ Greenpeace<\/div><\/figcaption><\/figure>\n\n<p>Necesitamos pasar de los discursos a las decisiones. <\/p>\n\n<p>No basta con proteger hect\u00e1reas, hay que <strong>garantizar gobernanza, soberan\u00eda territorial y oportunidades dignas para quienes han protegido la Amazon\u00eda durante siglos<\/strong><\/p>\n\n<p>Desde Greenpeace creemos que <strong>la \u00fanica salida es un Plan de Acci\u00f3n real, concreto y vinculante<\/strong>, que asegure que el compromiso global de detener la deforestaci\u00f3n en 2030 se cumpla<\/p>\n\n<h3 class=\"wp-block-heading\"><strong>1. Un plan vinculante para detener la deforestaci\u00f3n en 2030<\/strong><\/h3>\n\n<ul class=\"wp-block-list\">\n<li>Que incluya trazabilidad clara sobre la conservaci\u00f3n y restauraci\u00f3n de bosques.<\/li>\n\n\n\n<li>Con mecanismos de cumplimiento y sanci\u00f3n para quienes incumplan.<\/li>\n\n\n\n<li>Que est\u00e9 alineado con los compromisos clim\u00e1ticos internacionales (NDCs, GBF, etc.).<\/li>\n<\/ul>\n\n<h3 class=\"wp-block-heading\"><strong>2. Finanzas clim\u00e1ticas justas y directas<\/strong><\/h3>\n\n<ul class=\"wp-block-list\">\n<li>M\u00e1s recursos para soluciones basadas en bosques.<\/li>\n\n\n\n<li>Acceso directo al financiamiento para pueblos ind\u00edgenas, comunidades afrodescendientes y locales, quienes han protegido estos ecosistemas por siglos.<\/li>\n\n\n\n<li>Garantizar que el dinero llegue a quienes realmente cuidan y defienden la Amazon\u00eda.<\/li>\n<\/ul>\n\n<h3 class=\"wp-block-heading\"><strong>3. Sinergias entre clima y biodiversidad<\/strong><\/h3>\n\n<ul class=\"wp-block-list\">\n<li>Un plan de trabajo conjunto entre las convenciones de cambio clim\u00e1tico (CMNUCC), biodiversidad (CDB) y lucha contra la desertificaci\u00f3n (CNULD).<\/li>\n\n\n\n<li>Reconocer el rol de la Amazon\u00eda como ecosistema clave para mitigar emisiones, proteger especies y sostener medios de vida.<\/li>\n<\/ul>\n\n<h3 class=\"wp-block-heading has-text-align-center\">Qu\u00e9 sucedi\u00f3 en la #COP30?<\/h3>\n\n<p>Lo que empez\u00f3 con esperanza termin\u00f3 sin las acciones concretas necesarias para responder a la crisis clim\u00e1tica. <strong>La COP30, la primera celebrada en plena Amazon\u00eda, no logr\u00f3 acordar una hoja de ruta para poner fin a la destrucci\u00f3n de los bosques ni para transicionar fuera de los combustibles f\u00f3siles, dos pilares indispensables para mantener vivo el l\u00edmite de aumento de temperaturas bajo los 1.5\u00b0C.<\/strong><\/p>\n\n<p><strong>El resultado final tampoco incluy\u00f3 un Plan Global de Respuesta para cerrar la brecha de ambici\u00f3n clim\u00e1tica reflejada en los planes nacionales para el 2035<\/strong>, y se enmarc\u00f3 en contribuciones voluntarias de pa\u00edses ricos en materia de financiamiento para apoyar a los pa\u00edses en desarrollo frente a los impactos crecientes de la crisis. Sin embargo, esto no es suficiente. La cumbre cerr\u00f3 luego de una objeci\u00f3n planteada por Colombia, otros pa\u00edses latinoamericanos y Canad\u00e1, quienes cuestionaron la falta de avances reales en mitigaci\u00f3n y la ausencia de una respuesta acorde con la urgencia clim\u00e1tica.<\/p>\n\n<p>\u201cLa COP30, celebrada en el coraz\u00f3n de la Amazon\u00eda, ignor\u00f3 la urgencia de protegerla. <strong>Se bloque\u00f3 un plan para detener la deforestaci\u00f3n a 2030 y para transicionar fuera de los combustibles f\u00f3siles, pese al apoyo mayoritario. M\u00e1s de 80 pa\u00edses apoyaron esa transici\u00f3n y cerca de 90 respaldaron un plan global contra la deforestaci\u00f3n. <\/strong>Esto demuestra que la mayor\u00eda de pa\u00edses ya entiende que esto es esencial\u201d,\u00a0asegur\u00f3 Laura Caicedo Valencia, coordinadora de campa\u00f1as de Greenpeace Colombia.<\/p>\n\n<p>Pero para convertir ese consenso en decisiones reales se necesita m\u00e1s ambici\u00f3n de los pa\u00edses ricos, mayor participaci\u00f3n de sociedad civil y pueblos ind\u00edgenas y menos lobistas de la industria f\u00f3sil dentro de las negociaciones: L<strong>a COP30 mostr\u00f3 una desconexi\u00f3n profunda entre lo que las personas exigen en las calles. Hoy m\u00e1s que nunca necesitamos resistir, alzar la voz y exigir una renovaci\u00f3n profunda de este proceso<\/strong>\u201d,\u00a0dijo Caicedo Valencia.\u00a0<\/p>\n\n<p class=\"has-grey-200-background-color has-background\"><strong>Fuera de las salas de negociaci\u00f3n, la COP30 estuvo marcada por la movilizaci\u00f3n social m\u00e1s grande que haya recibido una COP en la Amazon\u00eda: m\u00e1s de 50.000 personas marcharon en Bel\u00e9m exigiendo acciones reales para proteger los bosques, reducir las emisiones y enfrentar la crisis clim\u00e1tica. Los pueblos ind\u00edgenas, cuyo rol es fundamental para la protecci\u00f3n de los ecosistemas, tuvieron una participaci\u00f3n hist\u00f3rica que contribuy\u00f3 al avance en la demarcaci\u00f3n de catorce territorios en Brasil, cuatro de ellos en su etapa final, asegurando m\u00e1s de 2.4 millones de hect\u00e1reas para pueblos originarios.<\/strong><\/p>\n\n<p>La llamada \u201cCOP de la implementaci\u00f3n y de la verdad\u201d termin\u00f3 dejando resultados d\u00e9biles&nbsp; y voluntarios como la \u201cBel\u00e9m misi\u00f3n 1.5\u201d y postergando decisiones clave para proteger los bosques, avanzar en la eliminaci\u00f3n progresiva de los combustibles f\u00f3siles y garantizar financiamiento real.&nbsp;<\/p>\n\n<p>\u201c<strong>Se perdi\u00f3 una oportunidad hist\u00f3rica para convertir en acci\u00f3n los compromisos ya alcanzados en cumbres anteriores. <\/strong>Las negociaciones deber\u00e1n continuar en 2026. Aun as\u00ed, hoy m\u00e1s que nunca es indispensable fortalecer el multilateralismo y estos espacios globales: son los \u00fanicos donde todos los pa\u00edses se sientan a la misma mesa y donde la sociedad civil, academia, pueblos ind\u00edgenas y comunidades locales pueden incidir\u201d, agreg\u00f3<strong>\u00a0<\/strong>Caicedo.<strong>\u00a0<\/strong><\/p>\n\n<h2 class=\"wp-block-heading\"><strong>Desde Greenpeace Colombia<\/strong><\/h2>\n\n<figure class=\"wp-block-image size-large\"><img loading=\"lazy\" decoding=\"async\" width=\"1024\" height=\"683\" src=\"https:\/\/www.greenpeace.org\/static\/planet4-colombia-stateless\/2025\/09\/61a5fdc1-rainbow-warrior-iii-en-cartagena-04-\u00a9-diana-rey-melo-greenpeace-1024x683.jpg\" alt=\"\" class=\"wp-image-16540\" srcset=\"https:\/\/www.greenpeace.org\/static\/planet4-colombia-stateless\/2025\/09\/61a5fdc1-rainbow-warrior-iii-en-cartagena-04-\u00a9-diana-rey-melo-greenpeace-1024x683.jpg 1024w, https:\/\/www.greenpeace.org\/static\/planet4-colombia-stateless\/2025\/09\/61a5fdc1-rainbow-warrior-iii-en-cartagena-04-\u00a9-diana-rey-melo-greenpeace-300x200.jpg 300w, https:\/\/www.greenpeace.org\/static\/planet4-colombia-stateless\/2025\/09\/61a5fdc1-rainbow-warrior-iii-en-cartagena-04-\u00a9-diana-rey-melo-greenpeace-768x512.jpg 768w, https:\/\/www.greenpeace.org\/static\/planet4-colombia-stateless\/2025\/09\/61a5fdc1-rainbow-warrior-iii-en-cartagena-04-\u00a9-diana-rey-melo-greenpeace-1536x1024.jpg 1536w, https:\/\/www.greenpeace.org\/static\/planet4-colombia-stateless\/2025\/09\/61a5fdc1-rainbow-warrior-iii-en-cartagena-04-\u00a9-diana-rey-melo-greenpeace-2048x1366.jpg 2048w, https:\/\/www.greenpeace.org\/static\/planet4-colombia-stateless\/2025\/09\/61a5fdc1-rainbow-warrior-iii-en-cartagena-04-\u00a9-diana-rey-melo-greenpeace-510x340.jpg 510w\" sizes=\"auto, (max-width: 1024px) 100vw, 1024px\" \/><figcaption class=\"wp-element-caption\">En la antesala de la Cumbre del Clima de Naciones Unidas (COP30) en Brasil, el Rainbow Warrior, uno de los barcos insignia de Greenpeace, llega a Colombia para amplificar la campa\u00f1a \u201cRespet\u00e1 la Amazon\u00eda\u201d y recordar que la selva no se negocia, se defiende.<\/figcaption><\/figure>\n\n<p>En nuestro pa\u00eds, uno de los m\u00e1s megadiversos del planeta, necesitamos&nbsp; impulsar medidas concretas para proteger nuestra Amazon\u00eda:<\/p>\n\n<ul class=\"wp-block-list\">\n<li><strong>Monitoreo independiente<\/strong> con sistemas satelitales y territoriales que generen datos abiertos y de calidad para la incidencia pol\u00edtica y la veedur\u00eda ciudadana.<\/li>\n\n\n\n<li><strong>Prohibici\u00f3n de hidrocarburos en la Amazon\u00eda<\/strong>, para que esta regi\u00f3n no siga pagando el precio de la dependencia a los combustibles f\u00f3siles.<\/li>\n\n\n\n<li><strong>Promover soluciones forestales desde comunidades locales,<\/strong> trabajando con aliados en la regi\u00f3n para que la Amazon\u00eda sea reconocida como un eje central de la justicia clim\u00e1tica y social<\/li>\n<\/ul>\n\n<p><\/p>\n","protected":false},"excerpt":{"rendered":"<p>Necesitamos pasar de los discursos a las decisiones. Que Colombia llegue a la COP30 con una agenda clara: frenar la deforestaci\u00f3n y financiar a quienes cuidan el bosque<\/p>\n","protected":false},"author":21,"featured_media":16528,"parent":0,"menu_order":0,"comment_status":"closed","ping_status":"closed","template":"","meta":{"ep_exclude_from_search":false,"p4_hide_page_title_checkbox":"","p4_title":"","p4_subtitle":"","p4_description":"","background_image_id":"","background_image":"","p4_button_title":"","p4_button_link":"","p4_button_link_checkbox":"","p4_og_title":"\u00bfCu\u00e1les son las soluciones para la Amazon\u00eda?","p4_og_description":"Necesitamos pasar de los discursos a las decisiones. Que Colombia llegue a la COP30 con una agenda clara: frenar la deforestaci\u00f3n y financiar a quienes cuidan el bosque","p4_og_image":"https:\/\/www.greenpeace.org\/static\/planet4-colombia-stateless\/2025\/09\/4757f693-rainbow-warrior-iii-en-cartagena-02-\u00a9-diana-rey-melo-greenpeace-scaled.jpg","p4_og_image_id":"16528","p4_seo_canonical_url":"","p4_campaign_name":"","p4_local_project":"","p4_basket_name":"","p4_department":"","footnotes":""},"categories":[],"tags":[],"class_list":["post-16583","page","type-page","status-publish","has-post-thumbnail","hentry"],"_links":{"self":[{"href":"https:\/\/www.greenpeace.org\/colombia\/wp-json\/wp\/v2\/pages\/16583","targetHints":{"allow":["GET"]}}],"collection":[{"href":"https:\/\/www.greenpeace.org\/colombia\/wp-json\/wp\/v2\/pages"}],"about":[{"href":"https:\/\/www.greenpeace.org\/colombia\/wp-json\/wp\/v2\/types\/page"}],"author":[{"embeddable":true,"href":"https:\/\/www.greenpeace.org\/colombia\/wp-json\/wp\/v2\/users\/21"}],"replies":[{"embeddable":true,"href":"https:\/\/www.greenpeace.org\/colombia\/wp-json\/wp\/v2\/comments?post=16583"}],"version-history":[{"count":3,"href":"https:\/\/www.greenpeace.org\/colombia\/wp-json\/wp\/v2\/pages\/16583\/revisions"}],"predecessor-version":[{"id":17004,"href":"https:\/\/www.greenpeace.org\/colombia\/wp-json\/wp\/v2\/pages\/16583\/revisions\/17004"}],"wp:featuredmedia":[{"embeddable":true,"href":"https:\/\/www.greenpeace.org\/colombia\/wp-json\/wp\/v2\/media\/16528"}],"wp:attachment":[{"href":"https:\/\/www.greenpeace.org\/colombia\/wp-json\/wp\/v2\/media?parent=16583"}],"wp:term":[{"taxonomy":"category","embeddable":true,"href":"https:\/\/www.greenpeace.org\/colombia\/wp-json\/wp\/v2\/categories?post=16583"},{"taxonomy":"post_tag","embeddable":true,"href":"https:\/\/www.greenpeace.org\/colombia\/wp-json\/wp\/v2\/tags?post=16583"}],"curies":[{"name":"wp","href":"https:\/\/api.w.org\/{rel}","templated":true}]}}